{"id":15778,"date":"2019-05-16T13:46:32","date_gmt":"2019-05-16T13:46:32","guid":{"rendered":"https:\/\/firstbasegroundscrews.com\/suruburi-de-fundatie-de-inalta-calitatepentru-fundatii-solide\/"},"modified":"2026-04-10T12:47:43","modified_gmt":"2026-04-10T12:47:43","slug":"suruburi-de-fundatie-de-inalta-calitatepentru-fundatii-solide","status":"publish","type":"page","link":"https:\/\/firstbasegroundscrews.com\/ro\/","title":{"rendered":"\u0218uruburi de funda\u021bie de \u00eenalt\u0103 calitate pentru funda\u021bii solide"},"content":{"rendered":"\n<h2 class=\"wp-block-heading\"><strong>De ce FIRST BASE Ground Screws? <\/strong> <\/h2>\n\n\n\n<p>C\u0103uta\u021bi o funda\u021bie simpl\u0103, dar solid\u0103 pentru proiectul dumneavoastr\u0103? FIRST BASE Ground Screws sunt cea mai bun\u0103 alegere pentru a instala o funda\u021bie pentru construc\u021bia dumneavoastr\u0103 f\u0103r\u0103 utilizarea betonului. Simplu, dar solid. <\/p>\n\n\n\n<p>Beneficiile dumneavoastr\u0103:<\/p>\n\n\n\n<ul class=\"wp-block-list\">\n<li>Capacitate portant\u0103 ridicat\u0103 <\/li>\n\n\n\n<li>U\u0219or de instalat (rapid)<\/li>\n\n\n\n<li>F\u0103r\u0103 s\u0103p\u0103turi, f\u0103r\u0103 beton <\/li>\n\n\n\n<li>Potrivit pentru orice tip de sol <\/li>\n<\/ul>\n\n\n\n<h3 class=\"wp-block-heading\">Ce tip s\u0103 alege\u021bi? <\/h3>\n\n\n\n<div class=\"wp-block-buttons is-layout-flex wp-block-buttons-is-layout-flex\">\n<div class=\"wp-block-button\"><a class=\"wp-block-button__link wp-element-button\" href=\"https:\/\/firstbasegroundscrews.com\/ro\/calculator-suruburi-de-fundament\/\">Calculeaz\u0103 aici<\/a><\/div>\n<\/div>\n\n\n\n<p><\/p>\n","protected":false},"excerpt":{"rendered":"De ce FIRST BASE Ground Screws? C\u0103uta\u021bi o funda\u021bie simpl\u0103, dar solid\u0103 pentru proiectul dumneavoastr\u0103? FIRST BASE Ground Screws sunt cea mai bun\u0103 alegere pentru a instala o funda\u021bie pentru construc\u021bia dumneavoastr\u0103 f\u0103r\u0103 utilizarea betonului. Simplu, dar solid. Beneficiile dumneavoastr\u0103: Ce tip s\u0103 alege\u021bi?","protected":false},"author":1,"featured_media":15757,"parent":0,"menu_order":0,"comment_status":"closed","ping_status":"closed","template":"","meta":{"_acf_changed":false,"footnotes":""},"class_list":["post-15778","page","type-page","status-publish","has-post-thumbnail","hentry"],"acf":[],"yoast_head":"<!-- This site is optimized with the Yoast SEO plugin v27.3 - https:\/\/yoast.com\/product\/yoast-seo-wordpress\/ -->\n<title>Funda\u021bii solide - FIRST BASE Ground Screws<\/title>\n<meta name=\"description\" content=\"O modalitate u\u0219oar\u0103, durabil\u0103 \u0219i rentabil\u0103 de a instala funda\u021bii solide pentru construc\u021biile dumneavoastr\u0103. FIRST BASE Ground Screws.\" \/>\n<meta name=\"robots\" content=\"index, follow, max-snippet:-1, max-image-preview:large, max-video-preview:-1\" \/>\n<link rel=\"canonical\" href=\"https:\/\/firstbasegroundscrews.com\/ro\/\" \/>\n<meta property=\"og:locale\" content=\"ro_RO\" \/>\n<meta property=\"og:type\" content=\"article\" \/>\n<meta property=\"og:title\" content=\"Funda\u021bii solide - FIRST BASE Ground Screws\" \/>\n<meta property=\"og:description\" content=\"O modalitate u\u0219oar\u0103, durabil\u0103 \u0219i rentabil\u0103 de a instala funda\u021bii solide pentru construc\u021biile dumneavoastr\u0103. FIRST BASE Ground Screws.\" \/>\n<meta property=\"og:url\" content=\"https:\/\/firstbasegroundscrews.com\/ro\/\" \/>\n<meta property=\"og:site_name\" content=\"FIRST BASE Ground Screws\" \/>\n<meta property=\"article:modified_time\" content=\"2026-04-10T12:47:43+00:00\" \/>\n<meta property=\"og:image\" content=\"https:\/\/firstbasegroundscrews.com\/wp-content\/uploads\/2020\/07\/FIRST-BASE-DO-IT-YOURSELF-scaled-e1594974702289.jpg\" \/>\n\t<meta property=\"og:image:width\" content=\"2105\" \/>\n\t<meta property=\"og:image:height\" content=\"1344\" \/>\n\t<meta property=\"og:image:type\" content=\"image\/jpeg\" \/>\n<meta name=\"twitter:card\" content=\"summary_large_image\" \/>\n<meta name=\"twitter:label1\" content=\"Timp estimat pentru citire\" \/>\n\t<meta name=\"twitter:data1\" content=\"1 minut\" \/>\n<script type=\"application\/ld+json\" class=\"yoast-schema-graph\">{\"@context\":\"https:\\\/\\\/schema.org\",\"@graph\":[{\"@type\":\"WebPage\",\"@id\":\"https:\\\/\\\/firstbasegroundscrews.com\\\/ro\\\/\",\"url\":\"https:\\\/\\\/firstbasegroundscrews.com\\\/ro\\\/\",\"name\":\"Funda\u021bii solide - FIRST BASE Ground Screws\",\"isPartOf\":{\"@id\":\"https:\\\/\\\/firstbasegroundscrews.com\\\/ro\\\/#website\"},\"primaryImageOfPage\":{\"@id\":\"https:\\\/\\\/firstbasegroundscrews.com\\\/ro\\\/#primaryimage\"},\"image\":{\"@id\":\"https:\\\/\\\/firstbasegroundscrews.com\\\/ro\\\/#primaryimage\"},\"thumbnailUrl\":\"https:\\\/\\\/firstbasegroundscrews.com\\\/wp-content\\\/uploads\\\/2020\\\/07\\\/FIRST-BASE-DO-IT-YOURSELF-scaled-e1594974702289.jpg\",\"datePublished\":\"2019-05-16T13:46:32+00:00\",\"dateModified\":\"2026-04-10T12:47:43+00:00\",\"description\":\"O modalitate u\u0219oar\u0103, durabil\u0103 \u0219i rentabil\u0103 de a instala funda\u021bii solide pentru construc\u021biile dumneavoastr\u0103. FIRST BASE Ground Screws.\",\"breadcrumb\":{\"@id\":\"https:\\\/\\\/firstbasegroundscrews.com\\\/ro\\\/#breadcrumb\"},\"inLanguage\":\"ro-RO\",\"potentialAction\":[{\"@type\":\"ReadAction\",\"target\":[\"https:\\\/\\\/firstbasegroundscrews.com\\\/ro\\\/\"]}]},{\"@type\":\"ImageObject\",\"inLanguage\":\"ro-RO\",\"@id\":\"https:\\\/\\\/firstbasegroundscrews.com\\\/ro\\\/#primaryimage\",\"url\":\"https:\\\/\\\/firstbasegroundscrews.com\\\/wp-content\\\/uploads\\\/2020\\\/07\\\/FIRST-BASE-DO-IT-YOURSELF-scaled-e1594974702289.jpg\",\"contentUrl\":\"https:\\\/\\\/firstbasegroundscrews.com\\\/wp-content\\\/uploads\\\/2020\\\/07\\\/FIRST-BASE-DO-IT-YOURSELF-scaled-e1594974702289.jpg\",\"width\":2105,\"height\":1344},{\"@type\":\"BreadcrumbList\",\"@id\":\"https:\\\/\\\/firstbasegroundscrews.com\\\/ro\\\/#breadcrumb\",\"itemListElement\":[{\"@type\":\"ListItem\",\"position\":1,\"name\":\"Home\",\"item\":\"https:\\\/\\\/firstbasegroundscrews.com\\\/ro\\\/\"},{\"@type\":\"ListItem\",\"position\":2,\"name\":\"\u0218uruburi de funda\u021bie de \u00eenalt\u0103 calitate pentru funda\u021bii solide\"}]},{\"@type\":\"WebSite\",\"@id\":\"https:\\\/\\\/firstbasegroundscrews.com\\\/ro\\\/#website\",\"url\":\"https:\\\/\\\/firstbasegroundscrews.com\\\/ro\\\/\",\"name\":\"FIRST BASE Ground Screws\",\"description\":\"High quality ground screws for solid foundations\",\"potentialAction\":[{\"@type\":\"SearchAction\",\"target\":{\"@type\":\"EntryPoint\",\"urlTemplate\":\"https:\\\/\\\/firstbasegroundscrews.com\\\/ro\\\/?s={search_term_string}\"},\"query-input\":{\"@type\":\"PropertyValueSpecification\",\"valueRequired\":true,\"valueName\":\"search_term_string\"}}],\"inLanguage\":\"ro-RO\"}]}<\/script>\n<!-- \/ Yoast SEO plugin. -->","yoast_head_json":{"title":"Funda\u021bii solide - FIRST BASE Ground Screws","description":"O modalitate u\u0219oar\u0103, durabil\u0103 \u0219i rentabil\u0103 de a instala funda\u021bii solide pentru construc\u021biile dumneavoastr\u0103. FIRST BASE Ground Screws.","robots":{"index":"index","follow":"follow","max-snippet":"max-snippet:-1","max-image-preview":"max-image-preview:large","max-video-preview":"max-video-preview:-1"},"canonical":"https:\/\/firstbasegroundscrews.com\/ro\/","og_locale":"ro_RO","og_type":"article","og_title":"Funda\u021bii solide - FIRST BASE Ground Screws","og_description":"O modalitate u\u0219oar\u0103, durabil\u0103 \u0219i rentabil\u0103 de a instala funda\u021bii solide pentru construc\u021biile dumneavoastr\u0103. FIRST BASE Ground Screws.","og_url":"https:\/\/firstbasegroundscrews.com\/ro\/","og_site_name":"FIRST BASE Ground Screws","article_modified_time":"2026-04-10T12:47:43+00:00","og_image":[{"width":2105,"height":1344,"url":"https:\/\/firstbasegroundscrews.com\/wp-content\/uploads\/2020\/07\/FIRST-BASE-DO-IT-YOURSELF-scaled-e1594974702289.jpg","type":"image\/jpeg"}],"twitter_card":"summary_large_image","twitter_misc":{"Timp estimat pentru citire":"1 minut"},"schema":{"@context":"https:\/\/schema.org","@graph":[{"@type":"WebPage","@id":"https:\/\/firstbasegroundscrews.com\/ro\/","url":"https:\/\/firstbasegroundscrews.com\/ro\/","name":"Funda\u021bii solide - FIRST BASE Ground Screws","isPartOf":{"@id":"https:\/\/firstbasegroundscrews.com\/ro\/#website"},"primaryImageOfPage":{"@id":"https:\/\/firstbasegroundscrews.com\/ro\/#primaryimage"},"image":{"@id":"https:\/\/firstbasegroundscrews.com\/ro\/#primaryimage"},"thumbnailUrl":"https:\/\/firstbasegroundscrews.com\/wp-content\/uploads\/2020\/07\/FIRST-BASE-DO-IT-YOURSELF-scaled-e1594974702289.jpg","datePublished":"2019-05-16T13:46:32+00:00","dateModified":"2026-04-10T12:47:43+00:00","description":"O modalitate u\u0219oar\u0103, durabil\u0103 \u0219i rentabil\u0103 de a instala funda\u021bii solide pentru construc\u021biile dumneavoastr\u0103. FIRST BASE Ground Screws.","breadcrumb":{"@id":"https:\/\/firstbasegroundscrews.com\/ro\/#breadcrumb"},"inLanguage":"ro-RO","potentialAction":[{"@type":"ReadAction","target":["https:\/\/firstbasegroundscrews.com\/ro\/"]}]},{"@type":"ImageObject","inLanguage":"ro-RO","@id":"https:\/\/firstbasegroundscrews.com\/ro\/#primaryimage","url":"https:\/\/firstbasegroundscrews.com\/wp-content\/uploads\/2020\/07\/FIRST-BASE-DO-IT-YOURSELF-scaled-e1594974702289.jpg","contentUrl":"https:\/\/firstbasegroundscrews.com\/wp-content\/uploads\/2020\/07\/FIRST-BASE-DO-IT-YOURSELF-scaled-e1594974702289.jpg","width":2105,"height":1344},{"@type":"BreadcrumbList","@id":"https:\/\/firstbasegroundscrews.com\/ro\/#breadcrumb","itemListElement":[{"@type":"ListItem","position":1,"name":"Home","item":"https:\/\/firstbasegroundscrews.com\/ro\/"},{"@type":"ListItem","position":2,"name":"\u0218uruburi de funda\u021bie de \u00eenalt\u0103 calitate pentru funda\u021bii solide"}]},{"@type":"WebSite","@id":"https:\/\/firstbasegroundscrews.com\/ro\/#website","url":"https:\/\/firstbasegroundscrews.com\/ro\/","name":"FIRST BASE Ground Screws","description":"High quality ground screws for solid foundations","potentialAction":[{"@type":"SearchAction","target":{"@type":"EntryPoint","urlTemplate":"https:\/\/firstbasegroundscrews.com\/ro\/?s={search_term_string}"},"query-input":{"@type":"PropertyValueSpecification","valueRequired":true,"valueName":"search_term_string"}}],"inLanguage":"ro-RO"}]}},"_links":{"self":[{"href":"https:\/\/firstbasegroundscrews.com\/ro\/wp-json\/wp\/v2\/pages\/15778","targetHints":{"allow":["GET"]}}],"collection":[{"href":"https:\/\/firstbasegroundscrews.com\/ro\/wp-json\/wp\/v2\/pages"}],"about":[{"href":"https:\/\/firstbasegroundscrews.com\/ro\/wp-json\/wp\/v2\/types\/page"}],"author":[{"embeddable":true,"href":"https:\/\/firstbasegroundscrews.com\/ro\/wp-json\/wp\/v2\/users\/1"}],"replies":[{"embeddable":true,"href":"https:\/\/firstbasegroundscrews.com\/ro\/wp-json\/wp\/v2\/comments?post=15778"}],"version-history":[{"count":5,"href":"https:\/\/firstbasegroundscrews.com\/ro\/wp-json\/wp\/v2\/pages\/15778\/revisions"}],"predecessor-version":[{"id":16712,"href":"https:\/\/firstbasegroundscrews.com\/ro\/wp-json\/wp\/v2\/pages\/15778\/revisions\/16712"}],"wp:featuredmedia":[{"embeddable":true,"href":"https:\/\/firstbasegroundscrews.com\/ro\/wp-json\/wp\/v2\/media\/15757"}],"wp:attachment":[{"href":"https:\/\/firstbasegroundscrews.com\/ro\/wp-json\/wp\/v2\/media?parent=15778"}],"curies":[{"name":"wp","href":"https:\/\/api.w.org\/{rel}","templated":true}]}}