{"id":15776,"date":"2021-06-24T09:13:06","date_gmt":"2021-06-24T09:13:06","guid":{"rendered":"https:\/\/firstbasegroundscrews.com\/politica-de-confidentialitate\/"},"modified":"2026-03-10T13:04:34","modified_gmt":"2026-03-10T13:04:34","slug":"politica-de-confidentialitate","status":"publish","type":"page","link":"https:\/\/firstbasegroundscrews.com\/ro\/politica-de-confidentialitate\/","title":{"rendered":"Politica de confiden\u021bialitate"},"content":{"rendered":"\n<p>Politica de confiden\u021bialitate de mai jos se aplic\u0103 tuturor vizitelor pe site, tranzac\u021biilor \u0219i acordurilor cu FIRST BASE Ground Screws International B.V. (denumit\u0103 \u00een continuare FIRST BASE Ground Screws), Liessentstraat 9a, 5405 AH Uden, \u021a\u0103rile de Jos.<\/p>\n\n<h3 class=\"wp-block-heading\">Datele cu caracter personal pe care le prelucr\u0103m<\/h3>\n\n<p>FIRST BASE Ground Screws poate prelucra datele dumneavoastr\u0103 cu caracter personal deoarece utiliza\u021bi serviciile FIRST BASE Ground Screws \u0219i\/sau deoarece le partaja\u021bi prin completarea detaliilor dumneavoastr\u0103 pe site-ul nostru web.<\/p>\n\n<p>Datele cu caracter personal care pot fi prelucrate la FIRST BASE Ground Screws:<\/p>\n\n<ul class=\"wp-block-list\" id=\"block-e3def86d-ec05-419b-9ad1-f4e6f74594a0\"><li>Numele \u0219i prenumele dumneavoastr\u0103<\/li><li>Adresa dumneavoastr\u0103<\/li><li>Localitatea dumneavoastr\u0103 de re\u0219edin\u021b\u0103<\/li><li>Num\u0103rul dumneavoastr\u0103 de telefon<\/li><li>Adresa dumneavoastr\u0103 de e-mail<\/li><li>Informa\u021bii suplimentare, dup\u0103 cum este necesar pentru serviciul specific pe care dori\u021bi s\u0103 \u00eel utiliza\u021bi.<\/li><\/ul>\n\n<p>Aceste informa\u021bii vor fi utilizate de noi numai \u00een scopul descris.<\/p>\n\n<h3 class=\"wp-block-heading\">Pentru ce are nevoie FIRST BASE Ground Screws de aceste informa\u021bii?<\/h3>\n\n<p>FIRST BASE Ground Screws prelucreaz\u0103 datele dumneavoastr\u0103 cu caracter personal pentru a v\u0103 putea contacta. At\u00e2t telefonic, c\u00e2t \u0219i \u00een scris (prin e-mail \u0219i\/sau prin po\u0219t\u0103). \u00cen plus, FIRST BASE Ground Screws poate utiliza datele dumneavoastr\u0103 cu caracter personal \u00een contextul execut\u0103rii unei sarcini, dac\u0103 a\u021bi fost de acord cu aceasta. De obicei, aceasta const\u0103 \u00een servicii conexe din punct de vedere tehnic.   <\/p>\n\n<h3 class=\"wp-block-heading\">C\u00e2t timp stocheaz\u0103 FIRST BASE Ground Screws datele dumneavoastr\u0103<\/h3>\n\n<p>Datele cu caracter personal nu pot fi p\u0103strate mai mult timp dec\u00e2t este necesar. Perioada de p\u0103strare depinde de scopul pentru care am primit sau colectat datele \u0219i de orice obliga\u021bii legale de stocare a datelor. Dac\u0103 ave\u021bi \u00eentreb\u0103ri \u00een acest sens, pute\u021bi contacta info@firstbasegroundscrews.com.  <\/p>\n\n<h3 class=\"wp-block-heading\">Partajarea cu ter\u021be p\u0103r\u021bi<\/h3>\n\n<p>Partaj\u0103m datele dumneavoastr\u0103 cu caracter personal cu partenerii de afaceri \u0219i cu ter\u021be p\u0103r\u021bi dac\u0103 acest lucru este necesar pentru executarea acordului \u0219i pentru a respecta orice obliga\u021bie legal\u0103. \u00cen alte cazuri, furniz\u0103m, de asemenea, datele dumneavoastr\u0103 cu caracter personal unor ter\u021be p\u0103r\u021bi, dar facem acest lucru numai cu permisiunea dumneavoastr\u0103. <\/p>\n\n<p>\u00cencheiem un acord de prelucrare cu companiile care prelucreaz\u0103 datele dumneavoastr\u0103 \u00een numele nostru pentru a garanta acela\u0219i nivel de securitate \u0219i pentru a proteja confiden\u021bialitatea datelor dumneavoastr\u0103. R\u0103m\u00e2nem responsabili pentru aceste opera\u021biuni. <\/p>\n\n<h3 class=\"wp-block-heading\">Google Analytics<\/h3>\n\n<p>FIRST BASE Ground Screws utilizeaz\u0103 Google Analytics pentru a mapa comportamentul utilizatorilor \u0219i pentru a vedea cum putem \u00eembun\u0103t\u0103\u021bi site-ul web. Informa\u021biile ob\u021binute, f\u0103r\u0103 adresa computerului dumneavoastr\u0103 (adresa IP este anonimizat\u0103), sunt criptate \u0219i transferate c\u0103tre Google printr-o conexiune securizat\u0103 \u0219i stocate de Google pe servere din Statele Unite. Pentru mai multe informa\u021bii despre politica de confiden\u021bialitate, v\u0103 rug\u0103m s\u0103 vizita\u021bi <a href=\"https:\/\/policies.google.com\/privacy\">site-ul Google<\/a>.  <\/p>\n\n<p>Google utilizeaz\u0103 aceste informa\u021bii pentru a urm\u0103ri modul \u00een care este utilizat site-ul nostru web, pentru a furniza rapoarte despre site-ul FIRST BASE Ground Screws \u0219i pentru a oferi advertiserilor informa\u021bii despre eficacitatea campaniilor. Partajarea datelor cu Google a fost dezactivat\u0103. Ca urmare, Google nu mai are acces la date. FIRST BASE Ground Screws nu a dat permisiunea Google de a utiliza informa\u021biile Analytics ob\u021binute prin intermediul FIRST BASE Ground Screws pentru alte servicii Google.   <\/p>\n\n<h3 class=\"wp-block-heading\">Cookie-uri<\/h3>\n\n<p>Cookie-urile sunt fi\u0219iere text mici care sunt stocate \u00een browserul sau pe hard disk-ul dispozitivului dumneavoastr\u0103 mobil sau al computerului atunci c\u00e2nd vizita\u021bi o pagin\u0103 web. Acestea pot include identificatori unici anonimi. FIRST BASE Ground Screws poate utiliza cookie-uri pentru a: m\u0103sura modul \u00een care este utilizat site-ul web, a v\u0103 oferi informa\u021bii personalizate, a m\u0103sura datele \u00een scopuri de marketing.   <\/p>\n\n<p>Tehnologiile de urm\u0103rire utilizate sunt Facebook Pixel, Conversion API (informa\u021bii directe de pe serverul dumneavoastr\u0103) \u0219i\/sau scripturi pentru a \u00eembun\u0103t\u0103\u021bi \u0219i analiza serviciul nostru \u0219i \u00een scopuri de marketing. Pute\u021bi instrui browserul dumneavoastr\u0103 s\u0103 refuze toate cookie-urile. Prin utilizarea site-ului nostru web, oferi\u021bi FIRST BASE Ground Screws permisiunea de a utiliza aceste tehnologii de urm\u0103rire.  <\/p>\n\n<h3 class=\"wp-block-heading\">Vizualizarea, ajustarea sau \u0219tergerea datelor<\/h3>\n\n<p>Vizitatorii site-ului FIRST BASE Ground Screws au dreptul de a-\u0219i vizualiza propriile date cu caracter personal, de a le corecta sau de a solicita eliminarea acestora. O cerere de acces, corectare sau \u0219tergere poate fi trimis\u0103 la info@firstbasegroundscrews.com. Vom r\u0103spunde la aceasta \u00een termen de 14 zile.  <\/p>\n\n<h3 class=\"wp-block-heading\">Cum securizeaz\u0103 FIRST BASE Ground Screws datele cu caracter personal<\/h3>\n\n<p>Lu\u0103m \u00een serios protec\u021bia datelor dumneavoastr\u0103 \u0219i asigur\u0103m m\u0103suri adecvate pentru a preveni abuzul, accesul neautorizat \u0219i alte probleme. De exemplu, site-ul FIRST BASE Ground Screws este prev\u0103zut cu un certificat SSL. Aceasta \u00eenseamn\u0103 c\u0103 tot traficul are loc printr-o conexiune securizat\u0103. Dac\u0103 considera\u021bi c\u0103 datele dumneavoastr\u0103 nu sunt securizate corespunz\u0103tor, v\u0103 rug\u0103m s\u0103 contacta\u021bi info@firstbasegroundscrews.com.    <\/p>\n\n<h3 class=\"wp-block-heading\">Contact<\/h3>\n\n<p>www.firstbasegroundscrews.com este un site web al FIRST BASE Ground Screws.<br\/>FIRST BASE Ground Screws poate fi contactat\u0103 folosind urm\u0103toarele detalii:<br\/>Adresa sediului: Liessentstraat 9a, 5405 AH Uden<br\/>Num\u0103r Camera de Comer\u021b Olandez\u0103: 78743168<br\/>Num\u0103r de telefon: <a href=\"tel:+31413700133\">+31 413 700 133<\/a><br\/>Adres\u0103 de e-mail: <a href=\"mailto:info@firstbasegroundscrews.com\">info@firstbasegroundscrews.com<\/a><\/p>\n","protected":false},"excerpt":{"rendered":"Politica de confiden\u021bialitate de mai jos se aplic\u0103 tuturor vizitelor pe site, tranzac\u021biilor \u0219i acordurilor cu FIRST BASE Ground Screws International B.V. (denumit\u0103 \u00een continuare FIRST BASE Ground Screws), Liessentstraat 9a, 5405 AH Uden, \u021a\u0103rile de Jos. Datele cu caracter personal pe care le prelucr\u0103m FIRST BASE Ground Screws poate prelucra datele dumneavoastr\u0103 cu caracter [&hellip;]","protected":false},"author":1,"featured_media":15787,"parent":0,"menu_order":0,"comment_status":"closed","ping_status":"closed","template":"","meta":{"_acf_changed":false,"footnotes":""},"class_list":["post-15776","page","type-page","status-publish","has-post-thumbnail","hentry"],"acf":[],"yoast_head":"<!-- This site is optimized with the Yoast SEO plugin v27.3 - https:\/\/yoast.com\/product\/yoast-seo-wordpress\/ -->\n<title>Politica de confiden\u021bialitate - FIRST BASE Ground Screws<\/title>\n<meta name=\"description\" content=\"Politica de confiden\u021bialitate de mai jos se aplic\u0103 tuturor vizitelor pe site, tranzac\u021biilor \u0219i acordurilor cu FIRST BASE Ground Screws International B.V.\" \/>\n<meta name=\"robots\" content=\"index, follow, max-snippet:-1, max-image-preview:large, max-video-preview:-1\" \/>\n<link rel=\"canonical\" href=\"https:\/\/firstbasegroundscrews.com\/ro\/politica-de-confidentialitate\/\" \/>\n<meta property=\"og:locale\" content=\"ro_RO\" \/>\n<meta property=\"og:type\" content=\"article\" \/>\n<meta property=\"og:title\" content=\"Politica de confiden\u021bialitate - FIRST BASE Ground Screws\" \/>\n<meta property=\"og:description\" content=\"Politica de confiden\u021bialitate de mai jos se aplic\u0103 tuturor vizitelor pe site, tranzac\u021biilor \u0219i acordurilor cu FIRST BASE Ground Screws International B.V.\" \/>\n<meta property=\"og:url\" content=\"https:\/\/firstbasegroundscrews.com\/ro\/politica-de-confidentialitate\/\" \/>\n<meta property=\"og:site_name\" content=\"FIRST BASE Ground Screws\" \/>\n<meta property=\"article:modified_time\" content=\"2026-03-10T13:04:34+00:00\" \/>\n<meta property=\"og:image\" content=\"https:\/\/firstbasegroundscrews.com\/wp-content\/uploads\/2019\/07\/header-construction-1.jpg\" \/>\n\t<meta property=\"og:image:width\" content=\"1920\" \/>\n\t<meta property=\"og:image:height\" content=\"680\" \/>\n\t<meta property=\"og:image:type\" content=\"image\/jpeg\" \/>\n<meta name=\"twitter:card\" content=\"summary_large_image\" \/>\n<meta name=\"twitter:label1\" content=\"Timp estimat pentru citire\" \/>\n\t<meta name=\"twitter:data1\" content=\"4 minute\" \/>\n<script type=\"application\/ld+json\" class=\"yoast-schema-graph\">{\"@context\":\"https:\\\/\\\/schema.org\",\"@graph\":[{\"@type\":\"WebPage\",\"@id\":\"https:\\\/\\\/firstbasegroundscrews.com\\\/ro\\\/politica-de-confidentialitate\\\/\",\"url\":\"https:\\\/\\\/firstbasegroundscrews.com\\\/ro\\\/politica-de-confidentialitate\\\/\",\"name\":\"Politica de confiden\u021bialitate - FIRST BASE Ground Screws\",\"isPartOf\":{\"@id\":\"https:\\\/\\\/firstbasegroundscrews.com\\\/ro\\\/#website\"},\"primaryImageOfPage\":{\"@id\":\"https:\\\/\\\/firstbasegroundscrews.com\\\/ro\\\/politica-de-confidentialitate\\\/#primaryimage\"},\"image\":{\"@id\":\"https:\\\/\\\/firstbasegroundscrews.com\\\/ro\\\/politica-de-confidentialitate\\\/#primaryimage\"},\"thumbnailUrl\":\"https:\\\/\\\/firstbasegroundscrews.com\\\/wp-content\\\/uploads\\\/2019\\\/07\\\/header-construction-1.jpg\",\"datePublished\":\"2021-06-24T09:13:06+00:00\",\"dateModified\":\"2026-03-10T13:04:34+00:00\",\"description\":\"Politica de confiden\u021bialitate de mai jos se aplic\u0103 tuturor vizitelor pe site, tranzac\u021biilor \u0219i acordurilor cu FIRST BASE Ground Screws International B.V.\",\"breadcrumb\":{\"@id\":\"https:\\\/\\\/firstbasegroundscrews.com\\\/ro\\\/politica-de-confidentialitate\\\/#breadcrumb\"},\"inLanguage\":\"ro-RO\",\"potentialAction\":[{\"@type\":\"ReadAction\",\"target\":[\"https:\\\/\\\/firstbasegroundscrews.com\\\/ro\\\/politica-de-confidentialitate\\\/\"]}]},{\"@type\":\"ImageObject\",\"inLanguage\":\"ro-RO\",\"@id\":\"https:\\\/\\\/firstbasegroundscrews.com\\\/ro\\\/politica-de-confidentialitate\\\/#primaryimage\",\"url\":\"https:\\\/\\\/firstbasegroundscrews.com\\\/wp-content\\\/uploads\\\/2019\\\/07\\\/header-construction-1.jpg\",\"contentUrl\":\"https:\\\/\\\/firstbasegroundscrews.com\\\/wp-content\\\/uploads\\\/2019\\\/07\\\/header-construction-1.jpg\",\"width\":1920,\"height\":680,\"caption\":\"FIRST BASE Construction\"},{\"@type\":\"BreadcrumbList\",\"@id\":\"https:\\\/\\\/firstbasegroundscrews.com\\\/ro\\\/politica-de-confidentialitate\\\/#breadcrumb\",\"itemListElement\":[{\"@type\":\"ListItem\",\"position\":1,\"name\":\"Home\",\"item\":\"https:\\\/\\\/firstbasegroundscrews.com\\\/ro\\\/\"},{\"@type\":\"ListItem\",\"position\":2,\"name\":\"Politica de confiden\u021bialitate\"}]},{\"@type\":\"WebSite\",\"@id\":\"https:\\\/\\\/firstbasegroundscrews.com\\\/ro\\\/#website\",\"url\":\"https:\\\/\\\/firstbasegroundscrews.com\\\/ro\\\/\",\"name\":\"FIRST BASE Ground Screws\",\"description\":\"High quality ground screws for solid foundations\",\"potentialAction\":[{\"@type\":\"SearchAction\",\"target\":{\"@type\":\"EntryPoint\",\"urlTemplate\":\"https:\\\/\\\/firstbasegroundscrews.com\\\/ro\\\/?s={search_term_string}\"},\"query-input\":{\"@type\":\"PropertyValueSpecification\",\"valueRequired\":true,\"valueName\":\"search_term_string\"}}],\"inLanguage\":\"ro-RO\"}]}<\/script>\n<!-- \/ Yoast SEO plugin. -->","yoast_head_json":{"title":"Politica de confiden\u021bialitate - FIRST BASE Ground Screws","description":"Politica de confiden\u021bialitate de mai jos se aplic\u0103 tuturor vizitelor pe site, tranzac\u021biilor \u0219i acordurilor cu FIRST BASE Ground Screws International B.V.","robots":{"index":"index","follow":"follow","max-snippet":"max-snippet:-1","max-image-preview":"max-image-preview:large","max-video-preview":"max-video-preview:-1"},"canonical":"https:\/\/firstbasegroundscrews.com\/ro\/politica-de-confidentialitate\/","og_locale":"ro_RO","og_type":"article","og_title":"Politica de confiden\u021bialitate - FIRST BASE Ground Screws","og_description":"Politica de confiden\u021bialitate de mai jos se aplic\u0103 tuturor vizitelor pe site, tranzac\u021biilor \u0219i acordurilor cu FIRST BASE Ground Screws International B.V.","og_url":"https:\/\/firstbasegroundscrews.com\/ro\/politica-de-confidentialitate\/","og_site_name":"FIRST BASE Ground Screws","article_modified_time":"2026-03-10T13:04:34+00:00","og_image":[{"width":1920,"height":680,"url":"https:\/\/firstbasegroundscrews.com\/wp-content\/uploads\/2019\/07\/header-construction-1.jpg","type":"image\/jpeg"}],"twitter_card":"summary_large_image","twitter_misc":{"Timp estimat pentru citire":"4 minute"},"schema":{"@context":"https:\/\/schema.org","@graph":[{"@type":"WebPage","@id":"https:\/\/firstbasegroundscrews.com\/ro\/politica-de-confidentialitate\/","url":"https:\/\/firstbasegroundscrews.com\/ro\/politica-de-confidentialitate\/","name":"Politica de confiden\u021bialitate - FIRST BASE Ground Screws","isPartOf":{"@id":"https:\/\/firstbasegroundscrews.com\/ro\/#website"},"primaryImageOfPage":{"@id":"https:\/\/firstbasegroundscrews.com\/ro\/politica-de-confidentialitate\/#primaryimage"},"image":{"@id":"https:\/\/firstbasegroundscrews.com\/ro\/politica-de-confidentialitate\/#primaryimage"},"thumbnailUrl":"https:\/\/firstbasegroundscrews.com\/wp-content\/uploads\/2019\/07\/header-construction-1.jpg","datePublished":"2021-06-24T09:13:06+00:00","dateModified":"2026-03-10T13:04:34+00:00","description":"Politica de confiden\u021bialitate de mai jos se aplic\u0103 tuturor vizitelor pe site, tranzac\u021biilor \u0219i acordurilor cu FIRST BASE Ground Screws International B.V.","breadcrumb":{"@id":"https:\/\/firstbasegroundscrews.com\/ro\/politica-de-confidentialitate\/#breadcrumb"},"inLanguage":"ro-RO","potentialAction":[{"@type":"ReadAction","target":["https:\/\/firstbasegroundscrews.com\/ro\/politica-de-confidentialitate\/"]}]},{"@type":"ImageObject","inLanguage":"ro-RO","@id":"https:\/\/firstbasegroundscrews.com\/ro\/politica-de-confidentialitate\/#primaryimage","url":"https:\/\/firstbasegroundscrews.com\/wp-content\/uploads\/2019\/07\/header-construction-1.jpg","contentUrl":"https:\/\/firstbasegroundscrews.com\/wp-content\/uploads\/2019\/07\/header-construction-1.jpg","width":1920,"height":680,"caption":"FIRST BASE Construction"},{"@type":"BreadcrumbList","@id":"https:\/\/firstbasegroundscrews.com\/ro\/politica-de-confidentialitate\/#breadcrumb","itemListElement":[{"@type":"ListItem","position":1,"name":"Home","item":"https:\/\/firstbasegroundscrews.com\/ro\/"},{"@type":"ListItem","position":2,"name":"Politica de confiden\u021bialitate"}]},{"@type":"WebSite","@id":"https:\/\/firstbasegroundscrews.com\/ro\/#website","url":"https:\/\/firstbasegroundscrews.com\/ro\/","name":"FIRST BASE Ground Screws","description":"High quality ground screws for solid foundations","potentialAction":[{"@type":"SearchAction","target":{"@type":"EntryPoint","urlTemplate":"https:\/\/firstbasegroundscrews.com\/ro\/?s={search_term_string}"},"query-input":{"@type":"PropertyValueSpecification","valueRequired":true,"valueName":"search_term_string"}}],"inLanguage":"ro-RO"}]}},"_links":{"self":[{"href":"https:\/\/firstbasegroundscrews.com\/ro\/wp-json\/wp\/v2\/pages\/15776","targetHints":{"allow":["GET"]}}],"collection":[{"href":"https:\/\/firstbasegroundscrews.com\/ro\/wp-json\/wp\/v2\/pages"}],"about":[{"href":"https:\/\/firstbasegroundscrews.com\/ro\/wp-json\/wp\/v2\/types\/page"}],"author":[{"embeddable":true,"href":"https:\/\/firstbasegroundscrews.com\/ro\/wp-json\/wp\/v2\/users\/1"}],"replies":[{"embeddable":true,"href":"https:\/\/firstbasegroundscrews.com\/ro\/wp-json\/wp\/v2\/comments?post=15776"}],"version-history":[{"count":2,"href":"https:\/\/firstbasegroundscrews.com\/ro\/wp-json\/wp\/v2\/pages\/15776\/revisions"}],"predecessor-version":[{"id":16287,"href":"https:\/\/firstbasegroundscrews.com\/ro\/wp-json\/wp\/v2\/pages\/15776\/revisions\/16287"}],"wp:featuredmedia":[{"embeddable":true,"href":"https:\/\/firstbasegroundscrews.com\/ro\/wp-json\/wp\/v2\/media\/15787"}],"wp:attachment":[{"href":"https:\/\/firstbasegroundscrews.com\/ro\/wp-json\/wp\/v2\/media?parent=15776"}],"curies":[{"name":"wp","href":"https:\/\/api.w.org\/{rel}","templated":true}]}}