{"id":15768,"date":"2019-05-20T14:09:51","date_gmt":"2019-05-20T14:09:51","guid":{"rendered":"https:\/\/firstbasegroundscrews.com\/despre-first-base\/"},"modified":"2026-03-10T13:18:08","modified_gmt":"2026-03-10T13:18:08","slug":"despre-first-base","status":"publish","type":"page","link":"https:\/\/firstbasegroundscrews.com\/ro\/despre-first-base\/","title":{"rendered":"Despre FIRST BASE"},"content":{"rendered":"\n<p id=\"tw-target-text\">FIRST BASE furnizeaz\u0103 \u0219uruburi de funda\u021bie de calitate. De la dezvoltare p\u00e2n\u0103 la produc\u021bie \u0219i instalarea \u0219uruburilor. FIRST BASE are capacitatea unic\u0103 de a calcula capacitatea portant\u0103 a \u0219uruburilor de funda\u021bie, pe baza rapoartelor de teren \u0219i testelor de sol. V\u0103 putem oferi o funda\u021bie solid\u0103, sigur\u0103 \u0219i garantat\u0103.   <\/p>\n\n<h3 class=\"wp-block-heading\"><strong>Funda\u021bii durabile, circulare<\/strong><\/h3>\n\n<p id=\"tw-target-text\">FIRST BASE Ground Screws \u00ee\u0219i are sediul \u00een Uden, Olanda, cu loca\u021bii europene pentru pie\u021be specifice. Suntem o echip\u0103 de speciali\u0219ti pasiona\u021bi, dedica\u021bi revolu\u021bion\u0103rii modului \u00een care sunt construite funda\u021biile. Cu accent pe inginerie de precizie \u0219i sustenabilitate, am redefinit \u00eensu\u0219i conceptul de stabilitate \u00een construc\u021bii. Al\u0103tura\u021bi-v\u0103 nou\u0103 \u00een reimaginarea funda\u021biilor \u0219i s\u0103 cre\u0103m \u00eempreun\u0103 o lume \u00een care stabilitatea \u00eent\u00e2lne\u0219te sustenabilitatea. FIRST BASE Ground Screws, Construim Viitorul, Ast\u0103zi.    <\/p>\n\n  <div class=\"application-grid__yt-player\" style=\"position:relative;\">\n    <span class=\"ytPlayerTrigger\" data-ytid=\"FkuHasGsNSw?si\"><\/span>\n    <img decoding=\"async\" src=\"https:\/\/firstbasegroundscrews.com\/wp-content\/uploads\/2025\/03\/Schermafbeelding-2025-03-11-164122.png\" class=\"application-grid__image\">\n  <\/div>\n<h3 class=\"wp-block-heading\"><strong>Avantajele funda\u021biilor cu \u0219uruburi FIRST BASE<\/strong><\/h3>\n\n<ul class=\"wp-block-list\">\n<li>Capacitate portant\u0103 de p\u00e2n\u0103 la 150 kN per funda\u021bie<\/li>\n\n\n\n<li>F\u0103r\u0103 s\u0103p\u0103turi, f\u0103r\u0103 mizerie<\/li>\n\n\n\n<li>U\u0219or de aplicat, chiar \u0219i iarna<\/li>\n\n\n\n<li>Instalare \u00een doar c\u00e2teva minute<\/li>\n\n\n\n<li>F\u0103r\u0103 necesitate de \u00eentre\u021binere<\/li>\n\n\n\n<li>Nu este necesar beton (deci f\u0103r\u0103 timp de uscare)<\/li>\n\n\n\n<li>Nu sunt necesare utilaje grele<\/li>\n\n\n\n<li>Suport\u0103 \u00eentreaga sarcin\u0103 a construc\u021biei dumneavoastr\u0103 imediat dup\u0103 instalare<\/li>\n\n\n\n<li>Potrivit pentru construc\u021bii temporare \u0219i permanente<\/li>\n\n\n\n<li>Durat\u0103 lung\u0103 de via\u021b\u0103<\/li>\n\n\n\n<li>Reutilizabil f\u0103r\u0103 a deteriora mediul<\/li>\n\n\n\n<li>Produs \u00een conformitate cu standardele EN-1090-2<\/li>\n<\/ul>\n\n<h3 class=\"wp-block-heading\"><strong>Cum func\u021bioneaz\u0103?<\/strong><\/h3>\n\n<p>\u0218uruburile de funda\u021bie FIRST BASE pot fi instalate cu u\u0219urin\u021b\u0103 folosind un instrument manual de instalare sau o ma\u0219in\u0103 electric\u0103, pneumatic\u0103 sau hidraulic\u0103. Forma conic\u0103 a \u0219uruburilor comprim\u0103 solul \u00eenconjur\u0103tor, cresc\u00e2nd capacitatea portant\u0103. Indiferent dac\u0103 construi\u021bi pe argil\u0103, turb\u0103, lut sau nisip, FIRST BASE garanteaz\u0103 o funda\u021bie solid\u0103.  <\/p>\n\n<p>Dori\u021bi s\u0103 afla\u021bi mai multe? <a href=\"https:\/\/firstbasegroundscrews.com\/ro\/contact\/\">Contacta\u021bi-ne<\/a>.<\/p>\n","protected":false},"excerpt":{"rendered":"FIRST BASE furnizeaz\u0103 \u0219uruburi de funda\u021bie de calitate. De la dezvoltare p\u00e2n\u0103 la produc\u021bie \u0219i instalarea \u0219uruburilor. FIRST BASE are capacitatea unic\u0103 de a calcula capacitatea portant\u0103 a \u0219uruburilor de funda\u021bie, pe baza rapoartelor de teren \u0219i testelor de sol. V\u0103 putem oferi o funda\u021bie solid\u0103, sigur\u0103 \u0219i garantat\u0103. Funda\u021bii durabile, circulare FIRST BASE Ground [&hellip;]","protected":false},"author":1,"featured_media":15770,"parent":0,"menu_order":0,"comment_status":"closed","ping_status":"closed","template":"templates\/page_about.php","meta":{"_acf_changed":false,"footnotes":""},"class_list":["post-15768","page","type-page","status-publish","has-post-thumbnail","hentry"],"acf":[],"yoast_head":"<!-- This site is optimized with the Yoast SEO plugin v27.3 - https:\/\/yoast.com\/product\/yoast-seo-wordpress\/ -->\n<title>Despre compania noastr\u0103 - FIRST BASE Ground Screws<\/title>\n<meta name=\"description\" content=\"FIRST BASE furnizeaz\u0103 \u0219uruburi de funda\u021bie de calitate. De la dezvoltare p\u00e2n\u0103 la produc\u021bie. V\u0103 putem oferi o funda\u021bie solid\u0103, sigur\u0103 \u0219i garantat\u0103.\" \/>\n<meta name=\"robots\" content=\"index, follow, max-snippet:-1, max-image-preview:large, max-video-preview:-1\" \/>\n<link rel=\"canonical\" href=\"https:\/\/firstbasegroundscrews.com\/ro\/despre-first-base\/\" \/>\n<meta property=\"og:locale\" content=\"ro_RO\" \/>\n<meta property=\"og:type\" content=\"article\" \/>\n<meta property=\"og:title\" content=\"Despre compania noastr\u0103 - FIRST BASE Ground Screws\" \/>\n<meta property=\"og:description\" content=\"FIRST BASE furnizeaz\u0103 \u0219uruburi de funda\u021bie de calitate. De la dezvoltare p\u00e2n\u0103 la produc\u021bie. V\u0103 putem oferi o funda\u021bie solid\u0103, sigur\u0103 \u0219i garantat\u0103.\" \/>\n<meta property=\"og:url\" content=\"https:\/\/firstbasegroundscrews.com\/ro\/despre-first-base\/\" \/>\n<meta property=\"og:site_name\" content=\"FIRST BASE Ground Screws\" \/>\n<meta property=\"article:modified_time\" content=\"2026-03-10T13:18:08+00:00\" \/>\n<meta property=\"og:image\" content=\"https:\/\/firstbasegroundscrews.com\/wp-content\/uploads\/2022\/09\/MODEL-800-DSC07890.jpg\" \/>\n\t<meta property=\"og:image:width\" content=\"1920\" \/>\n\t<meta property=\"og:image:height\" content=\"1280\" \/>\n\t<meta property=\"og:image:type\" content=\"image\/jpeg\" \/>\n<meta name=\"twitter:card\" content=\"summary_large_image\" \/>\n<meta name=\"twitter:label1\" content=\"Timp estimat pentru citire\" \/>\n\t<meta name=\"twitter:data1\" content=\"2 minute\" \/>\n<script type=\"application\/ld+json\" class=\"yoast-schema-graph\">{\"@context\":\"https:\\\/\\\/schema.org\",\"@graph\":[{\"@type\":\"WebPage\",\"@id\":\"https:\\\/\\\/firstbasegroundscrews.com\\\/ro\\\/despre-first-base\\\/\",\"url\":\"https:\\\/\\\/firstbasegroundscrews.com\\\/ro\\\/despre-first-base\\\/\",\"name\":\"Despre compania noastr\u0103 - FIRST BASE Ground Screws\",\"isPartOf\":{\"@id\":\"https:\\\/\\\/firstbasegroundscrews.com\\\/ro\\\/#website\"},\"primaryImageOfPage\":{\"@id\":\"https:\\\/\\\/firstbasegroundscrews.com\\\/ro\\\/despre-first-base\\\/#primaryimage\"},\"image\":{\"@id\":\"https:\\\/\\\/firstbasegroundscrews.com\\\/ro\\\/despre-first-base\\\/#primaryimage\"},\"thumbnailUrl\":\"https:\\\/\\\/firstbasegroundscrews.com\\\/wp-content\\\/uploads\\\/2022\\\/09\\\/MODEL-800-DSC07890.jpg\",\"datePublished\":\"2019-05-20T14:09:51+00:00\",\"dateModified\":\"2026-03-10T13:18:08+00:00\",\"description\":\"FIRST BASE furnizeaz\u0103 \u0219uruburi de funda\u021bie de calitate. De la dezvoltare p\u00e2n\u0103 la produc\u021bie. V\u0103 putem oferi o funda\u021bie solid\u0103, sigur\u0103 \u0219i garantat\u0103.\",\"breadcrumb\":{\"@id\":\"https:\\\/\\\/firstbasegroundscrews.com\\\/ro\\\/despre-first-base\\\/#breadcrumb\"},\"inLanguage\":\"ro-RO\",\"potentialAction\":[{\"@type\":\"ReadAction\",\"target\":[\"https:\\\/\\\/firstbasegroundscrews.com\\\/ro\\\/despre-first-base\\\/\"]}]},{\"@type\":\"ImageObject\",\"inLanguage\":\"ro-RO\",\"@id\":\"https:\\\/\\\/firstbasegroundscrews.com\\\/ro\\\/despre-first-base\\\/#primaryimage\",\"url\":\"https:\\\/\\\/firstbasegroundscrews.com\\\/wp-content\\\/uploads\\\/2022\\\/09\\\/MODEL-800-DSC07890.jpg\",\"contentUrl\":\"https:\\\/\\\/firstbasegroundscrews.com\\\/wp-content\\\/uploads\\\/2022\\\/09\\\/MODEL-800-DSC07890.jpg\",\"width\":1920,\"height\":1280,\"caption\":\"FIRST BASE Hydraulic Machine\"},{\"@type\":\"BreadcrumbList\",\"@id\":\"https:\\\/\\\/firstbasegroundscrews.com\\\/ro\\\/despre-first-base\\\/#breadcrumb\",\"itemListElement\":[{\"@type\":\"ListItem\",\"position\":1,\"name\":\"Home\",\"item\":\"https:\\\/\\\/firstbasegroundscrews.com\\\/ro\\\/\"},{\"@type\":\"ListItem\",\"position\":2,\"name\":\"Despre FIRST BASE\"}]},{\"@type\":\"WebSite\",\"@id\":\"https:\\\/\\\/firstbasegroundscrews.com\\\/ro\\\/#website\",\"url\":\"https:\\\/\\\/firstbasegroundscrews.com\\\/ro\\\/\",\"name\":\"FIRST BASE Ground Screws\",\"description\":\"High quality ground screws for solid foundations\",\"potentialAction\":[{\"@type\":\"SearchAction\",\"target\":{\"@type\":\"EntryPoint\",\"urlTemplate\":\"https:\\\/\\\/firstbasegroundscrews.com\\\/ro\\\/?s={search_term_string}\"},\"query-input\":{\"@type\":\"PropertyValueSpecification\",\"valueRequired\":true,\"valueName\":\"search_term_string\"}}],\"inLanguage\":\"ro-RO\"}]}<\/script>\n<!-- \/ Yoast SEO plugin. -->","yoast_head_json":{"title":"Despre compania noastr\u0103 - FIRST BASE Ground Screws","description":"FIRST BASE furnizeaz\u0103 \u0219uruburi de funda\u021bie de calitate. De la dezvoltare p\u00e2n\u0103 la produc\u021bie. V\u0103 putem oferi o funda\u021bie solid\u0103, sigur\u0103 \u0219i garantat\u0103.","robots":{"index":"index","follow":"follow","max-snippet":"max-snippet:-1","max-image-preview":"max-image-preview:large","max-video-preview":"max-video-preview:-1"},"canonical":"https:\/\/firstbasegroundscrews.com\/ro\/despre-first-base\/","og_locale":"ro_RO","og_type":"article","og_title":"Despre compania noastr\u0103 - FIRST BASE Ground Screws","og_description":"FIRST BASE furnizeaz\u0103 \u0219uruburi de funda\u021bie de calitate. De la dezvoltare p\u00e2n\u0103 la produc\u021bie. V\u0103 putem oferi o funda\u021bie solid\u0103, sigur\u0103 \u0219i garantat\u0103.","og_url":"https:\/\/firstbasegroundscrews.com\/ro\/despre-first-base\/","og_site_name":"FIRST BASE Ground Screws","article_modified_time":"2026-03-10T13:18:08+00:00","og_image":[{"width":1920,"height":1280,"url":"https:\/\/firstbasegroundscrews.com\/wp-content\/uploads\/2022\/09\/MODEL-800-DSC07890.jpg","type":"image\/jpeg"}],"twitter_card":"summary_large_image","twitter_misc":{"Timp estimat pentru citire":"2 minute"},"schema":{"@context":"https:\/\/schema.org","@graph":[{"@type":"WebPage","@id":"https:\/\/firstbasegroundscrews.com\/ro\/despre-first-base\/","url":"https:\/\/firstbasegroundscrews.com\/ro\/despre-first-base\/","name":"Despre compania noastr\u0103 - FIRST BASE Ground Screws","isPartOf":{"@id":"https:\/\/firstbasegroundscrews.com\/ro\/#website"},"primaryImageOfPage":{"@id":"https:\/\/firstbasegroundscrews.com\/ro\/despre-first-base\/#primaryimage"},"image":{"@id":"https:\/\/firstbasegroundscrews.com\/ro\/despre-first-base\/#primaryimage"},"thumbnailUrl":"https:\/\/firstbasegroundscrews.com\/wp-content\/uploads\/2022\/09\/MODEL-800-DSC07890.jpg","datePublished":"2019-05-20T14:09:51+00:00","dateModified":"2026-03-10T13:18:08+00:00","description":"FIRST BASE furnizeaz\u0103 \u0219uruburi de funda\u021bie de calitate. De la dezvoltare p\u00e2n\u0103 la produc\u021bie. V\u0103 putem oferi o funda\u021bie solid\u0103, sigur\u0103 \u0219i garantat\u0103.","breadcrumb":{"@id":"https:\/\/firstbasegroundscrews.com\/ro\/despre-first-base\/#breadcrumb"},"inLanguage":"ro-RO","potentialAction":[{"@type":"ReadAction","target":["https:\/\/firstbasegroundscrews.com\/ro\/despre-first-base\/"]}]},{"@type":"ImageObject","inLanguage":"ro-RO","@id":"https:\/\/firstbasegroundscrews.com\/ro\/despre-first-base\/#primaryimage","url":"https:\/\/firstbasegroundscrews.com\/wp-content\/uploads\/2022\/09\/MODEL-800-DSC07890.jpg","contentUrl":"https:\/\/firstbasegroundscrews.com\/wp-content\/uploads\/2022\/09\/MODEL-800-DSC07890.jpg","width":1920,"height":1280,"caption":"FIRST BASE Hydraulic Machine"},{"@type":"BreadcrumbList","@id":"https:\/\/firstbasegroundscrews.com\/ro\/despre-first-base\/#breadcrumb","itemListElement":[{"@type":"ListItem","position":1,"name":"Home","item":"https:\/\/firstbasegroundscrews.com\/ro\/"},{"@type":"ListItem","position":2,"name":"Despre FIRST BASE"}]},{"@type":"WebSite","@id":"https:\/\/firstbasegroundscrews.com\/ro\/#website","url":"https:\/\/firstbasegroundscrews.com\/ro\/","name":"FIRST BASE Ground Screws","description":"High quality ground screws for solid foundations","potentialAction":[{"@type":"SearchAction","target":{"@type":"EntryPoint","urlTemplate":"https:\/\/firstbasegroundscrews.com\/ro\/?s={search_term_string}"},"query-input":{"@type":"PropertyValueSpecification","valueRequired":true,"valueName":"search_term_string"}}],"inLanguage":"ro-RO"}]}},"_links":{"self":[{"href":"https:\/\/firstbasegroundscrews.com\/ro\/wp-json\/wp\/v2\/pages\/15768","targetHints":{"allow":["GET"]}}],"collection":[{"href":"https:\/\/firstbasegroundscrews.com\/ro\/wp-json\/wp\/v2\/pages"}],"about":[{"href":"https:\/\/firstbasegroundscrews.com\/ro\/wp-json\/wp\/v2\/types\/page"}],"author":[{"embeddable":true,"href":"https:\/\/firstbasegroundscrews.com\/ro\/wp-json\/wp\/v2\/users\/1"}],"replies":[{"embeddable":true,"href":"https:\/\/firstbasegroundscrews.com\/ro\/wp-json\/wp\/v2\/comments?post=15768"}],"version-history":[{"count":3,"href":"https:\/\/firstbasegroundscrews.com\/ro\/wp-json\/wp\/v2\/pages\/15768\/revisions"}],"predecessor-version":[{"id":16420,"href":"https:\/\/firstbasegroundscrews.com\/ro\/wp-json\/wp\/v2\/pages\/15768\/revisions\/16420"}],"wp:featuredmedia":[{"embeddable":true,"href":"https:\/\/firstbasegroundscrews.com\/ro\/wp-json\/wp\/v2\/media\/15770"}],"wp:attachment":[{"href":"https:\/\/firstbasegroundscrews.com\/ro\/wp-json\/wp\/v2\/media?parent=15768"}],"curies":[{"name":"wp","href":"https:\/\/api.w.org\/{rel}","templated":true}]}}