{"id":15764,"date":"2019-05-20T14:09:30","date_gmt":"2019-05-20T14:09:30","guid":{"rendered":"https:\/\/firstbasegroundscrews.com\/solar\/"},"modified":"2026-03-10T10:15:07","modified_gmt":"2026-03-10T10:15:07","slug":"solar","status":"publish","type":"page","link":"https:\/\/firstbasegroundscrews.com\/ro\/solar\/","title":{"rendered":"SOLAR"},"content":{"rendered":"\n<h2 class=\"wp-block-heading\">CONSTRUC\u021aIE SOLAR\u0102 MONTAT\u0102 PE SOL<\/h2>\n\n<p>C\u0103uta\u021bi o construc\u021bie solar\u0103 montat\u0103 pe sol? FIRST BASE poate oferi nenum\u0103rate configura\u021bii de structuri, inclusiv funda\u021bii pe \u0219uruburi de \u00eenalt\u0103 calitate. Solicita\u021bi o ofert\u0103 gratuit\u0103 cu ajutorul Configuratorului nostru Solar.  <\/p>\n\n<div style=\"height:20px\" aria-hidden=\"true\" class=\"wp-block-spacer\"><\/div>\n\n<div class=\"wp-block-button fba-button\"><a class=\"wp-block-button__link wp-element-button\" href=\"https:\/\/firstbasegroundscrews.com\/ro\/configurator-solar\/\">Configurator Solar<\/a><\/div>\n\n<div style=\"height:20px\" aria-hidden=\"true\" class=\"wp-block-spacer\"><\/div>\n\n<p>Proiect\u0103m, producem, furniz\u0103m \u0219i instal\u0103m sisteme solare de \u00eenalt\u0103 calitate \u0219i funda\u021bii pe \u0219uruburi. Putem efectua teste de trac\u021biune \u00een conformitate cu protocolul EN 9997, cu ajutorul c\u0103rora putem furniza calculul static al construc\u021biei. Astfel, ave\u021bi certitudinea unui sistem fotovoltaic sigur \u0219i garantat.   <\/p>\n\n<h3 class=\"wp-block-heading\">Beneficiile<\/h3>\n\n<ul class=\"wp-block-list\">\n<li>U\u0219or de aplicat, chiar \u0219i \u00een pant\u0103 <\/li>\n\n\n\n<li>Potrivit pentru orice tip de sol <\/li>\n\n\n\n<li>Calcul static \u00een conformitate cu Eurocodurile <\/li>\n<\/ul>\n\n<div class=\"wp-block-buttons is-layout-flex wp-block-buttons-is-layout-flex\">\n<div class=\"wp-block-button\"><a class=\"wp-block-button__link wp-element-button\" href=\"\/solar-structures\/field-setup\/\">Vede\u021bi posibilit\u0103\u021bile aici<\/a><\/div>\n<\/div>\n\n<h3 class=\"wp-block-heading\">Instalare? Simplu ca 1-2-3! <\/h3>\n\n  <div class=\"application-grid__yt-player\" style=\"position:relative;\">\n    <span class=\"ytPlayerTrigger\" data-ytid=\"Fjos5HzxhtA\"><\/span>\n    <img decoding=\"async\" src=\"https:\/\/firstbasegroundscrews.com\/wp-content\/uploads\/2021\/10\/Solar-Zonnepark-harlingen-1.jpeg\" class=\"application-grid__image\">\n  <\/div>\n    <div class=\"applications-slider\" data-count=\"0\">\n      <div class=\"applications-slider__controls\">\n        <!--<div class=\"applications-slider__control\"><\/div>\n        <div class=\"applications-slider__control\"><\/div>-->\n        <div class=\"applications-slider__indicators\"><\/div>\n        <a href=\"https:\/\/firstbasegroundscrews.com\/ro\/wp-json\/wp\/v2\/pages\/15764projects\/\" class=\"fba-button\">\n          <span>STUDII DE CAZ<\/span>\n        <\/a>\n      <\/div>\n      <div class=\"applications-slider__content\">\n        \n      <\/div>\n    <\/div>\n    \n","protected":false},"excerpt":{"rendered":"Produse \u00een conformitate cu standardele EN-1090-2, \u0219uruburile de funda\u021bie FIRST BASE garanteaz\u0103 o baz\u0103 solid\u0103. Pe l\u00e2ng\u0103 furnizarea \u0219uruburilor de funda\u021bie, putem proiecta, produce \u0219i instala substructura metalic\u0103 pentru centrala dumneavoastr\u0103 solar\u0103. Pentru a determina capacitatea portant\u0103 a funda\u021biei pe \u0219uruburi, v\u0103 putem pune la dispozi\u021bie toate tipurile de echipamente de instalare \u0219i testare.   ","protected":false},"author":1,"featured_media":15732,"parent":0,"menu_order":0,"comment_status":"closed","ping_status":"closed","template":"","meta":{"_acf_changed":false,"footnotes":""},"class_list":["post-15764","page","type-page","status-publish","has-post-thumbnail","hentry"],"acf":[],"yoast_head":"<!-- This site is optimized with the Yoast SEO plugin v27.3 - https:\/\/yoast.com\/product\/yoast-seo-wordpress\/ -->\n<title>Construc\u021bii Solare - FIRST BASE Ground Screws<\/title>\n<meta name=\"description\" content=\"C\u0103uta\u021bi o structur\u0103 solar\u0103 la sol \u0219i o funda\u021bie pentru panourile dumneavoastr\u0103 solare? Solicita\u021bi o ofert\u0103 gratuit\u0103 prin intermediul Configuratorului Solar.\" \/>\n<meta name=\"robots\" content=\"index, follow, max-snippet:-1, max-image-preview:large, max-video-preview:-1\" \/>\n<link rel=\"canonical\" href=\"https:\/\/firstbasegroundscrews.com\/ro\/solar\/\" \/>\n<meta property=\"og:locale\" content=\"ro_RO\" \/>\n<meta property=\"og:type\" content=\"article\" \/>\n<meta property=\"og:title\" content=\"Construc\u021bii Solare - FIRST BASE Ground Screws\" \/>\n<meta property=\"og:description\" content=\"C\u0103uta\u021bi o structur\u0103 solar\u0103 la sol \u0219i o funda\u021bie pentru panourile dumneavoastr\u0103 solare? Solicita\u021bi o ofert\u0103 gratuit\u0103 prin intermediul Configuratorului Solar.\" \/>\n<meta property=\"og:url\" content=\"https:\/\/firstbasegroundscrews.com\/ro\/solar\/\" \/>\n<meta property=\"og:site_name\" content=\"FIRST BASE Ground Screws\" \/>\n<meta property=\"article:modified_time\" content=\"2026-03-10T10:15:07+00:00\" \/>\n<meta property=\"og:image\" content=\"https:\/\/firstbasegroundscrews.com\/wp-content\/uploads\/2019\/08\/header-solar.jpg\" \/>\n\t<meta property=\"og:image:width\" content=\"2259\" \/>\n\t<meta property=\"og:image:height\" content=\"800\" \/>\n\t<meta property=\"og:image:type\" content=\"image\/jpeg\" \/>\n<meta name=\"twitter:card\" content=\"summary_large_image\" \/>\n<meta name=\"twitter:label1\" content=\"Timp estimat pentru citire\" \/>\n\t<meta name=\"twitter:data1\" content=\"1 minut\" \/>\n<script type=\"application\/ld+json\" class=\"yoast-schema-graph\">{\"@context\":\"https:\\\/\\\/schema.org\",\"@graph\":[{\"@type\":\"WebPage\",\"@id\":\"https:\\\/\\\/firstbasegroundscrews.com\\\/ro\\\/solar\\\/\",\"url\":\"https:\\\/\\\/firstbasegroundscrews.com\\\/ro\\\/solar\\\/\",\"name\":\"Construc\u021bii Solare - FIRST BASE Ground Screws\",\"isPartOf\":{\"@id\":\"https:\\\/\\\/firstbasegroundscrews.com\\\/ro\\\/#website\"},\"primaryImageOfPage\":{\"@id\":\"https:\\\/\\\/firstbasegroundscrews.com\\\/ro\\\/solar\\\/#primaryimage\"},\"image\":{\"@id\":\"https:\\\/\\\/firstbasegroundscrews.com\\\/ro\\\/solar\\\/#primaryimage\"},\"thumbnailUrl\":\"https:\\\/\\\/firstbasegroundscrews.com\\\/wp-content\\\/uploads\\\/2019\\\/08\\\/header-solar.jpg\",\"datePublished\":\"2019-05-20T14:09:30+00:00\",\"dateModified\":\"2026-03-10T10:15:07+00:00\",\"description\":\"C\u0103uta\u021bi o structur\u0103 solar\u0103 la sol \u0219i o funda\u021bie pentru panourile dumneavoastr\u0103 solare? Solicita\u021bi o ofert\u0103 gratuit\u0103 prin intermediul Configuratorului Solar.\",\"breadcrumb\":{\"@id\":\"https:\\\/\\\/firstbasegroundscrews.com\\\/ro\\\/solar\\\/#breadcrumb\"},\"inLanguage\":\"ro-RO\",\"potentialAction\":[{\"@type\":\"ReadAction\",\"target\":[\"https:\\\/\\\/firstbasegroundscrews.com\\\/ro\\\/solar\\\/\"]}]},{\"@type\":\"ImageObject\",\"inLanguage\":\"ro-RO\",\"@id\":\"https:\\\/\\\/firstbasegroundscrews.com\\\/ro\\\/solar\\\/#primaryimage\",\"url\":\"https:\\\/\\\/firstbasegroundscrews.com\\\/wp-content\\\/uploads\\\/2019\\\/08\\\/header-solar.jpg\",\"contentUrl\":\"https:\\\/\\\/firstbasegroundscrews.com\\\/wp-content\\\/uploads\\\/2019\\\/08\\\/header-solar.jpg\",\"width\":2259,\"height\":800,\"caption\":\"FIRST BASE Ground Screws SOLAR\"},{\"@type\":\"BreadcrumbList\",\"@id\":\"https:\\\/\\\/firstbasegroundscrews.com\\\/ro\\\/solar\\\/#breadcrumb\",\"itemListElement\":[{\"@type\":\"ListItem\",\"position\":1,\"name\":\"Home\",\"item\":\"https:\\\/\\\/firstbasegroundscrews.com\\\/ro\\\/\"},{\"@type\":\"ListItem\",\"position\":2,\"name\":\"SOLAR\"}]},{\"@type\":\"WebSite\",\"@id\":\"https:\\\/\\\/firstbasegroundscrews.com\\\/ro\\\/#website\",\"url\":\"https:\\\/\\\/firstbasegroundscrews.com\\\/ro\\\/\",\"name\":\"FIRST BASE Ground Screws\",\"description\":\"High quality ground screws for solid foundations\",\"potentialAction\":[{\"@type\":\"SearchAction\",\"target\":{\"@type\":\"EntryPoint\",\"urlTemplate\":\"https:\\\/\\\/firstbasegroundscrews.com\\\/ro\\\/?s={search_term_string}\"},\"query-input\":{\"@type\":\"PropertyValueSpecification\",\"valueRequired\":true,\"valueName\":\"search_term_string\"}}],\"inLanguage\":\"ro-RO\"}]}<\/script>\n<!-- \/ Yoast SEO plugin. -->","yoast_head_json":{"title":"Construc\u021bii Solare - FIRST BASE Ground Screws","description":"C\u0103uta\u021bi o structur\u0103 solar\u0103 la sol \u0219i o funda\u021bie pentru panourile dumneavoastr\u0103 solare? Solicita\u021bi o ofert\u0103 gratuit\u0103 prin intermediul Configuratorului Solar.","robots":{"index":"index","follow":"follow","max-snippet":"max-snippet:-1","max-image-preview":"max-image-preview:large","max-video-preview":"max-video-preview:-1"},"canonical":"https:\/\/firstbasegroundscrews.com\/ro\/solar\/","og_locale":"ro_RO","og_type":"article","og_title":"Construc\u021bii Solare - FIRST BASE Ground Screws","og_description":"C\u0103uta\u021bi o structur\u0103 solar\u0103 la sol \u0219i o funda\u021bie pentru panourile dumneavoastr\u0103 solare? Solicita\u021bi o ofert\u0103 gratuit\u0103 prin intermediul Configuratorului Solar.","og_url":"https:\/\/firstbasegroundscrews.com\/ro\/solar\/","og_site_name":"FIRST BASE Ground Screws","article_modified_time":"2026-03-10T10:15:07+00:00","og_image":[{"width":2259,"height":800,"url":"https:\/\/firstbasegroundscrews.com\/wp-content\/uploads\/2019\/08\/header-solar.jpg","type":"image\/jpeg"}],"twitter_card":"summary_large_image","twitter_misc":{"Timp estimat pentru citire":"1 minut"},"schema":{"@context":"https:\/\/schema.org","@graph":[{"@type":"WebPage","@id":"https:\/\/firstbasegroundscrews.com\/ro\/solar\/","url":"https:\/\/firstbasegroundscrews.com\/ro\/solar\/","name":"Construc\u021bii Solare - FIRST BASE Ground Screws","isPartOf":{"@id":"https:\/\/firstbasegroundscrews.com\/ro\/#website"},"primaryImageOfPage":{"@id":"https:\/\/firstbasegroundscrews.com\/ro\/solar\/#primaryimage"},"image":{"@id":"https:\/\/firstbasegroundscrews.com\/ro\/solar\/#primaryimage"},"thumbnailUrl":"https:\/\/firstbasegroundscrews.com\/wp-content\/uploads\/2019\/08\/header-solar.jpg","datePublished":"2019-05-20T14:09:30+00:00","dateModified":"2026-03-10T10:15:07+00:00","description":"C\u0103uta\u021bi o structur\u0103 solar\u0103 la sol \u0219i o funda\u021bie pentru panourile dumneavoastr\u0103 solare? Solicita\u021bi o ofert\u0103 gratuit\u0103 prin intermediul Configuratorului Solar.","breadcrumb":{"@id":"https:\/\/firstbasegroundscrews.com\/ro\/solar\/#breadcrumb"},"inLanguage":"ro-RO","potentialAction":[{"@type":"ReadAction","target":["https:\/\/firstbasegroundscrews.com\/ro\/solar\/"]}]},{"@type":"ImageObject","inLanguage":"ro-RO","@id":"https:\/\/firstbasegroundscrews.com\/ro\/solar\/#primaryimage","url":"https:\/\/firstbasegroundscrews.com\/wp-content\/uploads\/2019\/08\/header-solar.jpg","contentUrl":"https:\/\/firstbasegroundscrews.com\/wp-content\/uploads\/2019\/08\/header-solar.jpg","width":2259,"height":800,"caption":"FIRST BASE Ground Screws SOLAR"},{"@type":"BreadcrumbList","@id":"https:\/\/firstbasegroundscrews.com\/ro\/solar\/#breadcrumb","itemListElement":[{"@type":"ListItem","position":1,"name":"Home","item":"https:\/\/firstbasegroundscrews.com\/ro\/"},{"@type":"ListItem","position":2,"name":"SOLAR"}]},{"@type":"WebSite","@id":"https:\/\/firstbasegroundscrews.com\/ro\/#website","url":"https:\/\/firstbasegroundscrews.com\/ro\/","name":"FIRST BASE Ground Screws","description":"High quality ground screws for solid foundations","potentialAction":[{"@type":"SearchAction","target":{"@type":"EntryPoint","urlTemplate":"https:\/\/firstbasegroundscrews.com\/ro\/?s={search_term_string}"},"query-input":{"@type":"PropertyValueSpecification","valueRequired":true,"valueName":"search_term_string"}}],"inLanguage":"ro-RO"}]}},"_links":{"self":[{"href":"https:\/\/firstbasegroundscrews.com\/ro\/wp-json\/wp\/v2\/pages\/15764","targetHints":{"allow":["GET"]}}],"collection":[{"href":"https:\/\/firstbasegroundscrews.com\/ro\/wp-json\/wp\/v2\/pages"}],"about":[{"href":"https:\/\/firstbasegroundscrews.com\/ro\/wp-json\/wp\/v2\/types\/page"}],"author":[{"embeddable":true,"href":"https:\/\/firstbasegroundscrews.com\/ro\/wp-json\/wp\/v2\/users\/1"}],"replies":[{"embeddable":true,"href":"https:\/\/firstbasegroundscrews.com\/ro\/wp-json\/wp\/v2\/comments?post=15764"}],"version-history":[{"count":1,"href":"https:\/\/firstbasegroundscrews.com\/ro\/wp-json\/wp\/v2\/pages\/15764\/revisions"}],"predecessor-version":[{"id":15766,"href":"https:\/\/firstbasegroundscrews.com\/ro\/wp-json\/wp\/v2\/pages\/15764\/revisions\/15766"}],"wp:featuredmedia":[{"embeddable":true,"href":"https:\/\/firstbasegroundscrews.com\/ro\/wp-json\/wp\/v2\/media\/15732"}],"wp:attachment":[{"href":"https:\/\/firstbasegroundscrews.com\/ro\/wp-json\/wp\/v2\/media?parent=15764"}],"curies":[{"name":"wp","href":"https:\/\/api.w.org\/{rel}","templated":true}]}}