{"id":15763,"date":"2022-03-18T12:36:12","date_gmt":"2022-03-18T12:36:12","guid":{"rendered":"https:\/\/firstbasegroundscrews.com\/abonati-va-la-newsletter\/"},"modified":"2026-03-10T10:16:18","modified_gmt":"2026-03-10T10:16:18","slug":"abonati-va-la-newsletter","status":"publish","type":"page","link":"https:\/\/firstbasegroundscrews.com\/ro\/abonati-va-la-newsletter\/","title":{"rendered":"Abona\u021bi-v\u0103 la newsletter"},"content":{"rendered":"\n<h2 class=\"wp-block-heading\"><meta charset=\"utf-8\"\/>Dori\u021bi s\u0103 fi\u021bi mereu primii informa\u021bi? \u00censcrie\u021bi-v\u0103 la newsletter-ul nostru <\/h2>\n<noscript class=\"ninja-forms-noscript-message\">\n\tNotice: JavaScript is required for this content.<\/noscript>\n<div id=\"nf-form-19-cont\" class=\"nf-form-cont\" aria-live=\"polite\" aria-labelledby=\"nf-form-title-19\" aria-describedby=\"nf-form-errors-19\" role=\"form\">\n\n    <div class=\"nf-loading-spinner\"><\/div>\n\n<\/div>\n        <!-- That data is being printed as a workaround to page builders reordering the order of the scripts loaded-->\n        <script>var formDisplay=1;var nfForms=nfForms||[];var form=[];form.id='19';form.settings={\"objectType\":\"Form Setting\",\"editActive\":\"1\",\"title\":\"Keep up with our latest news\",\"created_at\":\"2022-05-04 15:00:47\",\"form_title\":\"Keep up with our latest news\",\"default_label_pos\":\"above\",\"show_title\":\"1\",\"clear_complete\":\"1\",\"hide_complete\":\"1\",\"logged_in\":\"0\",\"wrapper_class\":\"\",\"element_class\":\"\",\"key\":\"\",\"add_submit\":\"0\",\"currency\":\"\",\"repeatable_fieldsets\":\"\",\"unique_field_error\":\"A form with this value has already been submitted.\",\"not_logged_in_msg\":\"\",\"sub_limit_msg\":\"The form has reached its submission limit.\",\"calculations\":[],\"conditions\":[],\"formContentData\":[\"name_1644227049071\",\"surname_1644227044670\",\"email_1643972278202\",\"i_agree_with_the_first_base_ground_screws_privacy_policy_1644227904772\",\"subscribe_1666612554028\"],\"changeEmailErrorMsg\":\"Please enter a valid email address!\",\"changeDateErrorMsg\":\"Please enter a valid date!\",\"confirmFieldErrorMsg\":\"These fields must match!\",\"fieldNumberNumMinError\":\"Number Min Error\",\"fieldNumberNumMaxError\":\"Number Max Error\",\"fieldNumberIncrementBy\":\"Please increment by \",\"formErrorsCorrectErrors\":\"Please correct errors before submitting this form.\",\"validateRequiredField\":\"This is a required field.\",\"honeypotHoneypotError\":\"Honeypot Error\",\"fieldsMarkedRequired\":\"Fields marked with an <span class=\\\"ninja-forms-req-symbol\\\">*<\\\/span> are required\",\"drawerDisabled\":\"\",\"allow_public_link\":0,\"embed_form\":\"\",\"form_title_heading_level\":\"3\",\"ninjaForms\":\"Ninja Forms\",\"fieldTextareaRTEInsertLink\":\"Insert Link\",\"fieldTextareaRTEInsertMedia\":\"Insert Media\",\"fieldTextareaRTESelectAFile\":\"Select a file\",\"formHoneypot\":\"If you are a human seeing this field, please leave it empty.\",\"fileUploadOldCodeFileUploadInProgress\":\"File Upload in Progress.\",\"fileUploadOldCodeFileUpload\":\"FILE UPLOAD\",\"currencySymbol\":\"&#36;\",\"thousands_sep\":\".\",\"decimal_point\":\",\",\"siteLocale\":\"ro_RO\",\"dateFormat\":\"m\\\/d\\\/Y\",\"startOfWeek\":\"1\",\"of\":\"of\",\"previousMonth\":\"Previous Month\",\"nextMonth\":\"Next Month\",\"months\":[\"January\",\"February\",\"March\",\"April\",\"May\",\"June\",\"July\",\"August\",\"September\",\"October\",\"November\",\"December\"],\"monthsShort\":[\"Jan\",\"Feb\",\"Mar\",\"Apr\",\"May\",\"Jun\",\"Jul\",\"Aug\",\"Sep\",\"Oct\",\"Nov\",\"Dec\"],\"weekdays\":[\"Sunday\",\"Monday\",\"Tuesday\",\"Wednesday\",\"Thursday\",\"Friday\",\"Saturday\"],\"weekdaysShort\":[\"Sun\",\"Mon\",\"Tue\",\"Wed\",\"Thu\",\"Fri\",\"Sat\"],\"weekdaysMin\":[\"Su\",\"Mo\",\"Tu\",\"We\",\"Th\",\"Fr\",\"Sa\"],\"recaptchaConsentMissing\":\"reCaptcha validation couldn&#039;t load.\",\"recaptchaMissingCookie\":\"reCaptcha v3 validation couldn&#039;t load the cookie needed to submit the form.\",\"recaptchaConsentEvent\":\"Accept reCaptcha cookies before sending the form.\",\"currency_symbol\":\"\",\"beforeForm\":\"\",\"beforeFields\":\"\",\"afterFields\":\"\",\"afterForm\":\"\"};form.fields=[{\"objectType\":\"Field\",\"objectDomain\":\"fields\",\"editActive\":false,\"order\":1,\"idAttribute\":\"id\",\"type\":\"firstname\",\"label\":\"Name\",\"key\":\"name_1644227049071\",\"label_pos\":\"above\",\"required\":1,\"default\":\"\",\"placeholder\":\"\",\"container_class\":\"\",\"element_class\":\"\",\"admin_label\":\"\",\"help_text\":\"\",\"custom_name_attribute\":\"fname\",\"personally_identifiable\":1,\"value\":\"\",\"drawerDisabled\":\"\",\"field_label\":\"Name\",\"field_key\":\"name_1644227049071\",\"id\":339,\"beforeField\":\"\",\"afterField\":\"\",\"parentType\":\"firstname\",\"element_templates\":[\"firstname\",\"input\"],\"old_classname\":\"\",\"wrap_template\":\"wrap\"},{\"objectType\":\"Field\",\"objectDomain\":\"fields\",\"editActive\":false,\"order\":2,\"idAttribute\":\"id\",\"type\":\"lastname\",\"label\":\"Surname\",\"key\":\"surname_1644227044670\",\"label_pos\":\"above\",\"required\":1,\"default\":\"\",\"placeholder\":\"\",\"container_class\":\"\",\"element_class\":\"\",\"admin_label\":\"\",\"help_text\":\"\",\"custom_name_attribute\":\"lname\",\"personally_identifiable\":1,\"value\":\"\",\"drawerDisabled\":\"\",\"field_label\":\"Surname\",\"field_key\":\"surname_1644227044670\",\"id\":340,\"beforeField\":\"\",\"afterField\":\"\",\"parentType\":\"lastname\",\"element_templates\":[\"lastname\",\"input\"],\"old_classname\":\"\",\"wrap_template\":\"wrap\"},{\"objectType\":\"Field\",\"objectDomain\":\"fields\",\"editActive\":false,\"order\":3,\"idAttribute\":\"id\",\"label\":\"Email\",\"type\":\"email\",\"key\":\"email_1643972278202\",\"label_pos\":\"above\",\"required\":\"\",\"default\":\"\",\"placeholder\":\"\",\"container_class\":\"\",\"element_class\":\"\",\"admin_label\":\"\",\"help_text\":\"\",\"custom_name_attribute\":\"email\",\"personally_identifiable\":1,\"value\":\"\",\"field_label\":\"Email\",\"field_key\":\"email_1643972278202\",\"id\":341,\"beforeField\":\"\",\"afterField\":\"\",\"parentType\":\"email\",\"element_templates\":[\"email\",\"input\"],\"old_classname\":\"\",\"wrap_template\":\"wrap\"},{\"objectType\":\"Field\",\"objectDomain\":\"fields\",\"editActive\":false,\"order\":5,\"idAttribute\":\"id\",\"label\":\"I agree with the FIRST BASE Ground Screws privacy policy\",\"type\":\"checkbox\",\"key\":\"i_agree_with_the_first_base_ground_screws_privacy_policy_1644227904772\",\"label_pos\":\"left\",\"required\":1,\"container_class\":\"custom-check\",\"element_class\":\"\",\"manual_key\":\"\",\"admin_label\":\"\",\"help_text\":\"<p><br><\\\/p>\",\"default_value\":\"unchecked\",\"checked_value\":\"Checked\",\"unchecked_value\":\"Unchecked\",\"checked_calc_value\":\"\",\"unchecked_calc_value\":\"\",\"drawerDisabled\":false,\"default\":\"unchecked\",\"field_label\":\"I agree with the FIRST BASE Ground Screws privacy policy\",\"field_key\":\"i_agree_with_the_first_base_ground_screws_privacy_policy_1644227904772\",\"value\":\"unchecked\",\"id\":342,\"beforeField\":\"\",\"afterField\":\"\",\"parentType\":\"checkbox\",\"element_templates\":[\"checkbox\",\"input\"],\"old_classname\":\"\",\"wrap_template\":\"wrap\"},{\"objectType\":\"Field\",\"objectDomain\":\"fields\",\"editActive\":false,\"order\":6,\"idAttribute\":\"id\",\"type\":\"submit\",\"label\":\"SUBSCRIBE\",\"processing_label\":\"Processing\",\"container_class\":\"custom-submit-btn\",\"element_class\":\"\",\"key\":\"subscribe_1666612554028\",\"drawerDisabled\":false,\"field_label\":\"NEWSLETTER SUBSCRIPTION\",\"field_key\":\"newsletter_subscription_1644227549447\",\"id\":343,\"beforeField\":\"\",\"afterField\":\"\",\"value\":\"\",\"label_pos\":\"above\",\"parentType\":\"textbox\",\"element_templates\":[\"submit\",\"button\",\"input\"],\"old_classname\":\"\",\"wrap_template\":\"wrap-no-label\"},{\"objectType\":\"Field\",\"objectDomain\":\"fields\",\"editActive\":false,\"order\":\"6.0\",\"type\":\"recaptcha_v3\",\"label\":\"Hidden\",\"key\":\"recaptcha_v3\",\"default\":\"\",\"admin_label\":\"\",\"drawerDisabled\":false,\"id\":\"48842\",\"beforeField\":\"\",\"afterField\":\"\",\"value\":\"\",\"label_pos\":\"above\",\"parentType\":\"hidden\",\"element_templates\":[\"recaptcha-v3\",\"hidden\",\"input\"],\"old_classname\":\"\",\"wrap_template\":\"wrap-no-label\",\"site_key\":\"6Ld9ZCYjAAAAAF4Y3QEdJTwGjtwU7Rpa2UHHni3V\"}];nfForms.push(form);<\/script>\n        \n<h3 class=\"wp-block-heading\">Nout\u0103\u021bi, sfaturi de la profesioni\u0219ti \u0219i informa\u021bii utile<\/h3>\n\n<p>Pentru noi, nu este vorba doar de a oferi clien\u021bilor \u0219i partenerilor no\u0219tri o funda\u021bie pe \u0219uruburi de \u00eenalt\u0103 calitate. Suntem bucuro\u0219i s\u0103 v\u0103 ajut\u0103m cu sfaturi utile \u0219i manuale, s\u0103 v\u0103 \u00eembog\u0103\u021bim cuno\u0219tin\u021bele cu informa\u021bii actualizate despre produse, nout\u0103\u021bi de la profesioni\u0219tii no\u0219tri \u0219i s\u0103 v\u0103 oferim inspira\u021bie prin proiecte construite pe funda\u021biile noastre cu \u0219uruburi. <\/p>\n\n<h3 class=\"wp-block-heading\">Sunt de acord cu<\/h3>\n\n<p>Prin \u00eenscrierea la newsletter-ul nostru, accepta\u021bi <a href=\"https:\/\/firstbasegroundscrews.com\/ro\/politica-de-confidentialitate\/\">Politica de confiden\u021bialitate<\/a> \u0219i ne oferi\u021bi permisiunea ca noi, echipa FIRST BASE Ground Screws, s\u0103 v\u0103 \u021binem la curent prin e-mail cu nout\u0103\u021bi, evolu\u021bii \u0219i multe altele. V\u0103 pute\u021bi dezabona de la acest newsletter \u00een orice moment folosind link-ul de dezabonare din e-mailurile noastre. <\/p>\n","protected":false},"excerpt":{"rendered":"Dori\u021bi s\u0103 fi\u021bi mereu primii informa\u021bi? \u00censcrie\u021bi-v\u0103 la newsletter-ul nostru Nout\u0103\u021bi, sfaturi de la profesioni\u0219ti \u0219i informa\u021bii utile Pentru noi, nu este vorba doar de a oferi clien\u021bilor \u0219i partenerilor no\u0219tri o funda\u021bie pe \u0219uruburi de \u00eenalt\u0103 calitate. Suntem bucuro\u0219i s\u0103 v\u0103 ajut\u0103m cu sfaturi utile \u0219i manuale, s\u0103 v\u0103 \u00eembog\u0103\u021bim cuno\u0219tin\u021bele cu informa\u021bii actualizate [&hellip;]","protected":false},"author":1,"featured_media":15752,"parent":0,"menu_order":0,"comment_status":"closed","ping_status":"closed","template":"","meta":{"_acf_changed":false,"footnotes":""},"class_list":["post-15763","page","type-page","status-publish","has-post-thumbnail","hentry"],"acf":[],"yoast_head":"<!-- This site is optimized with the Yoast SEO plugin v27.3 - https:\/\/yoast.com\/product\/yoast-seo-wordpress\/ -->\n<title>Abona\u021bi-v\u0103 la newsletter - FIRST BASE Ground Screws<\/title>\n<meta name=\"description\" content=\"\u00censcrie\u021bi-v\u0103 la newsletter-ul FIRST BASE Ground Screws \u0219i primi\u021bi sfaturi utile despre instalarea \u0219uruburilor de funda\u021bie \u0219i nout\u0103\u021bi de la profesioni\u0219ti.\" \/>\n<meta name=\"robots\" content=\"index, follow, max-snippet:-1, max-image-preview:large, max-video-preview:-1\" \/>\n<link rel=\"canonical\" href=\"https:\/\/firstbasegroundscrews.com\/ro\/abonati-va-la-newsletter\/\" \/>\n<meta property=\"og:locale\" content=\"ro_RO\" \/>\n<meta property=\"og:type\" content=\"article\" \/>\n<meta property=\"og:title\" content=\"Abona\u021bi-v\u0103 la newsletter - FIRST BASE Ground Screws\" \/>\n<meta property=\"og:description\" content=\"\u00censcrie\u021bi-v\u0103 la newsletter-ul FIRST BASE Ground Screws \u0219i primi\u021bi sfaturi utile despre instalarea \u0219uruburilor de funda\u021bie \u0219i nout\u0103\u021bi de la profesioni\u0219ti.\" \/>\n<meta property=\"og:url\" content=\"https:\/\/firstbasegroundscrews.com\/ro\/abonati-va-la-newsletter\/\" \/>\n<meta property=\"og:site_name\" content=\"FIRST BASE Ground Screws\" \/>\n<meta property=\"article:modified_time\" content=\"2026-03-10T10:16:18+00:00\" \/>\n<meta property=\"og:image\" content=\"https:\/\/firstbasegroundscrews.com\/wp-content\/uploads\/2019\/07\/fundament.jpg\" \/>\n\t<meta property=\"og:image:width\" content=\"1920\" \/>\n\t<meta property=\"og:image:height\" content=\"1080\" \/>\n\t<meta property=\"og:image:type\" content=\"image\/jpeg\" \/>\n<meta name=\"twitter:card\" content=\"summary_large_image\" \/>\n<meta name=\"twitter:label1\" content=\"Timp estimat pentru citire\" \/>\n\t<meta name=\"twitter:data1\" content=\"1 minut\" \/>\n<script type=\"application\/ld+json\" class=\"yoast-schema-graph\">{\"@context\":\"https:\\\/\\\/schema.org\",\"@graph\":[{\"@type\":\"WebPage\",\"@id\":\"https:\\\/\\\/firstbasegroundscrews.com\\\/ro\\\/abonati-va-la-newsletter\\\/\",\"url\":\"https:\\\/\\\/firstbasegroundscrews.com\\\/ro\\\/abonati-va-la-newsletter\\\/\",\"name\":\"Abona\u021bi-v\u0103 la newsletter - FIRST BASE Ground Screws\",\"isPartOf\":{\"@id\":\"https:\\\/\\\/firstbasegroundscrews.com\\\/ro\\\/#website\"},\"primaryImageOfPage\":{\"@id\":\"https:\\\/\\\/firstbasegroundscrews.com\\\/ro\\\/abonati-va-la-newsletter\\\/#primaryimage\"},\"image\":{\"@id\":\"https:\\\/\\\/firstbasegroundscrews.com\\\/ro\\\/abonati-va-la-newsletter\\\/#primaryimage\"},\"thumbnailUrl\":\"https:\\\/\\\/firstbasegroundscrews.com\\\/wp-content\\\/uploads\\\/2019\\\/07\\\/fundament.jpg\",\"datePublished\":\"2022-03-18T12:36:12+00:00\",\"dateModified\":\"2026-03-10T10:16:18+00:00\",\"description\":\"\u00censcrie\u021bi-v\u0103 la newsletter-ul FIRST BASE Ground Screws \u0219i primi\u021bi sfaturi utile despre instalarea \u0219uruburilor de funda\u021bie \u0219i nout\u0103\u021bi de la profesioni\u0219ti.\",\"breadcrumb\":{\"@id\":\"https:\\\/\\\/firstbasegroundscrews.com\\\/ro\\\/abonati-va-la-newsletter\\\/#breadcrumb\"},\"inLanguage\":\"ro-RO\",\"potentialAction\":[{\"@type\":\"ReadAction\",\"target\":[\"https:\\\/\\\/firstbasegroundscrews.com\\\/ro\\\/abonati-va-la-newsletter\\\/\"]}]},{\"@type\":\"ImageObject\",\"inLanguage\":\"ro-RO\",\"@id\":\"https:\\\/\\\/firstbasegroundscrews.com\\\/ro\\\/abonati-va-la-newsletter\\\/#primaryimage\",\"url\":\"https:\\\/\\\/firstbasegroundscrews.com\\\/wp-content\\\/uploads\\\/2019\\\/07\\\/fundament.jpg\",\"contentUrl\":\"https:\\\/\\\/firstbasegroundscrews.com\\\/wp-content\\\/uploads\\\/2019\\\/07\\\/fundament.jpg\",\"width\":1920,\"height\":1080,\"caption\":\"FIRST BASE Ground Screws - Key Visual\"},{\"@type\":\"BreadcrumbList\",\"@id\":\"https:\\\/\\\/firstbasegroundscrews.com\\\/ro\\\/abonati-va-la-newsletter\\\/#breadcrumb\",\"itemListElement\":[{\"@type\":\"ListItem\",\"position\":1,\"name\":\"Home\",\"item\":\"https:\\\/\\\/firstbasegroundscrews.com\\\/ro\\\/\"},{\"@type\":\"ListItem\",\"position\":2,\"name\":\"Abona\u021bi-v\u0103 la newsletter\"}]},{\"@type\":\"WebSite\",\"@id\":\"https:\\\/\\\/firstbasegroundscrews.com\\\/ro\\\/#website\",\"url\":\"https:\\\/\\\/firstbasegroundscrews.com\\\/ro\\\/\",\"name\":\"FIRST BASE Ground Screws\",\"description\":\"High quality ground screws for solid foundations\",\"potentialAction\":[{\"@type\":\"SearchAction\",\"target\":{\"@type\":\"EntryPoint\",\"urlTemplate\":\"https:\\\/\\\/firstbasegroundscrews.com\\\/ro\\\/?s={search_term_string}\"},\"query-input\":{\"@type\":\"PropertyValueSpecification\",\"valueRequired\":true,\"valueName\":\"search_term_string\"}}],\"inLanguage\":\"ro-RO\"}]}<\/script>\n<!-- \/ Yoast SEO plugin. -->","yoast_head_json":{"title":"Abona\u021bi-v\u0103 la newsletter - FIRST BASE Ground Screws","description":"\u00censcrie\u021bi-v\u0103 la newsletter-ul FIRST BASE Ground Screws \u0219i primi\u021bi sfaturi utile despre instalarea \u0219uruburilor de funda\u021bie \u0219i nout\u0103\u021bi de la profesioni\u0219ti.","robots":{"index":"index","follow":"follow","max-snippet":"max-snippet:-1","max-image-preview":"max-image-preview:large","max-video-preview":"max-video-preview:-1"},"canonical":"https:\/\/firstbasegroundscrews.com\/ro\/abonati-va-la-newsletter\/","og_locale":"ro_RO","og_type":"article","og_title":"Abona\u021bi-v\u0103 la newsletter - FIRST BASE Ground Screws","og_description":"\u00censcrie\u021bi-v\u0103 la newsletter-ul FIRST BASE Ground Screws \u0219i primi\u021bi sfaturi utile despre instalarea \u0219uruburilor de funda\u021bie \u0219i nout\u0103\u021bi de la profesioni\u0219ti.","og_url":"https:\/\/firstbasegroundscrews.com\/ro\/abonati-va-la-newsletter\/","og_site_name":"FIRST BASE Ground Screws","article_modified_time":"2026-03-10T10:16:18+00:00","og_image":[{"width":1920,"height":1080,"url":"https:\/\/firstbasegroundscrews.com\/wp-content\/uploads\/2019\/07\/fundament.jpg","type":"image\/jpeg"}],"twitter_card":"summary_large_image","twitter_misc":{"Timp estimat pentru citire":"1 minut"},"schema":{"@context":"https:\/\/schema.org","@graph":[{"@type":"WebPage","@id":"https:\/\/firstbasegroundscrews.com\/ro\/abonati-va-la-newsletter\/","url":"https:\/\/firstbasegroundscrews.com\/ro\/abonati-va-la-newsletter\/","name":"Abona\u021bi-v\u0103 la newsletter - FIRST BASE Ground Screws","isPartOf":{"@id":"https:\/\/firstbasegroundscrews.com\/ro\/#website"},"primaryImageOfPage":{"@id":"https:\/\/firstbasegroundscrews.com\/ro\/abonati-va-la-newsletter\/#primaryimage"},"image":{"@id":"https:\/\/firstbasegroundscrews.com\/ro\/abonati-va-la-newsletter\/#primaryimage"},"thumbnailUrl":"https:\/\/firstbasegroundscrews.com\/wp-content\/uploads\/2019\/07\/fundament.jpg","datePublished":"2022-03-18T12:36:12+00:00","dateModified":"2026-03-10T10:16:18+00:00","description":"\u00censcrie\u021bi-v\u0103 la newsletter-ul FIRST BASE Ground Screws \u0219i primi\u021bi sfaturi utile despre instalarea \u0219uruburilor de funda\u021bie \u0219i nout\u0103\u021bi de la profesioni\u0219ti.","breadcrumb":{"@id":"https:\/\/firstbasegroundscrews.com\/ro\/abonati-va-la-newsletter\/#breadcrumb"},"inLanguage":"ro-RO","potentialAction":[{"@type":"ReadAction","target":["https:\/\/firstbasegroundscrews.com\/ro\/abonati-va-la-newsletter\/"]}]},{"@type":"ImageObject","inLanguage":"ro-RO","@id":"https:\/\/firstbasegroundscrews.com\/ro\/abonati-va-la-newsletter\/#primaryimage","url":"https:\/\/firstbasegroundscrews.com\/wp-content\/uploads\/2019\/07\/fundament.jpg","contentUrl":"https:\/\/firstbasegroundscrews.com\/wp-content\/uploads\/2019\/07\/fundament.jpg","width":1920,"height":1080,"caption":"FIRST BASE Ground Screws - Key Visual"},{"@type":"BreadcrumbList","@id":"https:\/\/firstbasegroundscrews.com\/ro\/abonati-va-la-newsletter\/#breadcrumb","itemListElement":[{"@type":"ListItem","position":1,"name":"Home","item":"https:\/\/firstbasegroundscrews.com\/ro\/"},{"@type":"ListItem","position":2,"name":"Abona\u021bi-v\u0103 la newsletter"}]},{"@type":"WebSite","@id":"https:\/\/firstbasegroundscrews.com\/ro\/#website","url":"https:\/\/firstbasegroundscrews.com\/ro\/","name":"FIRST BASE Ground Screws","description":"High quality ground screws for solid foundations","potentialAction":[{"@type":"SearchAction","target":{"@type":"EntryPoint","urlTemplate":"https:\/\/firstbasegroundscrews.com\/ro\/?s={search_term_string}"},"query-input":{"@type":"PropertyValueSpecification","valueRequired":true,"valueName":"search_term_string"}}],"inLanguage":"ro-RO"}]}},"_links":{"self":[{"href":"https:\/\/firstbasegroundscrews.com\/ro\/wp-json\/wp\/v2\/pages\/15763","targetHints":{"allow":["GET"]}}],"collection":[{"href":"https:\/\/firstbasegroundscrews.com\/ro\/wp-json\/wp\/v2\/pages"}],"about":[{"href":"https:\/\/firstbasegroundscrews.com\/ro\/wp-json\/wp\/v2\/types\/page"}],"author":[{"embeddable":true,"href":"https:\/\/firstbasegroundscrews.com\/ro\/wp-json\/wp\/v2\/users\/1"}],"replies":[{"embeddable":true,"href":"https:\/\/firstbasegroundscrews.com\/ro\/wp-json\/wp\/v2\/comments?post=15763"}],"version-history":[{"count":2,"href":"https:\/\/firstbasegroundscrews.com\/ro\/wp-json\/wp\/v2\/pages\/15763\/revisions"}],"predecessor-version":[{"id":15784,"href":"https:\/\/firstbasegroundscrews.com\/ro\/wp-json\/wp\/v2\/pages\/15763\/revisions\/15784"}],"wp:featuredmedia":[{"embeddable":true,"href":"https:\/\/firstbasegroundscrews.com\/ro\/wp-json\/wp\/v2\/media\/15752"}],"wp:attachment":[{"href":"https:\/\/firstbasegroundscrews.com\/ro\/wp-json\/wp\/v2\/media?parent=15763"}],"curies":[{"name":"wp","href":"https:\/\/api.w.org\/{rel}","templated":true}]}}