{"id":15748,"date":"2019-05-20T14:09:45","date_gmt":"2019-05-20T14:09:45","guid":{"rendered":"https:\/\/firstbasegroundscrews.com\/faceti-o-singur\/"},"modified":"2026-03-10T10:13:11","modified_gmt":"2026-03-10T10:13:11","slug":"faceti-o-singur","status":"publish","type":"page","link":"https:\/\/firstbasegroundscrews.com\/ro\/faceti-o-singur\/","title":{"rendered":"FACE\u021aI-O SINGUR"},"content":{"rendered":"\n<h2 class=\"wp-block-heading\">FACE\u021aI-O SINGUR<\/h2>\n\n<p>\u0218uruburile de sol FIRST BASE pentru Face\u021bi-o Singur pot fi utilizate pentru toate aplica\u021biile dumneavoastr\u0103 din jurul casei. De la un gard sau o poart\u0103 mic\u0103 p\u00e2n\u0103 la un leag\u0103n pentru copii sau chiar un \u0219opron. Pot fi instalate cu u\u0219urin\u021b\u0103 manual (f\u0103r\u0103 a fi nevoie de utilaje grele) \u00een orice tip de sol. \u00cen orice condi\u021bii meteorologice. Cu beneficiul suplimentar al reutiliz\u0103rii.    <br\/><\/p>\n\n<h3 class=\"wp-block-heading\">Beneficiile dumneavoastr\u0103<\/h3>\n\n<ul class=\"wp-block-list\">\n<li>U\u0219or de instalat cu un instrument de instalare manual<\/li>\n\n\n\n<li>F\u0103r\u0103 s\u0103p\u0103turi, f\u0103r\u0103 beton necesar<\/li>\n\n\n\n<li>Potrivit pentru orice tip de sol <\/li>\n<\/ul>\n\n<h3 class=\"wp-block-heading\"><\/h3>\n\n<div class=\"wp-block-button fba-button\"><a class=\"wp-block-button__link wp-element-button\" href=\"https:\/\/firstbasegroundscrews.com\/ro\/calculator-suruburi-de-fundament\/\">PRODUSE<\/a><\/div>\n\n<h3 class=\"wp-block-heading\">Cum func\u021bioneaz\u0103?<\/h3>\n\n  <div class=\"application-grid__yt-player\" style=\"position:relative;\">\n    <span class=\"ytPlayerTrigger\" data-ytid=\"smEN3nC4q_Q\"><\/span>\n    <img decoding=\"async\" src=\"https:\/\/firstbasegroundscrews.com\/wp-content\/uploads\/2023\/02\/FIRST-BASE-DIY-Animatie-Voorvertoning.png\" class=\"application-grid__image\">\n  <\/div>","protected":false},"excerpt":{"rendered":"\u0218uruburile de sol FIRST BASE pentru Face\u021bi-o Singur pot fi utilizate pentru toate aplica\u021biile dumneavoastr\u0103 din jurul casei. De la un gard sau o poart\u0103 mic\u0103 p\u00e2n\u0103 la un leag\u0103n pentru copii sau chiar un \u0219opron. Pot fi instalate cu u\u0219urin\u021b\u0103 manual (f\u0103r\u0103 a fi nevoie de utilaje grele) \u00een orice tip de sol. \u00cen orice condi\u021bii meteorologice. Cu beneficiul suplimentar al reutiliz\u0103rii.    ","protected":false},"author":1,"featured_media":15681,"parent":0,"menu_order":0,"comment_status":"closed","ping_status":"closed","template":"templates\/page_diy.php","meta":{"_acf_changed":false,"footnotes":""},"class_list":["post-15748","page","type-page","status-publish","has-post-thumbnail","hentry"],"acf":[],"yoast_head":"<!-- This site is optimized with the Yoast SEO plugin v27.3 - https:\/\/yoast.com\/product\/yoast-seo-wordpress\/ -->\n<title>FACE\u021aI-O SINGUR - FIRST BASE Ground Screws<\/title>\n<meta name=\"description\" content=\"\u0218uruburile de sol FIRST BASE pentru Face\u021bi-o Singur pot fi utilizate pentru toate aplica\u021biile dumneavoastr\u0103 din jurul casei. Consulta\u021bi Localizatorul de Dealeri.\" \/>\n<meta name=\"robots\" content=\"index, follow, max-snippet:-1, max-image-preview:large, max-video-preview:-1\" \/>\n<link rel=\"canonical\" href=\"https:\/\/firstbasegroundscrews.com\/ro\/faceti-o-singur\/\" \/>\n<meta property=\"og:locale\" content=\"ro_RO\" \/>\n<meta property=\"og:type\" content=\"article\" \/>\n<meta property=\"og:title\" content=\"FACE\u021aI-O SINGUR - FIRST BASE Ground Screws\" \/>\n<meta property=\"og:description\" content=\"\u0218uruburile de sol FIRST BASE pentru Face\u021bi-o Singur pot fi utilizate pentru toate aplica\u021biile dumneavoastr\u0103 din jurul casei. Consulta\u021bi Localizatorul de Dealeri.\" \/>\n<meta property=\"og:url\" content=\"https:\/\/firstbasegroundscrews.com\/ro\/faceti-o-singur\/\" \/>\n<meta property=\"og:site_name\" content=\"FIRST BASE Ground Screws\" \/>\n<meta property=\"article:modified_time\" content=\"2026-03-10T10:13:11+00:00\" \/>\n<meta property=\"og:image\" content=\"https:\/\/firstbasegroundscrews.com\/wp-content\/uploads\/2019\/08\/header-budget-e1733238685293.jpg\" \/>\n\t<meta property=\"og:image:width\" content=\"2259\" \/>\n\t<meta property=\"og:image:height\" content=\"587\" \/>\n\t<meta property=\"og:image:type\" content=\"image\/jpeg\" \/>\n<meta name=\"twitter:card\" content=\"summary_large_image\" \/>\n<meta name=\"twitter:label1\" content=\"Timp estimat pentru citire\" \/>\n\t<meta name=\"twitter:data1\" content=\"1 minut\" \/>\n<script type=\"application\/ld+json\" class=\"yoast-schema-graph\">{\"@context\":\"https:\\\/\\\/schema.org\",\"@graph\":[{\"@type\":\"WebPage\",\"@id\":\"https:\\\/\\\/firstbasegroundscrews.com\\\/ro\\\/faceti-o-singur\\\/\",\"url\":\"https:\\\/\\\/firstbasegroundscrews.com\\\/ro\\\/faceti-o-singur\\\/\",\"name\":\"FACE\u021aI-O SINGUR - FIRST BASE Ground Screws\",\"isPartOf\":{\"@id\":\"https:\\\/\\\/firstbasegroundscrews.com\\\/ro\\\/#website\"},\"primaryImageOfPage\":{\"@id\":\"https:\\\/\\\/firstbasegroundscrews.com\\\/ro\\\/faceti-o-singur\\\/#primaryimage\"},\"image\":{\"@id\":\"https:\\\/\\\/firstbasegroundscrews.com\\\/ro\\\/faceti-o-singur\\\/#primaryimage\"},\"thumbnailUrl\":\"https:\\\/\\\/firstbasegroundscrews.com\\\/wp-content\\\/uploads\\\/2019\\\/08\\\/header-budget-e1733238685293.jpg\",\"datePublished\":\"2019-05-20T14:09:45+00:00\",\"dateModified\":\"2026-03-10T10:13:11+00:00\",\"description\":\"\u0218uruburile de sol FIRST BASE pentru Face\u021bi-o Singur pot fi utilizate pentru toate aplica\u021biile dumneavoastr\u0103 din jurul casei. Consulta\u021bi Localizatorul de Dealeri.\",\"breadcrumb\":{\"@id\":\"https:\\\/\\\/firstbasegroundscrews.com\\\/ro\\\/faceti-o-singur\\\/#breadcrumb\"},\"inLanguage\":\"ro-RO\",\"potentialAction\":[{\"@type\":\"ReadAction\",\"target\":[\"https:\\\/\\\/firstbasegroundscrews.com\\\/ro\\\/faceti-o-singur\\\/\"]}]},{\"@type\":\"ImageObject\",\"inLanguage\":\"ro-RO\",\"@id\":\"https:\\\/\\\/firstbasegroundscrews.com\\\/ro\\\/faceti-o-singur\\\/#primaryimage\",\"url\":\"https:\\\/\\\/firstbasegroundscrews.com\\\/wp-content\\\/uploads\\\/2019\\\/08\\\/header-budget-e1733238685293.jpg\",\"contentUrl\":\"https:\\\/\\\/firstbasegroundscrews.com\\\/wp-content\\\/uploads\\\/2019\\\/08\\\/header-budget-e1733238685293.jpg\",\"width\":2259,\"height\":587,\"caption\":\"FIRST BASE Ground Screws D-I-Y\"},{\"@type\":\"BreadcrumbList\",\"@id\":\"https:\\\/\\\/firstbasegroundscrews.com\\\/ro\\\/faceti-o-singur\\\/#breadcrumb\",\"itemListElement\":[{\"@type\":\"ListItem\",\"position\":1,\"name\":\"Home\",\"item\":\"https:\\\/\\\/firstbasegroundscrews.com\\\/ro\\\/\"},{\"@type\":\"ListItem\",\"position\":2,\"name\":\"FACE\u021aI-O SINGUR\"}]},{\"@type\":\"WebSite\",\"@id\":\"https:\\\/\\\/firstbasegroundscrews.com\\\/ro\\\/#website\",\"url\":\"https:\\\/\\\/firstbasegroundscrews.com\\\/ro\\\/\",\"name\":\"FIRST BASE Ground Screws\",\"description\":\"High quality ground screws for solid foundations\",\"potentialAction\":[{\"@type\":\"SearchAction\",\"target\":{\"@type\":\"EntryPoint\",\"urlTemplate\":\"https:\\\/\\\/firstbasegroundscrews.com\\\/ro\\\/?s={search_term_string}\"},\"query-input\":{\"@type\":\"PropertyValueSpecification\",\"valueRequired\":true,\"valueName\":\"search_term_string\"}}],\"inLanguage\":\"ro-RO\"}]}<\/script>\n<!-- \/ Yoast SEO plugin. -->","yoast_head_json":{"title":"FACE\u021aI-O SINGUR - FIRST BASE Ground Screws","description":"\u0218uruburile de sol FIRST BASE pentru Face\u021bi-o Singur pot fi utilizate pentru toate aplica\u021biile dumneavoastr\u0103 din jurul casei. Consulta\u021bi Localizatorul de Dealeri.","robots":{"index":"index","follow":"follow","max-snippet":"max-snippet:-1","max-image-preview":"max-image-preview:large","max-video-preview":"max-video-preview:-1"},"canonical":"https:\/\/firstbasegroundscrews.com\/ro\/faceti-o-singur\/","og_locale":"ro_RO","og_type":"article","og_title":"FACE\u021aI-O SINGUR - FIRST BASE Ground Screws","og_description":"\u0218uruburile de sol FIRST BASE pentru Face\u021bi-o Singur pot fi utilizate pentru toate aplica\u021biile dumneavoastr\u0103 din jurul casei. Consulta\u021bi Localizatorul de Dealeri.","og_url":"https:\/\/firstbasegroundscrews.com\/ro\/faceti-o-singur\/","og_site_name":"FIRST BASE Ground Screws","article_modified_time":"2026-03-10T10:13:11+00:00","og_image":[{"width":2259,"height":587,"url":"https:\/\/firstbasegroundscrews.com\/wp-content\/uploads\/2019\/08\/header-budget-e1733238685293.jpg","type":"image\/jpeg"}],"twitter_card":"summary_large_image","twitter_misc":{"Timp estimat pentru citire":"1 minut"},"schema":{"@context":"https:\/\/schema.org","@graph":[{"@type":"WebPage","@id":"https:\/\/firstbasegroundscrews.com\/ro\/faceti-o-singur\/","url":"https:\/\/firstbasegroundscrews.com\/ro\/faceti-o-singur\/","name":"FACE\u021aI-O SINGUR - FIRST BASE Ground Screws","isPartOf":{"@id":"https:\/\/firstbasegroundscrews.com\/ro\/#website"},"primaryImageOfPage":{"@id":"https:\/\/firstbasegroundscrews.com\/ro\/faceti-o-singur\/#primaryimage"},"image":{"@id":"https:\/\/firstbasegroundscrews.com\/ro\/faceti-o-singur\/#primaryimage"},"thumbnailUrl":"https:\/\/firstbasegroundscrews.com\/wp-content\/uploads\/2019\/08\/header-budget-e1733238685293.jpg","datePublished":"2019-05-20T14:09:45+00:00","dateModified":"2026-03-10T10:13:11+00:00","description":"\u0218uruburile de sol FIRST BASE pentru Face\u021bi-o Singur pot fi utilizate pentru toate aplica\u021biile dumneavoastr\u0103 din jurul casei. Consulta\u021bi Localizatorul de Dealeri.","breadcrumb":{"@id":"https:\/\/firstbasegroundscrews.com\/ro\/faceti-o-singur\/#breadcrumb"},"inLanguage":"ro-RO","potentialAction":[{"@type":"ReadAction","target":["https:\/\/firstbasegroundscrews.com\/ro\/faceti-o-singur\/"]}]},{"@type":"ImageObject","inLanguage":"ro-RO","@id":"https:\/\/firstbasegroundscrews.com\/ro\/faceti-o-singur\/#primaryimage","url":"https:\/\/firstbasegroundscrews.com\/wp-content\/uploads\/2019\/08\/header-budget-e1733238685293.jpg","contentUrl":"https:\/\/firstbasegroundscrews.com\/wp-content\/uploads\/2019\/08\/header-budget-e1733238685293.jpg","width":2259,"height":587,"caption":"FIRST BASE Ground Screws D-I-Y"},{"@type":"BreadcrumbList","@id":"https:\/\/firstbasegroundscrews.com\/ro\/faceti-o-singur\/#breadcrumb","itemListElement":[{"@type":"ListItem","position":1,"name":"Home","item":"https:\/\/firstbasegroundscrews.com\/ro\/"},{"@type":"ListItem","position":2,"name":"FACE\u021aI-O SINGUR"}]},{"@type":"WebSite","@id":"https:\/\/firstbasegroundscrews.com\/ro\/#website","url":"https:\/\/firstbasegroundscrews.com\/ro\/","name":"FIRST BASE Ground Screws","description":"High quality ground screws for solid foundations","potentialAction":[{"@type":"SearchAction","target":{"@type":"EntryPoint","urlTemplate":"https:\/\/firstbasegroundscrews.com\/ro\/?s={search_term_string}"},"query-input":{"@type":"PropertyValueSpecification","valueRequired":true,"valueName":"search_term_string"}}],"inLanguage":"ro-RO"}]}},"_links":{"self":[{"href":"https:\/\/firstbasegroundscrews.com\/ro\/wp-json\/wp\/v2\/pages\/15748","targetHints":{"allow":["GET"]}}],"collection":[{"href":"https:\/\/firstbasegroundscrews.com\/ro\/wp-json\/wp\/v2\/pages"}],"about":[{"href":"https:\/\/firstbasegroundscrews.com\/ro\/wp-json\/wp\/v2\/types\/page"}],"author":[{"embeddable":true,"href":"https:\/\/firstbasegroundscrews.com\/ro\/wp-json\/wp\/v2\/users\/1"}],"replies":[{"embeddable":true,"href":"https:\/\/firstbasegroundscrews.com\/ro\/wp-json\/wp\/v2\/comments?post=15748"}],"version-history":[{"count":1,"href":"https:\/\/firstbasegroundscrews.com\/ro\/wp-json\/wp\/v2\/pages\/15748\/revisions"}],"predecessor-version":[{"id":15750,"href":"https:\/\/firstbasegroundscrews.com\/ro\/wp-json\/wp\/v2\/pages\/15748\/revisions\/15750"}],"wp:featuredmedia":[{"embeddable":true,"href":"https:\/\/firstbasegroundscrews.com\/ro\/wp-json\/wp\/v2\/media\/15681"}],"wp:attachment":[{"href":"https:\/\/firstbasegroundscrews.com\/ro\/wp-json\/wp\/v2\/media?parent=15748"}],"curies":[{"name":"wp","href":"https:\/\/api.w.org\/{rel}","templated":true}]}}