{"id":15745,"date":"2019-05-20T14:09:37","date_gmt":"2019-05-20T14:09:37","guid":{"rendered":"https:\/\/firstbasegroundscrews.com\/seria-pro\/"},"modified":"2026-03-10T10:13:11","modified_gmt":"2026-03-10T10:13:11","slug":"seria-pro","status":"publish","type":"page","link":"https:\/\/firstbasegroundscrews.com\/ro\/seria-pro\/","title":{"rendered":"Seria PRO"},"content":{"rendered":"\n<h2 class=\"wp-block-heading\"><strong>FIRST BASE Seria PRO<\/strong><\/h2>\n\n<p>Seria FIRST BASE PRO este dezvoltat\u0103 pentru capacit\u0103\u021bi de sus\u021binere a sarcinilor mai mari. Produs\u0103 conform standardelor EN-1090-2 \u0219i galvanizat\u0103 termic, Seria PRO v\u0103 asigur\u0103 o capacitate ridicat\u0103 de sus\u021binere a sarcinilor, cu beneficiul suplimentar al instal\u0103rii u\u0219oare (\u0219i rapide!) \u00een orice tip de sol. Solu\u021bia perfect\u0103 at\u00e2t pentru construc\u021bii temporare, c\u00e2t \u0219i permanente.   <\/p>\n\n<h3 class=\"wp-block-heading\">Beneficiile<\/h3>\n\n<ul class=\"wp-block-list\">\n<li>Nu este necesar beton (deci f\u0103r\u0103 timp de uscare) <\/li>\n\n\n\n<li>F\u0103r\u0103 s\u0103p\u0103turi, f\u0103r\u0103 dezordine <\/li>\n\n\n\n<li>Nu necesit\u0103 \u00eentre\u021binere (durat\u0103 lung\u0103 de via\u021b\u0103) <\/li>\n\n\n\n<li>Instalare rapid\u0103 (chiar \u0219i iarna)<\/li>\n<\/ul>\n\n<h3 class=\"wp-block-heading\"><\/h3>\n\n<div class=\"wp-block-buttons is-layout-flex wp-block-buttons-is-layout-flex\">\n<div class=\"wp-block-button\"><a class=\"wp-block-button__link wp-element-button\" href=\"https:\/\/firstbasegroundscrews.com\/product-range\/\">Produse<\/a><\/div>\n\n\n\n<div class=\"wp-block-button alignleft\"><a class=\"wp-block-button__link wp-element-button\" href=\"https:\/\/firstbasegroundscrews.com\/ro\/calculator-suruburi-de-fundament\/\">Calcula\u021bi aici<\/a><\/div>\n<\/div>\n\n    <div class=\"applications-slider\" data-count=\"0\">\n      <div class=\"applications-slider__controls\">\n        <!--<div class=\"applications-slider__control\"><\/div>\n        <div class=\"applications-slider__control\"><\/div>-->\n        <div class=\"applications-slider__indicators\"><\/div>\n        <a href=\"https:\/\/firstbasegroundscrews.com\/ro\/wp-json\/wp\/v2\/pages\/15745projects\/\" class=\"fba-button\">\n          <span>STUDII DE CAZ<\/span>\n        <\/a>\n      <\/div>\n      <div class=\"applications-slider__content\">\n        \n      <\/div>\n    <\/div>\n    \n\n<p><\/p>\n","protected":false},"excerpt":{"rendered":"\u0218urubul de funda\u021bie FIRST BASE Pro este dezvoltat pentru capacit\u0103\u021bi de sus\u021binere a sarcinilor mai mari. Produs \u00een conformitate cu standardele EN-1090-2 \u0219i galvanizat conform DIN EN ISO 1461, tipul Pro v\u0103 asigur\u0103 o stabilitate extrem\u0103, cu beneficiul suplimentar al instal\u0103rii u\u0219oare (deci rapide!) \u00een orice tip de sol. ","protected":false},"author":1,"featured_media":15716,"parent":0,"menu_order":0,"comment_status":"closed","ping_status":"closed","template":"","meta":{"_acf_changed":false,"footnotes":""},"class_list":["post-15745","page","type-page","status-publish","has-post-thumbnail","hentry"],"acf":[],"yoast_head":"<!-- This site is optimized with the Yoast SEO plugin v27.3 - https:\/\/yoast.com\/product\/yoast-seo-wordpress\/ -->\n<title>Seria PRO - FIRST BASE Ground Screws<\/title>\n<meta name=\"description\" content=\"Seria PRO este dezvoltat\u0103 pentru capacit\u0103\u021bi de sus\u021binere a sarcinilor mai mari. Solu\u021bia perfect\u0103 at\u00e2t pentru construc\u021bii temporare, c\u00e2t \u0219i permanente.\" \/>\n<meta name=\"robots\" content=\"index, follow, max-snippet:-1, max-image-preview:large, max-video-preview:-1\" \/>\n<link rel=\"canonical\" href=\"https:\/\/firstbasegroundscrews.com\/ro\/seria-pro\/\" \/>\n<meta property=\"og:locale\" content=\"ro_RO\" \/>\n<meta property=\"og:type\" content=\"article\" \/>\n<meta property=\"og:title\" content=\"Seria PRO - FIRST BASE Ground Screws\" \/>\n<meta property=\"og:description\" content=\"Seria PRO este dezvoltat\u0103 pentru capacit\u0103\u021bi de sus\u021binere a sarcinilor mai mari. Solu\u021bia perfect\u0103 at\u00e2t pentru construc\u021bii temporare, c\u00e2t \u0219i permanente.\" \/>\n<meta property=\"og:url\" content=\"https:\/\/firstbasegroundscrews.com\/ro\/seria-pro\/\" \/>\n<meta property=\"og:site_name\" content=\"FIRST BASE Ground Screws\" \/>\n<meta property=\"article:modified_time\" content=\"2026-03-10T10:13:11+00:00\" \/>\n<meta property=\"og:image\" content=\"https:\/\/firstbasegroundscrews.com\/wp-content\/uploads\/2019\/08\/header-pro.jpg\" \/>\n\t<meta property=\"og:image:width\" content=\"2259\" \/>\n\t<meta property=\"og:image:height\" content=\"800\" \/>\n\t<meta property=\"og:image:type\" content=\"image\/jpeg\" \/>\n<meta name=\"twitter:card\" content=\"summary_large_image\" \/>\n<meta name=\"twitter:label1\" content=\"Timp estimat pentru citire\" \/>\n\t<meta name=\"twitter:data1\" content=\"1 minut\" \/>\n<script type=\"application\/ld+json\" class=\"yoast-schema-graph\">{\"@context\":\"https:\\\/\\\/schema.org\",\"@graph\":[{\"@type\":\"WebPage\",\"@id\":\"https:\\\/\\\/firstbasegroundscrews.com\\\/ro\\\/seria-pro\\\/\",\"url\":\"https:\\\/\\\/firstbasegroundscrews.com\\\/ro\\\/seria-pro\\\/\",\"name\":\"Seria PRO - FIRST BASE Ground Screws\",\"isPartOf\":{\"@id\":\"https:\\\/\\\/firstbasegroundscrews.com\\\/ro\\\/#website\"},\"primaryImageOfPage\":{\"@id\":\"https:\\\/\\\/firstbasegroundscrews.com\\\/ro\\\/seria-pro\\\/#primaryimage\"},\"image\":{\"@id\":\"https:\\\/\\\/firstbasegroundscrews.com\\\/ro\\\/seria-pro\\\/#primaryimage\"},\"thumbnailUrl\":\"https:\\\/\\\/firstbasegroundscrews.com\\\/wp-content\\\/uploads\\\/2019\\\/08\\\/header-pro.jpg\",\"datePublished\":\"2019-05-20T14:09:37+00:00\",\"dateModified\":\"2026-03-10T10:13:11+00:00\",\"description\":\"Seria PRO este dezvoltat\u0103 pentru capacit\u0103\u021bi de sus\u021binere a sarcinilor mai mari. Solu\u021bia perfect\u0103 at\u00e2t pentru construc\u021bii temporare, c\u00e2t \u0219i permanente.\",\"breadcrumb\":{\"@id\":\"https:\\\/\\\/firstbasegroundscrews.com\\\/ro\\\/seria-pro\\\/#breadcrumb\"},\"inLanguage\":\"ro-RO\",\"potentialAction\":[{\"@type\":\"ReadAction\",\"target\":[\"https:\\\/\\\/firstbasegroundscrews.com\\\/ro\\\/seria-pro\\\/\"]}]},{\"@type\":\"ImageObject\",\"inLanguage\":\"ro-RO\",\"@id\":\"https:\\\/\\\/firstbasegroundscrews.com\\\/ro\\\/seria-pro\\\/#primaryimage\",\"url\":\"https:\\\/\\\/firstbasegroundscrews.com\\\/wp-content\\\/uploads\\\/2019\\\/08\\\/header-pro.jpg\",\"contentUrl\":\"https:\\\/\\\/firstbasegroundscrews.com\\\/wp-content\\\/uploads\\\/2019\\\/08\\\/header-pro.jpg\",\"width\":2259,\"height\":800,\"caption\":\"FIRST BASE Ground Screws PRO\"},{\"@type\":\"BreadcrumbList\",\"@id\":\"https:\\\/\\\/firstbasegroundscrews.com\\\/ro\\\/seria-pro\\\/#breadcrumb\",\"itemListElement\":[{\"@type\":\"ListItem\",\"position\":1,\"name\":\"Home\",\"item\":\"https:\\\/\\\/firstbasegroundscrews.com\\\/ro\\\/\"},{\"@type\":\"ListItem\",\"position\":2,\"name\":\"Seria PRO\"}]},{\"@type\":\"WebSite\",\"@id\":\"https:\\\/\\\/firstbasegroundscrews.com\\\/ro\\\/#website\",\"url\":\"https:\\\/\\\/firstbasegroundscrews.com\\\/ro\\\/\",\"name\":\"FIRST BASE Ground Screws\",\"description\":\"High quality ground screws for solid foundations\",\"potentialAction\":[{\"@type\":\"SearchAction\",\"target\":{\"@type\":\"EntryPoint\",\"urlTemplate\":\"https:\\\/\\\/firstbasegroundscrews.com\\\/ro\\\/?s={search_term_string}\"},\"query-input\":{\"@type\":\"PropertyValueSpecification\",\"valueRequired\":true,\"valueName\":\"search_term_string\"}}],\"inLanguage\":\"ro-RO\"}]}<\/script>\n<!-- \/ Yoast SEO plugin. -->","yoast_head_json":{"title":"Seria PRO - FIRST BASE Ground Screws","description":"Seria PRO este dezvoltat\u0103 pentru capacit\u0103\u021bi de sus\u021binere a sarcinilor mai mari. Solu\u021bia perfect\u0103 at\u00e2t pentru construc\u021bii temporare, c\u00e2t \u0219i permanente.","robots":{"index":"index","follow":"follow","max-snippet":"max-snippet:-1","max-image-preview":"max-image-preview:large","max-video-preview":"max-video-preview:-1"},"canonical":"https:\/\/firstbasegroundscrews.com\/ro\/seria-pro\/","og_locale":"ro_RO","og_type":"article","og_title":"Seria PRO - FIRST BASE Ground Screws","og_description":"Seria PRO este dezvoltat\u0103 pentru capacit\u0103\u021bi de sus\u021binere a sarcinilor mai mari. Solu\u021bia perfect\u0103 at\u00e2t pentru construc\u021bii temporare, c\u00e2t \u0219i permanente.","og_url":"https:\/\/firstbasegroundscrews.com\/ro\/seria-pro\/","og_site_name":"FIRST BASE Ground Screws","article_modified_time":"2026-03-10T10:13:11+00:00","og_image":[{"width":2259,"height":800,"url":"https:\/\/firstbasegroundscrews.com\/wp-content\/uploads\/2019\/08\/header-pro.jpg","type":"image\/jpeg"}],"twitter_card":"summary_large_image","twitter_misc":{"Timp estimat pentru citire":"1 minut"},"schema":{"@context":"https:\/\/schema.org","@graph":[{"@type":"WebPage","@id":"https:\/\/firstbasegroundscrews.com\/ro\/seria-pro\/","url":"https:\/\/firstbasegroundscrews.com\/ro\/seria-pro\/","name":"Seria PRO - FIRST BASE Ground Screws","isPartOf":{"@id":"https:\/\/firstbasegroundscrews.com\/ro\/#website"},"primaryImageOfPage":{"@id":"https:\/\/firstbasegroundscrews.com\/ro\/seria-pro\/#primaryimage"},"image":{"@id":"https:\/\/firstbasegroundscrews.com\/ro\/seria-pro\/#primaryimage"},"thumbnailUrl":"https:\/\/firstbasegroundscrews.com\/wp-content\/uploads\/2019\/08\/header-pro.jpg","datePublished":"2019-05-20T14:09:37+00:00","dateModified":"2026-03-10T10:13:11+00:00","description":"Seria PRO este dezvoltat\u0103 pentru capacit\u0103\u021bi de sus\u021binere a sarcinilor mai mari. Solu\u021bia perfect\u0103 at\u00e2t pentru construc\u021bii temporare, c\u00e2t \u0219i permanente.","breadcrumb":{"@id":"https:\/\/firstbasegroundscrews.com\/ro\/seria-pro\/#breadcrumb"},"inLanguage":"ro-RO","potentialAction":[{"@type":"ReadAction","target":["https:\/\/firstbasegroundscrews.com\/ro\/seria-pro\/"]}]},{"@type":"ImageObject","inLanguage":"ro-RO","@id":"https:\/\/firstbasegroundscrews.com\/ro\/seria-pro\/#primaryimage","url":"https:\/\/firstbasegroundscrews.com\/wp-content\/uploads\/2019\/08\/header-pro.jpg","contentUrl":"https:\/\/firstbasegroundscrews.com\/wp-content\/uploads\/2019\/08\/header-pro.jpg","width":2259,"height":800,"caption":"FIRST BASE Ground Screws PRO"},{"@type":"BreadcrumbList","@id":"https:\/\/firstbasegroundscrews.com\/ro\/seria-pro\/#breadcrumb","itemListElement":[{"@type":"ListItem","position":1,"name":"Home","item":"https:\/\/firstbasegroundscrews.com\/ro\/"},{"@type":"ListItem","position":2,"name":"Seria PRO"}]},{"@type":"WebSite","@id":"https:\/\/firstbasegroundscrews.com\/ro\/#website","url":"https:\/\/firstbasegroundscrews.com\/ro\/","name":"FIRST BASE Ground Screws","description":"High quality ground screws for solid foundations","potentialAction":[{"@type":"SearchAction","target":{"@type":"EntryPoint","urlTemplate":"https:\/\/firstbasegroundscrews.com\/ro\/?s={search_term_string}"},"query-input":{"@type":"PropertyValueSpecification","valueRequired":true,"valueName":"search_term_string"}}],"inLanguage":"ro-RO"}]}},"_links":{"self":[{"href":"https:\/\/firstbasegroundscrews.com\/ro\/wp-json\/wp\/v2\/pages\/15745","targetHints":{"allow":["GET"]}}],"collection":[{"href":"https:\/\/firstbasegroundscrews.com\/ro\/wp-json\/wp\/v2\/pages"}],"about":[{"href":"https:\/\/firstbasegroundscrews.com\/ro\/wp-json\/wp\/v2\/types\/page"}],"author":[{"embeddable":true,"href":"https:\/\/firstbasegroundscrews.com\/ro\/wp-json\/wp\/v2\/users\/1"}],"replies":[{"embeddable":true,"href":"https:\/\/firstbasegroundscrews.com\/ro\/wp-json\/wp\/v2\/comments?post=15745"}],"version-history":[{"count":1,"href":"https:\/\/firstbasegroundscrews.com\/ro\/wp-json\/wp\/v2\/pages\/15745\/revisions"}],"predecessor-version":[{"id":15747,"href":"https:\/\/firstbasegroundscrews.com\/ro\/wp-json\/wp\/v2\/pages\/15745\/revisions\/15747"}],"wp:featuredmedia":[{"embeddable":true,"href":"https:\/\/firstbasegroundscrews.com\/ro\/wp-json\/wp\/v2\/media\/15716"}],"wp:attachment":[{"href":"https:\/\/firstbasegroundscrews.com\/ro\/wp-json\/wp\/v2\/media?parent=15745"}],"curies":[{"name":"wp","href":"https:\/\/api.w.org\/{rel}","templated":true}]}}