{"id":15720,"date":"2022-09-28T13:59:41","date_gmt":"2022-09-28T13:59:41","guid":{"rendered":"https:\/\/firstbasegroundscrews.com\/fundatie-circulara\/"},"modified":"2026-04-09T12:16:06","modified_gmt":"2026-04-09T12:16:06","slug":"fundatie-circulara","status":"publish","type":"page","link":"https:\/\/firstbasegroundscrews.com\/ro\/despre-first-base\/fundatie-circulara\/","title":{"rendered":"Funda\u021bie circular\u0103"},"content":{"rendered":"\n<h2 class=\"wp-block-heading\">Funda\u021bii sustenabile, circulare<\/h2>\n\n\n\n<p>R\u0103d\u0103cinile noastre sunt ad\u00e2nci, la fel ca tehnologia noastr\u0103 inovatoare a \u0219uruburilor de funda\u021bie. Cu ani de experien\u021b\u0103 \u00een industrie, ne-am perfec\u021bionat expertiza pentru a v\u0103 oferi cele mai eficiente, ecologice \u0219i rentabile solu\u021bii de funda\u021bie. Ceea ce ne diferen\u021biaz\u0103 este angajamentul nostru fa\u021b\u0103 de mediu.   <\/p>\n\n\n\n<p>Construc\u021bia cu pilo\u021bi \u00een\u0219uruba\u021bi reprezint\u0103 o solu\u021bie sustenabil\u0103 \u0219i ecologic\u0103 pentru crearea structurilor pe o funda\u021bie solid\u0103 \u0219i stabil\u0103. Spre deosebire de funda\u021biile tradi\u021bionale, care utilizeaz\u0103 beton \u0219i alte materiale nereciclabile, \u0219uruburile de funda\u021bie sunt complet reutilizabile \u0219i pot fi dezasamblate \u0219i folosite \u00een alt\u0103 parte. <br><\/p>\n\n\n\n<h3 class=\"wp-block-heading\">Beneficiile<\/h3>\n\n\n\n<p>Utilizarea piloni \u00een\u0219uruba\u021bi ofer\u0103 nu doar avantaje de sustenabilitate, ci \u0219i beneficii \u00een ceea ce prive\u0219te viteza \u0219i eficien\u021ba. Procesul de instalare este rapid \u0219i simplu, deoarece nu necesit\u0103 excavare \u0219i nu este nevoie de turnarea sau \u00eent\u0103rirea betonului. Acest lucru \u00eenseamn\u0103 c\u0103 timpul de instalare este mai scurt, iar lucr\u0103rile de construc\u021bie pot fi finalizate mai rapid.<\/p>\n\n\n\n<p>Mai mult, piloni \u00een\u0219uruba\u021bi ofer\u0103 o stabilitate excelent\u0103 \u0219i sunt potrivi\u021bi pentru o gam\u0103 larg\u0103 de proiecte, de la construc\u021bii mici la cele de mari dimensiuni. \u0218uruburile pot fi personalizate pentru a \u00eendeplini cerin\u021bele specifice ale proiectului \u0219i pot fi utilizate \u00een aproape orice tip de sol.<\/p>\n\n\n\n<p>Un avantaj suplimentar al construc\u021biei cu piloni \u00een\u0219uruba\u021bi este rentabilitatea pe termen lung. Deoarece \u0219uruburile pot fi dezasamblate \u0219i reutilizate \u00een alt\u0103 parte, se genereaz\u0103 mai pu\u021bine de\u0219euri, iar costurile materialelor pentru proiectele viitoare sunt reduse.<\/p>\n\n\n\n<h3 class=\"wp-block-heading\"><strong>Construim viitorul, ast\u0103zi<\/strong><\/h3>\n\n\n\n<p>Credem \u00een sustenabilitate, iar piloni no\u0219tri \u00een\u0219uruba\u021bi sunt concepu\u021bi pentru a minimiza amprenta ecologic\u0103 a proiectelor dumneavoastr\u0103. Ace\u0219tia ofer\u0103 o alternativ\u0103 mai ecologic\u0103 la funda\u021biile tradi\u021bionale din beton, asigur\u00e2ndu-v\u0103 c\u0103 nu doar construi\u021bi mai bine, ci \u0219i contribui\u021bi la o planet\u0103 mai s\u0103n\u0103toas\u0103. Funda\u021biile noastre pe \u0219uruburi respect\u0103 standardele EN-1090-2 \u0219i poart\u0103 marcajul CE, o cerin\u021b\u0103 legal\u0103 pentru produsele de construc\u021bie \u00een SEE \u0219i nu numai. Aceast\u0103 certificare garanteaz\u0103 conformitatea cu reglement\u0103rile \u0219i standardele de siguran\u021b\u0103.<\/p>\n\n\n\n<p><a href=\"https:\/\/firstbasegroundscrews.com\/ro\/contact\/\">Contacta\u021bi-ne<\/a> ast\u0103zi pentru a descoperi cum v\u0103 putem ajuta cu funda\u021bia circular\u0103 a urm\u0103torului dumneavoastr\u0103 proiect.<\/p>\n\n\n\n<figure class=\"wp-block-image size-full\"><a href=\"https:\/\/www.mrpi.nl\/epd\/fixed-flange-and-extendable-ground-screws\/\"><img loading=\"lazy\" decoding=\"async\" width=\"312\" height=\"190\" src=\"https:\/\/firstbasegroundscrews.com\/wp-content\/uploads\/2024\/09\/ECO-EPD-Logo-rgb-400x280-1.png\" alt=\"\" class=\"wp-image-9371\" srcset=\"https:\/\/firstbasegroundscrews.com\/wp-content\/uploads\/2024\/09\/ECO-EPD-Logo-rgb-400x280-1.png 312w, https:\/\/firstbasegroundscrews.com\/wp-content\/uploads\/2024\/09\/ECO-EPD-Logo-rgb-400x280-1-250x152.png 250w, https:\/\/firstbasegroundscrews.com\/wp-content\/uploads\/2024\/09\/ECO-EPD-Logo-rgb-400x280-1-120x73.png 120w\" sizes=\"auto, (max-width: 312px) 100vw, 312px\" \/><\/a><\/figure>\n","protected":false},"excerpt":{"rendered":"Funda\u021bii sustenabile, circulare R\u0103d\u0103cinile noastre sunt ad\u00e2nci, la fel ca tehnologia noastr\u0103 inovatoare a \u0219uruburilor de funda\u021bie. Cu ani de experien\u021b\u0103 \u00een industrie, ne-am perfec\u021bionat expertiza pentru a v\u0103 oferi cele mai eficiente, ecologice \u0219i rentabile solu\u021bii de funda\u021bie. Ceea ce ne diferen\u021biaz\u0103 este angajamentul nostru fa\u021b\u0103 de mediu. Construc\u021bia cu pilo\u021bi \u00een\u0219uruba\u021bi reprezint\u0103 o [&hellip;]","protected":false},"author":1,"featured_media":15681,"parent":15768,"menu_order":0,"comment_status":"closed","ping_status":"closed","template":"","meta":{"_acf_changed":false,"footnotes":""},"class_list":["post-15720","page","type-page","status-publish","has-post-thumbnail","hentry"],"acf":[],"yoast_head":"<!-- This site is optimized with the Yoast SEO plugin v27.3 - https:\/\/yoast.com\/product\/yoast-seo-wordpress\/ -->\n<title>Funda\u021bie circular\u0103 - FIRST BASE Ground Screws<\/title>\n<meta name=\"description\" content=\"FIRST BASE ofer\u0103 o funda\u021bie circular\u0103 prin dezvoltarea unor \u0219uruburi de funda\u021bie de calitate. Ave\u021bi nevoie de mai multe informa\u021bii? Contacta\u021bi-ne!\" \/>\n<meta name=\"robots\" content=\"index, follow, max-snippet:-1, max-image-preview:large, max-video-preview:-1\" \/>\n<link rel=\"canonical\" href=\"https:\/\/firstbasegroundscrews.com\/ro\/despre-first-base\/fundatie-circulara\/\" \/>\n<meta property=\"og:locale\" content=\"ro_RO\" \/>\n<meta property=\"og:type\" content=\"article\" \/>\n<meta property=\"og:title\" content=\"Funda\u021bie circular\u0103 - FIRST BASE Ground Screws\" \/>\n<meta property=\"og:description\" content=\"FIRST BASE ofer\u0103 o funda\u021bie circular\u0103 prin dezvoltarea unor \u0219uruburi de funda\u021bie de calitate. Ave\u021bi nevoie de mai multe informa\u021bii? Contacta\u021bi-ne!\" \/>\n<meta property=\"og:url\" content=\"https:\/\/firstbasegroundscrews.com\/ro\/despre-first-base\/fundatie-circulara\/\" \/>\n<meta property=\"og:site_name\" content=\"FIRST BASE Ground Screws\" \/>\n<meta property=\"article:modified_time\" content=\"2026-04-09T12:16:06+00:00\" \/>\n<meta property=\"og:image\" content=\"https:\/\/firstbasegroundscrews.com\/wp-content\/uploads\/2019\/08\/header-budget-e1733238685293.jpg\" \/>\n\t<meta property=\"og:image:width\" content=\"2259\" \/>\n\t<meta property=\"og:image:height\" content=\"587\" \/>\n\t<meta property=\"og:image:type\" content=\"image\/jpeg\" \/>\n<meta name=\"twitter:card\" content=\"summary_large_image\" \/>\n<meta name=\"twitter:label1\" content=\"Timp estimat pentru citire\" \/>\n\t<meta name=\"twitter:data1\" content=\"2 minute\" \/>\n<script type=\"application\/ld+json\" class=\"yoast-schema-graph\">{\"@context\":\"https:\\\/\\\/schema.org\",\"@graph\":[{\"@type\":\"WebPage\",\"@id\":\"https:\\\/\\\/firstbasegroundscrews.com\\\/ro\\\/despre-first-base\\\/fundatie-circulara\\\/\",\"url\":\"https:\\\/\\\/firstbasegroundscrews.com\\\/ro\\\/despre-first-base\\\/fundatie-circulara\\\/\",\"name\":\"Funda\u021bie circular\u0103 - FIRST BASE Ground Screws\",\"isPartOf\":{\"@id\":\"https:\\\/\\\/firstbasegroundscrews.com\\\/ro\\\/#website\"},\"primaryImageOfPage\":{\"@id\":\"https:\\\/\\\/firstbasegroundscrews.com\\\/ro\\\/despre-first-base\\\/fundatie-circulara\\\/#primaryimage\"},\"image\":{\"@id\":\"https:\\\/\\\/firstbasegroundscrews.com\\\/ro\\\/despre-first-base\\\/fundatie-circulara\\\/#primaryimage\"},\"thumbnailUrl\":\"https:\\\/\\\/firstbasegroundscrews.com\\\/wp-content\\\/uploads\\\/2019\\\/08\\\/header-budget-e1733238685293.jpg\",\"datePublished\":\"2022-09-28T13:59:41+00:00\",\"dateModified\":\"2026-04-09T12:16:06+00:00\",\"description\":\"FIRST BASE ofer\u0103 o funda\u021bie circular\u0103 prin dezvoltarea unor \u0219uruburi de funda\u021bie de calitate. Ave\u021bi nevoie de mai multe informa\u021bii? Contacta\u021bi-ne!\",\"breadcrumb\":{\"@id\":\"https:\\\/\\\/firstbasegroundscrews.com\\\/ro\\\/despre-first-base\\\/fundatie-circulara\\\/#breadcrumb\"},\"inLanguage\":\"ro-RO\",\"potentialAction\":[{\"@type\":\"ReadAction\",\"target\":[\"https:\\\/\\\/firstbasegroundscrews.com\\\/ro\\\/despre-first-base\\\/fundatie-circulara\\\/\"]}]},{\"@type\":\"ImageObject\",\"inLanguage\":\"ro-RO\",\"@id\":\"https:\\\/\\\/firstbasegroundscrews.com\\\/ro\\\/despre-first-base\\\/fundatie-circulara\\\/#primaryimage\",\"url\":\"https:\\\/\\\/firstbasegroundscrews.com\\\/wp-content\\\/uploads\\\/2019\\\/08\\\/header-budget-e1733238685293.jpg\",\"contentUrl\":\"https:\\\/\\\/firstbasegroundscrews.com\\\/wp-content\\\/uploads\\\/2019\\\/08\\\/header-budget-e1733238685293.jpg\",\"width\":2259,\"height\":587,\"caption\":\"FIRST BASE Ground Screws D-I-Y\"},{\"@type\":\"BreadcrumbList\",\"@id\":\"https:\\\/\\\/firstbasegroundscrews.com\\\/ro\\\/despre-first-base\\\/fundatie-circulara\\\/#breadcrumb\",\"itemListElement\":[{\"@type\":\"ListItem\",\"position\":1,\"name\":\"Home\",\"item\":\"https:\\\/\\\/firstbasegroundscrews.com\\\/ro\\\/\"},{\"@type\":\"ListItem\",\"position\":2,\"name\":\"Despre FIRST BASE\",\"item\":\"https:\\\/\\\/firstbasegroundscrews.com\\\/ro\\\/despre-first-base\\\/\"},{\"@type\":\"ListItem\",\"position\":3,\"name\":\"Funda\u021bie circular\u0103\"}]},{\"@type\":\"WebSite\",\"@id\":\"https:\\\/\\\/firstbasegroundscrews.com\\\/ro\\\/#website\",\"url\":\"https:\\\/\\\/firstbasegroundscrews.com\\\/ro\\\/\",\"name\":\"FIRST BASE Ground Screws\",\"description\":\"High quality ground screws for solid foundations\",\"potentialAction\":[{\"@type\":\"SearchAction\",\"target\":{\"@type\":\"EntryPoint\",\"urlTemplate\":\"https:\\\/\\\/firstbasegroundscrews.com\\\/ro\\\/?s={search_term_string}\"},\"query-input\":{\"@type\":\"PropertyValueSpecification\",\"valueRequired\":true,\"valueName\":\"search_term_string\"}}],\"inLanguage\":\"ro-RO\"}]}<\/script>\n<!-- \/ Yoast SEO plugin. -->","yoast_head_json":{"title":"Funda\u021bie circular\u0103 - FIRST BASE Ground Screws","description":"FIRST BASE ofer\u0103 o funda\u021bie circular\u0103 prin dezvoltarea unor \u0219uruburi de funda\u021bie de calitate. Ave\u021bi nevoie de mai multe informa\u021bii? Contacta\u021bi-ne!","robots":{"index":"index","follow":"follow","max-snippet":"max-snippet:-1","max-image-preview":"max-image-preview:large","max-video-preview":"max-video-preview:-1"},"canonical":"https:\/\/firstbasegroundscrews.com\/ro\/despre-first-base\/fundatie-circulara\/","og_locale":"ro_RO","og_type":"article","og_title":"Funda\u021bie circular\u0103 - FIRST BASE Ground Screws","og_description":"FIRST BASE ofer\u0103 o funda\u021bie circular\u0103 prin dezvoltarea unor \u0219uruburi de funda\u021bie de calitate. Ave\u021bi nevoie de mai multe informa\u021bii? Contacta\u021bi-ne!","og_url":"https:\/\/firstbasegroundscrews.com\/ro\/despre-first-base\/fundatie-circulara\/","og_site_name":"FIRST BASE Ground Screws","article_modified_time":"2026-04-09T12:16:06+00:00","og_image":[{"width":2259,"height":587,"url":"https:\/\/firstbasegroundscrews.com\/wp-content\/uploads\/2019\/08\/header-budget-e1733238685293.jpg","type":"image\/jpeg"}],"twitter_card":"summary_large_image","twitter_misc":{"Timp estimat pentru citire":"2 minute"},"schema":{"@context":"https:\/\/schema.org","@graph":[{"@type":"WebPage","@id":"https:\/\/firstbasegroundscrews.com\/ro\/despre-first-base\/fundatie-circulara\/","url":"https:\/\/firstbasegroundscrews.com\/ro\/despre-first-base\/fundatie-circulara\/","name":"Funda\u021bie circular\u0103 - FIRST BASE Ground Screws","isPartOf":{"@id":"https:\/\/firstbasegroundscrews.com\/ro\/#website"},"primaryImageOfPage":{"@id":"https:\/\/firstbasegroundscrews.com\/ro\/despre-first-base\/fundatie-circulara\/#primaryimage"},"image":{"@id":"https:\/\/firstbasegroundscrews.com\/ro\/despre-first-base\/fundatie-circulara\/#primaryimage"},"thumbnailUrl":"https:\/\/firstbasegroundscrews.com\/wp-content\/uploads\/2019\/08\/header-budget-e1733238685293.jpg","datePublished":"2022-09-28T13:59:41+00:00","dateModified":"2026-04-09T12:16:06+00:00","description":"FIRST BASE ofer\u0103 o funda\u021bie circular\u0103 prin dezvoltarea unor \u0219uruburi de funda\u021bie de calitate. Ave\u021bi nevoie de mai multe informa\u021bii? Contacta\u021bi-ne!","breadcrumb":{"@id":"https:\/\/firstbasegroundscrews.com\/ro\/despre-first-base\/fundatie-circulara\/#breadcrumb"},"inLanguage":"ro-RO","potentialAction":[{"@type":"ReadAction","target":["https:\/\/firstbasegroundscrews.com\/ro\/despre-first-base\/fundatie-circulara\/"]}]},{"@type":"ImageObject","inLanguage":"ro-RO","@id":"https:\/\/firstbasegroundscrews.com\/ro\/despre-first-base\/fundatie-circulara\/#primaryimage","url":"https:\/\/firstbasegroundscrews.com\/wp-content\/uploads\/2019\/08\/header-budget-e1733238685293.jpg","contentUrl":"https:\/\/firstbasegroundscrews.com\/wp-content\/uploads\/2019\/08\/header-budget-e1733238685293.jpg","width":2259,"height":587,"caption":"FIRST BASE Ground Screws D-I-Y"},{"@type":"BreadcrumbList","@id":"https:\/\/firstbasegroundscrews.com\/ro\/despre-first-base\/fundatie-circulara\/#breadcrumb","itemListElement":[{"@type":"ListItem","position":1,"name":"Home","item":"https:\/\/firstbasegroundscrews.com\/ro\/"},{"@type":"ListItem","position":2,"name":"Despre FIRST BASE","item":"https:\/\/firstbasegroundscrews.com\/ro\/despre-first-base\/"},{"@type":"ListItem","position":3,"name":"Funda\u021bie circular\u0103"}]},{"@type":"WebSite","@id":"https:\/\/firstbasegroundscrews.com\/ro\/#website","url":"https:\/\/firstbasegroundscrews.com\/ro\/","name":"FIRST BASE Ground Screws","description":"High quality ground screws for solid foundations","potentialAction":[{"@type":"SearchAction","target":{"@type":"EntryPoint","urlTemplate":"https:\/\/firstbasegroundscrews.com\/ro\/?s={search_term_string}"},"query-input":{"@type":"PropertyValueSpecification","valueRequired":true,"valueName":"search_term_string"}}],"inLanguage":"ro-RO"}]}},"_links":{"self":[{"href":"https:\/\/firstbasegroundscrews.com\/ro\/wp-json\/wp\/v2\/pages\/15720","targetHints":{"allow":["GET"]}}],"collection":[{"href":"https:\/\/firstbasegroundscrews.com\/ro\/wp-json\/wp\/v2\/pages"}],"about":[{"href":"https:\/\/firstbasegroundscrews.com\/ro\/wp-json\/wp\/v2\/types\/page"}],"author":[{"embeddable":true,"href":"https:\/\/firstbasegroundscrews.com\/ro\/wp-json\/wp\/v2\/users\/1"}],"replies":[{"embeddable":true,"href":"https:\/\/firstbasegroundscrews.com\/ro\/wp-json\/wp\/v2\/comments?post=15720"}],"version-history":[{"count":3,"href":"https:\/\/firstbasegroundscrews.com\/ro\/wp-json\/wp\/v2\/pages\/15720\/revisions"}],"predecessor-version":[{"id":16690,"href":"https:\/\/firstbasegroundscrews.com\/ro\/wp-json\/wp\/v2\/pages\/15720\/revisions\/16690"}],"up":[{"embeddable":true,"href":"https:\/\/firstbasegroundscrews.com\/ro\/wp-json\/wp\/v2\/pages\/15768"}],"wp:featuredmedia":[{"embeddable":true,"href":"https:\/\/firstbasegroundscrews.com\/ro\/wp-json\/wp\/v2\/media\/15681"}],"wp:attachment":[{"href":"https:\/\/firstbasegroundscrews.com\/ro\/wp-json\/wp\/v2\/media?parent=15720"}],"curies":[{"name":"wp","href":"https:\/\/api.w.org\/{rel}","templated":true}]}}