{"id":15718,"date":"2022-09-28T12:34:04","date_gmt":"2022-09-28T12:34:04","guid":{"rendered":"https:\/\/firstbasegroundscrews.com\/proiecte\/"},"modified":"2026-03-10T10:13:01","modified_gmt":"2026-03-10T10:13:01","slug":"proiecte","status":"publish","type":"page","link":"https:\/\/firstbasegroundscrews.com\/ro\/seria-pro\/proiecte\/","title":{"rendered":"Proiecte"},"content":{"rendered":"\n  <div class=\"applications-wrapper\">\n    \n  <a class=\"application\" href=\"https:\/\/firstbasegroundscrews.com\/ro\/proiecte\/holiday-park-duinrell\/\">\n    <div class=\"application__content\">\n      <h3 class=\"application__title\">Holiday Park Duinrell<\/h3>\n    <\/div>\n    \n  <\/a>\n  \n  <a class=\"application\" href=\"https:\/\/firstbasegroundscrews.com\/ro\/proiecte\/o-fundatie-solida-pentru-o-copertina-mare-cu-membrana-de-la-kamst-roofs\/\">\n    <div class=\"application__content\">\n      <h3 class=\"application__title\">O funda\u021bie solid\u0103 pentru o copertin\u0103 mare cu membran\u0103 de la Kamst Roofs<\/h3>\n    <\/div>\n    <img loading=\"lazy\" decoding=\"async\" width=\"700\" height=\"525\" src=\"https:\/\/firstbasegroundscrews.com\/wp-content\/uploads\/2025\/09\/Zeildoek-overkapping-scaled-1-700x525.jpeg\" class=\"application__image wp-post-image\" alt=\"\" srcset=\"https:\/\/firstbasegroundscrews.com\/wp-content\/uploads\/2025\/09\/Zeildoek-overkapping-scaled-1-700x525.jpeg 700w, https:\/\/firstbasegroundscrews.com\/wp-content\/uploads\/2025\/09\/Zeildoek-overkapping-scaled-1-250x188.jpeg 250w, https:\/\/firstbasegroundscrews.com\/wp-content\/uploads\/2025\/09\/Zeildoek-overkapping-scaled-1-768x576.jpeg 768w, https:\/\/firstbasegroundscrews.com\/wp-content\/uploads\/2025\/09\/Zeildoek-overkapping-scaled-1-1536x1152.jpeg 1536w, https:\/\/firstbasegroundscrews.com\/wp-content\/uploads\/2025\/09\/Zeildoek-overkapping-scaled-1-2048x1536.jpeg 2048w, https:\/\/firstbasegroundscrews.com\/wp-content\/uploads\/2025\/09\/Zeildoek-overkapping-scaled-1-400x300.jpeg 400w, https:\/\/firstbasegroundscrews.com\/wp-content\/uploads\/2025\/09\/Zeildoek-overkapping-scaled-1-120x90.jpeg 120w, https:\/\/firstbasegroundscrews.com\/wp-content\/uploads\/2025\/09\/Zeildoek-overkapping-scaled-1-267x200.jpeg 267w, https:\/\/firstbasegroundscrews.com\/wp-content\/uploads\/2025\/09\/Zeildoek-overkapping-scaled-1-1440x1080.jpeg 1440w\" sizes=\"auto, (max-width: 700px) 100vw, 700px\" \/>\n  <\/a>\n  \n  <a class=\"application\" href=\"https:\/\/firstbasegroundscrews.com\/ro\/proiecte\/verandaservice-un-deceniu-de-fundatii-solide-cu-suruburile-de-fundatie-first-base\/\">\n    <div class=\"application__content\">\n      <h3 class=\"application__title\">Verandaservice: Un deceniu de funda\u021bii solide cu \u0219uruburile de funda\u021bie FIRST BASE<\/h3>\n    <\/div>\n    <img loading=\"lazy\" decoding=\"async\" width=\"700\" height=\"394\" src=\"https:\/\/firstbasegroundscrews.com\/wp-content\/uploads\/2025\/05\/Verandaservice-Wil-700x394.jpeg\" class=\"application__image wp-post-image\" alt=\"\" srcset=\"https:\/\/firstbasegroundscrews.com\/wp-content\/uploads\/2025\/05\/Verandaservice-Wil-700x394.jpeg 700w, https:\/\/firstbasegroundscrews.com\/wp-content\/uploads\/2025\/05\/Verandaservice-Wil-250x141.jpeg 250w, https:\/\/firstbasegroundscrews.com\/wp-content\/uploads\/2025\/05\/Verandaservice-Wil-768x432.jpeg 768w, https:\/\/firstbasegroundscrews.com\/wp-content\/uploads\/2025\/05\/Verandaservice-Wil-1536x864.jpeg 1536w, https:\/\/firstbasegroundscrews.com\/wp-content\/uploads\/2025\/05\/Verandaservice-Wil-400x225.jpeg 400w, https:\/\/firstbasegroundscrews.com\/wp-content\/uploads\/2025\/05\/Verandaservice-Wil-120x68.jpeg 120w, https:\/\/firstbasegroundscrews.com\/wp-content\/uploads\/2025\/05\/Verandaservice-Wil-356x200.jpeg 356w, https:\/\/firstbasegroundscrews.com\/wp-content\/uploads\/2025\/05\/Verandaservice-Wil.jpeg 1600w\" sizes=\"auto, (max-width: 700px) 100vw, 700px\" \/>\n  <\/a>\n  \n  <a class=\"application\" href=\"https:\/\/firstbasegroundscrews.com\/ro\/proiecte\/fundatie-rim-pentru-parasolar\/\">\n    <div class=\"application__content\">\n      <h3 class=\"application__title\">Funda\u021bie RIM pentru parasolar<\/h3>\n    <\/div>\n    <img loading=\"lazy\" decoding=\"async\" width=\"700\" height=\"469\" src=\"https:\/\/firstbasegroundscrews.com\/wp-content\/uploads\/2022\/11\/Sun-sail-01-700x469.jpg\" class=\"application__image wp-post-image\" alt=\"Sun sail\" srcset=\"https:\/\/firstbasegroundscrews.com\/wp-content\/uploads\/2022\/11\/Sun-sail-01-700x469.jpg 700w, https:\/\/firstbasegroundscrews.com\/wp-content\/uploads\/2022\/11\/Sun-sail-01-250x167.jpg 250w, https:\/\/firstbasegroundscrews.com\/wp-content\/uploads\/2022\/11\/Sun-sail-01-768x514.jpg 768w, https:\/\/firstbasegroundscrews.com\/wp-content\/uploads\/2022\/11\/Sun-sail-01-1536x1028.jpg 1536w, https:\/\/firstbasegroundscrews.com\/wp-content\/uploads\/2022\/11\/Sun-sail-01-120x80.jpg 120w, https:\/\/firstbasegroundscrews.com\/wp-content\/uploads\/2022\/11\/Sun-sail-01-299x200.jpg 299w, https:\/\/firstbasegroundscrews.com\/wp-content\/uploads\/2022\/11\/Sun-sail-01.jpg 1936w\" sizes=\"auto, (max-width: 700px) 100vw, 700px\" \/>\n  <\/a>\n  \n  <a class=\"application\" href=\"https:\/\/firstbasegroundscrews.com\/ro\/proiecte\/parc-de-vacanta\/\">\n    <div class=\"application__content\">\n      <h3 class=\"application__title\">Parc de vacan\u021b\u0103<\/h3>\n    <\/div>\n    <img loading=\"lazy\" decoding=\"async\" width=\"700\" height=\"394\" src=\"https:\/\/firstbasegroundscrews.com\/wp-content\/uploads\/2022\/10\/Roompot-Zeeland-FIRST-BASE-Ground-Screws-2-700x394.jpg\" class=\"application__image wp-post-image\" alt=\"Holiday Park Scharendijke - FIRST BASE Ground Screws\" srcset=\"https:\/\/firstbasegroundscrews.com\/wp-content\/uploads\/2022\/10\/Roompot-Zeeland-FIRST-BASE-Ground-Screws-2-700x394.jpg 700w, https:\/\/firstbasegroundscrews.com\/wp-content\/uploads\/2022\/10\/Roompot-Zeeland-FIRST-BASE-Ground-Screws-2-250x141.jpg 250w, https:\/\/firstbasegroundscrews.com\/wp-content\/uploads\/2022\/10\/Roompot-Zeeland-FIRST-BASE-Ground-Screws-2-768x432.jpg 768w, https:\/\/firstbasegroundscrews.com\/wp-content\/uploads\/2022\/10\/Roompot-Zeeland-FIRST-BASE-Ground-Screws-2-1536x864.jpg 1536w, https:\/\/firstbasegroundscrews.com\/wp-content\/uploads\/2022\/10\/Roompot-Zeeland-FIRST-BASE-Ground-Screws-2-2048x1152.jpg 2048w, https:\/\/firstbasegroundscrews.com\/wp-content\/uploads\/2022\/10\/Roompot-Zeeland-FIRST-BASE-Ground-Screws-2-120x68.jpg 120w, https:\/\/firstbasegroundscrews.com\/wp-content\/uploads\/2022\/10\/Roompot-Zeeland-FIRST-BASE-Ground-Screws-2-356x200.jpg 356w\" sizes=\"auto, (max-width: 700px) 100vw, 700px\" \/>\n  <\/a>\n  \n  <a class=\"application\" href=\"https:\/\/firstbasegroundscrews.com\/ro\/proiecte\/casa-de-vacanta-2\/\">\n    <div class=\"application__content\">\n      <h3 class=\"application__title\">Cas\u0103 de vacan\u021b\u0103<\/h3>\n    <\/div>\n    <img loading=\"lazy\" decoding=\"async\" width=\"700\" height=\"456\" src=\"https:\/\/firstbasegroundscrews.com\/wp-content\/uploads\/2022\/10\/dsf6725-700x456.png\" class=\"application__image wp-post-image\" alt=\"FIRST BASE Ground Screws - Cabin Anna\" srcset=\"https:\/\/firstbasegroundscrews.com\/wp-content\/uploads\/2022\/10\/dsf6725-700x456.png 700w, https:\/\/firstbasegroundscrews.com\/wp-content\/uploads\/2022\/10\/dsf6725-250x163.png 250w, https:\/\/firstbasegroundscrews.com\/wp-content\/uploads\/2022\/10\/dsf6725-768x500.png 768w, https:\/\/firstbasegroundscrews.com\/wp-content\/uploads\/2022\/10\/dsf6725-120x78.png 120w, https:\/\/firstbasegroundscrews.com\/wp-content\/uploads\/2022\/10\/dsf6725-307x200.png 307w, https:\/\/firstbasegroundscrews.com\/wp-content\/uploads\/2022\/10\/dsf6725.png 1216w\" sizes=\"auto, (max-width: 700px) 100vw, 700px\" \/>\n  <\/a>\n  \n  <a class=\"application\" href=\"https:\/\/firstbasegroundscrews.com\/ro\/proiecte\/cladiri-temporare\/\">\n    <div class=\"application__content\">\n      <h3 class=\"application__title\">Cl\u0103diri temporare<\/h3>\n    <\/div>\n    <img loading=\"lazy\" decoding=\"async\" width=\"700\" height=\"366\" src=\"https:\/\/firstbasegroundscrews.com\/wp-content\/uploads\/2022\/10\/Horecapand-e1664960797366-700x366.jpg\" class=\"application__image wp-post-image\" alt=\"Temporary canteen - FIRST BASE Ground Screws\" srcset=\"https:\/\/firstbasegroundscrews.com\/wp-content\/uploads\/2022\/10\/Horecapand-e1664960797366-700x366.jpg 700w, https:\/\/firstbasegroundscrews.com\/wp-content\/uploads\/2022\/10\/Horecapand-e1664960797366-250x131.jpg 250w, https:\/\/firstbasegroundscrews.com\/wp-content\/uploads\/2022\/10\/Horecapand-e1664960797366-768x401.jpg 768w, https:\/\/firstbasegroundscrews.com\/wp-content\/uploads\/2022\/10\/Horecapand-e1664960797366-120x63.jpg 120w, https:\/\/firstbasegroundscrews.com\/wp-content\/uploads\/2022\/10\/Horecapand-e1664960797366-383x200.jpg 383w, https:\/\/firstbasegroundscrews.com\/wp-content\/uploads\/2022\/10\/Horecapand-e1664960797366.jpg 800w\" sizes=\"auto, (max-width: 700px) 100vw, 700px\" \/>\n  <\/a>\n  \n  <a class=\"application\" href=\"https:\/\/firstbasegroundscrews.com\/ro\/proiecte\/proiectul-marker-wadden\/\">\n    <div class=\"application__content\">\n      <h3 class=\"application__title\">Proiectul Marker Wadden<\/h3>\n    <\/div>\n    <img loading=\"lazy\" decoding=\"async\" width=\"700\" height=\"467\" src=\"https:\/\/firstbasegroundscrews.com\/wp-content\/uploads\/2022\/10\/Marker-Wadden-FIRST-BASE-Ground-screws-1-700x467.jpg\" class=\"application__image wp-post-image\" alt=\"The Marker Wadden project - FIRST BASE Ground Screws\" srcset=\"https:\/\/firstbasegroundscrews.com\/wp-content\/uploads\/2022\/10\/Marker-Wadden-FIRST-BASE-Ground-screws-1-700x467.jpg 700w, https:\/\/firstbasegroundscrews.com\/wp-content\/uploads\/2022\/10\/Marker-Wadden-FIRST-BASE-Ground-screws-1-250x167.jpg 250w, https:\/\/firstbasegroundscrews.com\/wp-content\/uploads\/2022\/10\/Marker-Wadden-FIRST-BASE-Ground-screws-1-768x512.jpg 768w, https:\/\/firstbasegroundscrews.com\/wp-content\/uploads\/2022\/10\/Marker-Wadden-FIRST-BASE-Ground-screws-1-1536x1025.jpg 1536w, https:\/\/firstbasegroundscrews.com\/wp-content\/uploads\/2022\/10\/Marker-Wadden-FIRST-BASE-Ground-screws-1-120x80.jpg 120w, https:\/\/firstbasegroundscrews.com\/wp-content\/uploads\/2022\/10\/Marker-Wadden-FIRST-BASE-Ground-screws-1-300x200.jpg 300w, https:\/\/firstbasegroundscrews.com\/wp-content\/uploads\/2022\/10\/Marker-Wadden-FIRST-BASE-Ground-screws-1.jpg 1920w\" sizes=\"auto, (max-width: 700px) 100vw, 700px\" \/>\n  <\/a>\n  \n  <a class=\"application\" href=\"https:\/\/firstbasegroundscrews.com\/ro\/proiecte\/holiday-park-gulpen\/\">\n    <div class=\"application__content\">\n      <h3 class=\"application__title\">Holiday Park Gulpen<\/h3>\n    <\/div>\n    <img loading=\"lazy\" decoding=\"async\" width=\"700\" height=\"462\" src=\"https:\/\/firstbasegroundscrews.com\/wp-content\/uploads\/2022\/10\/Holiday-resort-Qurios-FIRST-BASE-Ground-screws-2-700x462.jpg\" class=\"application__image wp-post-image\" alt=\"Holiday Park Gulpen - FIRST BASE Ground Screws\" srcset=\"https:\/\/firstbasegroundscrews.com\/wp-content\/uploads\/2022\/10\/Holiday-resort-Qurios-FIRST-BASE-Ground-screws-2-700x462.jpg 700w, https:\/\/firstbasegroundscrews.com\/wp-content\/uploads\/2022\/10\/Holiday-resort-Qurios-FIRST-BASE-Ground-screws-2-250x165.jpg 250w, https:\/\/firstbasegroundscrews.com\/wp-content\/uploads\/2022\/10\/Holiday-resort-Qurios-FIRST-BASE-Ground-screws-2-768x506.jpg 768w, https:\/\/firstbasegroundscrews.com\/wp-content\/uploads\/2022\/10\/Holiday-resort-Qurios-FIRST-BASE-Ground-screws-2-1536x1013.jpg 1536w, https:\/\/firstbasegroundscrews.com\/wp-content\/uploads\/2022\/10\/Holiday-resort-Qurios-FIRST-BASE-Ground-screws-2-120x79.jpg 120w, https:\/\/firstbasegroundscrews.com\/wp-content\/uploads\/2022\/10\/Holiday-resort-Qurios-FIRST-BASE-Ground-screws-2-303x200.jpg 303w, https:\/\/firstbasegroundscrews.com\/wp-content\/uploads\/2022\/10\/Holiday-resort-Qurios-FIRST-BASE-Ground-screws-2.jpg 1920w\" sizes=\"auto, (max-width: 700px) 100vw, 700px\" \/>\n  <\/a>\n  \n  <a class=\"application\" href=\"https:\/\/firstbasegroundscrews.com\/ro\/proiecte\/casa-de-vacanta\/\">\n    <div class=\"application__content\">\n      <h3 class=\"application__title\">Cas\u0103 de vacan\u021b\u0103<\/h3>\n    <\/div>\n    <img loading=\"lazy\" decoding=\"async\" width=\"700\" height=\"466\" src=\"https:\/\/firstbasegroundscrews.com\/wp-content\/uploads\/2022\/10\/wonen-aan-het-water-strandvilla-700x466.jpg\" class=\"application__image wp-post-image\" alt=\"Recreational house - FIRST BASE Ground Screws\" srcset=\"https:\/\/firstbasegroundscrews.com\/wp-content\/uploads\/2022\/10\/wonen-aan-het-water-strandvilla-700x466.jpg 700w, https:\/\/firstbasegroundscrews.com\/wp-content\/uploads\/2022\/10\/wonen-aan-het-water-strandvilla-250x167.jpg 250w, https:\/\/firstbasegroundscrews.com\/wp-content\/uploads\/2022\/10\/wonen-aan-het-water-strandvilla-768x512.jpg 768w, https:\/\/firstbasegroundscrews.com\/wp-content\/uploads\/2022\/10\/wonen-aan-het-water-strandvilla-1536x1023.jpg 1536w, https:\/\/firstbasegroundscrews.com\/wp-content\/uploads\/2022\/10\/wonen-aan-het-water-strandvilla-120x80.jpg 120w, https:\/\/firstbasegroundscrews.com\/wp-content\/uploads\/2022\/10\/wonen-aan-het-water-strandvilla-300x200.jpg 300w, https:\/\/firstbasegroundscrews.com\/wp-content\/uploads\/2022\/10\/wonen-aan-het-water-strandvilla.jpg 1600w\" sizes=\"auto, (max-width: 700px) 100vw, 700px\" \/>\n  <\/a>\n  \n  <a class=\"application\" href=\"https:\/\/firstbasegroundscrews.com\/ro\/proiecte\/parc-de-vacanta-insula-wight\/\">\n    <div class=\"application__content\">\n      <h3 class=\"application__title\">Parc de vacan\u021b\u0103 Insula Wight<\/h3>\n    <\/div>\n    <img loading=\"lazy\" decoding=\"async\" width=\"700\" height=\"525\" src=\"https:\/\/firstbasegroundscrews.com\/wp-content\/uploads\/2022\/10\/Holiday-Home-29-700x525.jpg\" class=\"application__image wp-post-image\" alt=\"Holiday Home\" srcset=\"https:\/\/firstbasegroundscrews.com\/wp-content\/uploads\/2022\/10\/Holiday-Home-29-700x525.jpg 700w, https:\/\/firstbasegroundscrews.com\/wp-content\/uploads\/2022\/10\/Holiday-Home-29-250x188.jpg 250w, https:\/\/firstbasegroundscrews.com\/wp-content\/uploads\/2022\/10\/Holiday-Home-29-768x576.jpg 768w, https:\/\/firstbasegroundscrews.com\/wp-content\/uploads\/2022\/10\/Holiday-Home-29-1536x1152.jpg 1536w, https:\/\/firstbasegroundscrews.com\/wp-content\/uploads\/2022\/10\/Holiday-Home-29-2048x1536.jpg 2048w, https:\/\/firstbasegroundscrews.com\/wp-content\/uploads\/2022\/10\/Holiday-Home-29-120x90.jpg 120w, https:\/\/firstbasegroundscrews.com\/wp-content\/uploads\/2022\/10\/Holiday-Home-29-267x200.jpg 267w\" sizes=\"auto, (max-width: 700px) 100vw, 700px\" \/>\n  <\/a>\n  \n  <a class=\"application\" href=\"https:\/\/firstbasegroundscrews.com\/ro\/proiecte\/casa-in-copac\/\">\n    <div class=\"application__content\">\n      <h3 class=\"application__title\">Cas\u0103 \u00een copac<\/h3>\n    <\/div>\n    <img loading=\"lazy\" decoding=\"async\" width=\"700\" height=\"525\" src=\"https:\/\/firstbasegroundscrews.com\/wp-content\/uploads\/2022\/04\/Boomhut.nl-4-700x525.jpeg\" class=\"application__image wp-post-image\" alt=\"Tree house - FIRST BASE Ground Screws\" srcset=\"https:\/\/firstbasegroundscrews.com\/wp-content\/uploads\/2022\/04\/Boomhut.nl-4-700x525.jpeg 700w, https:\/\/firstbasegroundscrews.com\/wp-content\/uploads\/2022\/04\/Boomhut.nl-4-250x188.jpeg 250w, https:\/\/firstbasegroundscrews.com\/wp-content\/uploads\/2022\/04\/Boomhut.nl-4-768x576.jpeg 768w, https:\/\/firstbasegroundscrews.com\/wp-content\/uploads\/2022\/04\/Boomhut.nl-4-1536x1152.jpeg 1536w, https:\/\/firstbasegroundscrews.com\/wp-content\/uploads\/2022\/04\/Boomhut.nl-4-120x90.jpeg 120w, https:\/\/firstbasegroundscrews.com\/wp-content\/uploads\/2022\/04\/Boomhut.nl-4-267x200.jpeg 267w, https:\/\/firstbasegroundscrews.com\/wp-content\/uploads\/2022\/04\/Boomhut.nl-4.jpeg 1600w\" sizes=\"auto, (max-width: 700px) 100vw, 700px\" \/>\n  <\/a>\n  \n  <\/div>\n","protected":false},"excerpt":{"rendered":"","protected":false},"author":1,"featured_media":0,"parent":15745,"menu_order":0,"comment_status":"closed","ping_status":"closed","template":"templates\/page_project_archive.php","meta":{"_acf_changed":false,"footnotes":""},"class_list":["post-15718","page","type-page","status-publish","hentry"],"acf":[],"yoast_head":"<!-- This site is optimized with the Yoast SEO plugin v27.3 - https:\/\/yoast.com\/product\/yoast-seo-wordpress\/ -->\n<title>Proiecte - FIRST BASE Ground Screws<\/title>\n<meta name=\"description\" content=\"Vizualiza\u021bi aici mai multe proiecte FIRST BASE. Ave\u021bi nevoie de mai multe informa\u021bii? Anun\u021ba\u021bi-ne! E-mail: info@firstbasegroundscrews.com\" \/>\n<meta name=\"robots\" content=\"index, follow, max-snippet:-1, max-image-preview:large, max-video-preview:-1\" \/>\n<link rel=\"canonical\" href=\"https:\/\/firstbasegroundscrews.com\/ro\/seria-pro\/proiecte\/\" \/>\n<meta property=\"og:locale\" content=\"ro_RO\" \/>\n<meta property=\"og:type\" content=\"article\" \/>\n<meta property=\"og:title\" content=\"Proiecte - FIRST BASE Ground Screws\" \/>\n<meta property=\"og:description\" content=\"Vizualiza\u021bi aici mai multe proiecte FIRST BASE. Ave\u021bi nevoie de mai multe informa\u021bii? Anun\u021ba\u021bi-ne! E-mail: info@firstbasegroundscrews.com\" \/>\n<meta property=\"og:url\" content=\"https:\/\/firstbasegroundscrews.com\/ro\/seria-pro\/proiecte\/\" \/>\n<meta property=\"og:site_name\" content=\"FIRST BASE Ground Screws\" \/>\n<meta property=\"article:modified_time\" content=\"2026-03-10T10:13:01+00:00\" \/>\n<meta name=\"twitter:card\" content=\"summary_large_image\" \/>\n<script type=\"application\/ld+json\" class=\"yoast-schema-graph\">{\"@context\":\"https:\\\/\\\/schema.org\",\"@graph\":[{\"@type\":\"WebPage\",\"@id\":\"https:\\\/\\\/firstbasegroundscrews.com\\\/ro\\\/seria-pro\\\/proiecte\\\/\",\"url\":\"https:\\\/\\\/firstbasegroundscrews.com\\\/ro\\\/seria-pro\\\/proiecte\\\/\",\"name\":\"Proiecte - FIRST BASE Ground Screws\",\"isPartOf\":{\"@id\":\"https:\\\/\\\/firstbasegroundscrews.com\\\/ro\\\/#website\"},\"datePublished\":\"2022-09-28T12:34:04+00:00\",\"dateModified\":\"2026-03-10T10:13:01+00:00\",\"description\":\"Vizualiza\u021bi aici mai multe proiecte FIRST BASE. Ave\u021bi nevoie de mai multe informa\u021bii? Anun\u021ba\u021bi-ne! E-mail: info@firstbasegroundscrews.com\",\"breadcrumb\":{\"@id\":\"https:\\\/\\\/firstbasegroundscrews.com\\\/ro\\\/seria-pro\\\/proiecte\\\/#breadcrumb\"},\"inLanguage\":\"ro-RO\",\"potentialAction\":[{\"@type\":\"ReadAction\",\"target\":[\"https:\\\/\\\/firstbasegroundscrews.com\\\/ro\\\/seria-pro\\\/proiecte\\\/\"]}]},{\"@type\":\"BreadcrumbList\",\"@id\":\"https:\\\/\\\/firstbasegroundscrews.com\\\/ro\\\/seria-pro\\\/proiecte\\\/#breadcrumb\",\"itemListElement\":[{\"@type\":\"ListItem\",\"position\":1,\"name\":\"Home\",\"item\":\"https:\\\/\\\/firstbasegroundscrews.com\\\/ro\\\/\"},{\"@type\":\"ListItem\",\"position\":2,\"name\":\"Seria PRO\",\"item\":\"https:\\\/\\\/firstbasegroundscrews.com\\\/ro\\\/seria-pro\\\/\"},{\"@type\":\"ListItem\",\"position\":3,\"name\":\"Proiecte\"}]},{\"@type\":\"WebSite\",\"@id\":\"https:\\\/\\\/firstbasegroundscrews.com\\\/ro\\\/#website\",\"url\":\"https:\\\/\\\/firstbasegroundscrews.com\\\/ro\\\/\",\"name\":\"FIRST BASE Ground Screws\",\"description\":\"High quality ground screws for solid foundations\",\"potentialAction\":[{\"@type\":\"SearchAction\",\"target\":{\"@type\":\"EntryPoint\",\"urlTemplate\":\"https:\\\/\\\/firstbasegroundscrews.com\\\/ro\\\/?s={search_term_string}\"},\"query-input\":{\"@type\":\"PropertyValueSpecification\",\"valueRequired\":true,\"valueName\":\"search_term_string\"}}],\"inLanguage\":\"ro-RO\"}]}<\/script>\n<!-- \/ Yoast SEO plugin. -->","yoast_head_json":{"title":"Proiecte - FIRST BASE Ground Screws","description":"Vizualiza\u021bi aici mai multe proiecte FIRST BASE. Ave\u021bi nevoie de mai multe informa\u021bii? Anun\u021ba\u021bi-ne! E-mail: info@firstbasegroundscrews.com","robots":{"index":"index","follow":"follow","max-snippet":"max-snippet:-1","max-image-preview":"max-image-preview:large","max-video-preview":"max-video-preview:-1"},"canonical":"https:\/\/firstbasegroundscrews.com\/ro\/seria-pro\/proiecte\/","og_locale":"ro_RO","og_type":"article","og_title":"Proiecte - FIRST BASE Ground Screws","og_description":"Vizualiza\u021bi aici mai multe proiecte FIRST BASE. Ave\u021bi nevoie de mai multe informa\u021bii? Anun\u021ba\u021bi-ne! E-mail: info@firstbasegroundscrews.com","og_url":"https:\/\/firstbasegroundscrews.com\/ro\/seria-pro\/proiecte\/","og_site_name":"FIRST BASE Ground Screws","article_modified_time":"2026-03-10T10:13:01+00:00","twitter_card":"summary_large_image","schema":{"@context":"https:\/\/schema.org","@graph":[{"@type":"WebPage","@id":"https:\/\/firstbasegroundscrews.com\/ro\/seria-pro\/proiecte\/","url":"https:\/\/firstbasegroundscrews.com\/ro\/seria-pro\/proiecte\/","name":"Proiecte - FIRST BASE Ground Screws","isPartOf":{"@id":"https:\/\/firstbasegroundscrews.com\/ro\/#website"},"datePublished":"2022-09-28T12:34:04+00:00","dateModified":"2026-03-10T10:13:01+00:00","description":"Vizualiza\u021bi aici mai multe proiecte FIRST BASE. Ave\u021bi nevoie de mai multe informa\u021bii? Anun\u021ba\u021bi-ne! E-mail: info@firstbasegroundscrews.com","breadcrumb":{"@id":"https:\/\/firstbasegroundscrews.com\/ro\/seria-pro\/proiecte\/#breadcrumb"},"inLanguage":"ro-RO","potentialAction":[{"@type":"ReadAction","target":["https:\/\/firstbasegroundscrews.com\/ro\/seria-pro\/proiecte\/"]}]},{"@type":"BreadcrumbList","@id":"https:\/\/firstbasegroundscrews.com\/ro\/seria-pro\/proiecte\/#breadcrumb","itemListElement":[{"@type":"ListItem","position":1,"name":"Home","item":"https:\/\/firstbasegroundscrews.com\/ro\/"},{"@type":"ListItem","position":2,"name":"Seria PRO","item":"https:\/\/firstbasegroundscrews.com\/ro\/seria-pro\/"},{"@type":"ListItem","position":3,"name":"Proiecte"}]},{"@type":"WebSite","@id":"https:\/\/firstbasegroundscrews.com\/ro\/#website","url":"https:\/\/firstbasegroundscrews.com\/ro\/","name":"FIRST BASE Ground Screws","description":"High quality ground screws for solid foundations","potentialAction":[{"@type":"SearchAction","target":{"@type":"EntryPoint","urlTemplate":"https:\/\/firstbasegroundscrews.com\/ro\/?s={search_term_string}"},"query-input":{"@type":"PropertyValueSpecification","valueRequired":true,"valueName":"search_term_string"}}],"inLanguage":"ro-RO"}]}},"_links":{"self":[{"href":"https:\/\/firstbasegroundscrews.com\/ro\/wp-json\/wp\/v2\/pages\/15718","targetHints":{"allow":["GET"]}}],"collection":[{"href":"https:\/\/firstbasegroundscrews.com\/ro\/wp-json\/wp\/v2\/pages"}],"about":[{"href":"https:\/\/firstbasegroundscrews.com\/ro\/wp-json\/wp\/v2\/types\/page"}],"author":[{"embeddable":true,"href":"https:\/\/firstbasegroundscrews.com\/ro\/wp-json\/wp\/v2\/users\/1"}],"replies":[{"embeddable":true,"href":"https:\/\/firstbasegroundscrews.com\/ro\/wp-json\/wp\/v2\/comments?post=15718"}],"version-history":[{"count":1,"href":"https:\/\/firstbasegroundscrews.com\/ro\/wp-json\/wp\/v2\/pages\/15718\/revisions"}],"predecessor-version":[{"id":15719,"href":"https:\/\/firstbasegroundscrews.com\/ro\/wp-json\/wp\/v2\/pages\/15718\/revisions\/15719"}],"up":[{"embeddable":true,"href":"https:\/\/firstbasegroundscrews.com\/ro\/wp-json\/wp\/v2\/pages\/15745"}],"wp:attachment":[{"href":"https:\/\/firstbasegroundscrews.com\/ro\/wp-json\/wp\/v2\/media?parent=15718"}],"curies":[{"name":"wp","href":"https:\/\/api.w.org\/{rel}","templated":true}]}}