{"id":15695,"date":"2025-09-22T07:14:41","date_gmt":"2025-09-22T07:14:41","guid":{"rendered":"https:\/\/firstbasegroundscrews.com\/sisteme-bess\/"},"modified":"2026-03-24T10:05:10","modified_gmt":"2026-03-24T10:05:10","slug":"sisteme-bess","status":"publish","type":"page","link":"https:\/\/firstbasegroundscrews.com\/ro\/solar\/sisteme-bess\/","title":{"rendered":"Sisteme BESS"},"content":{"rendered":"\n<h2 class=\"wp-block-heading\">Solu\u021bii inginere\u0219ti de \u0219uruburi de funda\u021bie pentru stocarea fiabil\u0103 a energiei prin baterii<\/h2>\n\n<p>FIRST BASE Ground Screws ofer\u0103 o tehnologie dovedit\u0103 a \u0219uruburilor de funda\u021bie, adaptat\u0103 pentru instala\u021biile BESS. Asigur\u00e2nd o baz\u0103 solid\u0103, f\u0103r\u0103 vibra\u021bii, care sus\u021bine infrastructura critic\u0103 a activelor dumneavoastr\u0103 de stocare a energiei. <\/p>\n\n<div style=\"height:8rem\" aria-hidden=\"true\" class=\"wp-block-spacer\"><\/div>\n<div class=\"fb-image-floating-text fb-image-floating-text--align-left\" style=\"background-color: #d4d4d4;\">\n  <img loading=\"lazy\" decoding=\"async\" width=\"700\" height=\"411\" src=\"https:\/\/firstbasegroundscrews.com\/wp-content\/uploads\/2025\/09\/FIRST25107-BESS-3-luik-A5-FINAL-700x411.jpeg\" class=\"fb-image-floating-text__image\" alt=\"\" srcset=\"https:\/\/firstbasegroundscrews.com\/wp-content\/uploads\/2025\/09\/FIRST25107-BESS-3-luik-A5-FINAL-700x411.jpeg 700w, https:\/\/firstbasegroundscrews.com\/wp-content\/uploads\/2025\/09\/FIRST25107-BESS-3-luik-A5-FINAL-250x147.jpeg 250w, https:\/\/firstbasegroundscrews.com\/wp-content\/uploads\/2025\/09\/FIRST25107-BESS-3-luik-A5-FINAL-768x450.jpeg 768w, https:\/\/firstbasegroundscrews.com\/wp-content\/uploads\/2025\/09\/FIRST25107-BESS-3-luik-A5-FINAL-1536x901.jpeg 1536w, https:\/\/firstbasegroundscrews.com\/wp-content\/uploads\/2025\/09\/FIRST25107-BESS-3-luik-A5-FINAL-400x235.jpeg 400w, https:\/\/firstbasegroundscrews.com\/wp-content\/uploads\/2025\/09\/FIRST25107-BESS-3-luik-A5-FINAL-120x70.jpeg 120w, https:\/\/firstbasegroundscrews.com\/wp-content\/uploads\/2025\/09\/FIRST25107-BESS-3-luik-A5-FINAL-341x200.jpeg 341w, https:\/\/firstbasegroundscrews.com\/wp-content\/uploads\/2025\/09\/FIRST25107-BESS-3-luik-A5-FINAL.jpeg 1734w\" sizes=\"auto, (max-width: 700px) 100vw, 700px\" \/>\n  <div class=\"fb-image-floating-text__content-wrapper\">\n    <div class=\"fb-image-floating-text__content-wrapper-inner\">\n      <div class=\"fb-image-floating-text__content\">\n        <h3 class=\"wp-block-heading\">Proiectate pentru <strong>sarcini dinamice \u0219i grele<\/strong><\/h3>\n<p><!-- \/wp:heading --> <!-- wp:paragraph --><\/p>\n<p>Funda\u021biile noastre cu \u0219uruburi sunt proiectate s\u0103 sus\u021bin\u0103 greutatea \u0219i solicit\u0103rile opera\u021bionale ale echipamentelor BESS, inclusiv dilat\u0103rile termice \u0219i vibra\u021biile mecanice.<\/p>\n\n      <\/div>\n    <\/div>\n  <\/div>\n<\/div>\n<div style=\"height:8rem\" aria-hidden=\"true\" class=\"wp-block-spacer\"><\/div>\n\n<h3 class=\"wp-block-heading\">Instalare rapid\u0103, curat\u0103 \u0219i cu impact redus<\/h3>\n\n<p>Nu este necesar beton. Instalarea este rapid\u0103, precis\u0103 \u0219i cu un impact redus asupra mediului \u2013 ideal\u0103 pentru \u0219antiere cu acces limitat sau condi\u021bii sensibile ale solului. <\/p>\n\n<div style=\"height:8rem\" aria-hidden=\"true\" class=\"wp-block-spacer\"><\/div>\n<div class=\"fb-image-floating-text fb-image-floating-text--align-right\" style=\"background-color: #d4d4d4;\">\n  <img loading=\"lazy\" decoding=\"async\" width=\"700\" height=\"440\" src=\"https:\/\/firstbasegroundscrews.com\/wp-content\/uploads\/2025\/09\/DP250-BEss-700x440.jpeg\" class=\"fb-image-floating-text__image\" alt=\"\" srcset=\"https:\/\/firstbasegroundscrews.com\/wp-content\/uploads\/2025\/09\/DP250-BEss-700x440.jpeg 700w, https:\/\/firstbasegroundscrews.com\/wp-content\/uploads\/2025\/09\/DP250-BEss-250x157.jpeg 250w, https:\/\/firstbasegroundscrews.com\/wp-content\/uploads\/2025\/09\/DP250-BEss-768x483.jpeg 768w, https:\/\/firstbasegroundscrews.com\/wp-content\/uploads\/2025\/09\/DP250-BEss-1536x965.jpeg 1536w, https:\/\/firstbasegroundscrews.com\/wp-content\/uploads\/2025\/09\/DP250-BEss-400x251.jpeg 400w, https:\/\/firstbasegroundscrews.com\/wp-content\/uploads\/2025\/09\/DP250-BEss-120x75.jpeg 120w, https:\/\/firstbasegroundscrews.com\/wp-content\/uploads\/2025\/09\/DP250-BEss-318x200.jpeg 318w, https:\/\/firstbasegroundscrews.com\/wp-content\/uploads\/2025\/09\/DP250-BEss-1719x1080.jpeg 1719w, https:\/\/firstbasegroundscrews.com\/wp-content\/uploads\/2025\/09\/DP250-BEss.jpeg 1884w\" sizes=\"auto, (max-width: 700px) 100vw, 700px\" \/>\n  <div class=\"fb-image-floating-text__content-wrapper\">\n    <div class=\"fb-image-floating-text__content-wrapper-inner\">\n      <div class=\"fb-image-floating-text__content\">\n        <h3 class=\"wp-block-heading\"><strong>Performan\u021b\u0103 verificat\u0103<\/strong> pe \u0219antier<\/h3>\n<p><!-- \/wp:heading --> <!-- wp:paragraph --><\/p>\n<p>Kiturile noastre de testare <a href=\"https:\/\/firstbasegroundscrews.com\/ro\/machines\/kit-de-testare-la-tractiune-tp60\/\">TP60<\/a> \u0219i <a href=\"https:\/\/firstbasegroundscrews.com\/ro\/machines\/instalatie-de-testare-la-presiune-dp250\/\">DP250<\/a> permit testarea imediat\u0103, pe \u0219antier, a sarcinii pentru a verifica capacitatea funda\u021biei \u0219i a asigura conformitatea cu specifica\u021biile de proiectare.<!-- wp:spacer {\"height\":\"8rem\"} --><\/p>\n<div class=\"wp-block-spacer\" aria-hidden=\"true\"><\/div>\n\n      <\/div>\n    <\/div>\n  <\/div>\n<\/div>\n<div style=\"height:8rem\" aria-hidden=\"true\" class=\"wp-block-spacer\"><\/div>\n\n<h3 class=\"wp-block-heading\">Adaptabile la terenuri dificile<\/h3>\n\n<p>Se instaleaz\u0103 u\u0219or pe terenuri \u00eenclinate sau denivelate, f\u0103r\u0103 excavare sau lucr\u0103ri costisitoare de preg\u0103tire a terenului.<\/p>\n\n<h3 class=\"wp-block-heading\">Calitate certificat\u0103<\/h3>\n\n<p>Fabricate conform standardelor EN 1090, asigur\u00e2nd o calitate constant\u0103 a produsului \u0219i integritate structural\u0103.<\/p>\n\n<div style=\"height:8rem\" aria-hidden=\"true\" class=\"wp-block-spacer\"><\/div>\n<div class=\"fb-image-floating-text fb-image-floating-text--align-left\" style=\"background-color: #d4d4d4;\">\n  <img loading=\"lazy\" decoding=\"async\" width=\"700\" height=\"724\" src=\"https:\/\/firstbasegroundscrews.com\/wp-content\/uploads\/2025\/09\/M800-Bess-700x724.jpeg\" class=\"fb-image-floating-text__image\" alt=\"\" srcset=\"https:\/\/firstbasegroundscrews.com\/wp-content\/uploads\/2025\/09\/M800-Bess-700x724.jpeg 700w, https:\/\/firstbasegroundscrews.com\/wp-content\/uploads\/2025\/09\/M800-Bess-250x259.jpeg 250w, https:\/\/firstbasegroundscrews.com\/wp-content\/uploads\/2025\/09\/M800-Bess-387x400.jpeg 387w, https:\/\/firstbasegroundscrews.com\/wp-content\/uploads\/2025\/09\/M800-Bess-120x124.jpeg 120w, https:\/\/firstbasegroundscrews.com\/wp-content\/uploads\/2025\/09\/M800-Bess-193x200.jpeg 193w, https:\/\/firstbasegroundscrews.com\/wp-content\/uploads\/2025\/09\/M800-Bess.jpeg 753w\" sizes=\"auto, (max-width: 700px) 100vw, 700px\" \/>\n  <div class=\"fb-image-floating-text__content-wrapper\">\n    <div class=\"fb-image-floating-text__content-wrapper-inner\">\n      <div class=\"fb-image-floating-text__content\">\n        <h3 class=\"wp-block-heading\"><!-- wp:heading {\"level\":3} --><\/h3>\n<h3 class=\"wp-block-heading\">Construit pentru BESS<\/h3>\n<h3 class=\"wp-block-heading\"><!-- \/wp:heading --> <!-- wp:paragraph --><\/h3>\n<p>Cu un cuplu de 12.000 Nm, <a href=\"https:\/\/firstbasegroundscrews.com\/ro\/machines\/masina-hidraulica-model-800\/\">M800<\/a> instaleaz\u0103 \u0219uruburi de funda\u021bie de mare rezisten\u021b\u0103 rapid \u0219i precis. Perfect pentru sarcinile funda\u021biilor BESS. <!-- wp:spacer {\"height\":\"8rem\"} --><\/p>\n<div class=\"wp-block-spacer\" aria-hidden=\"true\"><\/div>\n<p><!-- \/wp:spacer --><\/p>\n\n      <\/div>\n    <\/div>\n  <\/div>\n<\/div>\n<div style=\"height:8rem\" aria-hidden=\"true\" class=\"wp-block-spacer\"><\/div>\n\n<h3 class=\"wp-block-heading\">Montare imediat\u0103 a unit\u0103\u021bilor BESS<\/h3>\n\n<p>Odat\u0103 ce funda\u021biile cu \u0219uruburi sunt instalate, containerele dumneavoastr\u0103 BESS pot fi montate imediat.<\/p>\n\n<div class=\"wp-block-group is-nowrap is-layout-flex wp-container-core-group-is-layout-ad2f72ca wp-block-group-is-layout-flex\"><\/div>\n\n<h3 class=\"wp-block-heading\"><\/h3>\n\n<h3 class=\"wp-block-heading\"><\/h3>\n","protected":false},"excerpt":{"rendered":"Sistemele de stocare a energiei prin baterii (BESS) necesit\u0103 funda\u021bii care combin\u0103 o capacitate portant\u0103 ridicat\u0103 \u0219i o vitez\u0103 mare de instalare.","protected":false},"author":1,"featured_media":15699,"parent":15764,"menu_order":0,"comment_status":"closed","ping_status":"closed","template":"templates\/page_new-landing.php","meta":{"_acf_changed":false,"footnotes":""},"class_list":["post-15695","page","type-page","status-publish","has-post-thumbnail","hentry"],"acf":[],"yoast_head":"<!-- This site is optimized with the Yoast SEO plugin v27.3 - https:\/\/yoast.com\/product\/yoast-seo-wordpress\/ -->\n<title>Sisteme BESS - FIRST BASE Ground Screws<\/title>\n<meta name=\"description\" content=\"Sistemele de stocare a energiei prin baterii (BESS) necesit\u0103 funda\u021bii care combin\u0103 o capacitate portant\u0103 ridicat\u0103 \u0219i o vitez\u0103 mare de instalare. FIRST BASE Ground Screws ofer\u0103 o tehnologie dovedit\u0103 a \u0219uruburilor de funda\u021bie, adaptat\u0103 pentru instala\u021biile BESS. Asigur\u00e2nd o baz\u0103 solid\u0103, f\u0103r\u0103 vibra\u021bii, care sus\u021bine infrastructura critic\u0103 a activelor dumneavoastr\u0103 de stocare a energiei.\" \/>\n<meta name=\"robots\" content=\"index, follow, max-snippet:-1, max-image-preview:large, max-video-preview:-1\" \/>\n<link rel=\"canonical\" href=\"https:\/\/firstbasegroundscrews.com\/ro\/solar\/sisteme-bess\/\" \/>\n<meta property=\"og:locale\" content=\"ro_RO\" \/>\n<meta property=\"og:type\" content=\"article\" \/>\n<meta property=\"og:title\" content=\"Sisteme BESS - FIRST BASE Ground Screws\" \/>\n<meta property=\"og:description\" content=\"Sistemele de stocare a energiei prin baterii (BESS) necesit\u0103 funda\u021bii care combin\u0103 o capacitate portant\u0103 ridicat\u0103 \u0219i o vitez\u0103 mare de instalare. FIRST BASE Ground Screws ofer\u0103 o tehnologie dovedit\u0103 a \u0219uruburilor de funda\u021bie, adaptat\u0103 pentru instala\u021biile BESS. Asigur\u00e2nd o baz\u0103 solid\u0103, f\u0103r\u0103 vibra\u021bii, care sus\u021bine infrastructura critic\u0103 a activelor dumneavoastr\u0103 de stocare a energiei.\" \/>\n<meta property=\"og:url\" content=\"https:\/\/firstbasegroundscrews.com\/ro\/solar\/sisteme-bess\/\" \/>\n<meta property=\"og:site_name\" content=\"FIRST BASE Ground Screws\" \/>\n<meta property=\"article:modified_time\" content=\"2026-03-24T10:05:10+00:00\" \/>\n<meta property=\"og:image\" content=\"https:\/\/firstbasegroundscrews.com\/wp-content\/uploads\/2025\/09\/BESS-System-LR-scaled.jpg\" \/>\n\t<meta property=\"og:image:width\" content=\"2560\" \/>\n\t<meta property=\"og:image:height\" content=\"1440\" \/>\n\t<meta property=\"og:image:type\" content=\"image\/jpeg\" \/>\n<meta name=\"twitter:card\" content=\"summary_large_image\" \/>\n<meta name=\"twitter:label1\" content=\"Timp estimat pentru citire\" \/>\n\t<meta name=\"twitter:data1\" content=\"1 minut\" \/>\n<script type=\"application\/ld+json\" class=\"yoast-schema-graph\">{\"@context\":\"https:\\\/\\\/schema.org\",\"@graph\":[{\"@type\":\"WebPage\",\"@id\":\"https:\\\/\\\/firstbasegroundscrews.com\\\/ro\\\/solar\\\/sisteme-bess\\\/\",\"url\":\"https:\\\/\\\/firstbasegroundscrews.com\\\/ro\\\/solar\\\/sisteme-bess\\\/\",\"name\":\"Sisteme BESS - FIRST BASE Ground Screws\",\"isPartOf\":{\"@id\":\"https:\\\/\\\/firstbasegroundscrews.com\\\/ro\\\/#website\"},\"primaryImageOfPage\":{\"@id\":\"https:\\\/\\\/firstbasegroundscrews.com\\\/ro\\\/solar\\\/sisteme-bess\\\/#primaryimage\"},\"image\":{\"@id\":\"https:\\\/\\\/firstbasegroundscrews.com\\\/ro\\\/solar\\\/sisteme-bess\\\/#primaryimage\"},\"thumbnailUrl\":\"https:\\\/\\\/firstbasegroundscrews.com\\\/wp-content\\\/uploads\\\/2025\\\/09\\\/BESS-System-LR-scaled.jpg\",\"datePublished\":\"2025-09-22T07:14:41+00:00\",\"dateModified\":\"2026-03-24T10:05:10+00:00\",\"description\":\"Sistemele de stocare a energiei prin baterii (BESS) necesit\u0103 funda\u021bii care combin\u0103 o capacitate portant\u0103 ridicat\u0103 \u0219i o vitez\u0103 mare de instalare. FIRST BASE Ground Screws ofer\u0103 o tehnologie dovedit\u0103 a \u0219uruburilor de funda\u021bie, adaptat\u0103 pentru instala\u021biile BESS. Asigur\u00e2nd o baz\u0103 solid\u0103, f\u0103r\u0103 vibra\u021bii, care sus\u021bine infrastructura critic\u0103 a activelor dumneavoastr\u0103 de stocare a energiei.\",\"breadcrumb\":{\"@id\":\"https:\\\/\\\/firstbasegroundscrews.com\\\/ro\\\/solar\\\/sisteme-bess\\\/#breadcrumb\"},\"inLanguage\":\"ro-RO\",\"potentialAction\":[{\"@type\":\"ReadAction\",\"target\":[\"https:\\\/\\\/firstbasegroundscrews.com\\\/ro\\\/solar\\\/sisteme-bess\\\/\"]}]},{\"@type\":\"ImageObject\",\"inLanguage\":\"ro-RO\",\"@id\":\"https:\\\/\\\/firstbasegroundscrews.com\\\/ro\\\/solar\\\/sisteme-bess\\\/#primaryimage\",\"url\":\"https:\\\/\\\/firstbasegroundscrews.com\\\/wp-content\\\/uploads\\\/2025\\\/09\\\/BESS-System-LR-scaled.jpg\",\"contentUrl\":\"https:\\\/\\\/firstbasegroundscrews.com\\\/wp-content\\\/uploads\\\/2025\\\/09\\\/BESS-System-LR-scaled.jpg\",\"width\":2560,\"height\":1440},{\"@type\":\"BreadcrumbList\",\"@id\":\"https:\\\/\\\/firstbasegroundscrews.com\\\/ro\\\/solar\\\/sisteme-bess\\\/#breadcrumb\",\"itemListElement\":[{\"@type\":\"ListItem\",\"position\":1,\"name\":\"Home\",\"item\":\"https:\\\/\\\/firstbasegroundscrews.com\\\/ro\\\/\"},{\"@type\":\"ListItem\",\"position\":2,\"name\":\"SOLAR\",\"item\":\"https:\\\/\\\/firstbasegroundscrews.com\\\/ro\\\/solar\\\/\"},{\"@type\":\"ListItem\",\"position\":3,\"name\":\"Sisteme BESS\"}]},{\"@type\":\"WebSite\",\"@id\":\"https:\\\/\\\/firstbasegroundscrews.com\\\/ro\\\/#website\",\"url\":\"https:\\\/\\\/firstbasegroundscrews.com\\\/ro\\\/\",\"name\":\"FIRST BASE Ground Screws\",\"description\":\"High quality ground screws for solid foundations\",\"potentialAction\":[{\"@type\":\"SearchAction\",\"target\":{\"@type\":\"EntryPoint\",\"urlTemplate\":\"https:\\\/\\\/firstbasegroundscrews.com\\\/ro\\\/?s={search_term_string}\"},\"query-input\":{\"@type\":\"PropertyValueSpecification\",\"valueRequired\":true,\"valueName\":\"search_term_string\"}}],\"inLanguage\":\"ro-RO\"}]}<\/script>\n<!-- \/ Yoast SEO plugin. -->","yoast_head_json":{"title":"Sisteme BESS - FIRST BASE Ground Screws","description":"Sistemele de stocare a energiei prin baterii (BESS) necesit\u0103 funda\u021bii care combin\u0103 o capacitate portant\u0103 ridicat\u0103 \u0219i o vitez\u0103 mare de instalare. FIRST BASE Ground Screws ofer\u0103 o tehnologie dovedit\u0103 a \u0219uruburilor de funda\u021bie, adaptat\u0103 pentru instala\u021biile BESS. Asigur\u00e2nd o baz\u0103 solid\u0103, f\u0103r\u0103 vibra\u021bii, care sus\u021bine infrastructura critic\u0103 a activelor dumneavoastr\u0103 de stocare a energiei.","robots":{"index":"index","follow":"follow","max-snippet":"max-snippet:-1","max-image-preview":"max-image-preview:large","max-video-preview":"max-video-preview:-1"},"canonical":"https:\/\/firstbasegroundscrews.com\/ro\/solar\/sisteme-bess\/","og_locale":"ro_RO","og_type":"article","og_title":"Sisteme BESS - FIRST BASE Ground Screws","og_description":"Sistemele de stocare a energiei prin baterii (BESS) necesit\u0103 funda\u021bii care combin\u0103 o capacitate portant\u0103 ridicat\u0103 \u0219i o vitez\u0103 mare de instalare. FIRST BASE Ground Screws ofer\u0103 o tehnologie dovedit\u0103 a \u0219uruburilor de funda\u021bie, adaptat\u0103 pentru instala\u021biile BESS. Asigur\u00e2nd o baz\u0103 solid\u0103, f\u0103r\u0103 vibra\u021bii, care sus\u021bine infrastructura critic\u0103 a activelor dumneavoastr\u0103 de stocare a energiei.","og_url":"https:\/\/firstbasegroundscrews.com\/ro\/solar\/sisteme-bess\/","og_site_name":"FIRST BASE Ground Screws","article_modified_time":"2026-03-24T10:05:10+00:00","og_image":[{"width":2560,"height":1440,"url":"https:\/\/firstbasegroundscrews.com\/wp-content\/uploads\/2025\/09\/BESS-System-LR-scaled.jpg","type":"image\/jpeg"}],"twitter_card":"summary_large_image","twitter_misc":{"Timp estimat pentru citire":"1 minut"},"schema":{"@context":"https:\/\/schema.org","@graph":[{"@type":"WebPage","@id":"https:\/\/firstbasegroundscrews.com\/ro\/solar\/sisteme-bess\/","url":"https:\/\/firstbasegroundscrews.com\/ro\/solar\/sisteme-bess\/","name":"Sisteme BESS - FIRST BASE Ground Screws","isPartOf":{"@id":"https:\/\/firstbasegroundscrews.com\/ro\/#website"},"primaryImageOfPage":{"@id":"https:\/\/firstbasegroundscrews.com\/ro\/solar\/sisteme-bess\/#primaryimage"},"image":{"@id":"https:\/\/firstbasegroundscrews.com\/ro\/solar\/sisteme-bess\/#primaryimage"},"thumbnailUrl":"https:\/\/firstbasegroundscrews.com\/wp-content\/uploads\/2025\/09\/BESS-System-LR-scaled.jpg","datePublished":"2025-09-22T07:14:41+00:00","dateModified":"2026-03-24T10:05:10+00:00","description":"Sistemele de stocare a energiei prin baterii (BESS) necesit\u0103 funda\u021bii care combin\u0103 o capacitate portant\u0103 ridicat\u0103 \u0219i o vitez\u0103 mare de instalare. FIRST BASE Ground Screws ofer\u0103 o tehnologie dovedit\u0103 a \u0219uruburilor de funda\u021bie, adaptat\u0103 pentru instala\u021biile BESS. Asigur\u00e2nd o baz\u0103 solid\u0103, f\u0103r\u0103 vibra\u021bii, care sus\u021bine infrastructura critic\u0103 a activelor dumneavoastr\u0103 de stocare a energiei.","breadcrumb":{"@id":"https:\/\/firstbasegroundscrews.com\/ro\/solar\/sisteme-bess\/#breadcrumb"},"inLanguage":"ro-RO","potentialAction":[{"@type":"ReadAction","target":["https:\/\/firstbasegroundscrews.com\/ro\/solar\/sisteme-bess\/"]}]},{"@type":"ImageObject","inLanguage":"ro-RO","@id":"https:\/\/firstbasegroundscrews.com\/ro\/solar\/sisteme-bess\/#primaryimage","url":"https:\/\/firstbasegroundscrews.com\/wp-content\/uploads\/2025\/09\/BESS-System-LR-scaled.jpg","contentUrl":"https:\/\/firstbasegroundscrews.com\/wp-content\/uploads\/2025\/09\/BESS-System-LR-scaled.jpg","width":2560,"height":1440},{"@type":"BreadcrumbList","@id":"https:\/\/firstbasegroundscrews.com\/ro\/solar\/sisteme-bess\/#breadcrumb","itemListElement":[{"@type":"ListItem","position":1,"name":"Home","item":"https:\/\/firstbasegroundscrews.com\/ro\/"},{"@type":"ListItem","position":2,"name":"SOLAR","item":"https:\/\/firstbasegroundscrews.com\/ro\/solar\/"},{"@type":"ListItem","position":3,"name":"Sisteme BESS"}]},{"@type":"WebSite","@id":"https:\/\/firstbasegroundscrews.com\/ro\/#website","url":"https:\/\/firstbasegroundscrews.com\/ro\/","name":"FIRST BASE Ground Screws","description":"High quality ground screws for solid foundations","potentialAction":[{"@type":"SearchAction","target":{"@type":"EntryPoint","urlTemplate":"https:\/\/firstbasegroundscrews.com\/ro\/?s={search_term_string}"},"query-input":{"@type":"PropertyValueSpecification","valueRequired":true,"valueName":"search_term_string"}}],"inLanguage":"ro-RO"}]}},"_links":{"self":[{"href":"https:\/\/firstbasegroundscrews.com\/ro\/wp-json\/wp\/v2\/pages\/15695","targetHints":{"allow":["GET"]}}],"collection":[{"href":"https:\/\/firstbasegroundscrews.com\/ro\/wp-json\/wp\/v2\/pages"}],"about":[{"href":"https:\/\/firstbasegroundscrews.com\/ro\/wp-json\/wp\/v2\/types\/page"}],"author":[{"embeddable":true,"href":"https:\/\/firstbasegroundscrews.com\/ro\/wp-json\/wp\/v2\/users\/1"}],"replies":[{"embeddable":true,"href":"https:\/\/firstbasegroundscrews.com\/ro\/wp-json\/wp\/v2\/comments?post=15695"}],"version-history":[{"count":2,"href":"https:\/\/firstbasegroundscrews.com\/ro\/wp-json\/wp\/v2\/pages\/15695\/revisions"}],"predecessor-version":[{"id":16590,"href":"https:\/\/firstbasegroundscrews.com\/ro\/wp-json\/wp\/v2\/pages\/15695\/revisions\/16590"}],"up":[{"embeddable":true,"href":"https:\/\/firstbasegroundscrews.com\/ro\/wp-json\/wp\/v2\/pages\/15764"}],"wp:featuredmedia":[{"embeddable":true,"href":"https:\/\/firstbasegroundscrews.com\/ro\/wp-json\/wp\/v2\/media\/15699"}],"wp:attachment":[{"href":"https:\/\/firstbasegroundscrews.com\/ro\/wp-json\/wp\/v2\/media?parent=15695"}],"curies":[{"name":"wp","href":"https:\/\/api.w.org\/{rel}","templated":true}]}}