{"id":9617,"date":"2024-10-08T10:27:50","date_gmt":"2024-10-08T10:27:50","guid":{"rendered":"https:\/\/firstbasegroundscrews.com\/?page_id=9617"},"modified":"2024-10-08T10:27:51","modified_gmt":"2024-10-08T10:27:51","slug":"subscricao","status":"publish","type":"page","link":"https:\/\/firstbasegroundscrews.com\/pt-pt\/subscricao\/","title":{"rendered":"Subscreva a newsletter"},"content":{"rendered":"\n<h2 class=\"wp-block-heading\">Quer ser o primeiro a ser informado? Assine a nossa newsletter<\/h2>\n\n\n<noscript class=\"ninja-forms-noscript-message\">\n\tAviso: Este conte\u00fado necessita do JavaScript.<\/noscript>\n<div id=\"nf-form-32-cont\" class=\"nf-form-cont\" aria-live=\"polite\" aria-labelledby=\"nf-form-title-32\" aria-describedby=\"nf-form-errors-32\" role=\"form\">\n\n    <div class=\"nf-loading-spinner\"><\/div>\n\n<\/div>\n        <!-- That data is being printed as a workaround to page builders reordering the order of the scripts loaded-->\n        <script>var formDisplay=1;var nfForms=nfForms||[];var form=[];form.id='32';form.settings={\"objectType\":\"Form Setting\",\"editActive\":true,\"title\":\"Acompanhe nossas \\u00faltimas not\\u00edcias\",\"created_at\":\"2022-05-04 15:00:47\",\"form_title\":\"Keep up with our latest news\",\"default_label_pos\":\"above\",\"show_title\":\"1\",\"clear_complete\":\"1\",\"hide_complete\":\"1\",\"logged_in\":\"0\",\"wrapper_class\":\"\",\"element_class\":\"\",\"key\":\"\",\"add_submit\":\"0\",\"currency\":\"\",\"repeatable_fieldsets\":\"\",\"unique_field_error\":\"A form with this value has already been submitted.\",\"not_logged_in_msg\":\"\",\"sub_limit_msg\":\"The form has reached its submission limit.\",\"calculations\":[],\"conditions\":[],\"formContentData\":[\"nome_1678797004671\",\"sobrenome_1678797009333\",\"e-mail_1678797015401\",\"eu_concordo_com_a_politica_de_privacidade_da_first_base_ground_screws_1678797023342\",\"subscribe_1666612554028\"],\"changeEmailErrorMsg\":\"Introduza um endere\\u00e7o de correio eletr\\u00f3nico v\\u00e1lido!\",\"changeDateErrorMsg\":\"Please enter a valid date!\",\"confirmFieldErrorMsg\":\"Estes campos n\\u00e3o coincidem!\",\"fieldNumberNumMinError\":\"Erro de n\\u00famero m\\u00ednimo\",\"fieldNumberNumMaxError\":\"Erro de n\\u00famero m\\u00e1ximo\",\"fieldNumberIncrementBy\":\"Aumente em \",\"formErrorsCorrectErrors\":\"Corrija os erros antes de submeter este formul\\u00e1rio.\",\"validateRequiredField\":\"Este campo \\u00e9 obrigat\\u00f3rio.\",\"honeypotHoneypotError\":\"Erro do pote de mel\",\"fieldsMarkedRequired\":\"Os campos assinalados com um <span class=\\\"ninja-forms-req-symbol\\\">*<\\\/span> s\\u00e3o obrigat\\u00f3rios\",\"drawerDisabled\":false,\"form_title_heading_level\":\"3\",\"allow_public_link\":0,\"embed_form\":\"\",\"objectDomain\":\"display\",\"ninjaForms\":\"Ninja Forms\",\"fieldTextareaRTEInsertLink\":\"Inserir hiperliga\\u00e7\\u00e3o\",\"fieldTextareaRTEInsertMedia\":\"Inserir multim\\u00e9dia\",\"fieldTextareaRTESelectAFile\":\"Selecione um ficheiro\",\"formHoneypot\":\"Se for humano e estiver a ver este campo, deixe-o em branco.\",\"fileUploadOldCodeFileUploadInProgress\":\"Carregamento do ficheiro em curso.\",\"fileUploadOldCodeFileUpload\":\"CARREGAMENTO DO FICHEIRO\",\"currencySymbol\":\"&#36;\",\"thousands_sep\":\".\",\"decimal_point\":\",\",\"siteLocale\":\"pt_PT\",\"dateFormat\":\"m\\\/d\\\/Y\",\"startOfWeek\":\"1\",\"of\":\"de\",\"previousMonth\":\"Previous Month\",\"nextMonth\":\"Next Month\",\"months\":[\"January\",\"February\",\"March\",\"April\",\"May\",\"June\",\"July\",\"August\",\"September\",\"October\",\"November\",\"December\"],\"monthsShort\":[\"Jan\",\"Feb\",\"Mar\",\"Apr\",\"May\",\"Jun\",\"Jul\",\"Aug\",\"Sep\",\"Oct\",\"Nov\",\"Dec\"],\"weekdays\":[\"Sunday\",\"Monday\",\"Tuesday\",\"Wednesday\",\"Thursday\",\"Friday\",\"Saturday\"],\"weekdaysShort\":[\"Sun\",\"Mon\",\"Tue\",\"Wed\",\"Thu\",\"Fri\",\"Sat\"],\"weekdaysMin\":[\"Su\",\"Mo\",\"Tu\",\"We\",\"Th\",\"Fr\",\"Sa\"],\"recaptchaConsentMissing\":\"reCaptcha validation couldn&#039;t load.\",\"recaptchaMissingCookie\":\"reCaptcha v3 validation couldn&#039;t load the cookie needed to submit the form.\",\"recaptchaConsentEvent\":\"Accept reCaptcha cookies before sending the form.\",\"currency_symbol\":\"\",\"beforeForm\":\"\",\"beforeFields\":\"\",\"afterFields\":\"\",\"afterForm\":\"\"};form.fields=[{\"objectType\":\"Field\",\"objectDomain\":\"fields\",\"editActive\":false,\"order\":1,\"idAttribute\":\"id\",\"type\":\"firstname\",\"label\":\"Nome\",\"key\":\"nome_1678797004671\",\"label_pos\":\"above\",\"required\":1,\"default\":\"\",\"placeholder\":\"\",\"container_class\":\"\",\"element_class\":\"\",\"admin_label\":\"\",\"help_text\":\"\",\"custom_name_attribute\":\"fname\",\"personally_identifiable\":1,\"value\":\"\",\"drawerDisabled\":\"\",\"field_label\":\"Nome\",\"field_key\":\"nome_1678797004671\",\"id\":430,\"beforeField\":\"\",\"afterField\":\"\",\"parentType\":\"firstname\",\"element_templates\":[\"firstname\",\"input\"],\"old_classname\":\"\",\"wrap_template\":\"wrap\"},{\"objectType\":\"Field\",\"objectDomain\":\"fields\",\"editActive\":false,\"order\":2,\"idAttribute\":\"id\",\"type\":\"lastname\",\"label\":\"Sobrenome\",\"key\":\"sobrenome_1678797009333\",\"label_pos\":\"above\",\"required\":1,\"default\":\"\",\"placeholder\":\"\",\"container_class\":\"\",\"element_class\":\"\",\"admin_label\":\"\",\"help_text\":\"\",\"custom_name_attribute\":\"lname\",\"personally_identifiable\":1,\"value\":\"\",\"drawerDisabled\":\"\",\"field_label\":\"Sobrenome\",\"field_key\":\"sobrenome_1678797009333\",\"id\":431,\"beforeField\":\"\",\"afterField\":\"\",\"parentType\":\"lastname\",\"element_templates\":[\"lastname\",\"input\"],\"old_classname\":\"\",\"wrap_template\":\"wrap\"},{\"objectType\":\"Field\",\"objectDomain\":\"fields\",\"editActive\":false,\"order\":3,\"idAttribute\":\"id\",\"label\":\" E-mail\",\"type\":\"email\",\"key\":\"e-mail_1678797015401\",\"label_pos\":\"above\",\"required\":\"\",\"default\":\"\",\"placeholder\":\"\",\"container_class\":\"\",\"element_class\":\"\",\"admin_label\":\"\",\"help_text\":\"\",\"custom_name_attribute\":\"email\",\"personally_identifiable\":1,\"value\":\"\",\"field_label\":\" E-mail\",\"field_key\":\"e-mail_1678797015401\",\"id\":432,\"beforeField\":\"\",\"afterField\":\"\",\"parentType\":\"email\",\"element_templates\":[\"email\",\"input\"],\"old_classname\":\"\",\"wrap_template\":\"wrap\"},{\"objectType\":\"Field\",\"objectDomain\":\"fields\",\"editActive\":false,\"order\":5,\"idAttribute\":\"id\",\"label\":\" Eu concordo com a pol\\u00edtica de privacidade da FIRST BASE Ground Screws.\",\"type\":\"checkbox\",\"key\":\"eu_concordo_com_a_politica_de_privacidade_da_first_base_ground_screws_1678797023342\",\"label_pos\":\"left\",\"required\":1,\"container_class\":\"custom-check\",\"element_class\":\"\",\"manual_key\":\"\",\"admin_label\":\"\",\"help_text\":\"<p><br><\\\/p>\",\"default_value\":\"unchecked\",\"checked_value\":\"Checked\",\"unchecked_value\":\"Unchecked\",\"checked_calc_value\":\"\",\"unchecked_calc_value\":\"\",\"drawerDisabled\":\"\",\"default\":\"unchecked\",\"field_label\":\" Eu concordo com a pol\\u00edtica de privacidade da FIRST BASE Ground Screws.\",\"field_key\":\"eu_concordo_com_a_politica_de_privacidade_da_first_base_ground_screws_1678797023342\",\"value\":\"unchecked\",\"id\":433,\"beforeField\":\"\",\"afterField\":\"\",\"parentType\":\"checkbox\",\"element_templates\":[\"checkbox\",\"input\"],\"old_classname\":\"\",\"wrap_template\":\"wrap\"},{\"objectType\":\"Field\",\"objectDomain\":\"fields\",\"editActive\":false,\"order\":6,\"idAttribute\":\"id\",\"type\":\"submit\",\"label\":\"SUBSCRIBE\",\"processing_label\":\"Processing\",\"container_class\":\"custom-submit-btn\",\"element_class\":\"\",\"key\":\"subscribe_1666612554028\",\"drawerDisabled\":\"\",\"field_label\":\"SUBSCRIBE\",\"field_key\":\"subscribe_1666612554028\",\"admin_label\":\"\",\"id\":434,\"beforeField\":\"\",\"afterField\":\"\",\"value\":\"\",\"label_pos\":\"above\",\"parentType\":\"textbox\",\"element_templates\":[\"submit\",\"button\",\"input\"],\"old_classname\":\"\",\"wrap_template\":\"wrap-no-label\"},{\"objectType\":\"Field\",\"objectDomain\":\"fields\",\"editActive\":false,\"order\":\"6.0\",\"type\":\"recaptcha_v3\",\"label\":\"Hidden\",\"key\":\"recaptcha_v3\",\"default\":\"\",\"admin_label\":\"\",\"drawerDisabled\":false,\"id\":\"20202\",\"beforeField\":\"\",\"afterField\":\"\",\"value\":\"\",\"label_pos\":\"above\",\"parentType\":\"hidden\",\"element_templates\":[\"recaptcha-v3\",\"hidden\",\"input\"],\"old_classname\":\"\",\"wrap_template\":\"wrap-no-label\",\"site_key\":\"6Ld9ZCYjAAAAAF4Y3QEdJTwGjtwU7Rpa2UHHni3V\"}];nfForms.push(form);<\/script>\n        \n\n\n<h3 class=\"wp-block-heading\">Not\u00edcias, dicas profissionais e informa\u00e7\u00f5es \u00fateis<\/h3>\n\n\n\n<p>Para n\u00f3s, n\u00e3o se trata apenas de fornecer aos nossos clientes e parceiros uma base de parafuso de solo de alta qualidade. Teremos o maior prazer em ajud\u00e1-lo com dicas e manuais \u00fateis, aumentar seus conhecimentos com informa\u00e7\u00f5es atualizadas sobre produtos, not\u00edcias de nossos profissionais e inspire-se em projetos constru\u00eddos com base na nossa base de parafusos de solo.<\/p>\n\n\n\n<h3 class=\"wp-block-heading\">Concordo com<\/h3>\n\n\n\n<p>Ao registar-se no nosso boletim informativo, aceita a nossa pol\u00edtica de privacidade e d\u00e1 permiss\u00e3o para que n\u00f3s, da FIRST BASE Ground Screws, o mantenhamos informado por e-mail sobre not\u00edcias, desenvolvimentos e muito mais. Voc\u00ea pode cancelar a assinatura deste boletim informativo a qualquer momento usando o link de cancelamento em nossos e-mails.<\/p>\n","protected":false},"excerpt":{"rendered":"Quer ser o primeiro a ser informado? Assine a nossa newsletter Not\u00edcias, dicas profissionais e informa\u00e7\u00f5es \u00fateis Para n\u00f3s, n\u00e3o se trata apenas de fornecer aos nossos clientes e parceiros uma base de parafuso de solo de alta qualidade. Teremos o maior prazer em ajud\u00e1-lo com dicas e manuais \u00fateis, aumentar seus conhecimentos com informa\u00e7\u00f5es [&hellip;]","protected":false},"author":1,"featured_media":4192,"parent":0,"menu_order":0,"comment_status":"closed","ping_status":"closed","template":"","meta":{"_acf_changed":false,"footnotes":""},"class_list":["post-9617","page","type-page","status-publish","has-post-thumbnail","hentry"],"acf":[],"yoast_head":"<!-- This site is optimized with the Yoast SEO plugin v27.3 - https:\/\/yoast.com\/product\/yoast-seo-wordpress\/ -->\n<title>Subscreva a newsletter - FIRST BASE Ground Screws<\/title>\n<meta name=\"robots\" content=\"index, follow, max-snippet:-1, max-image-preview:large, max-video-preview:-1\" \/>\n<link rel=\"canonical\" href=\"https:\/\/firstbasegroundscrews.com\/pt-pt\/subscricao\/\" \/>\n<meta property=\"og:locale\" content=\"pt_PT\" \/>\n<meta property=\"og:type\" content=\"article\" \/>\n<meta property=\"og:title\" content=\"Subscreva a newsletter - FIRST BASE Ground Screws\" \/>\n<meta property=\"og:description\" content=\"Quer ser o primeiro a ser informado? Assine a nossa newsletter Not\u00edcias, dicas profissionais e informa\u00e7\u00f5es \u00fateis Para n\u00f3s, n\u00e3o se trata apenas de fornecer aos nossos clientes e parceiros uma base de parafuso de solo de alta qualidade. Teremos o maior prazer em ajud\u00e1-lo com dicas e manuais \u00fateis, aumentar seus conhecimentos com informa\u00e7\u00f5es [&hellip;]\" \/>\n<meta property=\"og:url\" content=\"https:\/\/firstbasegroundscrews.com\/pt-pt\/subscricao\/\" \/>\n<meta property=\"og:site_name\" content=\"FIRST BASE Ground Screws\" \/>\n<meta property=\"article:modified_time\" content=\"2024-10-08T10:27:51+00:00\" \/>\n<meta property=\"og:image\" content=\"https:\/\/firstbasegroundscrews.com\/wp-content\/uploads\/2019\/07\/header-fundament.jpg\" \/>\n\t<meta property=\"og:image:width\" content=\"1920\" \/>\n\t<meta property=\"og:image:height\" content=\"680\" \/>\n\t<meta property=\"og:image:type\" content=\"image\/jpeg\" \/>\n<meta name=\"twitter:card\" content=\"summary_large_image\" \/>\n<meta name=\"twitter:label1\" content=\"Tempo estimado de leitura\" \/>\n\t<meta name=\"twitter:data1\" content=\"1 minuto\" \/>\n<script type=\"application\/ld+json\" class=\"yoast-schema-graph\">{\"@context\":\"https:\\\/\\\/schema.org\",\"@graph\":[{\"@type\":\"WebPage\",\"@id\":\"https:\\\/\\\/firstbasegroundscrews.com\\\/pt-pt\\\/subscricao\\\/\",\"url\":\"https:\\\/\\\/firstbasegroundscrews.com\\\/pt-pt\\\/subscricao\\\/\",\"name\":\"Subscreva a newsletter - FIRST BASE Ground Screws\",\"isPartOf\":{\"@id\":\"https:\\\/\\\/firstbasegroundscrews.com\\\/pt-pt\\\/#website\"},\"primaryImageOfPage\":{\"@id\":\"https:\\\/\\\/firstbasegroundscrews.com\\\/pt-pt\\\/subscricao\\\/#primaryimage\"},\"image\":{\"@id\":\"https:\\\/\\\/firstbasegroundscrews.com\\\/pt-pt\\\/subscricao\\\/#primaryimage\"},\"thumbnailUrl\":\"https:\\\/\\\/firstbasegroundscrews.com\\\/wp-content\\\/uploads\\\/2019\\\/07\\\/header-fundament.jpg\",\"datePublished\":\"2024-10-08T10:27:50+00:00\",\"dateModified\":\"2024-10-08T10:27:51+00:00\",\"breadcrumb\":{\"@id\":\"https:\\\/\\\/firstbasegroundscrews.com\\\/pt-pt\\\/subscricao\\\/#breadcrumb\"},\"inLanguage\":\"pt-PT\",\"potentialAction\":[{\"@type\":\"ReadAction\",\"target\":[\"https:\\\/\\\/firstbasegroundscrews.com\\\/pt-pt\\\/subscricao\\\/\"]}]},{\"@type\":\"ImageObject\",\"inLanguage\":\"pt-PT\",\"@id\":\"https:\\\/\\\/firstbasegroundscrews.com\\\/pt-pt\\\/subscricao\\\/#primaryimage\",\"url\":\"https:\\\/\\\/firstbasegroundscrews.com\\\/wp-content\\\/uploads\\\/2019\\\/07\\\/header-fundament.jpg\",\"contentUrl\":\"https:\\\/\\\/firstbasegroundscrews.com\\\/wp-content\\\/uploads\\\/2019\\\/07\\\/header-fundament.jpg\",\"width\":1920,\"height\":680,\"caption\":\"FIRST BASE Terrace header\"},{\"@type\":\"BreadcrumbList\",\"@id\":\"https:\\\/\\\/firstbasegroundscrews.com\\\/pt-pt\\\/subscricao\\\/#breadcrumb\",\"itemListElement\":[{\"@type\":\"ListItem\",\"position\":1,\"name\":\"Home\",\"item\":\"https:\\\/\\\/firstbasegroundscrews.com\\\/pt-pt\\\/\"},{\"@type\":\"ListItem\",\"position\":2,\"name\":\"Subscreva a newsletter\"}]},{\"@type\":\"WebSite\",\"@id\":\"https:\\\/\\\/firstbasegroundscrews.com\\\/pt-pt\\\/#website\",\"url\":\"https:\\\/\\\/firstbasegroundscrews.com\\\/pt-pt\\\/\",\"name\":\"FIRST BASE Ground Screws\",\"description\":\"High quality ground screws for solid foundations\",\"potentialAction\":[{\"@type\":\"SearchAction\",\"target\":{\"@type\":\"EntryPoint\",\"urlTemplate\":\"https:\\\/\\\/firstbasegroundscrews.com\\\/pt-pt\\\/?s={search_term_string}\"},\"query-input\":{\"@type\":\"PropertyValueSpecification\",\"valueRequired\":true,\"valueName\":\"search_term_string\"}}],\"inLanguage\":\"pt-PT\"}]}<\/script>\n<!-- \/ Yoast SEO plugin. -->","yoast_head_json":{"title":"Subscreva a newsletter - FIRST BASE Ground Screws","robots":{"index":"index","follow":"follow","max-snippet":"max-snippet:-1","max-image-preview":"max-image-preview:large","max-video-preview":"max-video-preview:-1"},"canonical":"https:\/\/firstbasegroundscrews.com\/pt-pt\/subscricao\/","og_locale":"pt_PT","og_type":"article","og_title":"Subscreva a newsletter - FIRST BASE Ground Screws","og_description":"Quer ser o primeiro a ser informado? Assine a nossa newsletter Not\u00edcias, dicas profissionais e informa\u00e7\u00f5es \u00fateis Para n\u00f3s, n\u00e3o se trata apenas de fornecer aos nossos clientes e parceiros uma base de parafuso de solo de alta qualidade. Teremos o maior prazer em ajud\u00e1-lo com dicas e manuais \u00fateis, aumentar seus conhecimentos com informa\u00e7\u00f5es [&hellip;]","og_url":"https:\/\/firstbasegroundscrews.com\/pt-pt\/subscricao\/","og_site_name":"FIRST BASE Ground Screws","article_modified_time":"2024-10-08T10:27:51+00:00","og_image":[{"width":1920,"height":680,"url":"https:\/\/firstbasegroundscrews.com\/wp-content\/uploads\/2019\/07\/header-fundament.jpg","type":"image\/jpeg"}],"twitter_card":"summary_large_image","twitter_misc":{"Tempo estimado de leitura":"1 minuto"},"schema":{"@context":"https:\/\/schema.org","@graph":[{"@type":"WebPage","@id":"https:\/\/firstbasegroundscrews.com\/pt-pt\/subscricao\/","url":"https:\/\/firstbasegroundscrews.com\/pt-pt\/subscricao\/","name":"Subscreva a newsletter - FIRST BASE Ground Screws","isPartOf":{"@id":"https:\/\/firstbasegroundscrews.com\/pt-pt\/#website"},"primaryImageOfPage":{"@id":"https:\/\/firstbasegroundscrews.com\/pt-pt\/subscricao\/#primaryimage"},"image":{"@id":"https:\/\/firstbasegroundscrews.com\/pt-pt\/subscricao\/#primaryimage"},"thumbnailUrl":"https:\/\/firstbasegroundscrews.com\/wp-content\/uploads\/2019\/07\/header-fundament.jpg","datePublished":"2024-10-08T10:27:50+00:00","dateModified":"2024-10-08T10:27:51+00:00","breadcrumb":{"@id":"https:\/\/firstbasegroundscrews.com\/pt-pt\/subscricao\/#breadcrumb"},"inLanguage":"pt-PT","potentialAction":[{"@type":"ReadAction","target":["https:\/\/firstbasegroundscrews.com\/pt-pt\/subscricao\/"]}]},{"@type":"ImageObject","inLanguage":"pt-PT","@id":"https:\/\/firstbasegroundscrews.com\/pt-pt\/subscricao\/#primaryimage","url":"https:\/\/firstbasegroundscrews.com\/wp-content\/uploads\/2019\/07\/header-fundament.jpg","contentUrl":"https:\/\/firstbasegroundscrews.com\/wp-content\/uploads\/2019\/07\/header-fundament.jpg","width":1920,"height":680,"caption":"FIRST BASE Terrace header"},{"@type":"BreadcrumbList","@id":"https:\/\/firstbasegroundscrews.com\/pt-pt\/subscricao\/#breadcrumb","itemListElement":[{"@type":"ListItem","position":1,"name":"Home","item":"https:\/\/firstbasegroundscrews.com\/pt-pt\/"},{"@type":"ListItem","position":2,"name":"Subscreva a newsletter"}]},{"@type":"WebSite","@id":"https:\/\/firstbasegroundscrews.com\/pt-pt\/#website","url":"https:\/\/firstbasegroundscrews.com\/pt-pt\/","name":"FIRST BASE Ground Screws","description":"High quality ground screws for solid foundations","potentialAction":[{"@type":"SearchAction","target":{"@type":"EntryPoint","urlTemplate":"https:\/\/firstbasegroundscrews.com\/pt-pt\/?s={search_term_string}"},"query-input":{"@type":"PropertyValueSpecification","valueRequired":true,"valueName":"search_term_string"}}],"inLanguage":"pt-PT"}]}},"_links":{"self":[{"href":"https:\/\/firstbasegroundscrews.com\/pt-pt\/wp-json\/wp\/v2\/pages\/9617","targetHints":{"allow":["GET"]}}],"collection":[{"href":"https:\/\/firstbasegroundscrews.com\/pt-pt\/wp-json\/wp\/v2\/pages"}],"about":[{"href":"https:\/\/firstbasegroundscrews.com\/pt-pt\/wp-json\/wp\/v2\/types\/page"}],"author":[{"embeddable":true,"href":"https:\/\/firstbasegroundscrews.com\/pt-pt\/wp-json\/wp\/v2\/users\/1"}],"replies":[{"embeddable":true,"href":"https:\/\/firstbasegroundscrews.com\/pt-pt\/wp-json\/wp\/v2\/comments?post=9617"}],"version-history":[{"count":1,"href":"https:\/\/firstbasegroundscrews.com\/pt-pt\/wp-json\/wp\/v2\/pages\/9617\/revisions"}],"predecessor-version":[{"id":9618,"href":"https:\/\/firstbasegroundscrews.com\/pt-pt\/wp-json\/wp\/v2\/pages\/9617\/revisions\/9618"}],"wp:featuredmedia":[{"embeddable":true,"href":"https:\/\/firstbasegroundscrews.com\/pt-pt\/wp-json\/wp\/v2\/media\/4192"}],"wp:attachment":[{"href":"https:\/\/firstbasegroundscrews.com\/pt-pt\/wp-json\/wp\/v2\/media?parent=9617"}],"curies":[{"name":"wp","href":"https:\/\/api.w.org\/{rel}","templated":true}]}}