{"id":8606,"date":"2021-09-03T13:12:32","date_gmt":"2021-09-03T13:12:32","guid":{"rendered":"https:\/\/firstbasegroundscrews.com\/thank-you-for-your-solar-request\/"},"modified":"2026-01-05T08:14:12","modified_gmt":"2026-01-05T08:14:12","slug":"obrigado-pelo-seu-pedido-solar","status":"publish","type":"page","link":"https:\/\/firstbasegroundscrews.com\/pt-pt\/obrigado-pelo-seu-pedido-solar\/","title":{"rendered":"Obrigado pelo seu pedido solar"},"content":{"rendered":"\n<h2 class=\"wp-block-heading\">O seu pedido foi enviado com sucesso<\/h2>\n\n\n\n<p>Estamos entusiasmados com o seu pedido para que possamos contribuir juntos para a energia sustent\u00e1vel! Entraremos em contato consigo dentro de 48 horas para discutir os detalhes de sua solicita\u00e7\u00e3o.<\/p>\n\n\n\n<div style=\"height:3px\" aria-hidden=\"true\" class=\"wp-block-spacer\"><\/div>\n\n\n\n<h2 class=\"wp-block-heading\">Os seus beneficios<\/h2>\n\n\n\n<ul class=\"wp-block-list\">\n<li>F\u00e1cil de instalar com a nossa m\u00e1quina el\u00e9trica<\/li>\n\n\n\n<li>Adequado para todos os tipos de solo<\/li>\n\n\n\n<li>Instala\u00e7\u00e3o s\u00f3lida tamb\u00e9m em declives<\/li>\n\n\n\n<li>Dispon\u00edvel em stock<\/li>\n\n\n\n<li>Longa vida \u00fatil e reutiliz\u00e1vel<\/li>\n\n\n\n<li>C\u00e1lculos est\u00e1ticos poss\u00edveis com base no padr\u00e3o Eurocode<\/li>\n\n\n\n<li>Alta qualidade (Produzido de acordo com as normas EN-1090-2 e galvanizado termicamente)<\/li>\n<\/ul>\n\n\n\n<p><br>Se tem alguma d\u00favida sobre sua solicita\u00e7\u00e3o de energia solar, ligue-nos ou envie-nos um e-mail diretamente.T.: <a href=\"tel:+31413700133\">+31 413 700 133<\/a>all (The Netherlands) or mail us directly.<br>T.: <a href=\"tel:+31413700133\">+31 413 700 133<\/a><br>E.: <a href=\"mailto:info@firstbasegroundscrews.com\">info@firstbasegroundscrews.com<\/a><\/p>\n\n\n\n  <div class=\"application-grid__yt-player\" style=\"position:relative;\">\n    <span class=\"ytPlayerTrigger\" data-ytid=\"Fjos5HzxhtA\"><\/span>\n    <img decoding=\"async\" src=\"https:\/\/firstbasegroundscrews.com\/wp-content\/uploads\/2021\/10\/Solar-Zonnepark-harlingen-1.jpeg\" class=\"application-grid__image\">\n  <\/div>\n\n\n<p>Subscreva as nossas redes sociais para se manter atualizado com as \u00faltimas not\u00edcias sobre parafusos de solo!<\/p>\n\n\n\n<ul class=\"wp-block-social-links has-icon-color is-style-logos-only is-layout-flex wp-block-social-links-is-layout-flex\"><li style=\"color:#000000;\" class=\"wp-social-link wp-social-link-facebook has-black-color wp-block-social-link\"><a href=\"https:\/\/www.facebook.com\/FIRSTBASEGS\" class=\"wp-block-social-link-anchor\"><svg width=\"24\" height=\"24\" viewBox=\"0 0 24 24\" version=\"1.1\" xmlns=\"http:\/\/www.w3.org\/2000\/svg\" aria-hidden=\"true\" focusable=\"false\"><path d=\"M12 2C6.5 2 2 6.5 2 12c0 5 3.7 9.1 8.4 9.9v-7H7.9V12h2.5V9.8c0-2.5 1.5-3.9 3.8-3.9 1.1 0 2.2.2 2.2.2v2.5h-1.3c-1.2 0-1.6.8-1.6 1.6V12h2.8l-.4 2.9h-2.3v7C18.3 21.1 22 17 22 12c0-5.5-4.5-10-10-10z\"><\/path><\/svg><span class=\"wp-block-social-link-label screen-reader-text\">Facebook<\/span><\/a><\/li>\n\n<li style=\"color:#000000;\" class=\"wp-social-link wp-social-link-instagram has-black-color wp-block-social-link\"><a href=\"https:\/\/www.instagram.com\/first_base_ground_screws\/\" class=\"wp-block-social-link-anchor\"><svg width=\"24\" height=\"24\" viewBox=\"0 0 24 24\" version=\"1.1\" xmlns=\"http:\/\/www.w3.org\/2000\/svg\" aria-hidden=\"true\" focusable=\"false\"><path d=\"M12,4.622c2.403,0,2.688,0.009,3.637,0.052c0.877,0.04,1.354,0.187,1.671,0.31c0.42,0.163,0.72,0.358,1.035,0.673 c0.315,0.315,0.51,0.615,0.673,1.035c0.123,0.317,0.27,0.794,0.31,1.671c0.043,0.949,0.052,1.234,0.052,3.637 s-0.009,2.688-0.052,3.637c-0.04,0.877-0.187,1.354-0.31,1.671c-0.163,0.42-0.358,0.72-0.673,1.035 c-0.315,0.315-0.615,0.51-1.035,0.673c-0.317,0.123-0.794,0.27-1.671,0.31c-0.949,0.043-1.233,0.052-3.637,0.052 s-2.688-0.009-3.637-0.052c-0.877-0.04-1.354-0.187-1.671-0.31c-0.42-0.163-0.72-0.358-1.035-0.673 c-0.315-0.315-0.51-0.615-0.673-1.035c-0.123-0.317-0.27-0.794-0.31-1.671C4.631,14.688,4.622,14.403,4.622,12 s0.009-2.688,0.052-3.637c0.04-0.877,0.187-1.354,0.31-1.671c0.163-0.42,0.358-0.72,0.673-1.035 c0.315-0.315,0.615-0.51,1.035-0.673c0.317-0.123,0.794-0.27,1.671-0.31C9.312,4.631,9.597,4.622,12,4.622 M12,3 C9.556,3,9.249,3.01,8.289,3.054C7.331,3.098,6.677,3.25,6.105,3.472C5.513,3.702,5.011,4.01,4.511,4.511 c-0.5,0.5-0.808,1.002-1.038,1.594C3.25,6.677,3.098,7.331,3.054,8.289C3.01,9.249,3,9.556,3,12c0,2.444,0.01,2.751,0.054,3.711 c0.044,0.958,0.196,1.612,0.418,2.185c0.23,0.592,0.538,1.094,1.038,1.594c0.5,0.5,1.002,0.808,1.594,1.038 c0.572,0.222,1.227,0.375,2.185,0.418C9.249,20.99,9.556,21,12,21s2.751-0.01,3.711-0.054c0.958-0.044,1.612-0.196,2.185-0.418 c0.592-0.23,1.094-0.538,1.594-1.038c0.5-0.5,0.808-1.002,1.038-1.594c0.222-0.572,0.375-1.227,0.418-2.185 C20.99,14.751,21,14.444,21,12s-0.01-2.751-0.054-3.711c-0.044-0.958-0.196-1.612-0.418-2.185c-0.23-0.592-0.538-1.094-1.038-1.594 c-0.5-0.5-1.002-0.808-1.594-1.038c-0.572-0.222-1.227-0.375-2.185-0.418C14.751,3.01,14.444,3,12,3L12,3z M12,7.378 c-2.552,0-4.622,2.069-4.622,4.622S9.448,16.622,12,16.622s4.622-2.069,4.622-4.622S14.552,7.378,12,7.378z M12,15 c-1.657,0-3-1.343-3-3s1.343-3,3-3s3,1.343,3,3S13.657,15,12,15z M16.804,6.116c-0.596,0-1.08,0.484-1.08,1.08 s0.484,1.08,1.08,1.08c0.596,0,1.08-0.484,1.08-1.08S17.401,6.116,16.804,6.116z\"><\/path><\/svg><span class=\"wp-block-social-link-label screen-reader-text\">Instagram<\/span><\/a><\/li>\n\n<li style=\"color:#000000;\" class=\"wp-social-link wp-social-link-linkedin has-black-color wp-block-social-link\"><a href=\"https:\/\/www.linkedin.com\/company\/64256950\" class=\"wp-block-social-link-anchor\"><svg width=\"24\" height=\"24\" viewBox=\"0 0 24 24\" version=\"1.1\" xmlns=\"http:\/\/www.w3.org\/2000\/svg\" aria-hidden=\"true\" focusable=\"false\"><path d=\"M19.7,3H4.3C3.582,3,3,3.582,3,4.3v15.4C3,20.418,3.582,21,4.3,21h15.4c0.718,0,1.3-0.582,1.3-1.3V4.3 C21,3.582,20.418,3,19.7,3z M8.339,18.338H5.667v-8.59h2.672V18.338z M7.004,8.574c-0.857,0-1.549-0.694-1.549-1.548 c0-0.855,0.691-1.548,1.549-1.548c0.854,0,1.547,0.694,1.547,1.548C8.551,7.881,7.858,8.574,7.004,8.574z M18.339,18.338h-2.669 v-4.177c0-0.996-0.017-2.278-1.387-2.278c-1.389,0-1.601,1.086-1.601,2.206v4.249h-2.667v-8.59h2.559v1.174h0.037 c0.356-0.675,1.227-1.387,2.526-1.387c2.703,0,3.203,1.779,3.203,4.092V18.338z\"><\/path><\/svg><span class=\"wp-block-social-link-label screen-reader-text\">LinkedIn<\/span><\/a><\/li>\n\n<li style=\"color:#000000;\" class=\"wp-social-link wp-social-link-youtube has-black-color wp-block-social-link\"><a href=\"https:\/\/www.youtube.com\/channel\/UCYJCkFYh6jVVXfwZYx7e_YA\" class=\"wp-block-social-link-anchor\"><svg width=\"24\" height=\"24\" viewBox=\"0 0 24 24\" version=\"1.1\" xmlns=\"http:\/\/www.w3.org\/2000\/svg\" aria-hidden=\"true\" focusable=\"false\"><path d=\"M21.8,8.001c0,0-0.195-1.378-0.795-1.985c-0.76-0.797-1.613-0.801-2.004-0.847c-2.799-0.202-6.997-0.202-6.997-0.202 h-0.009c0,0-4.198,0-6.997,0.202C4.608,5.216,3.756,5.22,2.995,6.016C2.395,6.623,2.2,8.001,2.2,8.001S2,9.62,2,11.238v1.517 c0,1.618,0.2,3.237,0.2,3.237s0.195,1.378,0.795,1.985c0.761,0.797,1.76,0.771,2.205,0.855c1.6,0.153,6.8,0.201,6.8,0.201 s4.203-0.006,7.001-0.209c0.391-0.047,1.243-0.051,2.004-0.847c0.6-0.607,0.795-1.985,0.795-1.985s0.2-1.618,0.2-3.237v-1.517 C22,9.62,21.8,8.001,21.8,8.001z M9.935,14.594l-0.001-5.62l5.404,2.82L9.935,14.594z\"><\/path><\/svg><span class=\"wp-block-social-link-label screen-reader-text\">YouTube<\/span><\/a><\/li><\/ul>\n","protected":false},"excerpt":{"rendered":"O seu pedido foi enviado com sucesso Estamos entusiasmados com o seu pedido para que possamos contribuir juntos para a energia sustent\u00e1vel! Entraremos em contato consigo dentro de 48 horas para discutir os detalhes de sua solicita\u00e7\u00e3o. Os seus beneficios Se tem alguma d\u00favida sobre sua solicita\u00e7\u00e3o de energia solar, ligue-nos ou envie-nos um e-mail [&hellip;]","protected":false},"author":1,"featured_media":4184,"parent":0,"menu_order":0,"comment_status":"closed","ping_status":"closed","template":"","meta":{"_acf_changed":false,"footnotes":""},"class_list":["post-8606","page","type-page","status-publish","has-post-thumbnail","hentry"],"acf":[],"yoast_head":"<!-- This site is optimized with the Yoast SEO plugin v27.3 - https:\/\/yoast.com\/product\/yoast-seo-wordpress\/ -->\n<title>Obrigado pelo seu pedido solar - FIRST BASE Ground Screws<\/title>\n<meta name=\"description\" content=\"Your Solar request has been submitted successfully. We&#039;ll contact you within 48 hours to discuss the details of your request.\" \/>\n<meta name=\"robots\" content=\"index, follow, max-snippet:-1, max-image-preview:large, max-video-preview:-1\" \/>\n<link rel=\"canonical\" href=\"https:\/\/firstbasegroundscrews.com\/pt-pt\/obrigado-pelo-seu-pedido-solar\/\" \/>\n<meta property=\"og:locale\" content=\"pt_PT\" \/>\n<meta property=\"og:type\" content=\"article\" \/>\n<meta property=\"og:title\" content=\"Obrigado pelo seu pedido solar - FIRST BASE Ground Screws\" \/>\n<meta property=\"og:description\" content=\"Your Solar request has been submitted successfully. We&#039;ll contact you within 48 hours to discuss the details of your request.\" \/>\n<meta property=\"og:url\" content=\"https:\/\/firstbasegroundscrews.com\/pt-pt\/obrigado-pelo-seu-pedido-solar\/\" \/>\n<meta property=\"og:site_name\" content=\"FIRST BASE Ground Screws\" \/>\n<meta property=\"article:modified_time\" content=\"2026-01-05T08:14:12+00:00\" \/>\n<meta property=\"og:image\" content=\"https:\/\/firstbasegroundscrews.com\/wp-content\/uploads\/2019\/07\/header-solar-1.jpg\" \/>\n\t<meta property=\"og:image:width\" content=\"1920\" \/>\n\t<meta property=\"og:image:height\" content=\"680\" \/>\n\t<meta property=\"og:image:type\" content=\"image\/jpeg\" \/>\n<meta name=\"twitter:card\" content=\"summary_large_image\" \/>\n<meta name=\"twitter:label1\" content=\"Tempo estimado de leitura\" \/>\n\t<meta name=\"twitter:data1\" content=\"1 minuto\" \/>\n<script type=\"application\/ld+json\" class=\"yoast-schema-graph\">{\"@context\":\"https:\\\/\\\/schema.org\",\"@graph\":[{\"@type\":\"WebPage\",\"@id\":\"https:\\\/\\\/firstbasegroundscrews.com\\\/pt-pt\\\/obrigado-pelo-seu-pedido-solar\\\/\",\"url\":\"https:\\\/\\\/firstbasegroundscrews.com\\\/pt-pt\\\/obrigado-pelo-seu-pedido-solar\\\/\",\"name\":\"Obrigado pelo seu pedido solar - FIRST BASE Ground Screws\",\"isPartOf\":{\"@id\":\"https:\\\/\\\/firstbasegroundscrews.com\\\/pt-pt\\\/#website\"},\"primaryImageOfPage\":{\"@id\":\"https:\\\/\\\/firstbasegroundscrews.com\\\/pt-pt\\\/obrigado-pelo-seu-pedido-solar\\\/#primaryimage\"},\"image\":{\"@id\":\"https:\\\/\\\/firstbasegroundscrews.com\\\/pt-pt\\\/obrigado-pelo-seu-pedido-solar\\\/#primaryimage\"},\"thumbnailUrl\":\"https:\\\/\\\/firstbasegroundscrews.com\\\/wp-content\\\/uploads\\\/2019\\\/07\\\/header-solar-1.jpg\",\"datePublished\":\"2021-09-03T13:12:32+00:00\",\"dateModified\":\"2026-01-05T08:14:12+00:00\",\"description\":\"Your Solar request has been submitted successfully. We'll contact you within 48 hours to discuss the details of your request.\",\"breadcrumb\":{\"@id\":\"https:\\\/\\\/firstbasegroundscrews.com\\\/pt-pt\\\/obrigado-pelo-seu-pedido-solar\\\/#breadcrumb\"},\"inLanguage\":\"pt-PT\",\"potentialAction\":[{\"@type\":\"ReadAction\",\"target\":[\"https:\\\/\\\/firstbasegroundscrews.com\\\/pt-pt\\\/obrigado-pelo-seu-pedido-solar\\\/\"]}]},{\"@type\":\"ImageObject\",\"inLanguage\":\"pt-PT\",\"@id\":\"https:\\\/\\\/firstbasegroundscrews.com\\\/pt-pt\\\/obrigado-pelo-seu-pedido-solar\\\/#primaryimage\",\"url\":\"https:\\\/\\\/firstbasegroundscrews.com\\\/wp-content\\\/uploads\\\/2019\\\/07\\\/header-solar-1.jpg\",\"contentUrl\":\"https:\\\/\\\/firstbasegroundscrews.com\\\/wp-content\\\/uploads\\\/2019\\\/07\\\/header-solar-1.jpg\",\"width\":1920,\"height\":680},{\"@type\":\"BreadcrumbList\",\"@id\":\"https:\\\/\\\/firstbasegroundscrews.com\\\/pt-pt\\\/obrigado-pelo-seu-pedido-solar\\\/#breadcrumb\",\"itemListElement\":[{\"@type\":\"ListItem\",\"position\":1,\"name\":\"Home\",\"item\":\"https:\\\/\\\/firstbasegroundscrews.com\\\/pt-pt\\\/\"},{\"@type\":\"ListItem\",\"position\":2,\"name\":\"Obrigado pelo seu pedido solar\"}]},{\"@type\":\"WebSite\",\"@id\":\"https:\\\/\\\/firstbasegroundscrews.com\\\/pt-pt\\\/#website\",\"url\":\"https:\\\/\\\/firstbasegroundscrews.com\\\/pt-pt\\\/\",\"name\":\"FIRST BASE Ground Screws\",\"description\":\"High quality ground screws for solid foundations\",\"potentialAction\":[{\"@type\":\"SearchAction\",\"target\":{\"@type\":\"EntryPoint\",\"urlTemplate\":\"https:\\\/\\\/firstbasegroundscrews.com\\\/pt-pt\\\/?s={search_term_string}\"},\"query-input\":{\"@type\":\"PropertyValueSpecification\",\"valueRequired\":true,\"valueName\":\"search_term_string\"}}],\"inLanguage\":\"pt-PT\"}]}<\/script>\n<!-- \/ Yoast SEO plugin. -->","yoast_head_json":{"title":"Obrigado pelo seu pedido solar - FIRST BASE Ground Screws","description":"Your Solar request has been submitted successfully. We'll contact you within 48 hours to discuss the details of your request.","robots":{"index":"index","follow":"follow","max-snippet":"max-snippet:-1","max-image-preview":"max-image-preview:large","max-video-preview":"max-video-preview:-1"},"canonical":"https:\/\/firstbasegroundscrews.com\/pt-pt\/obrigado-pelo-seu-pedido-solar\/","og_locale":"pt_PT","og_type":"article","og_title":"Obrigado pelo seu pedido solar - FIRST BASE Ground Screws","og_description":"Your Solar request has been submitted successfully. We'll contact you within 48 hours to discuss the details of your request.","og_url":"https:\/\/firstbasegroundscrews.com\/pt-pt\/obrigado-pelo-seu-pedido-solar\/","og_site_name":"FIRST BASE Ground Screws","article_modified_time":"2026-01-05T08:14:12+00:00","og_image":[{"width":1920,"height":680,"url":"https:\/\/firstbasegroundscrews.com\/wp-content\/uploads\/2019\/07\/header-solar-1.jpg","type":"image\/jpeg"}],"twitter_card":"summary_large_image","twitter_misc":{"Tempo estimado de leitura":"1 minuto"},"schema":{"@context":"https:\/\/schema.org","@graph":[{"@type":"WebPage","@id":"https:\/\/firstbasegroundscrews.com\/pt-pt\/obrigado-pelo-seu-pedido-solar\/","url":"https:\/\/firstbasegroundscrews.com\/pt-pt\/obrigado-pelo-seu-pedido-solar\/","name":"Obrigado pelo seu pedido solar - FIRST BASE Ground Screws","isPartOf":{"@id":"https:\/\/firstbasegroundscrews.com\/pt-pt\/#website"},"primaryImageOfPage":{"@id":"https:\/\/firstbasegroundscrews.com\/pt-pt\/obrigado-pelo-seu-pedido-solar\/#primaryimage"},"image":{"@id":"https:\/\/firstbasegroundscrews.com\/pt-pt\/obrigado-pelo-seu-pedido-solar\/#primaryimage"},"thumbnailUrl":"https:\/\/firstbasegroundscrews.com\/wp-content\/uploads\/2019\/07\/header-solar-1.jpg","datePublished":"2021-09-03T13:12:32+00:00","dateModified":"2026-01-05T08:14:12+00:00","description":"Your Solar request has been submitted successfully. We'll contact you within 48 hours to discuss the details of your request.","breadcrumb":{"@id":"https:\/\/firstbasegroundscrews.com\/pt-pt\/obrigado-pelo-seu-pedido-solar\/#breadcrumb"},"inLanguage":"pt-PT","potentialAction":[{"@type":"ReadAction","target":["https:\/\/firstbasegroundscrews.com\/pt-pt\/obrigado-pelo-seu-pedido-solar\/"]}]},{"@type":"ImageObject","inLanguage":"pt-PT","@id":"https:\/\/firstbasegroundscrews.com\/pt-pt\/obrigado-pelo-seu-pedido-solar\/#primaryimage","url":"https:\/\/firstbasegroundscrews.com\/wp-content\/uploads\/2019\/07\/header-solar-1.jpg","contentUrl":"https:\/\/firstbasegroundscrews.com\/wp-content\/uploads\/2019\/07\/header-solar-1.jpg","width":1920,"height":680},{"@type":"BreadcrumbList","@id":"https:\/\/firstbasegroundscrews.com\/pt-pt\/obrigado-pelo-seu-pedido-solar\/#breadcrumb","itemListElement":[{"@type":"ListItem","position":1,"name":"Home","item":"https:\/\/firstbasegroundscrews.com\/pt-pt\/"},{"@type":"ListItem","position":2,"name":"Obrigado pelo seu pedido solar"}]},{"@type":"WebSite","@id":"https:\/\/firstbasegroundscrews.com\/pt-pt\/#website","url":"https:\/\/firstbasegroundscrews.com\/pt-pt\/","name":"FIRST BASE Ground Screws","description":"High quality ground screws for solid foundations","potentialAction":[{"@type":"SearchAction","target":{"@type":"EntryPoint","urlTemplate":"https:\/\/firstbasegroundscrews.com\/pt-pt\/?s={search_term_string}"},"query-input":{"@type":"PropertyValueSpecification","valueRequired":true,"valueName":"search_term_string"}}],"inLanguage":"pt-PT"}]}},"_links":{"self":[{"href":"https:\/\/firstbasegroundscrews.com\/pt-pt\/wp-json\/wp\/v2\/pages\/8606","targetHints":{"allow":["GET"]}}],"collection":[{"href":"https:\/\/firstbasegroundscrews.com\/pt-pt\/wp-json\/wp\/v2\/pages"}],"about":[{"href":"https:\/\/firstbasegroundscrews.com\/pt-pt\/wp-json\/wp\/v2\/types\/page"}],"author":[{"embeddable":true,"href":"https:\/\/firstbasegroundscrews.com\/pt-pt\/wp-json\/wp\/v2\/users\/1"}],"replies":[{"embeddable":true,"href":"https:\/\/firstbasegroundscrews.com\/pt-pt\/wp-json\/wp\/v2\/comments?post=8606"}],"version-history":[{"count":3,"href":"https:\/\/firstbasegroundscrews.com\/pt-pt\/wp-json\/wp\/v2\/pages\/8606\/revisions"}],"predecessor-version":[{"id":14937,"href":"https:\/\/firstbasegroundscrews.com\/pt-pt\/wp-json\/wp\/v2\/pages\/8606\/revisions\/14937"}],"wp:featuredmedia":[{"embeddable":true,"href":"https:\/\/firstbasegroundscrews.com\/pt-pt\/wp-json\/wp\/v2\/media\/4184"}],"wp:attachment":[{"href":"https:\/\/firstbasegroundscrews.com\/pt-pt\/wp-json\/wp\/v2\/media?parent=8606"}],"curies":[{"name":"wp","href":"https:\/\/api.w.org\/{rel}","templated":true}]}}