{"id":8604,"date":"2021-06-24T09:13:06","date_gmt":"2021-06-24T09:13:06","guid":{"rendered":"https:\/\/firstbasegroundscrews.com\/privacy-policy\/"},"modified":"2024-08-07T08:12:35","modified_gmt":"2024-08-07T08:12:35","slug":"privacy-policy","status":"publish","type":"page","link":"https:\/\/firstbasegroundscrews.com\/pt-pt\/privacy-policy\/","title":{"rendered":"POL\u00cdTICA DE PRIVACIDADE"},"content":{"rendered":"\n<p>A pol\u00edtica de privacidade abaixo aplica-se a todas as visitas ao site, transa\u00e7\u00f5es e acordos com a FIRST BASE Ground Screws International BV (doravante denominada FIRST BASE Ground Screws), Liessentstraat 9a, 5405 AH Uden, Holanda.<\/p>\n\n\n\n<h3 class=\"wp-block-heading\"><strong>Dados pessoais que processamos<\/strong><\/h3>\n\n\n\n<p>A FIRST BASE Ground Screws pode processar os seus dados pessoais, porque utiliza os servi\u00e7os da FIRST BASE Ground Screws e \/ ou porque os partilha ao preencher os seus dados no nosso website.<\/p>\n\n\n\n<p>Os dados pessoais que podem ser processados na FIRST BASE Ground Screws:<\/p>\n\n\n\n<ul id=\"block-e3def86d-ec05-419b-9ad1-f4e6f74594a0\" class=\"wp-block-list\">\n<li>Primeiro e \u00faltimo nome<\/li>\n\n\n\n<li>Endere\u00e7o<\/li>\n\n\n\n<li>Local de resid\u00eancia<\/li>\n\n\n\n<li>N\u00famero de telefone<\/li>\n\n\n\n<li>Endere\u00e7o de email<\/li>\n\n\n\n<li>Informa\u00e7\u00f5es adicionais conforme necess\u00e1rio para o servi\u00e7o espec\u00edfico que deseja&nbsp; usar.<\/li>\n<\/ul>\n\n\n\n<p>Essas informa\u00e7\u00f5es ser\u00e3o utilizadas apenas para os fins descritos.<\/p>\n\n\n\n<h3 class=\"wp-block-heading\"><strong>Porque \u00e9 que a FIRST BASE Ground Screws precisa dessas informa\u00e7\u00f5es?<\/strong><\/h3>\n\n\n\n<p>A FIRST BASE Ground Screws processa os dados pessoais para poder entrar em contacto consigo. Tanto por telefone como por escrito (por e-mail e \/ ou correio). Al\u00e9m disso, a FIRST BASE Ground Screws pode usar seus dados pessoais no contexto da execu\u00e7\u00e3o de uma tarefa, se aceite por si. Geralmente consiste em servi\u00e7os t\u00e9cnicos de apoio.<\/p>\n\n\n\n<h3 class=\"wp-block-heading\"><strong>Por quanto tempo a FIRSTBASE Ground Screws armazena os dados?<\/strong><\/h3>\n\n\n\n<p>Os dados pessoais n\u00e3o podem ser mantidos por mais tempo do que o necess\u00e1rio. O per\u00edodo de reten\u00e7\u00e3o depende da finalidade para a qual recebemos ou recolhemos os dados e das obriga\u00e7\u00f5es legais existentes para o seu armazenamento. Se tiver alguma d\u00favida sobre isso, pode entrar em contacto com <a href=\"mailto:info@firstbasegroundscrews.pt\">info@firstbasegroundscrews.pt<\/a><\/p>\n\n\n\n<h3 class=\"wp-block-heading\"><strong>Partilha com terceiros<\/strong><\/h3>\n\n\n\n<p>Partilhamos seus dados pessoais com parceiros de neg\u00f3cios e terceiros, caso seja necess\u00e1rio para a execu\u00e7\u00e3o do contrato e para o cumprimento de qualquer obriga\u00e7\u00e3o legal. Em alguns outros casos, tamb\u00e9m fornecemos seus dados pessoais a terceiros, mas s\u00f3 fazemos isso com a sua permiss\u00e3o.<\/p>\n\n\n\n<p>Efetuamos um acordo de processamento com empresas que processam os seus dados em nosso nome para garantir o mesmo n\u00edvel de seguran\u00e7a e salvaguardar a confidencialidade dos seus dados. Continuamos respons\u00e1veis por essas opera\u00e7\u00f5es.<\/p>\n\n\n\n<h3 class=\"wp-block-heading\">Google Analytics<\/h3>\n\n\n\n<p>A FIRST BASE Ground Screws usa o Google Analytics para mapear o comportamento dos usu\u00e1rios e ver como podemos melhorar o site. As informa\u00e7\u00f5es obtidas, sem o endere\u00e7o do seu computador (o endere\u00e7o IP \u00e9 an\u00f4nimo), s\u00e3o criptografadas e transferidas para o Google por meio de uma conex\u00e3o segura e armazenadas pelo Google em servidores nos Estados Unidos. Para obter mais informa\u00e7\u00f5es sobre a pol\u00edtica de privacidade, visite <a href=\"https:\/\/policies.google.com\/privacy\">o site do Google<\/a>.<\/p>\n\n\n\n<p>O Google usa essas informa\u00e7\u00f5es para acompanhar como nosso site \u00e9 usado, para fornecer relat\u00f3rios sobre o site FIRST BASE Ground Screws e para fornecer aos anunciantes uma vis\u00e3o sobre a efic\u00e1cia das campanhas. A partilha de dados com o Google foi<\/p>\n\n\n\n<p>desativado. Como resultado, o Google n\u00e3o tem mais acesso aos dados. A FIRST BASE Ground Screws n\u00e3o concedeu ao Google permiss\u00e3o para usar as informa\u00e7\u00f5es do Analytics obtidas por meio da FIRST BASE Ground Screws para outros servi\u00e7os do Google.<\/p>\n\n\n\n<h3 class=\"wp-block-heading\">Cookies<\/h3>\n\n\n\n<p>Cookies s\u00e3o pequenos arquivos de texto que s\u00e3o armazenados no navegador ou no disco r\u00edgido do seu dispositivo m\u00f3vel ou computador quando voc\u00ea visita uma p\u00e1gina da web. Eles podem incluir identificadores exclusivos an\u00f4nimos. A FIRST BASE Ground Screws pode usar cookies para: medir como o site \u00e9 usado, fornecer informa\u00e7\u00f5es personalizadas, medir dados para fins de marketing.<\/p>\n\n\n\n<p>As tecnologias de rastreamento utilizadas s\u00e3o Facebook Pixel, API de convers\u00e3o (informa\u00e7\u00f5es diretas do seu servidor) e \/ ou scripts para melhorar e analisar nossos servi\u00e7os e prop\u00f3sitos de marketing. Voc\u00ea pode instruir seu navegador a recusar todos os cookies. Ao usar nosso site, voc\u00ea d\u00e1 permiss\u00e3o \u00e0 FIRST BASE Ground Screws para usar essas tecnologias de rastreamento.<\/p>\n\n\n\n<h3 class=\"wp-block-heading\"><strong>Ver,ajustar ou excluir dados<\/strong><\/h3>\n\n\n\n<p>Os visitantes do site FIRST BASE Ground Screws t\u00eam o direito de visualizar os seus pr\u00f3prios dados pessoais, corrigi-los ou remov\u00ea-los. Uma solicita\u00e7\u00e3o de acesso, corre\u00e7\u00e3o ou exclus\u00e3o pode ser enviada para <a href=\"mailto:info@firstbasegroundscrews.com\">info@firstbasegroundscrews.com. <\/a>Responderemos dentro de 14 dias.<\/p>\n\n\n\n<h3 class=\"wp-block-heading\"><strong>Como a FIRST BASE Ground Screws protege os dados pessoais?<\/strong><\/h3>\n\n\n\n<p>Levamos a prote\u00e7\u00e3o de seus dados muito a s\u00e9rio. E assegure as medidas adequadas para prevenir abusos, acessos n\u00e3o autorizados e outros assuntos. Por exemplo, o site FIRST BASE Ground Screws \u00e9 fornecido com um certificado SSL. Isso significa que todo o tr\u00e1fego ocorre por meio de uma conex\u00e3o segura. Se voc\u00ea acha que seus dados n\u00e3o est\u00e3o devidamente protegidos, entre em contacto com <a href=\"mailto:info@firstbasegroundscrews.com\">info@firstbasegroundscrews.com.<\/a><\/p>\n\n\n\n<h3 class=\"wp-block-heading\">Contacto<\/h3>\n\n\n\n<p><a href=\"http:\/\/www.firstbasegroundscrews.pt\/\">www.firstbasegroundscrews.pt <\/a>\u00e9 um site da FIRST BASE Ground Screws. A FIRST BASE Ground Screws pode ser contatada usando os seguintes elementos:<br>Endere\u00e7o comercial: Liessentstraat 9a, 5405 AH Uden, <br>Holanda N\u00famero da C\u00e2mara de Com\u00e9rcio Holandesa: 78743168&nbsp;<br>N\u00famero de telefone: <a href=\"tel:+31413700133\">+31 413 700 133<\/a><br>Endere\u00e7o de e-mail: <a href=\"mailto:info@firstbasegroundscrews.com\">info@firstbasegroundscrews.pt<\/a><\/p>\n","protected":false},"excerpt":{"rendered":"A pol\u00edtica de privacidade abaixo aplica-se a todas as visitas ao site, transa\u00e7\u00f5es e acordos com a FIRST BASE Ground Screws International BV (doravante denominada FIRST BASE Ground Screws), Liessentstraat 9a, 5405 AH Uden, Holanda. Dados pessoais que processamos A FIRST BASE Ground Screws pode processar os seus dados pessoais, porque utiliza os servi\u00e7os da [&hellip;]","protected":false},"author":1,"featured_media":4180,"parent":0,"menu_order":0,"comment_status":"closed","ping_status":"closed","template":"","meta":{"_acf_changed":false,"footnotes":""},"class_list":["post-8604","page","type-page","status-publish","has-post-thumbnail","hentry"],"acf":[],"yoast_head":"<!-- This site is optimized with the Yoast SEO plugin v27.3 - https:\/\/yoast.com\/product\/yoast-seo-wordpress\/ -->\n<title>POL\u00cdTICA DE PRIVACIDADE - FIRST BASE Ground Screws<\/title>\n<meta name=\"description\" content=\"The privacy policy below applies to all website visits, transactions and agreements with FIRST BASE Ground Screws International B.V.\" \/>\n<meta name=\"robots\" content=\"index, follow, max-snippet:-1, max-image-preview:large, max-video-preview:-1\" \/>\n<link rel=\"canonical\" href=\"https:\/\/firstbasegroundscrews.com\/pt-pt\/privacy-policy\/\" \/>\n<meta property=\"og:locale\" content=\"pt_PT\" \/>\n<meta property=\"og:type\" content=\"article\" \/>\n<meta property=\"og:title\" content=\"POL\u00cdTICA DE PRIVACIDADE - FIRST BASE Ground Screws\" \/>\n<meta property=\"og:description\" content=\"The privacy policy below applies to all website visits, transactions and agreements with FIRST BASE Ground Screws International B.V.\" \/>\n<meta property=\"og:url\" content=\"https:\/\/firstbasegroundscrews.com\/pt-pt\/privacy-policy\/\" \/>\n<meta property=\"og:site_name\" content=\"FIRST BASE Ground Screws\" \/>\n<meta property=\"article:modified_time\" content=\"2024-08-07T08:12:35+00:00\" \/>\n<meta property=\"og:image\" content=\"https:\/\/firstbasegroundscrews.com\/wp-content\/uploads\/2019\/07\/header-construction-1.jpg\" \/>\n\t<meta property=\"og:image:width\" content=\"1920\" \/>\n\t<meta property=\"og:image:height\" content=\"680\" \/>\n\t<meta property=\"og:image:type\" content=\"image\/jpeg\" \/>\n<meta name=\"twitter:card\" content=\"summary_large_image\" \/>\n<meta name=\"twitter:label1\" content=\"Tempo estimado de leitura\" \/>\n\t<meta name=\"twitter:data1\" content=\"4 minutos\" \/>\n<script type=\"application\/ld+json\" class=\"yoast-schema-graph\">{\"@context\":\"https:\\\/\\\/schema.org\",\"@graph\":[{\"@type\":\"WebPage\",\"@id\":\"https:\\\/\\\/firstbasegroundscrews.com\\\/pt-pt\\\/privacy-policy\\\/\",\"url\":\"https:\\\/\\\/firstbasegroundscrews.com\\\/pt-pt\\\/privacy-policy\\\/\",\"name\":\"POL\u00cdTICA DE PRIVACIDADE - FIRST BASE Ground Screws\",\"isPartOf\":{\"@id\":\"https:\\\/\\\/firstbasegroundscrews.com\\\/pt-pt\\\/#website\"},\"primaryImageOfPage\":{\"@id\":\"https:\\\/\\\/firstbasegroundscrews.com\\\/pt-pt\\\/privacy-policy\\\/#primaryimage\"},\"image\":{\"@id\":\"https:\\\/\\\/firstbasegroundscrews.com\\\/pt-pt\\\/privacy-policy\\\/#primaryimage\"},\"thumbnailUrl\":\"https:\\\/\\\/firstbasegroundscrews.com\\\/wp-content\\\/uploads\\\/2019\\\/07\\\/header-construction-1.jpg\",\"datePublished\":\"2021-06-24T09:13:06+00:00\",\"dateModified\":\"2024-08-07T08:12:35+00:00\",\"description\":\"The privacy policy below applies to all website visits, transactions and agreements with FIRST BASE Ground Screws International B.V.\",\"breadcrumb\":{\"@id\":\"https:\\\/\\\/firstbasegroundscrews.com\\\/pt-pt\\\/privacy-policy\\\/#breadcrumb\"},\"inLanguage\":\"pt-PT\",\"potentialAction\":[{\"@type\":\"ReadAction\",\"target\":[\"https:\\\/\\\/firstbasegroundscrews.com\\\/pt-pt\\\/privacy-policy\\\/\"]}]},{\"@type\":\"ImageObject\",\"inLanguage\":\"pt-PT\",\"@id\":\"https:\\\/\\\/firstbasegroundscrews.com\\\/pt-pt\\\/privacy-policy\\\/#primaryimage\",\"url\":\"https:\\\/\\\/firstbasegroundscrews.com\\\/wp-content\\\/uploads\\\/2019\\\/07\\\/header-construction-1.jpg\",\"contentUrl\":\"https:\\\/\\\/firstbasegroundscrews.com\\\/wp-content\\\/uploads\\\/2019\\\/07\\\/header-construction-1.jpg\",\"width\":1920,\"height\":680},{\"@type\":\"BreadcrumbList\",\"@id\":\"https:\\\/\\\/firstbasegroundscrews.com\\\/pt-pt\\\/privacy-policy\\\/#breadcrumb\",\"itemListElement\":[{\"@type\":\"ListItem\",\"position\":1,\"name\":\"Home\",\"item\":\"https:\\\/\\\/firstbasegroundscrews.com\\\/pt-pt\\\/\"},{\"@type\":\"ListItem\",\"position\":2,\"name\":\"POL\u00cdTICA DE PRIVACIDADE\"}]},{\"@type\":\"WebSite\",\"@id\":\"https:\\\/\\\/firstbasegroundscrews.com\\\/pt-pt\\\/#website\",\"url\":\"https:\\\/\\\/firstbasegroundscrews.com\\\/pt-pt\\\/\",\"name\":\"FIRST BASE Ground Screws\",\"description\":\"High quality ground screws for solid foundations\",\"potentialAction\":[{\"@type\":\"SearchAction\",\"target\":{\"@type\":\"EntryPoint\",\"urlTemplate\":\"https:\\\/\\\/firstbasegroundscrews.com\\\/pt-pt\\\/?s={search_term_string}\"},\"query-input\":{\"@type\":\"PropertyValueSpecification\",\"valueRequired\":true,\"valueName\":\"search_term_string\"}}],\"inLanguage\":\"pt-PT\"}]}<\/script>\n<!-- \/ Yoast SEO plugin. -->","yoast_head_json":{"title":"POL\u00cdTICA DE PRIVACIDADE - FIRST BASE Ground Screws","description":"The privacy policy below applies to all website visits, transactions and agreements with FIRST BASE Ground Screws International B.V.","robots":{"index":"index","follow":"follow","max-snippet":"max-snippet:-1","max-image-preview":"max-image-preview:large","max-video-preview":"max-video-preview:-1"},"canonical":"https:\/\/firstbasegroundscrews.com\/pt-pt\/privacy-policy\/","og_locale":"pt_PT","og_type":"article","og_title":"POL\u00cdTICA DE PRIVACIDADE - FIRST BASE Ground Screws","og_description":"The privacy policy below applies to all website visits, transactions and agreements with FIRST BASE Ground Screws International B.V.","og_url":"https:\/\/firstbasegroundscrews.com\/pt-pt\/privacy-policy\/","og_site_name":"FIRST BASE Ground Screws","article_modified_time":"2024-08-07T08:12:35+00:00","og_image":[{"width":1920,"height":680,"url":"https:\/\/firstbasegroundscrews.com\/wp-content\/uploads\/2019\/07\/header-construction-1.jpg","type":"image\/jpeg"}],"twitter_card":"summary_large_image","twitter_misc":{"Tempo estimado de leitura":"4 minutos"},"schema":{"@context":"https:\/\/schema.org","@graph":[{"@type":"WebPage","@id":"https:\/\/firstbasegroundscrews.com\/pt-pt\/privacy-policy\/","url":"https:\/\/firstbasegroundscrews.com\/pt-pt\/privacy-policy\/","name":"POL\u00cdTICA DE PRIVACIDADE - FIRST BASE Ground Screws","isPartOf":{"@id":"https:\/\/firstbasegroundscrews.com\/pt-pt\/#website"},"primaryImageOfPage":{"@id":"https:\/\/firstbasegroundscrews.com\/pt-pt\/privacy-policy\/#primaryimage"},"image":{"@id":"https:\/\/firstbasegroundscrews.com\/pt-pt\/privacy-policy\/#primaryimage"},"thumbnailUrl":"https:\/\/firstbasegroundscrews.com\/wp-content\/uploads\/2019\/07\/header-construction-1.jpg","datePublished":"2021-06-24T09:13:06+00:00","dateModified":"2024-08-07T08:12:35+00:00","description":"The privacy policy below applies to all website visits, transactions and agreements with FIRST BASE Ground Screws International B.V.","breadcrumb":{"@id":"https:\/\/firstbasegroundscrews.com\/pt-pt\/privacy-policy\/#breadcrumb"},"inLanguage":"pt-PT","potentialAction":[{"@type":"ReadAction","target":["https:\/\/firstbasegroundscrews.com\/pt-pt\/privacy-policy\/"]}]},{"@type":"ImageObject","inLanguage":"pt-PT","@id":"https:\/\/firstbasegroundscrews.com\/pt-pt\/privacy-policy\/#primaryimage","url":"https:\/\/firstbasegroundscrews.com\/wp-content\/uploads\/2019\/07\/header-construction-1.jpg","contentUrl":"https:\/\/firstbasegroundscrews.com\/wp-content\/uploads\/2019\/07\/header-construction-1.jpg","width":1920,"height":680},{"@type":"BreadcrumbList","@id":"https:\/\/firstbasegroundscrews.com\/pt-pt\/privacy-policy\/#breadcrumb","itemListElement":[{"@type":"ListItem","position":1,"name":"Home","item":"https:\/\/firstbasegroundscrews.com\/pt-pt\/"},{"@type":"ListItem","position":2,"name":"POL\u00cdTICA DE PRIVACIDADE"}]},{"@type":"WebSite","@id":"https:\/\/firstbasegroundscrews.com\/pt-pt\/#website","url":"https:\/\/firstbasegroundscrews.com\/pt-pt\/","name":"FIRST BASE Ground Screws","description":"High quality ground screws for solid foundations","potentialAction":[{"@type":"SearchAction","target":{"@type":"EntryPoint","urlTemplate":"https:\/\/firstbasegroundscrews.com\/pt-pt\/?s={search_term_string}"},"query-input":{"@type":"PropertyValueSpecification","valueRequired":true,"valueName":"search_term_string"}}],"inLanguage":"pt-PT"}]}},"_links":{"self":[{"href":"https:\/\/firstbasegroundscrews.com\/pt-pt\/wp-json\/wp\/v2\/pages\/8604","targetHints":{"allow":["GET"]}}],"collection":[{"href":"https:\/\/firstbasegroundscrews.com\/pt-pt\/wp-json\/wp\/v2\/pages"}],"about":[{"href":"https:\/\/firstbasegroundscrews.com\/pt-pt\/wp-json\/wp\/v2\/types\/page"}],"author":[{"embeddable":true,"href":"https:\/\/firstbasegroundscrews.com\/pt-pt\/wp-json\/wp\/v2\/users\/1"}],"replies":[{"embeddable":true,"href":"https:\/\/firstbasegroundscrews.com\/pt-pt\/wp-json\/wp\/v2\/comments?post=8604"}],"version-history":[{"count":1,"href":"https:\/\/firstbasegroundscrews.com\/pt-pt\/wp-json\/wp\/v2\/pages\/8604\/revisions"}],"predecessor-version":[{"id":8605,"href":"https:\/\/firstbasegroundscrews.com\/pt-pt\/wp-json\/wp\/v2\/pages\/8604\/revisions\/8605"}],"wp:featuredmedia":[{"embeddable":true,"href":"https:\/\/firstbasegroundscrews.com\/pt-pt\/wp-json\/wp\/v2\/media\/4180"}],"wp:attachment":[{"href":"https:\/\/firstbasegroundscrews.com\/pt-pt\/wp-json\/wp\/v2\/media?parent=8604"}],"curies":[{"name":"wp","href":"https:\/\/api.w.org\/{rel}","templated":true}]}}