{"id":8567,"date":"2022-09-28T13:59:41","date_gmt":"2022-09-28T13:59:41","guid":{"rendered":"https:\/\/firstbasegroundscrews.com\/sobre-first-base\/circular-foundation\/"},"modified":"2025-12-17T15:22:14","modified_gmt":"2025-12-17T15:22:14","slug":"fundacao-circular","status":"publish","type":"page","link":"https:\/\/firstbasegroundscrews.com\/pt-pt\/sobre-first-base\/fundacao-circular\/","title":{"rendered":"Funda\u00e7\u00e3o circular"},"content":{"rendered":"\n<h2 class=\"wp-block-heading\">Fundamentos sustent\u00e1veis e circulares<\/h2>\n\n\n\n<p>Nossas ra\u00edzes s\u00e3o profundas, assim como nossa inovadora tecnologia de parafusos de terra. Com anos de experi\u00eancia na ind\u00fastria, refinamos nossa expertise para oferecer as solu\u00e7\u00f5es de funda\u00e7\u00e3o mais eficientes, ecol\u00f3gicas e econ\u00f4micas. O que nos diferencia \u00e9 o nosso compromisso com o meio ambiente.<br><br>Construir com estacas de parafuso \u00e9 uma solu\u00e7\u00e3o sustent\u00e1vel e ecol\u00f3gica para criar estruturas sobre uma funda\u00e7\u00e3o s\u00f3lida e est\u00e1vel. Ao contr\u00e1rio das funda\u00e7\u00f5es tradicionais, que utilizam concreto e outros materiais n\u00e3o recicl\u00e1veis, os parafusos de terra s\u00e3o totalmente reutiliz\u00e1veis e podem ser desmontados e usados em outros lugares.<\/p>\n\n\n\n<h3 class=\"wp-block-heading\">Os benef\u00edcios<\/h3>\n\n\n\n<p>O uso de estacas de parafuso oferece n\u00e3o apenas vantagens em termos de sustentabilidade, mas tamb\u00e9m benef\u00edcios em termos de velocidade e efici\u00eancia. O processo de instala\u00e7\u00e3o \u00e9 r\u00e1pido e simples, pois n\u00e3o requer escava\u00e7\u00e3o e n\u00e3o h\u00e1 necessidade de despejar e curar o concreto. Isso significa que o tempo de instala\u00e7\u00e3o \u00e9 mais curto e o trabalho de constru\u00e7\u00e3o pode ser conclu\u00eddo mais rapidamente.<\/p>\n\n\n\n<p>Al\u00e9m disso, as estacas de parafuso oferecem excelente estabilidade e s\u00e3o adequadas para uma ampla gama de projetos, desde pequenas at\u00e9 grandes constru\u00e7\u00f5es. Os parafusos podem ser personalizados para atender aos requisitos espec\u00edficos do projeto e podem ser usados em quase qualquer tipo de solo.<\/p>\n\n\n\n<p>Uma vantagem adicional de construir com estacas de parafuso \u00e9 que, a longo prazo, \u00e9 uma solu\u00e7\u00e3o econ\u00f4mica. Como os parafusos podem ser desmontados e reutilizados em outros locais, gera-se menos desperd\u00edcio e os custos de material para projetos futuros s\u00e3o reduzidos.<\/p>\n\n\n\n<h3 class=\"wp-block-heading\">Construindo o amanh\u00e3, hoje<\/h3>\n\n\n\n<p>Acreditamos na sustentabilidade, e nossas estacas de parafuso s\u00e3o projetadas para minimizar a pegada ecol\u00f3gica dos seus projetos. Elas oferecem uma alternativa mais verde \u00e0s funda\u00e7\u00f5es tradicionais de concreto, garantindo que voc\u00ea n\u00e3o apenas construa melhor, mas tamb\u00e9m contribua para um planeta mais saud\u00e1vel. Nossas funda\u00e7\u00f5es de parafuso atendem \u00e0s normas EN-1090-2 e possuem a marca CE, uma exig\u00eancia legal para produtos de constru\u00e7\u00e3o no EEE e al\u00e9m. Essa certifica\u00e7\u00e3o garante conformidade com regulamentos e padr\u00f5es de seguran\u00e7a.<\/p>\n\n\n\n<p>Entre em <a href=\"https:\/\/firstbasegroundscrews.com\/pt-pt\/contacto\/\">contato<\/a> conosco hoje mesmo para descobrir como podemos ajud\u00e1-lo na funda\u00e7\u00e3o circular do seu pr\u00f3ximo projeto.<\/p>\n\n\n\n<figure class=\"wp-block-image size-full\"><a href=\"https:\/\/www.mrpi.nl\/epd\/fixed-flange-and-extendable-ground-screws\/\"><img loading=\"lazy\" decoding=\"async\" width=\"312\" height=\"190\" src=\"https:\/\/firstbasegroundscrews.com\/wp-content\/uploads\/2024\/09\/ECO-EPD-Logo-rgb-400x280-1.png\" alt=\"\" class=\"wp-image-9371\" srcset=\"https:\/\/firstbasegroundscrews.com\/wp-content\/uploads\/2024\/09\/ECO-EPD-Logo-rgb-400x280-1.png 312w, https:\/\/firstbasegroundscrews.com\/wp-content\/uploads\/2024\/09\/ECO-EPD-Logo-rgb-400x280-1-250x152.png 250w, https:\/\/firstbasegroundscrews.com\/wp-content\/uploads\/2024\/09\/ECO-EPD-Logo-rgb-400x280-1-120x73.png 120w\" sizes=\"auto, (max-width: 312px) 100vw, 312px\" \/><\/a><\/figure>\n","protected":false},"excerpt":{"rendered":"Fundamentos sustent\u00e1veis e circulares Nossas ra\u00edzes s\u00e3o profundas, assim como nossa inovadora tecnologia de parafusos de terra. Com anos de experi\u00eancia na ind\u00fastria, refinamos nossa expertise para oferecer as solu\u00e7\u00f5es de funda\u00e7\u00e3o mais eficientes, ecol\u00f3gicas e econ\u00f4micas. O que nos diferencia \u00e9 o nosso compromisso com o meio ambiente. Construir com estacas de parafuso \u00e9 [&hellip;]","protected":false},"author":1,"featured_media":4196,"parent":8565,"menu_order":0,"comment_status":"closed","ping_status":"closed","template":"","meta":{"_acf_changed":false,"footnotes":""},"class_list":["post-8567","page","type-page","status-publish","has-post-thumbnail","hentry"],"acf":[],"yoast_head":"<!-- This site is optimized with the Yoast SEO plugin v27.3 - https:\/\/yoast.com\/product\/yoast-seo-wordpress\/ -->\n<title>Funda\u00e7\u00e3o circular - FIRST BASE Ground Screws<\/title>\n<meta name=\"description\" content=\"FIRST BASE fornece uma funda\u00e7\u00e3o circular desenvolvendo parafusos de solo de qualidade. Precisa de mais informa\u00e7\u00f5es? Contate-nos!\" \/>\n<meta name=\"robots\" content=\"index, follow, max-snippet:-1, max-image-preview:large, max-video-preview:-1\" \/>\n<link rel=\"canonical\" href=\"https:\/\/firstbasegroundscrews.com\/pt-pt\/sobre-first-base\/fundacao-circular\/\" \/>\n<meta property=\"og:locale\" content=\"pt_PT\" \/>\n<meta property=\"og:type\" content=\"article\" \/>\n<meta property=\"og:title\" content=\"Funda\u00e7\u00e3o circular - FIRST BASE Ground Screws\" \/>\n<meta property=\"og:description\" content=\"FIRST BASE fornece uma funda\u00e7\u00e3o circular desenvolvendo parafusos de solo de qualidade. Precisa de mais informa\u00e7\u00f5es? Contate-nos!\" \/>\n<meta property=\"og:url\" content=\"https:\/\/firstbasegroundscrews.com\/pt-pt\/sobre-first-base\/fundacao-circular\/\" \/>\n<meta property=\"og:site_name\" content=\"FIRST BASE Ground Screws\" \/>\n<meta property=\"article:modified_time\" content=\"2025-12-17T15:22:14+00:00\" \/>\n<meta property=\"og:image\" content=\"https:\/\/firstbasegroundscrews.com\/wp-content\/uploads\/2019\/08\/header-budget-e1733238685293.jpg\" \/>\n\t<meta property=\"og:image:width\" content=\"2259\" \/>\n\t<meta property=\"og:image:height\" content=\"800\" \/>\n\t<meta property=\"og:image:type\" content=\"image\/jpeg\" \/>\n<meta name=\"twitter:card\" content=\"summary_large_image\" \/>\n<meta name=\"twitter:label1\" content=\"Tempo estimado de leitura\" \/>\n\t<meta name=\"twitter:data1\" content=\"2 minutos\" \/>\n<script type=\"application\/ld+json\" class=\"yoast-schema-graph\">{\"@context\":\"https:\\\/\\\/schema.org\",\"@graph\":[{\"@type\":\"WebPage\",\"@id\":\"https:\\\/\\\/firstbasegroundscrews.com\\\/pt-pt\\\/sobre-first-base\\\/fundacao-circular\\\/\",\"url\":\"https:\\\/\\\/firstbasegroundscrews.com\\\/pt-pt\\\/sobre-first-base\\\/fundacao-circular\\\/\",\"name\":\"Funda\u00e7\u00e3o circular - FIRST BASE Ground Screws\",\"isPartOf\":{\"@id\":\"https:\\\/\\\/firstbasegroundscrews.com\\\/pt-pt\\\/#website\"},\"primaryImageOfPage\":{\"@id\":\"https:\\\/\\\/firstbasegroundscrews.com\\\/pt-pt\\\/sobre-first-base\\\/fundacao-circular\\\/#primaryimage\"},\"image\":{\"@id\":\"https:\\\/\\\/firstbasegroundscrews.com\\\/pt-pt\\\/sobre-first-base\\\/fundacao-circular\\\/#primaryimage\"},\"thumbnailUrl\":\"https:\\\/\\\/firstbasegroundscrews.com\\\/wp-content\\\/uploads\\\/2019\\\/08\\\/header-budget-e1733238685293.jpg\",\"datePublished\":\"2022-09-28T13:59:41+00:00\",\"dateModified\":\"2025-12-17T15:22:14+00:00\",\"description\":\"FIRST BASE fornece uma funda\u00e7\u00e3o circular desenvolvendo parafusos de solo de qualidade. Precisa de mais informa\u00e7\u00f5es? Contate-nos!\",\"breadcrumb\":{\"@id\":\"https:\\\/\\\/firstbasegroundscrews.com\\\/pt-pt\\\/sobre-first-base\\\/fundacao-circular\\\/#breadcrumb\"},\"inLanguage\":\"pt-PT\",\"potentialAction\":[{\"@type\":\"ReadAction\",\"target\":[\"https:\\\/\\\/firstbasegroundscrews.com\\\/pt-pt\\\/sobre-first-base\\\/fundacao-circular\\\/\"]}]},{\"@type\":\"ImageObject\",\"inLanguage\":\"pt-PT\",\"@id\":\"https:\\\/\\\/firstbasegroundscrews.com\\\/pt-pt\\\/sobre-first-base\\\/fundacao-circular\\\/#primaryimage\",\"url\":\"https:\\\/\\\/firstbasegroundscrews.com\\\/wp-content\\\/uploads\\\/2019\\\/08\\\/header-budget-e1733238685293.jpg\",\"contentUrl\":\"https:\\\/\\\/firstbasegroundscrews.com\\\/wp-content\\\/uploads\\\/2019\\\/08\\\/header-budget-e1733238685293.jpg\",\"width\":2259,\"height\":800},{\"@type\":\"BreadcrumbList\",\"@id\":\"https:\\\/\\\/firstbasegroundscrews.com\\\/pt-pt\\\/sobre-first-base\\\/fundacao-circular\\\/#breadcrumb\",\"itemListElement\":[{\"@type\":\"ListItem\",\"position\":1,\"name\":\"Home\",\"item\":\"https:\\\/\\\/firstbasegroundscrews.com\\\/pt-pt\\\/\"},{\"@type\":\"ListItem\",\"position\":2,\"name\":\"Sobre a FIRST BASE\",\"item\":\"https:\\\/\\\/firstbasegroundscrews.com\\\/pt-pt\\\/sobre-first-base\\\/\"},{\"@type\":\"ListItem\",\"position\":3,\"name\":\"Funda\u00e7\u00e3o circular\"}]},{\"@type\":\"WebSite\",\"@id\":\"https:\\\/\\\/firstbasegroundscrews.com\\\/pt-pt\\\/#website\",\"url\":\"https:\\\/\\\/firstbasegroundscrews.com\\\/pt-pt\\\/\",\"name\":\"FIRST BASE Ground Screws\",\"description\":\"High quality ground screws for solid foundations\",\"potentialAction\":[{\"@type\":\"SearchAction\",\"target\":{\"@type\":\"EntryPoint\",\"urlTemplate\":\"https:\\\/\\\/firstbasegroundscrews.com\\\/pt-pt\\\/?s={search_term_string}\"},\"query-input\":{\"@type\":\"PropertyValueSpecification\",\"valueRequired\":true,\"valueName\":\"search_term_string\"}}],\"inLanguage\":\"pt-PT\"}]}<\/script>\n<!-- \/ Yoast SEO plugin. -->","yoast_head_json":{"title":"Funda\u00e7\u00e3o circular - FIRST BASE Ground Screws","description":"FIRST BASE fornece uma funda\u00e7\u00e3o circular desenvolvendo parafusos de solo de qualidade. Precisa de mais informa\u00e7\u00f5es? Contate-nos!","robots":{"index":"index","follow":"follow","max-snippet":"max-snippet:-1","max-image-preview":"max-image-preview:large","max-video-preview":"max-video-preview:-1"},"canonical":"https:\/\/firstbasegroundscrews.com\/pt-pt\/sobre-first-base\/fundacao-circular\/","og_locale":"pt_PT","og_type":"article","og_title":"Funda\u00e7\u00e3o circular - FIRST BASE Ground Screws","og_description":"FIRST BASE fornece uma funda\u00e7\u00e3o circular desenvolvendo parafusos de solo de qualidade. Precisa de mais informa\u00e7\u00f5es? Contate-nos!","og_url":"https:\/\/firstbasegroundscrews.com\/pt-pt\/sobre-first-base\/fundacao-circular\/","og_site_name":"FIRST BASE Ground Screws","article_modified_time":"2025-12-17T15:22:14+00:00","og_image":[{"width":2259,"height":800,"url":"https:\/\/firstbasegroundscrews.com\/wp-content\/uploads\/2019\/08\/header-budget-e1733238685293.jpg","type":"image\/jpeg"}],"twitter_card":"summary_large_image","twitter_misc":{"Tempo estimado de leitura":"2 minutos"},"schema":{"@context":"https:\/\/schema.org","@graph":[{"@type":"WebPage","@id":"https:\/\/firstbasegroundscrews.com\/pt-pt\/sobre-first-base\/fundacao-circular\/","url":"https:\/\/firstbasegroundscrews.com\/pt-pt\/sobre-first-base\/fundacao-circular\/","name":"Funda\u00e7\u00e3o circular - FIRST BASE Ground Screws","isPartOf":{"@id":"https:\/\/firstbasegroundscrews.com\/pt-pt\/#website"},"primaryImageOfPage":{"@id":"https:\/\/firstbasegroundscrews.com\/pt-pt\/sobre-first-base\/fundacao-circular\/#primaryimage"},"image":{"@id":"https:\/\/firstbasegroundscrews.com\/pt-pt\/sobre-first-base\/fundacao-circular\/#primaryimage"},"thumbnailUrl":"https:\/\/firstbasegroundscrews.com\/wp-content\/uploads\/2019\/08\/header-budget-e1733238685293.jpg","datePublished":"2022-09-28T13:59:41+00:00","dateModified":"2025-12-17T15:22:14+00:00","description":"FIRST BASE fornece uma funda\u00e7\u00e3o circular desenvolvendo parafusos de solo de qualidade. Precisa de mais informa\u00e7\u00f5es? Contate-nos!","breadcrumb":{"@id":"https:\/\/firstbasegroundscrews.com\/pt-pt\/sobre-first-base\/fundacao-circular\/#breadcrumb"},"inLanguage":"pt-PT","potentialAction":[{"@type":"ReadAction","target":["https:\/\/firstbasegroundscrews.com\/pt-pt\/sobre-first-base\/fundacao-circular\/"]}]},{"@type":"ImageObject","inLanguage":"pt-PT","@id":"https:\/\/firstbasegroundscrews.com\/pt-pt\/sobre-first-base\/fundacao-circular\/#primaryimage","url":"https:\/\/firstbasegroundscrews.com\/wp-content\/uploads\/2019\/08\/header-budget-e1733238685293.jpg","contentUrl":"https:\/\/firstbasegroundscrews.com\/wp-content\/uploads\/2019\/08\/header-budget-e1733238685293.jpg","width":2259,"height":800},{"@type":"BreadcrumbList","@id":"https:\/\/firstbasegroundscrews.com\/pt-pt\/sobre-first-base\/fundacao-circular\/#breadcrumb","itemListElement":[{"@type":"ListItem","position":1,"name":"Home","item":"https:\/\/firstbasegroundscrews.com\/pt-pt\/"},{"@type":"ListItem","position":2,"name":"Sobre a FIRST BASE","item":"https:\/\/firstbasegroundscrews.com\/pt-pt\/sobre-first-base\/"},{"@type":"ListItem","position":3,"name":"Funda\u00e7\u00e3o circular"}]},{"@type":"WebSite","@id":"https:\/\/firstbasegroundscrews.com\/pt-pt\/#website","url":"https:\/\/firstbasegroundscrews.com\/pt-pt\/","name":"FIRST BASE Ground Screws","description":"High quality ground screws for solid foundations","potentialAction":[{"@type":"SearchAction","target":{"@type":"EntryPoint","urlTemplate":"https:\/\/firstbasegroundscrews.com\/pt-pt\/?s={search_term_string}"},"query-input":{"@type":"PropertyValueSpecification","valueRequired":true,"valueName":"search_term_string"}}],"inLanguage":"pt-PT"}]}},"_links":{"self":[{"href":"https:\/\/firstbasegroundscrews.com\/pt-pt\/wp-json\/wp\/v2\/pages\/8567","targetHints":{"allow":["GET"]}}],"collection":[{"href":"https:\/\/firstbasegroundscrews.com\/pt-pt\/wp-json\/wp\/v2\/pages"}],"about":[{"href":"https:\/\/firstbasegroundscrews.com\/pt-pt\/wp-json\/wp\/v2\/types\/page"}],"author":[{"embeddable":true,"href":"https:\/\/firstbasegroundscrews.com\/pt-pt\/wp-json\/wp\/v2\/users\/1"}],"replies":[{"embeddable":true,"href":"https:\/\/firstbasegroundscrews.com\/pt-pt\/wp-json\/wp\/v2\/comments?post=8567"}],"version-history":[{"count":6,"href":"https:\/\/firstbasegroundscrews.com\/pt-pt\/wp-json\/wp\/v2\/pages\/8567\/revisions"}],"predecessor-version":[{"id":14847,"href":"https:\/\/firstbasegroundscrews.com\/pt-pt\/wp-json\/wp\/v2\/pages\/8567\/revisions\/14847"}],"up":[{"embeddable":true,"href":"https:\/\/firstbasegroundscrews.com\/pt-pt\/wp-json\/wp\/v2\/pages\/8565"}],"wp:featuredmedia":[{"embeddable":true,"href":"https:\/\/firstbasegroundscrews.com\/pt-pt\/wp-json\/wp\/v2\/media\/4196"}],"wp:attachment":[{"href":"https:\/\/firstbasegroundscrews.com\/pt-pt\/wp-json\/wp\/v2\/media?parent=8567"}],"curies":[{"name":"wp","href":"https:\/\/api.w.org\/{rel}","templated":true}]}}