{"id":8565,"date":"2019-05-20T14:09:51","date_gmt":"2019-05-20T14:09:51","guid":{"rendered":"https:\/\/firstbasegroundscrews.com\/about-first-base\/"},"modified":"2025-03-12T13:45:21","modified_gmt":"2025-03-12T13:45:21","slug":"sobre-first-base","status":"publish","type":"page","link":"https:\/\/firstbasegroundscrews.com\/pt-pt\/sobre-first-base\/","title":{"rendered":"Sobre a FIRST BASE"},"content":{"rendered":"\n<p>A FIRST BASE fornece parafusos de funda\u00e7\u00e3o de qualidade. Desde o desenvolvimento at\u00e9 a produ\u00e7\u00e3o e instala\u00e7\u00e3o dos parafusos. A FIRST BASE possui a capacidade \u00fanica de calcular a capacidade de carga dos parafusos de funda\u00e7\u00e3o com base em relat\u00f3rios do solo e testes de solo. Podemos oferecer uma funda\u00e7\u00e3o segura e garantidamente s\u00f3lida.<\/p>\n\n\n\n<h3 class=\"wp-block-heading\"><strong>Funda\u00e7\u00f5es Sustent\u00e1veis e Circulares<\/strong><\/h3>\n\n\n\n<p>A FIRST BASE Ground Screws tem sua sede em Uden, na Holanda, com filiais na Europa para mercados espec\u00edficos. Somos uma equipe de especialistas apaixonados, dedicados a revolucionar a forma como as funda\u00e7\u00f5es s\u00e3o constru\u00eddas. Com foco em engenharia de precis\u00e3o e sustentabilidade, redefinimos o pr\u00f3prio conceito de estabilidade na constru\u00e7\u00e3o. Junte-se a n\u00f3s na reimagina\u00e7\u00e3o das funda\u00e7\u00f5es e vamos criar um mundo onde estabilidade se encontra com sustentabilidade. FIRST BASE Ground Screws, Building Tomorrow, Today.<\/p>\n\n\n\n  <div class=\"application-grid__yt-player\" style=\"position:relative;\">\n    <span class=\"ytPlayerTrigger\" data-ytid=\"FkuHasGsNSw?si\"><\/span>\n    <img decoding=\"async\" src=\"https:\/\/firstbasegroundscrews.com\/wp-content\/uploads\/2025\/03\/Schermafbeelding-2025-03-11-164122.png\" class=\"application-grid__image\">\n  <\/div>\n\n\n<h3 class=\"wp-block-heading\"><strong>Os benef\u00edcios dos parafusos de funda\u00e7\u00e3o da FIRST BASE<\/strong><\/h3>\n\n\n\n<ul class=\"wp-block-list\">\n<li>Carreg\u00e1vel at\u00e9 150 kN por funda\u00e7\u00e3o<\/li>\n\n\n\n<li>Instala\u00e7\u00e3o sem escava\u00e7\u00f5es<\/li>\n\n\n\n<li>F\u00e1cil de instalar, mesmo no inverno<\/li>\n\n\n\n<li>Instala\u00e7\u00e3o em minutos<\/li>\n\n\n\n<li>Sem manuten\u00e7\u00e3o<\/li>\n\n\n\n<li>N\u00e3o \u00e9 necess\u00e1rio cimento (sem tempo de espera para secagem)<\/li>\n\n\n\n<li>Sem uso de maquinaria pesada<\/li>\n\n\n\n<li>Ap\u00f3s instala\u00e7\u00e3o suporta imediatamente as cargas previstas<\/li>\n\n\n\n<li>Adequado para constru\u00e7\u00f5es tempor\u00e1rias e permanentes<\/li>\n\n\n\n<li>Longa vida \u00fatil<\/li>\n\n\n\n<li>N\u00e3o impermeabiliza o solo, n\u00e3o agride o meio ambiente e \u00e9 reutiliz\u00e1vel<\/li>\n\n\n\n<li>Produzido de acordo com as normas EN-1090-2 e galvanizado termicamente<\/li>\n<\/ul>\n\n\n\n<h3 class=\"wp-block-heading\"><strong><strong>Como funciona?<\/strong><\/strong><\/h3>\n\n\n\n<p>Os parafusos de solo da FIRST BASE podem ser facilmente instalados usando uma ferramenta de instala\u00e7\u00e3o manual, ou impulsoras el\u00e9tricas, pneum\u00e1ticas ou hidr\u00e1ulicas. O formato c\u00f4nico dos parafusos comprime o solo ao seu redor, o que aumenta a capacidade de carga. Quer pretenda construir sobre argila, turfa, barro ou areia, a FIRST BASE garante-lhe uma base s\u00f3lida.<\/p>\n","protected":false},"excerpt":{"rendered":"A FIRST BASE fornece parafusos de funda\u00e7\u00e3o de qualidade. Desde o desenvolvimento at\u00e9 a produ\u00e7\u00e3o e instala\u00e7\u00e3o dos parafusos. A FIRST BASE possui a capacidade \u00fanica de calcular a capacidade de carga dos parafusos de funda\u00e7\u00e3o com base em relat\u00f3rios do solo e testes de solo. Podemos oferecer uma funda\u00e7\u00e3o segura e garantidamente s\u00f3lida. Funda\u00e7\u00f5es [&hellip;]","protected":false},"author":1,"featured_media":5624,"parent":0,"menu_order":0,"comment_status":"closed","ping_status":"closed","template":"templates\/page_about.php","meta":{"_acf_changed":false,"footnotes":""},"class_list":["post-8565","page","type-page","status-publish","has-post-thumbnail","hentry"],"acf":[],"yoast_head":"<!-- This site is optimized with the Yoast SEO plugin v27.3 - https:\/\/yoast.com\/product\/yoast-seo-wordpress\/ -->\n<title>Sobre a FIRST BASE - FIRST BASE Ground Screws<\/title>\n<meta name=\"description\" content=\"A FIRST BASE fornece parafusos de solo de qualidade. Do desenvolvimento \u00e0 produ\u00e7\u00e3o. Podemos oferecer-lhe uma funda\u00e7\u00e3o s\u00f3lida segura e garantida.\" \/>\n<meta name=\"robots\" content=\"index, follow, max-snippet:-1, max-image-preview:large, max-video-preview:-1\" \/>\n<link rel=\"canonical\" href=\"https:\/\/firstbasegroundscrews.com\/pt-pt\/sobre-first-base\/\" \/>\n<meta property=\"og:locale\" content=\"pt_PT\" \/>\n<meta property=\"og:type\" content=\"article\" \/>\n<meta property=\"og:title\" content=\"Sobre a FIRST BASE - FIRST BASE Ground Screws\" \/>\n<meta property=\"og:description\" content=\"A FIRST BASE fornece parafusos de solo de qualidade. Do desenvolvimento \u00e0 produ\u00e7\u00e3o. Podemos oferecer-lhe uma funda\u00e7\u00e3o s\u00f3lida segura e garantida.\" \/>\n<meta property=\"og:url\" content=\"https:\/\/firstbasegroundscrews.com\/pt-pt\/sobre-first-base\/\" \/>\n<meta property=\"og:site_name\" content=\"FIRST BASE Ground Screws\" \/>\n<meta property=\"article:modified_time\" content=\"2025-03-12T13:45:21+00:00\" \/>\n<meta property=\"og:image\" content=\"https:\/\/firstbasegroundscrews.com\/wp-content\/uploads\/2022\/09\/MODEL-800-DSC07890.jpg\" \/>\n\t<meta property=\"og:image:width\" content=\"1920\" \/>\n\t<meta property=\"og:image:height\" content=\"1280\" \/>\n\t<meta property=\"og:image:type\" content=\"image\/jpeg\" \/>\n<meta name=\"twitter:card\" content=\"summary_large_image\" \/>\n<meta name=\"twitter:label1\" content=\"Tempo estimado de leitura\" \/>\n\t<meta name=\"twitter:data1\" content=\"2 minutos\" \/>\n<script type=\"application\/ld+json\" class=\"yoast-schema-graph\">{\"@context\":\"https:\\\/\\\/schema.org\",\"@graph\":[{\"@type\":\"WebPage\",\"@id\":\"https:\\\/\\\/firstbasegroundscrews.com\\\/pt-pt\\\/sobre-first-base\\\/\",\"url\":\"https:\\\/\\\/firstbasegroundscrews.com\\\/pt-pt\\\/sobre-first-base\\\/\",\"name\":\"Sobre a FIRST BASE - FIRST BASE Ground Screws\",\"isPartOf\":{\"@id\":\"https:\\\/\\\/firstbasegroundscrews.com\\\/pt-pt\\\/#website\"},\"primaryImageOfPage\":{\"@id\":\"https:\\\/\\\/firstbasegroundscrews.com\\\/pt-pt\\\/sobre-first-base\\\/#primaryimage\"},\"image\":{\"@id\":\"https:\\\/\\\/firstbasegroundscrews.com\\\/pt-pt\\\/sobre-first-base\\\/#primaryimage\"},\"thumbnailUrl\":\"https:\\\/\\\/firstbasegroundscrews.com\\\/wp-content\\\/uploads\\\/2022\\\/09\\\/MODEL-800-DSC07890.jpg\",\"datePublished\":\"2019-05-20T14:09:51+00:00\",\"dateModified\":\"2025-03-12T13:45:21+00:00\",\"description\":\"A FIRST BASE fornece parafusos de solo de qualidade. Do desenvolvimento \u00e0 produ\u00e7\u00e3o. Podemos oferecer-lhe uma funda\u00e7\u00e3o s\u00f3lida segura e garantida.\",\"breadcrumb\":{\"@id\":\"https:\\\/\\\/firstbasegroundscrews.com\\\/pt-pt\\\/sobre-first-base\\\/#breadcrumb\"},\"inLanguage\":\"pt-PT\",\"potentialAction\":[{\"@type\":\"ReadAction\",\"target\":[\"https:\\\/\\\/firstbasegroundscrews.com\\\/pt-pt\\\/sobre-first-base\\\/\"]}]},{\"@type\":\"ImageObject\",\"inLanguage\":\"pt-PT\",\"@id\":\"https:\\\/\\\/firstbasegroundscrews.com\\\/pt-pt\\\/sobre-first-base\\\/#primaryimage\",\"url\":\"https:\\\/\\\/firstbasegroundscrews.com\\\/wp-content\\\/uploads\\\/2022\\\/09\\\/MODEL-800-DSC07890.jpg\",\"contentUrl\":\"https:\\\/\\\/firstbasegroundscrews.com\\\/wp-content\\\/uploads\\\/2022\\\/09\\\/MODEL-800-DSC07890.jpg\",\"width\":1920,\"height\":1280},{\"@type\":\"BreadcrumbList\",\"@id\":\"https:\\\/\\\/firstbasegroundscrews.com\\\/pt-pt\\\/sobre-first-base\\\/#breadcrumb\",\"itemListElement\":[{\"@type\":\"ListItem\",\"position\":1,\"name\":\"Home\",\"item\":\"https:\\\/\\\/firstbasegroundscrews.com\\\/pt-pt\\\/\"},{\"@type\":\"ListItem\",\"position\":2,\"name\":\"Sobre a FIRST BASE\"}]},{\"@type\":\"WebSite\",\"@id\":\"https:\\\/\\\/firstbasegroundscrews.com\\\/pt-pt\\\/#website\",\"url\":\"https:\\\/\\\/firstbasegroundscrews.com\\\/pt-pt\\\/\",\"name\":\"FIRST BASE Ground Screws\",\"description\":\"High quality ground screws for solid foundations\",\"potentialAction\":[{\"@type\":\"SearchAction\",\"target\":{\"@type\":\"EntryPoint\",\"urlTemplate\":\"https:\\\/\\\/firstbasegroundscrews.com\\\/pt-pt\\\/?s={search_term_string}\"},\"query-input\":{\"@type\":\"PropertyValueSpecification\",\"valueRequired\":true,\"valueName\":\"search_term_string\"}}],\"inLanguage\":\"pt-PT\"}]}<\/script>\n<!-- \/ Yoast SEO plugin. -->","yoast_head_json":{"title":"Sobre a FIRST BASE - FIRST BASE Ground Screws","description":"A FIRST BASE fornece parafusos de solo de qualidade. Do desenvolvimento \u00e0 produ\u00e7\u00e3o. Podemos oferecer-lhe uma funda\u00e7\u00e3o s\u00f3lida segura e garantida.","robots":{"index":"index","follow":"follow","max-snippet":"max-snippet:-1","max-image-preview":"max-image-preview:large","max-video-preview":"max-video-preview:-1"},"canonical":"https:\/\/firstbasegroundscrews.com\/pt-pt\/sobre-first-base\/","og_locale":"pt_PT","og_type":"article","og_title":"Sobre a FIRST BASE - FIRST BASE Ground Screws","og_description":"A FIRST BASE fornece parafusos de solo de qualidade. Do desenvolvimento \u00e0 produ\u00e7\u00e3o. Podemos oferecer-lhe uma funda\u00e7\u00e3o s\u00f3lida segura e garantida.","og_url":"https:\/\/firstbasegroundscrews.com\/pt-pt\/sobre-first-base\/","og_site_name":"FIRST BASE Ground Screws","article_modified_time":"2025-03-12T13:45:21+00:00","og_image":[{"width":1920,"height":1280,"url":"https:\/\/firstbasegroundscrews.com\/wp-content\/uploads\/2022\/09\/MODEL-800-DSC07890.jpg","type":"image\/jpeg"}],"twitter_card":"summary_large_image","twitter_misc":{"Tempo estimado de leitura":"2 minutos"},"schema":{"@context":"https:\/\/schema.org","@graph":[{"@type":"WebPage","@id":"https:\/\/firstbasegroundscrews.com\/pt-pt\/sobre-first-base\/","url":"https:\/\/firstbasegroundscrews.com\/pt-pt\/sobre-first-base\/","name":"Sobre a FIRST BASE - FIRST BASE Ground Screws","isPartOf":{"@id":"https:\/\/firstbasegroundscrews.com\/pt-pt\/#website"},"primaryImageOfPage":{"@id":"https:\/\/firstbasegroundscrews.com\/pt-pt\/sobre-first-base\/#primaryimage"},"image":{"@id":"https:\/\/firstbasegroundscrews.com\/pt-pt\/sobre-first-base\/#primaryimage"},"thumbnailUrl":"https:\/\/firstbasegroundscrews.com\/wp-content\/uploads\/2022\/09\/MODEL-800-DSC07890.jpg","datePublished":"2019-05-20T14:09:51+00:00","dateModified":"2025-03-12T13:45:21+00:00","description":"A FIRST BASE fornece parafusos de solo de qualidade. Do desenvolvimento \u00e0 produ\u00e7\u00e3o. Podemos oferecer-lhe uma funda\u00e7\u00e3o s\u00f3lida segura e garantida.","breadcrumb":{"@id":"https:\/\/firstbasegroundscrews.com\/pt-pt\/sobre-first-base\/#breadcrumb"},"inLanguage":"pt-PT","potentialAction":[{"@type":"ReadAction","target":["https:\/\/firstbasegroundscrews.com\/pt-pt\/sobre-first-base\/"]}]},{"@type":"ImageObject","inLanguage":"pt-PT","@id":"https:\/\/firstbasegroundscrews.com\/pt-pt\/sobre-first-base\/#primaryimage","url":"https:\/\/firstbasegroundscrews.com\/wp-content\/uploads\/2022\/09\/MODEL-800-DSC07890.jpg","contentUrl":"https:\/\/firstbasegroundscrews.com\/wp-content\/uploads\/2022\/09\/MODEL-800-DSC07890.jpg","width":1920,"height":1280},{"@type":"BreadcrumbList","@id":"https:\/\/firstbasegroundscrews.com\/pt-pt\/sobre-first-base\/#breadcrumb","itemListElement":[{"@type":"ListItem","position":1,"name":"Home","item":"https:\/\/firstbasegroundscrews.com\/pt-pt\/"},{"@type":"ListItem","position":2,"name":"Sobre a FIRST BASE"}]},{"@type":"WebSite","@id":"https:\/\/firstbasegroundscrews.com\/pt-pt\/#website","url":"https:\/\/firstbasegroundscrews.com\/pt-pt\/","name":"FIRST BASE Ground Screws","description":"High quality ground screws for solid foundations","potentialAction":[{"@type":"SearchAction","target":{"@type":"EntryPoint","urlTemplate":"https:\/\/firstbasegroundscrews.com\/pt-pt\/?s={search_term_string}"},"query-input":{"@type":"PropertyValueSpecification","valueRequired":true,"valueName":"search_term_string"}}],"inLanguage":"pt-PT"}]}},"_links":{"self":[{"href":"https:\/\/firstbasegroundscrews.com\/pt-pt\/wp-json\/wp\/v2\/pages\/8565","targetHints":{"allow":["GET"]}}],"collection":[{"href":"https:\/\/firstbasegroundscrews.com\/pt-pt\/wp-json\/wp\/v2\/pages"}],"about":[{"href":"https:\/\/firstbasegroundscrews.com\/pt-pt\/wp-json\/wp\/v2\/types\/page"}],"author":[{"embeddable":true,"href":"https:\/\/firstbasegroundscrews.com\/pt-pt\/wp-json\/wp\/v2\/users\/1"}],"replies":[{"embeddable":true,"href":"https:\/\/firstbasegroundscrews.com\/pt-pt\/wp-json\/wp\/v2\/comments?post=8565"}],"version-history":[{"count":13,"href":"https:\/\/firstbasegroundscrews.com\/pt-pt\/wp-json\/wp\/v2\/pages\/8565\/revisions"}],"predecessor-version":[{"id":11107,"href":"https:\/\/firstbasegroundscrews.com\/pt-pt\/wp-json\/wp\/v2\/pages\/8565\/revisions\/11107"}],"wp:featuredmedia":[{"embeddable":true,"href":"https:\/\/firstbasegroundscrews.com\/pt-pt\/wp-json\/wp\/v2\/media\/5624"}],"wp:attachment":[{"href":"https:\/\/firstbasegroundscrews.com\/pt-pt\/wp-json\/wp\/v2\/media?parent=8565"}],"curies":[{"name":"wp","href":"https:\/\/api.w.org\/{rel}","templated":true}]}}