{"id":8560,"date":"2019-05-20T14:09:45","date_gmt":"2019-05-20T14:09:45","guid":{"rendered":"https:\/\/firstbasegroundscrews.com\/do-it-yourself\/"},"modified":"2024-09-02T13:12:08","modified_gmt":"2024-09-02T13:12:08","slug":"do-it-yourself","status":"publish","type":"page","link":"https:\/\/firstbasegroundscrews.com\/pt-pt\/do-it-yourself\/","title":{"rendered":"DO-IT-YOURSELF"},"content":{"rendered":"\n<h2 class=\"wp-block-heading\">DO-IT-YOURSELF<\/h2>\n\n\n\n<p>Os parafusos de solo da serie do-it-yourself da FIRST BASE podem ser usados para todas as instala\u00e7\u00f5es com exig\u00eancias ligeiras. Desde cercas, pequenos port\u00f5es, baloi\u00e7os infantis e pequenos abrigos. Podem ser facilmente instalados \u00e0 m\u00e3o (sem necessidade de equipamento pesado) em qualquer tipo de solo sem influencia das condi\u00e7\u00f5es meteorol\u00f3gicas. Com o benef\u00edcio extra de reutiliza\u00e7\u00e3o.<br><\/p>\n\n\n\n<h3 class=\"wp-block-heading\"><strong>Os seus benef\u00edcios<\/strong><\/h3>\n\n\n\n<ul class=\"wp-block-list\">\n<li>F\u00e1cil de instalar com ferramenta de instala\u00e7\u00e3o manual<\/li>\n\n\n\n<li>Sem escavar, sem uso de cimento<\/li>\n\n\n\n<li>Adequado para todo o tipo de solo<\/li>\n<\/ul>\n\n\n\n<h3 class=\"wp-block-heading\"><\/h3>\n\n\n\n<div class=\"wp-block-button fba-button\"><a class=\"wp-block-button__link wp-element-button\" href=\"https:\/\/firstbasegroundscrews.com\/pt-pt\/gama-de-produtos-diy\/\"><strong>VER GAMA<\/strong><\/a><\/div>\n\n\n\n<h3 class=\"wp-block-heading\">Como funciona?<\/h3>\n\n\n\n  <div class=\"application-grid__yt-player\" style=\"position:relative;\">\n    <span class=\"ytPlayerTrigger\" data-ytid=\"smEN3nC4q_Q\"><\/span>\n    <img decoding=\"async\" src=\"https:\/\/firstbasegroundscrews.com\/wp-content\/uploads\/2023\/02\/FIRST-BASE-DIY-Animatie-Voorvertoning.png\" class=\"application-grid__image\">\n  <\/div>","protected":false},"excerpt":{"rendered":"As estacas de parafuso fa\u00e7a voc\u00ea mesmo da FIRST BASE podem ser usadas para todas as aplica\u00e7\u00f5es ao redor da casa. De cercas ou port\u00f5es pequenos a brinquedos para crian\u00e7as ou at\u00e9 mesmo um galp\u00e3o. As estacas de parafuso podem ser facilmente instaladas manualmente (sem necessidade de m\u00e1quinas pesadas) em qualquer tipo de solo e em todas as condi\u00e7\u00f5es clim\u00e1ticas, com a vantagem adicional de serem reutiliz\u00e1veis.","protected":false},"author":1,"featured_media":4196,"parent":0,"menu_order":0,"comment_status":"closed","ping_status":"closed","template":"templates\/page_diy.php","meta":{"_acf_changed":false,"footnotes":""},"class_list":["post-8560","page","type-page","status-publish","has-post-thumbnail","hentry"],"acf":[],"yoast_head":"<!-- This site is optimized with the Yoast SEO plugin v27.3 - https:\/\/yoast.com\/product\/yoast-seo-wordpress\/ -->\n<title>DO-IT-YOURSELF - FIRST BASE Ground Screws<\/title>\n<meta name=\"description\" content=\"Os parafusos de solo DIY FIRST BASE podem ser usados \u200b\u200bpara todas as suas aplica\u00e7\u00f5es dom\u00e9sticas. Confira nosso localizador de revendedores.\" \/>\n<meta name=\"robots\" content=\"index, follow, max-snippet:-1, max-image-preview:large, max-video-preview:-1\" \/>\n<link rel=\"canonical\" href=\"https:\/\/firstbasegroundscrews.com\/pt-pt\/do-it-yourself\/\" \/>\n<meta property=\"og:locale\" content=\"pt_PT\" \/>\n<meta property=\"og:type\" content=\"article\" \/>\n<meta property=\"og:title\" content=\"DO-IT-YOURSELF - FIRST BASE Ground Screws\" \/>\n<meta property=\"og:description\" content=\"Os parafusos de solo DIY FIRST BASE podem ser usados \u200b\u200bpara todas as suas aplica\u00e7\u00f5es dom\u00e9sticas. Confira nosso localizador de revendedores.\" \/>\n<meta property=\"og:url\" content=\"https:\/\/firstbasegroundscrews.com\/pt-pt\/do-it-yourself\/\" \/>\n<meta property=\"og:site_name\" content=\"FIRST BASE Ground Screws\" \/>\n<meta property=\"article:modified_time\" content=\"2024-09-02T13:12:08+00:00\" \/>\n<meta property=\"og:image\" content=\"https:\/\/firstbasegroundscrews.com\/wp-content\/uploads\/2019\/08\/header-budget.jpg\" \/>\n\t<meta property=\"og:image:width\" content=\"2259\" \/>\n\t<meta property=\"og:image:height\" content=\"800\" \/>\n\t<meta property=\"og:image:type\" content=\"image\/jpeg\" \/>\n<meta name=\"twitter:card\" content=\"summary_large_image\" \/>\n<meta name=\"twitter:label1\" content=\"Tempo estimado de leitura\" \/>\n\t<meta name=\"twitter:data1\" content=\"1 minuto\" \/>\n<script type=\"application\/ld+json\" class=\"yoast-schema-graph\">{\"@context\":\"https:\\\/\\\/schema.org\",\"@graph\":[{\"@type\":\"WebPage\",\"@id\":\"https:\\\/\\\/firstbasegroundscrews.com\\\/pt-pt\\\/do-it-yourself\\\/\",\"url\":\"https:\\\/\\\/firstbasegroundscrews.com\\\/pt-pt\\\/do-it-yourself\\\/\",\"name\":\"DO-IT-YOURSELF - FIRST BASE Ground Screws\",\"isPartOf\":{\"@id\":\"https:\\\/\\\/firstbasegroundscrews.com\\\/pt-pt\\\/#website\"},\"primaryImageOfPage\":{\"@id\":\"https:\\\/\\\/firstbasegroundscrews.com\\\/pt-pt\\\/do-it-yourself\\\/#primaryimage\"},\"image\":{\"@id\":\"https:\\\/\\\/firstbasegroundscrews.com\\\/pt-pt\\\/do-it-yourself\\\/#primaryimage\"},\"thumbnailUrl\":\"https:\\\/\\\/firstbasegroundscrews.com\\\/wp-content\\\/uploads\\\/2019\\\/08\\\/header-budget-e1733238685293.jpg\",\"datePublished\":\"2019-05-20T14:09:45+00:00\",\"dateModified\":\"2024-09-02T13:12:08+00:00\",\"description\":\"Os parafusos de solo DIY FIRST BASE podem ser usados \u200b\u200bpara todas as suas aplica\u00e7\u00f5es dom\u00e9sticas. Confira nosso localizador de revendedores.\",\"breadcrumb\":{\"@id\":\"https:\\\/\\\/firstbasegroundscrews.com\\\/pt-pt\\\/do-it-yourself\\\/#breadcrumb\"},\"inLanguage\":\"pt-PT\",\"potentialAction\":[{\"@type\":\"ReadAction\",\"target\":[\"https:\\\/\\\/firstbasegroundscrews.com\\\/pt-pt\\\/do-it-yourself\\\/\"]}]},{\"@type\":\"ImageObject\",\"inLanguage\":\"pt-PT\",\"@id\":\"https:\\\/\\\/firstbasegroundscrews.com\\\/pt-pt\\\/do-it-yourself\\\/#primaryimage\",\"url\":\"https:\\\/\\\/firstbasegroundscrews.com\\\/wp-content\\\/uploads\\\/2019\\\/08\\\/header-budget-e1733238685293.jpg\",\"contentUrl\":\"https:\\\/\\\/firstbasegroundscrews.com\\\/wp-content\\\/uploads\\\/2019\\\/08\\\/header-budget-e1733238685293.jpg\",\"width\":2259,\"height\":800},{\"@type\":\"BreadcrumbList\",\"@id\":\"https:\\\/\\\/firstbasegroundscrews.com\\\/pt-pt\\\/do-it-yourself\\\/#breadcrumb\",\"itemListElement\":[{\"@type\":\"ListItem\",\"position\":1,\"name\":\"Home\",\"item\":\"https:\\\/\\\/firstbasegroundscrews.com\\\/pt-pt\\\/\"},{\"@type\":\"ListItem\",\"position\":2,\"name\":\"DO-IT-YOURSELF\"}]},{\"@type\":\"WebSite\",\"@id\":\"https:\\\/\\\/firstbasegroundscrews.com\\\/pt-pt\\\/#website\",\"url\":\"https:\\\/\\\/firstbasegroundscrews.com\\\/pt-pt\\\/\",\"name\":\"FIRST BASE Ground Screws\",\"description\":\"High quality ground screws for solid foundations\",\"potentialAction\":[{\"@type\":\"SearchAction\",\"target\":{\"@type\":\"EntryPoint\",\"urlTemplate\":\"https:\\\/\\\/firstbasegroundscrews.com\\\/pt-pt\\\/?s={search_term_string}\"},\"query-input\":{\"@type\":\"PropertyValueSpecification\",\"valueRequired\":true,\"valueName\":\"search_term_string\"}}],\"inLanguage\":\"pt-PT\"}]}<\/script>\n<!-- \/ Yoast SEO plugin. -->","yoast_head_json":{"title":"DO-IT-YOURSELF - FIRST BASE Ground Screws","description":"Os parafusos de solo DIY FIRST BASE podem ser usados \u200b\u200bpara todas as suas aplica\u00e7\u00f5es dom\u00e9sticas. Confira nosso localizador de revendedores.","robots":{"index":"index","follow":"follow","max-snippet":"max-snippet:-1","max-image-preview":"max-image-preview:large","max-video-preview":"max-video-preview:-1"},"canonical":"https:\/\/firstbasegroundscrews.com\/pt-pt\/do-it-yourself\/","og_locale":"pt_PT","og_type":"article","og_title":"DO-IT-YOURSELF - FIRST BASE Ground Screws","og_description":"Os parafusos de solo DIY FIRST BASE podem ser usados \u200b\u200bpara todas as suas aplica\u00e7\u00f5es dom\u00e9sticas. Confira nosso localizador de revendedores.","og_url":"https:\/\/firstbasegroundscrews.com\/pt-pt\/do-it-yourself\/","og_site_name":"FIRST BASE Ground Screws","article_modified_time":"2024-09-02T13:12:08+00:00","og_image":[{"width":2259,"height":800,"url":"https:\/\/firstbasegroundscrews.com\/wp-content\/uploads\/2019\/08\/header-budget.jpg","type":"image\/jpeg"}],"twitter_card":"summary_large_image","twitter_misc":{"Tempo estimado de leitura":"1 minuto"},"schema":{"@context":"https:\/\/schema.org","@graph":[{"@type":"WebPage","@id":"https:\/\/firstbasegroundscrews.com\/pt-pt\/do-it-yourself\/","url":"https:\/\/firstbasegroundscrews.com\/pt-pt\/do-it-yourself\/","name":"DO-IT-YOURSELF - FIRST BASE Ground Screws","isPartOf":{"@id":"https:\/\/firstbasegroundscrews.com\/pt-pt\/#website"},"primaryImageOfPage":{"@id":"https:\/\/firstbasegroundscrews.com\/pt-pt\/do-it-yourself\/#primaryimage"},"image":{"@id":"https:\/\/firstbasegroundscrews.com\/pt-pt\/do-it-yourself\/#primaryimage"},"thumbnailUrl":"https:\/\/firstbasegroundscrews.com\/wp-content\/uploads\/2019\/08\/header-budget-e1733238685293.jpg","datePublished":"2019-05-20T14:09:45+00:00","dateModified":"2024-09-02T13:12:08+00:00","description":"Os parafusos de solo DIY FIRST BASE podem ser usados \u200b\u200bpara todas as suas aplica\u00e7\u00f5es dom\u00e9sticas. Confira nosso localizador de revendedores.","breadcrumb":{"@id":"https:\/\/firstbasegroundscrews.com\/pt-pt\/do-it-yourself\/#breadcrumb"},"inLanguage":"pt-PT","potentialAction":[{"@type":"ReadAction","target":["https:\/\/firstbasegroundscrews.com\/pt-pt\/do-it-yourself\/"]}]},{"@type":"ImageObject","inLanguage":"pt-PT","@id":"https:\/\/firstbasegroundscrews.com\/pt-pt\/do-it-yourself\/#primaryimage","url":"https:\/\/firstbasegroundscrews.com\/wp-content\/uploads\/2019\/08\/header-budget-e1733238685293.jpg","contentUrl":"https:\/\/firstbasegroundscrews.com\/wp-content\/uploads\/2019\/08\/header-budget-e1733238685293.jpg","width":2259,"height":800},{"@type":"BreadcrumbList","@id":"https:\/\/firstbasegroundscrews.com\/pt-pt\/do-it-yourself\/#breadcrumb","itemListElement":[{"@type":"ListItem","position":1,"name":"Home","item":"https:\/\/firstbasegroundscrews.com\/pt-pt\/"},{"@type":"ListItem","position":2,"name":"DO-IT-YOURSELF"}]},{"@type":"WebSite","@id":"https:\/\/firstbasegroundscrews.com\/pt-pt\/#website","url":"https:\/\/firstbasegroundscrews.com\/pt-pt\/","name":"FIRST BASE Ground Screws","description":"High quality ground screws for solid foundations","potentialAction":[{"@type":"SearchAction","target":{"@type":"EntryPoint","urlTemplate":"https:\/\/firstbasegroundscrews.com\/pt-pt\/?s={search_term_string}"},"query-input":{"@type":"PropertyValueSpecification","valueRequired":true,"valueName":"search_term_string"}}],"inLanguage":"pt-PT"}]}},"_links":{"self":[{"href":"https:\/\/firstbasegroundscrews.com\/pt-pt\/wp-json\/wp\/v2\/pages\/8560","targetHints":{"allow":["GET"]}}],"collection":[{"href":"https:\/\/firstbasegroundscrews.com\/pt-pt\/wp-json\/wp\/v2\/pages"}],"about":[{"href":"https:\/\/firstbasegroundscrews.com\/pt-pt\/wp-json\/wp\/v2\/types\/page"}],"author":[{"embeddable":true,"href":"https:\/\/firstbasegroundscrews.com\/pt-pt\/wp-json\/wp\/v2\/users\/1"}],"replies":[{"embeddable":true,"href":"https:\/\/firstbasegroundscrews.com\/pt-pt\/wp-json\/wp\/v2\/comments?post=8560"}],"version-history":[{"count":3,"href":"https:\/\/firstbasegroundscrews.com\/pt-pt\/wp-json\/wp\/v2\/pages\/8560\/revisions"}],"predecessor-version":[{"id":8924,"href":"https:\/\/firstbasegroundscrews.com\/pt-pt\/wp-json\/wp\/v2\/pages\/8560\/revisions\/8924"}],"wp:featuredmedia":[{"embeddable":true,"href":"https:\/\/firstbasegroundscrews.com\/pt-pt\/wp-json\/wp\/v2\/media\/4196"}],"wp:attachment":[{"href":"https:\/\/firstbasegroundscrews.com\/pt-pt\/wp-json\/wp\/v2\/media?parent=8560"}],"curies":[{"name":"wp","href":"https:\/\/api.w.org\/{rel}","templated":true}]}}