{"id":8555,"date":"2019-05-20T14:09:30","date_gmt":"2019-05-20T14:09:30","guid":{"rendered":"https:\/\/firstbasegroundscrews.com\/solar-construction\/"},"modified":"2026-03-10T14:47:07","modified_gmt":"2026-03-10T14:47:07","slug":"construcao-solar","status":"publish","type":"page","link":"https:\/\/firstbasegroundscrews.com\/pt-pt\/construcao-solar\/","title":{"rendered":"SOLAR"},"content":{"rendered":"\n<h2 class=\"wp-block-heading\">SOLO-MONTAGEM ESTRUTURAS SOLARES<\/h2>\n\n\n\n<p>Fabricados de acordo com as normas EN-1090-2, os parafusos de solo FIRST BASE garantem uma base s\u00f3lida. Al\u00e9m de fornecer parafusos de solo, podemos projetar, produzir e instalar a subestrutura de a\u00e7o para o seu parque solar. Para determinar a capacidade de carga da funda\u00e7\u00e3o do parafuso, podemos fornecer e apoiar nos testes necess\u00e1rios.&nbsp;  <\/p>\n\n\n\n<div class=\"wp-block-buttons is-layout-flex wp-block-buttons-is-layout-flex\">\n<div class=\"wp-block-button\"><a class=\"wp-block-button__link wp-element-button\" href=\"https:\/\/firstbasegroundscrews.com\/pt-pt\/configurador-solar\/\">Configurador solar<\/a><\/div>\n<\/div>\n\n\n\n<h3 class=\"wp-block-heading\"><strong>Os seus benef\u00edcios<\/strong><\/h3>\n\n\n\n<ul class=\"wp-block-list\">\n<li>Muito f\u00e1cil de aplicar, mesmo com inclina\u00e7\u00f5es no terreno <\/li>\n\n\n\n<li>Processo de instala\u00e7\u00e3o\/constru\u00e7\u00e3o otimizado para maior efici\u00eancia  <\/li>\n\n\n\n<li>Adequado para todo o tipo de solo<\/li>\n\n\n\n<li>C\u00e1lculo est\u00e1tico de acordo com os Euroc\u00f3digos  <\/li>\n<\/ul>\n\n\n\n<h3 class=\"wp-block-heading\"><\/h3>\n\n\n\n<div class=\"wp-block-button fba-button\"><a class=\"wp-block-button__link wp-element-button\" href=\"https:\/\/firstbasegroundscrews.com\/pt-pt\/construcao-solar\/configuracao-de-campo\/\"><strong>VEJA AQUI AS POSSIBILIDADES<\/strong><\/a><\/div>\n\n\n\n<p><\/p>\n\n\n\n<h3 class=\"wp-block-heading\">Instala\u00e7\u00e3o? F\u00e1cil como 1-2-3!<\/h3>\n\n\n\n  <div class=\"application-grid__yt-player\" style=\"position:relative;\">\n    <span class=\"ytPlayerTrigger\" data-ytid=\"Fjos5HzxhtA\"><\/span>\n    <img decoding=\"async\" src=\"https:\/\/firstbasegroundscrews.com\/wp-content\/uploads\/2021\/10\/Solar-Zonnepark-harlingen-1.jpeg\" class=\"application-grid__image\">\n  <\/div>\n\n\n<h2 class=\"wp-block-heading\">Funda\u00e7\u00f5es de parafuso diretamente carreg\u00e1veis para sistemas BESS<\/h2>\n\n\n\n<p>As funda\u00e7\u00f5es de parafuso da FIRST BASE s\u00e3o projetadas para suportar as cargas elevadas e din\u00e2micas das instala\u00e7\u00f5es BESS. Constituem uma solu\u00e7\u00e3o de funda\u00e7\u00e3o sem vibra\u00e7\u00f5es, instalada sem recurso a bet\u00e3o. Desta forma, a funda\u00e7\u00e3o fica imediatamente apta a suportar carga. <\/p>\n\n\n\n<figure class=\"wp-block-image size-large is-resized\"><img loading=\"lazy\" decoding=\"async\" width=\"700\" height=\"517\" src=\"https:\/\/firstbasegroundscrews.com\/wp-content\/uploads\/2025\/09\/foto-BESS-systeem-700x517.jpeg\" alt=\"\" class=\"wp-image-13517\" style=\"aspect-ratio:1.3540061051168133;width:840px;height:auto\" srcset=\"https:\/\/firstbasegroundscrews.com\/wp-content\/uploads\/2025\/09\/foto-BESS-systeem-700x517.jpeg 700w, https:\/\/firstbasegroundscrews.com\/wp-content\/uploads\/2025\/09\/foto-BESS-systeem-250x185.jpeg 250w, https:\/\/firstbasegroundscrews.com\/wp-content\/uploads\/2025\/09\/foto-BESS-systeem-768x567.jpeg 768w, https:\/\/firstbasegroundscrews.com\/wp-content\/uploads\/2025\/09\/foto-BESS-systeem-1536x1135.jpeg 1536w, https:\/\/firstbasegroundscrews.com\/wp-content\/uploads\/2025\/09\/foto-BESS-systeem-400x295.jpeg 400w, https:\/\/firstbasegroundscrews.com\/wp-content\/uploads\/2025\/09\/foto-BESS-systeem-120x89.jpeg 120w, https:\/\/firstbasegroundscrews.com\/wp-content\/uploads\/2025\/09\/foto-BESS-systeem-271x200.jpeg 271w, https:\/\/firstbasegroundscrews.com\/wp-content\/uploads\/2025\/09\/foto-BESS-systeem-1462x1080.jpeg 1462w, https:\/\/firstbasegroundscrews.com\/wp-content\/uploads\/2025\/09\/foto-BESS-systeem.jpeg 1768w\" sizes=\"auto, (max-width: 700px) 100vw, 700px\" \/><\/figure>\n\n\n\n<p>Desde o projeto e ensaios de carga de acordo com o Euroc\u00f3digo 7 at\u00e9 \u00e0 entrega a partir de stock: fornecemos a base est\u00e1vel de que o seu sistema BESS necessita.<\/p>\n\n\n\n<div class=\"wp-block-buttons is-layout-flex wp-block-buttons-is-layout-flex\">\n<div class=\"wp-block-button\"><a class=\"wp-block-button__link wp-element-button\" href=\"https:\/\/firstbasegroundscrews.com\/pt-pt\/construcao-solar\/sistemas-bess\/\">Mais informa\u00e7\u00f5es sobre funda\u00e7\u00f5es para sistemas BESS<\/a><\/div>\n<\/div>\n\n\n\n<div style=\"height:20px\" aria-hidden=\"true\" class=\"wp-block-spacer\"><\/div>\n\n\n\n    <div class=\"applications-slider\" data-count=\"6\">\n      <div class=\"applications-slider__controls\">\n        <!--<div class=\"applications-slider__control\"><\/div>\n        <div class=\"applications-slider__control\"><\/div>-->\n        <div class=\"applications-slider__indicators\"><button class=\"applications-slider__indicator\" data-index=\"0\"><\/button><button class=\"applications-slider__indicator\" data-index=\"1\"><\/button><button class=\"applications-slider__indicator\" data-index=\"2\"><\/button><button class=\"applications-slider__indicator\" data-index=\"3\"><\/button><button class=\"applications-slider__indicator\" data-index=\"4\"><\/button><button class=\"applications-slider__indicator\" data-index=\"5\"><\/button><\/div>\n        <a href=\"https:\/\/firstbasegroundscrews.com\/pt-pt\/wp-json\/wp\/v2\/pages\/8555projetos\/\" class=\"fba-button\">\n          <span>ESTUDOS DE CASO<\/span>\n        <\/a>\n      <\/div>\n      <div class=\"applications-slider__content\">\n        \n    <a class=\"application--slider\" href=\"https:\/\/firstbasegroundscrews.com\/pt-pt\/projects\/expansao-da-instalacao-solar-em-terra-no-oakwood-business-park-centre\/\" data-index=\"0\">\n      <img loading=\"lazy\" decoding=\"async\" width=\"1441\" height=\"1080\" src=\"https:\/\/firstbasegroundscrews.com\/wp-content\/uploads\/2026\/02\/DJI_20260115130508_0061_D-1-1441x1080.jpg\" class=\"application__image wp-post-image\" alt=\"\" srcset=\"https:\/\/firstbasegroundscrews.com\/wp-content\/uploads\/2026\/02\/DJI_20260115130508_0061_D-1-1441x1080.jpg 1441w, https:\/\/firstbasegroundscrews.com\/wp-content\/uploads\/2026\/02\/DJI_20260115130508_0061_D-1-250x187.jpg 250w, https:\/\/firstbasegroundscrews.com\/wp-content\/uploads\/2026\/02\/DJI_20260115130508_0061_D-1-700x524.jpg 700w, https:\/\/firstbasegroundscrews.com\/wp-content\/uploads\/2026\/02\/DJI_20260115130508_0061_D-1-768x575.jpg 768w, https:\/\/firstbasegroundscrews.com\/wp-content\/uploads\/2026\/02\/DJI_20260115130508_0061_D-1-1536x1151.jpg 1536w, https:\/\/firstbasegroundscrews.com\/wp-content\/uploads\/2026\/02\/DJI_20260115130508_0061_D-1-2048x1534.jpg 2048w, https:\/\/firstbasegroundscrews.com\/wp-content\/uploads\/2026\/02\/DJI_20260115130508_0061_D-1-400x300.jpg 400w, https:\/\/firstbasegroundscrews.com\/wp-content\/uploads\/2026\/02\/DJI_20260115130508_0061_D-1-120x90.jpg 120w, https:\/\/firstbasegroundscrews.com\/wp-content\/uploads\/2026\/02\/DJI_20260115130508_0061_D-1-267x200.jpg 267w\" sizes=\"auto, (max-width: 1441px) 100vw, 1441px\" \/>\n    <\/a>\n    \n    <a class=\"application--slider\" href=\"https:\/\/firstbasegroundscrews.com\/pt-pt\/projects\/solucao-solar-montada-no-solo-na-kwekerij-de-noordhoek\/\" data-index=\"1\">\n      <img loading=\"lazy\" decoding=\"async\" width=\"1442\" height=\"1080\" src=\"https:\/\/firstbasegroundscrews.com\/wp-content\/uploads\/2025\/04\/21-DJI_0672-1442x1080.jpg\" class=\"application__image wp-post-image\" alt=\"\" srcset=\"https:\/\/firstbasegroundscrews.com\/wp-content\/uploads\/2025\/04\/21-DJI_0672-1442x1080.jpg 1442w, https:\/\/firstbasegroundscrews.com\/wp-content\/uploads\/2025\/04\/21-DJI_0672-250x187.jpg 250w, https:\/\/firstbasegroundscrews.com\/wp-content\/uploads\/2025\/04\/21-DJI_0672-700x524.jpg 700w, https:\/\/firstbasegroundscrews.com\/wp-content\/uploads\/2025\/04\/21-DJI_0672-768x575.jpg 768w, https:\/\/firstbasegroundscrews.com\/wp-content\/uploads\/2025\/04\/21-DJI_0672-1536x1150.jpg 1536w, https:\/\/firstbasegroundscrews.com\/wp-content\/uploads\/2025\/04\/21-DJI_0672-2048x1534.jpg 2048w, https:\/\/firstbasegroundscrews.com\/wp-content\/uploads\/2025\/04\/21-DJI_0672-400x300.jpg 400w, https:\/\/firstbasegroundscrews.com\/wp-content\/uploads\/2025\/04\/21-DJI_0672-120x90.jpg 120w, https:\/\/firstbasegroundscrews.com\/wp-content\/uploads\/2025\/04\/21-DJI_0672-267x200.jpg 267w\" sizes=\"auto, (max-width: 1442px) 100vw, 1442px\" \/>\n    <\/a>\n    \n    <a class=\"application--slider\" href=\"https:\/\/firstbasegroundscrews.com\/pt-pt\/projects\/solar-project-reusel\/\" data-index=\"2\">\n      <img loading=\"lazy\" decoding=\"async\" width=\"1440\" height=\"1080\" src=\"https:\/\/firstbasegroundscrews.com\/wp-content\/uploads\/2024\/09\/DJI_0567-1440x1080.jpg\" class=\"application__image wp-post-image\" alt=\"\" srcset=\"https:\/\/firstbasegroundscrews.com\/wp-content\/uploads\/2024\/09\/DJI_0567-1440x1080.jpg 1440w, https:\/\/firstbasegroundscrews.com\/wp-content\/uploads\/2024\/09\/DJI_0567-250x188.jpg 250w, https:\/\/firstbasegroundscrews.com\/wp-content\/uploads\/2024\/09\/DJI_0567-700x525.jpg 700w, https:\/\/firstbasegroundscrews.com\/wp-content\/uploads\/2024\/09\/DJI_0567-768x576.jpg 768w, https:\/\/firstbasegroundscrews.com\/wp-content\/uploads\/2024\/09\/DJI_0567-1536x1152.jpg 1536w, https:\/\/firstbasegroundscrews.com\/wp-content\/uploads\/2024\/09\/DJI_0567-2048x1536.jpg 2048w, https:\/\/firstbasegroundscrews.com\/wp-content\/uploads\/2024\/09\/DJI_0567-400x300.jpg 400w, https:\/\/firstbasegroundscrews.com\/wp-content\/uploads\/2024\/09\/DJI_0567-120x90.jpg 120w, https:\/\/firstbasegroundscrews.com\/wp-content\/uploads\/2024\/09\/DJI_0567-267x200.jpg 267w\" sizes=\"auto, (max-width: 1440px) 100vw, 1440px\" \/>\n    <\/a>\n    \n    <a class=\"application--slider\" href=\"https:\/\/firstbasegroundscrews.com\/pt-pt\/projects\/750-kwp-solar-power-plant\/\" data-index=\"3\">\n      <img decoding=\"async\" class=\"application__image wp-post-image\" src=\"https:\/\/firstbasegroundscrews.com\/wp-content\/uploads\/2022\/11\/PV-power-plant-scaled.jpg\" alt=\"Parque solar 750kWp\">\n    <\/a>\n    \n    <a class=\"application--slider\" href=\"https:\/\/firstbasegroundscrews.com\/pt-pt\/projects\/parque-solar-fotovoltaico\/\" data-index=\"4\">\n      <img loading=\"lazy\" decoding=\"async\" width=\"1547\" height=\"1080\" src=\"https:\/\/firstbasegroundscrews.com\/wp-content\/uploads\/2022\/10\/PV-structure-waterzuivering-scaled.jpg\" class=\"application__image wp-post-image\" alt=\"\" srcset=\"https:\/\/firstbasegroundscrews.com\/wp-content\/uploads\/2022\/10\/PV-structure-waterzuivering-scaled.jpg 2560w, https:\/\/firstbasegroundscrews.com\/wp-content\/uploads\/2022\/10\/PV-structure-waterzuivering-250x174.jpg 250w, https:\/\/firstbasegroundscrews.com\/wp-content\/uploads\/2022\/10\/PV-structure-waterzuivering-700x489.jpg 700w, https:\/\/firstbasegroundscrews.com\/wp-content\/uploads\/2022\/10\/PV-structure-waterzuivering-768x536.jpg 768w, https:\/\/firstbasegroundscrews.com\/wp-content\/uploads\/2022\/10\/PV-structure-waterzuivering-1536x1072.jpg 1536w, https:\/\/firstbasegroundscrews.com\/wp-content\/uploads\/2022\/10\/PV-structure-waterzuivering-2048x1429.jpg 2048w, https:\/\/firstbasegroundscrews.com\/wp-content\/uploads\/2022\/10\/PV-structure-waterzuivering-120x84.jpg 120w, https:\/\/firstbasegroundscrews.com\/wp-content\/uploads\/2022\/10\/PV-structure-waterzuivering-287x200.jpg 287w\" sizes=\"auto, (max-width: 1547px) 100vw, 1547px\" \/>\n    <\/a>\n    \n    <a class=\"application--slider\" href=\"https:\/\/firstbasegroundscrews.com\/pt-pt\/projects\/parque-solar-para-complexo-de-eclusas\/\" data-index=\"5\">\n      <img loading=\"lazy\" decoding=\"async\" width=\"1600\" height=\"900\" src=\"https:\/\/firstbasegroundscrews.com\/wp-content\/uploads\/2022\/05\/Zonnepark-Rogat-op-FIRST-BASE-schroefpalen-2.webp\" class=\"application__image wp-post-image\" alt=\"\" srcset=\"https:\/\/firstbasegroundscrews.com\/wp-content\/uploads\/2022\/05\/Zonnepark-Rogat-op-FIRST-BASE-schroefpalen-2.webp 1600w, https:\/\/firstbasegroundscrews.com\/wp-content\/uploads\/2022\/05\/Zonnepark-Rogat-op-FIRST-BASE-schroefpalen-2-250x141.webp 250w, https:\/\/firstbasegroundscrews.com\/wp-content\/uploads\/2022\/05\/Zonnepark-Rogat-op-FIRST-BASE-schroefpalen-2-700x394.webp 700w, https:\/\/firstbasegroundscrews.com\/wp-content\/uploads\/2022\/05\/Zonnepark-Rogat-op-FIRST-BASE-schroefpalen-2-768x432.webp 768w, https:\/\/firstbasegroundscrews.com\/wp-content\/uploads\/2022\/05\/Zonnepark-Rogat-op-FIRST-BASE-schroefpalen-2-1536x864.webp 1536w, https:\/\/firstbasegroundscrews.com\/wp-content\/uploads\/2022\/05\/Zonnepark-Rogat-op-FIRST-BASE-schroefpalen-2-120x68.webp 120w, https:\/\/firstbasegroundscrews.com\/wp-content\/uploads\/2022\/05\/Zonnepark-Rogat-op-FIRST-BASE-schroefpalen-2-356x200.webp 356w\" sizes=\"auto, (max-width: 1600px) 100vw, 1600px\" \/>\n    <\/a>\n    \n      <\/div>\n    <\/div>\n    \n\n\n\n<p><\/p>\n","protected":false},"excerpt":{"rendered":"A s\u00e9rie PRO da FIRST BASE foi desenvolvida para uma capacidade de carga maior. Produzida de acordo com as normas EN-1090-2 e galvanizada conforme DIN EN ISO 1461. As estacas de parafuso da s\u00e9rie PRO garantem extrema estabilidade e uma instala\u00e7\u00e3o f\u00e1cil (e r\u00e1pida!) em qualquer tipo de solo.","protected":false},"author":1,"featured_media":4208,"parent":0,"menu_order":0,"comment_status":"closed","ping_status":"closed","template":"","meta":{"_acf_changed":false,"footnotes":""},"class_list":["post-8555","page","type-page","status-publish","has-post-thumbnail","hentry"],"acf":[],"yoast_head":"<!-- This site is optimized with the Yoast SEO plugin v27.3 - https:\/\/yoast.com\/product\/yoast-seo-wordpress\/ -->\n<title>SOLAR - FIRST BASE Ground Screws<\/title>\n<meta name=\"description\" content=\"A FIRST BASE Solar pode fornecer a subestrutura e a coloca\u00e7\u00e3o de m\u00f3dulos do seu parque solar. Estamos envolvidos de A a Z para personalizar a configura\u00e7\u00e3o de acordo com suas necessidades.Procura uma constru\u00e7\u00e3o solar no solo e funda\u00e7\u00e3o para seus pain\u00e9is solares? Solicite um or\u00e7amento gratuito atrav\u00e9s do configurador solar.\" \/>\n<meta name=\"robots\" content=\"index, follow, max-snippet:-1, max-image-preview:large, max-video-preview:-1\" \/>\n<link rel=\"canonical\" href=\"https:\/\/firstbasegroundscrews.com\/pt-pt\/construcao-solar\/\" \/>\n<meta property=\"og:locale\" content=\"pt_PT\" \/>\n<meta property=\"og:type\" content=\"article\" \/>\n<meta property=\"og:title\" content=\"SOLAR - FIRST BASE Ground Screws\" \/>\n<meta property=\"og:description\" content=\"A FIRST BASE Solar pode fornecer a subestrutura e a coloca\u00e7\u00e3o de m\u00f3dulos do seu parque solar. Estamos envolvidos de A a Z para personalizar a configura\u00e7\u00e3o de acordo com suas necessidades.Procura uma constru\u00e7\u00e3o solar no solo e funda\u00e7\u00e3o para seus pain\u00e9is solares? Solicite um or\u00e7amento gratuito atrav\u00e9s do configurador solar.\" \/>\n<meta property=\"og:url\" content=\"https:\/\/firstbasegroundscrews.com\/pt-pt\/construcao-solar\/\" \/>\n<meta property=\"og:site_name\" content=\"FIRST BASE Ground Screws\" \/>\n<meta property=\"article:modified_time\" content=\"2026-03-10T14:47:07+00:00\" \/>\n<meta property=\"og:image\" content=\"https:\/\/firstbasegroundscrews.com\/wp-content\/uploads\/2019\/08\/header-solar.jpg\" \/>\n\t<meta property=\"og:image:width\" content=\"2259\" \/>\n\t<meta property=\"og:image:height\" content=\"800\" \/>\n\t<meta property=\"og:image:type\" content=\"image\/jpeg\" \/>\n<meta name=\"twitter:card\" content=\"summary_large_image\" \/>\n<meta name=\"twitter:label1\" content=\"Tempo estimado de leitura\" \/>\n\t<meta name=\"twitter:data1\" content=\"2 minutos\" \/>\n<script type=\"application\/ld+json\" class=\"yoast-schema-graph\">{\"@context\":\"https:\\\/\\\/schema.org\",\"@graph\":[{\"@type\":\"WebPage\",\"@id\":\"https:\\\/\\\/firstbasegroundscrews.com\\\/pt-pt\\\/construcao-solar\\\/\",\"url\":\"https:\\\/\\\/firstbasegroundscrews.com\\\/pt-pt\\\/construcao-solar\\\/\",\"name\":\"SOLAR - FIRST BASE Ground Screws\",\"isPartOf\":{\"@id\":\"https:\\\/\\\/firstbasegroundscrews.com\\\/pt-pt\\\/#website\"},\"primaryImageOfPage\":{\"@id\":\"https:\\\/\\\/firstbasegroundscrews.com\\\/pt-pt\\\/construcao-solar\\\/#primaryimage\"},\"image\":{\"@id\":\"https:\\\/\\\/firstbasegroundscrews.com\\\/pt-pt\\\/construcao-solar\\\/#primaryimage\"},\"thumbnailUrl\":\"https:\\\/\\\/firstbasegroundscrews.com\\\/wp-content\\\/uploads\\\/2019\\\/08\\\/header-solar.jpg\",\"datePublished\":\"2019-05-20T14:09:30+00:00\",\"dateModified\":\"2026-03-10T14:47:07+00:00\",\"description\":\"A FIRST BASE Solar pode fornecer a subestrutura e a coloca\u00e7\u00e3o de m\u00f3dulos do seu parque solar. Estamos envolvidos de A a Z para personalizar a configura\u00e7\u00e3o de acordo com suas necessidades.Procura uma constru\u00e7\u00e3o solar no solo e funda\u00e7\u00e3o para seus pain\u00e9is solares? Solicite um or\u00e7amento gratuito atrav\u00e9s do configurador solar.\",\"breadcrumb\":{\"@id\":\"https:\\\/\\\/firstbasegroundscrews.com\\\/pt-pt\\\/construcao-solar\\\/#breadcrumb\"},\"inLanguage\":\"pt-PT\",\"potentialAction\":[{\"@type\":\"ReadAction\",\"target\":[\"https:\\\/\\\/firstbasegroundscrews.com\\\/pt-pt\\\/construcao-solar\\\/\"]}]},{\"@type\":\"ImageObject\",\"inLanguage\":\"pt-PT\",\"@id\":\"https:\\\/\\\/firstbasegroundscrews.com\\\/pt-pt\\\/construcao-solar\\\/#primaryimage\",\"url\":\"https:\\\/\\\/firstbasegroundscrews.com\\\/wp-content\\\/uploads\\\/2019\\\/08\\\/header-solar.jpg\",\"contentUrl\":\"https:\\\/\\\/firstbasegroundscrews.com\\\/wp-content\\\/uploads\\\/2019\\\/08\\\/header-solar.jpg\",\"width\":2259,\"height\":800},{\"@type\":\"BreadcrumbList\",\"@id\":\"https:\\\/\\\/firstbasegroundscrews.com\\\/pt-pt\\\/construcao-solar\\\/#breadcrumb\",\"itemListElement\":[{\"@type\":\"ListItem\",\"position\":1,\"name\":\"Home\",\"item\":\"https:\\\/\\\/firstbasegroundscrews.com\\\/pt-pt\\\/\"},{\"@type\":\"ListItem\",\"position\":2,\"name\":\"SOLAR\"}]},{\"@type\":\"WebSite\",\"@id\":\"https:\\\/\\\/firstbasegroundscrews.com\\\/pt-pt\\\/#website\",\"url\":\"https:\\\/\\\/firstbasegroundscrews.com\\\/pt-pt\\\/\",\"name\":\"FIRST BASE Ground Screws\",\"description\":\"High quality ground screws for solid foundations\",\"potentialAction\":[{\"@type\":\"SearchAction\",\"target\":{\"@type\":\"EntryPoint\",\"urlTemplate\":\"https:\\\/\\\/firstbasegroundscrews.com\\\/pt-pt\\\/?s={search_term_string}\"},\"query-input\":{\"@type\":\"PropertyValueSpecification\",\"valueRequired\":true,\"valueName\":\"search_term_string\"}}],\"inLanguage\":\"pt-PT\"}]}<\/script>\n<!-- \/ Yoast SEO plugin. -->","yoast_head_json":{"title":"SOLAR - FIRST BASE Ground Screws","description":"A FIRST BASE Solar pode fornecer a subestrutura e a coloca\u00e7\u00e3o de m\u00f3dulos do seu parque solar. Estamos envolvidos de A a Z para personalizar a configura\u00e7\u00e3o de acordo com suas necessidades.Procura uma constru\u00e7\u00e3o solar no solo e funda\u00e7\u00e3o para seus pain\u00e9is solares? Solicite um or\u00e7amento gratuito atrav\u00e9s do configurador solar.","robots":{"index":"index","follow":"follow","max-snippet":"max-snippet:-1","max-image-preview":"max-image-preview:large","max-video-preview":"max-video-preview:-1"},"canonical":"https:\/\/firstbasegroundscrews.com\/pt-pt\/construcao-solar\/","og_locale":"pt_PT","og_type":"article","og_title":"SOLAR - FIRST BASE Ground Screws","og_description":"A FIRST BASE Solar pode fornecer a subestrutura e a coloca\u00e7\u00e3o de m\u00f3dulos do seu parque solar. Estamos envolvidos de A a Z para personalizar a configura\u00e7\u00e3o de acordo com suas necessidades.Procura uma constru\u00e7\u00e3o solar no solo e funda\u00e7\u00e3o para seus pain\u00e9is solares? Solicite um or\u00e7amento gratuito atrav\u00e9s do configurador solar.","og_url":"https:\/\/firstbasegroundscrews.com\/pt-pt\/construcao-solar\/","og_site_name":"FIRST BASE Ground Screws","article_modified_time":"2026-03-10T14:47:07+00:00","og_image":[{"width":2259,"height":800,"url":"https:\/\/firstbasegroundscrews.com\/wp-content\/uploads\/2019\/08\/header-solar.jpg","type":"image\/jpeg"}],"twitter_card":"summary_large_image","twitter_misc":{"Tempo estimado de leitura":"2 minutos"},"schema":{"@context":"https:\/\/schema.org","@graph":[{"@type":"WebPage","@id":"https:\/\/firstbasegroundscrews.com\/pt-pt\/construcao-solar\/","url":"https:\/\/firstbasegroundscrews.com\/pt-pt\/construcao-solar\/","name":"SOLAR - FIRST BASE Ground Screws","isPartOf":{"@id":"https:\/\/firstbasegroundscrews.com\/pt-pt\/#website"},"primaryImageOfPage":{"@id":"https:\/\/firstbasegroundscrews.com\/pt-pt\/construcao-solar\/#primaryimage"},"image":{"@id":"https:\/\/firstbasegroundscrews.com\/pt-pt\/construcao-solar\/#primaryimage"},"thumbnailUrl":"https:\/\/firstbasegroundscrews.com\/wp-content\/uploads\/2019\/08\/header-solar.jpg","datePublished":"2019-05-20T14:09:30+00:00","dateModified":"2026-03-10T14:47:07+00:00","description":"A FIRST BASE Solar pode fornecer a subestrutura e a coloca\u00e7\u00e3o de m\u00f3dulos do seu parque solar. Estamos envolvidos de A a Z para personalizar a configura\u00e7\u00e3o de acordo com suas necessidades.Procura uma constru\u00e7\u00e3o solar no solo e funda\u00e7\u00e3o para seus pain\u00e9is solares? Solicite um or\u00e7amento gratuito atrav\u00e9s do configurador solar.","breadcrumb":{"@id":"https:\/\/firstbasegroundscrews.com\/pt-pt\/construcao-solar\/#breadcrumb"},"inLanguage":"pt-PT","potentialAction":[{"@type":"ReadAction","target":["https:\/\/firstbasegroundscrews.com\/pt-pt\/construcao-solar\/"]}]},{"@type":"ImageObject","inLanguage":"pt-PT","@id":"https:\/\/firstbasegroundscrews.com\/pt-pt\/construcao-solar\/#primaryimage","url":"https:\/\/firstbasegroundscrews.com\/wp-content\/uploads\/2019\/08\/header-solar.jpg","contentUrl":"https:\/\/firstbasegroundscrews.com\/wp-content\/uploads\/2019\/08\/header-solar.jpg","width":2259,"height":800},{"@type":"BreadcrumbList","@id":"https:\/\/firstbasegroundscrews.com\/pt-pt\/construcao-solar\/#breadcrumb","itemListElement":[{"@type":"ListItem","position":1,"name":"Home","item":"https:\/\/firstbasegroundscrews.com\/pt-pt\/"},{"@type":"ListItem","position":2,"name":"SOLAR"}]},{"@type":"WebSite","@id":"https:\/\/firstbasegroundscrews.com\/pt-pt\/#website","url":"https:\/\/firstbasegroundscrews.com\/pt-pt\/","name":"FIRST BASE Ground Screws","description":"High quality ground screws for solid foundations","potentialAction":[{"@type":"SearchAction","target":{"@type":"EntryPoint","urlTemplate":"https:\/\/firstbasegroundscrews.com\/pt-pt\/?s={search_term_string}"},"query-input":{"@type":"PropertyValueSpecification","valueRequired":true,"valueName":"search_term_string"}}],"inLanguage":"pt-PT"}]}},"_links":{"self":[{"href":"https:\/\/firstbasegroundscrews.com\/pt-pt\/wp-json\/wp\/v2\/pages\/8555","targetHints":{"allow":["GET"]}}],"collection":[{"href":"https:\/\/firstbasegroundscrews.com\/pt-pt\/wp-json\/wp\/v2\/pages"}],"about":[{"href":"https:\/\/firstbasegroundscrews.com\/pt-pt\/wp-json\/wp\/v2\/types\/page"}],"author":[{"embeddable":true,"href":"https:\/\/firstbasegroundscrews.com\/pt-pt\/wp-json\/wp\/v2\/users\/1"}],"replies":[{"embeddable":true,"href":"https:\/\/firstbasegroundscrews.com\/pt-pt\/wp-json\/wp\/v2\/comments?post=8555"}],"version-history":[{"count":6,"href":"https:\/\/firstbasegroundscrews.com\/pt-pt\/wp-json\/wp\/v2\/pages\/8555\/revisions"}],"predecessor-version":[{"id":16453,"href":"https:\/\/firstbasegroundscrews.com\/pt-pt\/wp-json\/wp\/v2\/pages\/8555\/revisions\/16453"}],"wp:featuredmedia":[{"embeddable":true,"href":"https:\/\/firstbasegroundscrews.com\/pt-pt\/wp-json\/wp\/v2\/media\/4208"}],"wp:attachment":[{"href":"https:\/\/firstbasegroundscrews.com\/pt-pt\/wp-json\/wp\/v2\/media?parent=8555"}],"curies":[{"name":"wp","href":"https:\/\/api.w.org\/{rel}","templated":true}]}}