{"id":8547,"date":"2019-05-20T14:09:37","date_gmt":"2019-05-20T14:09:37","guid":{"rendered":"https:\/\/firstbasegroundscrews.com\/pro-series\/"},"modified":"2026-04-17T07:24:49","modified_gmt":"2026-04-17T07:24:49","slug":"pro-series","status":"publish","type":"page","link":"https:\/\/firstbasegroundscrews.com\/pt-pt\/pro-series\/","title":{"rendered":"PRO-Series"},"content":{"rendered":"\n<h2 class=\"wp-block-heading\"><strong>FIRST BASE PRO-Series<\/strong><\/h2>\n\n\n\n<p>A PRO-Series da FIRST BASE foi desenvolvida para capacidades de suporte de carga mais pesadas. Produzido de acordo com as normas EN-1090-2 e galvanizado termicamente, a serie Pro garante extrema estabilidade, com o benef\u00edcio extra de uma instala\u00e7\u00e3o f\u00e1cil (e&nbsp; r\u00e1pida!) Em qualquer tipo de solo. A solu\u00e7\u00e3o perfeita para constru\u00e7\u00f5es tempor\u00e1rias e permanentes.<\/p>\n\n\n\n<h3 class=\"wp-block-heading\"><strong>Os seus benef\u00edcios:<\/strong><\/h3>\n\n\n\n<ul class=\"wp-block-list\">\n<li>N\u00e3o \u00e9 necess\u00e1rio cimento (sem espera para secagem)<\/li>\n\n\n\n<li>Sem necessidade de equipamentos pesados<\/li>\n\n\n\n<li>Sem necessidade de manuten\u00e7\u00e3o (longa vida \u00fatil) <\/li>\n\n\n\n<li>Instala\u00e7\u00e3o r\u00e1pida (mesmo no inverno)<\/li>\n<\/ul>\n\n\n\n<div class=\"wp-block-buttons is-layout-flex wp-block-buttons-is-layout-flex\">\n<div class=\"wp-block-button\"><a class=\"wp-block-button__link wp-element-button\" href=\"https:\/\/firstbasegroundscrews.com\/pt-pt\/gama-de-produtos\/\"><strong>VER GAMA<\/strong><\/a><\/div>\n\n\n\n<div class=\"wp-block-button\"><a class=\"wp-block-button__link wp-element-button\" href=\"https:\/\/firstbasegroundscrews.com\/pt-pt\/contacto\/\"><strong>Solicite um or\u00e7amento<\/strong><\/a><\/div>\n<\/div>\n\n\n\n    <div class=\"applications-slider\" data-count=\"10\">\n      <div class=\"applications-slider__controls\">\n        <!--<div class=\"applications-slider__control\"><\/div>\n        <div class=\"applications-slider__control\"><\/div>-->\n        <div class=\"applications-slider__indicators\"><button class=\"applications-slider__indicator\" data-index=\"0\"><\/button><button class=\"applications-slider__indicator\" data-index=\"1\"><\/button><button class=\"applications-slider__indicator\" data-index=\"2\"><\/button><button class=\"applications-slider__indicator\" data-index=\"3\"><\/button><button class=\"applications-slider__indicator\" data-index=\"4\"><\/button><button class=\"applications-slider__indicator\" data-index=\"5\"><\/button><button class=\"applications-slider__indicator\" data-index=\"6\"><\/button><button class=\"applications-slider__indicator\" data-index=\"7\"><\/button><button class=\"applications-slider__indicator\" data-index=\"8\"><\/button><button class=\"applications-slider__indicator\" data-index=\"9\"><\/button><\/div>\n        <a href=\"https:\/\/firstbasegroundscrews.com\/pt-pt\/wp-json\/wp\/v2\/pages\/8547projetos\/\" class=\"fba-button\">\n          <span>ESTUDOS DE CASO<\/span>\n        <\/a>\n      <\/div>\n      <div class=\"applications-slider__content\">\n        \n    <a class=\"application--slider\" href=\"https:\/\/firstbasegroundscrews.com\/pt-pt\/projects\/casas-de-praia-landal-zeezigt\/\" data-index=\"0\">\n      <img decoding=\"async\" class=\"application__image wp-post-image\" src=\"https:\/\/firstbasegroundscrews.com\/wp-content\/uploads\/2026\/04\/Petten-Landal-1-Header-scaled-e1776069180563.jpg\" alt=\"Casas de praia Landal Zeezigt\">\n    <\/a>\n    \n    <a class=\"application--slider\" href=\"https:\/\/firstbasegroundscrews.com\/pt-pt\/projects\/duinrell-parque-de-ferias-familiar\/\" data-index=\"1\">\n      <img decoding=\"async\" class=\"application__image wp-post-image\" src=\"https:\/\/firstbasegroundscrews.com\/wp-content\/uploads\/2022\/11\/FIRSTBASE_DUINRELL-5-scaled.jpg\" alt=\"Duinrell parque de f\u00e9rias familiar\">\n    <\/a>\n    \n    <a class=\"application--slider\" href=\"https:\/\/firstbasegroundscrews.com\/pt-pt\/projects\/uma-base-solida-para-uma-grande-cobertura-de-membrana-com-a-kamst-roofs\/\" data-index=\"2\">\n      <img loading=\"lazy\" decoding=\"async\" width=\"1440\" height=\"1080\" src=\"https:\/\/firstbasegroundscrews.com\/wp-content\/uploads\/2025\/09\/Zeildoek-overkapping-scaled-1-1440x1080.jpeg\" class=\"application__image wp-post-image\" alt=\"\" srcset=\"https:\/\/firstbasegroundscrews.com\/wp-content\/uploads\/2025\/09\/Zeildoek-overkapping-scaled-1-1440x1080.jpeg 1440w, https:\/\/firstbasegroundscrews.com\/wp-content\/uploads\/2025\/09\/Zeildoek-overkapping-scaled-1-250x188.jpeg 250w, https:\/\/firstbasegroundscrews.com\/wp-content\/uploads\/2025\/09\/Zeildoek-overkapping-scaled-1-700x525.jpeg 700w, https:\/\/firstbasegroundscrews.com\/wp-content\/uploads\/2025\/09\/Zeildoek-overkapping-scaled-1-768x576.jpeg 768w, https:\/\/firstbasegroundscrews.com\/wp-content\/uploads\/2025\/09\/Zeildoek-overkapping-scaled-1-1536x1152.jpeg 1536w, https:\/\/firstbasegroundscrews.com\/wp-content\/uploads\/2025\/09\/Zeildoek-overkapping-scaled-1-2048x1536.jpeg 2048w, https:\/\/firstbasegroundscrews.com\/wp-content\/uploads\/2025\/09\/Zeildoek-overkapping-scaled-1-400x300.jpeg 400w, https:\/\/firstbasegroundscrews.com\/wp-content\/uploads\/2025\/09\/Zeildoek-overkapping-scaled-1-120x90.jpeg 120w, https:\/\/firstbasegroundscrews.com\/wp-content\/uploads\/2025\/09\/Zeildoek-overkapping-scaled-1-267x200.jpeg 267w\" sizes=\"auto, (max-width: 1440px) 100vw, 1440px\" \/>\n    <\/a>\n    \n    <a class=\"application--slider\" href=\"https:\/\/firstbasegroundscrews.com\/pt-pt\/projects\/verandaservice-uma-decada-de-fundacoes-solidas-com-as-estacas-de-parafuso-da-first-base\/\" data-index=\"3\">\n      <img loading=\"lazy\" decoding=\"async\" width=\"1600\" height=\"900\" src=\"https:\/\/firstbasegroundscrews.com\/wp-content\/uploads\/2025\/05\/Verandaservice-Wil.jpeg\" class=\"application__image wp-post-image\" alt=\"\" srcset=\"https:\/\/firstbasegroundscrews.com\/wp-content\/uploads\/2025\/05\/Verandaservice-Wil.jpeg 1600w, https:\/\/firstbasegroundscrews.com\/wp-content\/uploads\/2025\/05\/Verandaservice-Wil-250x141.jpeg 250w, https:\/\/firstbasegroundscrews.com\/wp-content\/uploads\/2025\/05\/Verandaservice-Wil-700x394.jpeg 700w, https:\/\/firstbasegroundscrews.com\/wp-content\/uploads\/2025\/05\/Verandaservice-Wil-768x432.jpeg 768w, https:\/\/firstbasegroundscrews.com\/wp-content\/uploads\/2025\/05\/Verandaservice-Wil-1536x864.jpeg 1536w, https:\/\/firstbasegroundscrews.com\/wp-content\/uploads\/2025\/05\/Verandaservice-Wil-400x225.jpeg 400w, https:\/\/firstbasegroundscrews.com\/wp-content\/uploads\/2025\/05\/Verandaservice-Wil-120x68.jpeg 120w, https:\/\/firstbasegroundscrews.com\/wp-content\/uploads\/2025\/05\/Verandaservice-Wil-356x200.jpeg 356w\" sizes=\"auto, (max-width: 1600px) 100vw, 1600px\" \/>\n    <\/a>\n    \n    <a class=\"application--slider\" href=\"https:\/\/firstbasegroundscrews.com\/pt-pt\/projects\/parque-de-ferias\/\" data-index=\"4\">\n      <img loading=\"lazy\" decoding=\"async\" width=\"1920\" height=\"1080\" src=\"https:\/\/firstbasegroundscrews.com\/wp-content\/uploads\/2022\/10\/Roompot-Zeeland-FIRST-BASE-Ground-Screws-2-scaled.jpg\" class=\"application__image wp-post-image\" alt=\"\" srcset=\"https:\/\/firstbasegroundscrews.com\/wp-content\/uploads\/2022\/10\/Roompot-Zeeland-FIRST-BASE-Ground-Screws-2-scaled.jpg 2560w, https:\/\/firstbasegroundscrews.com\/wp-content\/uploads\/2022\/10\/Roompot-Zeeland-FIRST-BASE-Ground-Screws-2-250x141.jpg 250w, https:\/\/firstbasegroundscrews.com\/wp-content\/uploads\/2022\/10\/Roompot-Zeeland-FIRST-BASE-Ground-Screws-2-700x394.jpg 700w, https:\/\/firstbasegroundscrews.com\/wp-content\/uploads\/2022\/10\/Roompot-Zeeland-FIRST-BASE-Ground-Screws-2-768x432.jpg 768w, https:\/\/firstbasegroundscrews.com\/wp-content\/uploads\/2022\/10\/Roompot-Zeeland-FIRST-BASE-Ground-Screws-2-1536x864.jpg 1536w, https:\/\/firstbasegroundscrews.com\/wp-content\/uploads\/2022\/10\/Roompot-Zeeland-FIRST-BASE-Ground-Screws-2-2048x1152.jpg 2048w, https:\/\/firstbasegroundscrews.com\/wp-content\/uploads\/2022\/10\/Roompot-Zeeland-FIRST-BASE-Ground-Screws-2-120x68.jpg 120w, https:\/\/firstbasegroundscrews.com\/wp-content\/uploads\/2022\/10\/Roompot-Zeeland-FIRST-BASE-Ground-Screws-2-356x200.jpg 356w\" sizes=\"auto, (max-width: 1920px) 100vw, 1920px\" \/>\n    <\/a>\n    \n    <a class=\"application--slider\" href=\"https:\/\/firstbasegroundscrews.com\/pt-pt\/projects\/projeto-marker-wadden\/\" data-index=\"5\">\n      <img loading=\"lazy\" decoding=\"async\" width=\"1619\" height=\"1080\" src=\"https:\/\/firstbasegroundscrews.com\/wp-content\/uploads\/2022\/10\/Marker-Wadden-FIRST-BASE-Ground-screws-1.jpg\" class=\"application__image wp-post-image\" alt=\"\" srcset=\"https:\/\/firstbasegroundscrews.com\/wp-content\/uploads\/2022\/10\/Marker-Wadden-FIRST-BASE-Ground-screws-1.jpg 1920w, https:\/\/firstbasegroundscrews.com\/wp-content\/uploads\/2022\/10\/Marker-Wadden-FIRST-BASE-Ground-screws-1-250x167.jpg 250w, https:\/\/firstbasegroundscrews.com\/wp-content\/uploads\/2022\/10\/Marker-Wadden-FIRST-BASE-Ground-screws-1-700x467.jpg 700w, https:\/\/firstbasegroundscrews.com\/wp-content\/uploads\/2022\/10\/Marker-Wadden-FIRST-BASE-Ground-screws-1-768x512.jpg 768w, https:\/\/firstbasegroundscrews.com\/wp-content\/uploads\/2022\/10\/Marker-Wadden-FIRST-BASE-Ground-screws-1-1536x1025.jpg 1536w, https:\/\/firstbasegroundscrews.com\/wp-content\/uploads\/2022\/10\/Marker-Wadden-FIRST-BASE-Ground-screws-1-120x80.jpg 120w, https:\/\/firstbasegroundscrews.com\/wp-content\/uploads\/2022\/10\/Marker-Wadden-FIRST-BASE-Ground-screws-1-300x200.jpg 300w\" sizes=\"auto, (max-width: 1619px) 100vw, 1619px\" \/>\n    <\/a>\n    \n    <a class=\"application--slider\" href=\"https:\/\/firstbasegroundscrews.com\/pt-pt\/projects\/parque-de-ferias-gulpen\/\" data-index=\"6\">\n      <img loading=\"lazy\" decoding=\"async\" width=\"1638\" height=\"1080\" src=\"https:\/\/firstbasegroundscrews.com\/wp-content\/uploads\/2022\/10\/Holiday-resort-Qurios-FIRST-BASE-Ground-screws-2.jpg\" class=\"application__image wp-post-image\" alt=\"\" srcset=\"https:\/\/firstbasegroundscrews.com\/wp-content\/uploads\/2022\/10\/Holiday-resort-Qurios-FIRST-BASE-Ground-screws-2.jpg 1920w, https:\/\/firstbasegroundscrews.com\/wp-content\/uploads\/2022\/10\/Holiday-resort-Qurios-FIRST-BASE-Ground-screws-2-250x165.jpg 250w, https:\/\/firstbasegroundscrews.com\/wp-content\/uploads\/2022\/10\/Holiday-resort-Qurios-FIRST-BASE-Ground-screws-2-700x462.jpg 700w, https:\/\/firstbasegroundscrews.com\/wp-content\/uploads\/2022\/10\/Holiday-resort-Qurios-FIRST-BASE-Ground-screws-2-768x506.jpg 768w, https:\/\/firstbasegroundscrews.com\/wp-content\/uploads\/2022\/10\/Holiday-resort-Qurios-FIRST-BASE-Ground-screws-2-1536x1013.jpg 1536w, https:\/\/firstbasegroundscrews.com\/wp-content\/uploads\/2022\/10\/Holiday-resort-Qurios-FIRST-BASE-Ground-screws-2-120x79.jpg 120w, https:\/\/firstbasegroundscrews.com\/wp-content\/uploads\/2022\/10\/Holiday-resort-Qurios-FIRST-BASE-Ground-screws-2-303x200.jpg 303w\" sizes=\"auto, (max-width: 1638px) 100vw, 1638px\" \/>\n    <\/a>\n    \n    <a class=\"application--slider\" href=\"https:\/\/firstbasegroundscrews.com\/pt-pt\/projects\/casa-de-ferias\/\" data-index=\"7\">\n      <img loading=\"lazy\" decoding=\"async\" width=\"1600\" height=\"1066\" src=\"https:\/\/firstbasegroundscrews.com\/wp-content\/uploads\/2022\/10\/wonen-aan-het-water-strandvilla.jpg\" class=\"application__image wp-post-image\" alt=\"\" srcset=\"https:\/\/firstbasegroundscrews.com\/wp-content\/uploads\/2022\/10\/wonen-aan-het-water-strandvilla.jpg 1600w, https:\/\/firstbasegroundscrews.com\/wp-content\/uploads\/2022\/10\/wonen-aan-het-water-strandvilla-250x167.jpg 250w, https:\/\/firstbasegroundscrews.com\/wp-content\/uploads\/2022\/10\/wonen-aan-het-water-strandvilla-700x466.jpg 700w, https:\/\/firstbasegroundscrews.com\/wp-content\/uploads\/2022\/10\/wonen-aan-het-water-strandvilla-768x512.jpg 768w, https:\/\/firstbasegroundscrews.com\/wp-content\/uploads\/2022\/10\/wonen-aan-het-water-strandvilla-1536x1023.jpg 1536w, https:\/\/firstbasegroundscrews.com\/wp-content\/uploads\/2022\/10\/wonen-aan-het-water-strandvilla-120x80.jpg 120w, https:\/\/firstbasegroundscrews.com\/wp-content\/uploads\/2022\/10\/wonen-aan-het-water-strandvilla-300x200.jpg 300w\" sizes=\"auto, (max-width: 1600px) 100vw, 1600px\" \/>\n    <\/a>\n    \n    <a class=\"application--slider\" href=\"https:\/\/firstbasegroundscrews.com\/pt-pt\/projects\/parque-de-ferias-isle-of-wight\/\" data-index=\"8\">\n      <img decoding=\"async\" class=\"application__image wp-post-image\" src=\"https:\/\/firstbasegroundscrews.com\/wp-content\/uploads\/2022\/10\/C2_8889-e1664807192963.jpg\" alt=\"Parque de f\u00e9rias Isle of Wight\">\n    <\/a>\n    \n    <a class=\"application--slider\" href=\"https:\/\/firstbasegroundscrews.com\/pt-pt\/projects\/casa-na-arvore\/\" data-index=\"9\">\n      <img decoding=\"async\" class=\"application__image wp-post-image\" src=\"https:\/\/firstbasegroundscrews.com\/wp-content\/uploads\/2022\/04\/Boomhut.nl-4.jpeg\" alt=\"Casa na \u00e1rvore\">\n    <\/a>\n    \n      <\/div>\n    <\/div>\n    \n\n\n\n<p><\/p>\n","protected":false},"excerpt":{"rendered":"Produzidas de acordo com as normas EN-1090-2. As estacas de parafuso da FIRST BASE garantem uma base s\u00f3lida. Al\u00e9m de fornecer funda\u00e7\u00f5es de parafuso, podemos projetar, produzir e instalar estruturas de suporte em a\u00e7o para seus pain\u00e9is solares. Tamb\u00e9m podemos fornecer equipamentos de instala\u00e7\u00e3o e teste para determinar a capacidade de carga da funda\u00e7\u00e3o de parafuso.","protected":false},"author":1,"featured_media":4204,"parent":0,"menu_order":0,"comment_status":"closed","ping_status":"closed","template":"","meta":{"_acf_changed":false,"footnotes":""},"class_list":["post-8547","page","type-page","status-publish","has-post-thumbnail","hentry"],"acf":[],"yoast_head":"<!-- This site is optimized with the Yoast SEO plugin v27.3 - https:\/\/yoast.com\/product\/yoast-seo-wordpress\/ -->\n<title>PRO-Series - FIRST BASE Ground Screws<\/title>\n<meta name=\"description\" content=\"A PRO-Series foi desenvolvida para capacidades de carga mais pesadas. A solu\u00e7\u00e3o perfeita para constru\u00e7\u00f5es tempor\u00e1rias e permanentes.\" \/>\n<meta name=\"robots\" content=\"index, follow, max-snippet:-1, max-image-preview:large, max-video-preview:-1\" \/>\n<link rel=\"canonical\" href=\"https:\/\/firstbasegroundscrews.com\/pt-pt\/pro-series\/\" \/>\n<meta property=\"og:locale\" content=\"pt_PT\" \/>\n<meta property=\"og:type\" content=\"article\" \/>\n<meta property=\"og:title\" content=\"PRO-Series - FIRST BASE Ground Screws\" \/>\n<meta property=\"og:description\" content=\"A PRO-Series foi desenvolvida para capacidades de carga mais pesadas. A solu\u00e7\u00e3o perfeita para constru\u00e7\u00f5es tempor\u00e1rias e permanentes.\" \/>\n<meta property=\"og:url\" content=\"https:\/\/firstbasegroundscrews.com\/pt-pt\/pro-series\/\" \/>\n<meta property=\"og:site_name\" content=\"FIRST BASE Ground Screws\" \/>\n<meta property=\"article:modified_time\" content=\"2026-04-17T07:24:49+00:00\" \/>\n<meta property=\"og:image\" content=\"https:\/\/firstbasegroundscrews.com\/wp-content\/uploads\/2019\/08\/header-pro.jpg\" \/>\n\t<meta property=\"og:image:width\" content=\"2259\" \/>\n\t<meta property=\"og:image:height\" content=\"800\" \/>\n\t<meta property=\"og:image:type\" content=\"image\/jpeg\" \/>\n<meta name=\"twitter:card\" content=\"summary_large_image\" \/>\n<meta name=\"twitter:label1\" content=\"Tempo estimado de leitura\" \/>\n\t<meta name=\"twitter:data1\" content=\"1 minuto\" \/>\n<script type=\"application\/ld+json\" class=\"yoast-schema-graph\">{\"@context\":\"https:\\\/\\\/schema.org\",\"@graph\":[{\"@type\":\"WebPage\",\"@id\":\"https:\\\/\\\/firstbasegroundscrews.com\\\/pt-pt\\\/pro-series\\\/\",\"url\":\"https:\\\/\\\/firstbasegroundscrews.com\\\/pt-pt\\\/pro-series\\\/\",\"name\":\"PRO-Series - FIRST BASE Ground Screws\",\"isPartOf\":{\"@id\":\"https:\\\/\\\/firstbasegroundscrews.com\\\/pt-pt\\\/#website\"},\"primaryImageOfPage\":{\"@id\":\"https:\\\/\\\/firstbasegroundscrews.com\\\/pt-pt\\\/pro-series\\\/#primaryimage\"},\"image\":{\"@id\":\"https:\\\/\\\/firstbasegroundscrews.com\\\/pt-pt\\\/pro-series\\\/#primaryimage\"},\"thumbnailUrl\":\"https:\\\/\\\/firstbasegroundscrews.com\\\/wp-content\\\/uploads\\\/2019\\\/08\\\/header-pro.jpg\",\"datePublished\":\"2019-05-20T14:09:37+00:00\",\"dateModified\":\"2026-04-17T07:24:49+00:00\",\"description\":\"A PRO-Series foi desenvolvida para capacidades de carga mais pesadas. A solu\u00e7\u00e3o perfeita para constru\u00e7\u00f5es tempor\u00e1rias e permanentes.\",\"breadcrumb\":{\"@id\":\"https:\\\/\\\/firstbasegroundscrews.com\\\/pt-pt\\\/pro-series\\\/#breadcrumb\"},\"inLanguage\":\"pt-PT\",\"potentialAction\":[{\"@type\":\"ReadAction\",\"target\":[\"https:\\\/\\\/firstbasegroundscrews.com\\\/pt-pt\\\/pro-series\\\/\"]}]},{\"@type\":\"ImageObject\",\"inLanguage\":\"pt-PT\",\"@id\":\"https:\\\/\\\/firstbasegroundscrews.com\\\/pt-pt\\\/pro-series\\\/#primaryimage\",\"url\":\"https:\\\/\\\/firstbasegroundscrews.com\\\/wp-content\\\/uploads\\\/2019\\\/08\\\/header-pro.jpg\",\"contentUrl\":\"https:\\\/\\\/firstbasegroundscrews.com\\\/wp-content\\\/uploads\\\/2019\\\/08\\\/header-pro.jpg\",\"width\":2259,\"height\":800},{\"@type\":\"BreadcrumbList\",\"@id\":\"https:\\\/\\\/firstbasegroundscrews.com\\\/pt-pt\\\/pro-series\\\/#breadcrumb\",\"itemListElement\":[{\"@type\":\"ListItem\",\"position\":1,\"name\":\"Home\",\"item\":\"https:\\\/\\\/firstbasegroundscrews.com\\\/pt-pt\\\/\"},{\"@type\":\"ListItem\",\"position\":2,\"name\":\"PRO-Series\"}]},{\"@type\":\"WebSite\",\"@id\":\"https:\\\/\\\/firstbasegroundscrews.com\\\/pt-pt\\\/#website\",\"url\":\"https:\\\/\\\/firstbasegroundscrews.com\\\/pt-pt\\\/\",\"name\":\"FIRST BASE Ground Screws\",\"description\":\"High quality ground screws for solid foundations\",\"potentialAction\":[{\"@type\":\"SearchAction\",\"target\":{\"@type\":\"EntryPoint\",\"urlTemplate\":\"https:\\\/\\\/firstbasegroundscrews.com\\\/pt-pt\\\/?s={search_term_string}\"},\"query-input\":{\"@type\":\"PropertyValueSpecification\",\"valueRequired\":true,\"valueName\":\"search_term_string\"}}],\"inLanguage\":\"pt-PT\"}]}<\/script>\n<!-- \/ Yoast SEO plugin. -->","yoast_head_json":{"title":"PRO-Series - FIRST BASE Ground Screws","description":"A PRO-Series foi desenvolvida para capacidades de carga mais pesadas. A solu\u00e7\u00e3o perfeita para constru\u00e7\u00f5es tempor\u00e1rias e permanentes.","robots":{"index":"index","follow":"follow","max-snippet":"max-snippet:-1","max-image-preview":"max-image-preview:large","max-video-preview":"max-video-preview:-1"},"canonical":"https:\/\/firstbasegroundscrews.com\/pt-pt\/pro-series\/","og_locale":"pt_PT","og_type":"article","og_title":"PRO-Series - FIRST BASE Ground Screws","og_description":"A PRO-Series foi desenvolvida para capacidades de carga mais pesadas. A solu\u00e7\u00e3o perfeita para constru\u00e7\u00f5es tempor\u00e1rias e permanentes.","og_url":"https:\/\/firstbasegroundscrews.com\/pt-pt\/pro-series\/","og_site_name":"FIRST BASE Ground Screws","article_modified_time":"2026-04-17T07:24:49+00:00","og_image":[{"width":2259,"height":800,"url":"https:\/\/firstbasegroundscrews.com\/wp-content\/uploads\/2019\/08\/header-pro.jpg","type":"image\/jpeg"}],"twitter_card":"summary_large_image","twitter_misc":{"Tempo estimado de leitura":"1 minuto"},"schema":{"@context":"https:\/\/schema.org","@graph":[{"@type":"WebPage","@id":"https:\/\/firstbasegroundscrews.com\/pt-pt\/pro-series\/","url":"https:\/\/firstbasegroundscrews.com\/pt-pt\/pro-series\/","name":"PRO-Series - FIRST BASE Ground Screws","isPartOf":{"@id":"https:\/\/firstbasegroundscrews.com\/pt-pt\/#website"},"primaryImageOfPage":{"@id":"https:\/\/firstbasegroundscrews.com\/pt-pt\/pro-series\/#primaryimage"},"image":{"@id":"https:\/\/firstbasegroundscrews.com\/pt-pt\/pro-series\/#primaryimage"},"thumbnailUrl":"https:\/\/firstbasegroundscrews.com\/wp-content\/uploads\/2019\/08\/header-pro.jpg","datePublished":"2019-05-20T14:09:37+00:00","dateModified":"2026-04-17T07:24:49+00:00","description":"A PRO-Series foi desenvolvida para capacidades de carga mais pesadas. A solu\u00e7\u00e3o perfeita para constru\u00e7\u00f5es tempor\u00e1rias e permanentes.","breadcrumb":{"@id":"https:\/\/firstbasegroundscrews.com\/pt-pt\/pro-series\/#breadcrumb"},"inLanguage":"pt-PT","potentialAction":[{"@type":"ReadAction","target":["https:\/\/firstbasegroundscrews.com\/pt-pt\/pro-series\/"]}]},{"@type":"ImageObject","inLanguage":"pt-PT","@id":"https:\/\/firstbasegroundscrews.com\/pt-pt\/pro-series\/#primaryimage","url":"https:\/\/firstbasegroundscrews.com\/wp-content\/uploads\/2019\/08\/header-pro.jpg","contentUrl":"https:\/\/firstbasegroundscrews.com\/wp-content\/uploads\/2019\/08\/header-pro.jpg","width":2259,"height":800},{"@type":"BreadcrumbList","@id":"https:\/\/firstbasegroundscrews.com\/pt-pt\/pro-series\/#breadcrumb","itemListElement":[{"@type":"ListItem","position":1,"name":"Home","item":"https:\/\/firstbasegroundscrews.com\/pt-pt\/"},{"@type":"ListItem","position":2,"name":"PRO-Series"}]},{"@type":"WebSite","@id":"https:\/\/firstbasegroundscrews.com\/pt-pt\/#website","url":"https:\/\/firstbasegroundscrews.com\/pt-pt\/","name":"FIRST BASE Ground Screws","description":"High quality ground screws for solid foundations","potentialAction":[{"@type":"SearchAction","target":{"@type":"EntryPoint","urlTemplate":"https:\/\/firstbasegroundscrews.com\/pt-pt\/?s={search_term_string}"},"query-input":{"@type":"PropertyValueSpecification","valueRequired":true,"valueName":"search_term_string"}}],"inLanguage":"pt-PT"}]}},"_links":{"self":[{"href":"https:\/\/firstbasegroundscrews.com\/pt-pt\/wp-json\/wp\/v2\/pages\/8547","targetHints":{"allow":["GET"]}}],"collection":[{"href":"https:\/\/firstbasegroundscrews.com\/pt-pt\/wp-json\/wp\/v2\/pages"}],"about":[{"href":"https:\/\/firstbasegroundscrews.com\/pt-pt\/wp-json\/wp\/v2\/types\/page"}],"author":[{"embeddable":true,"href":"https:\/\/firstbasegroundscrews.com\/pt-pt\/wp-json\/wp\/v2\/users\/1"}],"replies":[{"embeddable":true,"href":"https:\/\/firstbasegroundscrews.com\/pt-pt\/wp-json\/wp\/v2\/comments?post=8547"}],"version-history":[{"count":7,"href":"https:\/\/firstbasegroundscrews.com\/pt-pt\/wp-json\/wp\/v2\/pages\/8547\/revisions"}],"predecessor-version":[{"id":17428,"href":"https:\/\/firstbasegroundscrews.com\/pt-pt\/wp-json\/wp\/v2\/pages\/8547\/revisions\/17428"}],"wp:featuredmedia":[{"embeddable":true,"href":"https:\/\/firstbasegroundscrews.com\/pt-pt\/wp-json\/wp\/v2\/media\/4204"}],"wp:attachment":[{"href":"https:\/\/firstbasegroundscrews.com\/pt-pt\/wp-json\/wp\/v2\/media?parent=8547"}],"curies":[{"name":"wp","href":"https:\/\/api.w.org\/{rel}","templated":true}]}}