{"id":8541,"date":"2019-05-16T13:46:32","date_gmt":"2019-05-16T13:46:32","guid":{"rendered":"https:\/\/firstbasegroundscrews.com\/hoogwaardige-schroeffundering-voor-een-solide-basis\/"},"modified":"2026-04-28T15:10:48","modified_gmt":"2026-04-28T15:10:48","slug":"alta-qualidade-parafusos-solo-para-fundacoes-solidas","status":"publish","type":"page","link":"https:\/\/firstbasegroundscrews.com\/pt-pt\/","title":{"rendered":"Parafusos de solo de elevada qualidadepara funda\u00e7\u00f5es s\u00f3lidas"},"content":{"rendered":"\n<h2 class=\"wp-block-heading\"><strong>Por que FIRST BASE Ground Screws?<\/strong><\/h2>\n\n\n\n<p>A FIRST BASE \u00e9 uma fornecedora grossista de parafusos de funda\u00e7\u00e3o e acess\u00f3rios, combinada com especializa\u00e7\u00e3o geot\u00e9cnica interna. Apoiamos profissionais com solu\u00e7\u00f5es de funda\u00e7\u00e3o fi\u00e1veis, sem a utiliza\u00e7\u00e3o de bet\u00e3o.<\/p>\n\n\n\n<p>Os beneficios<\/p>\n\n\n\n<ul class=\"wp-block-list\">\n<li>Amplia gama de produtos<\/li>\n\n\n\n<li>Entrega r\u00e1pida a partir do stock<\/li>\n\n\n\n<li>Parafusos de funda\u00e7\u00e3o certificados com qualidade consistente<\/li>\n\n\n\n<li>C\u00e1lculos de capacidade de carga de acordo com as normas Eurocodes<\/li>\n\n\n\n<li>Um parceiro para fornecimento e suporte t\u00e9cnico<\/li>\n<\/ul>\n\n\n\n<div class=\"wp-block-buttons is-layout-flex wp-block-buttons-is-layout-flex\">\n<div class=\"wp-block-button\"><a class=\"wp-block-button__link wp-element-button\" href=\"https:\/\/firstbasegroundscrews.com\/pt-pt\/contacto\/\"><strong>Solicite um or\u00e7amento<\/strong><\/a><\/div>\n<\/div>\n","protected":false},"excerpt":{"rendered":"Por que FIRST BASE Ground Screws? A FIRST BASE \u00e9 uma fornecedora grossista de parafusos de funda\u00e7\u00e3o e acess\u00f3rios, combinada com especializa\u00e7\u00e3o geot\u00e9cnica interna. Apoiamos profissionais com solu\u00e7\u00f5es de funda\u00e7\u00e3o fi\u00e1veis, sem a utiliza\u00e7\u00e3o de bet\u00e3o. Os beneficios","protected":false},"author":1,"featured_media":4816,"parent":0,"menu_order":0,"comment_status":"closed","ping_status":"closed","template":"","meta":{"_acf_changed":false,"footnotes":""},"class_list":["post-8541","page","type-page","status-publish","has-post-thumbnail","hentry"],"acf":[],"yoast_head":"<!-- This site is optimized with the Yoast SEO plugin v27.3 - https:\/\/yoast.com\/product\/yoast-seo-wordpress\/ -->\n<title>Funda\u00e7\u00f5es s\u00f3lidas \u2013 FIRST BASE Ground Screws<\/title>\n<meta name=\"description\" content=\"A FIRST BASE \u00e9 uma fornecedora grossista de parafusos de funda\u00e7\u00e3o e acess\u00f3rios, combinada com especializa\u00e7\u00e3o geot\u00e9cnica interna. Apoiamos profissionais com solu\u00e7\u00f5es de funda\u00e7\u00e3o fi\u00e1veis, sem a utiliza\u00e7\u00e3o de bet\u00e3o.\" \/>\n<meta name=\"robots\" content=\"index, follow, max-snippet:-1, max-image-preview:large, max-video-preview:-1\" \/>\n<link rel=\"canonical\" href=\"https:\/\/firstbasegroundscrews.com\/pt-pt\/\" \/>\n<meta property=\"og:locale\" content=\"pt_PT\" \/>\n<meta property=\"og:type\" content=\"article\" \/>\n<meta property=\"og:title\" content=\"Funda\u00e7\u00f5es s\u00f3lidas \u2013 FIRST BASE Ground Screws\" \/>\n<meta property=\"og:description\" content=\"A FIRST BASE \u00e9 uma fornecedora grossista de parafusos de funda\u00e7\u00e3o e acess\u00f3rios, combinada com especializa\u00e7\u00e3o geot\u00e9cnica interna. Apoiamos profissionais com solu\u00e7\u00f5es de funda\u00e7\u00e3o fi\u00e1veis, sem a utiliza\u00e7\u00e3o de bet\u00e3o.\" \/>\n<meta property=\"og:url\" content=\"https:\/\/firstbasegroundscrews.com\/pt-pt\/\" \/>\n<meta property=\"og:site_name\" content=\"FIRST BASE Ground Screws\" \/>\n<meta property=\"article:modified_time\" content=\"2026-04-28T15:10:48+00:00\" \/>\n<meta property=\"og:image\" content=\"https:\/\/firstbasegroundscrews.com\/wp-content\/uploads\/2020\/07\/FIRST-BASE-DO-IT-YOURSELF-scaled-e1594974702289.jpg\" \/>\n\t<meta property=\"og:image:width\" content=\"2105\" \/>\n\t<meta property=\"og:image:height\" content=\"1344\" \/>\n\t<meta property=\"og:image:type\" content=\"image\/jpeg\" \/>\n<meta name=\"twitter:card\" content=\"summary_large_image\" \/>\n<meta name=\"twitter:label1\" content=\"Tempo estimado de leitura\" \/>\n\t<meta name=\"twitter:data1\" content=\"1 minuto\" \/>\n<script type=\"application\/ld+json\" class=\"yoast-schema-graph\">{\"@context\":\"https:\\\/\\\/schema.org\",\"@graph\":[{\"@type\":\"WebPage\",\"@id\":\"https:\\\/\\\/firstbasegroundscrews.com\\\/pt-pt\\\/\",\"url\":\"https:\\\/\\\/firstbasegroundscrews.com\\\/pt-pt\\\/\",\"name\":\"Funda\u00e7\u00f5es s\u00f3lidas \u2013 FIRST BASE Ground Screws\",\"isPartOf\":{\"@id\":\"https:\\\/\\\/firstbasegroundscrews.com\\\/pt-pt\\\/#website\"},\"primaryImageOfPage\":{\"@id\":\"https:\\\/\\\/firstbasegroundscrews.com\\\/pt-pt\\\/#primaryimage\"},\"image\":{\"@id\":\"https:\\\/\\\/firstbasegroundscrews.com\\\/pt-pt\\\/#primaryimage\"},\"thumbnailUrl\":\"https:\\\/\\\/firstbasegroundscrews.com\\\/wp-content\\\/uploads\\\/2020\\\/07\\\/FIRST-BASE-DO-IT-YOURSELF-scaled-e1594974702289.jpg\",\"datePublished\":\"2019-05-16T13:46:32+00:00\",\"dateModified\":\"2026-04-28T15:10:48+00:00\",\"description\":\"A FIRST BASE \u00e9 uma fornecedora grossista de parafusos de funda\u00e7\u00e3o e acess\u00f3rios, combinada com especializa\u00e7\u00e3o geot\u00e9cnica interna. Apoiamos profissionais com solu\u00e7\u00f5es de funda\u00e7\u00e3o fi\u00e1veis, sem a utiliza\u00e7\u00e3o de bet\u00e3o.\",\"breadcrumb\":{\"@id\":\"https:\\\/\\\/firstbasegroundscrews.com\\\/pt-pt\\\/#breadcrumb\"},\"inLanguage\":\"pt-PT\",\"potentialAction\":[{\"@type\":\"ReadAction\",\"target\":[\"https:\\\/\\\/firstbasegroundscrews.com\\\/pt-pt\\\/\"]}]},{\"@type\":\"ImageObject\",\"inLanguage\":\"pt-PT\",\"@id\":\"https:\\\/\\\/firstbasegroundscrews.com\\\/pt-pt\\\/#primaryimage\",\"url\":\"https:\\\/\\\/firstbasegroundscrews.com\\\/wp-content\\\/uploads\\\/2020\\\/07\\\/FIRST-BASE-DO-IT-YOURSELF-scaled-e1594974702289.jpg\",\"contentUrl\":\"https:\\\/\\\/firstbasegroundscrews.com\\\/wp-content\\\/uploads\\\/2020\\\/07\\\/FIRST-BASE-DO-IT-YOURSELF-scaled-e1594974702289.jpg\",\"width\":2105,\"height\":1344,\"caption\":\"Schroeffundamenten voor allerlei toepassingen.\"},{\"@type\":\"BreadcrumbList\",\"@id\":\"https:\\\/\\\/firstbasegroundscrews.com\\\/pt-pt\\\/#breadcrumb\",\"itemListElement\":[{\"@type\":\"ListItem\",\"position\":1,\"name\":\"Home\",\"item\":\"https:\\\/\\\/firstbasegroundscrews.com\\\/pt-pt\\\/\"},{\"@type\":\"ListItem\",\"position\":2,\"name\":\"Parafusos de solo de elevada qualidadepara funda\u00e7\u00f5es s\u00f3lidas\"}]},{\"@type\":\"WebSite\",\"@id\":\"https:\\\/\\\/firstbasegroundscrews.com\\\/pt-pt\\\/#website\",\"url\":\"https:\\\/\\\/firstbasegroundscrews.com\\\/pt-pt\\\/\",\"name\":\"FIRST BASE Ground Screws\",\"description\":\"High quality ground screws for solid foundations\",\"potentialAction\":[{\"@type\":\"SearchAction\",\"target\":{\"@type\":\"EntryPoint\",\"urlTemplate\":\"https:\\\/\\\/firstbasegroundscrews.com\\\/pt-pt\\\/?s={search_term_string}\"},\"query-input\":{\"@type\":\"PropertyValueSpecification\",\"valueRequired\":true,\"valueName\":\"search_term_string\"}}],\"inLanguage\":\"pt-PT\"}]}<\/script>\n<!-- \/ Yoast SEO plugin. -->","yoast_head_json":{"title":"Funda\u00e7\u00f5es s\u00f3lidas \u2013 FIRST BASE Ground Screws","description":"A FIRST BASE \u00e9 uma fornecedora grossista de parafusos de funda\u00e7\u00e3o e acess\u00f3rios, combinada com especializa\u00e7\u00e3o geot\u00e9cnica interna. Apoiamos profissionais com solu\u00e7\u00f5es de funda\u00e7\u00e3o fi\u00e1veis, sem a utiliza\u00e7\u00e3o de bet\u00e3o.","robots":{"index":"index","follow":"follow","max-snippet":"max-snippet:-1","max-image-preview":"max-image-preview:large","max-video-preview":"max-video-preview:-1"},"canonical":"https:\/\/firstbasegroundscrews.com\/pt-pt\/","og_locale":"pt_PT","og_type":"article","og_title":"Funda\u00e7\u00f5es s\u00f3lidas \u2013 FIRST BASE Ground Screws","og_description":"A FIRST BASE \u00e9 uma fornecedora grossista de parafusos de funda\u00e7\u00e3o e acess\u00f3rios, combinada com especializa\u00e7\u00e3o geot\u00e9cnica interna. Apoiamos profissionais com solu\u00e7\u00f5es de funda\u00e7\u00e3o fi\u00e1veis, sem a utiliza\u00e7\u00e3o de bet\u00e3o.","og_url":"https:\/\/firstbasegroundscrews.com\/pt-pt\/","og_site_name":"FIRST BASE Ground Screws","article_modified_time":"2026-04-28T15:10:48+00:00","og_image":[{"width":2105,"height":1344,"url":"https:\/\/firstbasegroundscrews.com\/wp-content\/uploads\/2020\/07\/FIRST-BASE-DO-IT-YOURSELF-scaled-e1594974702289.jpg","type":"image\/jpeg"}],"twitter_card":"summary_large_image","twitter_misc":{"Tempo estimado de leitura":"1 minuto"},"schema":{"@context":"https:\/\/schema.org","@graph":[{"@type":"WebPage","@id":"https:\/\/firstbasegroundscrews.com\/pt-pt\/","url":"https:\/\/firstbasegroundscrews.com\/pt-pt\/","name":"Funda\u00e7\u00f5es s\u00f3lidas \u2013 FIRST BASE Ground Screws","isPartOf":{"@id":"https:\/\/firstbasegroundscrews.com\/pt-pt\/#website"},"primaryImageOfPage":{"@id":"https:\/\/firstbasegroundscrews.com\/pt-pt\/#primaryimage"},"image":{"@id":"https:\/\/firstbasegroundscrews.com\/pt-pt\/#primaryimage"},"thumbnailUrl":"https:\/\/firstbasegroundscrews.com\/wp-content\/uploads\/2020\/07\/FIRST-BASE-DO-IT-YOURSELF-scaled-e1594974702289.jpg","datePublished":"2019-05-16T13:46:32+00:00","dateModified":"2026-04-28T15:10:48+00:00","description":"A FIRST BASE \u00e9 uma fornecedora grossista de parafusos de funda\u00e7\u00e3o e acess\u00f3rios, combinada com especializa\u00e7\u00e3o geot\u00e9cnica interna. Apoiamos profissionais com solu\u00e7\u00f5es de funda\u00e7\u00e3o fi\u00e1veis, sem a utiliza\u00e7\u00e3o de bet\u00e3o.","breadcrumb":{"@id":"https:\/\/firstbasegroundscrews.com\/pt-pt\/#breadcrumb"},"inLanguage":"pt-PT","potentialAction":[{"@type":"ReadAction","target":["https:\/\/firstbasegroundscrews.com\/pt-pt\/"]}]},{"@type":"ImageObject","inLanguage":"pt-PT","@id":"https:\/\/firstbasegroundscrews.com\/pt-pt\/#primaryimage","url":"https:\/\/firstbasegroundscrews.com\/wp-content\/uploads\/2020\/07\/FIRST-BASE-DO-IT-YOURSELF-scaled-e1594974702289.jpg","contentUrl":"https:\/\/firstbasegroundscrews.com\/wp-content\/uploads\/2020\/07\/FIRST-BASE-DO-IT-YOURSELF-scaled-e1594974702289.jpg","width":2105,"height":1344,"caption":"Schroeffundamenten voor allerlei toepassingen."},{"@type":"BreadcrumbList","@id":"https:\/\/firstbasegroundscrews.com\/pt-pt\/#breadcrumb","itemListElement":[{"@type":"ListItem","position":1,"name":"Home","item":"https:\/\/firstbasegroundscrews.com\/pt-pt\/"},{"@type":"ListItem","position":2,"name":"Parafusos de solo de elevada qualidadepara funda\u00e7\u00f5es s\u00f3lidas"}]},{"@type":"WebSite","@id":"https:\/\/firstbasegroundscrews.com\/pt-pt\/#website","url":"https:\/\/firstbasegroundscrews.com\/pt-pt\/","name":"FIRST BASE Ground Screws","description":"High quality ground screws for solid foundations","potentialAction":[{"@type":"SearchAction","target":{"@type":"EntryPoint","urlTemplate":"https:\/\/firstbasegroundscrews.com\/pt-pt\/?s={search_term_string}"},"query-input":{"@type":"PropertyValueSpecification","valueRequired":true,"valueName":"search_term_string"}}],"inLanguage":"pt-PT"}]}},"_links":{"self":[{"href":"https:\/\/firstbasegroundscrews.com\/pt-pt\/wp-json\/wp\/v2\/pages\/8541","targetHints":{"allow":["GET"]}}],"collection":[{"href":"https:\/\/firstbasegroundscrews.com\/pt-pt\/wp-json\/wp\/v2\/pages"}],"about":[{"href":"https:\/\/firstbasegroundscrews.com\/pt-pt\/wp-json\/wp\/v2\/types\/page"}],"author":[{"embeddable":true,"href":"https:\/\/firstbasegroundscrews.com\/pt-pt\/wp-json\/wp\/v2\/users\/1"}],"replies":[{"embeddable":true,"href":"https:\/\/firstbasegroundscrews.com\/pt-pt\/wp-json\/wp\/v2\/comments?post=8541"}],"version-history":[{"count":9,"href":"https:\/\/firstbasegroundscrews.com\/pt-pt\/wp-json\/wp\/v2\/pages\/8541\/revisions"}],"predecessor-version":[{"id":17653,"href":"https:\/\/firstbasegroundscrews.com\/pt-pt\/wp-json\/wp\/v2\/pages\/8541\/revisions\/17653"}],"wp:featuredmedia":[{"embeddable":true,"href":"https:\/\/firstbasegroundscrews.com\/pt-pt\/wp-json\/wp\/v2\/media\/4816"}],"wp:attachment":[{"href":"https:\/\/firstbasegroundscrews.com\/pt-pt\/wp-json\/wp\/v2\/media?parent=8541"}],"curies":[{"name":"wp","href":"https:\/\/api.w.org\/{rel}","templated":true}]}}