{"id":13526,"date":"2025-09-22T07:14:41","date_gmt":"2025-09-22T07:14:41","guid":{"rendered":"https:\/\/firstbasegroundscrews.com\/?page_id=13526"},"modified":"2025-09-22T10:09:36","modified_gmt":"2025-09-22T10:09:36","slug":"sistemas-bess","status":"publish","type":"page","link":"https:\/\/firstbasegroundscrews.com\/pt-pt\/construcao-solar\/sistemas-bess\/","title":{"rendered":"Sistemas BESS"},"content":{"rendered":"\n<h2 class=\"wp-block-heading\">Solu\u00e7\u00f5es de parafuso de terra projetadas para armazenamento de energia de baterias confi\u00e1vel<\/h2>\n\n\n\n<p>A FIRST BASE Ground Screws oferece tecnologia comprovada de parafusos de terra adaptada para instala\u00e7\u00f5es BESS. Proporcionando uma base s\u00f3lida e livre de vibra\u00e7\u00f5es que suporta a infraestrutura cr\u00edtica dos seus ativos de armazenamento de energia.<\/p>\n\n\n\n<div style=\"height:8rem\" aria-hidden=\"true\" class=\"wp-block-spacer\"><\/div>\n\n\n<div class=\"fb-image-floating-text fb-image-floating-text--align-left\" style=\"background-color: #d4d4d4;\">\n  <img loading=\"lazy\" decoding=\"async\" width=\"700\" height=\"411\" src=\"https:\/\/firstbasegroundscrews.com\/wp-content\/uploads\/2025\/09\/FIRST25107-BESS-3-luik-A5-FINAL-700x411.jpeg\" class=\"fb-image-floating-text__image\" alt=\"\" srcset=\"https:\/\/firstbasegroundscrews.com\/wp-content\/uploads\/2025\/09\/FIRST25107-BESS-3-luik-A5-FINAL-700x411.jpeg 700w, https:\/\/firstbasegroundscrews.com\/wp-content\/uploads\/2025\/09\/FIRST25107-BESS-3-luik-A5-FINAL-250x147.jpeg 250w, https:\/\/firstbasegroundscrews.com\/wp-content\/uploads\/2025\/09\/FIRST25107-BESS-3-luik-A5-FINAL-768x450.jpeg 768w, https:\/\/firstbasegroundscrews.com\/wp-content\/uploads\/2025\/09\/FIRST25107-BESS-3-luik-A5-FINAL-1536x901.jpeg 1536w, https:\/\/firstbasegroundscrews.com\/wp-content\/uploads\/2025\/09\/FIRST25107-BESS-3-luik-A5-FINAL-400x235.jpeg 400w, https:\/\/firstbasegroundscrews.com\/wp-content\/uploads\/2025\/09\/FIRST25107-BESS-3-luik-A5-FINAL-120x70.jpeg 120w, https:\/\/firstbasegroundscrews.com\/wp-content\/uploads\/2025\/09\/FIRST25107-BESS-3-luik-A5-FINAL-341x200.jpeg 341w, https:\/\/firstbasegroundscrews.com\/wp-content\/uploads\/2025\/09\/FIRST25107-BESS-3-luik-A5-FINAL.jpeg 1734w\" sizes=\"auto, (max-width: 700px) 100vw, 700px\" \/>\n  <div class=\"fb-image-floating-text__content-wrapper\">\n    <div class=\"fb-image-floating-text__content-wrapper-inner\">\n      <div class=\"fb-image-floating-text__content\">\n        <h3 class=\"wp-block-heading\">Projetado para <strong>Cargas din\u00e2micas e pesadas<\/strong><\/h3>\n<p><!-- \/wp:heading --> <!-- wp:paragraph --><\/p>\n<p>As nossas funda\u00e7\u00f5es com parafusos de terra s\u00e3o projetadas para suportar o peso e as tens\u00f5es operacionais dos equipamentos BESS, incluindo expans\u00e3o t\u00e9rmica e vibra\u00e7\u00f5es mec\u00e2nicas.<\/p>\n\n      <\/div>\n    <\/div>\n  <\/div>\n<\/div>\n\n\n<div style=\"height:8rem\" aria-hidden=\"true\" class=\"wp-block-spacer\"><\/div>\n\n\n\n<h3 class=\"wp-block-heading\">Instala\u00e7\u00e3o r\u00e1pida, limpa e de baixo impacto<\/h3>\n\n\n\n<p>Sem necessidade de concreto. A instala\u00e7\u00e3o \u00e9 r\u00e1pida, precisa e de baixo impacto ambiental \u2013 ideal para locais com acesso limitado ou condi\u00e7\u00f5es do solo sens\u00edveis.<\/p>\n\n\n\n<div style=\"height:8rem\" aria-hidden=\"true\" class=\"wp-block-spacer\"><\/div>\n\n\n<div class=\"fb-image-floating-text fb-image-floating-text--align-right\" style=\"background-color: #d4d4d4;\">\n  <img loading=\"lazy\" decoding=\"async\" width=\"700\" height=\"440\" src=\"https:\/\/firstbasegroundscrews.com\/wp-content\/uploads\/2025\/09\/DP250-BEss-700x440.jpeg\" class=\"fb-image-floating-text__image\" alt=\"\" srcset=\"https:\/\/firstbasegroundscrews.com\/wp-content\/uploads\/2025\/09\/DP250-BEss-700x440.jpeg 700w, https:\/\/firstbasegroundscrews.com\/wp-content\/uploads\/2025\/09\/DP250-BEss-250x157.jpeg 250w, https:\/\/firstbasegroundscrews.com\/wp-content\/uploads\/2025\/09\/DP250-BEss-768x483.jpeg 768w, https:\/\/firstbasegroundscrews.com\/wp-content\/uploads\/2025\/09\/DP250-BEss-1536x965.jpeg 1536w, https:\/\/firstbasegroundscrews.com\/wp-content\/uploads\/2025\/09\/DP250-BEss-400x251.jpeg 400w, https:\/\/firstbasegroundscrews.com\/wp-content\/uploads\/2025\/09\/DP250-BEss-120x75.jpeg 120w, https:\/\/firstbasegroundscrews.com\/wp-content\/uploads\/2025\/09\/DP250-BEss-318x200.jpeg 318w, https:\/\/firstbasegroundscrews.com\/wp-content\/uploads\/2025\/09\/DP250-BEss-1719x1080.jpeg 1719w, https:\/\/firstbasegroundscrews.com\/wp-content\/uploads\/2025\/09\/DP250-BEss.jpeg 1884w\" sizes=\"auto, (max-width: 700px) 100vw, 700px\" \/>\n  <div class=\"fb-image-floating-text__content-wrapper\">\n    <div class=\"fb-image-floating-text__content-wrapper-inner\">\n      <div class=\"fb-image-floating-text__content\">\n        <h3 class=\"wp-block-heading\"><strong>Desempenho verificado<\/strong> no local<\/h3>\n<p><!-- \/wp:heading --> <!-- wp:paragraph --><\/p>\n<p>Os nossos <a href=\"https:\/\/firstbasegroundscrews.com\/machines\/pull-testkit-tp-60\/\">TP60<\/a> e <a href=\"https:\/\/firstbasegroundscrews.com\/machines\/dp250-pressure-test-installation\/\">DP250<\/a> kits de teste permitem testes imediatos de carga no local para verificar a capacidade da funda\u00e7\u00e3o e garantir a conformidade com as especifica\u00e7\u00f5es de projeto.<!-- wp:spacer {\"height\":\"8rem\"} --><\/p>\n<div class=\"wp-block-spacer\" aria-hidden=\"true\"><\/div>\n\n      <\/div>\n    <\/div>\n  <\/div>\n<\/div>\n\n\n<div style=\"height:8rem\" aria-hidden=\"true\" class=\"wp-block-spacer\"><\/div>\n\n\n\n<h3 class=\"wp-block-heading\">Adapt\u00e1vel a terrenos desafiantes<\/h3>\n\n\n\n<p>Instala\u00e7\u00e3o f\u00e1cil em terrenos inclinados ou irregulares sem escava\u00e7\u00e3o ou trabalhos de terreno caros.<\/p>\n\n\n\n<h3 class=\"wp-block-heading\">Qualidade certificada<\/h3>\n\n\n\n<p>Fabricado segundo os padr\u00f5es EN 1090, garantindo qualidade consistente do produto e integridade estrutural.<\/p>\n\n\n\n<div style=\"height:8rem\" aria-hidden=\"true\" class=\"wp-block-spacer\"><\/div>\n\n\n<div class=\"fb-image-floating-text fb-image-floating-text--align-left\" style=\"background-color: #d4d4d4;\">\n  <img loading=\"lazy\" decoding=\"async\" width=\"700\" height=\"724\" src=\"https:\/\/firstbasegroundscrews.com\/wp-content\/uploads\/2025\/09\/M800-Bess-700x724.jpeg\" class=\"fb-image-floating-text__image\" alt=\"\" srcset=\"https:\/\/firstbasegroundscrews.com\/wp-content\/uploads\/2025\/09\/M800-Bess-700x724.jpeg 700w, https:\/\/firstbasegroundscrews.com\/wp-content\/uploads\/2025\/09\/M800-Bess-250x259.jpeg 250w, https:\/\/firstbasegroundscrews.com\/wp-content\/uploads\/2025\/09\/M800-Bess-387x400.jpeg 387w, https:\/\/firstbasegroundscrews.com\/wp-content\/uploads\/2025\/09\/M800-Bess-120x124.jpeg 120w, https:\/\/firstbasegroundscrews.com\/wp-content\/uploads\/2025\/09\/M800-Bess-193x200.jpeg 193w, https:\/\/firstbasegroundscrews.com\/wp-content\/uploads\/2025\/09\/M800-Bess.jpeg 753w\" sizes=\"auto, (max-width: 700px) 100vw, 700px\" \/>\n  <div class=\"fb-image-floating-text__content-wrapper\">\n    <div class=\"fb-image-floating-text__content-wrapper-inner\">\n      <div class=\"fb-image-floating-text__content\">\n        <h3 class=\"wp-block-heading\"><!-- wp:heading {\"level\":3} --><\/h3>\n<h3 class=\"wp-block-heading\">Constru\u00eddo para BESS<\/h3>\n<h3 class=\"wp-block-heading\"><!-- \/wp:heading --> <!-- wp:paragraph --><\/h3>\n<p>Com 12.000 Nm de torque, o <a href=\"https:\/\/firstbasegroundscrews.com\/machines\/hydraulic-machine-model-800\/\">M800<\/a> instala parafusos de terra pesados de forma r\u00e1pida e precisa. Perfeito para as cargas de funda\u00e7\u00e3o BESS.<!-- wp:spacer {\"height\":\"8rem\"} --><\/p>\n<div class=\"wp-block-spacer\" aria-hidden=\"true\"><\/div>\n<p><!-- \/wp:spacer --><\/p>\n\n      <\/div>\n    <\/div>\n  <\/div>\n<\/div>\n\n\n<div style=\"height:8rem\" aria-hidden=\"true\" class=\"wp-block-spacer\"><\/div>\n\n\n\n<h3 class=\"wp-block-heading\">Montagem imediata das unidades BESS<\/h3>\n\n\n\n<p>Assim que as funda\u00e7\u00f5es com parafusos de terra estiverem no lugar, as suas unidades BESS podem ser montadas imediatamente.<\/p>\n\n\n\n<div class=\"wp-block-group is-nowrap is-layout-flex wp-container-core-group-is-layout-ad2f72ca wp-block-group-is-layout-flex\"><\/div>\n\n\n\n<h3 class=\"wp-block-heading\"><\/h3>\n\n\n\n<h3 class=\"wp-block-heading\"><\/h3>\n","protected":false},"excerpt":{"rendered":"Os sistemas de armazenamento de energia em bateria (BESS) exigem funda\u00e7\u00f5es que combinem elevada capacidade de carga e rapidez de instala\u00e7\u00e3o.","protected":false},"author":1,"featured_media":13446,"parent":8555,"menu_order":0,"comment_status":"closed","ping_status":"closed","template":"templates\/page_new-landing.php","meta":{"_acf_changed":false,"footnotes":""},"class_list":["post-13526","page","type-page","status-publish","has-post-thumbnail","hentry"],"acf":[],"yoast_head":"<!-- This site is optimized with the Yoast SEO plugin v27.3 - https:\/\/yoast.com\/product\/yoast-seo-wordpress\/ -->\n<title>Sistemas BESS - FIRST BASE Ground Screws<\/title>\n<meta name=\"description\" content=\"Os sistemas de armazenamento de energia em bateria (BESS) exigem funda\u00e7\u00f5es que combinem elevada capacidade de carga e rapidez de instala\u00e7\u00e3o. A FIRST BASE Ground Screws oferece tecnologia de parafusos de terra comprovada, adaptada para instala\u00e7\u00f5es BESS. Fornecendo uma base s\u00f3lida e livre de vibra\u00e7\u00f5es que suporta a infraestrutura cr\u00edtica dos seus ativos de armazenamento de energia.\" \/>\n<meta name=\"robots\" content=\"index, follow, max-snippet:-1, max-image-preview:large, max-video-preview:-1\" \/>\n<link rel=\"canonical\" href=\"https:\/\/firstbasegroundscrews.com\/pt-pt\/construcao-solar\/sistemas-bess\/\" \/>\n<meta property=\"og:locale\" content=\"pt_PT\" \/>\n<meta property=\"og:type\" content=\"article\" \/>\n<meta property=\"og:title\" content=\"Sistemas BESS - FIRST BASE Ground Screws\" \/>\n<meta property=\"og:description\" content=\"Os sistemas de armazenamento de energia em bateria (BESS) exigem funda\u00e7\u00f5es que combinem elevada capacidade de carga e rapidez de instala\u00e7\u00e3o. A FIRST BASE Ground Screws oferece tecnologia de parafusos de terra comprovada, adaptada para instala\u00e7\u00f5es BESS. Fornecendo uma base s\u00f3lida e livre de vibra\u00e7\u00f5es que suporta a infraestrutura cr\u00edtica dos seus ativos de armazenamento de energia.\" \/>\n<meta property=\"og:url\" content=\"https:\/\/firstbasegroundscrews.com\/pt-pt\/construcao-solar\/sistemas-bess\/\" \/>\n<meta property=\"og:site_name\" content=\"FIRST BASE Ground Screws\" \/>\n<meta property=\"article:modified_time\" content=\"2025-09-22T10:09:36+00:00\" \/>\n<meta property=\"og:image\" content=\"https:\/\/firstbasegroundscrews.com\/wp-content\/uploads\/2025\/09\/BESS-System-LR-scaled.jpg\" \/>\n\t<meta property=\"og:image:width\" content=\"2560\" \/>\n\t<meta property=\"og:image:height\" content=\"1440\" \/>\n\t<meta property=\"og:image:type\" content=\"image\/jpeg\" \/>\n<meta name=\"twitter:card\" content=\"summary_large_image\" \/>\n<meta name=\"twitter:label1\" content=\"Tempo estimado de leitura\" \/>\n\t<meta name=\"twitter:data1\" content=\"1 minuto\" \/>\n<script type=\"application\/ld+json\" class=\"yoast-schema-graph\">{\"@context\":\"https:\\\/\\\/schema.org\",\"@graph\":[{\"@type\":\"WebPage\",\"@id\":\"https:\\\/\\\/firstbasegroundscrews.com\\\/pt-pt\\\/construcao-solar\\\/sistemas-bess\\\/\",\"url\":\"https:\\\/\\\/firstbasegroundscrews.com\\\/pt-pt\\\/construcao-solar\\\/sistemas-bess\\\/\",\"name\":\"Sistemas BESS - FIRST BASE Ground Screws\",\"isPartOf\":{\"@id\":\"https:\\\/\\\/firstbasegroundscrews.com\\\/pt-pt\\\/#website\"},\"primaryImageOfPage\":{\"@id\":\"https:\\\/\\\/firstbasegroundscrews.com\\\/pt-pt\\\/construcao-solar\\\/sistemas-bess\\\/#primaryimage\"},\"image\":{\"@id\":\"https:\\\/\\\/firstbasegroundscrews.com\\\/pt-pt\\\/construcao-solar\\\/sistemas-bess\\\/#primaryimage\"},\"thumbnailUrl\":\"https:\\\/\\\/firstbasegroundscrews.com\\\/wp-content\\\/uploads\\\/2025\\\/09\\\/BESS-System-LR-scaled.jpg\",\"datePublished\":\"2025-09-22T07:14:41+00:00\",\"dateModified\":\"2025-09-22T10:09:36+00:00\",\"description\":\"Os sistemas de armazenamento de energia em bateria (BESS) exigem funda\u00e7\u00f5es que combinem elevada capacidade de carga e rapidez de instala\u00e7\u00e3o. A FIRST BASE Ground Screws oferece tecnologia de parafusos de terra comprovada, adaptada para instala\u00e7\u00f5es BESS. Fornecendo uma base s\u00f3lida e livre de vibra\u00e7\u00f5es que suporta a infraestrutura cr\u00edtica dos seus ativos de armazenamento de energia.\",\"breadcrumb\":{\"@id\":\"https:\\\/\\\/firstbasegroundscrews.com\\\/pt-pt\\\/construcao-solar\\\/sistemas-bess\\\/#breadcrumb\"},\"inLanguage\":\"pt-PT\",\"potentialAction\":[{\"@type\":\"ReadAction\",\"target\":[\"https:\\\/\\\/firstbasegroundscrews.com\\\/pt-pt\\\/construcao-solar\\\/sistemas-bess\\\/\"]}]},{\"@type\":\"ImageObject\",\"inLanguage\":\"pt-PT\",\"@id\":\"https:\\\/\\\/firstbasegroundscrews.com\\\/pt-pt\\\/construcao-solar\\\/sistemas-bess\\\/#primaryimage\",\"url\":\"https:\\\/\\\/firstbasegroundscrews.com\\\/wp-content\\\/uploads\\\/2025\\\/09\\\/BESS-System-LR-scaled.jpg\",\"contentUrl\":\"https:\\\/\\\/firstbasegroundscrews.com\\\/wp-content\\\/uploads\\\/2025\\\/09\\\/BESS-System-LR-scaled.jpg\",\"width\":2560,\"height\":1440},{\"@type\":\"BreadcrumbList\",\"@id\":\"https:\\\/\\\/firstbasegroundscrews.com\\\/pt-pt\\\/construcao-solar\\\/sistemas-bess\\\/#breadcrumb\",\"itemListElement\":[{\"@type\":\"ListItem\",\"position\":1,\"name\":\"Home\",\"item\":\"https:\\\/\\\/firstbasegroundscrews.com\\\/pt-pt\\\/\"},{\"@type\":\"ListItem\",\"position\":2,\"name\":\"SOLAR\",\"item\":\"https:\\\/\\\/firstbasegroundscrews.com\\\/pt-pt\\\/construcao-solar\\\/\"},{\"@type\":\"ListItem\",\"position\":3,\"name\":\"Sistemas BESS\"}]},{\"@type\":\"WebSite\",\"@id\":\"https:\\\/\\\/firstbasegroundscrews.com\\\/pt-pt\\\/#website\",\"url\":\"https:\\\/\\\/firstbasegroundscrews.com\\\/pt-pt\\\/\",\"name\":\"FIRST BASE Ground Screws\",\"description\":\"High quality ground screws for solid foundations\",\"potentialAction\":[{\"@type\":\"SearchAction\",\"target\":{\"@type\":\"EntryPoint\",\"urlTemplate\":\"https:\\\/\\\/firstbasegroundscrews.com\\\/pt-pt\\\/?s={search_term_string}\"},\"query-input\":{\"@type\":\"PropertyValueSpecification\",\"valueRequired\":true,\"valueName\":\"search_term_string\"}}],\"inLanguage\":\"pt-PT\"}]}<\/script>\n<!-- \/ Yoast SEO plugin. -->","yoast_head_json":{"title":"Sistemas BESS - FIRST BASE Ground Screws","description":"Os sistemas de armazenamento de energia em bateria (BESS) exigem funda\u00e7\u00f5es que combinem elevada capacidade de carga e rapidez de instala\u00e7\u00e3o. A FIRST BASE Ground Screws oferece tecnologia de parafusos de terra comprovada, adaptada para instala\u00e7\u00f5es BESS. Fornecendo uma base s\u00f3lida e livre de vibra\u00e7\u00f5es que suporta a infraestrutura cr\u00edtica dos seus ativos de armazenamento de energia.","robots":{"index":"index","follow":"follow","max-snippet":"max-snippet:-1","max-image-preview":"max-image-preview:large","max-video-preview":"max-video-preview:-1"},"canonical":"https:\/\/firstbasegroundscrews.com\/pt-pt\/construcao-solar\/sistemas-bess\/","og_locale":"pt_PT","og_type":"article","og_title":"Sistemas BESS - FIRST BASE Ground Screws","og_description":"Os sistemas de armazenamento de energia em bateria (BESS) exigem funda\u00e7\u00f5es que combinem elevada capacidade de carga e rapidez de instala\u00e7\u00e3o. A FIRST BASE Ground Screws oferece tecnologia de parafusos de terra comprovada, adaptada para instala\u00e7\u00f5es BESS. Fornecendo uma base s\u00f3lida e livre de vibra\u00e7\u00f5es que suporta a infraestrutura cr\u00edtica dos seus ativos de armazenamento de energia.","og_url":"https:\/\/firstbasegroundscrews.com\/pt-pt\/construcao-solar\/sistemas-bess\/","og_site_name":"FIRST BASE Ground Screws","article_modified_time":"2025-09-22T10:09:36+00:00","og_image":[{"width":2560,"height":1440,"url":"https:\/\/firstbasegroundscrews.com\/wp-content\/uploads\/2025\/09\/BESS-System-LR-scaled.jpg","type":"image\/jpeg"}],"twitter_card":"summary_large_image","twitter_misc":{"Tempo estimado de leitura":"1 minuto"},"schema":{"@context":"https:\/\/schema.org","@graph":[{"@type":"WebPage","@id":"https:\/\/firstbasegroundscrews.com\/pt-pt\/construcao-solar\/sistemas-bess\/","url":"https:\/\/firstbasegroundscrews.com\/pt-pt\/construcao-solar\/sistemas-bess\/","name":"Sistemas BESS - FIRST BASE Ground Screws","isPartOf":{"@id":"https:\/\/firstbasegroundscrews.com\/pt-pt\/#website"},"primaryImageOfPage":{"@id":"https:\/\/firstbasegroundscrews.com\/pt-pt\/construcao-solar\/sistemas-bess\/#primaryimage"},"image":{"@id":"https:\/\/firstbasegroundscrews.com\/pt-pt\/construcao-solar\/sistemas-bess\/#primaryimage"},"thumbnailUrl":"https:\/\/firstbasegroundscrews.com\/wp-content\/uploads\/2025\/09\/BESS-System-LR-scaled.jpg","datePublished":"2025-09-22T07:14:41+00:00","dateModified":"2025-09-22T10:09:36+00:00","description":"Os sistemas de armazenamento de energia em bateria (BESS) exigem funda\u00e7\u00f5es que combinem elevada capacidade de carga e rapidez de instala\u00e7\u00e3o. A FIRST BASE Ground Screws oferece tecnologia de parafusos de terra comprovada, adaptada para instala\u00e7\u00f5es BESS. Fornecendo uma base s\u00f3lida e livre de vibra\u00e7\u00f5es que suporta a infraestrutura cr\u00edtica dos seus ativos de armazenamento de energia.","breadcrumb":{"@id":"https:\/\/firstbasegroundscrews.com\/pt-pt\/construcao-solar\/sistemas-bess\/#breadcrumb"},"inLanguage":"pt-PT","potentialAction":[{"@type":"ReadAction","target":["https:\/\/firstbasegroundscrews.com\/pt-pt\/construcao-solar\/sistemas-bess\/"]}]},{"@type":"ImageObject","inLanguage":"pt-PT","@id":"https:\/\/firstbasegroundscrews.com\/pt-pt\/construcao-solar\/sistemas-bess\/#primaryimage","url":"https:\/\/firstbasegroundscrews.com\/wp-content\/uploads\/2025\/09\/BESS-System-LR-scaled.jpg","contentUrl":"https:\/\/firstbasegroundscrews.com\/wp-content\/uploads\/2025\/09\/BESS-System-LR-scaled.jpg","width":2560,"height":1440},{"@type":"BreadcrumbList","@id":"https:\/\/firstbasegroundscrews.com\/pt-pt\/construcao-solar\/sistemas-bess\/#breadcrumb","itemListElement":[{"@type":"ListItem","position":1,"name":"Home","item":"https:\/\/firstbasegroundscrews.com\/pt-pt\/"},{"@type":"ListItem","position":2,"name":"SOLAR","item":"https:\/\/firstbasegroundscrews.com\/pt-pt\/construcao-solar\/"},{"@type":"ListItem","position":3,"name":"Sistemas BESS"}]},{"@type":"WebSite","@id":"https:\/\/firstbasegroundscrews.com\/pt-pt\/#website","url":"https:\/\/firstbasegroundscrews.com\/pt-pt\/","name":"FIRST BASE Ground Screws","description":"High quality ground screws for solid foundations","potentialAction":[{"@type":"SearchAction","target":{"@type":"EntryPoint","urlTemplate":"https:\/\/firstbasegroundscrews.com\/pt-pt\/?s={search_term_string}"},"query-input":{"@type":"PropertyValueSpecification","valueRequired":true,"valueName":"search_term_string"}}],"inLanguage":"pt-PT"}]}},"_links":{"self":[{"href":"https:\/\/firstbasegroundscrews.com\/pt-pt\/wp-json\/wp\/v2\/pages\/13526","targetHints":{"allow":["GET"]}}],"collection":[{"href":"https:\/\/firstbasegroundscrews.com\/pt-pt\/wp-json\/wp\/v2\/pages"}],"about":[{"href":"https:\/\/firstbasegroundscrews.com\/pt-pt\/wp-json\/wp\/v2\/types\/page"}],"author":[{"embeddable":true,"href":"https:\/\/firstbasegroundscrews.com\/pt-pt\/wp-json\/wp\/v2\/users\/1"}],"replies":[{"embeddable":true,"href":"https:\/\/firstbasegroundscrews.com\/pt-pt\/wp-json\/wp\/v2\/comments?post=13526"}],"version-history":[{"count":4,"href":"https:\/\/firstbasegroundscrews.com\/pt-pt\/wp-json\/wp\/v2\/pages\/13526\/revisions"}],"predecessor-version":[{"id":13583,"href":"https:\/\/firstbasegroundscrews.com\/pt-pt\/wp-json\/wp\/v2\/pages\/13526\/revisions\/13583"}],"up":[{"embeddable":true,"href":"https:\/\/firstbasegroundscrews.com\/pt-pt\/wp-json\/wp\/v2\/pages\/8555"}],"wp:featuredmedia":[{"embeddable":true,"href":"https:\/\/firstbasegroundscrews.com\/pt-pt\/wp-json\/wp\/v2\/media\/13446"}],"wp:attachment":[{"href":"https:\/\/firstbasegroundscrews.com\/pt-pt\/wp-json\/wp\/v2\/media?parent=13526"}],"curies":[{"name":"wp","href":"https:\/\/api.w.org\/{rel}","templated":true}]}}