{"id":9627,"date":"2024-10-08T10:53:19","date_gmt":"2024-10-08T10:53:19","guid":{"rendered":"https:\/\/firstbasegroundscrews.com\/?page_id=9627"},"modified":"2024-10-08T10:53:20","modified_gmt":"2024-10-08T10:53:20","slug":"schraubfundamente","status":"publish","type":"page","link":"https:\/\/firstbasegroundscrews.com\/de\/schraubfundamente\/","title":{"rendered":"Schraubfundamente"},"content":{"rendered":"\n<span id=\"readyToStart\"><\/span>\n\n\n\n<h2 class=\"wp-block-heading lowBotMargin\">Suchen Sie nach einer schnellen und soliden Schraubpfahlgr\u00fcndung f\u00fcr Ihr Projekt?&nbsp;<\/h2>\n\n\n\n<p>Sie sind auf der Suche nach der perfekten Grundlage f\u00fcr Ihr Projekt? Suchen Sie nicht weiter! FIRST BASE Schraubfundamente sind die L\u00f6sung, die Sie brauchen. Unsere Schraubfundamente bieten eine solide Basis, ohne dass gegraben oder betoniert werden muss. Entdecken Sie im Folgenden, warum unsere Schrauben die richtige Wahl f\u00fcr Sie sind.&nbsp;<\/p>\n\n\n\n<div class=\"wp-block-buttons is-layout-flex wp-block-buttons-is-layout-flex\">\n<div class=\"wp-block-button has-custom-width wp-block-button__width-25\"><a class=\"wp-block-button__link wp-element-button\" href=\"https:\/\/firstbasegroundscrews.com\/de\/fundamentrechner\/\" style=\"border-radius:100px\">fundamentrechner<\/a><\/div>\n<\/div>\n\n\n\n<h3 class=\"wp-block-heading\">Kosteng\u00fcnstig und einfach zu installieren&nbsp;<\/h3>\n\n\n\n<p>Sie m\u00f6chten schnell und kosteng\u00fcnstig ein Schraubfundament f\u00fcr Ihr Gartenhaus, Ihr Carport oder Ihre Terrassen\u00fcberdachung erstellen? Mit unseren Schraubfundamenten ist das ein Kinderspiel. Dank unserer hochwertigen Materialien und Maschinen ist die Montage auch im Winter einfach. Dar\u00fcber hinaus sind sie f\u00fcr jeden Bodentyp geeignet, auch f\u00fcr Torfboden. Sparen Sie Zeit und Geld mit FIRST BASE!&nbsp;<\/p>\n\n\n\n<div class=\"playerWrapper\" id=\"playerWrapper\" data-video-id=\"falckIKY_1U\" data-active=\"false\">\n<div class=\"playerCover\"><\/div>\n<a id=\"playButton\" class=\"fba-button playerButton\" data-active=\"false\"><span>schau das Video<\/span><\/a>\n<div id=\"player\"><\/div>\n<\/div>\n\n\n\n<h3 class=\"wp-block-heading\">Die Vorteile:&nbsp;<\/h3>\n\n\n\n<ul class=\"wp-block-list\">\n<li>Hohe Tragf\u00e4higkeit&nbsp;<\/li>\n\n\n\n<li>Einfache Installation (schnell)&nbsp;<\/li>\n\n\n\n<li>Kein Graben, kein Beton&nbsp;<\/li>\n\n\n\n<li>F\u00fcr jede Bodenart geeignet&nbsp;<\/li>\n<\/ul>\n\n\n\n<p>FIRST BASE Schraubfundamente sind eine innovative L\u00f6sung f\u00fcr die betonlose Installation von Fundamenten. Sie sind mit unseren Maschinen einfach zu installieren und k\u00f6nnen sofort verladen werden. Die Fundamente sind f\u00fcr jede Bodenart geeignet und haben eine lange Lebensdauer. Dar\u00fcber hinaus sind sie wiederverwendbar und umweltfreundlich. Mit den Schraubfundamenten von FIRST BASE k\u00f6nnen Sie Ihre Projekte, wie Gartenh\u00e4user, Carports, Spielger\u00e4te und vieles mehr, schnell und einfach realisieren.&nbsp;<\/p>\n\n\n\n<figure class=\"wp-block-image size-large is-resized\"><img loading=\"lazy\" decoding=\"async\" width=\"700\" height=\"381\" src=\"https:\/\/firstbasegroundscrews.com\/wp-content\/uploads\/2022\/09\/XS-2.5-DSC08368-700x381.jpg\" alt=\"\" class=\"wp-image-5479\" style=\"width:839px;height:auto\" srcset=\"https:\/\/firstbasegroundscrews.com\/wp-content\/uploads\/2022\/09\/XS-2.5-DSC08368-700x381.jpg 700w, https:\/\/firstbasegroundscrews.com\/wp-content\/uploads\/2022\/09\/XS-2.5-DSC08368-250x136.jpg 250w, https:\/\/firstbasegroundscrews.com\/wp-content\/uploads\/2022\/09\/XS-2.5-DSC08368-768x418.jpg 768w, https:\/\/firstbasegroundscrews.com\/wp-content\/uploads\/2022\/09\/XS-2.5-DSC08368-1536x837.jpg 1536w, https:\/\/firstbasegroundscrews.com\/wp-content\/uploads\/2022\/09\/XS-2.5-DSC08368-120x65.jpg 120w, https:\/\/firstbasegroundscrews.com\/wp-content\/uploads\/2022\/09\/XS-2.5-DSC08368-367x200.jpg 367w, https:\/\/firstbasegroundscrews.com\/wp-content\/uploads\/2022\/09\/XS-2.5-DSC08368.jpg 1920w\" sizes=\"auto, (max-width: 700px) 100vw, 700px\" \/><\/figure>\n\n\n\n<h3 class=\"wp-block-heading\">F\u00fcr jedes Projekt&nbsp;<\/h3>\n\n\n\n<p>Egal, ob es sich um ein einfaches Bauwerk oder ein genehmigungspflichtiges Bauvorhaben handelt, unsere Schraubfundamente sind f\u00fcr alle Ihre Bauanforderungen geeignet. Warum es schwierig machen, wenn es auch einfach sein kann?&nbsp;<\/p>\n\n\n\n<h3 class=\"wp-block-heading\">Easy as 1-2-3!&nbsp;<\/h3>\n\n\n\n<p>Machen Sie den ersten Schritt in Richtung Ihres Projekts mit FIRST BASE-Schraubfundamenten. Wir bieten eine solide und zuverl\u00e4ssige L\u00f6sung ohne l\u00e4stiges Graben und Betonieren. Sparen Sie Kosten, Zeit und Aufwand und w\u00e4hlen Sie das beste Fundament f\u00fcr Ihr Projekt.&nbsp;<\/p>\n\n\n\n<p>Fordern Sie ein Angebot an oder kontaktieren Sie uns f\u00fcr weitere Informationen. Wir sind bereit, Ihr Projekt zu unterst\u00fctzen und anzusto\u00dfen. Bauen war noch nie so einfach!&nbsp;<\/p>\n\n\n\n<div class=\"wp-block-buttons is-layout-flex wp-block-buttons-is-layout-flex\">\n<div class=\"wp-block-button\"><a class=\"wp-block-button__link wp-element-button\" href=\"https:\/\/firstbasegroundscrews.com\/de\/fundamentrechner\/\">fundamentrechner<\/a><\/div>\n\n\n\n<div class=\"wp-block-button\"><a class=\"wp-block-button__link wp-element-button\" href=\"https:\/\/firstbasegroundscrews.com\/de\/contact\/\">Kontaktaufnahme<\/a><\/div>\n<\/div>\n\n\n\n<p>Abonnieren Sie unsere sozialen Netzwerke, um \u00fcber die neuesten Nachrichten zu Fundamentschrauben auf dem Laufenden zu bleiben!&nbsp;<\/p>\n\n\n\n<ul class=\"wp-block-social-links has-icon-color is-style-logos-only is-layout-flex wp-block-social-links-is-layout-flex\"><li style=\"color:#000000;\" class=\"wp-social-link wp-social-link-facebook has-black-color wp-block-social-link\"><a href=\"https:\/\/www.facebook.com\/FIRSTBASESCHRAUBFUNDAMENTE\/\" class=\"wp-block-social-link-anchor\"><svg width=\"24\" height=\"24\" viewBox=\"0 0 24 24\" version=\"1.1\" xmlns=\"http:\/\/www.w3.org\/2000\/svg\" aria-hidden=\"true\" focusable=\"false\"><path d=\"M12 2C6.5 2 2 6.5 2 12c0 5 3.7 9.1 8.4 9.9v-7H7.9V12h2.5V9.8c0-2.5 1.5-3.9 3.8-3.9 1.1 0 2.2.2 2.2.2v2.5h-1.3c-1.2 0-1.6.8-1.6 1.6V12h2.8l-.4 2.9h-2.3v7C18.3 21.1 22 17 22 12c0-5.5-4.5-10-10-10z\"><\/path><\/svg><span class=\"wp-block-social-link-label screen-reader-text\">Facebook<\/span><\/a><\/li>\n\n<li style=\"color:#000000;\" class=\"wp-social-link wp-social-link-instagram has-black-color wp-block-social-link\"><a href=\"https:\/\/www.instagram.com\/first_base_schraubfundamente\/\" class=\"wp-block-social-link-anchor\"><svg width=\"24\" height=\"24\" viewBox=\"0 0 24 24\" version=\"1.1\" xmlns=\"http:\/\/www.w3.org\/2000\/svg\" aria-hidden=\"true\" focusable=\"false\"><path d=\"M12,4.622c2.403,0,2.688,0.009,3.637,0.052c0.877,0.04,1.354,0.187,1.671,0.31c0.42,0.163,0.72,0.358,1.035,0.673 c0.315,0.315,0.51,0.615,0.673,1.035c0.123,0.317,0.27,0.794,0.31,1.671c0.043,0.949,0.052,1.234,0.052,3.637 s-0.009,2.688-0.052,3.637c-0.04,0.877-0.187,1.354-0.31,1.671c-0.163,0.42-0.358,0.72-0.673,1.035 c-0.315,0.315-0.615,0.51-1.035,0.673c-0.317,0.123-0.794,0.27-1.671,0.31c-0.949,0.043-1.233,0.052-3.637,0.052 s-2.688-0.009-3.637-0.052c-0.877-0.04-1.354-0.187-1.671-0.31c-0.42-0.163-0.72-0.358-1.035-0.673 c-0.315-0.315-0.51-0.615-0.673-1.035c-0.123-0.317-0.27-0.794-0.31-1.671C4.631,14.688,4.622,14.403,4.622,12 s0.009-2.688,0.052-3.637c0.04-0.877,0.187-1.354,0.31-1.671c0.163-0.42,0.358-0.72,0.673-1.035 c0.315-0.315,0.615-0.51,1.035-0.673c0.317-0.123,0.794-0.27,1.671-0.31C9.312,4.631,9.597,4.622,12,4.622 M12,3 C9.556,3,9.249,3.01,8.289,3.054C7.331,3.098,6.677,3.25,6.105,3.472C5.513,3.702,5.011,4.01,4.511,4.511 c-0.5,0.5-0.808,1.002-1.038,1.594C3.25,6.677,3.098,7.331,3.054,8.289C3.01,9.249,3,9.556,3,12c0,2.444,0.01,2.751,0.054,3.711 c0.044,0.958,0.196,1.612,0.418,2.185c0.23,0.592,0.538,1.094,1.038,1.594c0.5,0.5,1.002,0.808,1.594,1.038 c0.572,0.222,1.227,0.375,2.185,0.418C9.249,20.99,9.556,21,12,21s2.751-0.01,3.711-0.054c0.958-0.044,1.612-0.196,2.185-0.418 c0.592-0.23,1.094-0.538,1.594-1.038c0.5-0.5,0.808-1.002,1.038-1.594c0.222-0.572,0.375-1.227,0.418-2.185 C20.99,14.751,21,14.444,21,12s-0.01-2.751-0.054-3.711c-0.044-0.958-0.196-1.612-0.418-2.185c-0.23-0.592-0.538-1.094-1.038-1.594 c-0.5-0.5-1.002-0.808-1.594-1.038c-0.572-0.222-1.227-0.375-2.185-0.418C14.751,3.01,14.444,3,12,3L12,3z M12,7.378 c-2.552,0-4.622,2.069-4.622,4.622S9.448,16.622,12,16.622s4.622-2.069,4.622-4.622S14.552,7.378,12,7.378z M12,15 c-1.657,0-3-1.343-3-3s1.343-3,3-3s3,1.343,3,3S13.657,15,12,15z M16.804,6.116c-0.596,0-1.08,0.484-1.08,1.08 s0.484,1.08,1.08,1.08c0.596,0,1.08-0.484,1.08-1.08S17.401,6.116,16.804,6.116z\"><\/path><\/svg><span class=\"wp-block-social-link-label screen-reader-text\">Instagram<\/span><\/a><\/li>\n\n<li style=\"color:#000000;\" class=\"wp-social-link wp-social-link-linkedin has-black-color wp-block-social-link\"><a href=\"https:\/\/www.linkedin.com\/company\/64256950\" class=\"wp-block-social-link-anchor\"><svg width=\"24\" height=\"24\" viewBox=\"0 0 24 24\" version=\"1.1\" xmlns=\"http:\/\/www.w3.org\/2000\/svg\" aria-hidden=\"true\" focusable=\"false\"><path d=\"M19.7,3H4.3C3.582,3,3,3.582,3,4.3v15.4C3,20.418,3.582,21,4.3,21h15.4c0.718,0,1.3-0.582,1.3-1.3V4.3 C21,3.582,20.418,3,19.7,3z M8.339,18.338H5.667v-8.59h2.672V18.338z M7.004,8.574c-0.857,0-1.549-0.694-1.549-1.548 c0-0.855,0.691-1.548,1.549-1.548c0.854,0,1.547,0.694,1.547,1.548C8.551,7.881,7.858,8.574,7.004,8.574z M18.339,18.338h-2.669 v-4.177c0-0.996-0.017-2.278-1.387-2.278c-1.389,0-1.601,1.086-1.601,2.206v4.249h-2.667v-8.59h2.559v1.174h0.037 c0.356-0.675,1.227-1.387,2.526-1.387c2.703,0,3.203,1.779,3.203,4.092V18.338z\"><\/path><\/svg><span class=\"wp-block-social-link-label screen-reader-text\">LinkedIn<\/span><\/a><\/li>\n\n<li style=\"color:#000000;\" class=\"wp-social-link wp-social-link-youtube has-black-color wp-block-social-link\"><a href=\"https:\/\/www.youtube.com\/channel\/UCYJCkFYh6jVVXfwZYx7e_YA\" class=\"wp-block-social-link-anchor\"><svg width=\"24\" height=\"24\" viewBox=\"0 0 24 24\" version=\"1.1\" xmlns=\"http:\/\/www.w3.org\/2000\/svg\" aria-hidden=\"true\" focusable=\"false\"><path d=\"M21.8,8.001c0,0-0.195-1.378-0.795-1.985c-0.76-0.797-1.613-0.801-2.004-0.847c-2.799-0.202-6.997-0.202-6.997-0.202 h-0.009c0,0-4.198,0-6.997,0.202C4.608,5.216,3.756,5.22,2.995,6.016C2.395,6.623,2.2,8.001,2.2,8.001S2,9.62,2,11.238v1.517 c0,1.618,0.2,3.237,0.2,3.237s0.195,1.378,0.795,1.985c0.761,0.797,1.76,0.771,2.205,0.855c1.6,0.153,6.8,0.201,6.8,0.201 s4.203-0.006,7.001-0.209c0.391-0.047,1.243-0.051,2.004-0.847c0.6-0.607,0.795-1.985,0.795-1.985s0.2-1.618,0.2-3.237v-1.517 C22,9.62,21.8,8.001,21.8,8.001z M9.935,14.594l-0.001-5.62l5.404,2.82L9.935,14.594z\"><\/path><\/svg><span class=\"wp-block-social-link-label screen-reader-text\">YouTube<\/span><\/a><\/li><\/ul>\n\n\n\n<style>.template-landing .wp-block-button{width: auto;}<\/style>\n","protected":false},"excerpt":{"rendered":"Suchen Sie nach einer schnellen und soliden Schraubpfahlgr\u00fcndung f\u00fcr Ihr Projekt?&nbsp; Sie sind auf der Suche nach der perfekten Grundlage f\u00fcr Ihr Projekt? Suchen Sie nicht weiter! FIRST BASE Schraubfundamente sind die L\u00f6sung, die Sie brauchen. Unsere Schraubfundamente bieten eine solide Basis, ohne dass gegraben oder betoniert werden muss. Entdecken Sie im Folgenden, warum unsere [&hellip;]","protected":false},"author":1,"featured_media":0,"parent":0,"menu_order":0,"comment_status":"closed","ping_status":"closed","template":"templates\/page_fbLanding-nl_NL.php","meta":{"_acf_changed":false,"footnotes":""},"class_list":["post-9627","page","type-page","status-publish","hentry"],"acf":[],"yoast_head":"<!-- This site is optimized with the Yoast SEO plugin v27.3 - https:\/\/yoast.com\/product\/yoast-seo-wordpress\/ -->\n<title>Schraubfundamente - FIRST BASE Ground Screws<\/title>\n<meta name=\"robots\" content=\"index, follow, max-snippet:-1, max-image-preview:large, max-video-preview:-1\" \/>\n<link rel=\"canonical\" href=\"https:\/\/firstbasegroundscrews.com\/de\/schraubfundamente\/\" \/>\n<meta property=\"og:locale\" content=\"de_DE\" \/>\n<meta property=\"og:type\" content=\"article\" \/>\n<meta property=\"og:title\" content=\"Schraubfundamente - FIRST BASE Ground Screws\" \/>\n<meta property=\"og:description\" content=\"Suchen Sie nach einer schnellen und soliden Schraubpfahlgr\u00fcndung f\u00fcr Ihr Projekt?&nbsp; Sie sind auf der Suche nach der perfekten Grundlage f\u00fcr Ihr Projekt? Suchen Sie nicht weiter! FIRST BASE Schraubfundamente sind die L\u00f6sung, die Sie brauchen. Unsere Schraubfundamente bieten eine solide Basis, ohne dass gegraben oder betoniert werden muss. Entdecken Sie im Folgenden, warum unsere [&hellip;]\" \/>\n<meta property=\"og:url\" content=\"https:\/\/firstbasegroundscrews.com\/de\/schraubfundamente\/\" \/>\n<meta property=\"og:site_name\" content=\"FIRST BASE Ground Screws\" \/>\n<meta property=\"article:modified_time\" content=\"2024-10-08T10:53:20+00:00\" \/>\n<meta property=\"og:image\" content=\"https:\/\/firstbasegroundscrews.com\/wp-content\/uploads\/2022\/09\/XS-2.5-DSC08368-700x381.jpg\" \/>\n<meta name=\"twitter:card\" content=\"summary_large_image\" \/>\n<meta name=\"twitter:label1\" content=\"Gesch\u00e4tzte Lesezeit\" \/>\n\t<meta name=\"twitter:data1\" content=\"2\u00a0Minuten\" \/>\n<script type=\"application\/ld+json\" class=\"yoast-schema-graph\">{\"@context\":\"https:\\\/\\\/schema.org\",\"@graph\":[{\"@type\":\"WebPage\",\"@id\":\"https:\\\/\\\/firstbasegroundscrews.com\\\/de\\\/schraubfundamente\\\/\",\"url\":\"https:\\\/\\\/firstbasegroundscrews.com\\\/de\\\/schraubfundamente\\\/\",\"name\":\"Schraubfundamente - FIRST BASE Ground Screws\",\"isPartOf\":{\"@id\":\"https:\\\/\\\/firstbasegroundscrews.com\\\/de\\\/#website\"},\"primaryImageOfPage\":{\"@id\":\"https:\\\/\\\/firstbasegroundscrews.com\\\/de\\\/schraubfundamente\\\/#primaryimage\"},\"image\":{\"@id\":\"https:\\\/\\\/firstbasegroundscrews.com\\\/de\\\/schraubfundamente\\\/#primaryimage\"},\"thumbnailUrl\":\"https:\\\/\\\/firstbasegroundscrews.com\\\/wp-content\\\/uploads\\\/2022\\\/09\\\/XS-2.5-DSC08368-700x381.jpg\",\"datePublished\":\"2024-10-08T10:53:19+00:00\",\"dateModified\":\"2024-10-08T10:53:20+00:00\",\"breadcrumb\":{\"@id\":\"https:\\\/\\\/firstbasegroundscrews.com\\\/de\\\/schraubfundamente\\\/#breadcrumb\"},\"inLanguage\":\"de\",\"potentialAction\":[{\"@type\":\"ReadAction\",\"target\":[\"https:\\\/\\\/firstbasegroundscrews.com\\\/de\\\/schraubfundamente\\\/\"]}]},{\"@type\":\"ImageObject\",\"inLanguage\":\"de\",\"@id\":\"https:\\\/\\\/firstbasegroundscrews.com\\\/de\\\/schraubfundamente\\\/#primaryimage\",\"url\":\"https:\\\/\\\/firstbasegroundscrews.com\\\/wp-content\\\/uploads\\\/2022\\\/09\\\/XS-2.5-DSC08368-700x381.jpg\",\"contentUrl\":\"https:\\\/\\\/firstbasegroundscrews.com\\\/wp-content\\\/uploads\\\/2022\\\/09\\\/XS-2.5-DSC08368-700x381.jpg\"},{\"@type\":\"BreadcrumbList\",\"@id\":\"https:\\\/\\\/firstbasegroundscrews.com\\\/de\\\/schraubfundamente\\\/#breadcrumb\",\"itemListElement\":[{\"@type\":\"ListItem\",\"position\":1,\"name\":\"Home\",\"item\":\"https:\\\/\\\/firstbasegroundscrews.com\\\/de\\\/\"},{\"@type\":\"ListItem\",\"position\":2,\"name\":\"Schraubfundamente\"}]},{\"@type\":\"WebSite\",\"@id\":\"https:\\\/\\\/firstbasegroundscrews.com\\\/de\\\/#website\",\"url\":\"https:\\\/\\\/firstbasegroundscrews.com\\\/de\\\/\",\"name\":\"FIRST BASE Ground Screws\",\"description\":\"High quality ground screws for solid foundations\",\"potentialAction\":[{\"@type\":\"SearchAction\",\"target\":{\"@type\":\"EntryPoint\",\"urlTemplate\":\"https:\\\/\\\/firstbasegroundscrews.com\\\/de\\\/?s={search_term_string}\"},\"query-input\":{\"@type\":\"PropertyValueSpecification\",\"valueRequired\":true,\"valueName\":\"search_term_string\"}}],\"inLanguage\":\"de\"}]}<\/script>\n<!-- \/ Yoast SEO plugin. -->","yoast_head_json":{"title":"Schraubfundamente - FIRST BASE Ground Screws","robots":{"index":"index","follow":"follow","max-snippet":"max-snippet:-1","max-image-preview":"max-image-preview:large","max-video-preview":"max-video-preview:-1"},"canonical":"https:\/\/firstbasegroundscrews.com\/de\/schraubfundamente\/","og_locale":"de_DE","og_type":"article","og_title":"Schraubfundamente - FIRST BASE Ground Screws","og_description":"Suchen Sie nach einer schnellen und soliden Schraubpfahlgr\u00fcndung f\u00fcr Ihr Projekt?&nbsp; Sie sind auf der Suche nach der perfekten Grundlage f\u00fcr Ihr Projekt? Suchen Sie nicht weiter! FIRST BASE Schraubfundamente sind die L\u00f6sung, die Sie brauchen. Unsere Schraubfundamente bieten eine solide Basis, ohne dass gegraben oder betoniert werden muss. Entdecken Sie im Folgenden, warum unsere [&hellip;]","og_url":"https:\/\/firstbasegroundscrews.com\/de\/schraubfundamente\/","og_site_name":"FIRST BASE Ground Screws","article_modified_time":"2024-10-08T10:53:20+00:00","og_image":[{"url":"https:\/\/firstbasegroundscrews.com\/wp-content\/uploads\/2022\/09\/XS-2.5-DSC08368-700x381.jpg","type":"","width":"","height":""}],"twitter_card":"summary_large_image","twitter_misc":{"Gesch\u00e4tzte Lesezeit":"2\u00a0Minuten"},"schema":{"@context":"https:\/\/schema.org","@graph":[{"@type":"WebPage","@id":"https:\/\/firstbasegroundscrews.com\/de\/schraubfundamente\/","url":"https:\/\/firstbasegroundscrews.com\/de\/schraubfundamente\/","name":"Schraubfundamente - FIRST BASE Ground Screws","isPartOf":{"@id":"https:\/\/firstbasegroundscrews.com\/de\/#website"},"primaryImageOfPage":{"@id":"https:\/\/firstbasegroundscrews.com\/de\/schraubfundamente\/#primaryimage"},"image":{"@id":"https:\/\/firstbasegroundscrews.com\/de\/schraubfundamente\/#primaryimage"},"thumbnailUrl":"https:\/\/firstbasegroundscrews.com\/wp-content\/uploads\/2022\/09\/XS-2.5-DSC08368-700x381.jpg","datePublished":"2024-10-08T10:53:19+00:00","dateModified":"2024-10-08T10:53:20+00:00","breadcrumb":{"@id":"https:\/\/firstbasegroundscrews.com\/de\/schraubfundamente\/#breadcrumb"},"inLanguage":"de","potentialAction":[{"@type":"ReadAction","target":["https:\/\/firstbasegroundscrews.com\/de\/schraubfundamente\/"]}]},{"@type":"ImageObject","inLanguage":"de","@id":"https:\/\/firstbasegroundscrews.com\/de\/schraubfundamente\/#primaryimage","url":"https:\/\/firstbasegroundscrews.com\/wp-content\/uploads\/2022\/09\/XS-2.5-DSC08368-700x381.jpg","contentUrl":"https:\/\/firstbasegroundscrews.com\/wp-content\/uploads\/2022\/09\/XS-2.5-DSC08368-700x381.jpg"},{"@type":"BreadcrumbList","@id":"https:\/\/firstbasegroundscrews.com\/de\/schraubfundamente\/#breadcrumb","itemListElement":[{"@type":"ListItem","position":1,"name":"Home","item":"https:\/\/firstbasegroundscrews.com\/de\/"},{"@type":"ListItem","position":2,"name":"Schraubfundamente"}]},{"@type":"WebSite","@id":"https:\/\/firstbasegroundscrews.com\/de\/#website","url":"https:\/\/firstbasegroundscrews.com\/de\/","name":"FIRST BASE Ground Screws","description":"High quality ground screws for solid foundations","potentialAction":[{"@type":"SearchAction","target":{"@type":"EntryPoint","urlTemplate":"https:\/\/firstbasegroundscrews.com\/de\/?s={search_term_string}"},"query-input":{"@type":"PropertyValueSpecification","valueRequired":true,"valueName":"search_term_string"}}],"inLanguage":"de"}]}},"_links":{"self":[{"href":"https:\/\/firstbasegroundscrews.com\/de\/wp-json\/wp\/v2\/pages\/9627","targetHints":{"allow":["GET"]}}],"collection":[{"href":"https:\/\/firstbasegroundscrews.com\/de\/wp-json\/wp\/v2\/pages"}],"about":[{"href":"https:\/\/firstbasegroundscrews.com\/de\/wp-json\/wp\/v2\/types\/page"}],"author":[{"embeddable":true,"href":"https:\/\/firstbasegroundscrews.com\/de\/wp-json\/wp\/v2\/users\/1"}],"replies":[{"embeddable":true,"href":"https:\/\/firstbasegroundscrews.com\/de\/wp-json\/wp\/v2\/comments?post=9627"}],"version-history":[{"count":1,"href":"https:\/\/firstbasegroundscrews.com\/de\/wp-json\/wp\/v2\/pages\/9627\/revisions"}],"predecessor-version":[{"id":9628,"href":"https:\/\/firstbasegroundscrews.com\/de\/wp-json\/wp\/v2\/pages\/9627\/revisions\/9628"}],"wp:attachment":[{"href":"https:\/\/firstbasegroundscrews.com\/de\/wp-json\/wp\/v2\/media?parent=9627"}],"curies":[{"name":"wp","href":"https:\/\/api.w.org\/{rel}","templated":true}]}}