{"id":9619,"date":"2024-10-08T10:43:40","date_gmt":"2024-10-08T10:43:40","guid":{"rendered":"https:\/\/firstbasegroundscrews.com\/?page_id=9619"},"modified":"2024-10-08T10:43:42","modified_gmt":"2024-10-08T10:43:42","slug":"abonnieren-sie-den-newsletter","status":"publish","type":"page","link":"https:\/\/firstbasegroundscrews.com\/de\/abonnieren-sie-den-newsletter\/","title":{"rendered":"Abonnieren Sie den Newsletter"},"content":{"rendered":"<noscript class=\"ninja-forms-noscript-message\">\n\tHinweis: F\u00fcr diesen Inhalt ist JavaScript erforderlich.<\/noscript>\n<div id=\"nf-form-27-cont\" class=\"nf-form-cont\" aria-live=\"polite\" aria-labelledby=\"nf-form-title-27\" aria-describedby=\"nf-form-errors-27\" role=\"form\">\n\n    <div class=\"nf-loading-spinner\"><\/div>\n\n<\/div>\n        <!-- That data is being printed as a workaround to page builders reordering the order of the scripts loaded-->\n        <script>var formDisplay=1;var nfForms=nfForms||[];var form=[];form.id='27';form.settings={\"objectType\":\"Form Setting\",\"editActive\":true,\"title\":\"Bleiben Sie auf dem Laufenden\",\"created_at\":\"2022-05-04 15:00:47\",\"form_title\":\"Keep up with our latest news\",\"default_label_pos\":\"above\",\"show_title\":\"1\",\"clear_complete\":\"1\",\"hide_complete\":\"1\",\"logged_in\":\"0\",\"wrapper_class\":\"\",\"element_class\":\"\",\"key\":\"\",\"add_submit\":\"0\",\"currency\":\"\",\"repeatable_fieldsets\":\"\",\"unique_field_error\":\"A form with this value has already been submitted.\",\"not_logged_in_msg\":\"\",\"sub_limit_msg\":\"The form has reached its submission limit.\",\"calculations\":[],\"conditions\":[],\"formContentData\":[\"name_1644227049071\",\"nachname_1683209162249\",\"e-mail_1683209204800\",\"ich_bin_mit_den_datenschutzbestimmungen_von_first_base_schraubfundamente_einverstanden_1737544162981\",\"abonnieren_1686726327473\"],\"changeEmailErrorMsg\":\"Bitte gib eine g\\u00fcltige E-Mail-Adresse ein.\",\"changeDateErrorMsg\":\"Bitte gib ein g\\u00fcltiges Datum ein!\",\"confirmFieldErrorMsg\":\"Diese Felder m\\u00fcssen \\u00fcbereinstimmen!\",\"fieldNumberNumMinError\":\"Die eingegebene Zahl ist zu klein.\",\"fieldNumberNumMaxError\":\"Die eingegebene Zahl ist zu gross.\",\"fieldNumberIncrementBy\":\"Bitte erh\\u00f6hen in Schritten von\",\"formErrorsCorrectErrors\":\"Bitte korrigiere die Fehler, bevor du das Formular sendest.\",\"validateRequiredField\":\"Dies ist ein Pflichtfeld.\",\"honeypotHoneypotError\":\"Honeypot-Fehler\",\"fieldsMarkedRequired\":\"Felder mit einem <span class=\\\"ninja-forms-req-symbol\\\">*<\\\/span> sind Pflichtfelder\",\"drawerDisabled\":false,\"form_title_heading_level\":\"3\",\"allow_public_link\":0,\"embed_form\":\"\",\"objectDomain\":\"display\",\"ninjaForms\":\"Ninja Forms\",\"fieldTextareaRTEInsertLink\":\"Link einf\\u00fcgen\",\"fieldTextareaRTEInsertMedia\":\"Medien einf\\u00fcgen\",\"fieldTextareaRTESelectAFile\":\"Eine Datei ausw\\u00e4hlen\",\"formHoneypot\":\"Falls du ein Mensch bist und dieses Feld siehst, dann lasse es bitte leer.\",\"fileUploadOldCodeFileUploadInProgress\":\"Datei-Upload l\\u00e4uft.\",\"fileUploadOldCodeFileUpload\":\"DATEI-UPLOAD\",\"currencySymbol\":\"&#36;\",\"thousands_sep\":\".\",\"decimal_point\":\",\",\"siteLocale\":\"de_DE\",\"dateFormat\":\"m\\\/d\\\/Y\",\"startOfWeek\":\"1\",\"of\":\"von\",\"previousMonth\":\"Vorheriger Monat\",\"nextMonth\":\"N\\u00e4chster Monat\",\"months\":[\"Januar\",\"Februar\",\"M\\u00e4rz\",\"April\",\"Mai\",\"Juni\",\"Juli\",\"August\",\"September\",\"Oktober\",\"November\",\"Dezember\"],\"monthsShort\":[\"Jan.\",\"Feb.\",\"M\\u00e4rz\",\"Apr.\",\"Mai\",\"Juni\",\"Juli\",\"Aug\",\"Sep.\",\"Okt.\",\"Nov.\",\"Dez.\"],\"weekdays\":[\"Sonntag\",\"Montag\",\"Dienstag\",\"Mittwoch\",\"Donnerstag\",\"Freitag\",\"Samstag\"],\"weekdaysShort\":[\"So.\",\"Mo.\",\"Di.\",\"Mi.\",\"Do.\",\"Fr.\",\"Sa.\"],\"weekdaysMin\":[\"So.\",\"Mo.\",\"Di.\",\"Mi.\",\"Do.\",\"Fr.\",\"Sa.\"],\"recaptchaConsentMissing\":\"reCaptcha validation couldn&#039;t load.\",\"recaptchaMissingCookie\":\"reCaptcha v3 validation couldn&#039;t load the cookie needed to submit the form.\",\"recaptchaConsentEvent\":\"Accept reCaptcha cookies before sending the form.\",\"currency_symbol\":\"\",\"beforeForm\":\"\",\"beforeFields\":\"\",\"afterFields\":\"\",\"afterForm\":\"\"};form.fields=[{\"objectType\":\"Field\",\"objectDomain\":\"fields\",\"editActive\":false,\"order\":1,\"idAttribute\":\"id\",\"type\":\"firstname\",\"label\":\"Name\",\"key\":\"name_1644227049071\",\"label_pos\":\"above\",\"required\":1,\"default\":\"\",\"placeholder\":\"\",\"container_class\":\"\",\"element_class\":\"\",\"admin_label\":\"\",\"help_text\":\"\",\"custom_name_attribute\":\"fname\",\"personally_identifiable\":1,\"value\":\"\",\"drawerDisabled\":\"\",\"field_label\":\"Name\",\"field_key\":\"name_1644227049071\",\"id\":401,\"beforeField\":\"\",\"afterField\":\"\",\"parentType\":\"firstname\",\"element_templates\":[\"firstname\",\"input\"],\"old_classname\":\"\",\"wrap_template\":\"wrap\"},{\"objectType\":\"Field\",\"objectDomain\":\"fields\",\"editActive\":false,\"order\":2,\"idAttribute\":\"id\",\"type\":\"lastname\",\"label\":\"Nachname\",\"key\":\"nachname_1683209162249\",\"label_pos\":\"above\",\"required\":1,\"default\":\"\",\"placeholder\":\"\",\"container_class\":\"\",\"element_class\":\"\",\"admin_label\":\"\",\"help_text\":\"\",\"custom_name_attribute\":\"lname\",\"personally_identifiable\":1,\"value\":\"\",\"drawerDisabled\":\"\",\"field_label\":\"Nachname\",\"field_key\":\"nachname_1683209162249\",\"id\":402,\"beforeField\":\"\",\"afterField\":\"\",\"parentType\":\"lastname\",\"element_templates\":[\"lastname\",\"input\"],\"old_classname\":\"\",\"wrap_template\":\"wrap\"},{\"objectType\":\"Field\",\"objectDomain\":\"fields\",\"editActive\":false,\"order\":3,\"idAttribute\":\"id\",\"label\":\"E-mail\",\"type\":\"email\",\"key\":\"e-mail_1683209204800\",\"label_pos\":\"above\",\"required\":\"\",\"default\":\"\",\"placeholder\":\"\",\"container_class\":\"\",\"element_class\":\"\",\"admin_label\":\"\",\"help_text\":\"\",\"custom_name_attribute\":\"email\",\"personally_identifiable\":1,\"value\":\"\",\"field_label\":\"E-mail\",\"field_key\":\"e-mail_1683209204800\",\"id\":403,\"beforeField\":\"\",\"afterField\":\"\",\"parentType\":\"email\",\"element_templates\":[\"email\",\"input\"],\"old_classname\":\"\",\"wrap_template\":\"wrap\"},{\"objectType\":\"Field\",\"objectDomain\":\"fields\",\"editActive\":false,\"order\":5,\"idAttribute\":\"id\",\"label\":\"Ich bin mit den Datenschutzbestimmungen von FIRST BASE Schraubfundamente einverstanden.\",\"type\":\"checkbox\",\"key\":\"ich_bin_mit_den_datenschutzbestimmungen_von_first_base_schraubfundamente_einverstanden_1737544162981\",\"label_pos\":\"left\",\"required\":1,\"container_class\":\"custom-check\",\"element_class\":\"\",\"manual_key\":\"\",\"admin_label\":\"\",\"help_text\":\"<p><br><\\\/p>\",\"default_value\":\"unchecked\",\"checked_value\":\"Checked\",\"unchecked_value\":\"Unchecked\",\"checked_calc_value\":\"\",\"unchecked_calc_value\":\"\",\"drawerDisabled\":false,\"default\":\"unchecked\",\"field_label\":\"Ich bin mit den Datenschutzbestimmungen f\\u00fcr FIRST BASE Bodenschrauben einverstanden.\\u2028\",\"field_key\":\"ich_bin_mit_den_datenschutzbestimmungen_fuer_first_base_bodenschrauben_einverstanden_1683209216419\",\"value\":\"unchecked\",\"id\":404,\"beforeField\":\"\",\"afterField\":\"\",\"parentType\":\"checkbox\",\"element_templates\":[\"checkbox\",\"input\"],\"old_classname\":\"\",\"wrap_template\":\"wrap\"},{\"objectType\":\"Field\",\"objectDomain\":\"fields\",\"editActive\":false,\"order\":6,\"idAttribute\":\"id\",\"type\":\"submit\",\"label\":\"Abonnieren\",\"processing_label\":\"Processing\",\"container_class\":\"custom-submit-btn\",\"element_class\":\"\",\"key\":\"abonnieren_1686726327473\",\"drawerDisabled\":\"\",\"field_label\":\"Abonnieren\",\"field_key\":\"abonnieren_1686726327473\",\"admin_label\":\"\",\"id\":405,\"beforeField\":\"\",\"afterField\":\"\",\"value\":\"\",\"label_pos\":\"above\",\"parentType\":\"textbox\",\"element_templates\":[\"submit\",\"button\",\"input\"],\"old_classname\":\"\",\"wrap_template\":\"wrap-no-label\"},{\"objectType\":\"Field\",\"objectDomain\":\"fields\",\"editActive\":false,\"order\":\"6.0\",\"type\":\"recaptcha_v3\",\"label\":\"Hidden\",\"key\":\"recaptcha_v3\",\"default\":\"\",\"admin_label\":\"\",\"drawerDisabled\":false,\"id\":\"24288\",\"beforeField\":\"\",\"afterField\":\"\",\"value\":\"\",\"label_pos\":\"above\",\"parentType\":\"hidden\",\"element_templates\":[\"recaptcha-v3\",\"hidden\",\"input\"],\"old_classname\":\"\",\"wrap_template\":\"wrap-no-label\",\"site_key\":\"6Ld9ZCYjAAAAAF4Y3QEdJTwGjtwU7Rpa2UHHni3V\"}];nfForms.push(form);<\/script>\n        \n\n\n<h2 class=\"wp-block-heading\">Immer als Erster informiert werden? Melden Sie sich f\u00fcr unseren Newsletter an<\/h2>\n\n\n\n<p>Nachrichten, Tipps von Fachleuten und n\u00fctzliche Informationen&nbsp;<\/p>\n\n\n\n<p>F\u00fcr uns geht es nicht nur darum, unseren Kunden und Partnern ein hochwertiges Schraubfundament zu liefern. Wir helfen Ihnen gerne mit n\u00fctzlichen Tipps und Anleitungen, erweitern Ihr Wissen mit aktuellen Produktinformationen, Neuigkeiten von unseren Profis und lassen uns von Projekten inspirieren, die auf unserem Schraubfundament gebaut wurden.&nbsp;<\/p>\n\n\n\n<h2 class=\"wp-block-heading\">Ich stimme zu mit&nbsp;<\/h2>\n\n\n\n<p>Mit der Anmeldung zu unserem Newsletter akzeptieren Sie unsere Datenschutzbestimmungen und geben Ihr Einverst\u00e4ndnis, dass wir von FIRST BASE Ground Screws Sie per E-Mail \u00fcber Neuigkeiten, Entwicklungen und mehr informieren d\u00fcrfen. Sie k\u00f6nnen diesen Newsletter jederzeit \u00fcber den Abmeldelink in unseren E-Mails abbestellen.<\/p>\n","protected":false},"excerpt":{"rendered":"Immer als Erster informiert werden? Melden Sie sich f\u00fcr unseren Newsletter an Nachrichten, Tipps von Fachleuten und n\u00fctzliche Informationen&nbsp; F\u00fcr uns geht es nicht nur darum, unseren Kunden und Partnern ein hochwertiges Schraubfundament zu liefern. Wir helfen Ihnen gerne mit n\u00fctzlichen Tipps und Anleitungen, erweitern Ihr Wissen mit aktuellen Produktinformationen, Neuigkeiten von unseren Profis und [&hellip;]","protected":false},"author":1,"featured_media":0,"parent":0,"menu_order":0,"comment_status":"closed","ping_status":"closed","template":"","meta":{"_acf_changed":false,"footnotes":""},"class_list":["post-9619","page","type-page","status-publish","hentry"],"acf":[],"yoast_head":"<!-- This site is optimized with the Yoast SEO plugin v27.3 - https:\/\/yoast.com\/product\/yoast-seo-wordpress\/ -->\n<title>Abonnieren Sie den Newsletter - FIRST BASE Ground Screws<\/title>\n<meta name=\"robots\" content=\"index, follow, max-snippet:-1, max-image-preview:large, max-video-preview:-1\" \/>\n<link rel=\"canonical\" href=\"https:\/\/firstbasegroundscrews.com\/de\/abonnieren-sie-den-newsletter\/\" \/>\n<meta property=\"og:locale\" content=\"de_DE\" \/>\n<meta property=\"og:type\" content=\"article\" \/>\n<meta property=\"og:title\" content=\"Abonnieren Sie den Newsletter - FIRST BASE Ground Screws\" \/>\n<meta property=\"og:description\" content=\"Immer als Erster informiert werden? Melden Sie sich f\u00fcr unseren Newsletter an Nachrichten, Tipps von Fachleuten und n\u00fctzliche Informationen&nbsp; F\u00fcr uns geht es nicht nur darum, unseren Kunden und Partnern ein hochwertiges Schraubfundament zu liefern. Wir helfen Ihnen gerne mit n\u00fctzlichen Tipps und Anleitungen, erweitern Ihr Wissen mit aktuellen Produktinformationen, Neuigkeiten von unseren Profis und [&hellip;]\" \/>\n<meta property=\"og:url\" content=\"https:\/\/firstbasegroundscrews.com\/de\/abonnieren-sie-den-newsletter\/\" \/>\n<meta property=\"og:site_name\" content=\"FIRST BASE Ground Screws\" \/>\n<meta property=\"article:modified_time\" content=\"2024-10-08T10:43:42+00:00\" \/>\n<meta name=\"twitter:card\" content=\"summary_large_image\" \/>\n<meta name=\"twitter:label1\" content=\"Gesch\u00e4tzte Lesezeit\" \/>\n\t<meta name=\"twitter:data1\" content=\"1\u00a0Minute\" \/>\n<script type=\"application\/ld+json\" class=\"yoast-schema-graph\">{\"@context\":\"https:\\\/\\\/schema.org\",\"@graph\":[{\"@type\":\"WebPage\",\"@id\":\"https:\\\/\\\/firstbasegroundscrews.com\\\/de\\\/abonnieren-sie-den-newsletter\\\/\",\"url\":\"https:\\\/\\\/firstbasegroundscrews.com\\\/de\\\/abonnieren-sie-den-newsletter\\\/\",\"name\":\"Abonnieren Sie den Newsletter - FIRST BASE Ground Screws\",\"isPartOf\":{\"@id\":\"https:\\\/\\\/firstbasegroundscrews.com\\\/de\\\/#website\"},\"datePublished\":\"2024-10-08T10:43:40+00:00\",\"dateModified\":\"2024-10-08T10:43:42+00:00\",\"breadcrumb\":{\"@id\":\"https:\\\/\\\/firstbasegroundscrews.com\\\/de\\\/abonnieren-sie-den-newsletter\\\/#breadcrumb\"},\"inLanguage\":\"de\",\"potentialAction\":[{\"@type\":\"ReadAction\",\"target\":[\"https:\\\/\\\/firstbasegroundscrews.com\\\/de\\\/abonnieren-sie-den-newsletter\\\/\"]}]},{\"@type\":\"BreadcrumbList\",\"@id\":\"https:\\\/\\\/firstbasegroundscrews.com\\\/de\\\/abonnieren-sie-den-newsletter\\\/#breadcrumb\",\"itemListElement\":[{\"@type\":\"ListItem\",\"position\":1,\"name\":\"Home\",\"item\":\"https:\\\/\\\/firstbasegroundscrews.com\\\/de\\\/\"},{\"@type\":\"ListItem\",\"position\":2,\"name\":\"Abonnieren Sie den Newsletter\"}]},{\"@type\":\"WebSite\",\"@id\":\"https:\\\/\\\/firstbasegroundscrews.com\\\/de\\\/#website\",\"url\":\"https:\\\/\\\/firstbasegroundscrews.com\\\/de\\\/\",\"name\":\"FIRST BASE Ground Screws\",\"description\":\"High quality ground screws for solid foundations\",\"potentialAction\":[{\"@type\":\"SearchAction\",\"target\":{\"@type\":\"EntryPoint\",\"urlTemplate\":\"https:\\\/\\\/firstbasegroundscrews.com\\\/de\\\/?s={search_term_string}\"},\"query-input\":{\"@type\":\"PropertyValueSpecification\",\"valueRequired\":true,\"valueName\":\"search_term_string\"}}],\"inLanguage\":\"de\"}]}<\/script>\n<!-- \/ Yoast SEO plugin. -->","yoast_head_json":{"title":"Abonnieren Sie den Newsletter - FIRST BASE Ground Screws","robots":{"index":"index","follow":"follow","max-snippet":"max-snippet:-1","max-image-preview":"max-image-preview:large","max-video-preview":"max-video-preview:-1"},"canonical":"https:\/\/firstbasegroundscrews.com\/de\/abonnieren-sie-den-newsletter\/","og_locale":"de_DE","og_type":"article","og_title":"Abonnieren Sie den Newsletter - FIRST BASE Ground Screws","og_description":"Immer als Erster informiert werden? Melden Sie sich f\u00fcr unseren Newsletter an Nachrichten, Tipps von Fachleuten und n\u00fctzliche Informationen&nbsp; F\u00fcr uns geht es nicht nur darum, unseren Kunden und Partnern ein hochwertiges Schraubfundament zu liefern. Wir helfen Ihnen gerne mit n\u00fctzlichen Tipps und Anleitungen, erweitern Ihr Wissen mit aktuellen Produktinformationen, Neuigkeiten von unseren Profis und [&hellip;]","og_url":"https:\/\/firstbasegroundscrews.com\/de\/abonnieren-sie-den-newsletter\/","og_site_name":"FIRST BASE Ground Screws","article_modified_time":"2024-10-08T10:43:42+00:00","twitter_card":"summary_large_image","twitter_misc":{"Gesch\u00e4tzte Lesezeit":"1\u00a0Minute"},"schema":{"@context":"https:\/\/schema.org","@graph":[{"@type":"WebPage","@id":"https:\/\/firstbasegroundscrews.com\/de\/abonnieren-sie-den-newsletter\/","url":"https:\/\/firstbasegroundscrews.com\/de\/abonnieren-sie-den-newsletter\/","name":"Abonnieren Sie den Newsletter - FIRST BASE Ground Screws","isPartOf":{"@id":"https:\/\/firstbasegroundscrews.com\/de\/#website"},"datePublished":"2024-10-08T10:43:40+00:00","dateModified":"2024-10-08T10:43:42+00:00","breadcrumb":{"@id":"https:\/\/firstbasegroundscrews.com\/de\/abonnieren-sie-den-newsletter\/#breadcrumb"},"inLanguage":"de","potentialAction":[{"@type":"ReadAction","target":["https:\/\/firstbasegroundscrews.com\/de\/abonnieren-sie-den-newsletter\/"]}]},{"@type":"BreadcrumbList","@id":"https:\/\/firstbasegroundscrews.com\/de\/abonnieren-sie-den-newsletter\/#breadcrumb","itemListElement":[{"@type":"ListItem","position":1,"name":"Home","item":"https:\/\/firstbasegroundscrews.com\/de\/"},{"@type":"ListItem","position":2,"name":"Abonnieren Sie den Newsletter"}]},{"@type":"WebSite","@id":"https:\/\/firstbasegroundscrews.com\/de\/#website","url":"https:\/\/firstbasegroundscrews.com\/de\/","name":"FIRST BASE Ground Screws","description":"High quality ground screws for solid foundations","potentialAction":[{"@type":"SearchAction","target":{"@type":"EntryPoint","urlTemplate":"https:\/\/firstbasegroundscrews.com\/de\/?s={search_term_string}"},"query-input":{"@type":"PropertyValueSpecification","valueRequired":true,"valueName":"search_term_string"}}],"inLanguage":"de"}]}},"_links":{"self":[{"href":"https:\/\/firstbasegroundscrews.com\/de\/wp-json\/wp\/v2\/pages\/9619","targetHints":{"allow":["GET"]}}],"collection":[{"href":"https:\/\/firstbasegroundscrews.com\/de\/wp-json\/wp\/v2\/pages"}],"about":[{"href":"https:\/\/firstbasegroundscrews.com\/de\/wp-json\/wp\/v2\/types\/page"}],"author":[{"embeddable":true,"href":"https:\/\/firstbasegroundscrews.com\/de\/wp-json\/wp\/v2\/users\/1"}],"replies":[{"embeddable":true,"href":"https:\/\/firstbasegroundscrews.com\/de\/wp-json\/wp\/v2\/comments?post=9619"}],"version-history":[{"count":1,"href":"https:\/\/firstbasegroundscrews.com\/de\/wp-json\/wp\/v2\/pages\/9619\/revisions"}],"predecessor-version":[{"id":9620,"href":"https:\/\/firstbasegroundscrews.com\/de\/wp-json\/wp\/v2\/pages\/9619\/revisions\/9620"}],"wp:attachment":[{"href":"https:\/\/firstbasegroundscrews.com\/de\/wp-json\/wp\/v2\/media?parent=9619"}],"curies":[{"name":"wp","href":"https:\/\/api.w.org\/{rel}","templated":true}]}}