{"id":8255,"date":"2021-06-24T09:13:06","date_gmt":"2021-06-24T09:13:06","guid":{"rendered":"https:\/\/firstbasegroundscrews.com\/privacy-policy\/"},"modified":"2024-08-05T11:20:31","modified_gmt":"2024-08-05T11:20:31","slug":"impressum","status":"publish","type":"page","link":"https:\/\/firstbasegroundscrews.com\/de\/impressum\/","title":{"rendered":"Impressum"},"content":{"rendered":"\n<h2 class=\"wp-block-heading\" id=\"klantenservice\">Impressum<\/h2>\n\n\n\n<p>Die folgende Datenschutzerkl\u00e4rung gilt f\u00fcr alle Website-Besuche, Transaktionen und Vereinbarungen mit FIRST BASE Schraubfundamente GmbH (im Folgenden: FIRST BASE Ground Screws), Nassauerallee 112, 47533 Kleve.<\/p>\n\n\n\n<h4 class=\"wp-block-heading\"><strong>Von uns verarbeitete personenbezogene Daten<\/strong><\/h4>\n\n\n\n<p>FIRST BASE Schraubfundamente kann personenbezogene Daten \u00fcber Sie verarbeiten, weil Sie die Dienste von FIRST BASE Schraubfundamente nutzen und\/oder weil Sie diese teilen, indem Sie Ihre E-Mail-Adresse auf unserer Website eingeben.<\/p>\n\n\n\n<p>Die personenbezogenen Daten, die bei FIRST BASE Schraubfundamente verarbeitet werden k\u00f6nnen:<\/p>\n\n\n\n<ul class=\"wp-block-list\">\n<li>Ihr Vor- und Nachname<\/li>\n\n\n\n<li>Ihre Adresse<\/li>\n\n\n\n<li>Ihr Wohnort<\/li>\n\n\n\n<li>Ihre Telefonnummer<\/li>\n\n\n\n<li>Ihre E-Mail-Adresse<\/li>\n\n\n\n<li>Zus\u00e4tzliche Informationen, falls erforderlich, f\u00fcr den spezifischen Dienst, den Sie verwenden m\u00f6chten.<\/li>\n<\/ul>\n\n\n\n<p>Diese Informationen werden von uns nur f\u00fcr den beschriebenen Zweck verwendet.<\/p>\n\n\n\n<h4 class=\"wp-block-heading\"><strong>Wof\u00fcr ben\u00f6tigt FIRST BASE Schraubfundamente diese Daten?&nbsp;<\/strong><\/h4>\n\n\n\n<p>FIRST BASE Schraubfundamente verarbeitet Ihre personenbezogenen Daten, um Sie kontaktieren zu k\u00f6nnen. Sowohl telefonisch als auch schriftlich (per E-Mail oder Post).<\/p>\n\n\n\n<p>Dar\u00fcber hinaus kann FIRST BASE Schraubfundamente Ihre personenbezogenen Daten im Rahmen der Durchf\u00fchrung eines Auftrags verwenden, wenn dies mit Ihnen vereinbart wurde. Typischerweise bestehend aus technisch verwandten Dienstleistungen.<\/p>\n\n\n\n<h4 class=\"wp-block-heading\"><strong>Wie lange FIRST BASE Schraubfundamente Ihre Daten speichert<\/strong><\/h4>\n\n\n\n<p>Personenbezogene Daten d\u00fcrfen nicht l\u00e4nger als erforderlich gespeichert werden. Die Aufbewahrungsfrist richtet sich nach dem Zweck, zu dem wir die Daten erhalten oder erhoben haben, sowie nach etwaigen gesetzlichen Aufbewahrungspflichten. Bei Fragen wenden Sie sich bitte an <a href=\"mailto:info@firstbasegroundscrews.de\">info@firstbasegroundscrews.de<\/a>. <\/p>\n\n\n\n<h4 class=\"wp-block-heading\"><strong>Weitergabe an Dritte<\/strong><\/h4>\n\n\n\n<p>Wir geben Ihre personenbezogenen Daten an Gesch\u00e4ftspartner und Dritte weiter, wenn dies zur Durchf\u00fchrung des Vertrags und zur Erf\u00fcllung etwaiger rechtlicher Verpflichtungen erforderlich ist. In einigen anderen F\u00e4llen geben wir Ihre personenbezogenen Daten auch an Dritte weiter, jedoch nur mit Ihrer ausdr\u00fccklichen Zustimmung.<\/p>\n\n\n\n<p>Mit Unternehmen, die Ihre Daten in unserem Auftrag verarbeiten, schlie\u00dfen wir eine Verarbeitungsvereinbarung, um das gleiche Sicherheitsniveau zu gew\u00e4hrleisten und die Vertraulichkeit Ihrer Daten zu \u00fcberwachen. Wir bleiben f\u00fcr diese Verarbeitungsvorg\u00e4nge verantwortlich.<\/p>\n\n\n\n<h4 class=\"wp-block-heading\"><strong>Google Analytics<\/strong><\/h4>\n\n\n\n<p>FIRST BASE Schraubfundamente verwendet Google Analytics, um das Nutzerverhalten abzubilden und zu sehen, wie wir die Website verbessern k\u00f6nnen. Die gewonnenen Informationen werden ohne die Adresse Ihres Computers (die IP-Adresse wird anonymisiert) verschl\u00fcsselt \u00fcber eine sichere Verbindung an Google \u00fcbermittelt und von Google auf Servern in den USA gespeichert. Weitere Informationen zu den Datenschutzbestimmungen finden Sie auf <a href=\"https:\/\/policies.google.com\/privacy?hl=de\">der Website von Google<\/a>. Auch hier finden Sie die Datenschutzerkl\u00e4rung von Google Analytics. Google verwendet diese Informationen, um die Nutzung unserer Website zu verfolgen, um Berichte auf der FIRST BASE Schraubfundamente-Website bereitzustellen und um Werbetreibenden einen Einblick in den Effekt von Kampagnen zu geben.<\/p>\n\n\n\n<p>Das \u201eTeilen von Daten\u201c mit Google wurde deaktiviert. Dadurch hat Google keinen weiteren Zugriff auf Daten. FIRST BASE Schraubfundamente hat Google nicht die Erlaubnis erteilt, die \u00fcber FIRST BASE Schraubfundamente erhaltenen Analytics-Informationen f\u00fcr andere Google-Dienste zu verwenden.<\/p>\n\n\n\n<h4 class=\"wp-block-heading\"><strong>Cookies<\/strong><\/h4>\n\n\n\n<p>FIRST BASE Schraubfundamente verwendet Cookies auf der Webseite. Wir verwenden dies, um Ihre Pr\u00e4ferenzen zu speichern, Statistiken zu verfolgen und zu Marketingzwecken. Durch die Nutzung der Website erkl\u00e4ren Sie sich mit der Verwendung von Cookies einverstanden.<\/p>\n\n\n\n<p>Wir k\u00f6nnen personenbezogene Daten, die wir durch die Nutzung unserer Website erhalten, anonymisieren, so dass Sie nicht mehr identifizierbar sind. Solche Daten sind daher keine personenbezogenen Daten mehr und sind daher nicht mehr mit Datenschutzrisiken verbunden.<\/p>\n\n\n\n<p>Facebook Pixel, Conversion API oder andere Methoden k\u00f6nnen verwendet werden, um die Website f\u00fcr Sie zu optimieren und f\u00fcr Marketingzwecke zu nutzen.<\/p>\n\n\n\n<h4 class=\"wp-block-heading\"><strong>Daten anzeigen, \u00e4ndern oder l\u00f6schen<\/strong><\/h4>\n\n\n\n<p>Besucher der FIRST BASE Schraubfundamente-Website haben das Recht, ihre eigenen personenbezogenen Daten einzusehen, zu korrigieren oder l\u00f6schen zu lassen. Ein Antrag auf Einsichtnahme, Berichtigung oder L\u00f6schung kann an info@firstbase-diy.de. gesendet werden. Hierauf werden wir sp\u00e4testens innerhalb von 14 Tagen antworten.&nbsp;<\/p>\n\n\n\n<h4 class=\"wp-block-heading\"><strong>Wie FIRST BASE Schraubfundamente personenbezogene Daten sichert<\/strong><\/h4>\n\n\n\n<p>Wir nehmen den Schutz Ihrer Daten ernst. Und wir stellen sicher, dass geeignete Ma\u00dfnahmen getroffen werden, um Missbrauch, unbefugten Zugriff und andere Misst\u00e4nde zu verhindern. Beispielsweise ist die Website von FIRST BASE Schraubfundamente mit einem SSL-Zertifikat versehen. Das bedeutet, dass der gesamte Datenverkehr \u00fcber eine sichere Verbindung erfolgt. Wenn Sie den Eindruck haben, dass Ihre Daten nicht ordnungsgem\u00e4\u00df gesichert sind, wenden Sie sich bitte an&nbsp;<a href=\"mailto:info@firstbasegroundscrews.de\">info@firstbasegroundscrews.de<\/a>. <\/p>\n\n\n\n<h4 class=\"wp-block-heading\"><strong>Kontakt<\/strong><\/h4>\n\n\n\n<p><a href=\"http:\/\/www.firstbasegroundscrews.de\">www.firstbasegroundscrews.de<\/a>&nbsp;ist eine Website von FIRST BASE Ground Screws.<\/p>\n\n\n\n<p>FIRST BASE Schraubfundamente GmbH k\u00f6nnen Sie \u00fcber die folgenden Angaben erreichen:<br>Postanschrift: Nassauerallee 112, 47533 Kleve<br>Ust-IdNr: DE359526283<br>Handelsregister Nr: HRB 18593<br>Telefonnummer: +4928217483012<br>E-Mail-Adresse: <a href=\"mailto:info@firstbasegroundscrews.de\">info@firstbasegroundscrews.de<\/a><\/p>\n\n\n\n<div class=\"wp-block-group wrapper block\"><div class=\"wp-block-group__inner-container is-layout-flow wp-block-group-is-layout-flow\"><\/div><\/div>\n","protected":false},"excerpt":{"rendered":"Impressum Die folgende Datenschutzerkl\u00e4rung gilt f\u00fcr alle Website-Besuche, Transaktionen und Vereinbarungen mit FIRST BASE Schraubfundamente GmbH (im Folgenden: FIRST BASE Ground Screws), Nassauerallee 112, 47533 Kleve. Von uns verarbeitete personenbezogene Daten FIRST BASE Schraubfundamente kann personenbezogene Daten \u00fcber Sie verarbeiten, weil Sie die Dienste von FIRST BASE Schraubfundamente nutzen und\/oder weil Sie diese teilen, indem [&hellip;]","protected":false},"author":1,"featured_media":4179,"parent":0,"menu_order":0,"comment_status":"closed","ping_status":"closed","template":"","meta":{"_acf_changed":false,"footnotes":""},"class_list":["post-8255","page","type-page","status-publish","has-post-thumbnail","hentry"],"acf":[],"yoast_head":"<!-- This site is optimized with the Yoast SEO plugin v27.3 - https:\/\/yoast.com\/product\/yoast-seo-wordpress\/ -->\n<title>Impressum - FIRST BASE Ground Screws<\/title>\n<meta name=\"description\" content=\"The privacy policy below applies to all website visits, transactions and agreements with FIRST BASE Ground Screws International B.V.\" \/>\n<meta name=\"robots\" content=\"index, follow, max-snippet:-1, max-image-preview:large, max-video-preview:-1\" \/>\n<link rel=\"canonical\" href=\"https:\/\/firstbasegroundscrews.com\/de\/impressum\/\" \/>\n<meta property=\"og:locale\" content=\"de_DE\" \/>\n<meta property=\"og:type\" content=\"article\" \/>\n<meta property=\"og:title\" content=\"Impressum - FIRST BASE Ground Screws\" \/>\n<meta property=\"og:description\" content=\"The privacy policy below applies to all website visits, transactions and agreements with FIRST BASE Ground Screws International B.V.\" \/>\n<meta property=\"og:url\" content=\"https:\/\/firstbasegroundscrews.com\/de\/impressum\/\" \/>\n<meta property=\"og:site_name\" content=\"FIRST BASE Ground Screws\" \/>\n<meta property=\"article:modified_time\" content=\"2024-08-05T11:20:31+00:00\" \/>\n<meta property=\"og:image\" content=\"https:\/\/firstbasegroundscrews.com\/wp-content\/uploads\/2019\/07\/header-construction-1.jpg\" \/>\n\t<meta property=\"og:image:width\" content=\"1920\" \/>\n\t<meta property=\"og:image:height\" content=\"680\" \/>\n\t<meta property=\"og:image:type\" content=\"image\/jpeg\" \/>\n<meta name=\"twitter:card\" content=\"summary_large_image\" \/>\n<meta name=\"twitter:label1\" content=\"Gesch\u00e4tzte Lesezeit\" \/>\n\t<meta name=\"twitter:data1\" content=\"4\u00a0Minuten\" \/>\n<script type=\"application\/ld+json\" class=\"yoast-schema-graph\">{\"@context\":\"https:\\\/\\\/schema.org\",\"@graph\":[{\"@type\":\"WebPage\",\"@id\":\"https:\\\/\\\/firstbasegroundscrews.com\\\/de\\\/impressum\\\/\",\"url\":\"https:\\\/\\\/firstbasegroundscrews.com\\\/de\\\/impressum\\\/\",\"name\":\"Impressum - FIRST BASE Ground Screws\",\"isPartOf\":{\"@id\":\"https:\\\/\\\/firstbasegroundscrews.com\\\/de\\\/#website\"},\"primaryImageOfPage\":{\"@id\":\"https:\\\/\\\/firstbasegroundscrews.com\\\/de\\\/impressum\\\/#primaryimage\"},\"image\":{\"@id\":\"https:\\\/\\\/firstbasegroundscrews.com\\\/de\\\/impressum\\\/#primaryimage\"},\"thumbnailUrl\":\"https:\\\/\\\/firstbasegroundscrews.com\\\/wp-content\\\/uploads\\\/2019\\\/07\\\/header-construction-1.jpg\",\"datePublished\":\"2021-06-24T09:13:06+00:00\",\"dateModified\":\"2024-08-05T11:20:31+00:00\",\"description\":\"The privacy policy below applies to all website visits, transactions and agreements with FIRST BASE Ground Screws International B.V.\",\"breadcrumb\":{\"@id\":\"https:\\\/\\\/firstbasegroundscrews.com\\\/de\\\/impressum\\\/#breadcrumb\"},\"inLanguage\":\"de\",\"potentialAction\":[{\"@type\":\"ReadAction\",\"target\":[\"https:\\\/\\\/firstbasegroundscrews.com\\\/de\\\/impressum\\\/\"]}]},{\"@type\":\"ImageObject\",\"inLanguage\":\"de\",\"@id\":\"https:\\\/\\\/firstbasegroundscrews.com\\\/de\\\/impressum\\\/#primaryimage\",\"url\":\"https:\\\/\\\/firstbasegroundscrews.com\\\/wp-content\\\/uploads\\\/2019\\\/07\\\/header-construction-1.jpg\",\"contentUrl\":\"https:\\\/\\\/firstbasegroundscrews.com\\\/wp-content\\\/uploads\\\/2019\\\/07\\\/header-construction-1.jpg\",\"width\":1920,\"height\":680},{\"@type\":\"BreadcrumbList\",\"@id\":\"https:\\\/\\\/firstbasegroundscrews.com\\\/de\\\/impressum\\\/#breadcrumb\",\"itemListElement\":[{\"@type\":\"ListItem\",\"position\":1,\"name\":\"Home\",\"item\":\"https:\\\/\\\/firstbasegroundscrews.com\\\/de\\\/\"},{\"@type\":\"ListItem\",\"position\":2,\"name\":\"Impressum\"}]},{\"@type\":\"WebSite\",\"@id\":\"https:\\\/\\\/firstbasegroundscrews.com\\\/de\\\/#website\",\"url\":\"https:\\\/\\\/firstbasegroundscrews.com\\\/de\\\/\",\"name\":\"FIRST BASE Ground Screws\",\"description\":\"High quality ground screws for solid foundations\",\"potentialAction\":[{\"@type\":\"SearchAction\",\"target\":{\"@type\":\"EntryPoint\",\"urlTemplate\":\"https:\\\/\\\/firstbasegroundscrews.com\\\/de\\\/?s={search_term_string}\"},\"query-input\":{\"@type\":\"PropertyValueSpecification\",\"valueRequired\":true,\"valueName\":\"search_term_string\"}}],\"inLanguage\":\"de\"}]}<\/script>\n<!-- \/ Yoast SEO plugin. -->","yoast_head_json":{"title":"Impressum - FIRST BASE Ground Screws","description":"The privacy policy below applies to all website visits, transactions and agreements with FIRST BASE Ground Screws International B.V.","robots":{"index":"index","follow":"follow","max-snippet":"max-snippet:-1","max-image-preview":"max-image-preview:large","max-video-preview":"max-video-preview:-1"},"canonical":"https:\/\/firstbasegroundscrews.com\/de\/impressum\/","og_locale":"de_DE","og_type":"article","og_title":"Impressum - FIRST BASE Ground Screws","og_description":"The privacy policy below applies to all website visits, transactions and agreements with FIRST BASE Ground Screws International B.V.","og_url":"https:\/\/firstbasegroundscrews.com\/de\/impressum\/","og_site_name":"FIRST BASE Ground Screws","article_modified_time":"2024-08-05T11:20:31+00:00","og_image":[{"width":1920,"height":680,"url":"https:\/\/firstbasegroundscrews.com\/wp-content\/uploads\/2019\/07\/header-construction-1.jpg","type":"image\/jpeg"}],"twitter_card":"summary_large_image","twitter_misc":{"Gesch\u00e4tzte Lesezeit":"4\u00a0Minuten"},"schema":{"@context":"https:\/\/schema.org","@graph":[{"@type":"WebPage","@id":"https:\/\/firstbasegroundscrews.com\/de\/impressum\/","url":"https:\/\/firstbasegroundscrews.com\/de\/impressum\/","name":"Impressum - FIRST BASE Ground Screws","isPartOf":{"@id":"https:\/\/firstbasegroundscrews.com\/de\/#website"},"primaryImageOfPage":{"@id":"https:\/\/firstbasegroundscrews.com\/de\/impressum\/#primaryimage"},"image":{"@id":"https:\/\/firstbasegroundscrews.com\/de\/impressum\/#primaryimage"},"thumbnailUrl":"https:\/\/firstbasegroundscrews.com\/wp-content\/uploads\/2019\/07\/header-construction-1.jpg","datePublished":"2021-06-24T09:13:06+00:00","dateModified":"2024-08-05T11:20:31+00:00","description":"The privacy policy below applies to all website visits, transactions and agreements with FIRST BASE Ground Screws International B.V.","breadcrumb":{"@id":"https:\/\/firstbasegroundscrews.com\/de\/impressum\/#breadcrumb"},"inLanguage":"de","potentialAction":[{"@type":"ReadAction","target":["https:\/\/firstbasegroundscrews.com\/de\/impressum\/"]}]},{"@type":"ImageObject","inLanguage":"de","@id":"https:\/\/firstbasegroundscrews.com\/de\/impressum\/#primaryimage","url":"https:\/\/firstbasegroundscrews.com\/wp-content\/uploads\/2019\/07\/header-construction-1.jpg","contentUrl":"https:\/\/firstbasegroundscrews.com\/wp-content\/uploads\/2019\/07\/header-construction-1.jpg","width":1920,"height":680},{"@type":"BreadcrumbList","@id":"https:\/\/firstbasegroundscrews.com\/de\/impressum\/#breadcrumb","itemListElement":[{"@type":"ListItem","position":1,"name":"Home","item":"https:\/\/firstbasegroundscrews.com\/de\/"},{"@type":"ListItem","position":2,"name":"Impressum"}]},{"@type":"WebSite","@id":"https:\/\/firstbasegroundscrews.com\/de\/#website","url":"https:\/\/firstbasegroundscrews.com\/de\/","name":"FIRST BASE Ground Screws","description":"High quality ground screws for solid foundations","potentialAction":[{"@type":"SearchAction","target":{"@type":"EntryPoint","urlTemplate":"https:\/\/firstbasegroundscrews.com\/de\/?s={search_term_string}"},"query-input":{"@type":"PropertyValueSpecification","valueRequired":true,"valueName":"search_term_string"}}],"inLanguage":"de"}]}},"_links":{"self":[{"href":"https:\/\/firstbasegroundscrews.com\/de\/wp-json\/wp\/v2\/pages\/8255","targetHints":{"allow":["GET"]}}],"collection":[{"href":"https:\/\/firstbasegroundscrews.com\/de\/wp-json\/wp\/v2\/pages"}],"about":[{"href":"https:\/\/firstbasegroundscrews.com\/de\/wp-json\/wp\/v2\/types\/page"}],"author":[{"embeddable":true,"href":"https:\/\/firstbasegroundscrews.com\/de\/wp-json\/wp\/v2\/users\/1"}],"replies":[{"embeddable":true,"href":"https:\/\/firstbasegroundscrews.com\/de\/wp-json\/wp\/v2\/comments?post=8255"}],"version-history":[{"count":1,"href":"https:\/\/firstbasegroundscrews.com\/de\/wp-json\/wp\/v2\/pages\/8255\/revisions"}],"predecessor-version":[{"id":8256,"href":"https:\/\/firstbasegroundscrews.com\/de\/wp-json\/wp\/v2\/pages\/8255\/revisions\/8256"}],"wp:featuredmedia":[{"embeddable":true,"href":"https:\/\/firstbasegroundscrews.com\/de\/wp-json\/wp\/v2\/media\/4179"}],"wp:attachment":[{"href":"https:\/\/firstbasegroundscrews.com\/de\/wp-json\/wp\/v2\/media?parent=8255"}],"curies":[{"name":"wp","href":"https:\/\/api.w.org\/{rel}","templated":true}]}}