{"id":8250,"date":"2022-09-28T13:59:41","date_gmt":"2022-09-28T13:59:41","guid":{"rendered":"https:\/\/firstbasegroundscrews.com\/uber-first-base\/circular-foundation\/"},"modified":"2025-12-17T15:19:11","modified_gmt":"2025-12-17T15:19:11","slug":"zirkulaere-fundamente","status":"publish","type":"page","link":"https:\/\/firstbasegroundscrews.com\/de\/uber-first-base\/zirkulaere-fundamente\/","title":{"rendered":"Zirkul\u00e4re Fundamente"},"content":{"rendered":"\n<h2 class=\"wp-block-heading\"><strong>Nachhaltige, zirkul\u00e4re Fundamente<\/strong><\/h2>\n\n\n\n<p>Unsere Wurzeln sind tief verankert, genau wie unsere innovative Schraubfundamenttechnologie. Mit jahrelanger Erfahrung in der Branche haben wir unsere Expertise verfeinert, um dir die effizientesten, umweltfreundlichsten und kosteneffektiven Fundierungsl\u00f6sungen anzubieten. Was uns von anderen unterscheidet, ist unser Engagement f\u00fcr die Umwelt.<\/p>\n\n\n\n<p>Das Bauen mit Schraubpf\u00e4hlen ist eine nachhaltige und umweltfreundliche L\u00f6sung, um Strukturen auf einem soliden und stabilen Fundament zu schaffen. Im Gegensatz zu traditionellen Fundamenten, die Beton und andere nicht recycelbare Materialien verwenden, sind Erdschrauben vollst\u00e4ndig wiederverwendbar und k\u00f6nnen demontiert und anderswo eingesetzt werden.<\/p>\n\n\n\n<h3 class=\"wp-block-heading\">Die Vorteile<\/h3>\n\n\n\n<p>Die Verwendung von Schraubpf\u00e4hlen bietet nicht nur Vorteile in Bezug auf Nachhaltigkeit, sondern auch in Bezug auf Geschwindigkeit und Effizienz. Der Installationsprozess ist schnell und unkompliziert, da keine Ausgrabungen erforderlich sind und kein Beton gegossen und ausgeh\u00e4rtet werden muss. Das bedeutet, dass die Installationszeit k\u00fcrzer ist und die Bauarbeiten schneller abgeschlossen werden k\u00f6nnen.<\/p>\n\n\n\n<p>Dar\u00fcber hinaus bieten Schraubpf\u00e4hle eine hervorragende Stabilit\u00e4t und sind f\u00fcr eine Vielzahl von Projekten geeignet, von kleinen bis gro\u00dfen Konstruktionen. Die Schrauben k\u00f6nnen an die spezifischen Anforderungen des Projekts angepasst werden und k\u00f6nnen in nahezu jedem Bodentyp verwendet werden.<\/p>\n\n\n\n<p>Ein weiterer Vorteil des Bauens mit Schraubpf\u00e4hlen ist, dass es langfristig kosteneffektiv ist. Da die Schrauben demontiert und an anderer Stelle wiederverwendet werden k\u00f6nnen, entsteht weniger Abfall, und die Materialkosten f\u00fcr zuk\u00fcnftige Projekte werden gesenkt.<\/p>\n\n\n\n<h3 class=\"wp-block-heading\">Building Tomorrow, Today<\/h3>\n\n\n\n<p>Wir glauben an Nachhaltigkeit, und unsere Schraubpf\u00e4hle sind so konzipiert, dass sie die \u00f6kologische Fu\u00dfabdruck deiner Projekte minimieren. Sie bieten eine umweltfreundlichere Alternative zu traditionellen Betonfundamenten und stellen sicher, dass du nicht nur besser baust, sondern auch zu einem ges\u00fcnderen Planeten beitr\u00e4gst. Unsere Schraubfundamente entsprechen den EN-1090-2 Standards und tragen das CE-Zeichen, eine gesetzliche Anforderung f\u00fcr Bauprodukte im EWR und dar\u00fcber hinaus. Diese Zertifizierung garantiert die Einhaltung von Vorschriften und Sicherheitsstandards.<\/p>\n\n\n\n<p><a href=\"https:\/\/firstbasegroundscrews.com\/de\/contact\/\">Kontaktiere<\/a> uns noch heute, um herauszufinden, wie wir dir bei der zirkul\u00e4ren Fundierung deines n\u00e4chsten Projekts helfen k\u00f6nnen.<\/p>\n\n\n\n<figure class=\"wp-block-image size-full\"><a href=\"https:\/\/www.mrpi.nl\/epd\/fixed-flange-and-extendable-ground-screws\/\"><img loading=\"lazy\" decoding=\"async\" width=\"312\" height=\"190\" src=\"https:\/\/firstbasegroundscrews.com\/wp-content\/uploads\/2024\/09\/ECO-EPD-Logo-rgb-400x280-1.png\" alt=\"\" class=\"wp-image-9371\" srcset=\"https:\/\/firstbasegroundscrews.com\/wp-content\/uploads\/2024\/09\/ECO-EPD-Logo-rgb-400x280-1.png 312w, https:\/\/firstbasegroundscrews.com\/wp-content\/uploads\/2024\/09\/ECO-EPD-Logo-rgb-400x280-1-250x152.png 250w, https:\/\/firstbasegroundscrews.com\/wp-content\/uploads\/2024\/09\/ECO-EPD-Logo-rgb-400x280-1-120x73.png 120w\" sizes=\"auto, (max-width: 312px) 100vw, 312px\" \/><\/a><\/figure>\n","protected":false},"excerpt":{"rendered":"Nachhaltige, zirkul\u00e4re Fundamente Unsere Wurzeln sind tief verankert, genau wie unsere innovative Schraubfundamenttechnologie. Mit jahrelanger Erfahrung in der Branche haben wir unsere Expertise verfeinert, um dir die effizientesten, umweltfreundlichsten und kosteneffektiven Fundierungsl\u00f6sungen anzubieten. Was uns von anderen unterscheidet, ist unser Engagement f\u00fcr die Umwelt. Das Bauen mit Schraubpf\u00e4hlen ist eine nachhaltige und umweltfreundliche L\u00f6sung, um [&hellip;]","protected":false},"author":1,"featured_media":4195,"parent":8210,"menu_order":0,"comment_status":"closed","ping_status":"closed","template":"","meta":{"_acf_changed":false,"footnotes":""},"class_list":["post-8250","page","type-page","status-publish","has-post-thumbnail","hentry"],"acf":[],"yoast_head":"<!-- This site is optimized with the Yoast SEO plugin v27.3 - https:\/\/yoast.com\/product\/yoast-seo-wordpress\/ -->\n<title>Zirkul\u00e4re Fundamente - FIRST BASE Ground Screws<\/title>\n<meta name=\"robots\" content=\"index, follow, max-snippet:-1, max-image-preview:large, max-video-preview:-1\" \/>\n<link rel=\"canonical\" href=\"https:\/\/firstbasegroundscrews.com\/de\/uber-first-base\/zirkulaere-fundamente\/\" \/>\n<meta property=\"og:locale\" content=\"de_DE\" \/>\n<meta property=\"og:type\" content=\"article\" \/>\n<meta property=\"og:title\" content=\"Zirkul\u00e4re Fundamente - FIRST BASE Ground Screws\" \/>\n<meta property=\"og:description\" content=\"Nachhaltige, zirkul\u00e4re Fundamente Unsere Wurzeln sind tief verankert, genau wie unsere innovative Schraubfundamenttechnologie. Mit jahrelanger Erfahrung in der Branche haben wir unsere Expertise verfeinert, um dir die effizientesten, umweltfreundlichsten und kosteneffektiven Fundierungsl\u00f6sungen anzubieten. Was uns von anderen unterscheidet, ist unser Engagement f\u00fcr die Umwelt. Das Bauen mit Schraubpf\u00e4hlen ist eine nachhaltige und umweltfreundliche L\u00f6sung, um [&hellip;]\" \/>\n<meta property=\"og:url\" content=\"https:\/\/firstbasegroundscrews.com\/de\/uber-first-base\/zirkulaere-fundamente\/\" \/>\n<meta property=\"og:site_name\" content=\"FIRST BASE Ground Screws\" \/>\n<meta property=\"article:modified_time\" content=\"2025-12-17T15:19:11+00:00\" \/>\n<meta property=\"og:image\" content=\"https:\/\/firstbasegroundscrews.com\/wp-content\/uploads\/2019\/08\/header-budget-e1733238685293.jpg\" \/>\n\t<meta property=\"og:image:width\" content=\"2259\" \/>\n\t<meta property=\"og:image:height\" content=\"800\" \/>\n\t<meta property=\"og:image:type\" content=\"image\/jpeg\" \/>\n<meta name=\"twitter:card\" content=\"summary_large_image\" \/>\n<meta name=\"twitter:label1\" content=\"Gesch\u00e4tzte Lesezeit\" \/>\n\t<meta name=\"twitter:data1\" content=\"2\u00a0Minuten\" \/>\n<script type=\"application\/ld+json\" class=\"yoast-schema-graph\">{\"@context\":\"https:\\\/\\\/schema.org\",\"@graph\":[{\"@type\":\"WebPage\",\"@id\":\"https:\\\/\\\/firstbasegroundscrews.com\\\/de\\\/uber-first-base\\\/zirkulaere-fundamente\\\/\",\"url\":\"https:\\\/\\\/firstbasegroundscrews.com\\\/de\\\/uber-first-base\\\/zirkulaere-fundamente\\\/\",\"name\":\"Zirkul\u00e4re Fundamente - FIRST BASE Ground Screws\",\"isPartOf\":{\"@id\":\"https:\\\/\\\/firstbasegroundscrews.com\\\/de\\\/#website\"},\"primaryImageOfPage\":{\"@id\":\"https:\\\/\\\/firstbasegroundscrews.com\\\/de\\\/uber-first-base\\\/zirkulaere-fundamente\\\/#primaryimage\"},\"image\":{\"@id\":\"https:\\\/\\\/firstbasegroundscrews.com\\\/de\\\/uber-first-base\\\/zirkulaere-fundamente\\\/#primaryimage\"},\"thumbnailUrl\":\"https:\\\/\\\/firstbasegroundscrews.com\\\/wp-content\\\/uploads\\\/2019\\\/08\\\/header-budget-e1733238685293.jpg\",\"datePublished\":\"2022-09-28T13:59:41+00:00\",\"dateModified\":\"2025-12-17T15:19:11+00:00\",\"breadcrumb\":{\"@id\":\"https:\\\/\\\/firstbasegroundscrews.com\\\/de\\\/uber-first-base\\\/zirkulaere-fundamente\\\/#breadcrumb\"},\"inLanguage\":\"de\",\"potentialAction\":[{\"@type\":\"ReadAction\",\"target\":[\"https:\\\/\\\/firstbasegroundscrews.com\\\/de\\\/uber-first-base\\\/zirkulaere-fundamente\\\/\"]}]},{\"@type\":\"ImageObject\",\"inLanguage\":\"de\",\"@id\":\"https:\\\/\\\/firstbasegroundscrews.com\\\/de\\\/uber-first-base\\\/zirkulaere-fundamente\\\/#primaryimage\",\"url\":\"https:\\\/\\\/firstbasegroundscrews.com\\\/wp-content\\\/uploads\\\/2019\\\/08\\\/header-budget-e1733238685293.jpg\",\"contentUrl\":\"https:\\\/\\\/firstbasegroundscrews.com\\\/wp-content\\\/uploads\\\/2019\\\/08\\\/header-budget-e1733238685293.jpg\",\"width\":2259,\"height\":800},{\"@type\":\"BreadcrumbList\",\"@id\":\"https:\\\/\\\/firstbasegroundscrews.com\\\/de\\\/uber-first-base\\\/zirkulaere-fundamente\\\/#breadcrumb\",\"itemListElement\":[{\"@type\":\"ListItem\",\"position\":1,\"name\":\"Home\",\"item\":\"https:\\\/\\\/firstbasegroundscrews.com\\\/de\\\/\"},{\"@type\":\"ListItem\",\"position\":2,\"name\":\"\u00dcber FIRST BASE\",\"item\":\"https:\\\/\\\/firstbasegroundscrews.com\\\/de\\\/uber-first-base\\\/\"},{\"@type\":\"ListItem\",\"position\":3,\"name\":\"Zirkul\u00e4re Fundamente\"}]},{\"@type\":\"WebSite\",\"@id\":\"https:\\\/\\\/firstbasegroundscrews.com\\\/de\\\/#website\",\"url\":\"https:\\\/\\\/firstbasegroundscrews.com\\\/de\\\/\",\"name\":\"FIRST BASE Ground Screws\",\"description\":\"High quality ground screws for solid foundations\",\"potentialAction\":[{\"@type\":\"SearchAction\",\"target\":{\"@type\":\"EntryPoint\",\"urlTemplate\":\"https:\\\/\\\/firstbasegroundscrews.com\\\/de\\\/?s={search_term_string}\"},\"query-input\":{\"@type\":\"PropertyValueSpecification\",\"valueRequired\":true,\"valueName\":\"search_term_string\"}}],\"inLanguage\":\"de\"}]}<\/script>\n<!-- \/ Yoast SEO plugin. -->","yoast_head_json":{"title":"Zirkul\u00e4re Fundamente - FIRST BASE Ground Screws","robots":{"index":"index","follow":"follow","max-snippet":"max-snippet:-1","max-image-preview":"max-image-preview:large","max-video-preview":"max-video-preview:-1"},"canonical":"https:\/\/firstbasegroundscrews.com\/de\/uber-first-base\/zirkulaere-fundamente\/","og_locale":"de_DE","og_type":"article","og_title":"Zirkul\u00e4re Fundamente - FIRST BASE Ground Screws","og_description":"Nachhaltige, zirkul\u00e4re Fundamente Unsere Wurzeln sind tief verankert, genau wie unsere innovative Schraubfundamenttechnologie. Mit jahrelanger Erfahrung in der Branche haben wir unsere Expertise verfeinert, um dir die effizientesten, umweltfreundlichsten und kosteneffektiven Fundierungsl\u00f6sungen anzubieten. Was uns von anderen unterscheidet, ist unser Engagement f\u00fcr die Umwelt. Das Bauen mit Schraubpf\u00e4hlen ist eine nachhaltige und umweltfreundliche L\u00f6sung, um [&hellip;]","og_url":"https:\/\/firstbasegroundscrews.com\/de\/uber-first-base\/zirkulaere-fundamente\/","og_site_name":"FIRST BASE Ground Screws","article_modified_time":"2025-12-17T15:19:11+00:00","og_image":[{"width":2259,"height":800,"url":"https:\/\/firstbasegroundscrews.com\/wp-content\/uploads\/2019\/08\/header-budget-e1733238685293.jpg","type":"image\/jpeg"}],"twitter_card":"summary_large_image","twitter_misc":{"Gesch\u00e4tzte Lesezeit":"2\u00a0Minuten"},"schema":{"@context":"https:\/\/schema.org","@graph":[{"@type":"WebPage","@id":"https:\/\/firstbasegroundscrews.com\/de\/uber-first-base\/zirkulaere-fundamente\/","url":"https:\/\/firstbasegroundscrews.com\/de\/uber-first-base\/zirkulaere-fundamente\/","name":"Zirkul\u00e4re Fundamente - FIRST BASE Ground Screws","isPartOf":{"@id":"https:\/\/firstbasegroundscrews.com\/de\/#website"},"primaryImageOfPage":{"@id":"https:\/\/firstbasegroundscrews.com\/de\/uber-first-base\/zirkulaere-fundamente\/#primaryimage"},"image":{"@id":"https:\/\/firstbasegroundscrews.com\/de\/uber-first-base\/zirkulaere-fundamente\/#primaryimage"},"thumbnailUrl":"https:\/\/firstbasegroundscrews.com\/wp-content\/uploads\/2019\/08\/header-budget-e1733238685293.jpg","datePublished":"2022-09-28T13:59:41+00:00","dateModified":"2025-12-17T15:19:11+00:00","breadcrumb":{"@id":"https:\/\/firstbasegroundscrews.com\/de\/uber-first-base\/zirkulaere-fundamente\/#breadcrumb"},"inLanguage":"de","potentialAction":[{"@type":"ReadAction","target":["https:\/\/firstbasegroundscrews.com\/de\/uber-first-base\/zirkulaere-fundamente\/"]}]},{"@type":"ImageObject","inLanguage":"de","@id":"https:\/\/firstbasegroundscrews.com\/de\/uber-first-base\/zirkulaere-fundamente\/#primaryimage","url":"https:\/\/firstbasegroundscrews.com\/wp-content\/uploads\/2019\/08\/header-budget-e1733238685293.jpg","contentUrl":"https:\/\/firstbasegroundscrews.com\/wp-content\/uploads\/2019\/08\/header-budget-e1733238685293.jpg","width":2259,"height":800},{"@type":"BreadcrumbList","@id":"https:\/\/firstbasegroundscrews.com\/de\/uber-first-base\/zirkulaere-fundamente\/#breadcrumb","itemListElement":[{"@type":"ListItem","position":1,"name":"Home","item":"https:\/\/firstbasegroundscrews.com\/de\/"},{"@type":"ListItem","position":2,"name":"\u00dcber FIRST BASE","item":"https:\/\/firstbasegroundscrews.com\/de\/uber-first-base\/"},{"@type":"ListItem","position":3,"name":"Zirkul\u00e4re Fundamente"}]},{"@type":"WebSite","@id":"https:\/\/firstbasegroundscrews.com\/de\/#website","url":"https:\/\/firstbasegroundscrews.com\/de\/","name":"FIRST BASE Ground Screws","description":"High quality ground screws for solid foundations","potentialAction":[{"@type":"SearchAction","target":{"@type":"EntryPoint","urlTemplate":"https:\/\/firstbasegroundscrews.com\/de\/?s={search_term_string}"},"query-input":{"@type":"PropertyValueSpecification","valueRequired":true,"valueName":"search_term_string"}}],"inLanguage":"de"}]}},"_links":{"self":[{"href":"https:\/\/firstbasegroundscrews.com\/de\/wp-json\/wp\/v2\/pages\/8250","targetHints":{"allow":["GET"]}}],"collection":[{"href":"https:\/\/firstbasegroundscrews.com\/de\/wp-json\/wp\/v2\/pages"}],"about":[{"href":"https:\/\/firstbasegroundscrews.com\/de\/wp-json\/wp\/v2\/types\/page"}],"author":[{"embeddable":true,"href":"https:\/\/firstbasegroundscrews.com\/de\/wp-json\/wp\/v2\/users\/1"}],"replies":[{"embeddable":true,"href":"https:\/\/firstbasegroundscrews.com\/de\/wp-json\/wp\/v2\/comments?post=8250"}],"version-history":[{"count":4,"href":"https:\/\/firstbasegroundscrews.com\/de\/wp-json\/wp\/v2\/pages\/8250\/revisions"}],"predecessor-version":[{"id":14844,"href":"https:\/\/firstbasegroundscrews.com\/de\/wp-json\/wp\/v2\/pages\/8250\/revisions\/14844"}],"up":[{"embeddable":true,"href":"https:\/\/firstbasegroundscrews.com\/de\/wp-json\/wp\/v2\/pages\/8210"}],"wp:featuredmedia":[{"embeddable":true,"href":"https:\/\/firstbasegroundscrews.com\/de\/wp-json\/wp\/v2\/media\/4195"}],"wp:attachment":[{"href":"https:\/\/firstbasegroundscrews.com\/de\/wp-json\/wp\/v2\/media?parent=8250"}],"curies":[{"name":"wp","href":"https:\/\/api.w.org\/{rel}","templated":true}]}}