{"id":8207,"date":"2019-05-20T14:09:30","date_gmt":"2019-05-20T14:09:30","guid":{"rendered":"https:\/\/firstbasegroundscrews.com\/solar-construction\/"},"modified":"2026-03-10T14:38:33","modified_gmt":"2026-03-10T14:38:33","slug":"solar","status":"publish","type":"page","link":"https:\/\/firstbasegroundscrews.com\/de\/solar\/","title":{"rendered":"SOLAR"},"content":{"rendered":"\n<h2 class=\"wp-block-heading\">FIRST BASE SOLARANLAGE<\/h2>\n\n\n\n<p>Die FIRST BASE Schraubfundamente wurden gem\u00e4\u00df EN-1090-2 Standards produziert und gew\u00e4hrleisten eine solide Basis. Wir liefern nicht nur Schraubfundamente, sondern k\u00f6nnen auch die Stahlunterkonstruktion f\u00fcr Ihre Solarstromanlage bauen, produzieren und installieren. Wir k\u00f6nnen vielerlei Installations- und Testausr\u00fcstungen zur Ermittlung der Belastbarkeit des Schraubfundamente zur Verf\u00fcgung stellen. <\/p>\n\n\n\n<h3 class=\"wp-block-heading\">Ihre Vorteile:<\/h3>\n\n\n\n<ul class=\"wp-block-list\">\n<li>Besonders einfache Anwendung, sogar in Hanglagen<\/li>\n\n\n\n<li>Optimale Baugeschwindigkeit gew\u00e4hrleistet, kosteneffektiv<\/li>\n\n\n\n<li>F\u00fcr jede Bodenart geeignet<\/li>\n\n\n\n<li>Statische Berechnung gem\u00e4\u00df Eurocodes<\/li>\n<\/ul>\n\n\n\n<h3 class=\"wp-block-heading\">M\u00f6chten Sie mehr erfahren?<\/h3>\n\n\n\n<div class=\"wp-block-buttons is-layout-flex wp-block-buttons-is-layout-flex\">\n<div class=\"wp-block-button\"><a class=\"wp-block-button__link wp-element-button\" href=\"https:\/\/firstbasegroundscrews.com\/de\/solar-konfigurator\/\">SOLAR-KONFIGURATOR<\/a><\/div>\n<\/div>\n\n\n\n<h3 class=\"wp-block-heading\"><\/h3>\n\n\n\n  <div class=\"application-grid__yt-player\" style=\"position:relative;\">\n    <span class=\"ytPlayerTrigger\" data-ytid=\"Fjos5HzxhtA\"><\/span>\n    <img decoding=\"async\" src=\"https:\/\/firstbasegroundscrews.com\/wp-content\/uploads\/2021\/10\/Solar-Zonnepark-harlingen-1.jpeg\" class=\"application-grid__image\">\n  <\/div>\n\n\n<h2 class=\"wp-block-heading\">Direkt belastbares Schraubfundament f\u00fcr BESS-Systeme<\/h2>\n\n\n\n<p>Schraubfundamente von FIRST BASE sind f\u00fcr die hohen und dynamischen Belastungen von BESS-Installationen ausgelegt. Sie bilden eine vibrationsfreie Fundamentl\u00f6sung, die ohne Beton installiert wird. Dadurch ist das Fundament sofort belastbar.<\/p>\n\n\n\n<figure class=\"wp-block-image size-large is-resized\"><img loading=\"lazy\" decoding=\"async\" width=\"700\" height=\"517\" src=\"https:\/\/firstbasegroundscrews.com\/wp-content\/uploads\/2025\/09\/foto-BESS-systeem-700x517.jpeg\" alt=\"\" class=\"wp-image-13516\" style=\"aspect-ratio:1.3540061051168133;width:840px;height:auto\" srcset=\"https:\/\/firstbasegroundscrews.com\/wp-content\/uploads\/2025\/09\/foto-BESS-systeem-700x517.jpeg 700w, https:\/\/firstbasegroundscrews.com\/wp-content\/uploads\/2025\/09\/foto-BESS-systeem-250x185.jpeg 250w, https:\/\/firstbasegroundscrews.com\/wp-content\/uploads\/2025\/09\/foto-BESS-systeem-768x567.jpeg 768w, https:\/\/firstbasegroundscrews.com\/wp-content\/uploads\/2025\/09\/foto-BESS-systeem-1536x1135.jpeg 1536w, https:\/\/firstbasegroundscrews.com\/wp-content\/uploads\/2025\/09\/foto-BESS-systeem-400x295.jpeg 400w, https:\/\/firstbasegroundscrews.com\/wp-content\/uploads\/2025\/09\/foto-BESS-systeem-120x89.jpeg 120w, https:\/\/firstbasegroundscrews.com\/wp-content\/uploads\/2025\/09\/foto-BESS-systeem-271x200.jpeg 271w, https:\/\/firstbasegroundscrews.com\/wp-content\/uploads\/2025\/09\/foto-BESS-systeem-1462x1080.jpeg 1462w, https:\/\/firstbasegroundscrews.com\/wp-content\/uploads\/2025\/09\/foto-BESS-systeem.jpeg 1768w\" sizes=\"auto, (max-width: 700px) 100vw, 700px\" \/><\/figure>\n\n\n\n<div style=\"height:0px\" aria-hidden=\"true\" class=\"wp-block-spacer\"><\/div>\n\n\n\n<p>Von der Planung und Lastpr\u00fcfung nach Eurocode 7 bis zur Lieferung ab Lager: Wir bieten die stabile Grundlage, die Ihr BESS-System ben\u00f6tigt.<\/p>\n\n\n\n<div class=\"wp-block-buttons is-layout-flex wp-block-buttons-is-layout-flex\">\n<div class=\"wp-block-button\"><a class=\"wp-block-button__link wp-element-button\" href=\"https:\/\/firstbasegroundscrews.com\/de\/solar\/bess-systeme\/\">Mehr Informationen zu Fundamenten f\u00fcr BESS-Systeme<\/a><\/div>\n<\/div>\n\n\n\n<div style=\"height:20px\" aria-hidden=\"true\" class=\"wp-block-spacer\"><\/div>\n\n\n\n    <div class=\"applications-slider\" data-count=\"6\">\n      <div class=\"applications-slider__controls\">\n        <!--<div class=\"applications-slider__control\"><\/div>\n        <div class=\"applications-slider__control\"><\/div>-->\n        <div class=\"applications-slider__indicators\"><button class=\"applications-slider__indicator\" data-index=\"0\"><\/button><button class=\"applications-slider__indicator\" data-index=\"1\"><\/button><button class=\"applications-slider__indicator\" data-index=\"2\"><\/button><button class=\"applications-slider__indicator\" data-index=\"3\"><\/button><button class=\"applications-slider__indicator\" data-index=\"4\"><\/button><button class=\"applications-slider__indicator\" data-index=\"5\"><\/button><\/div>\n        <a href=\"https:\/\/firstbasegroundscrews.com\/de\/wp-json\/wp\/v2\/pages\/8207solar-projekte\/\" class=\"fba-button\">\n          <span>Projekte<\/span>\n        <\/a>\n      <\/div>\n      <div class=\"applications-slider__content\">\n        \n    <a class=\"application--slider\" href=\"https:\/\/firstbasegroundscrews.com\/de\/projects\/erweiterung-der-bodenmontierten-solaranlage-im-oakwood-business-park-centre\/\" data-index=\"0\">\n      <img loading=\"lazy\" decoding=\"async\" width=\"1441\" height=\"1080\" src=\"https:\/\/firstbasegroundscrews.com\/wp-content\/uploads\/2026\/02\/DJI_20260115130508_0061_D-1-1441x1080.jpg\" class=\"application__image wp-post-image\" alt=\"\" srcset=\"https:\/\/firstbasegroundscrews.com\/wp-content\/uploads\/2026\/02\/DJI_20260115130508_0061_D-1-1441x1080.jpg 1441w, https:\/\/firstbasegroundscrews.com\/wp-content\/uploads\/2026\/02\/DJI_20260115130508_0061_D-1-250x187.jpg 250w, https:\/\/firstbasegroundscrews.com\/wp-content\/uploads\/2026\/02\/DJI_20260115130508_0061_D-1-700x524.jpg 700w, https:\/\/firstbasegroundscrews.com\/wp-content\/uploads\/2026\/02\/DJI_20260115130508_0061_D-1-768x575.jpg 768w, https:\/\/firstbasegroundscrews.com\/wp-content\/uploads\/2026\/02\/DJI_20260115130508_0061_D-1-1536x1151.jpg 1536w, https:\/\/firstbasegroundscrews.com\/wp-content\/uploads\/2026\/02\/DJI_20260115130508_0061_D-1-2048x1534.jpg 2048w, https:\/\/firstbasegroundscrews.com\/wp-content\/uploads\/2026\/02\/DJI_20260115130508_0061_D-1-400x300.jpg 400w, https:\/\/firstbasegroundscrews.com\/wp-content\/uploads\/2026\/02\/DJI_20260115130508_0061_D-1-120x90.jpg 120w, https:\/\/firstbasegroundscrews.com\/wp-content\/uploads\/2026\/02\/DJI_20260115130508_0061_D-1-267x200.jpg 267w\" sizes=\"auto, (max-width: 1441px) 100vw, 1441px\" \/>\n    <\/a>\n    \n    <a class=\"application--slider\" href=\"https:\/\/firstbasegroundscrews.com\/de\/projects\/bodenmontierte-solarloesung-kwekerij-de-noordhoek\/\" data-index=\"1\">\n      <img loading=\"lazy\" decoding=\"async\" width=\"1442\" height=\"1080\" src=\"https:\/\/firstbasegroundscrews.com\/wp-content\/uploads\/2025\/04\/21-DJI_0672-1442x1080.jpg\" class=\"application__image wp-post-image\" alt=\"\" srcset=\"https:\/\/firstbasegroundscrews.com\/wp-content\/uploads\/2025\/04\/21-DJI_0672-1442x1080.jpg 1442w, https:\/\/firstbasegroundscrews.com\/wp-content\/uploads\/2025\/04\/21-DJI_0672-250x187.jpg 250w, https:\/\/firstbasegroundscrews.com\/wp-content\/uploads\/2025\/04\/21-DJI_0672-700x524.jpg 700w, https:\/\/firstbasegroundscrews.com\/wp-content\/uploads\/2025\/04\/21-DJI_0672-768x575.jpg 768w, https:\/\/firstbasegroundscrews.com\/wp-content\/uploads\/2025\/04\/21-DJI_0672-1536x1150.jpg 1536w, https:\/\/firstbasegroundscrews.com\/wp-content\/uploads\/2025\/04\/21-DJI_0672-2048x1534.jpg 2048w, https:\/\/firstbasegroundscrews.com\/wp-content\/uploads\/2025\/04\/21-DJI_0672-400x300.jpg 400w, https:\/\/firstbasegroundscrews.com\/wp-content\/uploads\/2025\/04\/21-DJI_0672-120x90.jpg 120w, https:\/\/firstbasegroundscrews.com\/wp-content\/uploads\/2025\/04\/21-DJI_0672-267x200.jpg 267w\" sizes=\"auto, (max-width: 1442px) 100vw, 1442px\" \/>\n    <\/a>\n    \n    <a class=\"application--slider\" href=\"https:\/\/firstbasegroundscrews.com\/de\/projects\/solarprojekt-reusel\/\" data-index=\"2\">\n      <img loading=\"lazy\" decoding=\"async\" width=\"1440\" height=\"1080\" src=\"https:\/\/firstbasegroundscrews.com\/wp-content\/uploads\/2024\/09\/DJI_0567-1440x1080.jpg\" class=\"application__image wp-post-image\" alt=\"\" srcset=\"https:\/\/firstbasegroundscrews.com\/wp-content\/uploads\/2024\/09\/DJI_0567-1440x1080.jpg 1440w, https:\/\/firstbasegroundscrews.com\/wp-content\/uploads\/2024\/09\/DJI_0567-250x188.jpg 250w, https:\/\/firstbasegroundscrews.com\/wp-content\/uploads\/2024\/09\/DJI_0567-700x525.jpg 700w, https:\/\/firstbasegroundscrews.com\/wp-content\/uploads\/2024\/09\/DJI_0567-768x576.jpg 768w, https:\/\/firstbasegroundscrews.com\/wp-content\/uploads\/2024\/09\/DJI_0567-1536x1152.jpg 1536w, https:\/\/firstbasegroundscrews.com\/wp-content\/uploads\/2024\/09\/DJI_0567-2048x1536.jpg 2048w, https:\/\/firstbasegroundscrews.com\/wp-content\/uploads\/2024\/09\/DJI_0567-400x300.jpg 400w, https:\/\/firstbasegroundscrews.com\/wp-content\/uploads\/2024\/09\/DJI_0567-120x90.jpg 120w, https:\/\/firstbasegroundscrews.com\/wp-content\/uploads\/2024\/09\/DJI_0567-267x200.jpg 267w\" sizes=\"auto, (max-width: 1440px) 100vw, 1440px\" \/>\n    <\/a>\n    \n    <a class=\"application--slider\" href=\"https:\/\/firstbasegroundscrews.com\/de\/projects\/750-kwp-solar-power-plant\/\" data-index=\"3\">\n      <img decoding=\"async\" class=\"application__image wp-post-image\" src=\"https:\/\/firstbasegroundscrews.com\/wp-content\/uploads\/2022\/11\/PV-power-plant-scaled.jpg\" alt=\"750 kWp solar power plant\">\n    <\/a>\n    \n    <a class=\"application--slider\" href=\"https:\/\/firstbasegroundscrews.com\/de\/projects\/solar-park-warmenhuizen\/\" data-index=\"4\">\n      <img loading=\"lazy\" decoding=\"async\" width=\"1547\" height=\"1080\" src=\"https:\/\/firstbasegroundscrews.com\/wp-content\/uploads\/2022\/10\/PV-structure-waterzuivering-scaled.jpg\" class=\"application__image wp-post-image\" alt=\"\" srcset=\"https:\/\/firstbasegroundscrews.com\/wp-content\/uploads\/2022\/10\/PV-structure-waterzuivering-scaled.jpg 2560w, https:\/\/firstbasegroundscrews.com\/wp-content\/uploads\/2022\/10\/PV-structure-waterzuivering-250x174.jpg 250w, https:\/\/firstbasegroundscrews.com\/wp-content\/uploads\/2022\/10\/PV-structure-waterzuivering-700x489.jpg 700w, https:\/\/firstbasegroundscrews.com\/wp-content\/uploads\/2022\/10\/PV-structure-waterzuivering-768x536.jpg 768w, https:\/\/firstbasegroundscrews.com\/wp-content\/uploads\/2022\/10\/PV-structure-waterzuivering-1536x1072.jpg 1536w, https:\/\/firstbasegroundscrews.com\/wp-content\/uploads\/2022\/10\/PV-structure-waterzuivering-2048x1429.jpg 2048w, https:\/\/firstbasegroundscrews.com\/wp-content\/uploads\/2022\/10\/PV-structure-waterzuivering-120x84.jpg 120w, https:\/\/firstbasegroundscrews.com\/wp-content\/uploads\/2022\/10\/PV-structure-waterzuivering-287x200.jpg 287w\" sizes=\"auto, (max-width: 1547px) 100vw, 1547px\" \/>\n    <\/a>\n    \n    <a class=\"application--slider\" href=\"https:\/\/firstbasegroundscrews.com\/de\/projects\/auf-dem-boden-montierte-solaranlage-fur-schleusenkomplex-2\/\" data-index=\"5\">\n      <img loading=\"lazy\" decoding=\"async\" width=\"1600\" height=\"900\" src=\"https:\/\/firstbasegroundscrews.com\/wp-content\/uploads\/2022\/05\/Zonnepark-Rogat-op-FIRST-BASE-schroefpalen-2.webp\" class=\"application__image wp-post-image\" alt=\"\" srcset=\"https:\/\/firstbasegroundscrews.com\/wp-content\/uploads\/2022\/05\/Zonnepark-Rogat-op-FIRST-BASE-schroefpalen-2.webp 1600w, https:\/\/firstbasegroundscrews.com\/wp-content\/uploads\/2022\/05\/Zonnepark-Rogat-op-FIRST-BASE-schroefpalen-2-250x141.webp 250w, https:\/\/firstbasegroundscrews.com\/wp-content\/uploads\/2022\/05\/Zonnepark-Rogat-op-FIRST-BASE-schroefpalen-2-700x394.webp 700w, https:\/\/firstbasegroundscrews.com\/wp-content\/uploads\/2022\/05\/Zonnepark-Rogat-op-FIRST-BASE-schroefpalen-2-768x432.webp 768w, https:\/\/firstbasegroundscrews.com\/wp-content\/uploads\/2022\/05\/Zonnepark-Rogat-op-FIRST-BASE-schroefpalen-2-1536x864.webp 1536w, https:\/\/firstbasegroundscrews.com\/wp-content\/uploads\/2022\/05\/Zonnepark-Rogat-op-FIRST-BASE-schroefpalen-2-120x68.webp 120w, https:\/\/firstbasegroundscrews.com\/wp-content\/uploads\/2022\/05\/Zonnepark-Rogat-op-FIRST-BASE-schroefpalen-2-356x200.webp 356w\" sizes=\"auto, (max-width: 1600px) 100vw, 1600px\" \/>\n    <\/a>\n    \n      <\/div>\n    <\/div>\n    \n","protected":false},"excerpt":{"rendered":"FIRST BASE PRO-Serie Schraubfundamente sind f\u00fcr eine h\u00f6here Belastungskapazit\u00e4t entwickelt worden. Produziert nach EN-1090-2-Normen und feuerverzinkt nach DIN EN ISO 1461. Die PRO-Serie Schraubpf\u00e4hle garantieren extreme Stabilit\u00e4t und eine einfache (und schnelle!) Installation in jedem Bodentyp. ","protected":false},"author":1,"featured_media":4207,"parent":0,"menu_order":0,"comment_status":"closed","ping_status":"closed","template":"","meta":{"_acf_changed":false,"footnotes":""},"class_list":["post-8207","page","type-page","status-publish","has-post-thumbnail","hentry"],"acf":[],"yoast_head":"<!-- This site is optimized with the Yoast SEO plugin v27.3 - https:\/\/yoast.com\/product\/yoast-seo-wordpress\/ -->\n<title>SOLAR - FIRST BASE Ground Screws -<\/title>\n<meta name=\"description\" content=\"Wir liefern nicht nur Schraubfundamente, sondern k\u00f6nnen auch die Stahlunterkonstruktion f\u00fcr Ihre Solaranlage bauen, produzieren und installieren.\" \/>\n<meta name=\"robots\" content=\"index, follow, max-snippet:-1, max-image-preview:large, max-video-preview:-1\" \/>\n<link rel=\"canonical\" href=\"https:\/\/firstbasegroundscrews.com\/de\/solar\/\" \/>\n<meta property=\"og:locale\" content=\"de_DE\" \/>\n<meta property=\"og:type\" content=\"article\" \/>\n<meta property=\"og:title\" content=\"SOLAR - FIRST BASE Ground Screws -\" \/>\n<meta property=\"og:description\" content=\"Wir liefern nicht nur Schraubfundamente, sondern k\u00f6nnen auch die Stahlunterkonstruktion f\u00fcr Ihre Solaranlage bauen, produzieren und installieren.\" \/>\n<meta property=\"og:url\" content=\"https:\/\/firstbasegroundscrews.com\/de\/solar\/\" \/>\n<meta property=\"og:site_name\" content=\"FIRST BASE Ground Screws\" \/>\n<meta property=\"article:modified_time\" content=\"2026-03-10T14:38:33+00:00\" \/>\n<meta property=\"og:image\" content=\"https:\/\/firstbasegroundscrews.com\/wp-content\/uploads\/2019\/08\/header-solar.jpg\" \/>\n\t<meta property=\"og:image:width\" content=\"2259\" \/>\n\t<meta property=\"og:image:height\" content=\"800\" \/>\n\t<meta property=\"og:image:type\" content=\"image\/jpeg\" \/>\n<meta name=\"twitter:card\" content=\"summary_large_image\" \/>\n<meta name=\"twitter:label1\" content=\"Gesch\u00e4tzte Lesezeit\" \/>\n\t<meta name=\"twitter:data1\" content=\"2\u00a0Minuten\" \/>\n<script type=\"application\/ld+json\" class=\"yoast-schema-graph\">{\"@context\":\"https:\\\/\\\/schema.org\",\"@graph\":[{\"@type\":\"WebPage\",\"@id\":\"https:\\\/\\\/firstbasegroundscrews.com\\\/de\\\/solar\\\/\",\"url\":\"https:\\\/\\\/firstbasegroundscrews.com\\\/de\\\/solar\\\/\",\"name\":\"SOLAR - FIRST BASE Ground Screws -\",\"isPartOf\":{\"@id\":\"https:\\\/\\\/firstbasegroundscrews.com\\\/de\\\/#website\"},\"primaryImageOfPage\":{\"@id\":\"https:\\\/\\\/firstbasegroundscrews.com\\\/de\\\/solar\\\/#primaryimage\"},\"image\":{\"@id\":\"https:\\\/\\\/firstbasegroundscrews.com\\\/de\\\/solar\\\/#primaryimage\"},\"thumbnailUrl\":\"https:\\\/\\\/firstbasegroundscrews.com\\\/wp-content\\\/uploads\\\/2019\\\/08\\\/header-solar.jpg\",\"datePublished\":\"2019-05-20T14:09:30+00:00\",\"dateModified\":\"2026-03-10T14:38:33+00:00\",\"description\":\"Wir liefern nicht nur Schraubfundamente, sondern k\u00f6nnen auch die Stahlunterkonstruktion f\u00fcr Ihre Solaranlage bauen, produzieren und installieren.\",\"breadcrumb\":{\"@id\":\"https:\\\/\\\/firstbasegroundscrews.com\\\/de\\\/solar\\\/#breadcrumb\"},\"inLanguage\":\"de\",\"potentialAction\":[{\"@type\":\"ReadAction\",\"target\":[\"https:\\\/\\\/firstbasegroundscrews.com\\\/de\\\/solar\\\/\"]}]},{\"@type\":\"ImageObject\",\"inLanguage\":\"de\",\"@id\":\"https:\\\/\\\/firstbasegroundscrews.com\\\/de\\\/solar\\\/#primaryimage\",\"url\":\"https:\\\/\\\/firstbasegroundscrews.com\\\/wp-content\\\/uploads\\\/2019\\\/08\\\/header-solar.jpg\",\"contentUrl\":\"https:\\\/\\\/firstbasegroundscrews.com\\\/wp-content\\\/uploads\\\/2019\\\/08\\\/header-solar.jpg\",\"width\":2259,\"height\":800},{\"@type\":\"BreadcrumbList\",\"@id\":\"https:\\\/\\\/firstbasegroundscrews.com\\\/de\\\/solar\\\/#breadcrumb\",\"itemListElement\":[{\"@type\":\"ListItem\",\"position\":1,\"name\":\"Home\",\"item\":\"https:\\\/\\\/firstbasegroundscrews.com\\\/de\\\/\"},{\"@type\":\"ListItem\",\"position\":2,\"name\":\"SOLAR\"}]},{\"@type\":\"WebSite\",\"@id\":\"https:\\\/\\\/firstbasegroundscrews.com\\\/de\\\/#website\",\"url\":\"https:\\\/\\\/firstbasegroundscrews.com\\\/de\\\/\",\"name\":\"FIRST BASE Ground Screws\",\"description\":\"High quality ground screws for solid foundations\",\"potentialAction\":[{\"@type\":\"SearchAction\",\"target\":{\"@type\":\"EntryPoint\",\"urlTemplate\":\"https:\\\/\\\/firstbasegroundscrews.com\\\/de\\\/?s={search_term_string}\"},\"query-input\":{\"@type\":\"PropertyValueSpecification\",\"valueRequired\":true,\"valueName\":\"search_term_string\"}}],\"inLanguage\":\"de\"}]}<\/script>\n<!-- \/ Yoast SEO plugin. -->","yoast_head_json":{"title":"SOLAR - FIRST BASE Ground Screws -","description":"Wir liefern nicht nur Schraubfundamente, sondern k\u00f6nnen auch die Stahlunterkonstruktion f\u00fcr Ihre Solaranlage bauen, produzieren und installieren.","robots":{"index":"index","follow":"follow","max-snippet":"max-snippet:-1","max-image-preview":"max-image-preview:large","max-video-preview":"max-video-preview:-1"},"canonical":"https:\/\/firstbasegroundscrews.com\/de\/solar\/","og_locale":"de_DE","og_type":"article","og_title":"SOLAR - FIRST BASE Ground Screws -","og_description":"Wir liefern nicht nur Schraubfundamente, sondern k\u00f6nnen auch die Stahlunterkonstruktion f\u00fcr Ihre Solaranlage bauen, produzieren und installieren.","og_url":"https:\/\/firstbasegroundscrews.com\/de\/solar\/","og_site_name":"FIRST BASE Ground Screws","article_modified_time":"2026-03-10T14:38:33+00:00","og_image":[{"width":2259,"height":800,"url":"https:\/\/firstbasegroundscrews.com\/wp-content\/uploads\/2019\/08\/header-solar.jpg","type":"image\/jpeg"}],"twitter_card":"summary_large_image","twitter_misc":{"Gesch\u00e4tzte Lesezeit":"2\u00a0Minuten"},"schema":{"@context":"https:\/\/schema.org","@graph":[{"@type":"WebPage","@id":"https:\/\/firstbasegroundscrews.com\/de\/solar\/","url":"https:\/\/firstbasegroundscrews.com\/de\/solar\/","name":"SOLAR - FIRST BASE Ground Screws -","isPartOf":{"@id":"https:\/\/firstbasegroundscrews.com\/de\/#website"},"primaryImageOfPage":{"@id":"https:\/\/firstbasegroundscrews.com\/de\/solar\/#primaryimage"},"image":{"@id":"https:\/\/firstbasegroundscrews.com\/de\/solar\/#primaryimage"},"thumbnailUrl":"https:\/\/firstbasegroundscrews.com\/wp-content\/uploads\/2019\/08\/header-solar.jpg","datePublished":"2019-05-20T14:09:30+00:00","dateModified":"2026-03-10T14:38:33+00:00","description":"Wir liefern nicht nur Schraubfundamente, sondern k\u00f6nnen auch die Stahlunterkonstruktion f\u00fcr Ihre Solaranlage bauen, produzieren und installieren.","breadcrumb":{"@id":"https:\/\/firstbasegroundscrews.com\/de\/solar\/#breadcrumb"},"inLanguage":"de","potentialAction":[{"@type":"ReadAction","target":["https:\/\/firstbasegroundscrews.com\/de\/solar\/"]}]},{"@type":"ImageObject","inLanguage":"de","@id":"https:\/\/firstbasegroundscrews.com\/de\/solar\/#primaryimage","url":"https:\/\/firstbasegroundscrews.com\/wp-content\/uploads\/2019\/08\/header-solar.jpg","contentUrl":"https:\/\/firstbasegroundscrews.com\/wp-content\/uploads\/2019\/08\/header-solar.jpg","width":2259,"height":800},{"@type":"BreadcrumbList","@id":"https:\/\/firstbasegroundscrews.com\/de\/solar\/#breadcrumb","itemListElement":[{"@type":"ListItem","position":1,"name":"Home","item":"https:\/\/firstbasegroundscrews.com\/de\/"},{"@type":"ListItem","position":2,"name":"SOLAR"}]},{"@type":"WebSite","@id":"https:\/\/firstbasegroundscrews.com\/de\/#website","url":"https:\/\/firstbasegroundscrews.com\/de\/","name":"FIRST BASE Ground Screws","description":"High quality ground screws for solid foundations","potentialAction":[{"@type":"SearchAction","target":{"@type":"EntryPoint","urlTemplate":"https:\/\/firstbasegroundscrews.com\/de\/?s={search_term_string}"},"query-input":{"@type":"PropertyValueSpecification","valueRequired":true,"valueName":"search_term_string"}}],"inLanguage":"de"}]}},"_links":{"self":[{"href":"https:\/\/firstbasegroundscrews.com\/de\/wp-json\/wp\/v2\/pages\/8207","targetHints":{"allow":["GET"]}}],"collection":[{"href":"https:\/\/firstbasegroundscrews.com\/de\/wp-json\/wp\/v2\/pages"}],"about":[{"href":"https:\/\/firstbasegroundscrews.com\/de\/wp-json\/wp\/v2\/types\/page"}],"author":[{"embeddable":true,"href":"https:\/\/firstbasegroundscrews.com\/de\/wp-json\/wp\/v2\/users\/1"}],"replies":[{"embeddable":true,"href":"https:\/\/firstbasegroundscrews.com\/de\/wp-json\/wp\/v2\/comments?post=8207"}],"version-history":[{"count":4,"href":"https:\/\/firstbasegroundscrews.com\/de\/wp-json\/wp\/v2\/pages\/8207\/revisions"}],"predecessor-version":[{"id":16447,"href":"https:\/\/firstbasegroundscrews.com\/de\/wp-json\/wp\/v2\/pages\/8207\/revisions\/16447"}],"wp:featuredmedia":[{"embeddable":true,"href":"https:\/\/firstbasegroundscrews.com\/de\/wp-json\/wp\/v2\/media\/4207"}],"wp:attachment":[{"href":"https:\/\/firstbasegroundscrews.com\/de\/wp-json\/wp\/v2\/media?parent=8207"}],"curies":[{"name":"wp","href":"https:\/\/api.w.org\/{rel}","templated":true}]}}