{"id":8189,"date":"2019-05-16T13:46:32","date_gmt":"2019-05-16T13:46:32","guid":{"rendered":"https:\/\/firstbasegroundscrews.com\/high-quality-ground-screws-for-solid-foundations\/"},"modified":"2026-04-17T07:16:29","modified_gmt":"2026-04-17T07:16:29","slug":"high-quality-ground-screws-for-solid-foundations","status":"publish","type":"page","link":"https:\/\/firstbasegroundscrews.com\/de\/","title":{"rendered":"HOCHWERTIGE SCHRAUBEN  <br>F\u00dcR SOLIDE FUNDAMENTE"},"content":{"rendered":"\n<h2 class=\"wp-block-heading\">Warum FIRST BASE Schraub\u00adfundamente?<\/h2>\n\n\n\n<p>Suchen Sie ein einfaches, aber solides Fundament f\u00fcr Ihr Projekt? Die Schraubfundamente der FIRST BASE PRO-Serie sind Ihre beste Wahl, wenn Sie ein Fundament ohne Beton f\u00fcr Ihr Bauwerk montieren m\u00f6chten. Einfach, aber solide!<\/p>\n\n\n\n<p>Ihre Vorteile:<\/p>\n\n\n\n<ul class=\"wp-block-list\">\n<li>Extrem stabil <\/li>\n\n\n\n<li>Besonders leicht und schnell zu montieren <\/li>\n\n\n\n<li>Kein Graben und Beton erforderlich <\/li>\n\n\n\n<li>F\u00fcr jeden Bodentyp geeignet <\/li>\n<\/ul>\n\n\n\n<h3 class=\"wp-block-heading\">F\u00fcr welche Schraubfundament entscheidet man sich? <\/h3>\n\n\n\n<div class=\"wp-block-buttons is-layout-flex wp-block-buttons-is-layout-flex\">\n<div class=\"wp-block-button\"><a class=\"wp-block-button__link wp-element-button\" href=\"https:\/\/firstbasegroundscrews.com\/de\/contact\/\">Fordern Sie ein Angebot an<\/a><\/div>\n<\/div>\n","protected":false},"excerpt":{"rendered":"Warum FIRST BASE Schraub\u00adfundamente? Suchen Sie ein einfaches, aber solides Fundament f\u00fcr Ihr Projekt? Die Schraubfundamente der FIRST BASE PRO-Serie sind Ihre beste Wahl, wenn Sie ein Fundament ohne Beton f\u00fcr Ihr Bauwerk montieren m\u00f6chten. Einfach, aber solide! Ihre Vorteile: F\u00fcr welche Schraubfundament entscheidet man sich?","protected":false},"author":1,"featured_media":4815,"parent":0,"menu_order":0,"comment_status":"closed","ping_status":"closed","template":"","meta":{"_acf_changed":false,"footnotes":""},"class_list":["post-8189","page","type-page","status-publish","has-post-thumbnail","hentry"],"acf":[],"yoast_head":"<!-- This site is optimized with the Yoast SEO plugin v27.3 - https:\/\/yoast.com\/product\/yoast-seo-wordpress\/ -->\n<title>HOCHWERTIGE SCHRAUBEN F\u00dcR SOLIDE FUNDAMENTE<\/title>\n<meta name=\"description\" content=\"Suchen Sie ein einfaches, aber solides Fundament f\u00fcr Ihr Projekt? Die Schraubfundamente der FIRST BASE PRO-Serie sind Ihre beste Wahl. Grundsolide!\" \/>\n<meta name=\"robots\" content=\"index, follow, max-snippet:-1, max-image-preview:large, max-video-preview:-1\" \/>\n<link rel=\"canonical\" href=\"https:\/\/firstbasegroundscrews.com\/de\/\" \/>\n<meta property=\"og:locale\" content=\"de_DE\" \/>\n<meta property=\"og:type\" content=\"article\" \/>\n<meta property=\"og:title\" content=\"HOCHWERTIGE SCHRAUBEN F\u00dcR SOLIDE FUNDAMENTE\" \/>\n<meta property=\"og:description\" content=\"Suchen Sie ein einfaches, aber solides Fundament f\u00fcr Ihr Projekt? Die Schraubfundamente der FIRST BASE PRO-Serie sind Ihre beste Wahl. Grundsolide!\" \/>\n<meta property=\"og:url\" content=\"https:\/\/firstbasegroundscrews.com\/de\/\" \/>\n<meta property=\"og:site_name\" content=\"FIRST BASE Ground Screws\" \/>\n<meta property=\"article:modified_time\" content=\"2026-04-17T07:16:29+00:00\" \/>\n<meta property=\"og:image\" content=\"https:\/\/firstbasegroundscrews.com\/wp-content\/uploads\/2020\/07\/FIRST-BASE-DO-IT-YOURSELF-scaled-e1594974702289.jpg\" \/>\n\t<meta property=\"og:image:width\" content=\"2105\" \/>\n\t<meta property=\"og:image:height\" content=\"1344\" \/>\n\t<meta property=\"og:image:type\" content=\"image\/jpeg\" \/>\n<meta name=\"twitter:card\" content=\"summary_large_image\" \/>\n<meta name=\"twitter:label1\" content=\"Gesch\u00e4tzte Lesezeit\" \/>\n\t<meta name=\"twitter:data1\" content=\"1\u00a0Minute\" \/>\n<script type=\"application\/ld+json\" class=\"yoast-schema-graph\">{\"@context\":\"https:\\\/\\\/schema.org\",\"@graph\":[{\"@type\":\"WebPage\",\"@id\":\"https:\\\/\\\/firstbasegroundscrews.com\\\/de\\\/\",\"url\":\"https:\\\/\\\/firstbasegroundscrews.com\\\/de\\\/\",\"name\":\"HOCHWERTIGE SCHRAUBEN F\u00dcR SOLIDE FUNDAMENTE\",\"isPartOf\":{\"@id\":\"https:\\\/\\\/firstbasegroundscrews.com\\\/de\\\/#website\"},\"primaryImageOfPage\":{\"@id\":\"https:\\\/\\\/firstbasegroundscrews.com\\\/de\\\/#primaryimage\"},\"image\":{\"@id\":\"https:\\\/\\\/firstbasegroundscrews.com\\\/de\\\/#primaryimage\"},\"thumbnailUrl\":\"https:\\\/\\\/firstbasegroundscrews.com\\\/wp-content\\\/uploads\\\/2020\\\/07\\\/FIRST-BASE-DO-IT-YOURSELF-scaled-e1594974702289.jpg\",\"datePublished\":\"2019-05-16T13:46:32+00:00\",\"dateModified\":\"2026-04-17T07:16:29+00:00\",\"description\":\"Suchen Sie ein einfaches, aber solides Fundament f\u00fcr Ihr Projekt? Die Schraubfundamente der FIRST BASE PRO-Serie sind Ihre beste Wahl. Grundsolide!\",\"breadcrumb\":{\"@id\":\"https:\\\/\\\/firstbasegroundscrews.com\\\/de\\\/#breadcrumb\"},\"inLanguage\":\"de\",\"potentialAction\":[{\"@type\":\"ReadAction\",\"target\":[\"https:\\\/\\\/firstbasegroundscrews.com\\\/de\\\/\"]}]},{\"@type\":\"ImageObject\",\"inLanguage\":\"de\",\"@id\":\"https:\\\/\\\/firstbasegroundscrews.com\\\/de\\\/#primaryimage\",\"url\":\"https:\\\/\\\/firstbasegroundscrews.com\\\/wp-content\\\/uploads\\\/2020\\\/07\\\/FIRST-BASE-DO-IT-YOURSELF-scaled-e1594974702289.jpg\",\"contentUrl\":\"https:\\\/\\\/firstbasegroundscrews.com\\\/wp-content\\\/uploads\\\/2020\\\/07\\\/FIRST-BASE-DO-IT-YOURSELF-scaled-e1594974702289.jpg\",\"width\":2105,\"height\":1344,\"caption\":\"Schroeffundamenten voor allerlei toepassingen.\"},{\"@type\":\"BreadcrumbList\",\"@id\":\"https:\\\/\\\/firstbasegroundscrews.com\\\/de\\\/#breadcrumb\",\"itemListElement\":[{\"@type\":\"ListItem\",\"position\":1,\"name\":\"Home\",\"item\":\"https:\\\/\\\/firstbasegroundscrews.com\\\/de\\\/\"},{\"@type\":\"ListItem\",\"position\":2,\"name\":\"HOCHWERTIGE SCHRAUBEN F\u00dcR SOLIDE FUNDAMENTE\"}]},{\"@type\":\"WebSite\",\"@id\":\"https:\\\/\\\/firstbasegroundscrews.com\\\/de\\\/#website\",\"url\":\"https:\\\/\\\/firstbasegroundscrews.com\\\/de\\\/\",\"name\":\"FIRST BASE Ground Screws\",\"description\":\"High quality ground screws for solid foundations\",\"potentialAction\":[{\"@type\":\"SearchAction\",\"target\":{\"@type\":\"EntryPoint\",\"urlTemplate\":\"https:\\\/\\\/firstbasegroundscrews.com\\\/de\\\/?s={search_term_string}\"},\"query-input\":{\"@type\":\"PropertyValueSpecification\",\"valueRequired\":true,\"valueName\":\"search_term_string\"}}],\"inLanguage\":\"de\"}]}<\/script>\n<!-- \/ Yoast SEO plugin. -->","yoast_head_json":{"title":"HOCHWERTIGE SCHRAUBEN F\u00dcR SOLIDE FUNDAMENTE","description":"Suchen Sie ein einfaches, aber solides Fundament f\u00fcr Ihr Projekt? Die Schraubfundamente der FIRST BASE PRO-Serie sind Ihre beste Wahl. Grundsolide!","robots":{"index":"index","follow":"follow","max-snippet":"max-snippet:-1","max-image-preview":"max-image-preview:large","max-video-preview":"max-video-preview:-1"},"canonical":"https:\/\/firstbasegroundscrews.com\/de\/","og_locale":"de_DE","og_type":"article","og_title":"HOCHWERTIGE SCHRAUBEN F\u00dcR SOLIDE FUNDAMENTE","og_description":"Suchen Sie ein einfaches, aber solides Fundament f\u00fcr Ihr Projekt? Die Schraubfundamente der FIRST BASE PRO-Serie sind Ihre beste Wahl. Grundsolide!","og_url":"https:\/\/firstbasegroundscrews.com\/de\/","og_site_name":"FIRST BASE Ground Screws","article_modified_time":"2026-04-17T07:16:29+00:00","og_image":[{"width":2105,"height":1344,"url":"https:\/\/firstbasegroundscrews.com\/wp-content\/uploads\/2020\/07\/FIRST-BASE-DO-IT-YOURSELF-scaled-e1594974702289.jpg","type":"image\/jpeg"}],"twitter_card":"summary_large_image","twitter_misc":{"Gesch\u00e4tzte Lesezeit":"1\u00a0Minute"},"schema":{"@context":"https:\/\/schema.org","@graph":[{"@type":"WebPage","@id":"https:\/\/firstbasegroundscrews.com\/de\/","url":"https:\/\/firstbasegroundscrews.com\/de\/","name":"HOCHWERTIGE SCHRAUBEN F\u00dcR SOLIDE FUNDAMENTE","isPartOf":{"@id":"https:\/\/firstbasegroundscrews.com\/de\/#website"},"primaryImageOfPage":{"@id":"https:\/\/firstbasegroundscrews.com\/de\/#primaryimage"},"image":{"@id":"https:\/\/firstbasegroundscrews.com\/de\/#primaryimage"},"thumbnailUrl":"https:\/\/firstbasegroundscrews.com\/wp-content\/uploads\/2020\/07\/FIRST-BASE-DO-IT-YOURSELF-scaled-e1594974702289.jpg","datePublished":"2019-05-16T13:46:32+00:00","dateModified":"2026-04-17T07:16:29+00:00","description":"Suchen Sie ein einfaches, aber solides Fundament f\u00fcr Ihr Projekt? Die Schraubfundamente der FIRST BASE PRO-Serie sind Ihre beste Wahl. Grundsolide!","breadcrumb":{"@id":"https:\/\/firstbasegroundscrews.com\/de\/#breadcrumb"},"inLanguage":"de","potentialAction":[{"@type":"ReadAction","target":["https:\/\/firstbasegroundscrews.com\/de\/"]}]},{"@type":"ImageObject","inLanguage":"de","@id":"https:\/\/firstbasegroundscrews.com\/de\/#primaryimage","url":"https:\/\/firstbasegroundscrews.com\/wp-content\/uploads\/2020\/07\/FIRST-BASE-DO-IT-YOURSELF-scaled-e1594974702289.jpg","contentUrl":"https:\/\/firstbasegroundscrews.com\/wp-content\/uploads\/2020\/07\/FIRST-BASE-DO-IT-YOURSELF-scaled-e1594974702289.jpg","width":2105,"height":1344,"caption":"Schroeffundamenten voor allerlei toepassingen."},{"@type":"BreadcrumbList","@id":"https:\/\/firstbasegroundscrews.com\/de\/#breadcrumb","itemListElement":[{"@type":"ListItem","position":1,"name":"Home","item":"https:\/\/firstbasegroundscrews.com\/de\/"},{"@type":"ListItem","position":2,"name":"HOCHWERTIGE SCHRAUBEN F\u00dcR SOLIDE FUNDAMENTE"}]},{"@type":"WebSite","@id":"https:\/\/firstbasegroundscrews.com\/de\/#website","url":"https:\/\/firstbasegroundscrews.com\/de\/","name":"FIRST BASE Ground Screws","description":"High quality ground screws for solid foundations","potentialAction":[{"@type":"SearchAction","target":{"@type":"EntryPoint","urlTemplate":"https:\/\/firstbasegroundscrews.com\/de\/?s={search_term_string}"},"query-input":{"@type":"PropertyValueSpecification","valueRequired":true,"valueName":"search_term_string"}}],"inLanguage":"de"}]}},"_links":{"self":[{"href":"https:\/\/firstbasegroundscrews.com\/de\/wp-json\/wp\/v2\/pages\/8189","targetHints":{"allow":["GET"]}}],"collection":[{"href":"https:\/\/firstbasegroundscrews.com\/de\/wp-json\/wp\/v2\/pages"}],"about":[{"href":"https:\/\/firstbasegroundscrews.com\/de\/wp-json\/wp\/v2\/types\/page"}],"author":[{"embeddable":true,"href":"https:\/\/firstbasegroundscrews.com\/de\/wp-json\/wp\/v2\/users\/1"}],"replies":[{"embeddable":true,"href":"https:\/\/firstbasegroundscrews.com\/de\/wp-json\/wp\/v2\/comments?post=8189"}],"version-history":[{"count":7,"href":"https:\/\/firstbasegroundscrews.com\/de\/wp-json\/wp\/v2\/pages\/8189\/revisions"}],"predecessor-version":[{"id":17413,"href":"https:\/\/firstbasegroundscrews.com\/de\/wp-json\/wp\/v2\/pages\/8189\/revisions\/17413"}],"wp:featuredmedia":[{"embeddable":true,"href":"https:\/\/firstbasegroundscrews.com\/de\/wp-json\/wp\/v2\/media\/4815"}],"wp:attachment":[{"href":"https:\/\/firstbasegroundscrews.com\/de\/wp-json\/wp\/v2\/media?parent=8189"}],"curies":[{"name":"wp","href":"https:\/\/api.w.org\/{rel}","templated":true}]}}