{"id":9645,"date":"2024-10-08T11:13:32","date_gmt":"2024-10-08T11:13:32","guid":{"rendered":"https:\/\/firstbasegroundscrews.com\/?page_id=9645"},"modified":"2024-10-08T11:13:33","modified_gmt":"2024-10-08T11:13:33","slug":"tilmeld-dig-nyhedsbrevet","status":"publish","type":"page","link":"https:\/\/firstbasegroundscrews.com\/da\/tilmeld-dig-nyhedsbrevet\/","title":{"rendered":"Tilmeld dig nyhedsbrevet"},"content":{"rendered":"\n<h2 class=\"wp-block-heading\">V\u00e6r altid den f\u00f8rste til at modtage information Tilmeld dig vores nyhedsbrev<\/h2>\n\n\n<noscript class=\"ninja-forms-noscript-message\">\n\tBem\u00e6rk: JavaScript er n\u00f8dvendig til dette indhold.<\/noscript>\n<div id=\"nf-form-30-cont\" class=\"nf-form-cont\" aria-live=\"polite\" aria-labelledby=\"nf-form-title-30\" aria-describedby=\"nf-form-errors-30\" role=\"form\">\n\n    <div class=\"nf-loading-spinner\"><\/div>\n\n<\/div>\n        <!-- That data is being printed as a workaround to page builders reordering the order of the scripts loaded-->\n        <script>var formDisplay=1;var nfForms=nfForms||[];var form=[];form.id='30';form.settings={\"objectType\":\"Form Setting\",\"editActive\":true,\"title\":\"Hold dig opdateret med vores seneste nyheder\",\"created_at\":\"2022-05-04 15:00:47\",\"form_title\":\"Keep up with our latest news\",\"default_label_pos\":\"above\",\"show_title\":\"1\",\"clear_complete\":\"1\",\"hide_complete\":\"1\",\"logged_in\":\"0\",\"wrapper_class\":\"\",\"element_class\":\"\",\"key\":\"\",\"add_submit\":\"0\",\"currency\":\"\",\"repeatable_fieldsets\":\"\",\"unique_field_error\":\"A form with this value has already been submitted.\",\"not_logged_in_msg\":\"\",\"sub_limit_msg\":\"The form has reached its submission limit.\",\"calculations\":[],\"conditions\":[],\"formContentData\":[\"navn_1681310059804\",\"efternavn_1681310063094\",\"e-mail_1681310070476\",\"jeg_accepterer_first_base_ground_screws_privatlivspolitik_1681310075376\",\"tilmeld_1681734683760\"],\"changeEmailErrorMsg\":\"Angiv en gyldig e-mailadresse!\",\"changeDateErrorMsg\":\"Please enter a valid date!\",\"confirmFieldErrorMsg\":\"Disse felter skal v\\u00e6re identiske!\",\"fieldNumberNumMinError\":\"Antal min. fejl\",\"fieldNumberNumMaxError\":\"Antal maks. fejl\",\"fieldNumberIncrementBy\":\"\\u00d8g med \",\"formErrorsCorrectErrors\":\"Ret fejlene, f\\u00f8r indsendelse af formularen.\",\"validateRequiredField\":\"Dette er et p\\u00e5kr\\u00e6vet felt.\",\"honeypotHoneypotError\":\"Honeypot-fejl\",\"fieldsMarkedRequired\":\"Felter markeret med en <span class=\\\"ninja-forms-req-symbol\\\">*<\\\/span> skal udfyldes\",\"drawerDisabled\":false,\"form_title_heading_level\":\"3\",\"allow_public_link\":0,\"embed_form\":\"\",\"objectDomain\":\"display\",\"ninjaForms\":\"Ninja-formularer\",\"fieldTextareaRTEInsertLink\":\"Inds\\u00e6t link\",\"fieldTextareaRTEInsertMedia\":\"Inds\\u00e6t medie\",\"fieldTextareaRTESelectAFile\":\"V&aelig;lg en fil\",\"formHoneypot\":\"Hvis du er et menneske og kan se dette felt, skal du lade det v\\u00e6re tomt.\",\"fileUploadOldCodeFileUploadInProgress\":\"Filoverf\\u00f8rsel er i gang.\",\"fileUploadOldCodeFileUpload\":\"OVERF\\u00d8RSEL AF FIL\",\"currencySymbol\":\"&#36;\",\"thousands_sep\":\".\",\"decimal_point\":\",\",\"siteLocale\":\"da_DK\",\"dateFormat\":\"m\\\/d\\\/Y\",\"startOfWeek\":\"1\",\"of\":\"af\",\"previousMonth\":\"Previous Month\",\"nextMonth\":\"Next Month\",\"months\":[\"January\",\"February\",\"March\",\"April\",\"May\",\"June\",\"July\",\"August\",\"September\",\"October\",\"November\",\"December\"],\"monthsShort\":[\"Jan\",\"Feb\",\"Mar\",\"Apr\",\"May\",\"Jun\",\"Jul\",\"Aug\",\"Sep\",\"Oct\",\"Nov\",\"Dec\"],\"weekdays\":[\"Sunday\",\"Monday\",\"Tuesday\",\"Wednesday\",\"Thursday\",\"Friday\",\"Saturday\"],\"weekdaysShort\":[\"Sun\",\"Mon\",\"Tue\",\"Wed\",\"Thu\",\"Fri\",\"Sat\"],\"weekdaysMin\":[\"Su\",\"Mo\",\"Tu\",\"We\",\"Th\",\"Fr\",\"Sa\"],\"recaptchaConsentMissing\":\"reCaptcha validation couldn&#039;t load.\",\"recaptchaMissingCookie\":\"reCaptcha v3 validation couldn&#039;t load the cookie needed to submit the form.\",\"recaptchaConsentEvent\":\"Accept reCaptcha cookies before sending the form.\",\"currency_symbol\":\"\",\"beforeForm\":\"\",\"beforeFields\":\"\",\"afterFields\":\"\",\"afterForm\":\"\"};form.fields=[{\"objectType\":\"Field\",\"objectDomain\":\"fields\",\"editActive\":false,\"order\":1,\"idAttribute\":\"id\",\"type\":\"firstname\",\"label\":\"Navn\",\"key\":\"navn_1681310059804\",\"label_pos\":\"above\",\"required\":1,\"default\":\"\",\"placeholder\":\"\",\"container_class\":\"\",\"element_class\":\"\",\"admin_label\":\"\",\"help_text\":\"\",\"custom_name_attribute\":\"fname\",\"personally_identifiable\":1,\"value\":\"\",\"drawerDisabled\":\"\",\"field_label\":\"Navn\",\"field_key\":\"navn_1681310059804\",\"id\":418,\"beforeField\":\"\",\"afterField\":\"\",\"parentType\":\"firstname\",\"element_templates\":[\"firstname\",\"input\"],\"old_classname\":\"\",\"wrap_template\":\"wrap\"},{\"objectType\":\"Field\",\"objectDomain\":\"fields\",\"editActive\":false,\"order\":2,\"idAttribute\":\"id\",\"type\":\"lastname\",\"label\":\"Efternavn\",\"key\":\"efternavn_1681310063094\",\"label_pos\":\"above\",\"required\":1,\"default\":\"\",\"placeholder\":\"\",\"container_class\":\"\",\"element_class\":\"\",\"admin_label\":\"\",\"help_text\":\"\",\"custom_name_attribute\":\"lname\",\"personally_identifiable\":1,\"value\":\"\",\"drawerDisabled\":\"\",\"field_label\":\"Efternavn\",\"field_key\":\"efternavn_1681310063094\",\"id\":419,\"beforeField\":\"\",\"afterField\":\"\",\"parentType\":\"lastname\",\"element_templates\":[\"lastname\",\"input\"],\"old_classname\":\"\",\"wrap_template\":\"wrap\"},{\"objectType\":\"Field\",\"objectDomain\":\"fields\",\"editActive\":false,\"order\":3,\"idAttribute\":\"id\",\"label\":\"E-mail\\u2028\",\"type\":\"email\",\"key\":\"e-mail_1681310070476\",\"label_pos\":\"above\",\"required\":\"\",\"default\":\"\",\"placeholder\":\"\",\"container_class\":\"\",\"element_class\":\"\",\"admin_label\":\"\",\"help_text\":\"\",\"custom_name_attribute\":\"email\",\"personally_identifiable\":1,\"value\":\"\",\"field_label\":\"E-mail\\u2028\",\"field_key\":\"e-mail_1681310070476\",\"id\":420,\"beforeField\":\"\",\"afterField\":\"\",\"parentType\":\"email\",\"element_templates\":[\"email\",\"input\"],\"old_classname\":\"\",\"wrap_template\":\"wrap\"},{\"objectType\":\"Field\",\"objectDomain\":\"fields\",\"editActive\":false,\"order\":5,\"idAttribute\":\"id\",\"label\":\"Jeg accepterer FIRST BASE Ground Screws privatlivspolitik. \",\"type\":\"checkbox\",\"key\":\"jeg_accepterer_first_base_ground_screws_privatlivspolitik_1681310075376\",\"label_pos\":\"left\",\"required\":1,\"container_class\":\"custom-check\",\"element_class\":\"\",\"manual_key\":\"\",\"admin_label\":\"\",\"help_text\":\"<p><br><\\\/p>\",\"default_value\":\"unchecked\",\"checked_value\":\"Checked\",\"unchecked_value\":\"Unchecked\",\"checked_calc_value\":\"\",\"unchecked_calc_value\":\"\",\"drawerDisabled\":\"\",\"default\":\"unchecked\",\"field_label\":\"Jeg accepterer FIRST BASE Ground Screws privatlivspolitik. \",\"field_key\":\"jeg_accepterer_first_base_ground_screws_privatlivspolitik_1681310075376\",\"value\":\"unchecked\",\"id\":421,\"beforeField\":\"\",\"afterField\":\"\",\"parentType\":\"checkbox\",\"element_templates\":[\"checkbox\",\"input\"],\"old_classname\":\"\",\"wrap_template\":\"wrap\"},{\"objectType\":\"Field\",\"objectDomain\":\"fields\",\"editActive\":false,\"order\":6,\"idAttribute\":\"id\",\"type\":\"submit\",\"label\":\"Tilmeld\",\"processing_label\":\"Processing\",\"container_class\":\"custom-submit-btn\",\"element_class\":\"\",\"key\":\"tilmeld_1681734683760\",\"drawerDisabled\":\"\",\"field_label\":\"Tilmeld\",\"field_key\":\"tilmeld_1681734683760\",\"admin_label\":\"\",\"id\":422,\"beforeField\":\"\",\"afterField\":\"\",\"value\":\"\",\"label_pos\":\"above\",\"parentType\":\"textbox\",\"element_templates\":[\"submit\",\"button\",\"input\"],\"old_classname\":\"\",\"wrap_template\":\"wrap-no-label\"},{\"objectType\":\"Field\",\"objectDomain\":\"fields\",\"editActive\":false,\"order\":\"6.0\",\"type\":\"recaptcha_v3\",\"label\":\"Hidden\",\"key\":\"recaptcha_v3\",\"default\":\"\",\"admin_label\":\"\",\"drawerDisabled\":false,\"id\":\"42462\",\"beforeField\":\"\",\"afterField\":\"\",\"value\":\"\",\"label_pos\":\"above\",\"parentType\":\"hidden\",\"element_templates\":[\"recaptcha-v3\",\"hidden\",\"input\"],\"old_classname\":\"\",\"wrap_template\":\"wrap-no-label\",\"site_key\":\"6Ld9ZCYjAAAAAF4Y3QEdJTwGjtwU7Rpa2UHHni3V\"}];nfForms.push(form);<\/script>\n        \n\n\n<h2 class=\"wp-block-heading\">Nyheder, tips fra fagfolk og nyttig information<\/h2>\n\n\n\n<p>For os handler det ikke kun om at levere et jordskruefundament af h\u00f8j kvalitet til vores kunder og partnere. Vi er glade for at hj\u00e6lpe dig med nyttige tips og manualer, \u00f8ge din viden med up-to-date produktinformation, nyheder fra vores fagfolk og at blive inspireret af projekter bygget p\u00e5 vores jordskruefundamenter.<\/p>\n\n\n\n<h2 class=\"wp-block-heading\">Jeg accepterer<\/h2>\n\n\n\n<p>N\u00e5r du tilmelder dig vores nyhedsbrev, accepterer du vores <a href=\"https:\/\/firstbasegroundscrews.com\/da\/privatlivspolitik\/\">privatlivspolitik<\/a>, og du giver tilladelse til, at FIRST BASE Ground Screws holder dig informeret om nyheder, udvikling og meget mere via e-mail. Du kan til enhver tid afmelde dig fra dette nyhedsbrev via afmeldingslinket i vores e-mails.<\/p>\n","protected":false},"excerpt":{"rendered":"V\u00e6r altid den f\u00f8rste til at modtage information Tilmeld dig vores nyhedsbrev Nyheder, tips fra fagfolk og nyttig information For os handler det ikke kun om at levere et jordskruefundament af h\u00f8j kvalitet til vores kunder og partnere. Vi er glade for at hj\u00e6lpe dig med nyttige tips og manualer, \u00f8ge din viden med up-to-date [&hellip;]","protected":false},"author":1,"featured_media":0,"parent":0,"menu_order":0,"comment_status":"closed","ping_status":"closed","template":"","meta":{"_acf_changed":false,"footnotes":""},"class_list":["post-9645","page","type-page","status-publish","hentry"],"acf":[],"yoast_head":"<!-- This site is optimized with the Yoast SEO plugin v27.3 - https:\/\/yoast.com\/product\/yoast-seo-wordpress\/ -->\n<title>Tilmeld dig nyhedsbrevet - FIRST BASE Ground Screws<\/title>\n<meta name=\"robots\" content=\"index, follow, max-snippet:-1, max-image-preview:large, max-video-preview:-1\" \/>\n<link rel=\"canonical\" href=\"https:\/\/firstbasegroundscrews.com\/da\/tilmeld-dig-nyhedsbrevet\/\" \/>\n<meta property=\"og:locale\" content=\"da_DK\" \/>\n<meta property=\"og:type\" content=\"article\" \/>\n<meta property=\"og:title\" content=\"Tilmeld dig nyhedsbrevet - FIRST BASE Ground Screws\" \/>\n<meta property=\"og:description\" content=\"V\u00e6r altid den f\u00f8rste til at modtage information Tilmeld dig vores nyhedsbrev Nyheder, tips fra fagfolk og nyttig information For os handler det ikke kun om at levere et jordskruefundament af h\u00f8j kvalitet til vores kunder og partnere. Vi er glade for at hj\u00e6lpe dig med nyttige tips og manualer, \u00f8ge din viden med up-to-date [&hellip;]\" \/>\n<meta property=\"og:url\" content=\"https:\/\/firstbasegroundscrews.com\/da\/tilmeld-dig-nyhedsbrevet\/\" \/>\n<meta property=\"og:site_name\" content=\"FIRST BASE Ground Screws\" \/>\n<meta property=\"article:modified_time\" content=\"2024-10-08T11:13:33+00:00\" \/>\n<meta name=\"twitter:card\" content=\"summary_large_image\" \/>\n<meta name=\"twitter:label1\" content=\"Estimeret l\u00e6setid\" \/>\n\t<meta name=\"twitter:data1\" content=\"1 minut\" \/>\n<script type=\"application\/ld+json\" class=\"yoast-schema-graph\">{\"@context\":\"https:\\\/\\\/schema.org\",\"@graph\":[{\"@type\":\"WebPage\",\"@id\":\"https:\\\/\\\/firstbasegroundscrews.com\\\/da\\\/tilmeld-dig-nyhedsbrevet\\\/\",\"url\":\"https:\\\/\\\/firstbasegroundscrews.com\\\/da\\\/tilmeld-dig-nyhedsbrevet\\\/\",\"name\":\"Tilmeld dig nyhedsbrevet - FIRST BASE Ground Screws\",\"isPartOf\":{\"@id\":\"https:\\\/\\\/firstbasegroundscrews.com\\\/da\\\/#website\"},\"datePublished\":\"2024-10-08T11:13:32+00:00\",\"dateModified\":\"2024-10-08T11:13:33+00:00\",\"breadcrumb\":{\"@id\":\"https:\\\/\\\/firstbasegroundscrews.com\\\/da\\\/tilmeld-dig-nyhedsbrevet\\\/#breadcrumb\"},\"inLanguage\":\"da-DK\",\"potentialAction\":[{\"@type\":\"ReadAction\",\"target\":[\"https:\\\/\\\/firstbasegroundscrews.com\\\/da\\\/tilmeld-dig-nyhedsbrevet\\\/\"]}]},{\"@type\":\"BreadcrumbList\",\"@id\":\"https:\\\/\\\/firstbasegroundscrews.com\\\/da\\\/tilmeld-dig-nyhedsbrevet\\\/#breadcrumb\",\"itemListElement\":[{\"@type\":\"ListItem\",\"position\":1,\"name\":\"Home\",\"item\":\"https:\\\/\\\/firstbasegroundscrews.com\\\/da\\\/\"},{\"@type\":\"ListItem\",\"position\":2,\"name\":\"Tilmeld dig nyhedsbrevet\"}]},{\"@type\":\"WebSite\",\"@id\":\"https:\\\/\\\/firstbasegroundscrews.com\\\/da\\\/#website\",\"url\":\"https:\\\/\\\/firstbasegroundscrews.com\\\/da\\\/\",\"name\":\"FIRST BASE Ground Screws\",\"description\":\"High quality ground screws for solid foundations\",\"potentialAction\":[{\"@type\":\"SearchAction\",\"target\":{\"@type\":\"EntryPoint\",\"urlTemplate\":\"https:\\\/\\\/firstbasegroundscrews.com\\\/da\\\/?s={search_term_string}\"},\"query-input\":{\"@type\":\"PropertyValueSpecification\",\"valueRequired\":true,\"valueName\":\"search_term_string\"}}],\"inLanguage\":\"da-DK\"}]}<\/script>\n<!-- \/ Yoast SEO plugin. -->","yoast_head_json":{"title":"Tilmeld dig nyhedsbrevet - FIRST BASE Ground Screws","robots":{"index":"index","follow":"follow","max-snippet":"max-snippet:-1","max-image-preview":"max-image-preview:large","max-video-preview":"max-video-preview:-1"},"canonical":"https:\/\/firstbasegroundscrews.com\/da\/tilmeld-dig-nyhedsbrevet\/","og_locale":"da_DK","og_type":"article","og_title":"Tilmeld dig nyhedsbrevet - FIRST BASE Ground Screws","og_description":"V\u00e6r altid den f\u00f8rste til at modtage information Tilmeld dig vores nyhedsbrev Nyheder, tips fra fagfolk og nyttig information For os handler det ikke kun om at levere et jordskruefundament af h\u00f8j kvalitet til vores kunder og partnere. Vi er glade for at hj\u00e6lpe dig med nyttige tips og manualer, \u00f8ge din viden med up-to-date [&hellip;]","og_url":"https:\/\/firstbasegroundscrews.com\/da\/tilmeld-dig-nyhedsbrevet\/","og_site_name":"FIRST BASE Ground Screws","article_modified_time":"2024-10-08T11:13:33+00:00","twitter_card":"summary_large_image","twitter_misc":{"Estimeret l\u00e6setid":"1 minut"},"schema":{"@context":"https:\/\/schema.org","@graph":[{"@type":"WebPage","@id":"https:\/\/firstbasegroundscrews.com\/da\/tilmeld-dig-nyhedsbrevet\/","url":"https:\/\/firstbasegroundscrews.com\/da\/tilmeld-dig-nyhedsbrevet\/","name":"Tilmeld dig nyhedsbrevet - FIRST BASE Ground Screws","isPartOf":{"@id":"https:\/\/firstbasegroundscrews.com\/da\/#website"},"datePublished":"2024-10-08T11:13:32+00:00","dateModified":"2024-10-08T11:13:33+00:00","breadcrumb":{"@id":"https:\/\/firstbasegroundscrews.com\/da\/tilmeld-dig-nyhedsbrevet\/#breadcrumb"},"inLanguage":"da-DK","potentialAction":[{"@type":"ReadAction","target":["https:\/\/firstbasegroundscrews.com\/da\/tilmeld-dig-nyhedsbrevet\/"]}]},{"@type":"BreadcrumbList","@id":"https:\/\/firstbasegroundscrews.com\/da\/tilmeld-dig-nyhedsbrevet\/#breadcrumb","itemListElement":[{"@type":"ListItem","position":1,"name":"Home","item":"https:\/\/firstbasegroundscrews.com\/da\/"},{"@type":"ListItem","position":2,"name":"Tilmeld dig nyhedsbrevet"}]},{"@type":"WebSite","@id":"https:\/\/firstbasegroundscrews.com\/da\/#website","url":"https:\/\/firstbasegroundscrews.com\/da\/","name":"FIRST BASE Ground Screws","description":"High quality ground screws for solid foundations","potentialAction":[{"@type":"SearchAction","target":{"@type":"EntryPoint","urlTemplate":"https:\/\/firstbasegroundscrews.com\/da\/?s={search_term_string}"},"query-input":{"@type":"PropertyValueSpecification","valueRequired":true,"valueName":"search_term_string"}}],"inLanguage":"da-DK"}]}},"_links":{"self":[{"href":"https:\/\/firstbasegroundscrews.com\/da\/wp-json\/wp\/v2\/pages\/9645","targetHints":{"allow":["GET"]}}],"collection":[{"href":"https:\/\/firstbasegroundscrews.com\/da\/wp-json\/wp\/v2\/pages"}],"about":[{"href":"https:\/\/firstbasegroundscrews.com\/da\/wp-json\/wp\/v2\/types\/page"}],"author":[{"embeddable":true,"href":"https:\/\/firstbasegroundscrews.com\/da\/wp-json\/wp\/v2\/users\/1"}],"replies":[{"embeddable":true,"href":"https:\/\/firstbasegroundscrews.com\/da\/wp-json\/wp\/v2\/comments?post=9645"}],"version-history":[{"count":1,"href":"https:\/\/firstbasegroundscrews.com\/da\/wp-json\/wp\/v2\/pages\/9645\/revisions"}],"predecessor-version":[{"id":9646,"href":"https:\/\/firstbasegroundscrews.com\/da\/wp-json\/wp\/v2\/pages\/9645\/revisions\/9646"}],"wp:attachment":[{"href":"https:\/\/firstbasegroundscrews.com\/da\/wp-json\/wp\/v2\/media?parent=9645"}],"curies":[{"name":"wp","href":"https:\/\/api.w.org\/{rel}","templated":true}]}}