{"id":9639,"date":"2024-10-08T11:06:17","date_gmt":"2024-10-08T11:06:17","guid":{"rendered":"https:\/\/firstbasegroundscrews.com\/?page_id=9639"},"modified":"2024-10-08T11:06:18","modified_gmt":"2024-10-08T11:06:18","slug":"moed-vores-goer-det-selv-skru-fundament","status":"publish","type":"page","link":"https:\/\/firstbasegroundscrews.com\/da\/moed-vores-goer-det-selv-skru-fundament\/","title":{"rendered":"M\u00d8D VORES G\u00d8R-DET-SELV SKRU-FUNDAMENT"},"content":{"rendered":"\n<h2 class=\"wp-block-heading\"><strong>FIRST BASE G\u00f8r-det-selv skru-fundament<\/strong><\/h2>\n\n\n\n<p>Er du p\u00e5 udkig efter et solidt fundament til dine g\u00f8r-det-selv projekter? FIRST BASE Ground Screws giver et hurtigt og p\u00e5lideligt fundament til dine projekter. Hos FIRST BASE forst\u00e5r vi, at hvert g\u00f8r-det-selv projekt er unikt. Derfor har vi designet vores g\u00f8r-det-selv jordskruer til at im\u00f8dekomme alle dine behov. Uanset om du er en erfaren handyman eller lige begyndt, er vores jordskruer det perfekte valg.<\/p>\n\n\n\n<h3 class=\"wp-block-heading\">Hvorfor v\u00e6lge vores jordskruer?<\/h3>\n\n\n\n<p>F\u00d8RSTE BASE G\u00f8r-det-selv jordskruer er perfekte til alle dine husholdningsbehov. Uanset om det er et hegn, en lille l\u00e5ge, et gyngestativ til b\u00f8rn eller endda et skur, kan disse skruer nemt installeres i h\u00e5nden i enhver form for jord og under alle vejrforhold. Med den ekstra fordel af genanvendelighed. Tag det f\u00f8rste skridt til dit g\u00f8r-det-selv projekt og se vores sortiment igennem eller kontakt os!<\/p>\n\n\n\n<div class=\"wp-block-buttons is-layout-flex wp-block-buttons-is-layout-flex\">\n<div class=\"wp-block-button\"><a class=\"wp-block-button__link wp-element-button\" href=\"https:\/\/firstbasegroundscrews.com\/da\/kontakt\/\">Kontakt<\/a><\/div>\n<\/div>\n\n\n\n<p><\/p>\n\n\n\n<figure class=\"wp-block-image size-large is-resized\"><img loading=\"lazy\" decoding=\"async\" width=\"700\" height=\"282\" src=\"https:\/\/firstbasegroundscrews.com\/wp-content\/uploads\/2024\/10\/MANUAL-HEADER-DSC07775-2-1536x618-1-700x282.jpeg\" alt=\"\" class=\"wp-image-9553\" style=\"aspect-ratio:2.491103202846975;width:840px;height:auto\" srcset=\"https:\/\/firstbasegroundscrews.com\/wp-content\/uploads\/2024\/10\/MANUAL-HEADER-DSC07775-2-1536x618-1-700x282.jpeg 700w, https:\/\/firstbasegroundscrews.com\/wp-content\/uploads\/2024\/10\/MANUAL-HEADER-DSC07775-2-1536x618-1-250x101.jpeg 250w, https:\/\/firstbasegroundscrews.com\/wp-content\/uploads\/2024\/10\/MANUAL-HEADER-DSC07775-2-1536x618-1-768x309.jpeg 768w, https:\/\/firstbasegroundscrews.com\/wp-content\/uploads\/2024\/10\/MANUAL-HEADER-DSC07775-2-1536x618-1-400x161.jpeg 400w, https:\/\/firstbasegroundscrews.com\/wp-content\/uploads\/2024\/10\/MANUAL-HEADER-DSC07775-2-1536x618-1-120x48.jpeg 120w, https:\/\/firstbasegroundscrews.com\/wp-content\/uploads\/2024\/10\/MANUAL-HEADER-DSC07775-2-1536x618-1-497x200.jpeg 497w, https:\/\/firstbasegroundscrews.com\/wp-content\/uploads\/2024\/10\/MANUAL-HEADER-DSC07775-2-1536x618-1.jpeg 1536w\" sizes=\"auto, (max-width: 700px) 100vw, 700px\" \/><\/figure>\n\n\n\n<h3 class=\"wp-block-heading\">Fordele:<\/h3>\n\n\n\n<ul class=\"wp-block-list\">\n<li>Nem installation med manuelt installationsredskab<\/li>\n\n\n\n<li>Ingen gravearbejde, ingen beton n\u00f8dvendig<\/li>\n\n\n\n<li>Egnet til enhver type jordbund<\/li>\n<\/ul>\n\n\n\n<p>FIRST BASE Jordskruer er en innovativ l\u00f8sning til installation af fundament uden beton. De er nemme at installere og kan straks indl\u00e6st. Fundamenterne er velegnede til enhver type jord og har en lang levetid. Derudover er de genanvendelige og milj\u00f8venlige.<\/p>\n\n\n\n<div class=\"playerWrapper\" id=\"playerWrapper\" data-active=\"false\" data-video-id=\"Ti-2kxgNhs4\">\n<div class=\"playerCover\"><\/div>\n<a id=\"playButton\" class=\"fba-button playerButton\" data-active=\"false\"><span>WATCH VIDEO<\/span><\/a>\n<div id=\"player\"><\/div>\n<\/div>\n\n\n\n<h2 class=\"wp-block-heading\">Lige s\u00e5 let som 1-2-3!<\/h2>\n\n\n\n<p>Bestil dine g\u00f8r-det-selv jordskruer og begiv dig ud p\u00e5 din bygge-rejse. Med vores hurtige levering og fremragende kundeservice kan du v\u00e6re sikker p\u00e5, at du har alt hvad du beh\u00f8ver for at g\u00f8re dit projekt til en succes. Opdag vores sortiment og find den perfekte jordskrue til dit projekt!<\/p>\n\n\n\n<div class=\"wp-block-buttons is-layout-flex wp-block-buttons-is-layout-flex\">\n<div class=\"wp-block-button\"><a class=\"wp-block-button__link wp-element-button\" href=\"https:\/\/firstbasegroundscrews.com\/da\/produktsortiment\/\">PRODUKTUDVALG<\/a><\/div>\n\n\n\n<div class=\"wp-block-button\"><a class=\"wp-block-button__link wp-element-button\" href=\"https:\/\/firstbasegroundscrews.com\/da\/kontakt\/\">Kontakt<\/a><\/div>\n<\/div>\n\n\n\n<p>Abonn\u00e9r p\u00e5 vores sociale medier for at holde dig opdateret med de seneste nyheder om jordskruer!<\/p>\n\n\n\n<ul class=\"wp-block-social-links has-icon-color is-style-logos-only is-layout-flex wp-block-social-links-is-layout-flex\"><li style=\"color:#000000;\" class=\"wp-social-link wp-social-link-facebook has-black-color wp-block-social-link\"><a href=\"https:\/\/www.facebook.com\/FIRSTBASEGS\" class=\"wp-block-social-link-anchor\"><svg width=\"24\" height=\"24\" viewBox=\"0 0 24 24\" version=\"1.1\" xmlns=\"http:\/\/www.w3.org\/2000\/svg\" aria-hidden=\"true\" focusable=\"false\"><path d=\"M12 2C6.5 2 2 6.5 2 12c0 5 3.7 9.1 8.4 9.9v-7H7.9V12h2.5V9.8c0-2.5 1.5-3.9 3.8-3.9 1.1 0 2.2.2 2.2.2v2.5h-1.3c-1.2 0-1.6.8-1.6 1.6V12h2.8l-.4 2.9h-2.3v7C18.3 21.1 22 17 22 12c0-5.5-4.5-10-10-10z\"><\/path><\/svg><span class=\"wp-block-social-link-label screen-reader-text\">Facebook<\/span><\/a><\/li>\n\n<li style=\"color:#000000;\" class=\"wp-social-link wp-social-link-instagram has-black-color wp-block-social-link\"><a href=\"https:\/\/www.instagram.com\/first_base_ground_screws\/\" class=\"wp-block-social-link-anchor\"><svg width=\"24\" height=\"24\" viewBox=\"0 0 24 24\" version=\"1.1\" xmlns=\"http:\/\/www.w3.org\/2000\/svg\" aria-hidden=\"true\" focusable=\"false\"><path d=\"M12,4.622c2.403,0,2.688,0.009,3.637,0.052c0.877,0.04,1.354,0.187,1.671,0.31c0.42,0.163,0.72,0.358,1.035,0.673 c0.315,0.315,0.51,0.615,0.673,1.035c0.123,0.317,0.27,0.794,0.31,1.671c0.043,0.949,0.052,1.234,0.052,3.637 s-0.009,2.688-0.052,3.637c-0.04,0.877-0.187,1.354-0.31,1.671c-0.163,0.42-0.358,0.72-0.673,1.035 c-0.315,0.315-0.615,0.51-1.035,0.673c-0.317,0.123-0.794,0.27-1.671,0.31c-0.949,0.043-1.233,0.052-3.637,0.052 s-2.688-0.009-3.637-0.052c-0.877-0.04-1.354-0.187-1.671-0.31c-0.42-0.163-0.72-0.358-1.035-0.673 c-0.315-0.315-0.51-0.615-0.673-1.035c-0.123-0.317-0.27-0.794-0.31-1.671C4.631,14.688,4.622,14.403,4.622,12 s0.009-2.688,0.052-3.637c0.04-0.877,0.187-1.354,0.31-1.671c0.163-0.42,0.358-0.72,0.673-1.035 c0.315-0.315,0.615-0.51,1.035-0.673c0.317-0.123,0.794-0.27,1.671-0.31C9.312,4.631,9.597,4.622,12,4.622 M12,3 C9.556,3,9.249,3.01,8.289,3.054C7.331,3.098,6.677,3.25,6.105,3.472C5.513,3.702,5.011,4.01,4.511,4.511 c-0.5,0.5-0.808,1.002-1.038,1.594C3.25,6.677,3.098,7.331,3.054,8.289C3.01,9.249,3,9.556,3,12c0,2.444,0.01,2.751,0.054,3.711 c0.044,0.958,0.196,1.612,0.418,2.185c0.23,0.592,0.538,1.094,1.038,1.594c0.5,0.5,1.002,0.808,1.594,1.038 c0.572,0.222,1.227,0.375,2.185,0.418C9.249,20.99,9.556,21,12,21s2.751-0.01,3.711-0.054c0.958-0.044,1.612-0.196,2.185-0.418 c0.592-0.23,1.094-0.538,1.594-1.038c0.5-0.5,0.808-1.002,1.038-1.594c0.222-0.572,0.375-1.227,0.418-2.185 C20.99,14.751,21,14.444,21,12s-0.01-2.751-0.054-3.711c-0.044-0.958-0.196-1.612-0.418-2.185c-0.23-0.592-0.538-1.094-1.038-1.594 c-0.5-0.5-1.002-0.808-1.594-1.038c-0.572-0.222-1.227-0.375-2.185-0.418C14.751,3.01,14.444,3,12,3L12,3z M12,7.378 c-2.552,0-4.622,2.069-4.622,4.622S9.448,16.622,12,16.622s4.622-2.069,4.622-4.622S14.552,7.378,12,7.378z M12,15 c-1.657,0-3-1.343-3-3s1.343-3,3-3s3,1.343,3,3S13.657,15,12,15z M16.804,6.116c-0.596,0-1.08,0.484-1.08,1.08 s0.484,1.08,1.08,1.08c0.596,0,1.08-0.484,1.08-1.08S17.401,6.116,16.804,6.116z\"><\/path><\/svg><span class=\"wp-block-social-link-label screen-reader-text\">Instagram<\/span><\/a><\/li>\n\n<li style=\"color:#000000;\" class=\"wp-social-link wp-social-link-linkedin has-black-color wp-block-social-link\"><a href=\"https:\/\/www.linkedin.com\/company\/64256950\" class=\"wp-block-social-link-anchor\"><svg width=\"24\" height=\"24\" viewBox=\"0 0 24 24\" version=\"1.1\" xmlns=\"http:\/\/www.w3.org\/2000\/svg\" aria-hidden=\"true\" focusable=\"false\"><path d=\"M19.7,3H4.3C3.582,3,3,3.582,3,4.3v15.4C3,20.418,3.582,21,4.3,21h15.4c0.718,0,1.3-0.582,1.3-1.3V4.3 C21,3.582,20.418,3,19.7,3z M8.339,18.338H5.667v-8.59h2.672V18.338z M7.004,8.574c-0.857,0-1.549-0.694-1.549-1.548 c0-0.855,0.691-1.548,1.549-1.548c0.854,0,1.547,0.694,1.547,1.548C8.551,7.881,7.858,8.574,7.004,8.574z M18.339,18.338h-2.669 v-4.177c0-0.996-0.017-2.278-1.387-2.278c-1.389,0-1.601,1.086-1.601,2.206v4.249h-2.667v-8.59h2.559v1.174h0.037 c0.356-0.675,1.227-1.387,2.526-1.387c2.703,0,3.203,1.779,3.203,4.092V18.338z\"><\/path><\/svg><span class=\"wp-block-social-link-label screen-reader-text\">LinkedIn<\/span><\/a><\/li>\n\n<li style=\"color:#000000;\" class=\"wp-social-link wp-social-link-youtube has-black-color wp-block-social-link\"><a href=\"https:\/\/www.youtube.com\/channel\/UCYJCkFYh6jVVXfwZYx7e_YA\" class=\"wp-block-social-link-anchor\"><svg width=\"24\" height=\"24\" viewBox=\"0 0 24 24\" version=\"1.1\" xmlns=\"http:\/\/www.w3.org\/2000\/svg\" aria-hidden=\"true\" focusable=\"false\"><path d=\"M21.8,8.001c0,0-0.195-1.378-0.795-1.985c-0.76-0.797-1.613-0.801-2.004-0.847c-2.799-0.202-6.997-0.202-6.997-0.202 h-0.009c0,0-4.198,0-6.997,0.202C4.608,5.216,3.756,5.22,2.995,6.016C2.395,6.623,2.2,8.001,2.2,8.001S2,9.62,2,11.238v1.517 c0,1.618,0.2,3.237,0.2,3.237s0.195,1.378,0.795,1.985c0.761,0.797,1.76,0.771,2.205,0.855c1.6,0.153,6.8,0.201,6.8,0.201 s4.203-0.006,7.001-0.209c0.391-0.047,1.243-0.051,2.004-0.847c0.6-0.607,0.795-1.985,0.795-1.985s0.2-1.618,0.2-3.237v-1.517 C22,9.62,21.8,8.001,21.8,8.001z M9.935,14.594l-0.001-5.62l5.404,2.82L9.935,14.594z\"><\/path><\/svg><span class=\"wp-block-social-link-label screen-reader-text\">YouTube<\/span><\/a><\/li><\/ul>\n\n\n\n<p><\/p>\n","protected":false},"excerpt":{"rendered":"FIRST BASE G\u00f8r-det-selv skru-fundament Er du p\u00e5 udkig efter et solidt fundament til dine g\u00f8r-det-selv projekter? FIRST BASE Ground Screws giver et hurtigt og p\u00e5lideligt fundament til dine projekter. Hos FIRST BASE forst\u00e5r vi, at hvert g\u00f8r-det-selv projekt er unikt. Derfor har vi designet vores g\u00f8r-det-selv jordskruer til at im\u00f8dekomme alle dine behov. Uanset om [&hellip;]","protected":false},"author":1,"featured_media":0,"parent":0,"menu_order":0,"comment_status":"closed","ping_status":"closed","template":"templates\/page_fbLanding-nl_NL.php","meta":{"_acf_changed":false,"footnotes":""},"class_list":["post-9639","page","type-page","status-publish","hentry"],"acf":[],"yoast_head":"<!-- This site is optimized with the Yoast SEO plugin v27.3 - https:\/\/yoast.com\/product\/yoast-seo-wordpress\/ -->\n<title>M\u00d8D VORES G\u00d8R-DET-SELV SKRU-FUNDAMENT - FIRST BASE Ground Screws<\/title>\n<meta name=\"robots\" content=\"index, follow, max-snippet:-1, max-image-preview:large, max-video-preview:-1\" \/>\n<link rel=\"canonical\" href=\"https:\/\/firstbasegroundscrews.com\/da\/moed-vores-goer-det-selv-skru-fundament\/\" \/>\n<meta property=\"og:locale\" content=\"da_DK\" \/>\n<meta property=\"og:type\" content=\"article\" \/>\n<meta property=\"og:title\" content=\"M\u00d8D VORES G\u00d8R-DET-SELV SKRU-FUNDAMENT - FIRST BASE Ground Screws\" \/>\n<meta property=\"og:description\" content=\"FIRST BASE G\u00f8r-det-selv skru-fundament Er du p\u00e5 udkig efter et solidt fundament til dine g\u00f8r-det-selv projekter? FIRST BASE Ground Screws giver et hurtigt og p\u00e5lideligt fundament til dine projekter. Hos FIRST BASE forst\u00e5r vi, at hvert g\u00f8r-det-selv projekt er unikt. Derfor har vi designet vores g\u00f8r-det-selv jordskruer til at im\u00f8dekomme alle dine behov. Uanset om [&hellip;]\" \/>\n<meta property=\"og:url\" content=\"https:\/\/firstbasegroundscrews.com\/da\/moed-vores-goer-det-selv-skru-fundament\/\" \/>\n<meta property=\"og:site_name\" content=\"FIRST BASE Ground Screws\" \/>\n<meta property=\"article:modified_time\" content=\"2024-10-08T11:06:18+00:00\" \/>\n<meta property=\"og:image\" content=\"https:\/\/firstbasegroundscrews.com\/wp-content\/uploads\/2024\/10\/MANUAL-HEADER-DSC07775-2-1536x618-1-700x282.jpeg\" \/>\n<meta name=\"twitter:card\" content=\"summary_large_image\" \/>\n<meta name=\"twitter:label1\" content=\"Estimeret l\u00e6setid\" \/>\n\t<meta name=\"twitter:data1\" content=\"2 minutter\" \/>\n<script type=\"application\/ld+json\" class=\"yoast-schema-graph\">{\"@context\":\"https:\\\/\\\/schema.org\",\"@graph\":[{\"@type\":\"WebPage\",\"@id\":\"https:\\\/\\\/firstbasegroundscrews.com\\\/da\\\/moed-vores-goer-det-selv-skru-fundament\\\/\",\"url\":\"https:\\\/\\\/firstbasegroundscrews.com\\\/da\\\/moed-vores-goer-det-selv-skru-fundament\\\/\",\"name\":\"M\u00d8D VORES G\u00d8R-DET-SELV SKRU-FUNDAMENT - FIRST BASE Ground Screws\",\"isPartOf\":{\"@id\":\"https:\\\/\\\/firstbasegroundscrews.com\\\/da\\\/#website\"},\"primaryImageOfPage\":{\"@id\":\"https:\\\/\\\/firstbasegroundscrews.com\\\/da\\\/moed-vores-goer-det-selv-skru-fundament\\\/#primaryimage\"},\"image\":{\"@id\":\"https:\\\/\\\/firstbasegroundscrews.com\\\/da\\\/moed-vores-goer-det-selv-skru-fundament\\\/#primaryimage\"},\"thumbnailUrl\":\"https:\\\/\\\/firstbasegroundscrews.com\\\/wp-content\\\/uploads\\\/2024\\\/10\\\/MANUAL-HEADER-DSC07775-2-1536x618-1-700x282.jpeg\",\"datePublished\":\"2024-10-08T11:06:17+00:00\",\"dateModified\":\"2024-10-08T11:06:18+00:00\",\"breadcrumb\":{\"@id\":\"https:\\\/\\\/firstbasegroundscrews.com\\\/da\\\/moed-vores-goer-det-selv-skru-fundament\\\/#breadcrumb\"},\"inLanguage\":\"da-DK\",\"potentialAction\":[{\"@type\":\"ReadAction\",\"target\":[\"https:\\\/\\\/firstbasegroundscrews.com\\\/da\\\/moed-vores-goer-det-selv-skru-fundament\\\/\"]}]},{\"@type\":\"ImageObject\",\"inLanguage\":\"da-DK\",\"@id\":\"https:\\\/\\\/firstbasegroundscrews.com\\\/da\\\/moed-vores-goer-det-selv-skru-fundament\\\/#primaryimage\",\"url\":\"https:\\\/\\\/firstbasegroundscrews.com\\\/wp-content\\\/uploads\\\/2024\\\/10\\\/MANUAL-HEADER-DSC07775-2-1536x618-1-700x282.jpeg\",\"contentUrl\":\"https:\\\/\\\/firstbasegroundscrews.com\\\/wp-content\\\/uploads\\\/2024\\\/10\\\/MANUAL-HEADER-DSC07775-2-1536x618-1-700x282.jpeg\"},{\"@type\":\"BreadcrumbList\",\"@id\":\"https:\\\/\\\/firstbasegroundscrews.com\\\/da\\\/moed-vores-goer-det-selv-skru-fundament\\\/#breadcrumb\",\"itemListElement\":[{\"@type\":\"ListItem\",\"position\":1,\"name\":\"Home\",\"item\":\"https:\\\/\\\/firstbasegroundscrews.com\\\/da\\\/\"},{\"@type\":\"ListItem\",\"position\":2,\"name\":\"M\u00d8D VORES G\u00d8R-DET-SELV SKRU-FUNDAMENT\"}]},{\"@type\":\"WebSite\",\"@id\":\"https:\\\/\\\/firstbasegroundscrews.com\\\/da\\\/#website\",\"url\":\"https:\\\/\\\/firstbasegroundscrews.com\\\/da\\\/\",\"name\":\"FIRST BASE Ground Screws\",\"description\":\"High quality ground screws for solid foundations\",\"potentialAction\":[{\"@type\":\"SearchAction\",\"target\":{\"@type\":\"EntryPoint\",\"urlTemplate\":\"https:\\\/\\\/firstbasegroundscrews.com\\\/da\\\/?s={search_term_string}\"},\"query-input\":{\"@type\":\"PropertyValueSpecification\",\"valueRequired\":true,\"valueName\":\"search_term_string\"}}],\"inLanguage\":\"da-DK\"}]}<\/script>\n<!-- \/ Yoast SEO plugin. -->","yoast_head_json":{"title":"M\u00d8D VORES G\u00d8R-DET-SELV SKRU-FUNDAMENT - FIRST BASE Ground Screws","robots":{"index":"index","follow":"follow","max-snippet":"max-snippet:-1","max-image-preview":"max-image-preview:large","max-video-preview":"max-video-preview:-1"},"canonical":"https:\/\/firstbasegroundscrews.com\/da\/moed-vores-goer-det-selv-skru-fundament\/","og_locale":"da_DK","og_type":"article","og_title":"M\u00d8D VORES G\u00d8R-DET-SELV SKRU-FUNDAMENT - FIRST BASE Ground Screws","og_description":"FIRST BASE G\u00f8r-det-selv skru-fundament Er du p\u00e5 udkig efter et solidt fundament til dine g\u00f8r-det-selv projekter? FIRST BASE Ground Screws giver et hurtigt og p\u00e5lideligt fundament til dine projekter. Hos FIRST BASE forst\u00e5r vi, at hvert g\u00f8r-det-selv projekt er unikt. Derfor har vi designet vores g\u00f8r-det-selv jordskruer til at im\u00f8dekomme alle dine behov. Uanset om [&hellip;]","og_url":"https:\/\/firstbasegroundscrews.com\/da\/moed-vores-goer-det-selv-skru-fundament\/","og_site_name":"FIRST BASE Ground Screws","article_modified_time":"2024-10-08T11:06:18+00:00","og_image":[{"url":"https:\/\/firstbasegroundscrews.com\/wp-content\/uploads\/2024\/10\/MANUAL-HEADER-DSC07775-2-1536x618-1-700x282.jpeg","type":"","width":"","height":""}],"twitter_card":"summary_large_image","twitter_misc":{"Estimeret l\u00e6setid":"2 minutter"},"schema":{"@context":"https:\/\/schema.org","@graph":[{"@type":"WebPage","@id":"https:\/\/firstbasegroundscrews.com\/da\/moed-vores-goer-det-selv-skru-fundament\/","url":"https:\/\/firstbasegroundscrews.com\/da\/moed-vores-goer-det-selv-skru-fundament\/","name":"M\u00d8D VORES G\u00d8R-DET-SELV SKRU-FUNDAMENT - FIRST BASE Ground Screws","isPartOf":{"@id":"https:\/\/firstbasegroundscrews.com\/da\/#website"},"primaryImageOfPage":{"@id":"https:\/\/firstbasegroundscrews.com\/da\/moed-vores-goer-det-selv-skru-fundament\/#primaryimage"},"image":{"@id":"https:\/\/firstbasegroundscrews.com\/da\/moed-vores-goer-det-selv-skru-fundament\/#primaryimage"},"thumbnailUrl":"https:\/\/firstbasegroundscrews.com\/wp-content\/uploads\/2024\/10\/MANUAL-HEADER-DSC07775-2-1536x618-1-700x282.jpeg","datePublished":"2024-10-08T11:06:17+00:00","dateModified":"2024-10-08T11:06:18+00:00","breadcrumb":{"@id":"https:\/\/firstbasegroundscrews.com\/da\/moed-vores-goer-det-selv-skru-fundament\/#breadcrumb"},"inLanguage":"da-DK","potentialAction":[{"@type":"ReadAction","target":["https:\/\/firstbasegroundscrews.com\/da\/moed-vores-goer-det-selv-skru-fundament\/"]}]},{"@type":"ImageObject","inLanguage":"da-DK","@id":"https:\/\/firstbasegroundscrews.com\/da\/moed-vores-goer-det-selv-skru-fundament\/#primaryimage","url":"https:\/\/firstbasegroundscrews.com\/wp-content\/uploads\/2024\/10\/MANUAL-HEADER-DSC07775-2-1536x618-1-700x282.jpeg","contentUrl":"https:\/\/firstbasegroundscrews.com\/wp-content\/uploads\/2024\/10\/MANUAL-HEADER-DSC07775-2-1536x618-1-700x282.jpeg"},{"@type":"BreadcrumbList","@id":"https:\/\/firstbasegroundscrews.com\/da\/moed-vores-goer-det-selv-skru-fundament\/#breadcrumb","itemListElement":[{"@type":"ListItem","position":1,"name":"Home","item":"https:\/\/firstbasegroundscrews.com\/da\/"},{"@type":"ListItem","position":2,"name":"M\u00d8D VORES G\u00d8R-DET-SELV SKRU-FUNDAMENT"}]},{"@type":"WebSite","@id":"https:\/\/firstbasegroundscrews.com\/da\/#website","url":"https:\/\/firstbasegroundscrews.com\/da\/","name":"FIRST BASE Ground Screws","description":"High quality ground screws for solid foundations","potentialAction":[{"@type":"SearchAction","target":{"@type":"EntryPoint","urlTemplate":"https:\/\/firstbasegroundscrews.com\/da\/?s={search_term_string}"},"query-input":{"@type":"PropertyValueSpecification","valueRequired":true,"valueName":"search_term_string"}}],"inLanguage":"da-DK"}]}},"_links":{"self":[{"href":"https:\/\/firstbasegroundscrews.com\/da\/wp-json\/wp\/v2\/pages\/9639","targetHints":{"allow":["GET"]}}],"collection":[{"href":"https:\/\/firstbasegroundscrews.com\/da\/wp-json\/wp\/v2\/pages"}],"about":[{"href":"https:\/\/firstbasegroundscrews.com\/da\/wp-json\/wp\/v2\/types\/page"}],"author":[{"embeddable":true,"href":"https:\/\/firstbasegroundscrews.com\/da\/wp-json\/wp\/v2\/users\/1"}],"replies":[{"embeddable":true,"href":"https:\/\/firstbasegroundscrews.com\/da\/wp-json\/wp\/v2\/comments?post=9639"}],"version-history":[{"count":1,"href":"https:\/\/firstbasegroundscrews.com\/da\/wp-json\/wp\/v2\/pages\/9639\/revisions"}],"predecessor-version":[{"id":9640,"href":"https:\/\/firstbasegroundscrews.com\/da\/wp-json\/wp\/v2\/pages\/9639\/revisions\/9640"}],"wp:attachment":[{"href":"https:\/\/firstbasegroundscrews.com\/da\/wp-json\/wp\/v2\/media?parent=9639"}],"curies":[{"name":"wp","href":"https:\/\/api.w.org\/{rel}","templated":true}]}}