{"id":8426,"date":"2019-05-20T14:10:54","date_gmt":"2019-05-20T14:10:54","guid":{"rendered":"https:\/\/firstbasegroundscrews.com\/contact\/"},"modified":"2026-01-05T07:58:25","modified_gmt":"2026-01-05T07:58:25","slug":"kontakt","status":"publish","type":"page","link":"https:\/\/firstbasegroundscrews.com\/da\/kontakt\/","title":{"rendered":"Kontakt"},"content":{"rendered":"\n<h3 class=\"wp-block-heading\">Leder du efter de rigtige jordskruer?<\/h3>\n\n\n\n<p>Find den rigtige jordskrue til dit projekt her: <a href=\"https:\/\/firstbasegroundscrews.com\/da\/pro-serien\/\">Professionelle projekter<\/a>, <a href=\"https:\/\/firstbasegroundscrews.com\/da\/jordmonterede-solpaneler\/\">konstruktioner til solcelleanl\u00e6g<\/a> eller <a href=\"https:\/\/firstbasegroundscrews.com\/da\/gor-det-selv\/\">G\u00f8r-det-selv<\/a>.<\/p>\n\n\n\n<h3 class=\"wp-block-heading\">S\u00f8ger du en distribut\u00f8r?<\/h3>\n\n\n\n<div class=\"wp-block-buttons is-layout-flex wp-block-buttons-is-layout-flex\">\n<div class=\"wp-block-button\"><a class=\"wp-block-button__link wp-element-button\" href=\"https:\/\/firstbasegroundscrews.com\/da\/distributorer\/\">Distribut\u00f8rer<\/a><\/div>\n<\/div>\n\n\n<noscript class=\"ninja-forms-noscript-message\">\n\tBem\u00e6rk: JavaScript er n\u00f8dvendig til dette indhold.<\/noscript>\n<div id=\"nf-form-30-cont\" class=\"nf-form-cont\" aria-live=\"polite\" aria-labelledby=\"nf-form-title-30\" aria-describedby=\"nf-form-errors-30\" role=\"form\">\n\n    <div class=\"nf-loading-spinner\"><\/div>\n\n<\/div>\n        <!-- That data is being printed as a workaround to page builders reordering the order of the scripts loaded-->\n        <script>var formDisplay=1;var nfForms=nfForms||[];var form=[];form.id='30';form.settings={\"objectType\":\"Form Setting\",\"editActive\":true,\"title\":\"Hold dig opdateret med vores seneste nyheder\",\"created_at\":\"2022-05-04 15:00:47\",\"form_title\":\"Keep up with our latest news\",\"default_label_pos\":\"above\",\"show_title\":\"1\",\"clear_complete\":\"1\",\"hide_complete\":\"1\",\"logged_in\":\"0\",\"wrapper_class\":\"\",\"element_class\":\"\",\"key\":\"\",\"add_submit\":\"0\",\"currency\":\"\",\"repeatable_fieldsets\":\"\",\"unique_field_error\":\"A form with this value has already been submitted.\",\"not_logged_in_msg\":\"\",\"sub_limit_msg\":\"The form has reached its submission limit.\",\"calculations\":[],\"conditions\":[],\"formContentData\":[\"navn_1681310059804\",\"efternavn_1681310063094\",\"e-mail_1681310070476\",\"jeg_accepterer_first_base_ground_screws_privatlivspolitik_1681310075376\",\"tilmeld_1681734683760\"],\"changeEmailErrorMsg\":\"Angiv en gyldig e-mailadresse!\",\"changeDateErrorMsg\":\"Please enter a valid date!\",\"confirmFieldErrorMsg\":\"Disse felter skal v\\u00e6re identiske!\",\"fieldNumberNumMinError\":\"Antal min. fejl\",\"fieldNumberNumMaxError\":\"Antal maks. fejl\",\"fieldNumberIncrementBy\":\"\\u00d8g med \",\"formErrorsCorrectErrors\":\"Ret fejlene, f\\u00f8r indsendelse af formularen.\",\"validateRequiredField\":\"Dette er et p\\u00e5kr\\u00e6vet felt.\",\"honeypotHoneypotError\":\"Honeypot-fejl\",\"fieldsMarkedRequired\":\"Felter markeret med en <span class=\\\"ninja-forms-req-symbol\\\">*<\\\/span> skal udfyldes\",\"drawerDisabled\":false,\"form_title_heading_level\":\"3\",\"allow_public_link\":0,\"embed_form\":\"\",\"objectDomain\":\"display\",\"ninjaForms\":\"Ninja-formularer\",\"fieldTextareaRTEInsertLink\":\"Inds\\u00e6t link\",\"fieldTextareaRTEInsertMedia\":\"Inds\\u00e6t medie\",\"fieldTextareaRTESelectAFile\":\"V&aelig;lg en fil\",\"formHoneypot\":\"Hvis du er et menneske og kan se dette felt, skal du lade det v\\u00e6re tomt.\",\"fileUploadOldCodeFileUploadInProgress\":\"Filoverf\\u00f8rsel er i gang.\",\"fileUploadOldCodeFileUpload\":\"OVERF\\u00d8RSEL AF FIL\",\"currencySymbol\":\"&#36;\",\"thousands_sep\":\".\",\"decimal_point\":\",\",\"siteLocale\":\"da_DK\",\"dateFormat\":\"m\\\/d\\\/Y\",\"startOfWeek\":\"1\",\"of\":\"af\",\"previousMonth\":\"Previous Month\",\"nextMonth\":\"Next Month\",\"months\":[\"January\",\"February\",\"March\",\"April\",\"May\",\"June\",\"July\",\"August\",\"September\",\"October\",\"November\",\"December\"],\"monthsShort\":[\"Jan\",\"Feb\",\"Mar\",\"Apr\",\"May\",\"Jun\",\"Jul\",\"Aug\",\"Sep\",\"Oct\",\"Nov\",\"Dec\"],\"weekdays\":[\"Sunday\",\"Monday\",\"Tuesday\",\"Wednesday\",\"Thursday\",\"Friday\",\"Saturday\"],\"weekdaysShort\":[\"Sun\",\"Mon\",\"Tue\",\"Wed\",\"Thu\",\"Fri\",\"Sat\"],\"weekdaysMin\":[\"Su\",\"Mo\",\"Tu\",\"We\",\"Th\",\"Fr\",\"Sa\"],\"recaptchaConsentMissing\":\"reCaptcha validation couldn&#039;t load.\",\"recaptchaMissingCookie\":\"reCaptcha v3 validation couldn&#039;t load the cookie needed to submit the form.\",\"recaptchaConsentEvent\":\"Accept reCaptcha cookies before sending the form.\",\"currency_symbol\":\"\",\"beforeForm\":\"\",\"beforeFields\":\"\",\"afterFields\":\"\",\"afterForm\":\"\"};form.fields=[{\"objectType\":\"Field\",\"objectDomain\":\"fields\",\"editActive\":false,\"order\":1,\"idAttribute\":\"id\",\"type\":\"firstname\",\"label\":\"Navn\",\"key\":\"navn_1681310059804\",\"label_pos\":\"above\",\"required\":1,\"default\":\"\",\"placeholder\":\"\",\"container_class\":\"\",\"element_class\":\"\",\"admin_label\":\"\",\"help_text\":\"\",\"custom_name_attribute\":\"fname\",\"personally_identifiable\":1,\"value\":\"\",\"drawerDisabled\":\"\",\"field_label\":\"Navn\",\"field_key\":\"navn_1681310059804\",\"id\":418,\"beforeField\":\"\",\"afterField\":\"\",\"parentType\":\"firstname\",\"element_templates\":[\"firstname\",\"input\"],\"old_classname\":\"\",\"wrap_template\":\"wrap\"},{\"objectType\":\"Field\",\"objectDomain\":\"fields\",\"editActive\":false,\"order\":2,\"idAttribute\":\"id\",\"type\":\"lastname\",\"label\":\"Efternavn\",\"key\":\"efternavn_1681310063094\",\"label_pos\":\"above\",\"required\":1,\"default\":\"\",\"placeholder\":\"\",\"container_class\":\"\",\"element_class\":\"\",\"admin_label\":\"\",\"help_text\":\"\",\"custom_name_attribute\":\"lname\",\"personally_identifiable\":1,\"value\":\"\",\"drawerDisabled\":\"\",\"field_label\":\"Efternavn\",\"field_key\":\"efternavn_1681310063094\",\"id\":419,\"beforeField\":\"\",\"afterField\":\"\",\"parentType\":\"lastname\",\"element_templates\":[\"lastname\",\"input\"],\"old_classname\":\"\",\"wrap_template\":\"wrap\"},{\"objectType\":\"Field\",\"objectDomain\":\"fields\",\"editActive\":false,\"order\":3,\"idAttribute\":\"id\",\"label\":\"E-mail\\u2028\",\"type\":\"email\",\"key\":\"e-mail_1681310070476\",\"label_pos\":\"above\",\"required\":\"\",\"default\":\"\",\"placeholder\":\"\",\"container_class\":\"\",\"element_class\":\"\",\"admin_label\":\"\",\"help_text\":\"\",\"custom_name_attribute\":\"email\",\"personally_identifiable\":1,\"value\":\"\",\"field_label\":\"E-mail\\u2028\",\"field_key\":\"e-mail_1681310070476\",\"id\":420,\"beforeField\":\"\",\"afterField\":\"\",\"parentType\":\"email\",\"element_templates\":[\"email\",\"input\"],\"old_classname\":\"\",\"wrap_template\":\"wrap\"},{\"objectType\":\"Field\",\"objectDomain\":\"fields\",\"editActive\":false,\"order\":5,\"idAttribute\":\"id\",\"label\":\"Jeg accepterer FIRST BASE Ground Screws privatlivspolitik. \",\"type\":\"checkbox\",\"key\":\"jeg_accepterer_first_base_ground_screws_privatlivspolitik_1681310075376\",\"label_pos\":\"left\",\"required\":1,\"container_class\":\"custom-check\",\"element_class\":\"\",\"manual_key\":\"\",\"admin_label\":\"\",\"help_text\":\"<p><br><\\\/p>\",\"default_value\":\"unchecked\",\"checked_value\":\"Checked\",\"unchecked_value\":\"Unchecked\",\"checked_calc_value\":\"\",\"unchecked_calc_value\":\"\",\"drawerDisabled\":\"\",\"default\":\"unchecked\",\"field_label\":\"Jeg accepterer FIRST BASE Ground Screws privatlivspolitik. \",\"field_key\":\"jeg_accepterer_first_base_ground_screws_privatlivspolitik_1681310075376\",\"value\":\"unchecked\",\"id\":421,\"beforeField\":\"\",\"afterField\":\"\",\"parentType\":\"checkbox\",\"element_templates\":[\"checkbox\",\"input\"],\"old_classname\":\"\",\"wrap_template\":\"wrap\"},{\"objectType\":\"Field\",\"objectDomain\":\"fields\",\"editActive\":false,\"order\":6,\"idAttribute\":\"id\",\"type\":\"submit\",\"label\":\"Tilmeld\",\"processing_label\":\"Processing\",\"container_class\":\"custom-submit-btn\",\"element_class\":\"\",\"key\":\"tilmeld_1681734683760\",\"drawerDisabled\":\"\",\"field_label\":\"Tilmeld\",\"field_key\":\"tilmeld_1681734683760\",\"admin_label\":\"\",\"id\":422,\"beforeField\":\"\",\"afterField\":\"\",\"value\":\"\",\"label_pos\":\"above\",\"parentType\":\"textbox\",\"element_templates\":[\"submit\",\"button\",\"input\"],\"old_classname\":\"\",\"wrap_template\":\"wrap-no-label\"},{\"objectType\":\"Field\",\"objectDomain\":\"fields\",\"editActive\":false,\"order\":\"6.0\",\"type\":\"recaptcha_v3\",\"label\":\"Hidden\",\"key\":\"recaptcha_v3\",\"default\":\"\",\"admin_label\":\"\",\"drawerDisabled\":false,\"id\":\"42462\",\"beforeField\":\"\",\"afterField\":\"\",\"value\":\"\",\"label_pos\":\"above\",\"parentType\":\"hidden\",\"element_templates\":[\"recaptcha-v3\",\"hidden\",\"input\"],\"old_classname\":\"\",\"wrap_template\":\"wrap-no-label\",\"site_key\":\"6Ld9ZCYjAAAAAF4Y3QEdJTwGjtwU7Rpa2UHHni3V\"}];nfForms.push(form);<\/script>\n        ","protected":false},"excerpt":{"rendered":"Leder du efter de rigtige jordskruer? Find den rigtige jordskrue til dit projekt her: Professionelle projekter, konstruktioner til solcelleanl\u00e6g eller G\u00f8r-det-selv. S\u00f8ger du en distribut\u00f8r?","protected":false},"author":1,"featured_media":4193,"parent":0,"menu_order":0,"comment_status":"closed","ping_status":"closed","template":"templates\/page_contact.php","meta":{"_acf_changed":false,"footnotes":""},"class_list":["post-8426","page","type-page","status-publish","has-post-thumbnail","hentry"],"acf":[],"yoast_head":"<!-- This site is optimized with the Yoast SEO plugin v27.3 - https:\/\/yoast.com\/product\/yoast-seo-wordpress\/ -->\n<title>Kontakt - FIRST BASE Ground Screws<\/title>\n<meta name=\"robots\" content=\"index, follow, max-snippet:-1, max-image-preview:large, max-video-preview:-1\" \/>\n<link rel=\"canonical\" href=\"https:\/\/firstbasegroundscrews.com\/da\/kontakt\/\" \/>\n<meta property=\"og:locale\" content=\"da_DK\" \/>\n<meta property=\"og:type\" content=\"article\" \/>\n<meta property=\"og:title\" content=\"Kontakt - FIRST BASE Ground Screws\" \/>\n<meta property=\"og:description\" content=\"Leder du efter de rigtige jordskruer? Find den rigtige jordskrue til dit projekt her: Professionelle projekter, konstruktioner til solcelleanl\u00e6g eller G\u00f8r-det-selv. S\u00f8ger du en distribut\u00f8r?\" \/>\n<meta property=\"og:url\" content=\"https:\/\/firstbasegroundscrews.com\/da\/kontakt\/\" \/>\n<meta property=\"og:site_name\" content=\"FIRST BASE Ground Screws\" \/>\n<meta property=\"article:modified_time\" content=\"2026-01-05T07:58:25+00:00\" \/>\n<meta property=\"og:image\" content=\"https:\/\/firstbasegroundscrews.com\/wp-content\/uploads\/2019\/08\/header-budget-e1733238685293.jpg\" \/>\n\t<meta property=\"og:image:width\" content=\"2259\" \/>\n\t<meta property=\"og:image:height\" content=\"800\" \/>\n\t<meta property=\"og:image:type\" content=\"image\/jpeg\" \/>\n<meta name=\"twitter:card\" content=\"summary_large_image\" \/>\n<meta name=\"twitter:label1\" content=\"Estimeret l\u00e6setid\" \/>\n\t<meta name=\"twitter:data1\" content=\"1 minut\" \/>\n<script type=\"application\/ld+json\" class=\"yoast-schema-graph\">{\"@context\":\"https:\\\/\\\/schema.org\",\"@graph\":[{\"@type\":\"WebPage\",\"@id\":\"https:\\\/\\\/firstbasegroundscrews.com\\\/da\\\/kontakt\\\/\",\"url\":\"https:\\\/\\\/firstbasegroundscrews.com\\\/da\\\/kontakt\\\/\",\"name\":\"Kontakt - FIRST BASE Ground Screws\",\"isPartOf\":{\"@id\":\"https:\\\/\\\/firstbasegroundscrews.com\\\/da\\\/#website\"},\"primaryImageOfPage\":{\"@id\":\"https:\\\/\\\/firstbasegroundscrews.com\\\/da\\\/kontakt\\\/#primaryimage\"},\"image\":{\"@id\":\"https:\\\/\\\/firstbasegroundscrews.com\\\/da\\\/kontakt\\\/#primaryimage\"},\"thumbnailUrl\":\"https:\\\/\\\/firstbasegroundscrews.com\\\/wp-content\\\/uploads\\\/2019\\\/08\\\/header-budget-e1733238685293.jpg\",\"datePublished\":\"2019-05-20T14:10:54+00:00\",\"dateModified\":\"2026-01-05T07:58:25+00:00\",\"breadcrumb\":{\"@id\":\"https:\\\/\\\/firstbasegroundscrews.com\\\/da\\\/kontakt\\\/#breadcrumb\"},\"inLanguage\":\"da-DK\",\"potentialAction\":[{\"@type\":\"ReadAction\",\"target\":[\"https:\\\/\\\/firstbasegroundscrews.com\\\/da\\\/kontakt\\\/\"]}]},{\"@type\":\"ImageObject\",\"inLanguage\":\"da-DK\",\"@id\":\"https:\\\/\\\/firstbasegroundscrews.com\\\/da\\\/kontakt\\\/#primaryimage\",\"url\":\"https:\\\/\\\/firstbasegroundscrews.com\\\/wp-content\\\/uploads\\\/2019\\\/08\\\/header-budget-e1733238685293.jpg\",\"contentUrl\":\"https:\\\/\\\/firstbasegroundscrews.com\\\/wp-content\\\/uploads\\\/2019\\\/08\\\/header-budget-e1733238685293.jpg\",\"width\":2259,\"height\":800},{\"@type\":\"BreadcrumbList\",\"@id\":\"https:\\\/\\\/firstbasegroundscrews.com\\\/da\\\/kontakt\\\/#breadcrumb\",\"itemListElement\":[{\"@type\":\"ListItem\",\"position\":1,\"name\":\"Home\",\"item\":\"https:\\\/\\\/firstbasegroundscrews.com\\\/da\\\/\"},{\"@type\":\"ListItem\",\"position\":2,\"name\":\"Kontakt\"}]},{\"@type\":\"WebSite\",\"@id\":\"https:\\\/\\\/firstbasegroundscrews.com\\\/da\\\/#website\",\"url\":\"https:\\\/\\\/firstbasegroundscrews.com\\\/da\\\/\",\"name\":\"FIRST BASE Ground Screws\",\"description\":\"High quality ground screws for solid foundations\",\"potentialAction\":[{\"@type\":\"SearchAction\",\"target\":{\"@type\":\"EntryPoint\",\"urlTemplate\":\"https:\\\/\\\/firstbasegroundscrews.com\\\/da\\\/?s={search_term_string}\"},\"query-input\":{\"@type\":\"PropertyValueSpecification\",\"valueRequired\":true,\"valueName\":\"search_term_string\"}}],\"inLanguage\":\"da-DK\"}]}<\/script>\n<!-- \/ Yoast SEO plugin. -->","yoast_head_json":{"title":"Kontakt - FIRST BASE Ground Screws","robots":{"index":"index","follow":"follow","max-snippet":"max-snippet:-1","max-image-preview":"max-image-preview:large","max-video-preview":"max-video-preview:-1"},"canonical":"https:\/\/firstbasegroundscrews.com\/da\/kontakt\/","og_locale":"da_DK","og_type":"article","og_title":"Kontakt - FIRST BASE Ground Screws","og_description":"Leder du efter de rigtige jordskruer? Find den rigtige jordskrue til dit projekt her: Professionelle projekter, konstruktioner til solcelleanl\u00e6g eller G\u00f8r-det-selv. S\u00f8ger du en distribut\u00f8r?","og_url":"https:\/\/firstbasegroundscrews.com\/da\/kontakt\/","og_site_name":"FIRST BASE Ground Screws","article_modified_time":"2026-01-05T07:58:25+00:00","og_image":[{"width":2259,"height":800,"url":"https:\/\/firstbasegroundscrews.com\/wp-content\/uploads\/2019\/08\/header-budget-e1733238685293.jpg","type":"image\/jpeg"}],"twitter_card":"summary_large_image","twitter_misc":{"Estimeret l\u00e6setid":"1 minut"},"schema":{"@context":"https:\/\/schema.org","@graph":[{"@type":"WebPage","@id":"https:\/\/firstbasegroundscrews.com\/da\/kontakt\/","url":"https:\/\/firstbasegroundscrews.com\/da\/kontakt\/","name":"Kontakt - FIRST BASE Ground Screws","isPartOf":{"@id":"https:\/\/firstbasegroundscrews.com\/da\/#website"},"primaryImageOfPage":{"@id":"https:\/\/firstbasegroundscrews.com\/da\/kontakt\/#primaryimage"},"image":{"@id":"https:\/\/firstbasegroundscrews.com\/da\/kontakt\/#primaryimage"},"thumbnailUrl":"https:\/\/firstbasegroundscrews.com\/wp-content\/uploads\/2019\/08\/header-budget-e1733238685293.jpg","datePublished":"2019-05-20T14:10:54+00:00","dateModified":"2026-01-05T07:58:25+00:00","breadcrumb":{"@id":"https:\/\/firstbasegroundscrews.com\/da\/kontakt\/#breadcrumb"},"inLanguage":"da-DK","potentialAction":[{"@type":"ReadAction","target":["https:\/\/firstbasegroundscrews.com\/da\/kontakt\/"]}]},{"@type":"ImageObject","inLanguage":"da-DK","@id":"https:\/\/firstbasegroundscrews.com\/da\/kontakt\/#primaryimage","url":"https:\/\/firstbasegroundscrews.com\/wp-content\/uploads\/2019\/08\/header-budget-e1733238685293.jpg","contentUrl":"https:\/\/firstbasegroundscrews.com\/wp-content\/uploads\/2019\/08\/header-budget-e1733238685293.jpg","width":2259,"height":800},{"@type":"BreadcrumbList","@id":"https:\/\/firstbasegroundscrews.com\/da\/kontakt\/#breadcrumb","itemListElement":[{"@type":"ListItem","position":1,"name":"Home","item":"https:\/\/firstbasegroundscrews.com\/da\/"},{"@type":"ListItem","position":2,"name":"Kontakt"}]},{"@type":"WebSite","@id":"https:\/\/firstbasegroundscrews.com\/da\/#website","url":"https:\/\/firstbasegroundscrews.com\/da\/","name":"FIRST BASE Ground Screws","description":"High quality ground screws for solid foundations","potentialAction":[{"@type":"SearchAction","target":{"@type":"EntryPoint","urlTemplate":"https:\/\/firstbasegroundscrews.com\/da\/?s={search_term_string}"},"query-input":{"@type":"PropertyValueSpecification","valueRequired":true,"valueName":"search_term_string"}}],"inLanguage":"da-DK"}]}},"_links":{"self":[{"href":"https:\/\/firstbasegroundscrews.com\/da\/wp-json\/wp\/v2\/pages\/8426","targetHints":{"allow":["GET"]}}],"collection":[{"href":"https:\/\/firstbasegroundscrews.com\/da\/wp-json\/wp\/v2\/pages"}],"about":[{"href":"https:\/\/firstbasegroundscrews.com\/da\/wp-json\/wp\/v2\/types\/page"}],"author":[{"embeddable":true,"href":"https:\/\/firstbasegroundscrews.com\/da\/wp-json\/wp\/v2\/users\/1"}],"replies":[{"embeddable":true,"href":"https:\/\/firstbasegroundscrews.com\/da\/wp-json\/wp\/v2\/comments?post=8426"}],"version-history":[{"count":3,"href":"https:\/\/firstbasegroundscrews.com\/da\/wp-json\/wp\/v2\/pages\/8426\/revisions"}],"predecessor-version":[{"id":14921,"href":"https:\/\/firstbasegroundscrews.com\/da\/wp-json\/wp\/v2\/pages\/8426\/revisions\/14921"}],"wp:featuredmedia":[{"embeddable":true,"href":"https:\/\/firstbasegroundscrews.com\/da\/wp-json\/wp\/v2\/media\/4193"}],"wp:attachment":[{"href":"https:\/\/firstbasegroundscrews.com\/da\/wp-json\/wp\/v2\/media?parent=8426"}],"curies":[{"name":"wp","href":"https:\/\/api.w.org\/{rel}","templated":true}]}}