{"id":8424,"date":"2022-09-28T13:59:41","date_gmt":"2022-09-28T13:59:41","guid":{"rendered":"https:\/\/firstbasegroundscrews.com\/om-first-base\/circular-foundation\/"},"modified":"2025-12-17T15:20:28","modified_gmt":"2025-12-17T15:20:28","slug":"cirkulaert-fundament","status":"publish","type":"page","link":"https:\/\/firstbasegroundscrews.com\/da\/om-first-base\/cirkulaert-fundament\/","title":{"rendered":"Cirkul\u00e6rt fundament"},"content":{"rendered":"\n<h2 class=\"wp-block-heading\">B\u00e6redygtige, cirkul\u00e6re fundamenter<\/h2>\n\n\n\n<p>Vore r\u00f8dder er dybt forankret, ligesom vores innovative jordskrueteknologi. Med mange \u00e5rs erfaring i branchen har vi finpudset vores ekspertise for at tilbyde dig de mest effektive, milj\u00f8venlige og omkostningseffektive funderingsl\u00f8sninger. Det, der adskiller os, er vores engagement i milj\u00f8et.<\/p>\n\n\n\n<p>At bygge med skruep\u00e6le er en b\u00e6redygtig og milj\u00f8venlig l\u00f8sning til at skabe strukturer p\u00e5 et solidt og stabilt fundament. I mods\u00e6tning til traditionelle fundamenter, der bruger beton og andre ikke-genanvendelige materialer, er jordskruer fuldt genanvendelige og kan demonteres og bruges andre steder.<\/p>\n\n\n\n<h3 class=\"wp-block-heading\">Fordelene<\/h3>\n\n\n\n<p>Brugen af skruep\u00e6le tilbyder ikke kun b\u00e6redygtighedsfordele, men ogs\u00e5 fordele i forhold til hastighed og effektivitet. Installationsprocessen er hurtig og ligetil, da der ikke kr\u00e6ves udgravning, og der skal ikke h\u00e6ldes og h\u00e6rdes beton. Det betyder, at installationstiden er kortere, og byggearbejdet kan afsluttes hurtigere.<\/p>\n\n\n\n<p>Derudover giver skruep\u00e6le fremragende stabilitet og er velegnede til en bred vifte af projekter, fra sm\u00e5 til store konstruktioner. Skruerne kan tilpasses de specifikke krav til projektet og kan bruges i n\u00e6sten enhver type jord.<\/p>\n\n\n\n<p>En yderligere fordel ved at bygge med skruep\u00e6le er, at det er omkostningseffektivt p\u00e5 lang sigt. Da skruerne kan demonteres og genbruges andre steder, genereres der mindre affald, og materialomkostningerne til fremtidige projekter reduceres.<\/p>\n\n\n\n<h3 class=\"wp-block-heading\">Building Tomorrow, Today<\/h3>\n\n\n\n<p>Vi tror p\u00e5 b\u00e6redygtighed, og vores skruep\u00e6le er designet til at minimere den \u00f8kologiske fodaftryk af dine projekter. De tilbyder et gr\u00f8nnere alternativ til traditionelle betonfundamenter, hvilket sikrer, at du ikke kun bygger bedre, men ogs\u00e5 bidrager til en sundere planet. Vore skruefundamenter overholder EN-1090-2 standarder og b\u00e6rer CE-m\u00e6rket, en lovm\u00e6ssig krav for byggeprodukter i E\u00d8S og derover. Denne certificering garanterer overholdelse af regler og sikkerhedsstandarder.<\/p>\n\n\n\n<p><a href=\"https:\/\/firstbasegroundscrews.com\/da\/kontakt\/\">Kontakt<\/a> os i dag for at finde ud af, hvordan vi kan hj\u00e6lpe dig med den cirkul\u00e6re fundamentering af dit n\u00e6ste projekt.<\/p>\n\n\n\n<figure class=\"wp-block-image size-full\"><a href=\"https:\/\/www.mrpi.nl\/epd\/fixed-flange-and-extendable-ground-screws\/\"><img loading=\"lazy\" decoding=\"async\" width=\"312\" height=\"190\" src=\"https:\/\/firstbasegroundscrews.com\/wp-content\/uploads\/2024\/09\/ECO-EPD-Logo-rgb-400x280-1.png\" alt=\"\" class=\"wp-image-9371\" srcset=\"https:\/\/firstbasegroundscrews.com\/wp-content\/uploads\/2024\/09\/ECO-EPD-Logo-rgb-400x280-1.png 312w, https:\/\/firstbasegroundscrews.com\/wp-content\/uploads\/2024\/09\/ECO-EPD-Logo-rgb-400x280-1-250x152.png 250w, https:\/\/firstbasegroundscrews.com\/wp-content\/uploads\/2024\/09\/ECO-EPD-Logo-rgb-400x280-1-120x73.png 120w\" sizes=\"auto, (max-width: 312px) 100vw, 312px\" \/><\/a><\/figure>\n","protected":false},"excerpt":{"rendered":"B\u00e6redygtige, cirkul\u00e6re fundamenter Vore r\u00f8dder er dybt forankret, ligesom vores innovative jordskrueteknologi. Med mange \u00e5rs erfaring i branchen har vi finpudset vores ekspertise for at tilbyde dig de mest effektive, milj\u00f8venlige og omkostningseffektive funderingsl\u00f8sninger. Det, der adskiller os, er vores engagement i milj\u00f8et. At bygge med skruep\u00e6le er en b\u00e6redygtig og milj\u00f8venlig l\u00f8sning til at [&hellip;]","protected":false},"author":1,"featured_media":4193,"parent":8421,"menu_order":0,"comment_status":"closed","ping_status":"closed","template":"","meta":{"_acf_changed":false,"footnotes":""},"class_list":["post-8424","page","type-page","status-publish","has-post-thumbnail","hentry"],"acf":[],"yoast_head":"<!-- This site is optimized with the Yoast SEO plugin v27.3 - https:\/\/yoast.com\/product\/yoast-seo-wordpress\/ -->\n<title>Cirkul\u00e6rt fundament - FIRST BASE Ground Screws<\/title>\n<meta name=\"robots\" content=\"index, follow, max-snippet:-1, max-image-preview:large, max-video-preview:-1\" \/>\n<link rel=\"canonical\" href=\"https:\/\/firstbasegroundscrews.com\/da\/om-first-base\/cirkulaert-fundament\/\" \/>\n<meta property=\"og:locale\" content=\"da_DK\" \/>\n<meta property=\"og:type\" content=\"article\" \/>\n<meta property=\"og:title\" content=\"Cirkul\u00e6rt fundament - FIRST BASE Ground Screws\" \/>\n<meta property=\"og:description\" content=\"B\u00e6redygtige, cirkul\u00e6re fundamenter Vore r\u00f8dder er dybt forankret, ligesom vores innovative jordskrueteknologi. Med mange \u00e5rs erfaring i branchen har vi finpudset vores ekspertise for at tilbyde dig de mest effektive, milj\u00f8venlige og omkostningseffektive funderingsl\u00f8sninger. Det, der adskiller os, er vores engagement i milj\u00f8et. At bygge med skruep\u00e6le er en b\u00e6redygtig og milj\u00f8venlig l\u00f8sning til at [&hellip;]\" \/>\n<meta property=\"og:url\" content=\"https:\/\/firstbasegroundscrews.com\/da\/om-first-base\/cirkulaert-fundament\/\" \/>\n<meta property=\"og:site_name\" content=\"FIRST BASE Ground Screws\" \/>\n<meta property=\"article:modified_time\" content=\"2025-12-17T15:20:28+00:00\" \/>\n<meta property=\"og:image\" content=\"https:\/\/firstbasegroundscrews.com\/wp-content\/uploads\/2019\/08\/header-budget-e1733238685293.jpg\" \/>\n\t<meta property=\"og:image:width\" content=\"2259\" \/>\n\t<meta property=\"og:image:height\" content=\"800\" \/>\n\t<meta property=\"og:image:type\" content=\"image\/jpeg\" \/>\n<meta name=\"twitter:card\" content=\"summary_large_image\" \/>\n<meta name=\"twitter:label1\" content=\"Estimeret l\u00e6setid\" \/>\n\t<meta name=\"twitter:data1\" content=\"2 minutter\" \/>\n<script type=\"application\/ld+json\" class=\"yoast-schema-graph\">{\"@context\":\"https:\\\/\\\/schema.org\",\"@graph\":[{\"@type\":\"WebPage\",\"@id\":\"https:\\\/\\\/firstbasegroundscrews.com\\\/da\\\/om-first-base\\\/cirkulaert-fundament\\\/\",\"url\":\"https:\\\/\\\/firstbasegroundscrews.com\\\/da\\\/om-first-base\\\/cirkulaert-fundament\\\/\",\"name\":\"Cirkul\u00e6rt fundament - FIRST BASE Ground Screws\",\"isPartOf\":{\"@id\":\"https:\\\/\\\/firstbasegroundscrews.com\\\/da\\\/#website\"},\"primaryImageOfPage\":{\"@id\":\"https:\\\/\\\/firstbasegroundscrews.com\\\/da\\\/om-first-base\\\/cirkulaert-fundament\\\/#primaryimage\"},\"image\":{\"@id\":\"https:\\\/\\\/firstbasegroundscrews.com\\\/da\\\/om-first-base\\\/cirkulaert-fundament\\\/#primaryimage\"},\"thumbnailUrl\":\"https:\\\/\\\/firstbasegroundscrews.com\\\/wp-content\\\/uploads\\\/2019\\\/08\\\/header-budget-e1733238685293.jpg\",\"datePublished\":\"2022-09-28T13:59:41+00:00\",\"dateModified\":\"2025-12-17T15:20:28+00:00\",\"breadcrumb\":{\"@id\":\"https:\\\/\\\/firstbasegroundscrews.com\\\/da\\\/om-first-base\\\/cirkulaert-fundament\\\/#breadcrumb\"},\"inLanguage\":\"da-DK\",\"potentialAction\":[{\"@type\":\"ReadAction\",\"target\":[\"https:\\\/\\\/firstbasegroundscrews.com\\\/da\\\/om-first-base\\\/cirkulaert-fundament\\\/\"]}]},{\"@type\":\"ImageObject\",\"inLanguage\":\"da-DK\",\"@id\":\"https:\\\/\\\/firstbasegroundscrews.com\\\/da\\\/om-first-base\\\/cirkulaert-fundament\\\/#primaryimage\",\"url\":\"https:\\\/\\\/firstbasegroundscrews.com\\\/wp-content\\\/uploads\\\/2019\\\/08\\\/header-budget-e1733238685293.jpg\",\"contentUrl\":\"https:\\\/\\\/firstbasegroundscrews.com\\\/wp-content\\\/uploads\\\/2019\\\/08\\\/header-budget-e1733238685293.jpg\",\"width\":2259,\"height\":800},{\"@type\":\"BreadcrumbList\",\"@id\":\"https:\\\/\\\/firstbasegroundscrews.com\\\/da\\\/om-first-base\\\/cirkulaert-fundament\\\/#breadcrumb\",\"itemListElement\":[{\"@type\":\"ListItem\",\"position\":1,\"name\":\"Home\",\"item\":\"https:\\\/\\\/firstbasegroundscrews.com\\\/da\\\/\"},{\"@type\":\"ListItem\",\"position\":2,\"name\":\"Om FIRST BASE\",\"item\":\"https:\\\/\\\/firstbasegroundscrews.com\\\/da\\\/om-first-base\\\/\"},{\"@type\":\"ListItem\",\"position\":3,\"name\":\"Cirkul\u00e6rt fundament\"}]},{\"@type\":\"WebSite\",\"@id\":\"https:\\\/\\\/firstbasegroundscrews.com\\\/da\\\/#website\",\"url\":\"https:\\\/\\\/firstbasegroundscrews.com\\\/da\\\/\",\"name\":\"FIRST BASE Ground Screws\",\"description\":\"High quality ground screws for solid foundations\",\"potentialAction\":[{\"@type\":\"SearchAction\",\"target\":{\"@type\":\"EntryPoint\",\"urlTemplate\":\"https:\\\/\\\/firstbasegroundscrews.com\\\/da\\\/?s={search_term_string}\"},\"query-input\":{\"@type\":\"PropertyValueSpecification\",\"valueRequired\":true,\"valueName\":\"search_term_string\"}}],\"inLanguage\":\"da-DK\"}]}<\/script>\n<!-- \/ Yoast SEO plugin. -->","yoast_head_json":{"title":"Cirkul\u00e6rt fundament - FIRST BASE Ground Screws","robots":{"index":"index","follow":"follow","max-snippet":"max-snippet:-1","max-image-preview":"max-image-preview:large","max-video-preview":"max-video-preview:-1"},"canonical":"https:\/\/firstbasegroundscrews.com\/da\/om-first-base\/cirkulaert-fundament\/","og_locale":"da_DK","og_type":"article","og_title":"Cirkul\u00e6rt fundament - FIRST BASE Ground Screws","og_description":"B\u00e6redygtige, cirkul\u00e6re fundamenter Vore r\u00f8dder er dybt forankret, ligesom vores innovative jordskrueteknologi. Med mange \u00e5rs erfaring i branchen har vi finpudset vores ekspertise for at tilbyde dig de mest effektive, milj\u00f8venlige og omkostningseffektive funderingsl\u00f8sninger. Det, der adskiller os, er vores engagement i milj\u00f8et. At bygge med skruep\u00e6le er en b\u00e6redygtig og milj\u00f8venlig l\u00f8sning til at [&hellip;]","og_url":"https:\/\/firstbasegroundscrews.com\/da\/om-first-base\/cirkulaert-fundament\/","og_site_name":"FIRST BASE Ground Screws","article_modified_time":"2025-12-17T15:20:28+00:00","og_image":[{"width":2259,"height":800,"url":"https:\/\/firstbasegroundscrews.com\/wp-content\/uploads\/2019\/08\/header-budget-e1733238685293.jpg","type":"image\/jpeg"}],"twitter_card":"summary_large_image","twitter_misc":{"Estimeret l\u00e6setid":"2 minutter"},"schema":{"@context":"https:\/\/schema.org","@graph":[{"@type":"WebPage","@id":"https:\/\/firstbasegroundscrews.com\/da\/om-first-base\/cirkulaert-fundament\/","url":"https:\/\/firstbasegroundscrews.com\/da\/om-first-base\/cirkulaert-fundament\/","name":"Cirkul\u00e6rt fundament - FIRST BASE Ground Screws","isPartOf":{"@id":"https:\/\/firstbasegroundscrews.com\/da\/#website"},"primaryImageOfPage":{"@id":"https:\/\/firstbasegroundscrews.com\/da\/om-first-base\/cirkulaert-fundament\/#primaryimage"},"image":{"@id":"https:\/\/firstbasegroundscrews.com\/da\/om-first-base\/cirkulaert-fundament\/#primaryimage"},"thumbnailUrl":"https:\/\/firstbasegroundscrews.com\/wp-content\/uploads\/2019\/08\/header-budget-e1733238685293.jpg","datePublished":"2022-09-28T13:59:41+00:00","dateModified":"2025-12-17T15:20:28+00:00","breadcrumb":{"@id":"https:\/\/firstbasegroundscrews.com\/da\/om-first-base\/cirkulaert-fundament\/#breadcrumb"},"inLanguage":"da-DK","potentialAction":[{"@type":"ReadAction","target":["https:\/\/firstbasegroundscrews.com\/da\/om-first-base\/cirkulaert-fundament\/"]}]},{"@type":"ImageObject","inLanguage":"da-DK","@id":"https:\/\/firstbasegroundscrews.com\/da\/om-first-base\/cirkulaert-fundament\/#primaryimage","url":"https:\/\/firstbasegroundscrews.com\/wp-content\/uploads\/2019\/08\/header-budget-e1733238685293.jpg","contentUrl":"https:\/\/firstbasegroundscrews.com\/wp-content\/uploads\/2019\/08\/header-budget-e1733238685293.jpg","width":2259,"height":800},{"@type":"BreadcrumbList","@id":"https:\/\/firstbasegroundscrews.com\/da\/om-first-base\/cirkulaert-fundament\/#breadcrumb","itemListElement":[{"@type":"ListItem","position":1,"name":"Home","item":"https:\/\/firstbasegroundscrews.com\/da\/"},{"@type":"ListItem","position":2,"name":"Om FIRST BASE","item":"https:\/\/firstbasegroundscrews.com\/da\/om-first-base\/"},{"@type":"ListItem","position":3,"name":"Cirkul\u00e6rt fundament"}]},{"@type":"WebSite","@id":"https:\/\/firstbasegroundscrews.com\/da\/#website","url":"https:\/\/firstbasegroundscrews.com\/da\/","name":"FIRST BASE Ground Screws","description":"High quality ground screws for solid foundations","potentialAction":[{"@type":"SearchAction","target":{"@type":"EntryPoint","urlTemplate":"https:\/\/firstbasegroundscrews.com\/da\/?s={search_term_string}"},"query-input":{"@type":"PropertyValueSpecification","valueRequired":true,"valueName":"search_term_string"}}],"inLanguage":"da-DK"}]}},"_links":{"self":[{"href":"https:\/\/firstbasegroundscrews.com\/da\/wp-json\/wp\/v2\/pages\/8424","targetHints":{"allow":["GET"]}}],"collection":[{"href":"https:\/\/firstbasegroundscrews.com\/da\/wp-json\/wp\/v2\/pages"}],"about":[{"href":"https:\/\/firstbasegroundscrews.com\/da\/wp-json\/wp\/v2\/types\/page"}],"author":[{"embeddable":true,"href":"https:\/\/firstbasegroundscrews.com\/da\/wp-json\/wp\/v2\/users\/1"}],"replies":[{"embeddable":true,"href":"https:\/\/firstbasegroundscrews.com\/da\/wp-json\/wp\/v2\/comments?post=8424"}],"version-history":[{"count":6,"href":"https:\/\/firstbasegroundscrews.com\/da\/wp-json\/wp\/v2\/pages\/8424\/revisions"}],"predecessor-version":[{"id":14846,"href":"https:\/\/firstbasegroundscrews.com\/da\/wp-json\/wp\/v2\/pages\/8424\/revisions\/14846"}],"up":[{"embeddable":true,"href":"https:\/\/firstbasegroundscrews.com\/da\/wp-json\/wp\/v2\/pages\/8421"}],"wp:featuredmedia":[{"embeddable":true,"href":"https:\/\/firstbasegroundscrews.com\/da\/wp-json\/wp\/v2\/media\/4193"}],"wp:attachment":[{"href":"https:\/\/firstbasegroundscrews.com\/da\/wp-json\/wp\/v2\/media?parent=8424"}],"curies":[{"name":"wp","href":"https:\/\/api.w.org\/{rel}","templated":true}]}}