{"id":8421,"date":"2019-05-20T14:09:51","date_gmt":"2019-05-20T14:09:51","guid":{"rendered":"https:\/\/firstbasegroundscrews.com\/about-first-base\/"},"modified":"2025-03-12T13:44:50","modified_gmt":"2025-03-12T13:44:50","slug":"om-first-base","status":"publish","type":"page","link":"https:\/\/firstbasegroundscrews.com\/da\/om-first-base\/","title":{"rendered":"Om FIRST BASE"},"content":{"rendered":"\n<p>FIRST BASE leverer kvalitetsjordskruer. Fra udvikling til produktion og installation af skruerne. FIRST BASE har den unikke evne til at beregne jordskruernes b\u00e6reevne baseret p\u00e5 jordrapporter og jordpr\u00f8ver. Vi kan tilbyde dig et sikkert og garanteret solidt fundament.<\/p>\n\n\n\n<h3 class=\"wp-block-heading\"><strong>B\u00e6redygtige, cirkul\u00e6re fundamenter<\/strong><\/h3>\n\n\n\n<p>FIRST BASE Ground Screws har base i Uden, Holland, med europ\u00e6iske lokationer til specifikke markeder. Vi er et team af passionerede specialister, dedikeret til at revolutionere m\u00e5den, fundamenter bygges p\u00e5. Med fokus p\u00e5 pr\u00e6cisionsteknik og b\u00e6redygtighed har vi redefineret selve begrebet stabilitet i byggeriet. Slut dig til os i at genopfinde fundamenter, og lad os skabe en verden, hvor stabilitet m\u00f8der b\u00e6redygtighed. FIRST BASE Ground Screws, Building Tomorrow, Today.<\/p>\n\n\n\n  <div class=\"application-grid__yt-player\" style=\"position:relative;\">\n    <span class=\"ytPlayerTrigger\" data-ytid=\"FkuHasGsNSw?si\"><\/span>\n    <img decoding=\"async\" src=\"https:\/\/firstbasegroundscrews.com\/wp-content\/uploads\/2025\/03\/Schermafbeelding-2025-03-11-164122.png\" class=\"application-grid__image\">\n  <\/div>\n\n\n<h3 class=\"wp-block-heading\"><strong>Fordelene ved FIRST BASE skruefundamenter<\/strong><\/h3>\n\n\n\n<ul class=\"wp-block-list\">\n<li>B\u00e6reevne p\u00e5 op til 150 kN pr. fundament<\/li>\n\n\n\n<li>Kan anvendes uden behov for gravearbejde<\/li>\n\n\n\n<li>Nemme at anvende \u2013 ogs\u00e5 om vinteren<\/li>\n\n\n\n<li>Montering p\u00e5 f\u00e5 minutter<\/li>\n\n\n\n<li>Vedligeholdelsesfrie<\/li>\n\n\n\n<li>Der skal ikke anvendes cement (det betyder, at der ikke er nogen t\u00f8rretid)<\/li>\n\n\n\n<li>Der skal ikke bruges tungt maskineri<\/li>\n\n\n\n<li>Kan b\u00e6re hele v\u00e6gten af din konstruktion straks efter montering<\/li>\n\n\n\n<li>Velegnet til b\u00e5de midlertidige og permanente konstruktioner<\/li>\n\n\n\n<li>Lang levetid<\/li>\n\n\n\n<li>Kan genbruges uden at \u00f8del\u00e6gge omgivelserne<\/li>\n\n\n\n<li>Produceret i henhold til EN-1090-2 standarder og varmgalvaniseret<\/li>\n<\/ul>\n\n\n\n<h3 class=\"wp-block-heading\"><strong>Hvordan fungerer det?<\/strong><\/h3>\n\n\n\n<p>FIRST BASE skruefundamenter kan nemt installeres ved hj\u00e6lp af et manuelt installationsv\u00e6rkt\u00f8j eller en elektrisk, pneumatisk eller hydraulisk maskine. Den koniske form p\u00e5 skruerne komprimerer jorden omkring dem, hvilket \u00f8ger b\u00e6reevnen. Uanset om du vil bygge p\u00e5 ler, t\u00f8rv, lerjord eller sand, garanterer FIRST BASE et solidt fundament.<\/p>\n\n\n\n<p>Vil du vide mere? <a href=\"https:\/\/firstbasegroundscrews.com\/da\/kontakt\/\">Kontakt<\/a> os.<\/p>\n","protected":false},"excerpt":{"rendered":"FIRST BASE leverer kvalitetsjordskruer. Fra udvikling til produktion og installation af skruerne. FIRST BASE har den unikke evne til at beregne jordskruernes b\u00e6reevne baseret p\u00e5 jordrapporter og jordpr\u00f8ver. Vi kan tilbyde dig et sikkert og garanteret solidt fundament. B\u00e6redygtige, cirkul\u00e6re fundamenter FIRST BASE Ground Screws har base i Uden, Holland, med europ\u00e6iske lokationer til specifikke [&hellip;]","protected":false},"author":1,"featured_media":5621,"parent":0,"menu_order":0,"comment_status":"closed","ping_status":"closed","template":"templates\/page_about.php","meta":{"_acf_changed":false,"footnotes":""},"class_list":["post-8421","page","type-page","status-publish","has-post-thumbnail","hentry"],"acf":[],"yoast_head":"<!-- This site is optimized with the Yoast SEO plugin v27.3 - https:\/\/yoast.com\/product\/yoast-seo-wordpress\/ -->\n<title>Om FIRST BASE<\/title>\n<meta name=\"robots\" content=\"index, follow, max-snippet:-1, max-image-preview:large, max-video-preview:-1\" \/>\n<link rel=\"canonical\" href=\"https:\/\/firstbasegroundscrews.com\/da\/om-first-base\/\" \/>\n<meta property=\"og:locale\" content=\"da_DK\" \/>\n<meta property=\"og:type\" content=\"article\" \/>\n<meta property=\"og:title\" content=\"Om FIRST BASE\" \/>\n<meta property=\"og:description\" content=\"FIRST BASE leverer kvalitetsjordskruer. Fra udvikling til produktion og installation af skruerne. FIRST BASE har den unikke evne til at beregne jordskruernes b\u00e6reevne baseret p\u00e5 jordrapporter og jordpr\u00f8ver. Vi kan tilbyde dig et sikkert og garanteret solidt fundament. B\u00e6redygtige, cirkul\u00e6re fundamenter FIRST BASE Ground Screws har base i Uden, Holland, med europ\u00e6iske lokationer til specifikke [&hellip;]\" \/>\n<meta property=\"og:url\" content=\"https:\/\/firstbasegroundscrews.com\/da\/om-first-base\/\" \/>\n<meta property=\"og:site_name\" content=\"FIRST BASE Ground Screws\" \/>\n<meta property=\"article:modified_time\" content=\"2025-03-12T13:44:50+00:00\" \/>\n<meta property=\"og:image\" content=\"https:\/\/firstbasegroundscrews.com\/wp-content\/uploads\/2022\/09\/MODEL-800-DSC07890.jpg\" \/>\n\t<meta property=\"og:image:width\" content=\"1920\" \/>\n\t<meta property=\"og:image:height\" content=\"1280\" \/>\n\t<meta property=\"og:image:type\" content=\"image\/jpeg\" \/>\n<meta name=\"twitter:card\" content=\"summary_large_image\" \/>\n<meta name=\"twitter:label1\" content=\"Estimeret l\u00e6setid\" \/>\n\t<meta name=\"twitter:data1\" content=\"2 minutter\" \/>\n<script type=\"application\/ld+json\" class=\"yoast-schema-graph\">{\"@context\":\"https:\\\/\\\/schema.org\",\"@graph\":[{\"@type\":\"WebPage\",\"@id\":\"https:\\\/\\\/firstbasegroundscrews.com\\\/da\\\/om-first-base\\\/\",\"url\":\"https:\\\/\\\/firstbasegroundscrews.com\\\/da\\\/om-first-base\\\/\",\"name\":\"Om FIRST BASE\",\"isPartOf\":{\"@id\":\"https:\\\/\\\/firstbasegroundscrews.com\\\/da\\\/#website\"},\"primaryImageOfPage\":{\"@id\":\"https:\\\/\\\/firstbasegroundscrews.com\\\/da\\\/om-first-base\\\/#primaryimage\"},\"image\":{\"@id\":\"https:\\\/\\\/firstbasegroundscrews.com\\\/da\\\/om-first-base\\\/#primaryimage\"},\"thumbnailUrl\":\"https:\\\/\\\/firstbasegroundscrews.com\\\/wp-content\\\/uploads\\\/2022\\\/09\\\/MODEL-800-DSC07890.jpg\",\"datePublished\":\"2019-05-20T14:09:51+00:00\",\"dateModified\":\"2025-03-12T13:44:50+00:00\",\"breadcrumb\":{\"@id\":\"https:\\\/\\\/firstbasegroundscrews.com\\\/da\\\/om-first-base\\\/#breadcrumb\"},\"inLanguage\":\"da-DK\",\"potentialAction\":[{\"@type\":\"ReadAction\",\"target\":[\"https:\\\/\\\/firstbasegroundscrews.com\\\/da\\\/om-first-base\\\/\"]}]},{\"@type\":\"ImageObject\",\"inLanguage\":\"da-DK\",\"@id\":\"https:\\\/\\\/firstbasegroundscrews.com\\\/da\\\/om-first-base\\\/#primaryimage\",\"url\":\"https:\\\/\\\/firstbasegroundscrews.com\\\/wp-content\\\/uploads\\\/2022\\\/09\\\/MODEL-800-DSC07890.jpg\",\"contentUrl\":\"https:\\\/\\\/firstbasegroundscrews.com\\\/wp-content\\\/uploads\\\/2022\\\/09\\\/MODEL-800-DSC07890.jpg\",\"width\":1920,\"height\":1280},{\"@type\":\"BreadcrumbList\",\"@id\":\"https:\\\/\\\/firstbasegroundscrews.com\\\/da\\\/om-first-base\\\/#breadcrumb\",\"itemListElement\":[{\"@type\":\"ListItem\",\"position\":1,\"name\":\"Home\",\"item\":\"https:\\\/\\\/firstbasegroundscrews.com\\\/da\\\/\"},{\"@type\":\"ListItem\",\"position\":2,\"name\":\"Om FIRST BASE\"}]},{\"@type\":\"WebSite\",\"@id\":\"https:\\\/\\\/firstbasegroundscrews.com\\\/da\\\/#website\",\"url\":\"https:\\\/\\\/firstbasegroundscrews.com\\\/da\\\/\",\"name\":\"FIRST BASE Ground Screws\",\"description\":\"High quality ground screws for solid foundations\",\"potentialAction\":[{\"@type\":\"SearchAction\",\"target\":{\"@type\":\"EntryPoint\",\"urlTemplate\":\"https:\\\/\\\/firstbasegroundscrews.com\\\/da\\\/?s={search_term_string}\"},\"query-input\":{\"@type\":\"PropertyValueSpecification\",\"valueRequired\":true,\"valueName\":\"search_term_string\"}}],\"inLanguage\":\"da-DK\"}]}<\/script>\n<!-- \/ Yoast SEO plugin. -->","yoast_head_json":{"title":"Om FIRST BASE","robots":{"index":"index","follow":"follow","max-snippet":"max-snippet:-1","max-image-preview":"max-image-preview:large","max-video-preview":"max-video-preview:-1"},"canonical":"https:\/\/firstbasegroundscrews.com\/da\/om-first-base\/","og_locale":"da_DK","og_type":"article","og_title":"Om FIRST BASE","og_description":"FIRST BASE leverer kvalitetsjordskruer. Fra udvikling til produktion og installation af skruerne. FIRST BASE har den unikke evne til at beregne jordskruernes b\u00e6reevne baseret p\u00e5 jordrapporter og jordpr\u00f8ver. Vi kan tilbyde dig et sikkert og garanteret solidt fundament. B\u00e6redygtige, cirkul\u00e6re fundamenter FIRST BASE Ground Screws har base i Uden, Holland, med europ\u00e6iske lokationer til specifikke [&hellip;]","og_url":"https:\/\/firstbasegroundscrews.com\/da\/om-first-base\/","og_site_name":"FIRST BASE Ground Screws","article_modified_time":"2025-03-12T13:44:50+00:00","og_image":[{"width":1920,"height":1280,"url":"https:\/\/firstbasegroundscrews.com\/wp-content\/uploads\/2022\/09\/MODEL-800-DSC07890.jpg","type":"image\/jpeg"}],"twitter_card":"summary_large_image","twitter_misc":{"Estimeret l\u00e6setid":"2 minutter"},"schema":{"@context":"https:\/\/schema.org","@graph":[{"@type":"WebPage","@id":"https:\/\/firstbasegroundscrews.com\/da\/om-first-base\/","url":"https:\/\/firstbasegroundscrews.com\/da\/om-first-base\/","name":"Om FIRST BASE","isPartOf":{"@id":"https:\/\/firstbasegroundscrews.com\/da\/#website"},"primaryImageOfPage":{"@id":"https:\/\/firstbasegroundscrews.com\/da\/om-first-base\/#primaryimage"},"image":{"@id":"https:\/\/firstbasegroundscrews.com\/da\/om-first-base\/#primaryimage"},"thumbnailUrl":"https:\/\/firstbasegroundscrews.com\/wp-content\/uploads\/2022\/09\/MODEL-800-DSC07890.jpg","datePublished":"2019-05-20T14:09:51+00:00","dateModified":"2025-03-12T13:44:50+00:00","breadcrumb":{"@id":"https:\/\/firstbasegroundscrews.com\/da\/om-first-base\/#breadcrumb"},"inLanguage":"da-DK","potentialAction":[{"@type":"ReadAction","target":["https:\/\/firstbasegroundscrews.com\/da\/om-first-base\/"]}]},{"@type":"ImageObject","inLanguage":"da-DK","@id":"https:\/\/firstbasegroundscrews.com\/da\/om-first-base\/#primaryimage","url":"https:\/\/firstbasegroundscrews.com\/wp-content\/uploads\/2022\/09\/MODEL-800-DSC07890.jpg","contentUrl":"https:\/\/firstbasegroundscrews.com\/wp-content\/uploads\/2022\/09\/MODEL-800-DSC07890.jpg","width":1920,"height":1280},{"@type":"BreadcrumbList","@id":"https:\/\/firstbasegroundscrews.com\/da\/om-first-base\/#breadcrumb","itemListElement":[{"@type":"ListItem","position":1,"name":"Home","item":"https:\/\/firstbasegroundscrews.com\/da\/"},{"@type":"ListItem","position":2,"name":"Om FIRST BASE"}]},{"@type":"WebSite","@id":"https:\/\/firstbasegroundscrews.com\/da\/#website","url":"https:\/\/firstbasegroundscrews.com\/da\/","name":"FIRST BASE Ground Screws","description":"High quality ground screws for solid foundations","potentialAction":[{"@type":"SearchAction","target":{"@type":"EntryPoint","urlTemplate":"https:\/\/firstbasegroundscrews.com\/da\/?s={search_term_string}"},"query-input":{"@type":"PropertyValueSpecification","valueRequired":true,"valueName":"search_term_string"}}],"inLanguage":"da-DK"}]}},"_links":{"self":[{"href":"https:\/\/firstbasegroundscrews.com\/da\/wp-json\/wp\/v2\/pages\/8421","targetHints":{"allow":["GET"]}}],"collection":[{"href":"https:\/\/firstbasegroundscrews.com\/da\/wp-json\/wp\/v2\/pages"}],"about":[{"href":"https:\/\/firstbasegroundscrews.com\/da\/wp-json\/wp\/v2\/types\/page"}],"author":[{"embeddable":true,"href":"https:\/\/firstbasegroundscrews.com\/da\/wp-json\/wp\/v2\/users\/1"}],"replies":[{"embeddable":true,"href":"https:\/\/firstbasegroundscrews.com\/da\/wp-json\/wp\/v2\/comments?post=8421"}],"version-history":[{"count":7,"href":"https:\/\/firstbasegroundscrews.com\/da\/wp-json\/wp\/v2\/pages\/8421\/revisions"}],"predecessor-version":[{"id":11106,"href":"https:\/\/firstbasegroundscrews.com\/da\/wp-json\/wp\/v2\/pages\/8421\/revisions\/11106"}],"wp:featuredmedia":[{"embeddable":true,"href":"https:\/\/firstbasegroundscrews.com\/da\/wp-json\/wp\/v2\/media\/5621"}],"wp:attachment":[{"href":"https:\/\/firstbasegroundscrews.com\/da\/wp-json\/wp\/v2\/media?parent=8421"}],"curies":[{"name":"wp","href":"https:\/\/api.w.org\/{rel}","templated":true}]}}