{"id":8419,"date":"2019-05-20T14:09:45","date_gmt":"2019-05-20T14:09:45","guid":{"rendered":"https:\/\/firstbasegroundscrews.com\/do-it-yourself\/"},"modified":"2024-09-02T13:23:50","modified_gmt":"2024-09-02T13:23:50","slug":"gor-det-selv","status":"publish","type":"page","link":"https:\/\/firstbasegroundscrews.com\/da\/gor-det-selv\/","title":{"rendered":"G\u00d8R DET SELV"},"content":{"rendered":"\n<h2 class=\"wp-block-heading\">G\u00d8R DET SELV<\/h2>\n\n\n\n<p>FIRST BASE G\u00f8r det selv-jordskruer kan anvendes til alle dine udend\u00f8rsprojekter. Lige fra et hegn eller en lille port eller l\u00e5ge til et gyngestativ eller et skur. Alt dette kan nemt ops\u00e6ttes med h\u00e5ndkraft (der skal ikke bruges tungt maskineri) i alle jordtyper og under alle vejrforhold. Der er desuden den fordel ved jordskruerne, at de kan genbruges.<br><\/p>\n\n\n\n<h3 class=\"wp-block-heading\">Fordele for dig:<\/h3>\n\n\n\n<ul class=\"wp-block-list\">\n<li>Nemme at montere med manuelt monteringsv\u00e6rkt\u00f8j<\/li>\n\n\n\n<li>Intet behov for gravearbejde eller brug af cement<\/li>\n\n\n\n<li>Velegnede til alle former for naturligt underlag<\/li>\n<\/ul>\n\n\n\n<div class=\"wp-block-button fba-button\"><a class=\"wp-block-button__link wp-element-button\" href=\"https:\/\/firstbasegroundscrews.com\/da\/diy-produktsortiment\/\">SE KOLLEKTION<\/a><\/div>\n\n\n\n<h3 class=\"wp-block-heading\">Hvordan virker det?<\/h3>\n\n\n\n  <div class=\"application-grid__yt-player\" style=\"position:relative;\">\n    <span class=\"ytPlayerTrigger\" data-ytid=\"smEN3nC4q_Q\"><\/span>\n    <img decoding=\"async\" src=\"https:\/\/firstbasegroundscrews.com\/wp-content\/uploads\/2023\/02\/FIRST-BASE-DIY-Animatie-Voorvertoning.png\" class=\"application-grid__image\">\n  <\/div>","protected":false},"excerpt":{"rendered":"FIRST BASE g\u00f8r-det-selv skruep\u00e6le kan bruges til alle anvendelser omkring huset. Fra et hegn eller lille port til en legeplads eller endda en skur. Skruep\u00e6le kan nemt installeres manuelt (ingen tunge maskiner n\u00f8dvendige) i enhver jordtype, i alle vejrforhold, med genanvendelighed som en ekstra fordel. ","protected":false},"author":1,"featured_media":4193,"parent":0,"menu_order":0,"comment_status":"closed","ping_status":"closed","template":"templates\/page_diy.php","meta":{"_acf_changed":false,"footnotes":""},"class_list":["post-8419","page","type-page","status-publish","has-post-thumbnail","hentry"],"acf":[],"yoast_head":"<!-- This site is optimized with the Yoast SEO plugin v27.3 - https:\/\/yoast.com\/product\/yoast-seo-wordpress\/ -->\n<title>G\u00d8R DET SELV - FIRST BASE Jordskruer<\/title>\n<meta name=\"robots\" content=\"index, follow, max-snippet:-1, max-image-preview:large, max-video-preview:-1\" \/>\n<link rel=\"canonical\" href=\"https:\/\/firstbasegroundscrews.com\/da\/gor-det-selv\/\" \/>\n<meta property=\"og:locale\" content=\"da_DK\" \/>\n<meta property=\"og:type\" content=\"article\" \/>\n<meta property=\"og:title\" content=\"G\u00d8R DET SELV - FIRST BASE Jordskruer\" \/>\n<meta property=\"og:description\" content=\"FIRST BASE g\u00f8r-det-selv skruep\u00e6le kan bruges til alle anvendelser omkring huset. Fra et hegn eller lille port til en legeplads eller endda en skur. Skruep\u00e6le kan nemt installeres manuelt (ingen tunge maskiner n\u00f8dvendige) i enhver jordtype, i alle vejrforhold, med genanvendelighed som en ekstra fordel.\" \/>\n<meta property=\"og:url\" content=\"https:\/\/firstbasegroundscrews.com\/da\/gor-det-selv\/\" \/>\n<meta property=\"og:site_name\" content=\"FIRST BASE Ground Screws\" \/>\n<meta property=\"article:modified_time\" content=\"2024-09-02T13:23:50+00:00\" \/>\n<meta property=\"og:image\" content=\"https:\/\/firstbasegroundscrews.com\/wp-content\/uploads\/2019\/08\/header-budget.jpg\" \/>\n\t<meta property=\"og:image:width\" content=\"2259\" \/>\n\t<meta property=\"og:image:height\" content=\"800\" \/>\n\t<meta property=\"og:image:type\" content=\"image\/jpeg\" \/>\n<meta name=\"twitter:card\" content=\"summary_large_image\" \/>\n<meta name=\"twitter:label1\" content=\"Estimeret l\u00e6setid\" \/>\n\t<meta name=\"twitter:data1\" content=\"1 minut\" \/>\n<script type=\"application\/ld+json\" class=\"yoast-schema-graph\">{\"@context\":\"https:\\\/\\\/schema.org\",\"@graph\":[{\"@type\":\"WebPage\",\"@id\":\"https:\\\/\\\/firstbasegroundscrews.com\\\/da\\\/gor-det-selv\\\/\",\"url\":\"https:\\\/\\\/firstbasegroundscrews.com\\\/da\\\/gor-det-selv\\\/\",\"name\":\"G\u00d8R DET SELV - FIRST BASE Jordskruer\",\"isPartOf\":{\"@id\":\"https:\\\/\\\/firstbasegroundscrews.com\\\/da\\\/#website\"},\"primaryImageOfPage\":{\"@id\":\"https:\\\/\\\/firstbasegroundscrews.com\\\/da\\\/gor-det-selv\\\/#primaryimage\"},\"image\":{\"@id\":\"https:\\\/\\\/firstbasegroundscrews.com\\\/da\\\/gor-det-selv\\\/#primaryimage\"},\"thumbnailUrl\":\"https:\\\/\\\/firstbasegroundscrews.com\\\/wp-content\\\/uploads\\\/2019\\\/08\\\/header-budget-e1733238685293.jpg\",\"datePublished\":\"2019-05-20T14:09:45+00:00\",\"dateModified\":\"2024-09-02T13:23:50+00:00\",\"breadcrumb\":{\"@id\":\"https:\\\/\\\/firstbasegroundscrews.com\\\/da\\\/gor-det-selv\\\/#breadcrumb\"},\"inLanguage\":\"da-DK\",\"potentialAction\":[{\"@type\":\"ReadAction\",\"target\":[\"https:\\\/\\\/firstbasegroundscrews.com\\\/da\\\/gor-det-selv\\\/\"]}]},{\"@type\":\"ImageObject\",\"inLanguage\":\"da-DK\",\"@id\":\"https:\\\/\\\/firstbasegroundscrews.com\\\/da\\\/gor-det-selv\\\/#primaryimage\",\"url\":\"https:\\\/\\\/firstbasegroundscrews.com\\\/wp-content\\\/uploads\\\/2019\\\/08\\\/header-budget-e1733238685293.jpg\",\"contentUrl\":\"https:\\\/\\\/firstbasegroundscrews.com\\\/wp-content\\\/uploads\\\/2019\\\/08\\\/header-budget-e1733238685293.jpg\",\"width\":2259,\"height\":800},{\"@type\":\"BreadcrumbList\",\"@id\":\"https:\\\/\\\/firstbasegroundscrews.com\\\/da\\\/gor-det-selv\\\/#breadcrumb\",\"itemListElement\":[{\"@type\":\"ListItem\",\"position\":1,\"name\":\"Home\",\"item\":\"https:\\\/\\\/firstbasegroundscrews.com\\\/da\\\/\"},{\"@type\":\"ListItem\",\"position\":2,\"name\":\"G\u00d8R DET SELV\"}]},{\"@type\":\"WebSite\",\"@id\":\"https:\\\/\\\/firstbasegroundscrews.com\\\/da\\\/#website\",\"url\":\"https:\\\/\\\/firstbasegroundscrews.com\\\/da\\\/\",\"name\":\"FIRST BASE Ground Screws\",\"description\":\"High quality ground screws for solid foundations\",\"potentialAction\":[{\"@type\":\"SearchAction\",\"target\":{\"@type\":\"EntryPoint\",\"urlTemplate\":\"https:\\\/\\\/firstbasegroundscrews.com\\\/da\\\/?s={search_term_string}\"},\"query-input\":{\"@type\":\"PropertyValueSpecification\",\"valueRequired\":true,\"valueName\":\"search_term_string\"}}],\"inLanguage\":\"da-DK\"}]}<\/script>\n<!-- \/ Yoast SEO plugin. -->","yoast_head_json":{"title":"G\u00d8R DET SELV - FIRST BASE Jordskruer","robots":{"index":"index","follow":"follow","max-snippet":"max-snippet:-1","max-image-preview":"max-image-preview:large","max-video-preview":"max-video-preview:-1"},"canonical":"https:\/\/firstbasegroundscrews.com\/da\/gor-det-selv\/","og_locale":"da_DK","og_type":"article","og_title":"G\u00d8R DET SELV - FIRST BASE Jordskruer","og_description":"FIRST BASE g\u00f8r-det-selv skruep\u00e6le kan bruges til alle anvendelser omkring huset. Fra et hegn eller lille port til en legeplads eller endda en skur. Skruep\u00e6le kan nemt installeres manuelt (ingen tunge maskiner n\u00f8dvendige) i enhver jordtype, i alle vejrforhold, med genanvendelighed som en ekstra fordel.","og_url":"https:\/\/firstbasegroundscrews.com\/da\/gor-det-selv\/","og_site_name":"FIRST BASE Ground Screws","article_modified_time":"2024-09-02T13:23:50+00:00","og_image":[{"width":2259,"height":800,"url":"https:\/\/firstbasegroundscrews.com\/wp-content\/uploads\/2019\/08\/header-budget.jpg","type":"image\/jpeg"}],"twitter_card":"summary_large_image","twitter_misc":{"Estimeret l\u00e6setid":"1 minut"},"schema":{"@context":"https:\/\/schema.org","@graph":[{"@type":"WebPage","@id":"https:\/\/firstbasegroundscrews.com\/da\/gor-det-selv\/","url":"https:\/\/firstbasegroundscrews.com\/da\/gor-det-selv\/","name":"G\u00d8R DET SELV - FIRST BASE Jordskruer","isPartOf":{"@id":"https:\/\/firstbasegroundscrews.com\/da\/#website"},"primaryImageOfPage":{"@id":"https:\/\/firstbasegroundscrews.com\/da\/gor-det-selv\/#primaryimage"},"image":{"@id":"https:\/\/firstbasegroundscrews.com\/da\/gor-det-selv\/#primaryimage"},"thumbnailUrl":"https:\/\/firstbasegroundscrews.com\/wp-content\/uploads\/2019\/08\/header-budget-e1733238685293.jpg","datePublished":"2019-05-20T14:09:45+00:00","dateModified":"2024-09-02T13:23:50+00:00","breadcrumb":{"@id":"https:\/\/firstbasegroundscrews.com\/da\/gor-det-selv\/#breadcrumb"},"inLanguage":"da-DK","potentialAction":[{"@type":"ReadAction","target":["https:\/\/firstbasegroundscrews.com\/da\/gor-det-selv\/"]}]},{"@type":"ImageObject","inLanguage":"da-DK","@id":"https:\/\/firstbasegroundscrews.com\/da\/gor-det-selv\/#primaryimage","url":"https:\/\/firstbasegroundscrews.com\/wp-content\/uploads\/2019\/08\/header-budget-e1733238685293.jpg","contentUrl":"https:\/\/firstbasegroundscrews.com\/wp-content\/uploads\/2019\/08\/header-budget-e1733238685293.jpg","width":2259,"height":800},{"@type":"BreadcrumbList","@id":"https:\/\/firstbasegroundscrews.com\/da\/gor-det-selv\/#breadcrumb","itemListElement":[{"@type":"ListItem","position":1,"name":"Home","item":"https:\/\/firstbasegroundscrews.com\/da\/"},{"@type":"ListItem","position":2,"name":"G\u00d8R DET SELV"}]},{"@type":"WebSite","@id":"https:\/\/firstbasegroundscrews.com\/da\/#website","url":"https:\/\/firstbasegroundscrews.com\/da\/","name":"FIRST BASE Ground Screws","description":"High quality ground screws for solid foundations","potentialAction":[{"@type":"SearchAction","target":{"@type":"EntryPoint","urlTemplate":"https:\/\/firstbasegroundscrews.com\/da\/?s={search_term_string}"},"query-input":{"@type":"PropertyValueSpecification","valueRequired":true,"valueName":"search_term_string"}}],"inLanguage":"da-DK"}]}},"_links":{"self":[{"href":"https:\/\/firstbasegroundscrews.com\/da\/wp-json\/wp\/v2\/pages\/8419","targetHints":{"allow":["GET"]}}],"collection":[{"href":"https:\/\/firstbasegroundscrews.com\/da\/wp-json\/wp\/v2\/pages"}],"about":[{"href":"https:\/\/firstbasegroundscrews.com\/da\/wp-json\/wp\/v2\/types\/page"}],"author":[{"embeddable":true,"href":"https:\/\/firstbasegroundscrews.com\/da\/wp-json\/wp\/v2\/users\/1"}],"replies":[{"embeddable":true,"href":"https:\/\/firstbasegroundscrews.com\/da\/wp-json\/wp\/v2\/comments?post=8419"}],"version-history":[{"count":3,"href":"https:\/\/firstbasegroundscrews.com\/da\/wp-json\/wp\/v2\/pages\/8419\/revisions"}],"predecessor-version":[{"id":8939,"href":"https:\/\/firstbasegroundscrews.com\/da\/wp-json\/wp\/v2\/pages\/8419\/revisions\/8939"}],"wp:featuredmedia":[{"embeddable":true,"href":"https:\/\/firstbasegroundscrews.com\/da\/wp-json\/wp\/v2\/media\/4193"}],"wp:attachment":[{"href":"https:\/\/firstbasegroundscrews.com\/da\/wp-json\/wp\/v2\/media?parent=8419"}],"curies":[{"name":"wp","href":"https:\/\/api.w.org\/{rel}","templated":true}]}}