{"id":8411,"date":"2019-05-20T14:09:30","date_gmt":"2019-05-20T14:09:30","guid":{"rendered":"https:\/\/firstbasegroundscrews.com\/solar-construction\/"},"modified":"2026-03-10T14:43:25","modified_gmt":"2026-03-10T14:43:25","slug":"jordmonterede-solpaneler","status":"publish","type":"page","link":"https:\/\/firstbasegroundscrews.com\/da\/jordmonterede-solpaneler\/","title":{"rendered":"Jordmonterede solpaneler"},"content":{"rendered":"\n<h2 class=\"wp-block-heading\">Solcellekonstruktion<\/h2>\n\n\n\n<p>Leder du efter en jordops\u00e6tning og fundament til dine solpaneler?&nbsp;F\u00e5&nbsp;et uforpligtende tilbud via Solar Configurator.<\/p>\n\n\n\n<div style=\"height:20px\" aria-hidden=\"true\" class=\"wp-block-spacer\"><\/div>\n\n\n\n<div class=\"wp-block-button fba-button\"><a class=\"wp-block-button__link wp-element-button\" href=\"https:\/\/firstbasegroundscrews.com\/da\/solar-configurator\/\">Solar konfigurator<\/a><\/div>\n\n\n\n<div style=\"height:20px\" aria-hidden=\"true\" class=\"wp-block-spacer\"><\/div>\n\n\n\n<p>Solpaneler er robuste og kan installeres med minimal skade p\u00e5 milj\u00f8et. Vi designer, fremstiller, leverer og installerer jordpanelet til solpaneler i kombination med h\u00f8jkvalitets skruep\u00e6le, der er produceret efter EN-1090-2 standarder. Takket v\u00e6re vores knowhow garanterer vi et solidt fundament for dit solcelleprojekt.&nbsp;<\/p>\n\n\n\n<h3 class=\"wp-block-heading\">Et stabilt, omkostningseffektivt fundament kan hurtigt monteres med en skruep\u00e6l Fordelene ved FIRST BASE jordinstallation til solpaneler.<\/h3>\n\n\n\n<ul class=\"wp-block-list\">\n<li>Nem at installere, selv p\u00e5 en skr\u00e5ning<\/li>\n\n\n\n<li>Optimal byggehastighed garanteret, omkostningseffektiv<\/li>\n\n\n\n<li>Velegnet til enhver jordtype<\/li>\n\n\n\n<li>Statiske beregninger i henhold til Eurocode<\/li>\n<\/ul>\n\n\n\n<p>Vil du vide mere? S\u00e5 &nbsp;<a href=\"https:\/\/firstbasegroundscrews.dk\/kontakt\/\">kontakt<\/a>&nbsp;kontakt os.<\/p>\n\n\n\n<div class=\"wp-block-buttons is-layout-flex wp-block-buttons-is-layout-flex\">\n<div class=\"wp-block-button\"><a class=\"wp-block-button__link wp-element-button\" href=\"https:\/\/firstbasegroundscrews.com\/da\/jordmonterede-solpaneler\/feltopsaetningerne\/\">Se feltops\u00e6tningerne her<\/a><\/div>\n<\/div>\n\n\n\n<p><\/p>\n\n\n\n<h3 class=\"wp-block-heading\">Installation? Easy as 1-2-3!<\/h3>\n\n\n\n  <div class=\"application-grid__yt-player\" style=\"position:relative;\">\n    <span class=\"ytPlayerTrigger\" data-ytid=\"Fjos5HzxhtA\"><\/span>\n    <img decoding=\"async\" src=\"https:\/\/firstbasegroundscrews.com\/wp-content\/uploads\/2021\/10\/Solar-Zonnepark-harlingen-1.jpeg\" class=\"application-grid__image\">\n  <\/div>\n\n\n<h2 class=\"wp-block-heading\">Direkte belastbare skruefundamenter til BESS-systemer<\/h2>\n\n\n\n<p>FIRST BASE skruefundamenter er udviklet til at modst\u00e5 de h\u00f8je og dynamiske belastninger fra BESS-installationer. De udg\u00f8r en vibrationsfri funderingsl\u00f8sning, som installeres uden beton. Dermed er fundamentet direkte belastbart.<\/p>\n\n\n\n<figure class=\"wp-block-image size-large is-resized\"><img loading=\"lazy\" decoding=\"async\" width=\"700\" height=\"517\" src=\"https:\/\/firstbasegroundscrews.com\/wp-content\/uploads\/2025\/09\/foto-BESS-systeem-700x517.jpeg\" alt=\"\" class=\"wp-image-13514\" style=\"aspect-ratio:1.3540061051168133;width:840px;height:auto\" srcset=\"https:\/\/firstbasegroundscrews.com\/wp-content\/uploads\/2025\/09\/foto-BESS-systeem-700x517.jpeg 700w, https:\/\/firstbasegroundscrews.com\/wp-content\/uploads\/2025\/09\/foto-BESS-systeem-250x185.jpeg 250w, https:\/\/firstbasegroundscrews.com\/wp-content\/uploads\/2025\/09\/foto-BESS-systeem-768x567.jpeg 768w, https:\/\/firstbasegroundscrews.com\/wp-content\/uploads\/2025\/09\/foto-BESS-systeem-1536x1135.jpeg 1536w, https:\/\/firstbasegroundscrews.com\/wp-content\/uploads\/2025\/09\/foto-BESS-systeem-400x295.jpeg 400w, https:\/\/firstbasegroundscrews.com\/wp-content\/uploads\/2025\/09\/foto-BESS-systeem-120x89.jpeg 120w, https:\/\/firstbasegroundscrews.com\/wp-content\/uploads\/2025\/09\/foto-BESS-systeem-271x200.jpeg 271w, https:\/\/firstbasegroundscrews.com\/wp-content\/uploads\/2025\/09\/foto-BESS-systeem-1462x1080.jpeg 1462w, https:\/\/firstbasegroundscrews.com\/wp-content\/uploads\/2025\/09\/foto-BESS-systeem.jpeg 1768w\" sizes=\"auto, (max-width: 700px) 100vw, 700px\" \/><\/figure>\n\n\n\n<p>Fra design og belastningstest i henhold til Eurocode 7 til levering fra lager: vi leverer det stabile fundament, som dit BESS-system kr\u00e6ver.<\/p>\n\n\n\n<div class=\"wp-block-buttons is-layout-flex wp-block-buttons-is-layout-flex\">\n<div class=\"wp-block-button\"><a class=\"wp-block-button__link wp-element-button\" href=\"https:\/\/firstbasegroundscrews.com\/da\/jordmonterede-solpaneler\/bess-systemer\/\">Mere information om fundamenter til BESS-systemer<\/a><\/div>\n<\/div>\n\n\n\n<div style=\"height:20px\" aria-hidden=\"true\" class=\"wp-block-spacer\"><\/div>\n\n\n\n    <div class=\"applications-slider\" data-count=\"6\">\n      <div class=\"applications-slider__controls\">\n        <!--<div class=\"applications-slider__control\"><\/div>\n        <div class=\"applications-slider__control\"><\/div>-->\n        <div class=\"applications-slider__indicators\"><button class=\"applications-slider__indicator\" data-index=\"0\"><\/button><button class=\"applications-slider__indicator\" data-index=\"1\"><\/button><button class=\"applications-slider__indicator\" data-index=\"2\"><\/button><button class=\"applications-slider__indicator\" data-index=\"3\"><\/button><button class=\"applications-slider__indicator\" data-index=\"4\"><\/button><button class=\"applications-slider__indicator\" data-index=\"5\"><\/button><\/div>\n        <a href=\"https:\/\/firstbasegroundscrews.com\/da\/wp-json\/wp\/v2\/pages\/8411projekter\/\" class=\"fba-button\">\n          <span>Casestudier<\/span>\n        <\/a>\n      <\/div>\n      <div class=\"applications-slider__content\">\n        \n    <a class=\"application--slider\" href=\"https:\/\/firstbasegroundscrews.com\/da\/projects\/biologiske-gaard-i-eindhoven\/\" data-index=\"0\">\n      <img loading=\"lazy\" decoding=\"async\" width=\"1589\" height=\"1076\" src=\"https:\/\/firstbasegroundscrews.com\/wp-content\/uploads\/2026\/04\/Wasven.png\" class=\"application__image wp-post-image\" alt=\"Farm\" srcset=\"https:\/\/firstbasegroundscrews.com\/wp-content\/uploads\/2026\/04\/Wasven.png 1589w, https:\/\/firstbasegroundscrews.com\/wp-content\/uploads\/2026\/04\/Wasven-250x169.png 250w, https:\/\/firstbasegroundscrews.com\/wp-content\/uploads\/2026\/04\/Wasven-700x474.png 700w, https:\/\/firstbasegroundscrews.com\/wp-content\/uploads\/2026\/04\/Wasven-768x520.png 768w, https:\/\/firstbasegroundscrews.com\/wp-content\/uploads\/2026\/04\/Wasven-1536x1040.png 1536w, https:\/\/firstbasegroundscrews.com\/wp-content\/uploads\/2026\/04\/Wasven-400x271.png 400w, https:\/\/firstbasegroundscrews.com\/wp-content\/uploads\/2026\/04\/Wasven-120x81.png 120w, https:\/\/firstbasegroundscrews.com\/wp-content\/uploads\/2026\/04\/Wasven-295x200.png 295w\" sizes=\"auto, (max-width: 1589px) 100vw, 1589px\" \/>\n    <\/a>\n    \n    <a class=\"application--slider\" href=\"https:\/\/firstbasegroundscrews.com\/da\/projects\/udvidelse-af-jordmonteret-solcelleanlaeg-ved-oakwood-business-park-centre\/\" data-index=\"1\">\n      <img loading=\"lazy\" decoding=\"async\" width=\"1441\" height=\"1080\" src=\"https:\/\/firstbasegroundscrews.com\/wp-content\/uploads\/2026\/02\/DJI_20260115130508_0061_D-1-1441x1080.jpg\" class=\"application__image wp-post-image\" alt=\"\" srcset=\"https:\/\/firstbasegroundscrews.com\/wp-content\/uploads\/2026\/02\/DJI_20260115130508_0061_D-1-1441x1080.jpg 1441w, https:\/\/firstbasegroundscrews.com\/wp-content\/uploads\/2026\/02\/DJI_20260115130508_0061_D-1-250x187.jpg 250w, https:\/\/firstbasegroundscrews.com\/wp-content\/uploads\/2026\/02\/DJI_20260115130508_0061_D-1-700x524.jpg 700w, https:\/\/firstbasegroundscrews.com\/wp-content\/uploads\/2026\/02\/DJI_20260115130508_0061_D-1-768x575.jpg 768w, https:\/\/firstbasegroundscrews.com\/wp-content\/uploads\/2026\/02\/DJI_20260115130508_0061_D-1-1536x1151.jpg 1536w, https:\/\/firstbasegroundscrews.com\/wp-content\/uploads\/2026\/02\/DJI_20260115130508_0061_D-1-2048x1534.jpg 2048w, https:\/\/firstbasegroundscrews.com\/wp-content\/uploads\/2026\/02\/DJI_20260115130508_0061_D-1-400x300.jpg 400w, https:\/\/firstbasegroundscrews.com\/wp-content\/uploads\/2026\/02\/DJI_20260115130508_0061_D-1-120x90.jpg 120w, https:\/\/firstbasegroundscrews.com\/wp-content\/uploads\/2026\/02\/DJI_20260115130508_0061_D-1-267x200.jpg 267w\" sizes=\"auto, (max-width: 1441px) 100vw, 1441px\" \/>\n    <\/a>\n    \n    <a class=\"application--slider\" href=\"https:\/\/firstbasegroundscrews.com\/da\/projects\/bodemonteret-solarloesning-kwekerij-de-noordhoek\/\" data-index=\"2\">\n      <img loading=\"lazy\" decoding=\"async\" width=\"1442\" height=\"1080\" src=\"https:\/\/firstbasegroundscrews.com\/wp-content\/uploads\/2025\/04\/21-DJI_0672-1442x1080.jpg\" class=\"application__image wp-post-image\" alt=\"\" srcset=\"https:\/\/firstbasegroundscrews.com\/wp-content\/uploads\/2025\/04\/21-DJI_0672-1442x1080.jpg 1442w, https:\/\/firstbasegroundscrews.com\/wp-content\/uploads\/2025\/04\/21-DJI_0672-250x187.jpg 250w, https:\/\/firstbasegroundscrews.com\/wp-content\/uploads\/2025\/04\/21-DJI_0672-700x524.jpg 700w, https:\/\/firstbasegroundscrews.com\/wp-content\/uploads\/2025\/04\/21-DJI_0672-768x575.jpg 768w, https:\/\/firstbasegroundscrews.com\/wp-content\/uploads\/2025\/04\/21-DJI_0672-1536x1150.jpg 1536w, https:\/\/firstbasegroundscrews.com\/wp-content\/uploads\/2025\/04\/21-DJI_0672-2048x1534.jpg 2048w, https:\/\/firstbasegroundscrews.com\/wp-content\/uploads\/2025\/04\/21-DJI_0672-400x300.jpg 400w, https:\/\/firstbasegroundscrews.com\/wp-content\/uploads\/2025\/04\/21-DJI_0672-120x90.jpg 120w, https:\/\/firstbasegroundscrews.com\/wp-content\/uploads\/2025\/04\/21-DJI_0672-267x200.jpg 267w\" sizes=\"auto, (max-width: 1442px) 100vw, 1442px\" \/>\n    <\/a>\n    \n    <a class=\"application--slider\" href=\"https:\/\/firstbasegroundscrews.com\/da\/projects\/750-kwp-solar-power-plant\/\" data-index=\"3\">\n      <img decoding=\"async\" class=\"application__image wp-post-image\" src=\"https:\/\/firstbasegroundscrews.com\/wp-content\/uploads\/2022\/11\/PV-power-plant-scaled.jpg\" alt=\"750 kWp solar power plant\">\n    <\/a>\n    \n    <a class=\"application--slider\" href=\"https:\/\/firstbasegroundscrews.com\/da\/projects\/solar-park-warmenhuizen\/\" data-index=\"4\">\n      <img loading=\"lazy\" decoding=\"async\" width=\"1547\" height=\"1080\" src=\"https:\/\/firstbasegroundscrews.com\/wp-content\/uploads\/2022\/10\/PV-structure-waterzuivering-scaled.jpg\" class=\"application__image wp-post-image\" alt=\"\" srcset=\"https:\/\/firstbasegroundscrews.com\/wp-content\/uploads\/2022\/10\/PV-structure-waterzuivering-scaled.jpg 2560w, https:\/\/firstbasegroundscrews.com\/wp-content\/uploads\/2022\/10\/PV-structure-waterzuivering-250x174.jpg 250w, https:\/\/firstbasegroundscrews.com\/wp-content\/uploads\/2022\/10\/PV-structure-waterzuivering-700x489.jpg 700w, https:\/\/firstbasegroundscrews.com\/wp-content\/uploads\/2022\/10\/PV-structure-waterzuivering-768x536.jpg 768w, https:\/\/firstbasegroundscrews.com\/wp-content\/uploads\/2022\/10\/PV-structure-waterzuivering-1536x1072.jpg 1536w, https:\/\/firstbasegroundscrews.com\/wp-content\/uploads\/2022\/10\/PV-structure-waterzuivering-2048x1429.jpg 2048w, https:\/\/firstbasegroundscrews.com\/wp-content\/uploads\/2022\/10\/PV-structure-waterzuivering-120x84.jpg 120w, https:\/\/firstbasegroundscrews.com\/wp-content\/uploads\/2022\/10\/PV-structure-waterzuivering-287x200.jpg 287w\" sizes=\"auto, (max-width: 1547px) 100vw, 1547px\" \/>\n    <\/a>\n    \n    <a class=\"application--slider\" href=\"https:\/\/firstbasegroundscrews.com\/da\/projects\/solar-structure-for-lock-complex\/\" data-index=\"5\">\n      <img loading=\"lazy\" decoding=\"async\" width=\"1600\" height=\"900\" src=\"https:\/\/firstbasegroundscrews.com\/wp-content\/uploads\/2022\/05\/Zonnepark-Rogat-op-FIRST-BASE-schroefpalen-2.webp\" class=\"application__image wp-post-image\" alt=\"\" srcset=\"https:\/\/firstbasegroundscrews.com\/wp-content\/uploads\/2022\/05\/Zonnepark-Rogat-op-FIRST-BASE-schroefpalen-2.webp 1600w, https:\/\/firstbasegroundscrews.com\/wp-content\/uploads\/2022\/05\/Zonnepark-Rogat-op-FIRST-BASE-schroefpalen-2-250x141.webp 250w, https:\/\/firstbasegroundscrews.com\/wp-content\/uploads\/2022\/05\/Zonnepark-Rogat-op-FIRST-BASE-schroefpalen-2-700x394.webp 700w, https:\/\/firstbasegroundscrews.com\/wp-content\/uploads\/2022\/05\/Zonnepark-Rogat-op-FIRST-BASE-schroefpalen-2-768x432.webp 768w, https:\/\/firstbasegroundscrews.com\/wp-content\/uploads\/2022\/05\/Zonnepark-Rogat-op-FIRST-BASE-schroefpalen-2-1536x864.webp 1536w, https:\/\/firstbasegroundscrews.com\/wp-content\/uploads\/2022\/05\/Zonnepark-Rogat-op-FIRST-BASE-schroefpalen-2-120x68.webp 120w, https:\/\/firstbasegroundscrews.com\/wp-content\/uploads\/2022\/05\/Zonnepark-Rogat-op-FIRST-BASE-schroefpalen-2-356x200.webp 356w\" sizes=\"auto, (max-width: 1600px) 100vw, 1600px\" \/>\n    <\/a>\n    \n      <\/div>\n    <\/div>\n    \n","protected":false},"excerpt":{"rendered":"FIRST BASE PRO-Serie skruefundament er udviklet til en st\u00f8rre belastningskapacitet. Produceret i henhold til EN-1090-2-standarder og galvaniseret efter DIN EN ISO 1461. PRO-Series skruep\u00e6le garanterer ekstrem stabilitet og en nem (og hurtig!) installation i enhver jordtype.","protected":false},"author":1,"featured_media":4205,"parent":0,"menu_order":0,"comment_status":"closed","ping_status":"closed","template":"","meta":{"_acf_changed":false,"footnotes":""},"class_list":["post-8411","page","type-page","status-publish","has-post-thumbnail","hentry"],"acf":[],"yoast_head":"<!-- This site is optimized with the Yoast SEO plugin v27.3 - https:\/\/yoast.com\/product\/yoast-seo-wordpress\/ -->\n<title>Jordmonterede solpaneler - FIRST BASE Jordskruer<\/title>\n<meta name=\"description\" content=\"Solpaneler er robuste og kan installeres med minimal skade p\u00e5 milj\u00f8et. Vi designer, fremstiller, leverer og installerer jordpanelet til solpaneler i kombination med h\u00f8jkvalitets skruep\u00e6le, der er produceret efter EN-1090-2 standarder. Takket v\u00e6re vores knowhow garanterer vi et solidt fundament for dit solcelleprojekt.\" \/>\n<meta name=\"robots\" content=\"index, follow, max-snippet:-1, max-image-preview:large, max-video-preview:-1\" \/>\n<link rel=\"canonical\" href=\"https:\/\/firstbasegroundscrews.com\/da\/jordmonterede-solpaneler\/\" \/>\n<meta property=\"og:locale\" content=\"da_DK\" \/>\n<meta property=\"og:type\" content=\"article\" \/>\n<meta property=\"og:title\" content=\"Jordmonterede solpaneler - FIRST BASE Jordskruer\" \/>\n<meta property=\"og:description\" content=\"Solpaneler er robuste og kan installeres med minimal skade p\u00e5 milj\u00f8et. Vi designer, fremstiller, leverer og installerer jordpanelet til solpaneler i kombination med h\u00f8jkvalitets skruep\u00e6le, der er produceret efter EN-1090-2 standarder. Takket v\u00e6re vores knowhow garanterer vi et solidt fundament for dit solcelleprojekt.\" \/>\n<meta property=\"og:url\" content=\"https:\/\/firstbasegroundscrews.com\/da\/jordmonterede-solpaneler\/\" \/>\n<meta property=\"og:site_name\" content=\"FIRST BASE Ground Screws\" \/>\n<meta property=\"article:modified_time\" content=\"2026-03-10T14:43:25+00:00\" \/>\n<meta property=\"og:image\" content=\"https:\/\/firstbasegroundscrews.com\/wp-content\/uploads\/2019\/08\/header-solar.jpg\" \/>\n\t<meta property=\"og:image:width\" content=\"2259\" \/>\n\t<meta property=\"og:image:height\" content=\"800\" \/>\n\t<meta property=\"og:image:type\" content=\"image\/jpeg\" \/>\n<meta name=\"twitter:card\" content=\"summary_large_image\" \/>\n<meta name=\"twitter:label1\" content=\"Estimeret l\u00e6setid\" \/>\n\t<meta name=\"twitter:data1\" content=\"2 minutter\" \/>\n<script type=\"application\/ld+json\" class=\"yoast-schema-graph\">{\"@context\":\"https:\\\/\\\/schema.org\",\"@graph\":[{\"@type\":\"WebPage\",\"@id\":\"https:\\\/\\\/firstbasegroundscrews.com\\\/da\\\/jordmonterede-solpaneler\\\/\",\"url\":\"https:\\\/\\\/firstbasegroundscrews.com\\\/da\\\/jordmonterede-solpaneler\\\/\",\"name\":\"Jordmonterede solpaneler - FIRST BASE Jordskruer\",\"isPartOf\":{\"@id\":\"https:\\\/\\\/firstbasegroundscrews.com\\\/da\\\/#website\"},\"primaryImageOfPage\":{\"@id\":\"https:\\\/\\\/firstbasegroundscrews.com\\\/da\\\/jordmonterede-solpaneler\\\/#primaryimage\"},\"image\":{\"@id\":\"https:\\\/\\\/firstbasegroundscrews.com\\\/da\\\/jordmonterede-solpaneler\\\/#primaryimage\"},\"thumbnailUrl\":\"https:\\\/\\\/firstbasegroundscrews.com\\\/wp-content\\\/uploads\\\/2019\\\/08\\\/header-solar.jpg\",\"datePublished\":\"2019-05-20T14:09:30+00:00\",\"dateModified\":\"2026-03-10T14:43:25+00:00\",\"description\":\"Solpaneler er robuste og kan installeres med minimal skade p\u00e5 milj\u00f8et. Vi designer, fremstiller, leverer og installerer jordpanelet til solpaneler i kombination med h\u00f8jkvalitets skruep\u00e6le, der er produceret efter EN-1090-2 standarder. Takket v\u00e6re vores knowhow garanterer vi et solidt fundament for dit solcelleprojekt.\",\"breadcrumb\":{\"@id\":\"https:\\\/\\\/firstbasegroundscrews.com\\\/da\\\/jordmonterede-solpaneler\\\/#breadcrumb\"},\"inLanguage\":\"da-DK\",\"potentialAction\":[{\"@type\":\"ReadAction\",\"target\":[\"https:\\\/\\\/firstbasegroundscrews.com\\\/da\\\/jordmonterede-solpaneler\\\/\"]}]},{\"@type\":\"ImageObject\",\"inLanguage\":\"da-DK\",\"@id\":\"https:\\\/\\\/firstbasegroundscrews.com\\\/da\\\/jordmonterede-solpaneler\\\/#primaryimage\",\"url\":\"https:\\\/\\\/firstbasegroundscrews.com\\\/wp-content\\\/uploads\\\/2019\\\/08\\\/header-solar.jpg\",\"contentUrl\":\"https:\\\/\\\/firstbasegroundscrews.com\\\/wp-content\\\/uploads\\\/2019\\\/08\\\/header-solar.jpg\",\"width\":2259,\"height\":800},{\"@type\":\"BreadcrumbList\",\"@id\":\"https:\\\/\\\/firstbasegroundscrews.com\\\/da\\\/jordmonterede-solpaneler\\\/#breadcrumb\",\"itemListElement\":[{\"@type\":\"ListItem\",\"position\":1,\"name\":\"Home\",\"item\":\"https:\\\/\\\/firstbasegroundscrews.com\\\/da\\\/\"},{\"@type\":\"ListItem\",\"position\":2,\"name\":\"Jordmonterede solpaneler\"}]},{\"@type\":\"WebSite\",\"@id\":\"https:\\\/\\\/firstbasegroundscrews.com\\\/da\\\/#website\",\"url\":\"https:\\\/\\\/firstbasegroundscrews.com\\\/da\\\/\",\"name\":\"FIRST BASE Ground Screws\",\"description\":\"High quality ground screws for solid foundations\",\"potentialAction\":[{\"@type\":\"SearchAction\",\"target\":{\"@type\":\"EntryPoint\",\"urlTemplate\":\"https:\\\/\\\/firstbasegroundscrews.com\\\/da\\\/?s={search_term_string}\"},\"query-input\":{\"@type\":\"PropertyValueSpecification\",\"valueRequired\":true,\"valueName\":\"search_term_string\"}}],\"inLanguage\":\"da-DK\"}]}<\/script>\n<!-- \/ Yoast SEO plugin. -->","yoast_head_json":{"title":"Jordmonterede solpaneler - FIRST BASE Jordskruer","description":"Solpaneler er robuste og kan installeres med minimal skade p\u00e5 milj\u00f8et. Vi designer, fremstiller, leverer og installerer jordpanelet til solpaneler i kombination med h\u00f8jkvalitets skruep\u00e6le, der er produceret efter EN-1090-2 standarder. Takket v\u00e6re vores knowhow garanterer vi et solidt fundament for dit solcelleprojekt.","robots":{"index":"index","follow":"follow","max-snippet":"max-snippet:-1","max-image-preview":"max-image-preview:large","max-video-preview":"max-video-preview:-1"},"canonical":"https:\/\/firstbasegroundscrews.com\/da\/jordmonterede-solpaneler\/","og_locale":"da_DK","og_type":"article","og_title":"Jordmonterede solpaneler - FIRST BASE Jordskruer","og_description":"Solpaneler er robuste og kan installeres med minimal skade p\u00e5 milj\u00f8et. Vi designer, fremstiller, leverer og installerer jordpanelet til solpaneler i kombination med h\u00f8jkvalitets skruep\u00e6le, der er produceret efter EN-1090-2 standarder. Takket v\u00e6re vores knowhow garanterer vi et solidt fundament for dit solcelleprojekt.","og_url":"https:\/\/firstbasegroundscrews.com\/da\/jordmonterede-solpaneler\/","og_site_name":"FIRST BASE Ground Screws","article_modified_time":"2026-03-10T14:43:25+00:00","og_image":[{"width":2259,"height":800,"url":"https:\/\/firstbasegroundscrews.com\/wp-content\/uploads\/2019\/08\/header-solar.jpg","type":"image\/jpeg"}],"twitter_card":"summary_large_image","twitter_misc":{"Estimeret l\u00e6setid":"2 minutter"},"schema":{"@context":"https:\/\/schema.org","@graph":[{"@type":"WebPage","@id":"https:\/\/firstbasegroundscrews.com\/da\/jordmonterede-solpaneler\/","url":"https:\/\/firstbasegroundscrews.com\/da\/jordmonterede-solpaneler\/","name":"Jordmonterede solpaneler - FIRST BASE Jordskruer","isPartOf":{"@id":"https:\/\/firstbasegroundscrews.com\/da\/#website"},"primaryImageOfPage":{"@id":"https:\/\/firstbasegroundscrews.com\/da\/jordmonterede-solpaneler\/#primaryimage"},"image":{"@id":"https:\/\/firstbasegroundscrews.com\/da\/jordmonterede-solpaneler\/#primaryimage"},"thumbnailUrl":"https:\/\/firstbasegroundscrews.com\/wp-content\/uploads\/2019\/08\/header-solar.jpg","datePublished":"2019-05-20T14:09:30+00:00","dateModified":"2026-03-10T14:43:25+00:00","description":"Solpaneler er robuste og kan installeres med minimal skade p\u00e5 milj\u00f8et. Vi designer, fremstiller, leverer og installerer jordpanelet til solpaneler i kombination med h\u00f8jkvalitets skruep\u00e6le, der er produceret efter EN-1090-2 standarder. Takket v\u00e6re vores knowhow garanterer vi et solidt fundament for dit solcelleprojekt.","breadcrumb":{"@id":"https:\/\/firstbasegroundscrews.com\/da\/jordmonterede-solpaneler\/#breadcrumb"},"inLanguage":"da-DK","potentialAction":[{"@type":"ReadAction","target":["https:\/\/firstbasegroundscrews.com\/da\/jordmonterede-solpaneler\/"]}]},{"@type":"ImageObject","inLanguage":"da-DK","@id":"https:\/\/firstbasegroundscrews.com\/da\/jordmonterede-solpaneler\/#primaryimage","url":"https:\/\/firstbasegroundscrews.com\/wp-content\/uploads\/2019\/08\/header-solar.jpg","contentUrl":"https:\/\/firstbasegroundscrews.com\/wp-content\/uploads\/2019\/08\/header-solar.jpg","width":2259,"height":800},{"@type":"BreadcrumbList","@id":"https:\/\/firstbasegroundscrews.com\/da\/jordmonterede-solpaneler\/#breadcrumb","itemListElement":[{"@type":"ListItem","position":1,"name":"Home","item":"https:\/\/firstbasegroundscrews.com\/da\/"},{"@type":"ListItem","position":2,"name":"Jordmonterede solpaneler"}]},{"@type":"WebSite","@id":"https:\/\/firstbasegroundscrews.com\/da\/#website","url":"https:\/\/firstbasegroundscrews.com\/da\/","name":"FIRST BASE Ground Screws","description":"High quality ground screws for solid foundations","potentialAction":[{"@type":"SearchAction","target":{"@type":"EntryPoint","urlTemplate":"https:\/\/firstbasegroundscrews.com\/da\/?s={search_term_string}"},"query-input":{"@type":"PropertyValueSpecification","valueRequired":true,"valueName":"search_term_string"}}],"inLanguage":"da-DK"}]}},"_links":{"self":[{"href":"https:\/\/firstbasegroundscrews.com\/da\/wp-json\/wp\/v2\/pages\/8411","targetHints":{"allow":["GET"]}}],"collection":[{"href":"https:\/\/firstbasegroundscrews.com\/da\/wp-json\/wp\/v2\/pages"}],"about":[{"href":"https:\/\/firstbasegroundscrews.com\/da\/wp-json\/wp\/v2\/types\/page"}],"author":[{"embeddable":true,"href":"https:\/\/firstbasegroundscrews.com\/da\/wp-json\/wp\/v2\/users\/1"}],"replies":[{"embeddable":true,"href":"https:\/\/firstbasegroundscrews.com\/da\/wp-json\/wp\/v2\/comments?post=8411"}],"version-history":[{"count":5,"href":"https:\/\/firstbasegroundscrews.com\/da\/wp-json\/wp\/v2\/pages\/8411\/revisions"}],"predecessor-version":[{"id":16451,"href":"https:\/\/firstbasegroundscrews.com\/da\/wp-json\/wp\/v2\/pages\/8411\/revisions\/16451"}],"wp:featuredmedia":[{"embeddable":true,"href":"https:\/\/firstbasegroundscrews.com\/da\/wp-json\/wp\/v2\/media\/4205"}],"wp:attachment":[{"href":"https:\/\/firstbasegroundscrews.com\/da\/wp-json\/wp\/v2\/media?parent=8411"}],"curies":[{"name":"wp","href":"https:\/\/api.w.org\/{rel}","templated":true}]}}