{"id":8383,"date":"2019-05-20T14:09:37","date_gmt":"2019-05-20T14:09:37","guid":{"rendered":"https:\/\/firstbasegroundscrews.com\/pro-series\/"},"modified":"2024-09-02T13:23:16","modified_gmt":"2024-09-02T13:23:16","slug":"pro-serien","status":"publish","type":"page","link":"https:\/\/firstbasegroundscrews.com\/da\/pro-serien\/","title":{"rendered":"PRO-SERIEN"},"content":{"rendered":"\n<h2 class=\"wp-block-heading\"><strong><strong>FIRST BASE&nbsp;<\/strong>PRO-SERIEN<\/strong><\/h2>\n\n\n\n<p>FIRST BASE Pro-serien er beregnet til anvendelse ved st\u00f8rre belastninger. Produceret i henhold til EN-1090-2 standarder og varmgalvaniseret. Der er desuden den fordel ved denne type jordskruer, at de kan monteres meget nemt (og virkelig hurtigt!) i alle jordtyper. Det er den perfekte l\u00f8sning til b\u00e5de midlertidige og permanente konstruktioner.<\/p>\n\n\n\n<h3 class=\"wp-block-heading\">Fordele for dig:<\/h3>\n\n\n\n<ul class=\"wp-block-list\">\n<li>Der skal ikke bruges cement (det betyder, at der ikke er nogen t\u00f8rretid)<\/li>\n\n\n\n<li>Der skal ikke bruges tungt maskineri<\/li>\n\n\n\n<li>Skruerne er vedligeholdelsesfrie (og har lang levetid)<\/li>\n\n\n\n<li>Skruerne kan monteres nemt og hurtigt (med et elektrisk jordskruebor) \u2212 ogs\u00e5 om vinteren<\/li>\n<\/ul>\n\n\n\n<div class=\"wp-block-buttons is-layout-flex wp-block-buttons-is-layout-flex\">\n<div class=\"wp-block-button\"><a class=\"wp-block-button__link wp-element-button\" href=\"https:\/\/firstbasegroundscrews.com\/da\/produktsortiment\/\">Se Produkter<\/a><\/div>\n\n\n\n<div class=\"wp-block-button alignleft\"><a class=\"wp-block-button__link wp-element-button\" href=\"https:\/\/firstbasegroundscrews.com\/da\/beregn-her\/\">BEREGN HER<\/a><\/div>\n<\/div>\n\n\n\n    <div class=\"applications-slider\" data-count=\"10\">\n      <div class=\"applications-slider__controls\">\n        <!--<div class=\"applications-slider__control\"><\/div>\n        <div class=\"applications-slider__control\"><\/div>-->\n        <div class=\"applications-slider__indicators\"><button class=\"applications-slider__indicator\" data-index=\"0\"><\/button><button class=\"applications-slider__indicator\" data-index=\"1\"><\/button><button class=\"applications-slider__indicator\" data-index=\"2\"><\/button><button class=\"applications-slider__indicator\" data-index=\"3\"><\/button><button class=\"applications-slider__indicator\" data-index=\"4\"><\/button><button class=\"applications-slider__indicator\" data-index=\"5\"><\/button><button class=\"applications-slider__indicator\" data-index=\"6\"><\/button><button class=\"applications-slider__indicator\" data-index=\"7\"><\/button><button class=\"applications-slider__indicator\" data-index=\"8\"><\/button><button class=\"applications-slider__indicator\" data-index=\"9\"><\/button><\/div>\n        <a href=\"https:\/\/firstbasegroundscrews.com\/da\/wp-json\/wp\/v2\/pages\/8383projects\/\" class=\"fba-button\">\n          <span>Casestudier<\/span>\n        <\/a>\n      <\/div>\n      <div class=\"applications-slider__content\">\n        \n    <a class=\"application--slider\" href=\"https:\/\/firstbasegroundscrews.com\/da\/projects\/strandhuse-landal-zeezigt\/\" data-index=\"0\">\n      <img decoding=\"async\" class=\"application__image wp-post-image\" src=\"https:\/\/firstbasegroundscrews.com\/wp-content\/uploads\/2026\/04\/Petten-Landal-1-Header-scaled-e1776069180563.jpg\" alt=\"Strandhuse Landal Zeezigt\">\n    <\/a>\n    \n    <a class=\"application--slider\" href=\"https:\/\/firstbasegroundscrews.com\/da\/projects\/duinrell-familieferiepark\/\" data-index=\"1\">\n      <img decoding=\"async\" class=\"application__image wp-post-image\" src=\"https:\/\/firstbasegroundscrews.com\/wp-content\/uploads\/2022\/11\/FIRSTBASE_DUINRELL-5-scaled.jpg\" alt=\"Duinrell familieferiepark\">\n    <\/a>\n    \n    <a class=\"application--slider\" href=\"https:\/\/firstbasegroundscrews.com\/da\/projects\/en-solid-fundament-for-et-stort-membrantag-med-kamst-roofs\/\" data-index=\"2\">\n      <img loading=\"lazy\" decoding=\"async\" width=\"1440\" height=\"1080\" src=\"https:\/\/firstbasegroundscrews.com\/wp-content\/uploads\/2025\/09\/Zeildoek-overkapping-scaled-1-1440x1080.jpeg\" class=\"application__image wp-post-image\" alt=\"\" srcset=\"https:\/\/firstbasegroundscrews.com\/wp-content\/uploads\/2025\/09\/Zeildoek-overkapping-scaled-1-1440x1080.jpeg 1440w, https:\/\/firstbasegroundscrews.com\/wp-content\/uploads\/2025\/09\/Zeildoek-overkapping-scaled-1-250x188.jpeg 250w, https:\/\/firstbasegroundscrews.com\/wp-content\/uploads\/2025\/09\/Zeildoek-overkapping-scaled-1-700x525.jpeg 700w, https:\/\/firstbasegroundscrews.com\/wp-content\/uploads\/2025\/09\/Zeildoek-overkapping-scaled-1-768x576.jpeg 768w, https:\/\/firstbasegroundscrews.com\/wp-content\/uploads\/2025\/09\/Zeildoek-overkapping-scaled-1-1536x1152.jpeg 1536w, https:\/\/firstbasegroundscrews.com\/wp-content\/uploads\/2025\/09\/Zeildoek-overkapping-scaled-1-2048x1536.jpeg 2048w, https:\/\/firstbasegroundscrews.com\/wp-content\/uploads\/2025\/09\/Zeildoek-overkapping-scaled-1-400x300.jpeg 400w, https:\/\/firstbasegroundscrews.com\/wp-content\/uploads\/2025\/09\/Zeildoek-overkapping-scaled-1-120x90.jpeg 120w, https:\/\/firstbasegroundscrews.com\/wp-content\/uploads\/2025\/09\/Zeildoek-overkapping-scaled-1-267x200.jpeg 267w\" sizes=\"auto, (max-width: 1440px) 100vw, 1440px\" \/>\n    <\/a>\n    \n    <a class=\"application--slider\" href=\"https:\/\/firstbasegroundscrews.com\/da\/projects\/verandaservice-et-arti-med-solide-fundamenter-takket-vaere-first-base-jordskruer\/\" data-index=\"3\">\n      <img loading=\"lazy\" decoding=\"async\" width=\"1600\" height=\"900\" src=\"https:\/\/firstbasegroundscrews.com\/wp-content\/uploads\/2025\/05\/Verandaservice-Wil.jpeg\" class=\"application__image wp-post-image\" alt=\"\" srcset=\"https:\/\/firstbasegroundscrews.com\/wp-content\/uploads\/2025\/05\/Verandaservice-Wil.jpeg 1600w, https:\/\/firstbasegroundscrews.com\/wp-content\/uploads\/2025\/05\/Verandaservice-Wil-250x141.jpeg 250w, https:\/\/firstbasegroundscrews.com\/wp-content\/uploads\/2025\/05\/Verandaservice-Wil-700x394.jpeg 700w, https:\/\/firstbasegroundscrews.com\/wp-content\/uploads\/2025\/05\/Verandaservice-Wil-768x432.jpeg 768w, https:\/\/firstbasegroundscrews.com\/wp-content\/uploads\/2025\/05\/Verandaservice-Wil-1536x864.jpeg 1536w, https:\/\/firstbasegroundscrews.com\/wp-content\/uploads\/2025\/05\/Verandaservice-Wil-400x225.jpeg 400w, https:\/\/firstbasegroundscrews.com\/wp-content\/uploads\/2025\/05\/Verandaservice-Wil-120x68.jpeg 120w, https:\/\/firstbasegroundscrews.com\/wp-content\/uploads\/2025\/05\/Verandaservice-Wil-356x200.jpeg 356w\" sizes=\"auto, (max-width: 1600px) 100vw, 1600px\" \/>\n    <\/a>\n    \n    <a class=\"application--slider\" href=\"https:\/\/firstbasegroundscrews.com\/da\/projects\/holiday-park\/\" data-index=\"4\">\n      <img loading=\"lazy\" decoding=\"async\" width=\"1920\" height=\"1080\" src=\"https:\/\/firstbasegroundscrews.com\/wp-content\/uploads\/2022\/10\/Roompot-Zeeland-FIRST-BASE-Ground-Screws-2-scaled.jpg\" class=\"application__image wp-post-image\" alt=\"\" srcset=\"https:\/\/firstbasegroundscrews.com\/wp-content\/uploads\/2022\/10\/Roompot-Zeeland-FIRST-BASE-Ground-Screws-2-scaled.jpg 2560w, https:\/\/firstbasegroundscrews.com\/wp-content\/uploads\/2022\/10\/Roompot-Zeeland-FIRST-BASE-Ground-Screws-2-250x141.jpg 250w, https:\/\/firstbasegroundscrews.com\/wp-content\/uploads\/2022\/10\/Roompot-Zeeland-FIRST-BASE-Ground-Screws-2-700x394.jpg 700w, https:\/\/firstbasegroundscrews.com\/wp-content\/uploads\/2022\/10\/Roompot-Zeeland-FIRST-BASE-Ground-Screws-2-768x432.jpg 768w, https:\/\/firstbasegroundscrews.com\/wp-content\/uploads\/2022\/10\/Roompot-Zeeland-FIRST-BASE-Ground-Screws-2-1536x864.jpg 1536w, https:\/\/firstbasegroundscrews.com\/wp-content\/uploads\/2022\/10\/Roompot-Zeeland-FIRST-BASE-Ground-Screws-2-2048x1152.jpg 2048w, https:\/\/firstbasegroundscrews.com\/wp-content\/uploads\/2022\/10\/Roompot-Zeeland-FIRST-BASE-Ground-Screws-2-120x68.jpg 120w, https:\/\/firstbasegroundscrews.com\/wp-content\/uploads\/2022\/10\/Roompot-Zeeland-FIRST-BASE-Ground-Screws-2-356x200.jpg 356w\" sizes=\"auto, (max-width: 1920px) 100vw, 1920px\" \/>\n    <\/a>\n    \n    <a class=\"application--slider\" href=\"https:\/\/firstbasegroundscrews.com\/da\/projects\/a-special-project-on-the-marker-wadden\/\" data-index=\"5\">\n      <img loading=\"lazy\" decoding=\"async\" width=\"1619\" height=\"1080\" src=\"https:\/\/firstbasegroundscrews.com\/wp-content\/uploads\/2022\/10\/Marker-Wadden-FIRST-BASE-Ground-screws-1.jpg\" class=\"application__image wp-post-image\" alt=\"\" srcset=\"https:\/\/firstbasegroundscrews.com\/wp-content\/uploads\/2022\/10\/Marker-Wadden-FIRST-BASE-Ground-screws-1.jpg 1920w, https:\/\/firstbasegroundscrews.com\/wp-content\/uploads\/2022\/10\/Marker-Wadden-FIRST-BASE-Ground-screws-1-250x167.jpg 250w, https:\/\/firstbasegroundscrews.com\/wp-content\/uploads\/2022\/10\/Marker-Wadden-FIRST-BASE-Ground-screws-1-700x467.jpg 700w, https:\/\/firstbasegroundscrews.com\/wp-content\/uploads\/2022\/10\/Marker-Wadden-FIRST-BASE-Ground-screws-1-768x512.jpg 768w, https:\/\/firstbasegroundscrews.com\/wp-content\/uploads\/2022\/10\/Marker-Wadden-FIRST-BASE-Ground-screws-1-1536x1025.jpg 1536w, https:\/\/firstbasegroundscrews.com\/wp-content\/uploads\/2022\/10\/Marker-Wadden-FIRST-BASE-Ground-screws-1-120x80.jpg 120w, https:\/\/firstbasegroundscrews.com\/wp-content\/uploads\/2022\/10\/Marker-Wadden-FIRST-BASE-Ground-screws-1-300x200.jpg 300w\" sizes=\"auto, (max-width: 1619px) 100vw, 1619px\" \/>\n    <\/a>\n    \n    <a class=\"application--slider\" href=\"https:\/\/firstbasegroundscrews.com\/da\/projects\/holiday-park-qulpen\/\" data-index=\"6\">\n      <img loading=\"lazy\" decoding=\"async\" width=\"1638\" height=\"1080\" src=\"https:\/\/firstbasegroundscrews.com\/wp-content\/uploads\/2022\/10\/Holiday-resort-Qurios-FIRST-BASE-Ground-screws-2.jpg\" class=\"application__image wp-post-image\" alt=\"\" srcset=\"https:\/\/firstbasegroundscrews.com\/wp-content\/uploads\/2022\/10\/Holiday-resort-Qurios-FIRST-BASE-Ground-screws-2.jpg 1920w, https:\/\/firstbasegroundscrews.com\/wp-content\/uploads\/2022\/10\/Holiday-resort-Qurios-FIRST-BASE-Ground-screws-2-250x165.jpg 250w, https:\/\/firstbasegroundscrews.com\/wp-content\/uploads\/2022\/10\/Holiday-resort-Qurios-FIRST-BASE-Ground-screws-2-700x462.jpg 700w, https:\/\/firstbasegroundscrews.com\/wp-content\/uploads\/2022\/10\/Holiday-resort-Qurios-FIRST-BASE-Ground-screws-2-768x506.jpg 768w, https:\/\/firstbasegroundscrews.com\/wp-content\/uploads\/2022\/10\/Holiday-resort-Qurios-FIRST-BASE-Ground-screws-2-1536x1013.jpg 1536w, https:\/\/firstbasegroundscrews.com\/wp-content\/uploads\/2022\/10\/Holiday-resort-Qurios-FIRST-BASE-Ground-screws-2-120x79.jpg 120w, https:\/\/firstbasegroundscrews.com\/wp-content\/uploads\/2022\/10\/Holiday-resort-Qurios-FIRST-BASE-Ground-screws-2-303x200.jpg 303w\" sizes=\"auto, (max-width: 1638px) 100vw, 1638px\" \/>\n    <\/a>\n    \n    <a class=\"application--slider\" href=\"https:\/\/firstbasegroundscrews.com\/da\/projects\/recreational-house\/\" data-index=\"7\">\n      <img loading=\"lazy\" decoding=\"async\" width=\"1600\" height=\"1066\" src=\"https:\/\/firstbasegroundscrews.com\/wp-content\/uploads\/2022\/10\/wonen-aan-het-water-strandvilla.jpg\" class=\"application__image wp-post-image\" alt=\"\" srcset=\"https:\/\/firstbasegroundscrews.com\/wp-content\/uploads\/2022\/10\/wonen-aan-het-water-strandvilla.jpg 1600w, https:\/\/firstbasegroundscrews.com\/wp-content\/uploads\/2022\/10\/wonen-aan-het-water-strandvilla-250x167.jpg 250w, https:\/\/firstbasegroundscrews.com\/wp-content\/uploads\/2022\/10\/wonen-aan-het-water-strandvilla-700x466.jpg 700w, https:\/\/firstbasegroundscrews.com\/wp-content\/uploads\/2022\/10\/wonen-aan-het-water-strandvilla-768x512.jpg 768w, https:\/\/firstbasegroundscrews.com\/wp-content\/uploads\/2022\/10\/wonen-aan-het-water-strandvilla-1536x1023.jpg 1536w, https:\/\/firstbasegroundscrews.com\/wp-content\/uploads\/2022\/10\/wonen-aan-het-water-strandvilla-120x80.jpg 120w, https:\/\/firstbasegroundscrews.com\/wp-content\/uploads\/2022\/10\/wonen-aan-het-water-strandvilla-300x200.jpg 300w\" sizes=\"auto, (max-width: 1600px) 100vw, 1600px\" \/>\n    <\/a>\n    \n    <a class=\"application--slider\" href=\"https:\/\/firstbasegroundscrews.com\/da\/projects\/isle-of-wight\/\" data-index=\"8\">\n      <img decoding=\"async\" class=\"application__image wp-post-image\" src=\"https:\/\/firstbasegroundscrews.com\/wp-content\/uploads\/2022\/10\/C2_8889-e1664807192963.jpg\" alt=\"Holiday Park Isle of Wight\">\n    <\/a>\n    \n    <a class=\"application--slider\" href=\"https:\/\/firstbasegroundscrews.com\/da\/projects\/tree-house\/\" data-index=\"9\">\n      <img decoding=\"async\" class=\"application__image wp-post-image\" src=\"https:\/\/firstbasegroundscrews.com\/wp-content\/uploads\/2022\/04\/Boomhut.nl-4.jpeg\" alt=\"Tree House\">\n    <\/a>\n    \n      <\/div>\n    <\/div>\n    \n","protected":false},"excerpt":{"rendered":"Produceret i henhold til EN-1090-2-standarder. FIRST BASE skruep\u00e6le garanterer et solidt fundament. Udover at levere skruefundamenter kan vi designe, producere og installere st\u00e5ljordopstillinger til dine solceller. Vi kan ogs\u00e5 levere installations- og testudstyr til bestemmelse af skruefundamentets b\u00e6reevne.","protected":false},"author":1,"featured_media":4201,"parent":0,"menu_order":0,"comment_status":"closed","ping_status":"closed","template":"","meta":{"_acf_changed":false,"footnotes":""},"class_list":["post-8383","page","type-page","status-publish","has-post-thumbnail","hentry"],"acf":[],"yoast_head":"<!-- This site is optimized with the Yoast SEO plugin v27.3 - https:\/\/yoast.com\/product\/yoast-seo-wordpress\/ -->\n<title>PRO-SERIEN - FIRST BASE Jordskruer<\/title>\n<meta name=\"description\" content=\"FIRST BASE PRO-serien er beregnet til anvendelse ved st\u00f8rre belastninger. Det er den perfekte l\u00f8sning til b\u00e5de midlertidige og permanente konstruktioner.\" \/>\n<meta name=\"robots\" content=\"index, follow, max-snippet:-1, max-image-preview:large, max-video-preview:-1\" \/>\n<link rel=\"canonical\" href=\"https:\/\/firstbasegroundscrews.com\/da\/pro-serien\/\" \/>\n<meta property=\"og:locale\" content=\"da_DK\" \/>\n<meta property=\"og:type\" content=\"article\" \/>\n<meta property=\"og:title\" content=\"PRO-SERIEN - FIRST BASE Jordskruer\" \/>\n<meta property=\"og:description\" content=\"FIRST BASE PRO-serien er beregnet til anvendelse ved st\u00f8rre belastninger. Det er den perfekte l\u00f8sning til b\u00e5de midlertidige og permanente konstruktioner.\" \/>\n<meta property=\"og:url\" content=\"https:\/\/firstbasegroundscrews.com\/da\/pro-serien\/\" \/>\n<meta property=\"og:site_name\" content=\"FIRST BASE Ground Screws\" \/>\n<meta property=\"article:modified_time\" content=\"2024-09-02T13:23:16+00:00\" \/>\n<meta property=\"og:image\" content=\"https:\/\/firstbasegroundscrews.com\/wp-content\/uploads\/2019\/08\/header-pro.jpg\" \/>\n\t<meta property=\"og:image:width\" content=\"2259\" \/>\n\t<meta property=\"og:image:height\" content=\"800\" \/>\n\t<meta property=\"og:image:type\" content=\"image\/jpeg\" \/>\n<meta name=\"twitter:card\" content=\"summary_large_image\" \/>\n<meta name=\"twitter:label1\" content=\"Estimeret l\u00e6setid\" \/>\n\t<meta name=\"twitter:data1\" content=\"1 minut\" \/>\n<script type=\"application\/ld+json\" class=\"yoast-schema-graph\">{\"@context\":\"https:\\\/\\\/schema.org\",\"@graph\":[{\"@type\":\"WebPage\",\"@id\":\"https:\\\/\\\/firstbasegroundscrews.com\\\/da\\\/pro-serien\\\/\",\"url\":\"https:\\\/\\\/firstbasegroundscrews.com\\\/da\\\/pro-serien\\\/\",\"name\":\"PRO-SERIEN - FIRST BASE Jordskruer\",\"isPartOf\":{\"@id\":\"https:\\\/\\\/firstbasegroundscrews.com\\\/da\\\/#website\"},\"primaryImageOfPage\":{\"@id\":\"https:\\\/\\\/firstbasegroundscrews.com\\\/da\\\/pro-serien\\\/#primaryimage\"},\"image\":{\"@id\":\"https:\\\/\\\/firstbasegroundscrews.com\\\/da\\\/pro-serien\\\/#primaryimage\"},\"thumbnailUrl\":\"https:\\\/\\\/firstbasegroundscrews.com\\\/wp-content\\\/uploads\\\/2019\\\/08\\\/header-pro.jpg\",\"datePublished\":\"2019-05-20T14:09:37+00:00\",\"dateModified\":\"2024-09-02T13:23:16+00:00\",\"description\":\"FIRST BASE PRO-serien er beregnet til anvendelse ved st\u00f8rre belastninger. Det er den perfekte l\u00f8sning til b\u00e5de midlertidige og permanente konstruktioner.\",\"breadcrumb\":{\"@id\":\"https:\\\/\\\/firstbasegroundscrews.com\\\/da\\\/pro-serien\\\/#breadcrumb\"},\"inLanguage\":\"da-DK\",\"potentialAction\":[{\"@type\":\"ReadAction\",\"target\":[\"https:\\\/\\\/firstbasegroundscrews.com\\\/da\\\/pro-serien\\\/\"]}]},{\"@type\":\"ImageObject\",\"inLanguage\":\"da-DK\",\"@id\":\"https:\\\/\\\/firstbasegroundscrews.com\\\/da\\\/pro-serien\\\/#primaryimage\",\"url\":\"https:\\\/\\\/firstbasegroundscrews.com\\\/wp-content\\\/uploads\\\/2019\\\/08\\\/header-pro.jpg\",\"contentUrl\":\"https:\\\/\\\/firstbasegroundscrews.com\\\/wp-content\\\/uploads\\\/2019\\\/08\\\/header-pro.jpg\",\"width\":2259,\"height\":800},{\"@type\":\"BreadcrumbList\",\"@id\":\"https:\\\/\\\/firstbasegroundscrews.com\\\/da\\\/pro-serien\\\/#breadcrumb\",\"itemListElement\":[{\"@type\":\"ListItem\",\"position\":1,\"name\":\"Home\",\"item\":\"https:\\\/\\\/firstbasegroundscrews.com\\\/da\\\/\"},{\"@type\":\"ListItem\",\"position\":2,\"name\":\"PRO-SERIEN\"}]},{\"@type\":\"WebSite\",\"@id\":\"https:\\\/\\\/firstbasegroundscrews.com\\\/da\\\/#website\",\"url\":\"https:\\\/\\\/firstbasegroundscrews.com\\\/da\\\/\",\"name\":\"FIRST BASE Ground Screws\",\"description\":\"High quality ground screws for solid foundations\",\"potentialAction\":[{\"@type\":\"SearchAction\",\"target\":{\"@type\":\"EntryPoint\",\"urlTemplate\":\"https:\\\/\\\/firstbasegroundscrews.com\\\/da\\\/?s={search_term_string}\"},\"query-input\":{\"@type\":\"PropertyValueSpecification\",\"valueRequired\":true,\"valueName\":\"search_term_string\"}}],\"inLanguage\":\"da-DK\"}]}<\/script>\n<!-- \/ Yoast SEO plugin. -->","yoast_head_json":{"title":"PRO-SERIEN - FIRST BASE Jordskruer","description":"FIRST BASE PRO-serien er beregnet til anvendelse ved st\u00f8rre belastninger. Det er den perfekte l\u00f8sning til b\u00e5de midlertidige og permanente konstruktioner.","robots":{"index":"index","follow":"follow","max-snippet":"max-snippet:-1","max-image-preview":"max-image-preview:large","max-video-preview":"max-video-preview:-1"},"canonical":"https:\/\/firstbasegroundscrews.com\/da\/pro-serien\/","og_locale":"da_DK","og_type":"article","og_title":"PRO-SERIEN - FIRST BASE Jordskruer","og_description":"FIRST BASE PRO-serien er beregnet til anvendelse ved st\u00f8rre belastninger. Det er den perfekte l\u00f8sning til b\u00e5de midlertidige og permanente konstruktioner.","og_url":"https:\/\/firstbasegroundscrews.com\/da\/pro-serien\/","og_site_name":"FIRST BASE Ground Screws","article_modified_time":"2024-09-02T13:23:16+00:00","og_image":[{"width":2259,"height":800,"url":"https:\/\/firstbasegroundscrews.com\/wp-content\/uploads\/2019\/08\/header-pro.jpg","type":"image\/jpeg"}],"twitter_card":"summary_large_image","twitter_misc":{"Estimeret l\u00e6setid":"1 minut"},"schema":{"@context":"https:\/\/schema.org","@graph":[{"@type":"WebPage","@id":"https:\/\/firstbasegroundscrews.com\/da\/pro-serien\/","url":"https:\/\/firstbasegroundscrews.com\/da\/pro-serien\/","name":"PRO-SERIEN - FIRST BASE Jordskruer","isPartOf":{"@id":"https:\/\/firstbasegroundscrews.com\/da\/#website"},"primaryImageOfPage":{"@id":"https:\/\/firstbasegroundscrews.com\/da\/pro-serien\/#primaryimage"},"image":{"@id":"https:\/\/firstbasegroundscrews.com\/da\/pro-serien\/#primaryimage"},"thumbnailUrl":"https:\/\/firstbasegroundscrews.com\/wp-content\/uploads\/2019\/08\/header-pro.jpg","datePublished":"2019-05-20T14:09:37+00:00","dateModified":"2024-09-02T13:23:16+00:00","description":"FIRST BASE PRO-serien er beregnet til anvendelse ved st\u00f8rre belastninger. Det er den perfekte l\u00f8sning til b\u00e5de midlertidige og permanente konstruktioner.","breadcrumb":{"@id":"https:\/\/firstbasegroundscrews.com\/da\/pro-serien\/#breadcrumb"},"inLanguage":"da-DK","potentialAction":[{"@type":"ReadAction","target":["https:\/\/firstbasegroundscrews.com\/da\/pro-serien\/"]}]},{"@type":"ImageObject","inLanguage":"da-DK","@id":"https:\/\/firstbasegroundscrews.com\/da\/pro-serien\/#primaryimage","url":"https:\/\/firstbasegroundscrews.com\/wp-content\/uploads\/2019\/08\/header-pro.jpg","contentUrl":"https:\/\/firstbasegroundscrews.com\/wp-content\/uploads\/2019\/08\/header-pro.jpg","width":2259,"height":800},{"@type":"BreadcrumbList","@id":"https:\/\/firstbasegroundscrews.com\/da\/pro-serien\/#breadcrumb","itemListElement":[{"@type":"ListItem","position":1,"name":"Home","item":"https:\/\/firstbasegroundscrews.com\/da\/"},{"@type":"ListItem","position":2,"name":"PRO-SERIEN"}]},{"@type":"WebSite","@id":"https:\/\/firstbasegroundscrews.com\/da\/#website","url":"https:\/\/firstbasegroundscrews.com\/da\/","name":"FIRST BASE Ground Screws","description":"High quality ground screws for solid foundations","potentialAction":[{"@type":"SearchAction","target":{"@type":"EntryPoint","urlTemplate":"https:\/\/firstbasegroundscrews.com\/da\/?s={search_term_string}"},"query-input":{"@type":"PropertyValueSpecification","valueRequired":true,"valueName":"search_term_string"}}],"inLanguage":"da-DK"}]}},"_links":{"self":[{"href":"https:\/\/firstbasegroundscrews.com\/da\/wp-json\/wp\/v2\/pages\/8383","targetHints":{"allow":["GET"]}}],"collection":[{"href":"https:\/\/firstbasegroundscrews.com\/da\/wp-json\/wp\/v2\/pages"}],"about":[{"href":"https:\/\/firstbasegroundscrews.com\/da\/wp-json\/wp\/v2\/types\/page"}],"author":[{"embeddable":true,"href":"https:\/\/firstbasegroundscrews.com\/da\/wp-json\/wp\/v2\/users\/1"}],"replies":[{"embeddable":true,"href":"https:\/\/firstbasegroundscrews.com\/da\/wp-json\/wp\/v2\/comments?post=8383"}],"version-history":[{"count":3,"href":"https:\/\/firstbasegroundscrews.com\/da\/wp-json\/wp\/v2\/pages\/8383\/revisions"}],"predecessor-version":[{"id":8937,"href":"https:\/\/firstbasegroundscrews.com\/da\/wp-json\/wp\/v2\/pages\/8383\/revisions\/8937"}],"wp:featuredmedia":[{"embeddable":true,"href":"https:\/\/firstbasegroundscrews.com\/da\/wp-json\/wp\/v2\/media\/4201"}],"wp:attachment":[{"href":"https:\/\/firstbasegroundscrews.com\/da\/wp-json\/wp\/v2\/media?parent=8383"}],"curies":[{"name":"wp","href":"https:\/\/api.w.org\/{rel}","templated":true}]}}