{"id":8380,"date":"2019-05-16T13:46:32","date_gmt":"2019-05-16T13:46:32","guid":{"rendered":"https:\/\/firstbasegroundscrews.com\/high-quality-ground-screws-for-solid-foundations\/"},"modified":"2026-04-20T13:29:20","modified_gmt":"2026-04-20T13:29:20","slug":"high-quality-ground-screws-for-solid-foundations","status":"publish","type":"page","link":"https:\/\/firstbasegroundscrews.com\/da\/","title":{"rendered":"Jordskruer af h\u00f8j kvalitet til solide fundamenter"},"content":{"rendered":"\n<h2 class=\"wp-block-heading\"><strong><strong>Hvorfor FIRST BASE jordskruer?<\/strong><\/strong><\/h2>\n\n\n\n<p>FIRST BASE er en engrosleverand\u00f8r af jordskruer og tilbeh\u00f8r, kombineret med intern geoteknisk ekspertise. Vi st\u00f8tter fagfolk med p\u00e5lidelige fundamentsl\u00f8sninger, uden brug af beton.<\/p>\n\n\n\n<p>Dine fordele:<\/p>\n\n\n\n<ul class=\"wp-block-list\">\n<li>Stort produktudvalg<\/li>\n\n\n\n<li>Hurtig levering fra lager<\/li>\n\n\n\n<li>Certificerede jordskruer med konsistent kvalitet<\/li>\n\n\n\n<li>B\u00e6reevneberegninger i henhold til Eurocodes<\/li>\n\n\n\n<li>\u00c9n partner for levering og teknisk support&nbsp;<\/li>\n<\/ul>\n\n\n\n<div class=\"wp-block-buttons is-layout-flex wp-block-buttons-is-layout-flex\">\n<div class=\"wp-block-button\"><a class=\"wp-block-button__link wp-element-button\" href=\"https:\/\/firstbasegroundscrews.com\/da\/kontakt\/\">Anmod om et tilbud<\/a><\/div>\n<\/div>\n\n\n\n<p><\/p>\n","protected":false},"excerpt":{"rendered":"Hvorfor FIRST BASE jordskruer? FIRST BASE er en engrosleverand\u00f8r af jordskruer og tilbeh\u00f8r, kombineret med intern geoteknisk ekspertise. Vi st\u00f8tter fagfolk med p\u00e5lidelige fundamentsl\u00f8sninger, uden brug af beton. Dine fordele:","protected":false},"author":1,"featured_media":4813,"parent":0,"menu_order":0,"comment_status":"closed","ping_status":"closed","template":"","meta":{"_acf_changed":false,"footnotes":""},"class_list":["post-8380","page","type-page","status-publish","has-post-thumbnail","hentry"],"acf":[],"yoast_head":"<!-- This site is optimized with the Yoast SEO plugin v27.3 - https:\/\/yoast.com\/product\/yoast-seo-wordpress\/ -->\n<title>FIRST BASE - Jordskruer af h\u00f8j kvalitet til solide fundamenter<\/title>\n<meta name=\"description\" content=\"FIRST BASE er en engrosleverand\u00f8r af jordskruer og tilbeh\u00f8r, kombineret med intern geoteknisk ekspertise.\" \/>\n<meta name=\"robots\" content=\"index, follow, max-snippet:-1, max-image-preview:large, max-video-preview:-1\" \/>\n<link rel=\"canonical\" href=\"https:\/\/firstbasegroundscrews.com\/da\/\" \/>\n<meta property=\"og:locale\" content=\"da_DK\" \/>\n<meta property=\"og:type\" content=\"article\" \/>\n<meta property=\"og:title\" content=\"FIRST BASE - Jordskruer af h\u00f8j kvalitet til solide fundamenter\" \/>\n<meta property=\"og:description\" content=\"FIRST BASE er en engrosleverand\u00f8r af jordskruer og tilbeh\u00f8r, kombineret med intern geoteknisk ekspertise.\" \/>\n<meta property=\"og:url\" content=\"https:\/\/firstbasegroundscrews.com\/da\/\" \/>\n<meta property=\"og:site_name\" content=\"FIRST BASE Ground Screws\" \/>\n<meta property=\"article:modified_time\" content=\"2026-04-20T13:29:20+00:00\" \/>\n<meta property=\"og:image\" content=\"https:\/\/firstbasegroundscrews.com\/wp-content\/uploads\/2020\/07\/FIRST-BASE-DO-IT-YOURSELF-scaled-e1594974702289.jpg\" \/>\n\t<meta property=\"og:image:width\" content=\"2105\" \/>\n\t<meta property=\"og:image:height\" content=\"1344\" \/>\n\t<meta property=\"og:image:type\" content=\"image\/jpeg\" \/>\n<meta name=\"twitter:card\" content=\"summary_large_image\" \/>\n<meta name=\"twitter:label1\" content=\"Estimeret l\u00e6setid\" \/>\n\t<meta name=\"twitter:data1\" content=\"1 minut\" \/>\n<script type=\"application\/ld+json\" class=\"yoast-schema-graph\">{\"@context\":\"https:\\\/\\\/schema.org\",\"@graph\":[{\"@type\":\"WebPage\",\"@id\":\"https:\\\/\\\/firstbasegroundscrews.com\\\/da\\\/\",\"url\":\"https:\\\/\\\/firstbasegroundscrews.com\\\/da\\\/\",\"name\":\"FIRST BASE - Jordskruer af h\u00f8j kvalitet til solide fundamenter\",\"isPartOf\":{\"@id\":\"https:\\\/\\\/firstbasegroundscrews.com\\\/da\\\/#website\"},\"primaryImageOfPage\":{\"@id\":\"https:\\\/\\\/firstbasegroundscrews.com\\\/da\\\/#primaryimage\"},\"image\":{\"@id\":\"https:\\\/\\\/firstbasegroundscrews.com\\\/da\\\/#primaryimage\"},\"thumbnailUrl\":\"https:\\\/\\\/firstbasegroundscrews.com\\\/wp-content\\\/uploads\\\/2020\\\/07\\\/FIRST-BASE-DO-IT-YOURSELF-scaled-e1594974702289.jpg\",\"datePublished\":\"2019-05-16T13:46:32+00:00\",\"dateModified\":\"2026-04-20T13:29:20+00:00\",\"description\":\"FIRST BASE er en engrosleverand\u00f8r af jordskruer og tilbeh\u00f8r, kombineret med intern geoteknisk ekspertise.\",\"breadcrumb\":{\"@id\":\"https:\\\/\\\/firstbasegroundscrews.com\\\/da\\\/#breadcrumb\"},\"inLanguage\":\"da-DK\",\"potentialAction\":[{\"@type\":\"ReadAction\",\"target\":[\"https:\\\/\\\/firstbasegroundscrews.com\\\/da\\\/\"]}]},{\"@type\":\"ImageObject\",\"inLanguage\":\"da-DK\",\"@id\":\"https:\\\/\\\/firstbasegroundscrews.com\\\/da\\\/#primaryimage\",\"url\":\"https:\\\/\\\/firstbasegroundscrews.com\\\/wp-content\\\/uploads\\\/2020\\\/07\\\/FIRST-BASE-DO-IT-YOURSELF-scaled-e1594974702289.jpg\",\"contentUrl\":\"https:\\\/\\\/firstbasegroundscrews.com\\\/wp-content\\\/uploads\\\/2020\\\/07\\\/FIRST-BASE-DO-IT-YOURSELF-scaled-e1594974702289.jpg\",\"width\":2105,\"height\":1344,\"caption\":\"Schroeffundamenten voor allerlei toepassingen.\"},{\"@type\":\"BreadcrumbList\",\"@id\":\"https:\\\/\\\/firstbasegroundscrews.com\\\/da\\\/#breadcrumb\",\"itemListElement\":[{\"@type\":\"ListItem\",\"position\":1,\"name\":\"Home\",\"item\":\"https:\\\/\\\/firstbasegroundscrews.com\\\/da\\\/\"},{\"@type\":\"ListItem\",\"position\":2,\"name\":\"Jordskruer af h\u00f8j kvalitet til solide fundamenter\"}]},{\"@type\":\"WebSite\",\"@id\":\"https:\\\/\\\/firstbasegroundscrews.com\\\/da\\\/#website\",\"url\":\"https:\\\/\\\/firstbasegroundscrews.com\\\/da\\\/\",\"name\":\"FIRST BASE Ground Screws\",\"description\":\"High quality ground screws for solid foundations\",\"potentialAction\":[{\"@type\":\"SearchAction\",\"target\":{\"@type\":\"EntryPoint\",\"urlTemplate\":\"https:\\\/\\\/firstbasegroundscrews.com\\\/da\\\/?s={search_term_string}\"},\"query-input\":{\"@type\":\"PropertyValueSpecification\",\"valueRequired\":true,\"valueName\":\"search_term_string\"}}],\"inLanguage\":\"da-DK\"}]}<\/script>\n<!-- \/ Yoast SEO plugin. -->","yoast_head_json":{"title":"FIRST BASE - Jordskruer af h\u00f8j kvalitet til solide fundamenter","description":"FIRST BASE er en engrosleverand\u00f8r af jordskruer og tilbeh\u00f8r, kombineret med intern geoteknisk ekspertise.","robots":{"index":"index","follow":"follow","max-snippet":"max-snippet:-1","max-image-preview":"max-image-preview:large","max-video-preview":"max-video-preview:-1"},"canonical":"https:\/\/firstbasegroundscrews.com\/da\/","og_locale":"da_DK","og_type":"article","og_title":"FIRST BASE - Jordskruer af h\u00f8j kvalitet til solide fundamenter","og_description":"FIRST BASE er en engrosleverand\u00f8r af jordskruer og tilbeh\u00f8r, kombineret med intern geoteknisk ekspertise.","og_url":"https:\/\/firstbasegroundscrews.com\/da\/","og_site_name":"FIRST BASE Ground Screws","article_modified_time":"2026-04-20T13:29:20+00:00","og_image":[{"width":2105,"height":1344,"url":"https:\/\/firstbasegroundscrews.com\/wp-content\/uploads\/2020\/07\/FIRST-BASE-DO-IT-YOURSELF-scaled-e1594974702289.jpg","type":"image\/jpeg"}],"twitter_card":"summary_large_image","twitter_misc":{"Estimeret l\u00e6setid":"1 minut"},"schema":{"@context":"https:\/\/schema.org","@graph":[{"@type":"WebPage","@id":"https:\/\/firstbasegroundscrews.com\/da\/","url":"https:\/\/firstbasegroundscrews.com\/da\/","name":"FIRST BASE - Jordskruer af h\u00f8j kvalitet til solide fundamenter","isPartOf":{"@id":"https:\/\/firstbasegroundscrews.com\/da\/#website"},"primaryImageOfPage":{"@id":"https:\/\/firstbasegroundscrews.com\/da\/#primaryimage"},"image":{"@id":"https:\/\/firstbasegroundscrews.com\/da\/#primaryimage"},"thumbnailUrl":"https:\/\/firstbasegroundscrews.com\/wp-content\/uploads\/2020\/07\/FIRST-BASE-DO-IT-YOURSELF-scaled-e1594974702289.jpg","datePublished":"2019-05-16T13:46:32+00:00","dateModified":"2026-04-20T13:29:20+00:00","description":"FIRST BASE er en engrosleverand\u00f8r af jordskruer og tilbeh\u00f8r, kombineret med intern geoteknisk ekspertise.","breadcrumb":{"@id":"https:\/\/firstbasegroundscrews.com\/da\/#breadcrumb"},"inLanguage":"da-DK","potentialAction":[{"@type":"ReadAction","target":["https:\/\/firstbasegroundscrews.com\/da\/"]}]},{"@type":"ImageObject","inLanguage":"da-DK","@id":"https:\/\/firstbasegroundscrews.com\/da\/#primaryimage","url":"https:\/\/firstbasegroundscrews.com\/wp-content\/uploads\/2020\/07\/FIRST-BASE-DO-IT-YOURSELF-scaled-e1594974702289.jpg","contentUrl":"https:\/\/firstbasegroundscrews.com\/wp-content\/uploads\/2020\/07\/FIRST-BASE-DO-IT-YOURSELF-scaled-e1594974702289.jpg","width":2105,"height":1344,"caption":"Schroeffundamenten voor allerlei toepassingen."},{"@type":"BreadcrumbList","@id":"https:\/\/firstbasegroundscrews.com\/da\/#breadcrumb","itemListElement":[{"@type":"ListItem","position":1,"name":"Home","item":"https:\/\/firstbasegroundscrews.com\/da\/"},{"@type":"ListItem","position":2,"name":"Jordskruer af h\u00f8j kvalitet til solide fundamenter"}]},{"@type":"WebSite","@id":"https:\/\/firstbasegroundscrews.com\/da\/#website","url":"https:\/\/firstbasegroundscrews.com\/da\/","name":"FIRST BASE Ground Screws","description":"High quality ground screws for solid foundations","potentialAction":[{"@type":"SearchAction","target":{"@type":"EntryPoint","urlTemplate":"https:\/\/firstbasegroundscrews.com\/da\/?s={search_term_string}"},"query-input":{"@type":"PropertyValueSpecification","valueRequired":true,"valueName":"search_term_string"}}],"inLanguage":"da-DK"}]}},"_links":{"self":[{"href":"https:\/\/firstbasegroundscrews.com\/da\/wp-json\/wp\/v2\/pages\/8380","targetHints":{"allow":["GET"]}}],"collection":[{"href":"https:\/\/firstbasegroundscrews.com\/da\/wp-json\/wp\/v2\/pages"}],"about":[{"href":"https:\/\/firstbasegroundscrews.com\/da\/wp-json\/wp\/v2\/types\/page"}],"author":[{"embeddable":true,"href":"https:\/\/firstbasegroundscrews.com\/da\/wp-json\/wp\/v2\/users\/1"}],"replies":[{"embeddable":true,"href":"https:\/\/firstbasegroundscrews.com\/da\/wp-json\/wp\/v2\/comments?post=8380"}],"version-history":[{"count":9,"href":"https:\/\/firstbasegroundscrews.com\/da\/wp-json\/wp\/v2\/pages\/8380\/revisions"}],"predecessor-version":[{"id":17528,"href":"https:\/\/firstbasegroundscrews.com\/da\/wp-json\/wp\/v2\/pages\/8380\/revisions\/17528"}],"wp:featuredmedia":[{"embeddable":true,"href":"https:\/\/firstbasegroundscrews.com\/da\/wp-json\/wp\/v2\/media\/4813"}],"wp:attachment":[{"href":"https:\/\/firstbasegroundscrews.com\/da\/wp-json\/wp\/v2\/media?parent=8380"}],"curies":[{"name":"wp","href":"https:\/\/api.w.org\/{rel}","templated":true}]}}