{"id":8373,"date":"2021-06-24T09:13:06","date_gmt":"2021-06-24T09:13:06","guid":{"rendered":"https:\/\/firstbasegroundscrews.com\/privacy-policy\/"},"modified":"2024-08-06T09:45:35","modified_gmt":"2024-08-06T09:45:35","slug":"privatlivspolitik","status":"publish","type":"page","link":"https:\/\/firstbasegroundscrews.com\/da\/privatlivspolitik\/","title":{"rendered":"PRIVATLIVSPOLITIK"},"content":{"rendered":"\n<p>Nedenst\u00e5ende privatlivspolitik g\u00e6lder for alle bes\u00f8g p\u00e5 hjemmesiden, transaktioner og aftaler med FIRST BASE Ground Screws International B.V. (i det f\u00f8lgende ben\u00e6vnt FIRST BASE Ground Screws), Liessentstraat 9a, 5405 AH Uden, Holland.<\/p>\n\n\n\n<h3 class=\"wp-block-heading\"><strong>Personlige data, som vi behandler<\/strong><\/h3>\n\n\n\n<p>FIRST BASE Ground Screws kan behandle dine personlige data, fordi du bruger FIRST BASE Ground Screws&#8217; tjenester, og\/eller fordi du deler dem ved at udfylde dine oplysninger p\u00e5 vores hjemmeside.<\/p>\n\n\n\n<p>De personoplysninger, der kan behandles hos FIRST BASE Ground Screws:<\/p>\n\n\n\n<ul class=\"wp-block-list\">\n<li>Dit for- og efternavn<\/li>\n\n\n\n<li>Din adresse<\/li>\n\n\n\n<li>Din bop\u00e6l<\/li>\n\n\n\n<li>Dit telefonnummer<\/li>\n\n\n\n<li>Din e-mailadresse<\/li>\n\n\n\n<li>Yderligere oplysninger, som er n\u00f8dvendige for den specifikke service, du \u00f8nsker at bruge.<\/li>\n<\/ul>\n\n\n\n<p>Disse oplysninger vil kun blive brugt af os til det beskrevne form\u00e5l.<\/p>\n\n\n\n<h3 class=\"wp-block-heading\"><strong>Hvad skal FIRST BASE Ground Screws bruge disse oplysninger til?<\/strong><\/h3>\n\n\n\n<p>FIRST BASE Ground Screws behandler dine personoplysninger for at kunne kontakte dig. B\u00e5de telefonisk og skriftligt (pr. e-mail og\/eller pr. post). Derudover kan FIRST BASE Ground Screws bruge dine persondata i forbindelse med udf\u00f8relse af en opgave, hvis du er indforst\u00e5et med det. Normalt best\u00e5ende af teknisk relaterede tjenester.<\/p>\n\n\n\n<h3 class=\"wp-block-heading\"><strong>Hvor l\u00e6nge FIRST BASE Ground Screws gemmer dine data<\/strong><\/h3>\n\n\n\n<p>Personoplysninger m\u00e5 ikke opbevares l\u00e6ngere end n\u00f8dvendigt. Opbevaringsperioden afh\u00e6nger af det form\u00e5l, hvortil vi modtog eller indsamlede dataene, og af eventuelle juridiske forpligtelser til at opbevare data. Hvis du har sp\u00f8rgsm\u00e5l om dette, kan du kontakte&nbsp;<a href=\"mailto:info@firstbasegroundscrews.dk\">info@firstbasegroundscrews.dk<\/a>.<\/p>\n\n\n\n<h3 class=\"wp-block-heading\"><strong>Deling med tredjeparter<\/strong><\/h3>\n\n\n\n<p>Vi deler dine personoplysninger med forretningspartnere og tredjeparter, hvis det er n\u00f8dvendigt for at opfylde aftalen og for at overholde en eventuel juridisk forpligtelse. I nogle andre tilf\u00e6lde giver vi ogs\u00e5 dine personlige data til tredjeparter, men vi g\u00f8r det kun med din tilladelse.<\/p>\n\n\n\n<p>Vi indg\u00e5r en behandlingsaftale med virksomheder, der behandler dine data p\u00e5 vores vegne for at garantere det samme sikkerhedsniveau og for at beskytte fortroligheden af dine data. Vi er fortsat ansvarlige for disse operationer.<\/p>\n\n\n\n<h3 class=\"wp-block-heading\">Google Analytics<\/h3>\n\n\n\n<p>FIRST BASE Ground Screws bruger Google Analytics til at kortl\u00e6gge brugernes adf\u00e6rd og til at se, hvordan vi kan forbedre hjemmesiden. De indhentede oplysninger, uden adressen p\u00e5 din computer (IP-adressen er anonymiseret), krypteres og overf\u00f8res til Google via en sikker forbindelse, og gemmes af Google p\u00e5 servere i USA. For mere information om privatlivspolitikken, bes\u00f8g venligst <a href=\"https:\/\/policies.google.com\/privacy\">Googles hjemmeside<\/a>.<\/p>\n\n\n\n<p>Google bruger disse oplysninger til at holde styr p\u00e5, hvordan vores hjemmeside bliver brugt, til at levere rapporter om FIRST BASE Ground Screws hjemmeside og til at give annonc\u00f8rer indsigt i effektiviteten af kampagner. Datadeling med Google er blevet deaktiveret. Som f\u00f8lge heraf har Google ikke l\u00e6ngere adgang til data. FIRST BASE Ground Screws har ikke givet Google tilladelse til at bruge Analytics-oplysninger indhentet via FIRST BASE Ground Screws til andre Google-tjenester.<\/p>\n\n\n\n<h3 class=\"wp-block-heading\">Cookies<\/h3>\n\n\n\n<p>Cookies er sm\u00e5 tekstfiler, som gemmes i browseren eller p\u00e5 harddisken p\u00e5 din mobile enhed eller computer, n\u00e5r du bes\u00f8ger en webside. De kan indeholde anonyme unikke identifikatorer. FIRST BASE Ground Screws kan bruge cookies til at: m\u00e5le, hvordan hjemmesiden bruges, give dig personlig information, m\u00e5le data til markedsf\u00f8ringsform\u00e5l.<\/p>\n\n\n\n<p>Sporingsteknologier, der bruges, er Facebook Pixel, Conversion API (direkte information fra din server) og\/eller scripts til at forbedre og analysere vores service og markedsf\u00f8ringsform\u00e5l. Du kan instruere din browser i at afvise alle cookies. Ved at bruge vores hjemmeside giver du FIRST BASE Ground Screws tilladelse til at bruge disse sporingsteknologier.<\/p>\n\n\n\n<p><\/p>\n\n\n\n<h3 class=\"wp-block-heading\"><strong>Se, juster eller slet data<\/strong><\/h3>\n\n\n\n<p>Bes\u00f8gende p\u00e5 FIRST BASE Ground Screws hjemmeside har ret til at se deres egne personlige data, eller til at rette dem eller f\u00e5 dem fjernet. En anmodning om adgang, rettelse eller sletning kan sendes til info@firstbasegroundscrews.com. Vi vil svare p\u00e5 dette inden for 14 dage.<\/p>\n\n\n\n<h3 class=\"wp-block-heading\"><strong>S\u00e5dan sikrer FIRST BASE Ground Screws personlige data<\/strong><\/h3>\n\n\n\n<p>Vi tager beskyttelsen af dine data alvorligt. Og sikrer passende foranstaltninger for at forhindre misbrug, uautoriseret adgang og andre forhold. For eksempel er FIRST BASE Ground Screws hjemmeside forsynet med et SSL-certifikat. Det betyder, at al trafik foreg\u00e5r via en sikker forbindelse. Hvis du f\u00f8ler, at dine data ikke er ordentligt sikret, bedes du kontakte&nbsp;<a href=\"mailto:info@firstbasegroundscrews.dk\">info@firstbasegroundscrews.dk<\/a>.<\/p>\n\n\n\n<h3 class=\"wp-block-heading\"><strong>Kontakt<\/strong><\/h3>\n\n\n\n<p>www.firstbasegroundscrews.dk er en hjemmeside for FIRST BASE Ground Screws.<\/p>\n\n\n\n<p><strong>FIRST BASE Ground Screws kan n\u00e5s ved hj\u00e6lp af f\u00f8lgende oplysninger:<\/strong><br><strong>Forretningsadresse:<\/strong> Liessentstraat 9a, 5405 AH Uden<br><strong>Hollandsk handelskammers nummer:<\/strong> 78743168<br><strong>Telefon nummer:<\/strong> +31 413 700 133<br><strong>E-mail adresse:<\/strong> <a href=\"mailto:info@firstbasegroundscrews.dk\">info@firstbasegroundscrews.dk<\/a><\/p>\n\n\n\n<style>\n.page-template-default main::after{display:none !important;}\n<\/style>\n","protected":false},"excerpt":{"rendered":"Nedenst\u00e5ende privatlivspolitik g\u00e6lder for alle bes\u00f8g p\u00e5 hjemmesiden, transaktioner og aftaler med FIRST BASE Ground Screws International B.V. (i det f\u00f8lgende ben\u00e6vnt FIRST BASE Ground Screws), Liessentstraat 9a, 5405 AH Uden, Holland. Personlige data, som vi behandler FIRST BASE Ground Screws kan behandle dine personlige data, fordi du bruger FIRST BASE Ground Screws&#8217; tjenester, og\/eller [&hellip;]","protected":false},"author":1,"featured_media":4177,"parent":0,"menu_order":0,"comment_status":"closed","ping_status":"closed","template":"","meta":{"_acf_changed":false,"footnotes":""},"class_list":["post-8373","page","type-page","status-publish","has-post-thumbnail","hentry"],"acf":[],"yoast_head":"<!-- This site is optimized with the Yoast SEO plugin v27.3 - https:\/\/yoast.com\/product\/yoast-seo-wordpress\/ -->\n<title>PRIVATLIVSPOLITIK - FIRST BASE Ground Screws<\/title>\n<meta name=\"description\" content=\"The privacy policy below applies to all website visits, transactions and agreements with FIRST BASE Ground Screws International B.V.\" \/>\n<meta name=\"robots\" content=\"index, follow, max-snippet:-1, max-image-preview:large, max-video-preview:-1\" \/>\n<link rel=\"canonical\" href=\"https:\/\/firstbasegroundscrews.com\/da\/privatlivspolitik\/\" \/>\n<meta property=\"og:locale\" content=\"da_DK\" \/>\n<meta property=\"og:type\" content=\"article\" \/>\n<meta property=\"og:title\" content=\"PRIVATLIVSPOLITIK - FIRST BASE Ground Screws\" \/>\n<meta property=\"og:description\" content=\"The privacy policy below applies to all website visits, transactions and agreements with FIRST BASE Ground Screws International B.V.\" \/>\n<meta property=\"og:url\" content=\"https:\/\/firstbasegroundscrews.com\/da\/privatlivspolitik\/\" \/>\n<meta property=\"og:site_name\" content=\"FIRST BASE Ground Screws\" \/>\n<meta property=\"article:modified_time\" content=\"2024-08-06T09:45:35+00:00\" \/>\n<meta property=\"og:image\" content=\"https:\/\/firstbasegroundscrews.com\/wp-content\/uploads\/2019\/07\/header-construction-1.jpg\" \/>\n\t<meta property=\"og:image:width\" content=\"1920\" \/>\n\t<meta property=\"og:image:height\" content=\"680\" \/>\n\t<meta property=\"og:image:type\" content=\"image\/jpeg\" \/>\n<meta name=\"twitter:card\" content=\"summary_large_image\" \/>\n<meta name=\"twitter:label1\" content=\"Estimeret l\u00e6setid\" \/>\n\t<meta name=\"twitter:data1\" content=\"4 minutter\" \/>\n<script type=\"application\/ld+json\" class=\"yoast-schema-graph\">{\"@context\":\"https:\\\/\\\/schema.org\",\"@graph\":[{\"@type\":\"WebPage\",\"@id\":\"https:\\\/\\\/firstbasegroundscrews.com\\\/da\\\/privatlivspolitik\\\/\",\"url\":\"https:\\\/\\\/firstbasegroundscrews.com\\\/da\\\/privatlivspolitik\\\/\",\"name\":\"PRIVATLIVSPOLITIK - FIRST BASE Ground Screws\",\"isPartOf\":{\"@id\":\"https:\\\/\\\/firstbasegroundscrews.com\\\/da\\\/#website\"},\"primaryImageOfPage\":{\"@id\":\"https:\\\/\\\/firstbasegroundscrews.com\\\/da\\\/privatlivspolitik\\\/#primaryimage\"},\"image\":{\"@id\":\"https:\\\/\\\/firstbasegroundscrews.com\\\/da\\\/privatlivspolitik\\\/#primaryimage\"},\"thumbnailUrl\":\"https:\\\/\\\/firstbasegroundscrews.com\\\/wp-content\\\/uploads\\\/2019\\\/07\\\/header-construction-1.jpg\",\"datePublished\":\"2021-06-24T09:13:06+00:00\",\"dateModified\":\"2024-08-06T09:45:35+00:00\",\"description\":\"The privacy policy below applies to all website visits, transactions and agreements with FIRST BASE Ground Screws International B.V.\",\"breadcrumb\":{\"@id\":\"https:\\\/\\\/firstbasegroundscrews.com\\\/da\\\/privatlivspolitik\\\/#breadcrumb\"},\"inLanguage\":\"da-DK\",\"potentialAction\":[{\"@type\":\"ReadAction\",\"target\":[\"https:\\\/\\\/firstbasegroundscrews.com\\\/da\\\/privatlivspolitik\\\/\"]}]},{\"@type\":\"ImageObject\",\"inLanguage\":\"da-DK\",\"@id\":\"https:\\\/\\\/firstbasegroundscrews.com\\\/da\\\/privatlivspolitik\\\/#primaryimage\",\"url\":\"https:\\\/\\\/firstbasegroundscrews.com\\\/wp-content\\\/uploads\\\/2019\\\/07\\\/header-construction-1.jpg\",\"contentUrl\":\"https:\\\/\\\/firstbasegroundscrews.com\\\/wp-content\\\/uploads\\\/2019\\\/07\\\/header-construction-1.jpg\",\"width\":1920,\"height\":680},{\"@type\":\"BreadcrumbList\",\"@id\":\"https:\\\/\\\/firstbasegroundscrews.com\\\/da\\\/privatlivspolitik\\\/#breadcrumb\",\"itemListElement\":[{\"@type\":\"ListItem\",\"position\":1,\"name\":\"Home\",\"item\":\"https:\\\/\\\/firstbasegroundscrews.com\\\/da\\\/\"},{\"@type\":\"ListItem\",\"position\":2,\"name\":\"PRIVATLIVSPOLITIK\"}]},{\"@type\":\"WebSite\",\"@id\":\"https:\\\/\\\/firstbasegroundscrews.com\\\/da\\\/#website\",\"url\":\"https:\\\/\\\/firstbasegroundscrews.com\\\/da\\\/\",\"name\":\"FIRST BASE Ground Screws\",\"description\":\"High quality ground screws for solid foundations\",\"potentialAction\":[{\"@type\":\"SearchAction\",\"target\":{\"@type\":\"EntryPoint\",\"urlTemplate\":\"https:\\\/\\\/firstbasegroundscrews.com\\\/da\\\/?s={search_term_string}\"},\"query-input\":{\"@type\":\"PropertyValueSpecification\",\"valueRequired\":true,\"valueName\":\"search_term_string\"}}],\"inLanguage\":\"da-DK\"}]}<\/script>\n<!-- \/ Yoast SEO plugin. -->","yoast_head_json":{"title":"PRIVATLIVSPOLITIK - FIRST BASE Ground Screws","description":"The privacy policy below applies to all website visits, transactions and agreements with FIRST BASE Ground Screws International B.V.","robots":{"index":"index","follow":"follow","max-snippet":"max-snippet:-1","max-image-preview":"max-image-preview:large","max-video-preview":"max-video-preview:-1"},"canonical":"https:\/\/firstbasegroundscrews.com\/da\/privatlivspolitik\/","og_locale":"da_DK","og_type":"article","og_title":"PRIVATLIVSPOLITIK - FIRST BASE Ground Screws","og_description":"The privacy policy below applies to all website visits, transactions and agreements with FIRST BASE Ground Screws International B.V.","og_url":"https:\/\/firstbasegroundscrews.com\/da\/privatlivspolitik\/","og_site_name":"FIRST BASE Ground Screws","article_modified_time":"2024-08-06T09:45:35+00:00","og_image":[{"width":1920,"height":680,"url":"https:\/\/firstbasegroundscrews.com\/wp-content\/uploads\/2019\/07\/header-construction-1.jpg","type":"image\/jpeg"}],"twitter_card":"summary_large_image","twitter_misc":{"Estimeret l\u00e6setid":"4 minutter"},"schema":{"@context":"https:\/\/schema.org","@graph":[{"@type":"WebPage","@id":"https:\/\/firstbasegroundscrews.com\/da\/privatlivspolitik\/","url":"https:\/\/firstbasegroundscrews.com\/da\/privatlivspolitik\/","name":"PRIVATLIVSPOLITIK - FIRST BASE Ground Screws","isPartOf":{"@id":"https:\/\/firstbasegroundscrews.com\/da\/#website"},"primaryImageOfPage":{"@id":"https:\/\/firstbasegroundscrews.com\/da\/privatlivspolitik\/#primaryimage"},"image":{"@id":"https:\/\/firstbasegroundscrews.com\/da\/privatlivspolitik\/#primaryimage"},"thumbnailUrl":"https:\/\/firstbasegroundscrews.com\/wp-content\/uploads\/2019\/07\/header-construction-1.jpg","datePublished":"2021-06-24T09:13:06+00:00","dateModified":"2024-08-06T09:45:35+00:00","description":"The privacy policy below applies to all website visits, transactions and agreements with FIRST BASE Ground Screws International B.V.","breadcrumb":{"@id":"https:\/\/firstbasegroundscrews.com\/da\/privatlivspolitik\/#breadcrumb"},"inLanguage":"da-DK","potentialAction":[{"@type":"ReadAction","target":["https:\/\/firstbasegroundscrews.com\/da\/privatlivspolitik\/"]}]},{"@type":"ImageObject","inLanguage":"da-DK","@id":"https:\/\/firstbasegroundscrews.com\/da\/privatlivspolitik\/#primaryimage","url":"https:\/\/firstbasegroundscrews.com\/wp-content\/uploads\/2019\/07\/header-construction-1.jpg","contentUrl":"https:\/\/firstbasegroundscrews.com\/wp-content\/uploads\/2019\/07\/header-construction-1.jpg","width":1920,"height":680},{"@type":"BreadcrumbList","@id":"https:\/\/firstbasegroundscrews.com\/da\/privatlivspolitik\/#breadcrumb","itemListElement":[{"@type":"ListItem","position":1,"name":"Home","item":"https:\/\/firstbasegroundscrews.com\/da\/"},{"@type":"ListItem","position":2,"name":"PRIVATLIVSPOLITIK"}]},{"@type":"WebSite","@id":"https:\/\/firstbasegroundscrews.com\/da\/#website","url":"https:\/\/firstbasegroundscrews.com\/da\/","name":"FIRST BASE Ground Screws","description":"High quality ground screws for solid foundations","potentialAction":[{"@type":"SearchAction","target":{"@type":"EntryPoint","urlTemplate":"https:\/\/firstbasegroundscrews.com\/da\/?s={search_term_string}"},"query-input":{"@type":"PropertyValueSpecification","valueRequired":true,"valueName":"search_term_string"}}],"inLanguage":"da-DK"}]}},"_links":{"self":[{"href":"https:\/\/firstbasegroundscrews.com\/da\/wp-json\/wp\/v2\/pages\/8373","targetHints":{"allow":["GET"]}}],"collection":[{"href":"https:\/\/firstbasegroundscrews.com\/da\/wp-json\/wp\/v2\/pages"}],"about":[{"href":"https:\/\/firstbasegroundscrews.com\/da\/wp-json\/wp\/v2\/types\/page"}],"author":[{"embeddable":true,"href":"https:\/\/firstbasegroundscrews.com\/da\/wp-json\/wp\/v2\/users\/1"}],"replies":[{"embeddable":true,"href":"https:\/\/firstbasegroundscrews.com\/da\/wp-json\/wp\/v2\/comments?post=8373"}],"version-history":[{"count":1,"href":"https:\/\/firstbasegroundscrews.com\/da\/wp-json\/wp\/v2\/pages\/8373\/revisions"}],"predecessor-version":[{"id":8374,"href":"https:\/\/firstbasegroundscrews.com\/da\/wp-json\/wp\/v2\/pages\/8373\/revisions\/8374"}],"wp:featuredmedia":[{"embeddable":true,"href":"https:\/\/firstbasegroundscrews.com\/da\/wp-json\/wp\/v2\/media\/4177"}],"wp:attachment":[{"href":"https:\/\/firstbasegroundscrews.com\/da\/wp-json\/wp\/v2\/media?parent=8373"}],"curies":[{"name":"wp","href":"https:\/\/api.w.org\/{rel}","templated":true}]}}