{"id":13524,"date":"2025-09-22T07:14:41","date_gmt":"2025-09-22T07:14:41","guid":{"rendered":"https:\/\/firstbasegroundscrews.com\/?page_id=13524"},"modified":"2025-09-22T10:07:56","modified_gmt":"2025-09-22T10:07:56","slug":"bess-systemer","status":"publish","type":"page","link":"https:\/\/firstbasegroundscrews.com\/da\/jordmonterede-solpaneler\/bess-systemer\/","title":{"rendered":"BESS-systemer"},"content":{"rendered":"\n<h2 class=\"wp-block-heading\">Konstruktionsl\u00f8sninger med jordskruer til p\u00e5lidelige batteri energilagringssystemer<\/h2>\n\n\n\n<p>FIRST BASE Ground Screws leverer dokumenteret jordskrueteknologi, der er skr\u00e6ddersyet til BESS-installationer. Det giver et solidt, vibrationsfrit fundament, der underst\u00f8tter den kritiske infrastruktur af dine energilagringsaktiver.<\/p>\n\n\n\n<div style=\"height:8rem\" aria-hidden=\"true\" class=\"wp-block-spacer\"><\/div>\n\n\n<div class=\"fb-image-floating-text fb-image-floating-text--align-left\" style=\"background-color: #d4d4d4;\">\n  <img loading=\"lazy\" decoding=\"async\" width=\"700\" height=\"411\" src=\"https:\/\/firstbasegroundscrews.com\/wp-content\/uploads\/2025\/09\/FIRST25107-BESS-3-luik-A5-FINAL-700x411.jpeg\" class=\"fb-image-floating-text__image\" alt=\"\" srcset=\"https:\/\/firstbasegroundscrews.com\/wp-content\/uploads\/2025\/09\/FIRST25107-BESS-3-luik-A5-FINAL-700x411.jpeg 700w, https:\/\/firstbasegroundscrews.com\/wp-content\/uploads\/2025\/09\/FIRST25107-BESS-3-luik-A5-FINAL-250x147.jpeg 250w, https:\/\/firstbasegroundscrews.com\/wp-content\/uploads\/2025\/09\/FIRST25107-BESS-3-luik-A5-FINAL-768x450.jpeg 768w, https:\/\/firstbasegroundscrews.com\/wp-content\/uploads\/2025\/09\/FIRST25107-BESS-3-luik-A5-FINAL-1536x901.jpeg 1536w, https:\/\/firstbasegroundscrews.com\/wp-content\/uploads\/2025\/09\/FIRST25107-BESS-3-luik-A5-FINAL-400x235.jpeg 400w, https:\/\/firstbasegroundscrews.com\/wp-content\/uploads\/2025\/09\/FIRST25107-BESS-3-luik-A5-FINAL-120x70.jpeg 120w, https:\/\/firstbasegroundscrews.com\/wp-content\/uploads\/2025\/09\/FIRST25107-BESS-3-luik-A5-FINAL-341x200.jpeg 341w, https:\/\/firstbasegroundscrews.com\/wp-content\/uploads\/2025\/09\/FIRST25107-BESS-3-luik-A5-FINAL.jpeg 1734w\" sizes=\"auto, (max-width: 700px) 100vw, 700px\" \/>\n  <div class=\"fb-image-floating-text__content-wrapper\">\n    <div class=\"fb-image-floating-text__content-wrapper-inner\">\n      <div class=\"fb-image-floating-text__content\">\n        <h3 class=\"wp-block-heading\">Designet til <strong>Dynamiske og tunge laster<\/strong><\/h3>\n<p><!-- \/wp:heading --> <!-- wp:paragraph --><\/p>\n<p>Vores jordskruerfundamenter er designet til at underst\u00f8tte v\u00e6gten og de operationelle belastninger af BESS-udstyr, herunder termisk udvidelse og mekaniske vibrationer.<\/p>\n\n      <\/div>\n    <\/div>\n  <\/div>\n<\/div>\n\n\n<div style=\"height:8rem\" aria-hidden=\"true\" class=\"wp-block-spacer\"><\/div>\n\n\n\n<h3 class=\"wp-block-heading\">Hurtig, ren og lavp\u00e5virket installation<\/h3>\n\n\n\n<p>Ingen beton er n\u00f8dvendig. Installationen er hurtig, pr\u00e6cis og milj\u00f8venlig \u2013 ideel til steder med begr\u00e6nset adgang eller f\u00f8lsomme jordforhold.<\/p>\n\n\n\n<div style=\"height:8rem\" aria-hidden=\"true\" class=\"wp-block-spacer\"><\/div>\n\n\n<div class=\"fb-image-floating-text fb-image-floating-text--align-right\" style=\"background-color: #d4d4d4;\">\n  <img loading=\"lazy\" decoding=\"async\" width=\"700\" height=\"440\" src=\"https:\/\/firstbasegroundscrews.com\/wp-content\/uploads\/2025\/09\/DP250-BEss-700x440.jpeg\" class=\"fb-image-floating-text__image\" alt=\"\" srcset=\"https:\/\/firstbasegroundscrews.com\/wp-content\/uploads\/2025\/09\/DP250-BEss-700x440.jpeg 700w, https:\/\/firstbasegroundscrews.com\/wp-content\/uploads\/2025\/09\/DP250-BEss-250x157.jpeg 250w, https:\/\/firstbasegroundscrews.com\/wp-content\/uploads\/2025\/09\/DP250-BEss-768x483.jpeg 768w, https:\/\/firstbasegroundscrews.com\/wp-content\/uploads\/2025\/09\/DP250-BEss-1536x965.jpeg 1536w, https:\/\/firstbasegroundscrews.com\/wp-content\/uploads\/2025\/09\/DP250-BEss-400x251.jpeg 400w, https:\/\/firstbasegroundscrews.com\/wp-content\/uploads\/2025\/09\/DP250-BEss-120x75.jpeg 120w, https:\/\/firstbasegroundscrews.com\/wp-content\/uploads\/2025\/09\/DP250-BEss-318x200.jpeg 318w, https:\/\/firstbasegroundscrews.com\/wp-content\/uploads\/2025\/09\/DP250-BEss-1719x1080.jpeg 1719w, https:\/\/firstbasegroundscrews.com\/wp-content\/uploads\/2025\/09\/DP250-BEss.jpeg 1884w\" sizes=\"auto, (max-width: 700px) 100vw, 700px\" \/>\n  <div class=\"fb-image-floating-text__content-wrapper\">\n    <div class=\"fb-image-floating-text__content-wrapper-inner\">\n      <div class=\"fb-image-floating-text__content\">\n        <h3 class=\"wp-block-heading\"><strong>Bekr\u00e6ftet pr\u00e6station<\/strong> p\u00e5 stedet<\/h3>\n<p><!-- \/wp:heading --> <!-- wp:paragraph --><\/p>\n<p>Vore <a href=\"https:\/\/firstbasegroundscrews.com\/machines\/pull-testkit-tp-60\/\">TP60<\/a> og <a href=\"https:\/\/firstbasegroundscrews.com\/machines\/dp250-pressure-test-installation\/\">DP250<\/a> testkits giver mulighed for \u00f8jeblikkelige, on-site belastningstests for at bekr\u00e6fte fundamentets kapacitet og sikre overensstemmelse med design-specifikationerne.<!-- wp:spacer {\"height\":\"8rem\"} --><\/p>\n<div class=\"wp-block-spacer\" aria-hidden=\"true\"><\/div>\n\n      <\/div>\n    <\/div>\n  <\/div>\n<\/div>\n\n\n<div style=\"height:8rem\" aria-hidden=\"true\" class=\"wp-block-spacer\"><\/div>\n\n\n\n<h3 class=\"wp-block-heading\">Tilpasningsdygtig til udfordrende terr\u00e6n<\/h3>\n\n\n\n<p>Let at installere p\u00e5 skr\u00e5nende eller uj\u00e6vnt terr\u00e6n uden gravearbejde eller dyre jordearbejder.<\/p>\n\n\n\n<h3 class=\"wp-block-heading\">Certificeret kvalitet<\/h3>\n\n\n\n<p>Fremstillet efter EN 1090-standarder, hvilket sikrer konsekvent produktkvalitet og strukturel integritet.<\/p>\n\n\n\n<div style=\"height:8rem\" aria-hidden=\"true\" class=\"wp-block-spacer\"><\/div>\n\n\n<div class=\"fb-image-floating-text fb-image-floating-text--align-left\" style=\"background-color: #d4d4d4;\">\n  <img loading=\"lazy\" decoding=\"async\" width=\"700\" height=\"724\" src=\"https:\/\/firstbasegroundscrews.com\/wp-content\/uploads\/2025\/09\/M800-Bess-700x724.jpeg\" class=\"fb-image-floating-text__image\" alt=\"\" srcset=\"https:\/\/firstbasegroundscrews.com\/wp-content\/uploads\/2025\/09\/M800-Bess-700x724.jpeg 700w, https:\/\/firstbasegroundscrews.com\/wp-content\/uploads\/2025\/09\/M800-Bess-250x259.jpeg 250w, https:\/\/firstbasegroundscrews.com\/wp-content\/uploads\/2025\/09\/M800-Bess-387x400.jpeg 387w, https:\/\/firstbasegroundscrews.com\/wp-content\/uploads\/2025\/09\/M800-Bess-120x124.jpeg 120w, https:\/\/firstbasegroundscrews.com\/wp-content\/uploads\/2025\/09\/M800-Bess-193x200.jpeg 193w, https:\/\/firstbasegroundscrews.com\/wp-content\/uploads\/2025\/09\/M800-Bess.jpeg 753w\" sizes=\"auto, (max-width: 700px) 100vw, 700px\" \/>\n  <div class=\"fb-image-floating-text__content-wrapper\">\n    <div class=\"fb-image-floating-text__content-wrapper-inner\">\n      <div class=\"fb-image-floating-text__content\">\n        <h3 class=\"wp-block-heading\"><!-- wp:heading {\"level\":3} --><\/h3>\n<h3 class=\"wp-block-heading\">Bygget til BESS<\/h3>\n<h3 class=\"wp-block-heading\"><!-- \/wp:heading --> <!-- wp:paragraph --><\/h3>\n<p>Med 12.000 Nm drejningsmoment installerer <a href=\"https:\/\/firstbasegroundscrews.com\/machines\/hydraulic-machine-model-800\/\">M800<\/a> tunge jordskruer hurtigt og pr\u00e6cist. Perfekt til BESS fundamentbelastninger.<!-- wp:spacer {\"height\":\"8rem\"} --><\/p>\n<div class=\"wp-block-spacer\" aria-hidden=\"true\"><\/div>\n<p><!-- \/wp:spacer --><\/p>\n\n      <\/div>\n    <\/div>\n  <\/div>\n<\/div>\n\n\n<div style=\"height:8rem\" aria-hidden=\"true\" class=\"wp-block-spacer\"><\/div>\n\n\n\n<h3 class=\"wp-block-heading\">\u00d8jeblikkelig montering af BESS-enheder<\/h3>\n\n\n\n<p>N\u00e5r jordskruerne er p\u00e5 plads, kan dine BESS-containere monteres med det samme.<\/p>\n\n\n\n<div class=\"wp-block-group is-nowrap is-layout-flex wp-container-core-group-is-layout-ad2f72ca wp-block-group-is-layout-flex\"><\/div>\n\n\n\n<h3 class=\"wp-block-heading\"><\/h3>\n\n\n\n<h3 class=\"wp-block-heading\"><\/h3>\n","protected":false},"excerpt":{"rendered":"Batteri-energilagringssystemer (BESS) kr\u00e6ver fundamenter, der kombinerer h\u00f8j belastningsevne og hurtig installation.","protected":false},"author":1,"featured_media":13443,"parent":8411,"menu_order":0,"comment_status":"closed","ping_status":"closed","template":"templates\/page_new-landing.php","meta":{"_acf_changed":false,"footnotes":""},"class_list":["post-13524","page","type-page","status-publish","has-post-thumbnail","hentry"],"acf":[],"yoast_head":"<!-- This site is optimized with the Yoast SEO plugin v27.3 - https:\/\/yoast.com\/product\/yoast-seo-wordpress\/ -->\n<title>BESS-systemer - FIRST BASE Ground Screws<\/title>\n<meta name=\"description\" content=\"Batteri-energilagringssystemer (BESS) kr\u00e6ver fundamenter, der kombinerer h\u00f8j belastningsevne og hurtig installation. FIRST BASE Ground Screws leverer dokumenteret grundskrue-teknologi, der er skr\u00e6ddersyet til BESS-installationer. Det giver et solidt, vibrationsfrit fundament, der underst\u00f8tter den kritiske infrastruktur for dine energilagringsaktiver.\" \/>\n<meta name=\"robots\" content=\"index, follow, max-snippet:-1, max-image-preview:large, max-video-preview:-1\" \/>\n<link rel=\"canonical\" href=\"https:\/\/firstbasegroundscrews.com\/da\/jordmonterede-solpaneler\/bess-systemer\/\" \/>\n<meta property=\"og:locale\" content=\"da_DK\" \/>\n<meta property=\"og:type\" content=\"article\" \/>\n<meta property=\"og:title\" content=\"BESS-systemer - FIRST BASE Ground Screws\" \/>\n<meta property=\"og:description\" content=\"Batteri-energilagringssystemer (BESS) kr\u00e6ver fundamenter, der kombinerer h\u00f8j belastningsevne og hurtig installation. FIRST BASE Ground Screws leverer dokumenteret grundskrue-teknologi, der er skr\u00e6ddersyet til BESS-installationer. Det giver et solidt, vibrationsfrit fundament, der underst\u00f8tter den kritiske infrastruktur for dine energilagringsaktiver.\" \/>\n<meta property=\"og:url\" content=\"https:\/\/firstbasegroundscrews.com\/da\/jordmonterede-solpaneler\/bess-systemer\/\" \/>\n<meta property=\"og:site_name\" content=\"FIRST BASE Ground Screws\" \/>\n<meta property=\"article:modified_time\" content=\"2025-09-22T10:07:56+00:00\" \/>\n<meta property=\"og:image\" content=\"https:\/\/firstbasegroundscrews.com\/wp-content\/uploads\/2025\/09\/BESS-System-LR-scaled.jpg\" \/>\n\t<meta property=\"og:image:width\" content=\"2560\" \/>\n\t<meta property=\"og:image:height\" content=\"1440\" \/>\n\t<meta property=\"og:image:type\" content=\"image\/jpeg\" \/>\n<meta name=\"twitter:card\" content=\"summary_large_image\" \/>\n<meta name=\"twitter:label1\" content=\"Estimeret l\u00e6setid\" \/>\n\t<meta name=\"twitter:data1\" content=\"1 minut\" \/>\n<script type=\"application\/ld+json\" class=\"yoast-schema-graph\">{\"@context\":\"https:\\\/\\\/schema.org\",\"@graph\":[{\"@type\":\"WebPage\",\"@id\":\"https:\\\/\\\/firstbasegroundscrews.com\\\/da\\\/jordmonterede-solpaneler\\\/bess-systemer\\\/\",\"url\":\"https:\\\/\\\/firstbasegroundscrews.com\\\/da\\\/jordmonterede-solpaneler\\\/bess-systemer\\\/\",\"name\":\"BESS-systemer - FIRST BASE Ground Screws\",\"isPartOf\":{\"@id\":\"https:\\\/\\\/firstbasegroundscrews.com\\\/da\\\/#website\"},\"primaryImageOfPage\":{\"@id\":\"https:\\\/\\\/firstbasegroundscrews.com\\\/da\\\/jordmonterede-solpaneler\\\/bess-systemer\\\/#primaryimage\"},\"image\":{\"@id\":\"https:\\\/\\\/firstbasegroundscrews.com\\\/da\\\/jordmonterede-solpaneler\\\/bess-systemer\\\/#primaryimage\"},\"thumbnailUrl\":\"https:\\\/\\\/firstbasegroundscrews.com\\\/wp-content\\\/uploads\\\/2025\\\/09\\\/BESS-System-LR-scaled.jpg\",\"datePublished\":\"2025-09-22T07:14:41+00:00\",\"dateModified\":\"2025-09-22T10:07:56+00:00\",\"description\":\"Batteri-energilagringssystemer (BESS) kr\u00e6ver fundamenter, der kombinerer h\u00f8j belastningsevne og hurtig installation. FIRST BASE Ground Screws leverer dokumenteret grundskrue-teknologi, der er skr\u00e6ddersyet til BESS-installationer. Det giver et solidt, vibrationsfrit fundament, der underst\u00f8tter den kritiske infrastruktur for dine energilagringsaktiver.\",\"breadcrumb\":{\"@id\":\"https:\\\/\\\/firstbasegroundscrews.com\\\/da\\\/jordmonterede-solpaneler\\\/bess-systemer\\\/#breadcrumb\"},\"inLanguage\":\"da-DK\",\"potentialAction\":[{\"@type\":\"ReadAction\",\"target\":[\"https:\\\/\\\/firstbasegroundscrews.com\\\/da\\\/jordmonterede-solpaneler\\\/bess-systemer\\\/\"]}]},{\"@type\":\"ImageObject\",\"inLanguage\":\"da-DK\",\"@id\":\"https:\\\/\\\/firstbasegroundscrews.com\\\/da\\\/jordmonterede-solpaneler\\\/bess-systemer\\\/#primaryimage\",\"url\":\"https:\\\/\\\/firstbasegroundscrews.com\\\/wp-content\\\/uploads\\\/2025\\\/09\\\/BESS-System-LR-scaled.jpg\",\"contentUrl\":\"https:\\\/\\\/firstbasegroundscrews.com\\\/wp-content\\\/uploads\\\/2025\\\/09\\\/BESS-System-LR-scaled.jpg\",\"width\":2560,\"height\":1440},{\"@type\":\"BreadcrumbList\",\"@id\":\"https:\\\/\\\/firstbasegroundscrews.com\\\/da\\\/jordmonterede-solpaneler\\\/bess-systemer\\\/#breadcrumb\",\"itemListElement\":[{\"@type\":\"ListItem\",\"position\":1,\"name\":\"Home\",\"item\":\"https:\\\/\\\/firstbasegroundscrews.com\\\/da\\\/\"},{\"@type\":\"ListItem\",\"position\":2,\"name\":\"Jordmonterede solpaneler\",\"item\":\"https:\\\/\\\/firstbasegroundscrews.com\\\/da\\\/jordmonterede-solpaneler\\\/\"},{\"@type\":\"ListItem\",\"position\":3,\"name\":\"BESS-systemer\"}]},{\"@type\":\"WebSite\",\"@id\":\"https:\\\/\\\/firstbasegroundscrews.com\\\/da\\\/#website\",\"url\":\"https:\\\/\\\/firstbasegroundscrews.com\\\/da\\\/\",\"name\":\"FIRST BASE Ground Screws\",\"description\":\"High quality ground screws for solid foundations\",\"potentialAction\":[{\"@type\":\"SearchAction\",\"target\":{\"@type\":\"EntryPoint\",\"urlTemplate\":\"https:\\\/\\\/firstbasegroundscrews.com\\\/da\\\/?s={search_term_string}\"},\"query-input\":{\"@type\":\"PropertyValueSpecification\",\"valueRequired\":true,\"valueName\":\"search_term_string\"}}],\"inLanguage\":\"da-DK\"}]}<\/script>\n<!-- \/ Yoast SEO plugin. -->","yoast_head_json":{"title":"BESS-systemer - FIRST BASE Ground Screws","description":"Batteri-energilagringssystemer (BESS) kr\u00e6ver fundamenter, der kombinerer h\u00f8j belastningsevne og hurtig installation. FIRST BASE Ground Screws leverer dokumenteret grundskrue-teknologi, der er skr\u00e6ddersyet til BESS-installationer. Det giver et solidt, vibrationsfrit fundament, der underst\u00f8tter den kritiske infrastruktur for dine energilagringsaktiver.","robots":{"index":"index","follow":"follow","max-snippet":"max-snippet:-1","max-image-preview":"max-image-preview:large","max-video-preview":"max-video-preview:-1"},"canonical":"https:\/\/firstbasegroundscrews.com\/da\/jordmonterede-solpaneler\/bess-systemer\/","og_locale":"da_DK","og_type":"article","og_title":"BESS-systemer - FIRST BASE Ground Screws","og_description":"Batteri-energilagringssystemer (BESS) kr\u00e6ver fundamenter, der kombinerer h\u00f8j belastningsevne og hurtig installation. FIRST BASE Ground Screws leverer dokumenteret grundskrue-teknologi, der er skr\u00e6ddersyet til BESS-installationer. Det giver et solidt, vibrationsfrit fundament, der underst\u00f8tter den kritiske infrastruktur for dine energilagringsaktiver.","og_url":"https:\/\/firstbasegroundscrews.com\/da\/jordmonterede-solpaneler\/bess-systemer\/","og_site_name":"FIRST BASE Ground Screws","article_modified_time":"2025-09-22T10:07:56+00:00","og_image":[{"width":2560,"height":1440,"url":"https:\/\/firstbasegroundscrews.com\/wp-content\/uploads\/2025\/09\/BESS-System-LR-scaled.jpg","type":"image\/jpeg"}],"twitter_card":"summary_large_image","twitter_misc":{"Estimeret l\u00e6setid":"1 minut"},"schema":{"@context":"https:\/\/schema.org","@graph":[{"@type":"WebPage","@id":"https:\/\/firstbasegroundscrews.com\/da\/jordmonterede-solpaneler\/bess-systemer\/","url":"https:\/\/firstbasegroundscrews.com\/da\/jordmonterede-solpaneler\/bess-systemer\/","name":"BESS-systemer - FIRST BASE Ground Screws","isPartOf":{"@id":"https:\/\/firstbasegroundscrews.com\/da\/#website"},"primaryImageOfPage":{"@id":"https:\/\/firstbasegroundscrews.com\/da\/jordmonterede-solpaneler\/bess-systemer\/#primaryimage"},"image":{"@id":"https:\/\/firstbasegroundscrews.com\/da\/jordmonterede-solpaneler\/bess-systemer\/#primaryimage"},"thumbnailUrl":"https:\/\/firstbasegroundscrews.com\/wp-content\/uploads\/2025\/09\/BESS-System-LR-scaled.jpg","datePublished":"2025-09-22T07:14:41+00:00","dateModified":"2025-09-22T10:07:56+00:00","description":"Batteri-energilagringssystemer (BESS) kr\u00e6ver fundamenter, der kombinerer h\u00f8j belastningsevne og hurtig installation. FIRST BASE Ground Screws leverer dokumenteret grundskrue-teknologi, der er skr\u00e6ddersyet til BESS-installationer. Det giver et solidt, vibrationsfrit fundament, der underst\u00f8tter den kritiske infrastruktur for dine energilagringsaktiver.","breadcrumb":{"@id":"https:\/\/firstbasegroundscrews.com\/da\/jordmonterede-solpaneler\/bess-systemer\/#breadcrumb"},"inLanguage":"da-DK","potentialAction":[{"@type":"ReadAction","target":["https:\/\/firstbasegroundscrews.com\/da\/jordmonterede-solpaneler\/bess-systemer\/"]}]},{"@type":"ImageObject","inLanguage":"da-DK","@id":"https:\/\/firstbasegroundscrews.com\/da\/jordmonterede-solpaneler\/bess-systemer\/#primaryimage","url":"https:\/\/firstbasegroundscrews.com\/wp-content\/uploads\/2025\/09\/BESS-System-LR-scaled.jpg","contentUrl":"https:\/\/firstbasegroundscrews.com\/wp-content\/uploads\/2025\/09\/BESS-System-LR-scaled.jpg","width":2560,"height":1440},{"@type":"BreadcrumbList","@id":"https:\/\/firstbasegroundscrews.com\/da\/jordmonterede-solpaneler\/bess-systemer\/#breadcrumb","itemListElement":[{"@type":"ListItem","position":1,"name":"Home","item":"https:\/\/firstbasegroundscrews.com\/da\/"},{"@type":"ListItem","position":2,"name":"Jordmonterede solpaneler","item":"https:\/\/firstbasegroundscrews.com\/da\/jordmonterede-solpaneler\/"},{"@type":"ListItem","position":3,"name":"BESS-systemer"}]},{"@type":"WebSite","@id":"https:\/\/firstbasegroundscrews.com\/da\/#website","url":"https:\/\/firstbasegroundscrews.com\/da\/","name":"FIRST BASE Ground Screws","description":"High quality ground screws for solid foundations","potentialAction":[{"@type":"SearchAction","target":{"@type":"EntryPoint","urlTemplate":"https:\/\/firstbasegroundscrews.com\/da\/?s={search_term_string}"},"query-input":{"@type":"PropertyValueSpecification","valueRequired":true,"valueName":"search_term_string"}}],"inLanguage":"da-DK"}]}},"_links":{"self":[{"href":"https:\/\/firstbasegroundscrews.com\/da\/wp-json\/wp\/v2\/pages\/13524","targetHints":{"allow":["GET"]}}],"collection":[{"href":"https:\/\/firstbasegroundscrews.com\/da\/wp-json\/wp\/v2\/pages"}],"about":[{"href":"https:\/\/firstbasegroundscrews.com\/da\/wp-json\/wp\/v2\/types\/page"}],"author":[{"embeddable":true,"href":"https:\/\/firstbasegroundscrews.com\/da\/wp-json\/wp\/v2\/users\/1"}],"replies":[{"embeddable":true,"href":"https:\/\/firstbasegroundscrews.com\/da\/wp-json\/wp\/v2\/comments?post=13524"}],"version-history":[{"count":4,"href":"https:\/\/firstbasegroundscrews.com\/da\/wp-json\/wp\/v2\/pages\/13524\/revisions"}],"predecessor-version":[{"id":13580,"href":"https:\/\/firstbasegroundscrews.com\/da\/wp-json\/wp\/v2\/pages\/13524\/revisions\/13580"}],"up":[{"embeddable":true,"href":"https:\/\/firstbasegroundscrews.com\/da\/wp-json\/wp\/v2\/pages\/8411"}],"wp:featuredmedia":[{"embeddable":true,"href":"https:\/\/firstbasegroundscrews.com\/da\/wp-json\/wp\/v2\/media\/13443"}],"wp:attachment":[{"href":"https:\/\/firstbasegroundscrews.com\/da\/wp-json\/wp\/v2\/media?parent=13524"}],"curies":[{"name":"wp","href":"https:\/\/api.w.org\/{rel}","templated":true}]}}