{"id":13530,"date":"2025-09-22T07:14:41","date_gmt":"2025-09-22T07:14:41","guid":{"rendered":"https:\/\/firstbasegroundscrews.com\/?page_id=13530"},"modified":"2026-03-24T10:05:35","modified_gmt":"2026-03-24T10:05:35","slug":"bess-systeme","status":"publish","type":"page","link":"https:\/\/firstbasegroundscrews.com\/at\/solar\/bess-systeme\/","title":{"rendered":"BESS-Systeme"},"content":{"rendered":"\n<h2 class=\"wp-block-heading\">Konstruktionsl\u00f6sungen mit Schraubfundamenten f\u00fcr zuverl\u00e4ssige Batteriespeichersysteme<\/h2>\n\n\n\n<p>FIRST BASE Ground Screws bietet bew\u00e4hrte Schraubfundament-Technologie, die speziell f\u00fcr BESS-Installationen entwickelt wurde. Sie sorgt f\u00fcr eine solide, vibrationsfreie Basis, die die kritische Infrastruktur deiner Energiespeicheranlagen zuverl\u00e4ssig unterst\u00fctzt.<\/p>\n\n\n\n<div style=\"height:8rem\" aria-hidden=\"true\" class=\"wp-block-spacer\"><\/div>\n\n\n<div class=\"fb-image-floating-text fb-image-floating-text--align-left\" style=\"background-color: #d4d4d4;\">\n  <img loading=\"lazy\" decoding=\"async\" width=\"700\" height=\"411\" src=\"https:\/\/firstbasegroundscrews.com\/wp-content\/uploads\/2025\/09\/FIRST25107-BESS-3-luik-A5-FINAL-700x411.jpeg\" class=\"fb-image-floating-text__image\" alt=\"\" srcset=\"https:\/\/firstbasegroundscrews.com\/wp-content\/uploads\/2025\/09\/FIRST25107-BESS-3-luik-A5-FINAL-700x411.jpeg 700w, https:\/\/firstbasegroundscrews.com\/wp-content\/uploads\/2025\/09\/FIRST25107-BESS-3-luik-A5-FINAL-250x147.jpeg 250w, https:\/\/firstbasegroundscrews.com\/wp-content\/uploads\/2025\/09\/FIRST25107-BESS-3-luik-A5-FINAL-768x450.jpeg 768w, https:\/\/firstbasegroundscrews.com\/wp-content\/uploads\/2025\/09\/FIRST25107-BESS-3-luik-A5-FINAL-1536x901.jpeg 1536w, https:\/\/firstbasegroundscrews.com\/wp-content\/uploads\/2025\/09\/FIRST25107-BESS-3-luik-A5-FINAL-400x235.jpeg 400w, https:\/\/firstbasegroundscrews.com\/wp-content\/uploads\/2025\/09\/FIRST25107-BESS-3-luik-A5-FINAL-120x70.jpeg 120w, https:\/\/firstbasegroundscrews.com\/wp-content\/uploads\/2025\/09\/FIRST25107-BESS-3-luik-A5-FINAL-341x200.jpeg 341w, https:\/\/firstbasegroundscrews.com\/wp-content\/uploads\/2025\/09\/FIRST25107-BESS-3-luik-A5-FINAL.jpeg 1734w\" sizes=\"auto, (max-width: 700px) 100vw, 700px\" \/>\n  <div class=\"fb-image-floating-text__content-wrapper\">\n    <div class=\"fb-image-floating-text__content-wrapper-inner\">\n      <div class=\"fb-image-floating-text__content\">\n        <h3 class=\"wp-block-heading\">Konstruiert f\u00fcr <strong>Dynamische und schwere Lasten<\/strong><\/h3>\n<p><!-- \/wp:heading --> <!-- wp:paragraph --><\/p>\n<p>Unsere Schraubfundamente sind darauf ausgelegt, das Gewicht und die betrieblichen Belastungen von BESS-Anlagen zu tragen \u2013 einschlie\u00dflich thermischer Ausdehnung und mechanischer Vibrationen.<\/p>\n\n      <\/div>\n    <\/div>\n  <\/div>\n<\/div>\n\n\n<div style=\"height:8rem\" aria-hidden=\"true\" class=\"wp-block-spacer\"><\/div>\n\n\n\n<h3 class=\"wp-block-heading\">Schnelle, saubere und umweltfreundliche Installation<\/h3>\n\n\n\n<p>Kein Beton erforderlich. Die Installation ist schnell, pr\u00e4zise und umweltfreundlich \u2013 ideal f\u00fcr Standorte mit eingeschr\u00e4nktem Zugang oder empfindlichen Bodenverh\u00e4ltnissen.<\/p>\n\n\n\n<div style=\"height:8rem\" aria-hidden=\"true\" class=\"wp-block-spacer\"><\/div>\n\n\n<div class=\"fb-image-floating-text fb-image-floating-text--align-right\" style=\"background-color: #d4d4d4;\">\n  <img loading=\"lazy\" decoding=\"async\" width=\"700\" height=\"440\" src=\"https:\/\/firstbasegroundscrews.com\/wp-content\/uploads\/2025\/09\/DP250-BEss-700x440.jpeg\" class=\"fb-image-floating-text__image\" alt=\"\" srcset=\"https:\/\/firstbasegroundscrews.com\/wp-content\/uploads\/2025\/09\/DP250-BEss-700x440.jpeg 700w, https:\/\/firstbasegroundscrews.com\/wp-content\/uploads\/2025\/09\/DP250-BEss-250x157.jpeg 250w, https:\/\/firstbasegroundscrews.com\/wp-content\/uploads\/2025\/09\/DP250-BEss-768x483.jpeg 768w, https:\/\/firstbasegroundscrews.com\/wp-content\/uploads\/2025\/09\/DP250-BEss-1536x965.jpeg 1536w, https:\/\/firstbasegroundscrews.com\/wp-content\/uploads\/2025\/09\/DP250-BEss-400x251.jpeg 400w, https:\/\/firstbasegroundscrews.com\/wp-content\/uploads\/2025\/09\/DP250-BEss-120x75.jpeg 120w, https:\/\/firstbasegroundscrews.com\/wp-content\/uploads\/2025\/09\/DP250-BEss-318x200.jpeg 318w, https:\/\/firstbasegroundscrews.com\/wp-content\/uploads\/2025\/09\/DP250-BEss-1719x1080.jpeg 1719w, https:\/\/firstbasegroundscrews.com\/wp-content\/uploads\/2025\/09\/DP250-BEss.jpeg 1884w\" sizes=\"auto, (max-width: 700px) 100vw, 700px\" \/>\n  <div class=\"fb-image-floating-text__content-wrapper\">\n    <div class=\"fb-image-floating-text__content-wrapper-inner\">\n      <div class=\"fb-image-floating-text__content\">\n        <h3 class=\"wp-block-heading\"><strong>Verifizierte Leistung<\/strong> vor Ort<\/h3>\n<p><!-- \/wp:heading --> <!-- wp:paragraph --><\/p>\n<p>Unsere <a href=\"https:\/\/firstbasegroundscrews.com\/machines\/pull-testkit-tp-60\/\">TP60<\/a> und <a href=\"https:\/\/firstbasegroundscrews.com\/machines\/dp250-pressure-test-installation\/\">DP250<\/a> Testkits erm\u00f6glichen sofortige Lasttests vor Ort, um die Tragf\u00e4higkeit des Fundaments zu \u00fcberpr\u00fcfen und die Einhaltung der Entwurfsspezifikationen sicherzustellen.<!-- wp:spacer {\"height\":\"8rem\"} --><\/p>\n<div class=\"wp-block-spacer\" aria-hidden=\"true\"><\/div>\n\n      <\/div>\n    <\/div>\n  <\/div>\n<\/div>\n\n\n<div style=\"height:8rem\" aria-hidden=\"true\" class=\"wp-block-spacer\"><\/div>\n\n\n\n<h3 class=\"wp-block-heading\">Anpassbar an anspruchsvolles Gel\u00e4nde<\/h3>\n\n\n\n<p>Einfach zu installieren auf geneigtem oder unebenem Boden ohne Aushub oder teure Erdarbeiten.<\/p>\n\n\n\n<h3 class=\"wp-block-heading\">Zertifizierte Qualit\u00e4t<\/h3>\n\n\n\n<p>Fertigung nach EN 1090-Standards, die eine gleichbleibende Produktqualit\u00e4t und strukturelle Integrit\u00e4t gew\u00e4hrleisten.<\/p>\n\n\n\n<div style=\"height:8rem\" aria-hidden=\"true\" class=\"wp-block-spacer\"><\/div>\n\n\n<div class=\"fb-image-floating-text fb-image-floating-text--align-left\" style=\"background-color: #d4d4d4;\">\n  <img loading=\"lazy\" decoding=\"async\" width=\"700\" height=\"724\" src=\"https:\/\/firstbasegroundscrews.com\/wp-content\/uploads\/2025\/09\/M800-Bess-700x724.jpeg\" class=\"fb-image-floating-text__image\" alt=\"\" srcset=\"https:\/\/firstbasegroundscrews.com\/wp-content\/uploads\/2025\/09\/M800-Bess-700x724.jpeg 700w, https:\/\/firstbasegroundscrews.com\/wp-content\/uploads\/2025\/09\/M800-Bess-250x259.jpeg 250w, https:\/\/firstbasegroundscrews.com\/wp-content\/uploads\/2025\/09\/M800-Bess-387x400.jpeg 387w, https:\/\/firstbasegroundscrews.com\/wp-content\/uploads\/2025\/09\/M800-Bess-120x124.jpeg 120w, https:\/\/firstbasegroundscrews.com\/wp-content\/uploads\/2025\/09\/M800-Bess-193x200.jpeg 193w, https:\/\/firstbasegroundscrews.com\/wp-content\/uploads\/2025\/09\/M800-Bess.jpeg 753w\" sizes=\"auto, (max-width: 700px) 100vw, 700px\" \/>\n  <div class=\"fb-image-floating-text__content-wrapper\">\n    <div class=\"fb-image-floating-text__content-wrapper-inner\">\n      <div class=\"fb-image-floating-text__content\">\n        <h3 class=\"wp-block-heading\"><!-- wp:heading {\"level\":3} --><\/h3>\n<h3 class=\"wp-block-heading\">Fertig f\u00fcr BESS<\/h3>\n<h3 class=\"wp-block-heading\"><!-- \/wp:heading --> <!-- wp:paragraph --><\/h3>\n<p>Mit 12.000 Nm Drehmoment installiert der <a href=\"https:\/\/firstbasegroundscrews.com\/machines\/hydraulic-machine-model-800\/\">M800<\/a> schwere Schraubfundamente schnell und pr\u00e4zise. Perfekt f\u00fcr die Fundamentlasten von BESS-Anlagen.<!-- wp:spacer {\"height\":\"8rem\"} --><\/p>\n<div class=\"wp-block-spacer\" aria-hidden=\"true\"><\/div>\n\n      <\/div>\n    <\/div>\n  <\/div>\n<\/div>\n\n\n<div style=\"height:8rem\" aria-hidden=\"true\" class=\"wp-block-spacer\"><\/div>\n\n\n\n<h3 class=\"wp-block-heading\">Sofortige Montage der BESS-Einheiten<\/h3>\n\n\n\n<p>Nachdem die Schraubfundamente installiert sind, k\u00f6nnen deine BESS-Container sofort montiert werden.<\/p>\n\n\n\n<div class=\"wp-block-group is-nowrap is-layout-flex wp-container-core-group-is-layout-ad2f72ca wp-block-group-is-layout-flex\"><\/div>\n\n\n\n<h3 class=\"wp-block-heading\"><\/h3>\n\n\n\n<h3 class=\"wp-block-heading\"><\/h3>\n","protected":false},"excerpt":{"rendered":"Battery Energy Storage Systems (BESS) erfordern Fundamente, die hohe Tragf\u00e4higkeit mit schneller Installation vereinen.","protected":false},"author":1,"featured_media":13442,"parent":11797,"menu_order":0,"comment_status":"closed","ping_status":"closed","template":"templates\/page_new-landing.php","meta":{"_acf_changed":false,"footnotes":""},"class_list":["post-13530","page","type-page","status-publish","has-post-thumbnail","hentry"],"acf":[],"yoast_head":"<!-- This site is optimized with the Yoast SEO plugin v27.3 - https:\/\/yoast.com\/product\/yoast-seo-wordpress\/ -->\n<title>BESS-Systeme - FIRST BASE Ground Screws<\/title>\n<meta name=\"description\" content=\"Battery Energy Storage Systems (BESS) erfordern Fundamente, die hohe Tragf\u00e4higkeit mit schneller Installation vereinen. FIRST BASE Ground Screws liefert bew\u00e4hrte Schraubfundament-Technologie, speziell entwickelt f\u00fcr BESS-Installationen. Sie bietet eine stabile, vibrationsfreie Basis, die die kritische Infrastruktur deiner Energiespeicheranlagen zuverl\u00e4ssig unterst\u00fctzt.\" \/>\n<meta name=\"robots\" content=\"index, follow, max-snippet:-1, max-image-preview:large, max-video-preview:-1\" \/>\n<link rel=\"canonical\" href=\"https:\/\/firstbasegroundscrews.com\/at\/solar\/bess-systeme\/\" \/>\n<meta property=\"og:locale\" content=\"de_DE\" \/>\n<meta property=\"og:type\" content=\"article\" \/>\n<meta property=\"og:title\" content=\"BESS-Systeme - FIRST BASE Ground Screws\" \/>\n<meta property=\"og:description\" content=\"Battery Energy Storage Systems (BESS) erfordern Fundamente, die hohe Tragf\u00e4higkeit mit schneller Installation vereinen. FIRST BASE Ground Screws liefert bew\u00e4hrte Schraubfundament-Technologie, speziell entwickelt f\u00fcr BESS-Installationen. Sie bietet eine stabile, vibrationsfreie Basis, die die kritische Infrastruktur deiner Energiespeicheranlagen zuverl\u00e4ssig unterst\u00fctzt.\" \/>\n<meta property=\"og:url\" content=\"https:\/\/firstbasegroundscrews.com\/at\/solar\/bess-systeme\/\" \/>\n<meta property=\"og:site_name\" content=\"FIRST BASE Ground Screws\" \/>\n<meta property=\"article:modified_time\" content=\"2026-03-24T10:05:35+00:00\" \/>\n<meta property=\"og:image\" content=\"https:\/\/firstbasegroundscrews.com\/wp-content\/uploads\/2025\/09\/BESS-System-LR-scaled.jpg\" \/>\n\t<meta property=\"og:image:width\" content=\"2560\" \/>\n\t<meta property=\"og:image:height\" content=\"1440\" \/>\n\t<meta property=\"og:image:type\" content=\"image\/jpeg\" \/>\n<meta name=\"twitter:card\" content=\"summary_large_image\" \/>\n<meta name=\"twitter:label1\" content=\"Gesch\u00e4tzte Lesezeit\" \/>\n\t<meta name=\"twitter:data1\" content=\"1 Minute\" \/>\n<script type=\"application\/ld+json\" class=\"yoast-schema-graph\">{\"@context\":\"https:\\\/\\\/schema.org\",\"@graph\":[{\"@type\":\"WebPage\",\"@id\":\"https:\\\/\\\/firstbasegroundscrews.com\\\/at\\\/solar\\\/bess-systeme\\\/\",\"url\":\"https:\\\/\\\/firstbasegroundscrews.com\\\/at\\\/solar\\\/bess-systeme\\\/\",\"name\":\"BESS-Systeme - FIRST BASE Ground Screws\",\"isPartOf\":{\"@id\":\"https:\\\/\\\/firstbasegroundscrews.com\\\/at\\\/#website\"},\"primaryImageOfPage\":{\"@id\":\"https:\\\/\\\/firstbasegroundscrews.com\\\/at\\\/solar\\\/bess-systeme\\\/#primaryimage\"},\"image\":{\"@id\":\"https:\\\/\\\/firstbasegroundscrews.com\\\/at\\\/solar\\\/bess-systeme\\\/#primaryimage\"},\"thumbnailUrl\":\"https:\\\/\\\/firstbasegroundscrews.com\\\/wp-content\\\/uploads\\\/2025\\\/09\\\/BESS-System-LR-scaled.jpg\",\"datePublished\":\"2025-09-22T07:14:41+00:00\",\"dateModified\":\"2026-03-24T10:05:35+00:00\",\"description\":\"Battery Energy Storage Systems (BESS) erfordern Fundamente, die hohe Tragf\u00e4higkeit mit schneller Installation vereinen. FIRST BASE Ground Screws liefert bew\u00e4hrte Schraubfundament-Technologie, speziell entwickelt f\u00fcr BESS-Installationen. Sie bietet eine stabile, vibrationsfreie Basis, die die kritische Infrastruktur deiner Energiespeicheranlagen zuverl\u00e4ssig unterst\u00fctzt.\",\"breadcrumb\":{\"@id\":\"https:\\\/\\\/firstbasegroundscrews.com\\\/at\\\/solar\\\/bess-systeme\\\/#breadcrumb\"},\"inLanguage\":\"de-AT\",\"potentialAction\":[{\"@type\":\"ReadAction\",\"target\":[\"https:\\\/\\\/firstbasegroundscrews.com\\\/at\\\/solar\\\/bess-systeme\\\/\"]}]},{\"@type\":\"ImageObject\",\"inLanguage\":\"de-AT\",\"@id\":\"https:\\\/\\\/firstbasegroundscrews.com\\\/at\\\/solar\\\/bess-systeme\\\/#primaryimage\",\"url\":\"https:\\\/\\\/firstbasegroundscrews.com\\\/wp-content\\\/uploads\\\/2025\\\/09\\\/BESS-System-LR-scaled.jpg\",\"contentUrl\":\"https:\\\/\\\/firstbasegroundscrews.com\\\/wp-content\\\/uploads\\\/2025\\\/09\\\/BESS-System-LR-scaled.jpg\",\"width\":2560,\"height\":1440},{\"@type\":\"BreadcrumbList\",\"@id\":\"https:\\\/\\\/firstbasegroundscrews.com\\\/at\\\/solar\\\/bess-systeme\\\/#breadcrumb\",\"itemListElement\":[{\"@type\":\"ListItem\",\"position\":1,\"name\":\"Home\",\"item\":\"https:\\\/\\\/firstbasegroundscrews.com\\\/at\\\/high-quality-ground-screws-for-solid-foundations\\\/\"},{\"@type\":\"ListItem\",\"position\":2,\"name\":\"SOLAR\",\"item\":\"https:\\\/\\\/firstbasegroundscrews.com\\\/at\\\/solar\\\/\"},{\"@type\":\"ListItem\",\"position\":3,\"name\":\"BESS-Systeme\"}]},{\"@type\":\"WebSite\",\"@id\":\"https:\\\/\\\/firstbasegroundscrews.com\\\/at\\\/#website\",\"url\":\"https:\\\/\\\/firstbasegroundscrews.com\\\/at\\\/\",\"name\":\"FIRST BASE Ground Screws\",\"description\":\"High quality ground screws for solid foundations\",\"potentialAction\":[{\"@type\":\"SearchAction\",\"target\":{\"@type\":\"EntryPoint\",\"urlTemplate\":\"https:\\\/\\\/firstbasegroundscrews.com\\\/at\\\/?s={search_term_string}\"},\"query-input\":{\"@type\":\"PropertyValueSpecification\",\"valueRequired\":true,\"valueName\":\"search_term_string\"}}],\"inLanguage\":\"de-AT\"}]}<\/script>\n<!-- \/ Yoast SEO plugin. -->","yoast_head_json":{"title":"BESS-Systeme - FIRST BASE Ground Screws","description":"Battery Energy Storage Systems (BESS) erfordern Fundamente, die hohe Tragf\u00e4higkeit mit schneller Installation vereinen. FIRST BASE Ground Screws liefert bew\u00e4hrte Schraubfundament-Technologie, speziell entwickelt f\u00fcr BESS-Installationen. Sie bietet eine stabile, vibrationsfreie Basis, die die kritische Infrastruktur deiner Energiespeicheranlagen zuverl\u00e4ssig unterst\u00fctzt.","robots":{"index":"index","follow":"follow","max-snippet":"max-snippet:-1","max-image-preview":"max-image-preview:large","max-video-preview":"max-video-preview:-1"},"canonical":"https:\/\/firstbasegroundscrews.com\/at\/solar\/bess-systeme\/","og_locale":"de_DE","og_type":"article","og_title":"BESS-Systeme - FIRST BASE Ground Screws","og_description":"Battery Energy Storage Systems (BESS) erfordern Fundamente, die hohe Tragf\u00e4higkeit mit schneller Installation vereinen. FIRST BASE Ground Screws liefert bew\u00e4hrte Schraubfundament-Technologie, speziell entwickelt f\u00fcr BESS-Installationen. Sie bietet eine stabile, vibrationsfreie Basis, die die kritische Infrastruktur deiner Energiespeicheranlagen zuverl\u00e4ssig unterst\u00fctzt.","og_url":"https:\/\/firstbasegroundscrews.com\/at\/solar\/bess-systeme\/","og_site_name":"FIRST BASE Ground Screws","article_modified_time":"2026-03-24T10:05:35+00:00","og_image":[{"width":2560,"height":1440,"url":"https:\/\/firstbasegroundscrews.com\/wp-content\/uploads\/2025\/09\/BESS-System-LR-scaled.jpg","type":"image\/jpeg"}],"twitter_card":"summary_large_image","twitter_misc":{"Gesch\u00e4tzte Lesezeit":"1 Minute"},"schema":{"@context":"https:\/\/schema.org","@graph":[{"@type":"WebPage","@id":"https:\/\/firstbasegroundscrews.com\/at\/solar\/bess-systeme\/","url":"https:\/\/firstbasegroundscrews.com\/at\/solar\/bess-systeme\/","name":"BESS-Systeme - FIRST BASE Ground Screws","isPartOf":{"@id":"https:\/\/firstbasegroundscrews.com\/at\/#website"},"primaryImageOfPage":{"@id":"https:\/\/firstbasegroundscrews.com\/at\/solar\/bess-systeme\/#primaryimage"},"image":{"@id":"https:\/\/firstbasegroundscrews.com\/at\/solar\/bess-systeme\/#primaryimage"},"thumbnailUrl":"https:\/\/firstbasegroundscrews.com\/wp-content\/uploads\/2025\/09\/BESS-System-LR-scaled.jpg","datePublished":"2025-09-22T07:14:41+00:00","dateModified":"2026-03-24T10:05:35+00:00","description":"Battery Energy Storage Systems (BESS) erfordern Fundamente, die hohe Tragf\u00e4higkeit mit schneller Installation vereinen. FIRST BASE Ground Screws liefert bew\u00e4hrte Schraubfundament-Technologie, speziell entwickelt f\u00fcr BESS-Installationen. Sie bietet eine stabile, vibrationsfreie Basis, die die kritische Infrastruktur deiner Energiespeicheranlagen zuverl\u00e4ssig unterst\u00fctzt.","breadcrumb":{"@id":"https:\/\/firstbasegroundscrews.com\/at\/solar\/bess-systeme\/#breadcrumb"},"inLanguage":"de-AT","potentialAction":[{"@type":"ReadAction","target":["https:\/\/firstbasegroundscrews.com\/at\/solar\/bess-systeme\/"]}]},{"@type":"ImageObject","inLanguage":"de-AT","@id":"https:\/\/firstbasegroundscrews.com\/at\/solar\/bess-systeme\/#primaryimage","url":"https:\/\/firstbasegroundscrews.com\/wp-content\/uploads\/2025\/09\/BESS-System-LR-scaled.jpg","contentUrl":"https:\/\/firstbasegroundscrews.com\/wp-content\/uploads\/2025\/09\/BESS-System-LR-scaled.jpg","width":2560,"height":1440},{"@type":"BreadcrumbList","@id":"https:\/\/firstbasegroundscrews.com\/at\/solar\/bess-systeme\/#breadcrumb","itemListElement":[{"@type":"ListItem","position":1,"name":"Home","item":"https:\/\/firstbasegroundscrews.com\/at\/high-quality-ground-screws-for-solid-foundations\/"},{"@type":"ListItem","position":2,"name":"SOLAR","item":"https:\/\/firstbasegroundscrews.com\/at\/solar\/"},{"@type":"ListItem","position":3,"name":"BESS-Systeme"}]},{"@type":"WebSite","@id":"https:\/\/firstbasegroundscrews.com\/at\/#website","url":"https:\/\/firstbasegroundscrews.com\/at\/","name":"FIRST BASE Ground Screws","description":"High quality ground screws for solid foundations","potentialAction":[{"@type":"SearchAction","target":{"@type":"EntryPoint","urlTemplate":"https:\/\/firstbasegroundscrews.com\/at\/?s={search_term_string}"},"query-input":{"@type":"PropertyValueSpecification","valueRequired":true,"valueName":"search_term_string"}}],"inLanguage":"de-AT"}]}},"_links":{"self":[{"href":"https:\/\/firstbasegroundscrews.com\/at\/wp-json\/wp\/v2\/pages\/13530","targetHints":{"allow":["GET"]}}],"collection":[{"href":"https:\/\/firstbasegroundscrews.com\/at\/wp-json\/wp\/v2\/pages"}],"about":[{"href":"https:\/\/firstbasegroundscrews.com\/at\/wp-json\/wp\/v2\/types\/page"}],"author":[{"embeddable":true,"href":"https:\/\/firstbasegroundscrews.com\/at\/wp-json\/wp\/v2\/users\/1"}],"replies":[{"embeddable":true,"href":"https:\/\/firstbasegroundscrews.com\/at\/wp-json\/wp\/v2\/comments?post=13530"}],"version-history":[{"count":6,"href":"https:\/\/firstbasegroundscrews.com\/at\/wp-json\/wp\/v2\/pages\/13530\/revisions"}],"predecessor-version":[{"id":16591,"href":"https:\/\/firstbasegroundscrews.com\/at\/wp-json\/wp\/v2\/pages\/13530\/revisions\/16591"}],"up":[{"embeddable":true,"href":"https:\/\/firstbasegroundscrews.com\/at\/wp-json\/wp\/v2\/pages\/11797"}],"wp:featuredmedia":[{"embeddable":true,"href":"https:\/\/firstbasegroundscrews.com\/at\/wp-json\/wp\/v2\/media\/13442"}],"wp:attachment":[{"href":"https:\/\/firstbasegroundscrews.com\/at\/wp-json\/wp\/v2\/media?parent=13530"}],"curies":[{"name":"wp","href":"https:\/\/api.w.org\/{rel}","templated":true}]}}