{"id":11798,"date":"2019-05-16T13:46:32","date_gmt":"2019-05-16T13:46:32","guid":{"rendered":"https:\/\/firstbasegroundscrews.com\/high-quality-ground-screws-for-solid-foundations\/"},"modified":"2026-04-20T13:30:03","modified_gmt":"2026-04-20T13:30:03","slug":"high-quality-ground-screws-for-solid-foundations","status":"publish","type":"page","link":"https:\/\/firstbasegroundscrews.com\/at\/","title":{"rendered":"HOCHWERTIGE SCHRAUBEN  <br>F\u00dcR SOLIDE FUNDAMENTE"},"content":{"rendered":"\n<h2 class=\"wp-block-heading\">Warum FIRST BASE Schraub\u00adfundamente?<\/h2>\n\n\n\n<p><br>FIRST BASE ist ein Gro\u00dfh\u00e4ndler f\u00fcr Erdschrauben und Zubeh\u00f6r in Kombination mit hauseigener geotechnischer Expertise. Wir unterst\u00fctzen Fachkr\u00e4fte mit zuverl\u00e4ssigen Fundamentl\u00f6sungen, ohne Beton.<\/p>\n\n\n\n<p>Ihre Vorteile:<\/p>\n\n\n\n<ul class=\"wp-block-list\">\n<li>Umfangreiches Produktsortiment<\/li>\n\n\n\n<li>Schnelle Lieferung ab Lager<\/li>\n\n\n\n<li>Zertifizierte Erdschrauben mit gleichbleibender Qualit\u00e4t<\/li>\n\n\n\n<li>Tragf\u00e4higkeitsberechnungen nach Eurocodes<\/li>\n\n\n\n<li>Ein Partner f\u00fcr Lieferung und technische Unterst\u00fctzung<\/li>\n<\/ul>\n\n\n\n<div class=\"wp-block-buttons is-layout-flex wp-block-buttons-is-layout-flex\">\n<div class=\"wp-block-button\"><a class=\"wp-block-button__link wp-element-button\" href=\"https:\/\/firstbasegroundscrews.com\/at\/contact\/\">Fordern Sie ein Angebot an<\/a><\/div>\n<\/div>\n","protected":false},"excerpt":{"rendered":"Warum FIRST BASE Schraub\u00adfundamente? FIRST BASE ist ein Gro\u00dfh\u00e4ndler f\u00fcr Erdschrauben und Zubeh\u00f6r in Kombination mit hauseigener geotechnischer Expertise. Wir unterst\u00fctzen Fachkr\u00e4fte mit zuverl\u00e4ssigen Fundamentl\u00f6sungen, ohne Beton. Ihre Vorteile:","protected":false},"author":1,"featured_media":11800,"parent":0,"menu_order":0,"comment_status":"closed","ping_status":"closed","template":"","meta":{"_acf_changed":false,"footnotes":""},"class_list":["post-11798","page","type-page","status-publish","has-post-thumbnail","hentry"],"acf":[],"yoast_head":"<!-- This site is optimized with the Yoast SEO plugin v27.3 - https:\/\/yoast.com\/product\/yoast-seo-wordpress\/ -->\n<title>HOCHWERTIGE SCHRAUBEN F\u00dcR SOLIDE FUNDAMENTE<\/title>\n<meta name=\"description\" content=\"FIRST BASE ist ein Gro\u00dfh\u00e4ndler f\u00fcr Erdschrauben und Zubeh\u00f6r in Kombination mit hauseigener geotechnischer Expertise.\" \/>\n<meta name=\"robots\" content=\"index, follow, max-snippet:-1, max-image-preview:large, max-video-preview:-1\" \/>\n<link rel=\"canonical\" href=\"https:\/\/firstbasegroundscrews.com\/at\/\" \/>\n<meta property=\"og:locale\" content=\"de_DE\" \/>\n<meta property=\"og:type\" content=\"article\" \/>\n<meta property=\"og:title\" content=\"HOCHWERTIGE SCHRAUBEN F\u00dcR SOLIDE FUNDAMENTE\" \/>\n<meta property=\"og:description\" content=\"FIRST BASE ist ein Gro\u00dfh\u00e4ndler f\u00fcr Erdschrauben und Zubeh\u00f6r in Kombination mit hauseigener geotechnischer Expertise.\" \/>\n<meta property=\"og:url\" content=\"https:\/\/firstbasegroundscrews.com\/at\/\" \/>\n<meta property=\"og:site_name\" content=\"FIRST BASE Ground Screws\" \/>\n<meta property=\"article:modified_time\" content=\"2026-04-20T13:30:03+00:00\" \/>\n<meta property=\"og:image\" content=\"https:\/\/firstbasegroundscrews.com\/wp-content\/uploads\/2020\/07\/FIRST-BASE-DO-IT-YOURSELF-scaled-e1594974702289.jpg\" \/>\n\t<meta property=\"og:image:width\" content=\"2105\" \/>\n\t<meta property=\"og:image:height\" content=\"1344\" \/>\n\t<meta property=\"og:image:type\" content=\"image\/jpeg\" \/>\n<meta name=\"twitter:card\" content=\"summary_large_image\" \/>\n<script type=\"application\/ld+json\" class=\"yoast-schema-graph\">{\"@context\":\"https:\\\/\\\/schema.org\",\"@graph\":[{\"@type\":\"WebPage\",\"@id\":\"https:\\\/\\\/firstbasegroundscrews.com\\\/at\\\/\",\"url\":\"https:\\\/\\\/firstbasegroundscrews.com\\\/at\\\/\",\"name\":\"HOCHWERTIGE SCHRAUBEN F\u00dcR SOLIDE FUNDAMENTE\",\"isPartOf\":{\"@id\":\"https:\\\/\\\/firstbasegroundscrews.com\\\/at\\\/#website\"},\"primaryImageOfPage\":{\"@id\":\"https:\\\/\\\/firstbasegroundscrews.com\\\/at\\\/#primaryimage\"},\"image\":{\"@id\":\"https:\\\/\\\/firstbasegroundscrews.com\\\/at\\\/#primaryimage\"},\"thumbnailUrl\":\"https:\\\/\\\/firstbasegroundscrews.com\\\/wp-content\\\/uploads\\\/2020\\\/07\\\/FIRST-BASE-DO-IT-YOURSELF-scaled-e1594974702289.jpg\",\"datePublished\":\"2019-05-16T13:46:32+00:00\",\"dateModified\":\"2026-04-20T13:30:03+00:00\",\"description\":\"FIRST BASE ist ein Gro\u00dfh\u00e4ndler f\u00fcr Erdschrauben und Zubeh\u00f6r in Kombination mit hauseigener geotechnischer Expertise.\",\"breadcrumb\":{\"@id\":\"https:\\\/\\\/firstbasegroundscrews.com\\\/at\\\/#breadcrumb\"},\"inLanguage\":\"de-AT\",\"potentialAction\":[{\"@type\":\"ReadAction\",\"target\":[\"https:\\\/\\\/firstbasegroundscrews.com\\\/at\\\/\"]}]},{\"@type\":\"ImageObject\",\"inLanguage\":\"de-AT\",\"@id\":\"https:\\\/\\\/firstbasegroundscrews.com\\\/at\\\/#primaryimage\",\"url\":\"https:\\\/\\\/firstbasegroundscrews.com\\\/wp-content\\\/uploads\\\/2020\\\/07\\\/FIRST-BASE-DO-IT-YOURSELF-scaled-e1594974702289.jpg\",\"contentUrl\":\"https:\\\/\\\/firstbasegroundscrews.com\\\/wp-content\\\/uploads\\\/2020\\\/07\\\/FIRST-BASE-DO-IT-YOURSELF-scaled-e1594974702289.jpg\",\"width\":2105,\"height\":1344,\"caption\":\"Schroeffundamenten voor allerlei toepassingen.\"},{\"@type\":\"BreadcrumbList\",\"@id\":\"https:\\\/\\\/firstbasegroundscrews.com\\\/at\\\/#breadcrumb\",\"itemListElement\":[{\"@type\":\"ListItem\",\"position\":1,\"name\":\"Home\",\"item\":\"https:\\\/\\\/firstbasegroundscrews.com\\\/at\\\/\"},{\"@type\":\"ListItem\",\"position\":2,\"name\":\"HOCHWERTIGE SCHRAUBEN F\u00dcR SOLIDE FUNDAMENTE\"}]},{\"@type\":\"WebSite\",\"@id\":\"https:\\\/\\\/firstbasegroundscrews.com\\\/at\\\/#website\",\"url\":\"https:\\\/\\\/firstbasegroundscrews.com\\\/at\\\/\",\"name\":\"FIRST BASE Ground Screws\",\"description\":\"High quality ground screws for solid foundations\",\"potentialAction\":[{\"@type\":\"SearchAction\",\"target\":{\"@type\":\"EntryPoint\",\"urlTemplate\":\"https:\\\/\\\/firstbasegroundscrews.com\\\/at\\\/?s={search_term_string}\"},\"query-input\":{\"@type\":\"PropertyValueSpecification\",\"valueRequired\":true,\"valueName\":\"search_term_string\"}}],\"inLanguage\":\"de-AT\"}]}<\/script>\n<!-- \/ Yoast SEO plugin. -->","yoast_head_json":{"title":"HOCHWERTIGE SCHRAUBEN F\u00dcR SOLIDE FUNDAMENTE","description":"FIRST BASE ist ein Gro\u00dfh\u00e4ndler f\u00fcr Erdschrauben und Zubeh\u00f6r in Kombination mit hauseigener geotechnischer Expertise.","robots":{"index":"index","follow":"follow","max-snippet":"max-snippet:-1","max-image-preview":"max-image-preview:large","max-video-preview":"max-video-preview:-1"},"canonical":"https:\/\/firstbasegroundscrews.com\/at\/","og_locale":"de_DE","og_type":"article","og_title":"HOCHWERTIGE SCHRAUBEN F\u00dcR SOLIDE FUNDAMENTE","og_description":"FIRST BASE ist ein Gro\u00dfh\u00e4ndler f\u00fcr Erdschrauben und Zubeh\u00f6r in Kombination mit hauseigener geotechnischer Expertise.","og_url":"https:\/\/firstbasegroundscrews.com\/at\/","og_site_name":"FIRST BASE Ground Screws","article_modified_time":"2026-04-20T13:30:03+00:00","og_image":[{"width":2105,"height":1344,"url":"https:\/\/firstbasegroundscrews.com\/wp-content\/uploads\/2020\/07\/FIRST-BASE-DO-IT-YOURSELF-scaled-e1594974702289.jpg","type":"image\/jpeg"}],"twitter_card":"summary_large_image","schema":{"@context":"https:\/\/schema.org","@graph":[{"@type":"WebPage","@id":"https:\/\/firstbasegroundscrews.com\/at\/","url":"https:\/\/firstbasegroundscrews.com\/at\/","name":"HOCHWERTIGE SCHRAUBEN F\u00dcR SOLIDE FUNDAMENTE","isPartOf":{"@id":"https:\/\/firstbasegroundscrews.com\/at\/#website"},"primaryImageOfPage":{"@id":"https:\/\/firstbasegroundscrews.com\/at\/#primaryimage"},"image":{"@id":"https:\/\/firstbasegroundscrews.com\/at\/#primaryimage"},"thumbnailUrl":"https:\/\/firstbasegroundscrews.com\/wp-content\/uploads\/2020\/07\/FIRST-BASE-DO-IT-YOURSELF-scaled-e1594974702289.jpg","datePublished":"2019-05-16T13:46:32+00:00","dateModified":"2026-04-20T13:30:03+00:00","description":"FIRST BASE ist ein Gro\u00dfh\u00e4ndler f\u00fcr Erdschrauben und Zubeh\u00f6r in Kombination mit hauseigener geotechnischer Expertise.","breadcrumb":{"@id":"https:\/\/firstbasegroundscrews.com\/at\/#breadcrumb"},"inLanguage":"de-AT","potentialAction":[{"@type":"ReadAction","target":["https:\/\/firstbasegroundscrews.com\/at\/"]}]},{"@type":"ImageObject","inLanguage":"de-AT","@id":"https:\/\/firstbasegroundscrews.com\/at\/#primaryimage","url":"https:\/\/firstbasegroundscrews.com\/wp-content\/uploads\/2020\/07\/FIRST-BASE-DO-IT-YOURSELF-scaled-e1594974702289.jpg","contentUrl":"https:\/\/firstbasegroundscrews.com\/wp-content\/uploads\/2020\/07\/FIRST-BASE-DO-IT-YOURSELF-scaled-e1594974702289.jpg","width":2105,"height":1344,"caption":"Schroeffundamenten voor allerlei toepassingen."},{"@type":"BreadcrumbList","@id":"https:\/\/firstbasegroundscrews.com\/at\/#breadcrumb","itemListElement":[{"@type":"ListItem","position":1,"name":"Home","item":"https:\/\/firstbasegroundscrews.com\/at\/"},{"@type":"ListItem","position":2,"name":"HOCHWERTIGE SCHRAUBEN F\u00dcR SOLIDE FUNDAMENTE"}]},{"@type":"WebSite","@id":"https:\/\/firstbasegroundscrews.com\/at\/#website","url":"https:\/\/firstbasegroundscrews.com\/at\/","name":"FIRST BASE Ground Screws","description":"High quality ground screws for solid foundations","potentialAction":[{"@type":"SearchAction","target":{"@type":"EntryPoint","urlTemplate":"https:\/\/firstbasegroundscrews.com\/at\/?s={search_term_string}"},"query-input":{"@type":"PropertyValueSpecification","valueRequired":true,"valueName":"search_term_string"}}],"inLanguage":"de-AT"}]}},"_links":{"self":[{"href":"https:\/\/firstbasegroundscrews.com\/at\/wp-json\/wp\/v2\/pages\/11798","targetHints":{"allow":["GET"]}}],"collection":[{"href":"https:\/\/firstbasegroundscrews.com\/at\/wp-json\/wp\/v2\/pages"}],"about":[{"href":"https:\/\/firstbasegroundscrews.com\/at\/wp-json\/wp\/v2\/types\/page"}],"author":[{"embeddable":true,"href":"https:\/\/firstbasegroundscrews.com\/at\/wp-json\/wp\/v2\/users\/1"}],"replies":[{"embeddable":true,"href":"https:\/\/firstbasegroundscrews.com\/at\/wp-json\/wp\/v2\/comments?post=11798"}],"version-history":[{"count":4,"href":"https:\/\/firstbasegroundscrews.com\/at\/wp-json\/wp\/v2\/pages\/11798\/revisions"}],"predecessor-version":[{"id":17490,"href":"https:\/\/firstbasegroundscrews.com\/at\/wp-json\/wp\/v2\/pages\/11798\/revisions\/17490"}],"wp:featuredmedia":[{"embeddable":true,"href":"https:\/\/firstbasegroundscrews.com\/at\/wp-json\/wp\/v2\/media\/11800"}],"wp:attachment":[{"href":"https:\/\/firstbasegroundscrews.com\/at\/wp-json\/wp\/v2\/media?parent=11798"}],"curies":[{"name":"wp","href":"https:\/\/api.w.org\/{rel}","templated":true}]}}