{"id":11795,"date":"2019-05-20T14:09:37","date_gmt":"2019-05-20T14:09:37","guid":{"rendered":"https:\/\/firstbasegroundscrews.com\/pro-serie\/"},"modified":"2019-05-20T14:09:37","modified_gmt":"2019-05-20T14:09:37","slug":"pro-serie","status":"publish","type":"page","link":"https:\/\/firstbasegroundscrews.com\/at\/pro-serie\/","title":{"rendered":"PRO-Serie"},"content":{"rendered":"\n<h2 class=\"wp-block-heading\"><strong>FIRST BASE PRO-Serie<\/strong><\/h2>\n\n\n\n<p>The FIRST BASE PRO-Serie wurde f\u00fcr h\u00f6here Laten entwickelt. Der Pro-Type wurde gem\u00e4\u00df den Normen EN-1090-2 und feuerverzinkt nach DIN EN ISO 1461 entwickelt und garantiert extreme Stabilit\u00e4t, sowie den zus\u00e4tzlichen Vorteil einer einfachen und schnellen Installation in jedem Bodentyp. Die perfekte L\u00f6sung f\u00fcr tempor\u00e4re und permanente Konstruktionen. <\/p>\n\n\n\n<h3 class=\"wp-block-heading\">Ihre Vorteile:<\/h3>\n\n\n\n<ul class=\"wp-block-list\">\n<li>Kein Beton erforderlich (also keine Trocknungszeit)<\/li>\n\n\n\n<li>Keine schweren Maschinen erforderlich<\/li>\n\n\n\n<li>Keine Wartung erforderlich (lange Lebensdauer)<\/li>\n\n\n\n<li>Schnelle Installation (auch im Winter)<\/li>\n<\/ul>\n\n\n\n<div class=\"wp-block-buttons is-layout-flex wp-block-buttons-is-layout-flex\">\n<div class=\"wp-block-button\"><a class=\"wp-block-button__link wp-element-button\" href=\"https:\/\/firstbasegroundscrews.com\/at\/produkte\/\">Produkte<\/a><\/div>\n\n\n\n<div class=\"wp-block-button\"><a class=\"wp-block-button__link wp-element-button\" href=\"https:\/\/firstbasegroundscrews.com\/at\/fundamentrechner\/\">Hier Berechnen<\/a><\/div>\n<\/div>\n\n\n\n    <div class=\"applications-slider\" data-count=\"4\">\n      <div class=\"applications-slider__controls\">\n        <!--<div class=\"applications-slider__control\"><\/div>\n        <div class=\"applications-slider__control\"><\/div>-->\n        <div class=\"applications-slider__indicators\"><button class=\"applications-slider__indicator\" data-index=\"0\"><\/button><button class=\"applications-slider__indicator\" data-index=\"1\"><\/button><button class=\"applications-slider__indicator\" data-index=\"2\"><\/button><button class=\"applications-slider__indicator\" data-index=\"3\"><\/button><\/div>\n        <a href=\"https:\/\/firstbasegroundscrews.com\/at\/wp-json\/wp\/v2\/pages\/11795projects\/\" class=\"fba-button\">\n          <span>Projekte<\/span>\n        <\/a>\n      <\/div>\n      <div class=\"applications-slider__content\">\n        \n    <a class=\"application--slider\" href=\"https:\/\/firstbasegroundscrews.com\/at\/projects\/duinrell-familienferienpark\/\" data-index=\"0\">\n      <img decoding=\"async\" class=\"application__image wp-post-image\" src=\"https:\/\/firstbasegroundscrews.com\/wp-content\/uploads\/2022\/11\/FIRSTBASE_DUINRELL-5-scaled.jpg\" alt=\"Duinrell Familienferienpark\">\n    <\/a>\n    \n    <a class=\"application--slider\" href=\"https:\/\/firstbasegroundscrews.com\/at\/projects\/ein-solides-fundament-fuer-ein-grosses-membrandach-mit-kamst-roofs\/\" data-index=\"1\">\n      <img loading=\"lazy\" decoding=\"async\" width=\"1440\" height=\"1080\" src=\"https:\/\/firstbasegroundscrews.com\/wp-content\/uploads\/2025\/09\/Zeildoek-overkapping-scaled-1-1440x1080.jpeg\" class=\"application__image wp-post-image\" alt=\"\" srcset=\"https:\/\/firstbasegroundscrews.com\/wp-content\/uploads\/2025\/09\/Zeildoek-overkapping-scaled-1-1440x1080.jpeg 1440w, https:\/\/firstbasegroundscrews.com\/wp-content\/uploads\/2025\/09\/Zeildoek-overkapping-scaled-1-250x188.jpeg 250w, https:\/\/firstbasegroundscrews.com\/wp-content\/uploads\/2025\/09\/Zeildoek-overkapping-scaled-1-700x525.jpeg 700w, https:\/\/firstbasegroundscrews.com\/wp-content\/uploads\/2025\/09\/Zeildoek-overkapping-scaled-1-768x576.jpeg 768w, https:\/\/firstbasegroundscrews.com\/wp-content\/uploads\/2025\/09\/Zeildoek-overkapping-scaled-1-1536x1152.jpeg 1536w, https:\/\/firstbasegroundscrews.com\/wp-content\/uploads\/2025\/09\/Zeildoek-overkapping-scaled-1-2048x1536.jpeg 2048w, https:\/\/firstbasegroundscrews.com\/wp-content\/uploads\/2025\/09\/Zeildoek-overkapping-scaled-1-400x300.jpeg 400w, https:\/\/firstbasegroundscrews.com\/wp-content\/uploads\/2025\/09\/Zeildoek-overkapping-scaled-1-120x90.jpeg 120w, https:\/\/firstbasegroundscrews.com\/wp-content\/uploads\/2025\/09\/Zeildoek-overkapping-scaled-1-267x200.jpeg 267w\" sizes=\"auto, (max-width: 1440px) 100vw, 1440px\" \/>\n    <\/a>\n    \n    <a class=\"application--slider\" href=\"https:\/\/firstbasegroundscrews.com\/at\/projects\/verandaservice-ein-jahrzehnt-verlasslicher-fundamente-mit-first-base-schraubfundamenten\/\" data-index=\"2\">\n      <img loading=\"lazy\" decoding=\"async\" width=\"1600\" height=\"900\" src=\"https:\/\/firstbasegroundscrews.com\/wp-content\/uploads\/2025\/05\/Verandaservice-Wil.jpeg\" class=\"application__image wp-post-image\" alt=\"\" srcset=\"https:\/\/firstbasegroundscrews.com\/wp-content\/uploads\/2025\/05\/Verandaservice-Wil.jpeg 1600w, https:\/\/firstbasegroundscrews.com\/wp-content\/uploads\/2025\/05\/Verandaservice-Wil-250x141.jpeg 250w, https:\/\/firstbasegroundscrews.com\/wp-content\/uploads\/2025\/05\/Verandaservice-Wil-700x394.jpeg 700w, https:\/\/firstbasegroundscrews.com\/wp-content\/uploads\/2025\/05\/Verandaservice-Wil-768x432.jpeg 768w, https:\/\/firstbasegroundscrews.com\/wp-content\/uploads\/2025\/05\/Verandaservice-Wil-1536x864.jpeg 1536w, https:\/\/firstbasegroundscrews.com\/wp-content\/uploads\/2025\/05\/Verandaservice-Wil-400x225.jpeg 400w, https:\/\/firstbasegroundscrews.com\/wp-content\/uploads\/2025\/05\/Verandaservice-Wil-120x68.jpeg 120w, https:\/\/firstbasegroundscrews.com\/wp-content\/uploads\/2025\/05\/Verandaservice-Wil-356x200.jpeg 356w\" sizes=\"auto, (max-width: 1600px) 100vw, 1600px\" \/>\n    <\/a>\n    \n    <a class=\"application--slider\" href=\"https:\/\/firstbasegroundscrews.com\/at\/projects\/isle-of-wight\/\" data-index=\"3\">\n      <img decoding=\"async\" class=\"application__image wp-post-image\" src=\"https:\/\/firstbasegroundscrews.com\/wp-content\/uploads\/2022\/10\/C2_8889-e1664807192963.jpg\" alt=\"Holiday Park Isle of Wight\">\n    <\/a>\n    \n      <\/div>\n    <\/div>\n    \n\n\n\n<p><\/p>\n","protected":false},"excerpt":{"rendered":"Produziert nach EN-1090-2-Normen. FIRST BASE Schraubpf\u00e4hle garantieren ein solides Fundament. Neben der Lieferung von Schraubfundamenten k\u00f6nnen wir auch Stahl-Bodenaufstellungen f\u00fcr Ihre Solaranlagen entwerfen, produzieren und installieren. Zudem k\u00f6nnen wir Installations- und Testger\u00e4te zur Bestimmung der Tragf\u00e4higkeit des Schraubfundaments bereitstellen.","protected":false},"author":1,"featured_media":11758,"parent":0,"menu_order":0,"comment_status":"closed","ping_status":"closed","template":"","meta":{"_acf_changed":false,"footnotes":""},"class_list":["post-11795","page","type-page","status-publish","has-post-thumbnail","hentry"],"acf":[],"yoast_head":"<!-- This site is optimized with the Yoast SEO plugin v27.3 - https:\/\/yoast.com\/product\/yoast-seo-wordpress\/ -->\n<title>PRO-Serie - FIRST BASE Ground Screws<\/title>\n<meta name=\"robots\" content=\"index, follow, max-snippet:-1, max-image-preview:large, max-video-preview:-1\" \/>\n<link rel=\"canonical\" href=\"https:\/\/firstbasegroundscrews.com\/at\/pro-serie\/\" \/>\n<meta property=\"og:locale\" content=\"de_DE\" \/>\n<meta property=\"og:type\" content=\"article\" \/>\n<meta property=\"og:title\" content=\"PRO-Serie - FIRST BASE Ground Screws\" \/>\n<meta property=\"og:description\" content=\"Produziert nach EN-1090-2-Normen. FIRST BASE Schraubpf\u00e4hle garantieren ein solides Fundament. Neben der Lieferung von Schraubfundamenten k\u00f6nnen wir auch Stahl-Bodenaufstellungen f\u00fcr Ihre Solaranlagen entwerfen, produzieren und installieren. Zudem k\u00f6nnen wir Installations- und Testger\u00e4te zur Bestimmung der Tragf\u00e4higkeit des Schraubfundaments bereitstellen.\" \/>\n<meta property=\"og:url\" content=\"https:\/\/firstbasegroundscrews.com\/at\/pro-serie\/\" \/>\n<meta property=\"og:site_name\" content=\"FIRST BASE Ground Screws\" \/>\n<meta name=\"twitter:card\" content=\"summary_large_image\" \/>\n<script type=\"application\/ld+json\" class=\"yoast-schema-graph\">{\"@context\":\"https:\\\/\\\/schema.org\",\"@graph\":[{\"@type\":\"WebPage\",\"@id\":\"https:\\\/\\\/firstbasegroundscrews.com\\\/at\\\/pro-serie\\\/\",\"url\":\"https:\\\/\\\/firstbasegroundscrews.com\\\/at\\\/pro-serie\\\/\",\"name\":\"PRO-Serie - FIRST BASE Ground Screws\",\"isPartOf\":{\"@id\":\"https:\\\/\\\/firstbasegroundscrews.com\\\/at\\\/#website\"},\"primaryImageOfPage\":{\"@id\":\"https:\\\/\\\/firstbasegroundscrews.com\\\/at\\\/pro-serie\\\/#primaryimage\"},\"image\":{\"@id\":\"https:\\\/\\\/firstbasegroundscrews.com\\\/at\\\/pro-serie\\\/#primaryimage\"},\"thumbnailUrl\":\"https:\\\/\\\/firstbasegroundscrews.com\\\/wp-content\\\/uploads\\\/2019\\\/08\\\/header-pro.jpg\",\"datePublished\":\"2019-05-20T14:09:37+00:00\",\"breadcrumb\":{\"@id\":\"https:\\\/\\\/firstbasegroundscrews.com\\\/at\\\/pro-serie\\\/#breadcrumb\"},\"inLanguage\":\"de-AT\",\"potentialAction\":[{\"@type\":\"ReadAction\",\"target\":[\"https:\\\/\\\/firstbasegroundscrews.com\\\/at\\\/pro-serie\\\/\"]}]},{\"@type\":\"ImageObject\",\"inLanguage\":\"de-AT\",\"@id\":\"https:\\\/\\\/firstbasegroundscrews.com\\\/at\\\/pro-serie\\\/#primaryimage\",\"url\":\"https:\\\/\\\/firstbasegroundscrews.com\\\/wp-content\\\/uploads\\\/2019\\\/08\\\/header-pro.jpg\",\"contentUrl\":\"https:\\\/\\\/firstbasegroundscrews.com\\\/wp-content\\\/uploads\\\/2019\\\/08\\\/header-pro.jpg\",\"width\":2259,\"height\":800},{\"@type\":\"BreadcrumbList\",\"@id\":\"https:\\\/\\\/firstbasegroundscrews.com\\\/at\\\/pro-serie\\\/#breadcrumb\",\"itemListElement\":[{\"@type\":\"ListItem\",\"position\":1,\"name\":\"Home\",\"item\":\"https:\\\/\\\/firstbasegroundscrews.com\\\/at\\\/high-quality-ground-screws-for-solid-foundations\\\/\"},{\"@type\":\"ListItem\",\"position\":2,\"name\":\"PRO-Serie\"}]},{\"@type\":\"WebSite\",\"@id\":\"https:\\\/\\\/firstbasegroundscrews.com\\\/at\\\/#website\",\"url\":\"https:\\\/\\\/firstbasegroundscrews.com\\\/at\\\/\",\"name\":\"FIRST BASE Ground Screws\",\"description\":\"High quality ground screws for solid foundations\",\"potentialAction\":[{\"@type\":\"SearchAction\",\"target\":{\"@type\":\"EntryPoint\",\"urlTemplate\":\"https:\\\/\\\/firstbasegroundscrews.com\\\/at\\\/?s={search_term_string}\"},\"query-input\":{\"@type\":\"PropertyValueSpecification\",\"valueRequired\":true,\"valueName\":\"search_term_string\"}}],\"inLanguage\":\"de-AT\"}]}<\/script>\n<!-- \/ Yoast SEO plugin. -->","yoast_head_json":{"title":"PRO-Serie - FIRST BASE Ground Screws","robots":{"index":"index","follow":"follow","max-snippet":"max-snippet:-1","max-image-preview":"max-image-preview:large","max-video-preview":"max-video-preview:-1"},"canonical":"https:\/\/firstbasegroundscrews.com\/at\/pro-serie\/","og_locale":"de_DE","og_type":"article","og_title":"PRO-Serie - FIRST BASE Ground Screws","og_description":"Produziert nach EN-1090-2-Normen. FIRST BASE Schraubpf\u00e4hle garantieren ein solides Fundament. Neben der Lieferung von Schraubfundamenten k\u00f6nnen wir auch Stahl-Bodenaufstellungen f\u00fcr Ihre Solaranlagen entwerfen, produzieren und installieren. Zudem k\u00f6nnen wir Installations- und Testger\u00e4te zur Bestimmung der Tragf\u00e4higkeit des Schraubfundaments bereitstellen.","og_url":"https:\/\/firstbasegroundscrews.com\/at\/pro-serie\/","og_site_name":"FIRST BASE Ground Screws","twitter_card":"summary_large_image","schema":{"@context":"https:\/\/schema.org","@graph":[{"@type":"WebPage","@id":"https:\/\/firstbasegroundscrews.com\/at\/pro-serie\/","url":"https:\/\/firstbasegroundscrews.com\/at\/pro-serie\/","name":"PRO-Serie - FIRST BASE Ground Screws","isPartOf":{"@id":"https:\/\/firstbasegroundscrews.com\/at\/#website"},"primaryImageOfPage":{"@id":"https:\/\/firstbasegroundscrews.com\/at\/pro-serie\/#primaryimage"},"image":{"@id":"https:\/\/firstbasegroundscrews.com\/at\/pro-serie\/#primaryimage"},"thumbnailUrl":"https:\/\/firstbasegroundscrews.com\/wp-content\/uploads\/2019\/08\/header-pro.jpg","datePublished":"2019-05-20T14:09:37+00:00","breadcrumb":{"@id":"https:\/\/firstbasegroundscrews.com\/at\/pro-serie\/#breadcrumb"},"inLanguage":"de-AT","potentialAction":[{"@type":"ReadAction","target":["https:\/\/firstbasegroundscrews.com\/at\/pro-serie\/"]}]},{"@type":"ImageObject","inLanguage":"de-AT","@id":"https:\/\/firstbasegroundscrews.com\/at\/pro-serie\/#primaryimage","url":"https:\/\/firstbasegroundscrews.com\/wp-content\/uploads\/2019\/08\/header-pro.jpg","contentUrl":"https:\/\/firstbasegroundscrews.com\/wp-content\/uploads\/2019\/08\/header-pro.jpg","width":2259,"height":800},{"@type":"BreadcrumbList","@id":"https:\/\/firstbasegroundscrews.com\/at\/pro-serie\/#breadcrumb","itemListElement":[{"@type":"ListItem","position":1,"name":"Home","item":"https:\/\/firstbasegroundscrews.com\/at\/high-quality-ground-screws-for-solid-foundations\/"},{"@type":"ListItem","position":2,"name":"PRO-Serie"}]},{"@type":"WebSite","@id":"https:\/\/firstbasegroundscrews.com\/at\/#website","url":"https:\/\/firstbasegroundscrews.com\/at\/","name":"FIRST BASE Ground Screws","description":"High quality ground screws for solid foundations","potentialAction":[{"@type":"SearchAction","target":{"@type":"EntryPoint","urlTemplate":"https:\/\/firstbasegroundscrews.com\/at\/?s={search_term_string}"},"query-input":{"@type":"PropertyValueSpecification","valueRequired":true,"valueName":"search_term_string"}}],"inLanguage":"de-AT"}]}},"_links":{"self":[{"href":"https:\/\/firstbasegroundscrews.com\/at\/wp-json\/wp\/v2\/pages\/11795","targetHints":{"allow":["GET"]}}],"collection":[{"href":"https:\/\/firstbasegroundscrews.com\/at\/wp-json\/wp\/v2\/pages"}],"about":[{"href":"https:\/\/firstbasegroundscrews.com\/at\/wp-json\/wp\/v2\/types\/page"}],"author":[{"embeddable":true,"href":"https:\/\/firstbasegroundscrews.com\/at\/wp-json\/wp\/v2\/users\/1"}],"replies":[{"embeddable":true,"href":"https:\/\/firstbasegroundscrews.com\/at\/wp-json\/wp\/v2\/comments?post=11795"}],"version-history":[{"count":0,"href":"https:\/\/firstbasegroundscrews.com\/at\/wp-json\/wp\/v2\/pages\/11795\/revisions"}],"wp:featuredmedia":[{"embeddable":true,"href":"https:\/\/firstbasegroundscrews.com\/at\/wp-json\/wp\/v2\/media\/11758"}],"wp:attachment":[{"href":"https:\/\/firstbasegroundscrews.com\/at\/wp-json\/wp\/v2\/media?parent=11795"}],"curies":[{"name":"wp","href":"https:\/\/api.w.org\/{rel}","templated":true}]}}