{"id":11793,"date":"2019-05-20T14:09:45","date_gmt":"2019-05-20T14:09:45","guid":{"rendered":"https:\/\/firstbasegroundscrews.com\/heimwerker\/"},"modified":"2019-05-20T14:09:45","modified_gmt":"2019-05-20T14:09:45","slug":"heimwerker","status":"publish","type":"page","link":"https:\/\/firstbasegroundscrews.com\/at\/heimwerker\/","title":{"rendered":"HEIM\/HOBBY"},"content":{"rendered":"\n<h2 class=\"wp-block-heading\"> HEIM\/HOBBY <\/h2>\n\n\n\n<p>FIRST BASE Heim\/Hobby Schraubfundamente k\u00f6nnen f\u00fcr alle Ihre Anwendungen Rund um das Haus verwendet werden. Von einem Zaun, kleinen Pergolen, Spielger\u00e4t oder sogar einem terassen. Sie fundamenten lassen sich einfach mit der Hand (keine schwere Maschinen erforderlich) in jede Bodenart zu installieren und wieder r\u00fcckgebaut werden kann.<\/p>\n\n\n\n<h3 class=\"wp-block-heading\">Ihre Vorteile:<\/h3>\n\n\n\n<ul class=\"wp-block-list\">\n<li>Einfache Installation mit manuellem Installationswerkzeug<\/li>\n\n\n\n<li>Keine graben, kein Beton erforderlich<\/li>\n\n\n\n<li>F\u00fcr jede Bodenart geeignet<\/li>\n<\/ul>\n\n\n\n<h3 class=\"wp-block-heading\"> Erh\u00e4ltlichkeit<\/h3>\n\n\n\n<div class=\"wp-block-button fba-button\"><a class=\"wp-block-button__link wp-element-button\" href=\"https:\/\/firstbasegroundscrews.com\/at\/produkte-diy\/\">KOLLEKTION ANSEHEN<\/a><\/div>\n\n\n\n<h2 class=\"wp-block-heading\">Wie funktioniert das?&nbsp;<\/h2>\n\n\n\n  <div class=\"application-grid__yt-player\" style=\"position:relative;\">\n    <span class=\"ytPlayerTrigger\" data-ytid=\"smEN3nC4q_Q\"><\/span>\n    <img decoding=\"async\" src=\"https:\/\/firstbasegroundscrews.com\/wp-content\/uploads\/2023\/02\/FIRST-BASE-DIY-Animatie-Voorvertoning.png\" class=\"application-grid__image\">\n  <\/div>","protected":false},"excerpt":{"rendered":"FIRST BASE Do-it-yourself Schraubpf\u00e4hle k\u00f6nnen f\u00fcr alle Anwendungen rund ums Haus verwendet werden. Vom Zaun oder kleinen Tor bis hin zu einem Spielger\u00e4t oder sogar einem Gartenhaus. Schraubpf\u00e4hle k\u00f6nnen einfach manuell installiert werden (keine schweren Maschinen erforderlich) in jedem Bodentyp und unter allen Wetterbedingungen, mit Wiederverwendbarkeit als zus\u00e4tzlichem Vorteil.","protected":false},"author":1,"featured_media":11671,"parent":0,"menu_order":0,"comment_status":"closed","ping_status":"closed","template":"templates\/page_diy.php","meta":{"_acf_changed":false,"footnotes":""},"class_list":["post-11793","page","type-page","status-publish","has-post-thumbnail","hentry"],"acf":[],"yoast_head":"<!-- This site is optimized with the Yoast SEO plugin v27.3 - https:\/\/yoast.com\/product\/yoast-seo-wordpress\/ -->\n<title>HEIM\/HOBBY - FIRST BASE Ground Screws<\/title>\n<meta name=\"robots\" content=\"index, follow, max-snippet:-1, max-image-preview:large, max-video-preview:-1\" \/>\n<link rel=\"canonical\" href=\"https:\/\/firstbasegroundscrews.com\/at\/heimwerker\/\" \/>\n<meta property=\"og:locale\" content=\"de_DE\" \/>\n<meta property=\"og:type\" content=\"article\" \/>\n<meta property=\"og:title\" content=\"HEIM\/HOBBY - FIRST BASE Ground Screws\" \/>\n<meta property=\"og:description\" content=\"FIRST BASE Do-it-yourself Schraubpf\u00e4hle k\u00f6nnen f\u00fcr alle Anwendungen rund ums Haus verwendet werden. Vom Zaun oder kleinen Tor bis hin zu einem Spielger\u00e4t oder sogar einem Gartenhaus. Schraubpf\u00e4hle k\u00f6nnen einfach manuell installiert werden (keine schweren Maschinen erforderlich) in jedem Bodentyp und unter allen Wetterbedingungen, mit Wiederverwendbarkeit als zus\u00e4tzlichem Vorteil.\" \/>\n<meta property=\"og:url\" content=\"https:\/\/firstbasegroundscrews.com\/at\/heimwerker\/\" \/>\n<meta property=\"og:site_name\" content=\"FIRST BASE Ground Screws\" \/>\n<meta name=\"twitter:card\" content=\"summary_large_image\" \/>\n<script type=\"application\/ld+json\" class=\"yoast-schema-graph\">{\"@context\":\"https:\\\/\\\/schema.org\",\"@graph\":[{\"@type\":\"WebPage\",\"@id\":\"https:\\\/\\\/firstbasegroundscrews.com\\\/at\\\/heimwerker\\\/\",\"url\":\"https:\\\/\\\/firstbasegroundscrews.com\\\/at\\\/heimwerker\\\/\",\"name\":\"HEIM\\\/HOBBY - FIRST BASE Ground Screws\",\"isPartOf\":{\"@id\":\"https:\\\/\\\/firstbasegroundscrews.com\\\/at\\\/#website\"},\"primaryImageOfPage\":{\"@id\":\"https:\\\/\\\/firstbasegroundscrews.com\\\/at\\\/heimwerker\\\/#primaryimage\"},\"image\":{\"@id\":\"https:\\\/\\\/firstbasegroundscrews.com\\\/at\\\/heimwerker\\\/#primaryimage\"},\"thumbnailUrl\":\"https:\\\/\\\/firstbasegroundscrews.com\\\/wp-content\\\/uploads\\\/2019\\\/08\\\/header-budget-e1733238685293.jpg\",\"datePublished\":\"2019-05-20T14:09:45+00:00\",\"breadcrumb\":{\"@id\":\"https:\\\/\\\/firstbasegroundscrews.com\\\/at\\\/heimwerker\\\/#breadcrumb\"},\"inLanguage\":\"de-AT\",\"potentialAction\":[{\"@type\":\"ReadAction\",\"target\":[\"https:\\\/\\\/firstbasegroundscrews.com\\\/at\\\/heimwerker\\\/\"]}]},{\"@type\":\"ImageObject\",\"inLanguage\":\"de-AT\",\"@id\":\"https:\\\/\\\/firstbasegroundscrews.com\\\/at\\\/heimwerker\\\/#primaryimage\",\"url\":\"https:\\\/\\\/firstbasegroundscrews.com\\\/wp-content\\\/uploads\\\/2019\\\/08\\\/header-budget-e1733238685293.jpg\",\"contentUrl\":\"https:\\\/\\\/firstbasegroundscrews.com\\\/wp-content\\\/uploads\\\/2019\\\/08\\\/header-budget-e1733238685293.jpg\",\"width\":2259,\"height\":800},{\"@type\":\"BreadcrumbList\",\"@id\":\"https:\\\/\\\/firstbasegroundscrews.com\\\/at\\\/heimwerker\\\/#breadcrumb\",\"itemListElement\":[{\"@type\":\"ListItem\",\"position\":1,\"name\":\"Home\",\"item\":\"https:\\\/\\\/firstbasegroundscrews.com\\\/at\\\/high-quality-ground-screws-for-solid-foundations\\\/\"},{\"@type\":\"ListItem\",\"position\":2,\"name\":\"HEIM\\\/HOBBY\"}]},{\"@type\":\"WebSite\",\"@id\":\"https:\\\/\\\/firstbasegroundscrews.com\\\/at\\\/#website\",\"url\":\"https:\\\/\\\/firstbasegroundscrews.com\\\/at\\\/\",\"name\":\"FIRST BASE Ground Screws\",\"description\":\"High quality ground screws for solid foundations\",\"potentialAction\":[{\"@type\":\"SearchAction\",\"target\":{\"@type\":\"EntryPoint\",\"urlTemplate\":\"https:\\\/\\\/firstbasegroundscrews.com\\\/at\\\/?s={search_term_string}\"},\"query-input\":{\"@type\":\"PropertyValueSpecification\",\"valueRequired\":true,\"valueName\":\"search_term_string\"}}],\"inLanguage\":\"de-AT\"}]}<\/script>\n<!-- \/ Yoast SEO plugin. -->","yoast_head_json":{"title":"HEIM\/HOBBY - FIRST BASE Ground Screws","robots":{"index":"index","follow":"follow","max-snippet":"max-snippet:-1","max-image-preview":"max-image-preview:large","max-video-preview":"max-video-preview:-1"},"canonical":"https:\/\/firstbasegroundscrews.com\/at\/heimwerker\/","og_locale":"de_DE","og_type":"article","og_title":"HEIM\/HOBBY - FIRST BASE Ground Screws","og_description":"FIRST BASE Do-it-yourself Schraubpf\u00e4hle k\u00f6nnen f\u00fcr alle Anwendungen rund ums Haus verwendet werden. Vom Zaun oder kleinen Tor bis hin zu einem Spielger\u00e4t oder sogar einem Gartenhaus. Schraubpf\u00e4hle k\u00f6nnen einfach manuell installiert werden (keine schweren Maschinen erforderlich) in jedem Bodentyp und unter allen Wetterbedingungen, mit Wiederverwendbarkeit als zus\u00e4tzlichem Vorteil.","og_url":"https:\/\/firstbasegroundscrews.com\/at\/heimwerker\/","og_site_name":"FIRST BASE Ground Screws","twitter_card":"summary_large_image","schema":{"@context":"https:\/\/schema.org","@graph":[{"@type":"WebPage","@id":"https:\/\/firstbasegroundscrews.com\/at\/heimwerker\/","url":"https:\/\/firstbasegroundscrews.com\/at\/heimwerker\/","name":"HEIM\/HOBBY - FIRST BASE Ground Screws","isPartOf":{"@id":"https:\/\/firstbasegroundscrews.com\/at\/#website"},"primaryImageOfPage":{"@id":"https:\/\/firstbasegroundscrews.com\/at\/heimwerker\/#primaryimage"},"image":{"@id":"https:\/\/firstbasegroundscrews.com\/at\/heimwerker\/#primaryimage"},"thumbnailUrl":"https:\/\/firstbasegroundscrews.com\/wp-content\/uploads\/2019\/08\/header-budget-e1733238685293.jpg","datePublished":"2019-05-20T14:09:45+00:00","breadcrumb":{"@id":"https:\/\/firstbasegroundscrews.com\/at\/heimwerker\/#breadcrumb"},"inLanguage":"de-AT","potentialAction":[{"@type":"ReadAction","target":["https:\/\/firstbasegroundscrews.com\/at\/heimwerker\/"]}]},{"@type":"ImageObject","inLanguage":"de-AT","@id":"https:\/\/firstbasegroundscrews.com\/at\/heimwerker\/#primaryimage","url":"https:\/\/firstbasegroundscrews.com\/wp-content\/uploads\/2019\/08\/header-budget-e1733238685293.jpg","contentUrl":"https:\/\/firstbasegroundscrews.com\/wp-content\/uploads\/2019\/08\/header-budget-e1733238685293.jpg","width":2259,"height":800},{"@type":"BreadcrumbList","@id":"https:\/\/firstbasegroundscrews.com\/at\/heimwerker\/#breadcrumb","itemListElement":[{"@type":"ListItem","position":1,"name":"Home","item":"https:\/\/firstbasegroundscrews.com\/at\/high-quality-ground-screws-for-solid-foundations\/"},{"@type":"ListItem","position":2,"name":"HEIM\/HOBBY"}]},{"@type":"WebSite","@id":"https:\/\/firstbasegroundscrews.com\/at\/#website","url":"https:\/\/firstbasegroundscrews.com\/at\/","name":"FIRST BASE Ground Screws","description":"High quality ground screws for solid foundations","potentialAction":[{"@type":"SearchAction","target":{"@type":"EntryPoint","urlTemplate":"https:\/\/firstbasegroundscrews.com\/at\/?s={search_term_string}"},"query-input":{"@type":"PropertyValueSpecification","valueRequired":true,"valueName":"search_term_string"}}],"inLanguage":"de-AT"}]}},"_links":{"self":[{"href":"https:\/\/firstbasegroundscrews.com\/at\/wp-json\/wp\/v2\/pages\/11793","targetHints":{"allow":["GET"]}}],"collection":[{"href":"https:\/\/firstbasegroundscrews.com\/at\/wp-json\/wp\/v2\/pages"}],"about":[{"href":"https:\/\/firstbasegroundscrews.com\/at\/wp-json\/wp\/v2\/types\/page"}],"author":[{"embeddable":true,"href":"https:\/\/firstbasegroundscrews.com\/at\/wp-json\/wp\/v2\/users\/1"}],"replies":[{"embeddable":true,"href":"https:\/\/firstbasegroundscrews.com\/at\/wp-json\/wp\/v2\/comments?post=11793"}],"version-history":[{"count":0,"href":"https:\/\/firstbasegroundscrews.com\/at\/wp-json\/wp\/v2\/pages\/11793\/revisions"}],"wp:featuredmedia":[{"embeddable":true,"href":"https:\/\/firstbasegroundscrews.com\/at\/wp-json\/wp\/v2\/media\/11671"}],"wp:attachment":[{"href":"https:\/\/firstbasegroundscrews.com\/at\/wp-json\/wp\/v2\/media?parent=11793"}],"curies":[{"name":"wp","href":"https:\/\/api.w.org\/{rel}","templated":true}]}}