{"id":11792,"date":"2019-05-20T14:09:51","date_gmt":"2019-05-20T14:09:51","guid":{"rendered":"https:\/\/firstbasegroundscrews.com\/uber-first-base\/"},"modified":"2019-05-20T14:09:51","modified_gmt":"2019-05-20T14:09:51","slug":"uber-first-base","status":"publish","type":"page","link":"https:\/\/firstbasegroundscrews.com\/at\/uber-first-base\/","title":{"rendered":"\u00dcber FIRST BASE"},"content":{"rendered":"\n<p>FIRST BASE bietet qualitativ hochwertige Schraubfundamente an. Von der Entwicklung \u00fcber die Produktion bis hin zur Installation der Schrauben. FIRST BASE hat die einzigartige F\u00e4higkeit, die Tragf\u00e4higkeit von Schraubfundamenten basierend auf Bodenberichten und Bodenuntersuchungen zu berechnen. Wir k\u00f6nnen dir ein sicheres und garantiert solides Fundament anbieten.<\/p>\n\n\n\n<h3 class=\"wp-block-heading\"><strong>Nachhaltige, zirkul\u00e4re Fundamente<\/strong><\/h3>\n\n\n\n<p>FIRST BASE Schraubfundamente hat seinen Sitz in Uden, Niederlande, und europ\u00e4ische Standorte f\u00fcr spezifische M\u00e4rkte. Wir sind ein Team von leidenschaftlichen Spezialisten, die sich der Revolutionierung der Fundamente widmen. Mit einem Fokus auf Pr\u00e4zisionsengineering und Nachhaltigkeit haben wir das Konzept der Stabilit\u00e4t im Bauwesen neu definiert. Schlie\u00dfe dich uns an, um Fundamente neu zu denken, und lass uns eine Welt schaffen, in der Stabilit\u00e4t auf Nachhaltigkeit trifft. FIRST BASE Ground Screws, Building Tomorrow, Today.<\/p>\n\n\n\n  <div class=\"application-grid__yt-player\" style=\"position:relative;\">\n    <span class=\"ytPlayerTrigger\" data-ytid=\"gfPHZxzyiWc?si\"><\/span>\n    <img decoding=\"async\" src=\"https:\/\/firstbasegroundscrews.com\/wp-content\/uploads\/2025\/03\/Schermafbeelding-2025-03-11-164122.png\" class=\"application-grid__image\">\n  <\/div>\n\n\n<h3 class=\"wp-block-heading\"><strong>Die Vorteile von FIRST BASE Schraubfundamenten<\/strong><\/h3>\n\n\n\n<ul class=\"wp-block-list\">\n<li>Bis zu 150 kN pro Fundament belastbar<\/li>\n\n\n\n<li>Keine graben erfordelich<\/li>\n\n\n\n<li>Einfache Anwendung (sogar im Winter)<\/li>\n\n\n\n<li>Installation in nur wenigen Minuten<\/li>\n\n\n\n<li>Wartungsfrei und nachhaltiger<\/li>\n\n\n\n<li>Kein Beton erforderlich (keine Trockenzeit)<\/li>\n\n\n\n<li>Keine schweren Maschinen erforderlich<\/li>\n\n\n\n<li>Tr\u00e4gt unmittelbar nach der Installation die gesamte Last Ihres Bauwerks<\/li>\n\n\n\n<li>F\u00fcr tempor\u00e4re und permanente Bauwerke<\/li>\n\n\n\n<li>Lange Lebensdauer<\/li>\n\n\n\n<li>Wiederverwendbar, ohne Umweltsch\u00e4den<\/li>\n\n\n\n<li>Gem\u00e4\u00df EN-1090-2 Standards produziert<\/li>\n\n\n\n<li>Gem\u00e4\u00df DIN EN ISO 1461 feuerverzinkt<\/li>\n<\/ul>\n\n\n\n<h3 class=\"wp-block-heading\"><strong>Wie funktioniert es?<\/strong><\/h3>\n\n\n\n<p>FIRST BASE Schraubfundamente k\u00f6nnen einfach mit einem manuellen Installationstool, einer elektrischen, pneumatischen oder hydraulischen Maschine installiert werden. Durch die konische Form der Schrauben wird der Boden darum herum komprimiert, wodurch die Tragf\u00e4higkeit erh\u00f6ht wird. Egal, ob du auf Ton, Torf, Lehm oder Sand bauen m\u00f6chtest, FIRST BASE garantiert ein solides Fundament.\u2028<\/p>\n\n\n\n<p>M\u00f6chtest du mehr erfahren? <a href=\"https:\/\/firstbasegroundscrews.com\/at\/contact\/\">Kontaktiere<\/a> uns.<\/p>\n","protected":false},"excerpt":{"rendered":"FIRST BASE bietet qualitativ hochwertige Schraubfundamente an. Von der Entwicklung \u00fcber die Produktion bis hin zur Installation der Schrauben. FIRST BASE hat die einzigartige F\u00e4higkeit, die Tragf\u00e4higkeit von Schraubfundamenten basierend auf Bodenberichten und Bodenuntersuchungen zu berechnen. Wir k\u00f6nnen dir ein sicheres und garantiert solides Fundament anbieten. Nachhaltige, zirkul\u00e4re Fundamente FIRST BASE Schraubfundamente hat seinen Sitz [&hellip;]","protected":false},"author":1,"featured_media":11728,"parent":0,"menu_order":0,"comment_status":"closed","ping_status":"closed","template":"templates\/page_about.php","meta":{"_acf_changed":false,"footnotes":""},"class_list":["post-11792","page","type-page","status-publish","has-post-thumbnail","hentry"],"acf":[],"yoast_head":"<!-- This site is optimized with the Yoast SEO plugin v27.3 - https:\/\/yoast.com\/product\/yoast-seo-wordpress\/ -->\n<title>\u00dcber FIRST BASE - FIRST BASE Ground Screws<\/title>\n<meta name=\"robots\" content=\"index, follow, max-snippet:-1, max-image-preview:large, max-video-preview:-1\" \/>\n<link rel=\"canonical\" href=\"https:\/\/firstbasegroundscrews.com\/at\/uber-first-base\/\" \/>\n<meta property=\"og:locale\" content=\"de_DE\" \/>\n<meta property=\"og:type\" content=\"article\" \/>\n<meta property=\"og:title\" content=\"\u00dcber FIRST BASE - FIRST BASE Ground Screws\" \/>\n<meta property=\"og:description\" content=\"FIRST BASE bietet qualitativ hochwertige Schraubfundamente an. Von der Entwicklung \u00fcber die Produktion bis hin zur Installation der Schrauben. FIRST BASE hat die einzigartige F\u00e4higkeit, die Tragf\u00e4higkeit von Schraubfundamenten basierend auf Bodenberichten und Bodenuntersuchungen zu berechnen. Wir k\u00f6nnen dir ein sicheres und garantiert solides Fundament anbieten. Nachhaltige, zirkul\u00e4re Fundamente FIRST BASE Schraubfundamente hat seinen Sitz [&hellip;]\" \/>\n<meta property=\"og:url\" content=\"https:\/\/firstbasegroundscrews.com\/at\/uber-first-base\/\" \/>\n<meta property=\"og:site_name\" content=\"FIRST BASE Ground Screws\" \/>\n<meta name=\"twitter:card\" content=\"summary_large_image\" \/>\n<meta name=\"twitter:label1\" content=\"Gesch\u00e4tzte Lesezeit\" \/>\n\t<meta name=\"twitter:data1\" content=\"1 Minute\" \/>\n<script type=\"application\/ld+json\" class=\"yoast-schema-graph\">{\"@context\":\"https:\\\/\\\/schema.org\",\"@graph\":[{\"@type\":\"WebPage\",\"@id\":\"https:\\\/\\\/firstbasegroundscrews.com\\\/at\\\/uber-first-base\\\/\",\"url\":\"https:\\\/\\\/firstbasegroundscrews.com\\\/at\\\/uber-first-base\\\/\",\"name\":\"\u00dcber FIRST BASE - FIRST BASE Ground Screws\",\"isPartOf\":{\"@id\":\"https:\\\/\\\/firstbasegroundscrews.com\\\/at\\\/#website\"},\"primaryImageOfPage\":{\"@id\":\"https:\\\/\\\/firstbasegroundscrews.com\\\/at\\\/uber-first-base\\\/#primaryimage\"},\"image\":{\"@id\":\"https:\\\/\\\/firstbasegroundscrews.com\\\/at\\\/uber-first-base\\\/#primaryimage\"},\"thumbnailUrl\":\"https:\\\/\\\/firstbasegroundscrews.com\\\/wp-content\\\/uploads\\\/2022\\\/09\\\/MODEL-800-DSC07890.jpg\",\"datePublished\":\"2019-05-20T14:09:51+00:00\",\"breadcrumb\":{\"@id\":\"https:\\\/\\\/firstbasegroundscrews.com\\\/at\\\/uber-first-base\\\/#breadcrumb\"},\"inLanguage\":\"de-AT\",\"potentialAction\":[{\"@type\":\"ReadAction\",\"target\":[\"https:\\\/\\\/firstbasegroundscrews.com\\\/at\\\/uber-first-base\\\/\"]}]},{\"@type\":\"ImageObject\",\"inLanguage\":\"de-AT\",\"@id\":\"https:\\\/\\\/firstbasegroundscrews.com\\\/at\\\/uber-first-base\\\/#primaryimage\",\"url\":\"https:\\\/\\\/firstbasegroundscrews.com\\\/wp-content\\\/uploads\\\/2022\\\/09\\\/MODEL-800-DSC07890.jpg\",\"contentUrl\":\"https:\\\/\\\/firstbasegroundscrews.com\\\/wp-content\\\/uploads\\\/2022\\\/09\\\/MODEL-800-DSC07890.jpg\",\"width\":1920,\"height\":1280},{\"@type\":\"BreadcrumbList\",\"@id\":\"https:\\\/\\\/firstbasegroundscrews.com\\\/at\\\/uber-first-base\\\/#breadcrumb\",\"itemListElement\":[{\"@type\":\"ListItem\",\"position\":1,\"name\":\"Home\",\"item\":\"https:\\\/\\\/firstbasegroundscrews.com\\\/at\\\/\"},{\"@type\":\"ListItem\",\"position\":2,\"name\":\"\u00dcber FIRST BASE\"}]},{\"@type\":\"WebSite\",\"@id\":\"https:\\\/\\\/firstbasegroundscrews.com\\\/at\\\/#website\",\"url\":\"https:\\\/\\\/firstbasegroundscrews.com\\\/at\\\/\",\"name\":\"FIRST BASE Ground Screws\",\"description\":\"High quality ground screws for solid foundations\",\"potentialAction\":[{\"@type\":\"SearchAction\",\"target\":{\"@type\":\"EntryPoint\",\"urlTemplate\":\"https:\\\/\\\/firstbasegroundscrews.com\\\/at\\\/?s={search_term_string}\"},\"query-input\":{\"@type\":\"PropertyValueSpecification\",\"valueRequired\":true,\"valueName\":\"search_term_string\"}}],\"inLanguage\":\"de-AT\"}]}<\/script>\n<!-- \/ Yoast SEO plugin. -->","yoast_head_json":{"title":"\u00dcber FIRST BASE - FIRST BASE Ground Screws","robots":{"index":"index","follow":"follow","max-snippet":"max-snippet:-1","max-image-preview":"max-image-preview:large","max-video-preview":"max-video-preview:-1"},"canonical":"https:\/\/firstbasegroundscrews.com\/at\/uber-first-base\/","og_locale":"de_DE","og_type":"article","og_title":"\u00dcber FIRST BASE - FIRST BASE Ground Screws","og_description":"FIRST BASE bietet qualitativ hochwertige Schraubfundamente an. Von der Entwicklung \u00fcber die Produktion bis hin zur Installation der Schrauben. FIRST BASE hat die einzigartige F\u00e4higkeit, die Tragf\u00e4higkeit von Schraubfundamenten basierend auf Bodenberichten und Bodenuntersuchungen zu berechnen. Wir k\u00f6nnen dir ein sicheres und garantiert solides Fundament anbieten. Nachhaltige, zirkul\u00e4re Fundamente FIRST BASE Schraubfundamente hat seinen Sitz [&hellip;]","og_url":"https:\/\/firstbasegroundscrews.com\/at\/uber-first-base\/","og_site_name":"FIRST BASE Ground Screws","twitter_card":"summary_large_image","twitter_misc":{"Gesch\u00e4tzte Lesezeit":"1 Minute"},"schema":{"@context":"https:\/\/schema.org","@graph":[{"@type":"WebPage","@id":"https:\/\/firstbasegroundscrews.com\/at\/uber-first-base\/","url":"https:\/\/firstbasegroundscrews.com\/at\/uber-first-base\/","name":"\u00dcber FIRST BASE - FIRST BASE Ground Screws","isPartOf":{"@id":"https:\/\/firstbasegroundscrews.com\/at\/#website"},"primaryImageOfPage":{"@id":"https:\/\/firstbasegroundscrews.com\/at\/uber-first-base\/#primaryimage"},"image":{"@id":"https:\/\/firstbasegroundscrews.com\/at\/uber-first-base\/#primaryimage"},"thumbnailUrl":"https:\/\/firstbasegroundscrews.com\/wp-content\/uploads\/2022\/09\/MODEL-800-DSC07890.jpg","datePublished":"2019-05-20T14:09:51+00:00","breadcrumb":{"@id":"https:\/\/firstbasegroundscrews.com\/at\/uber-first-base\/#breadcrumb"},"inLanguage":"de-AT","potentialAction":[{"@type":"ReadAction","target":["https:\/\/firstbasegroundscrews.com\/at\/uber-first-base\/"]}]},{"@type":"ImageObject","inLanguage":"de-AT","@id":"https:\/\/firstbasegroundscrews.com\/at\/uber-first-base\/#primaryimage","url":"https:\/\/firstbasegroundscrews.com\/wp-content\/uploads\/2022\/09\/MODEL-800-DSC07890.jpg","contentUrl":"https:\/\/firstbasegroundscrews.com\/wp-content\/uploads\/2022\/09\/MODEL-800-DSC07890.jpg","width":1920,"height":1280},{"@type":"BreadcrumbList","@id":"https:\/\/firstbasegroundscrews.com\/at\/uber-first-base\/#breadcrumb","itemListElement":[{"@type":"ListItem","position":1,"name":"Home","item":"https:\/\/firstbasegroundscrews.com\/at\/"},{"@type":"ListItem","position":2,"name":"\u00dcber FIRST BASE"}]},{"@type":"WebSite","@id":"https:\/\/firstbasegroundscrews.com\/at\/#website","url":"https:\/\/firstbasegroundscrews.com\/at\/","name":"FIRST BASE Ground Screws","description":"High quality ground screws for solid foundations","potentialAction":[{"@type":"SearchAction","target":{"@type":"EntryPoint","urlTemplate":"https:\/\/firstbasegroundscrews.com\/at\/?s={search_term_string}"},"query-input":{"@type":"PropertyValueSpecification","valueRequired":true,"valueName":"search_term_string"}}],"inLanguage":"de-AT"}]}},"_links":{"self":[{"href":"https:\/\/firstbasegroundscrews.com\/at\/wp-json\/wp\/v2\/pages\/11792","targetHints":{"allow":["GET"]}}],"collection":[{"href":"https:\/\/firstbasegroundscrews.com\/at\/wp-json\/wp\/v2\/pages"}],"about":[{"href":"https:\/\/firstbasegroundscrews.com\/at\/wp-json\/wp\/v2\/types\/page"}],"author":[{"embeddable":true,"href":"https:\/\/firstbasegroundscrews.com\/at\/wp-json\/wp\/v2\/users\/1"}],"replies":[{"embeddable":true,"href":"https:\/\/firstbasegroundscrews.com\/at\/wp-json\/wp\/v2\/comments?post=11792"}],"version-history":[{"count":0,"href":"https:\/\/firstbasegroundscrews.com\/at\/wp-json\/wp\/v2\/pages\/11792\/revisions"}],"wp:featuredmedia":[{"embeddable":true,"href":"https:\/\/firstbasegroundscrews.com\/at\/wp-json\/wp\/v2\/media\/11728"}],"wp:attachment":[{"href":"https:\/\/firstbasegroundscrews.com\/at\/wp-json\/wp\/v2\/media?parent=11792"}],"curies":[{"name":"wp","href":"https:\/\/api.w.org\/{rel}","templated":true}]}}